{"id":1413,"date":"2025-12-17T23:50:12","date_gmt":"2025-12-17T16:50:12","guid":{"rendered":"https:\/\/daphongthuysoluna.vn\/?page_id=1413"},"modified":"2025-12-18T03:13:41","modified_gmt":"2025-12-17T20:13:41","slug":"chinh-sach-van-chuyen-giao-nhan-soluna","status":"publish","type":"page","link":"https:\/\/daphongthuysoluna.vn\/en\/chinh-sach-van-chuyen-giao-nhan-soluna\/","title":{"rendered":"CH\u00cdNH S\u00c1CH V\u1eacN CHUY\u1ec2N V\u00c0 GIAO NH\u1eacN H\u00c0NG H\u00d3A T\u1ea0I SOLUNA"},"content":{"rendered":"<div id=\"ez-toc-container\" class=\"ez-toc-v2_0_76 counter-hierarchy ez-toc-counter ez-toc-grey ez-toc-container-direction\">\n<div class=\"ez-toc-title-container\">\n<p class=\"ez-toc-title\" style=\"cursor:inherit\">N\u1ed9i Dung B\u00e0i Vi\u1ebft <\/p>\n<span class=\"ez-toc-title-toggle\"><\/span><\/div>\n<nav><ul class='ez-toc-list ez-toc-list-level-1' ><li class='ez-toc-page-1 ez-toc-heading-level-1'><a class=\"ez-toc-link ez-toc-heading-1\" href=\"https:\/\/daphongthuysoluna.vn\/en\/chinh-sach-van-chuyen-giao-nhan-soluna\/#CHINH_SACH_VAN_CHUYEN_VA_GIAO_NHAN_HANG_HOA_TAI_SOLUNA\" >CH\u00cdNH S\u00c1CH V\u1eacN CHUY\u1ec2N V\u00c0 GIAO NH\u1eacN H\u00c0NG H\u00d3A T\u1ea0I SOLUNA<\/a><ul class='ez-toc-list-level-2' ><li class='ez-toc-heading-level-2'><a class=\"ez-toc-link ez-toc-heading-2\" href=\"https:\/\/daphongthuysoluna.vn\/en\/chinh-sach-van-chuyen-giao-nhan-soluna\/#1_Pham_vi_va_hinh_thuc_van_chuyen\" >1. Ph\u1ea1m vi v\u00e0 h\u00ecnh th\u1ee9c v\u1eadn chuy\u1ec3n<\/a><\/li><li class='ez-toc-page-1 ez-toc-heading-level-2'><a class=\"ez-toc-link ez-toc-heading-3\" href=\"https:\/\/daphongthuysoluna.vn\/en\/chinh-sach-van-chuyen-giao-nhan-soluna\/#2_Chinh_sach_phi_van_chuyen\" >2. Ch\u00ednh s\u00e1ch ph\u00ed v\u1eadn chuy\u1ec3n\u00a0<\/a><\/li><\/ul><\/li><\/ul><\/nav><\/div>\n<h1 data-rm-block-id=\"block-2\"><span class=\"ez-toc-section\" id=\"CHINH_SACH_VAN_CHUYEN_VA_GIAO_NHAN_HANG_HOA_TAI_SOLUNA\"><\/span>CH\u00cdNH S\u00c1CH V\u1eacN CHUY\u1ec2N V\u00c0 GIAO NH\u1eacN H\u00c0NG H\u00d3A T\u1ea0I SOLUNA<span class=\"ez-toc-section-end\"><\/span><\/h1>\n<h2><span class=\"ez-toc-section\" id=\"1_Pham_vi_va_hinh_thuc_van_chuyen\"><\/span><span style=\"font-weight: 400;\">1. Ph\u1ea1m vi v\u00e0 h\u00ecnh th\u1ee9c v\u1eadn chuy\u1ec3n<\/span><span class=\"ez-toc-section-end\"><\/span><\/h2>\n<p data-rm-block-id=\"block-4\"><span style=\"font-weight: 400;\">SOLUNA th\u1ef1c hi\u1ec7n giao h\u00e0ng tr\u00ean to\u00e0n l\u00e3nh th\u1ed5 Vi\u1ec7t Nam.<\/span><\/p>\n<p data-rm-block-id=\"block-5\"><span style=\"font-weight: 400;\">H\u00ecnh th\u1ee9c v\u1eadn chuy\u1ec3n ch\u00ednh: D\u1ecbch v\u1ee5 giao h\u00e0ng thu h\u1ed9 ho\u1eb7c chuy\u1ec3n ph\u00e1t nhanh ti\u00eau chu\u1ea9n (\u0111\u1ed1i v\u1edbi \u0111\u01a1n h\u00e0ng thanh to\u00e1n tr\u01b0\u1edbc).<\/span><\/p>\n<h2><span class=\"ez-toc-section\" id=\"2_Chinh_sach_phi_van_chuyen\"><\/span><span style=\"font-weight: 400;\">2. Ch\u00ednh s\u00e1ch ph\u00ed v\u1eadn chuy\u1ec3n\u00a0<\/span><span class=\"ez-toc-section-end\"><\/span><\/h2>\n<p data-rm-block-id=\"block-7\"><span style=\"font-weight: 400;\">Ph\u00ed v\u1eadn chuy\u1ec3n t\u1ea1i SOLUNA \u0111\u01b0\u1ee3c t\u00ednh to\u00e1n d\u1ef1a tr\u00ean gi\u00e1 tr\u1ecb \u0111\u01a1n h\u00e0ng v\u00e0 \u0111\u1eb7c t\u00ednh (k\u00edch th\u01b0\u1edbc, c\u00e2n n\u1eb7ng) c\u1ee7a s\u1ea3n ph\u1ea9m, nh\u1eb1m \u0111\u1ea3m b\u1ea3o v\u1eadt ph\u1ea9m \u0111\u01b0\u1ee3c \u0111\u00f3ng g\u00f3i an to\u00e0n v\u00e0 v\u1eadn chuy\u1ec3n nhanh ch\u00f3ng nh\u1ea5t.<\/span><\/p>\n<h3 data-rm-block-id=\"block-8\"><span style=\"font-weight: 400;\">2.1. Mi\u1ec5n ph\u00ed v\u1eadn chuy\u1ec3n (Freeship)<\/span><\/h3>\n<p data-rm-block-id=\"block-9\"><span style=\"font-weight: 400;\">SOLUNA \u00e1p d\u1ee5ng mi\u1ec5n ph\u00ed v\u1eadn chuy\u1ec3n (0 VN\u0110) tr\u00ean to\u00e0n qu\u1ed1c \u0111\u1ed1i v\u1edbi t\u1ea5t c\u1ea3 c\u00e1c \u0111\u01a1n h\u00e0ng c\u00f3 t\u1ed5ng gi\u00e1 tr\u1ecb t\u1eeb 2.000.000 VN\u0110 tr\u1edf l\u00ean.\u00a0<\/span><\/p>\n<h3 data-rm-block-id=\"block-10\"><span style=\"font-weight: 400;\">2.2. Ph\u00ed v\u1eadn chuy\u1ec3n cho \u0111\u01a1n h\u00e0ng D\u01b0\u1edbi 2.000.000 VN\u0110<\/span><\/h3>\n<p data-rm-block-id=\"block-11\"><span style=\"font-weight: 400;\">\u0110\u00e1 phong thu\u1ef7 (v\u00f2ng tay, \u0111\u00e1 v\u1ee5n): ph\u00ed v\u1eadn chuy\u1ec3n c\u1ed1 \u0111\u1ecbnh l\u00e0 35.000 VN\u0110 tr\u00ean to\u00e0n qu\u1ed1c.<\/span><\/p>\n<p data-rm-block-id=\"block-12\"><span style=\"font-weight: 400;\">V\u1eadt tr\u1ea5n tr\u1ea1ch l\u1edbn (Tr\u1ee5 \u0110\u00e1, Qu\u1ea3 C\u1ea7u, Kim T\u1ef1 Th\u00e1p): ph\u00ed v\u1eadn chuy\u1ec3n t\u1ed1i thi\u1ec3u l\u00e0 60.000 VN\u0110. M\u1ee9c ph\u00ed cu\u1ed1i c\u00f9ng s\u1ebd \u0111\u01b0\u1ee3c t\u00ednh to\u00e1n ch\u00ednh x\u00e1c d\u1ef1a tr\u00ean c\u00e2n n\u1eb7ng v\u00e0 k\u00edch th\u01b0\u1edbc th\u1ef1c t\u1ebf c\u1ee7a v\u1eadt ph\u1ea9m. SOLUNA s\u1ebd th\u00f4ng b\u00e1o chi ti\u1ebft m\u1ee9c ph\u00ed n\u00e0y khi x\u00e1c nh\u1eadn \u0111\u01a1n h\u00e0ng v\u1edbi Qu\u00fd kh\u00e1ch.<\/span><\/p>\n<h3 data-rm-block-id=\"block-12\"><span style=\"font-size: 23.04px; color: #333333;\">3. Th\u1eddi gian giao h\u00e0ng (K\u1ec3 t\u1eeb khi x\u00e1c nh\u1eadn \u0111\u01a1n h\u00e0ng)<\/span><\/h3>\n<p data-rm-block-id=\"block-14\"><span style=\"font-weight: 400;\">Khu v\u1ef1c v\u00e0 th\u1eddi gian giao h\u00e0ng d\u1ef1 ki\u1ebfn:\u00a0<\/span><\/p>\n<ul>\n<li style=\"font-weight: 400;\" aria-level=\"1\" data-rm-block-id=\"block-15\"><span style=\"font-weight: 400;\">N\u1ed9i th\u00e0nh TP. H\u1ed3 Ch\u00ed Minh: 12 ti\u1ebfng \u0111\u1ebfn 24 ti\u1ebfng<\/span><\/li>\n<li style=\"font-weight: 400;\" aria-level=\"1\" data-rm-block-id=\"block-16\"><span style=\"font-weight: 400;\">C\u00e1c t\u1ec9nh ho\u1eb7c th\u00e0nh ph\u1ed1 l\u1edbn kh\u00e1c: 2 \u0111\u1ebfn 3 ng\u00e0y<\/span><\/li>\n<li style=\"font-weight: 400;\" aria-level=\"1\" data-rm-block-id=\"block-17\"><span style=\"font-weight: 400;\">C\u00e1c khu v\u1ef1c xa ho\u1eb7c h\u1ea3i \u0111\u1ea3o: 3 \u0111\u1ebfn 5 ng\u00e0y l\u00e0m vi\u1ec7c\u00a0<\/span><\/li>\n<\/ul>\n<p data-rm-block-id=\"block-18\"><span style=\"font-weight: 400;\">L\u01b0u \u00fd: Th\u1eddi gian giao h\u00e0ng c\u00f3 th\u1ec3 thay \u0111\u1ed5i trong c\u00e1c d\u1ecbp L\u1ec5, T\u1ebft ho\u1eb7c do c\u00e1c y\u1ebfu t\u1ed1 kh\u00e1ch quan (gi\u1edd cao \u0111i\u1ec3m,&#8230;). SOLUNA s\u1ebd ch\u1ee7 \u0111\u1ed9ng th\u00f4ng b\u00e1o khi c\u00f3 s\u1ef1 ch\u1eadm tr\u1ec5.<\/span><\/p>\n<p data-rm-block-id=\"block-18\"><span style=\"font-size: 20.16px; color: #333333;\">4. Ch\u00ednh s\u00e1ch ki\u1ec3m tra v\u00e0 \u0111\u1ed3ng ki\u1ec3m h\u00e0ng ho\u00e1 (QUY T\u1eaeC B\u1eaeT BU\u1ed8C)<\/span><\/p>\n<p data-rm-block-id=\"block-20\"><span style=\"font-weight: 400;\">\u0110\u1ec3 \u0111\u1ea3m b\u1ea3o v\u1eadt ph\u1ea9m \u0111\u1ebfn tay Qu\u00fd kh\u00e1ch trong t\u00ecnh tr\u1ea1ng ho\u00e0n h\u1ea3o:<\/span><\/p>\n<ol>\n<li data-rm-block-id=\"block-21\"><span style=\"font-weight: 400;\"> \u0110\u1ed3ng ki\u1ec3m: Qu\u00fd kh\u00e1ch c\u00f3 tr\u00e1ch nhi\u1ec7m ki\u1ec3m tra k\u1ef9 l\u01b0\u1ee1ng s\u1ea3n ph\u1ea9m (h\u00ecnh d\u00e1ng, m\u00e0u s\u1eafc, kh\u00f4ng s\u1ee9t m\u1ebb hay n\u1ee9t v\u1ee1) ngay t\u1ea1i th\u1eddi \u0111i\u1ec3m nh\u1eadn h\u00e0ng, tr\u01b0\u1edbc s\u1ef1 ch\u1ee9ng ki\u1ebfn c\u1ee7a nh\u00e2n vi\u00ean giao h\u00e0ng (Shipper). C\u00f3 th\u1ec3 sau khi nh\u1eadn h\u00e0ng, Qu\u00fd kh\u00e1ch quay video l\u00e0m minh ch\u1ee9ng.\u00a0<\/span><\/li>\n<li data-rm-block-id=\"block-22\"><span style=\"font-weight: 400;\"> T\u1eeb ch\u1ed1i nh\u1eadn: trong tr\u01b0\u1eddng h\u1ee3p ph\u00e1t hi\u1ec7n s\u1ea3n ph\u1ea9m b\u1ecb s\u1ee9t m\u1ebb, n\u1ee9t v\u1ee1, sai m\u1eabu m\u00e3 ho\u1eb7c l\u1ed7i k\u1ef9 thu\u1eadt do qu\u00e1 tr\u00ecnh v\u1eadn chuy\u1ec3n ho\u1eb7c l\u1ed7i s\u1ea3n xu\u1ea5t, Qu\u00fd kh\u00e1ch vui l\u00f2ng t\u1eeb ch\u1ed1i nh\u1eadn h\u00e0ng v\u00e0 y\u00eau c\u1ea7u shipper x\u00e1c nh\u1eadn t\u00ecnh tr\u1ea1ng.<\/span><\/li>\n<li data-rm-block-id=\"block-23\"><span style=\"font-weight: 400;\"> \u0110\u1ed5i h\u00e0ng: SOLUNA cam k\u1ebft \u0111\u1ed5i m\u1edbi 100% s\u1ea3n ph\u1ea9m kh\u00e1c cho Qu\u00fd kh\u00e1ch ngay l\u1eadp t\u1ee9c, kh\u00f4ng ph\u00e1t sinh th\u00eam chi ph\u00ed.<\/span><\/li>\n<li data-rm-block-id=\"block-24\"><span style=\"font-weight: 400;\"> Sau Khi K\u00fd Nh\u1eadn: Sau khi Qu\u00fd kh\u00e1ch \u0111\u00e3 k\u00fd nh\u1eadn m\u00e0 kh\u00f4ng c\u00f3 \u00fd ki\u1ebfn ph\u1ea3n h\u1ed3i v\u1ec1 t\u00ecnh tr\u1ea1ng b\u00ean ngo\u00e0i c\u1ee7a v\u1eadt ph\u1ea9m, SOLUNA xin ph\u00e9p mi\u1ec5n tr\u1eeb tr\u00e1ch nhi\u1ec7m v\u1edbi c\u00e1c y\u00eau c\u1ea7u \u0111\u1ed5i tr\u1ea3 v\u00ec l\u00fd do s\u1ee9t m\u1ebb, v\u1ee1 do l\u1ed7i kh\u00e1ch quan.<\/span><\/li>\n<li data-rm-block-id=\"block-25\"><span style=\"font-weight: 400;\"> Quy \u0111\u1ecbnh \u0111\u1eb7t c\u1ecdc (\u00c1p d\u1ee5ng cho v\u1eadt ph\u1ea9m c\u00f3 gi\u00e1 tr\u1ecb cao)<\/span><\/li>\n<\/ol>\n<p data-rm-block-id=\"block-26\"><span style=\"font-weight: 400;\">\u0110\u1ed1i v\u1edbi c\u00e1c v\u1eadt ph\u1ea9m tr\u1ea5n tr\u1ea1ch (Tr\u1ee5\/Qu\u1ea3 c\u1ea7u \/ Kim T\u1ef1 Th\u00e1p) ho\u1eb7c \u0111\u01a1n h\u00e0ng c\u00f3 gi\u00e1 tr\u1ecb tr\u00ean 5.000.000 VN\u0110, Qu\u00fd kh\u00e1ch vui l\u00f2ng thanh to\u00e1n t\u1ed1i thi\u1ec3u 50% gi\u00e1 tr\u1ecb \u0111\u01a1n h\u00e0ng qua chuy\u1ec3n kho\u1ea3n tr\u01b0\u1edbc khi SOLUNA ti\u1ebfn h\u00e0nh \u0111\u00f3ng g\u00f3i v\u00e0 v\u1eadn chuy\u1ec3n.<\/span><\/p>\n<p data-rm-block-id=\"block-27\">","protected":false},"excerpt":{"rendered":"<p>CH\u00cdNH S\u00c1CH V\u1eacN CHUY\u1ec2N V\u00c0 GIAO NH\u1eacN H\u00c0NG H\u00d3A T\u1ea0I SOLUNA 1. Ph\u1ea1m vi v\u00e0 h\u00ecnh th\u1ee9c v\u1eadn chuy\u1ec3n SOLUNA th\u1ef1c hi\u1ec7n giao h\u00e0ng tr\u00ean to\u00e0n l\u00e3nh th\u1ed5 Vi\u1ec7t Nam. H\u00ecnh th\u1ee9c v\u1eadn chuy\u1ec3n ch\u00ednh: D\u1ecbch v\u1ee5 giao h\u00e0ng thu h\u1ed9 ho\u1eb7c chuy\u1ec3n ph\u00e1t nhanh ti\u00eau chu\u1ea9n (\u0111\u1ed1i v\u1edbi \u0111\u01a1n h\u00e0ng thanh to\u00e1n tr\u01b0\u1edbc). 2. &#8230;<\/p>","protected":false},"author":5,"featured_media":0,"parent":0,"menu_order":0,"comment_status":"closed","ping_status":"closed","template":"","meta":{"_acf_changed":false,"footnotes":""},"class_list":["post-1413","page","type-page","status-publish","hentry"],"acf":[],"_links":{"self":[{"href":"https:\/\/daphongthuysoluna.vn\/en\/wp-json\/wp\/v2\/pages\/1413","targetHints":{"allow":["GET"]}}],"collection":[{"href":"https:\/\/daphongthuysoluna.vn\/en\/wp-json\/wp\/v2\/pages"}],"about":[{"href":"https:\/\/daphongthuysoluna.vn\/en\/wp-json\/wp\/v2\/types\/page"}],"author":[{"embeddable":true,"href":"https:\/\/daphongthuysoluna.vn\/en\/wp-json\/wp\/v2\/users\/5"}],"replies":[{"embeddable":true,"href":"https:\/\/daphongthuysoluna.vn\/en\/wp-json\/wp\/v2\/comments?post=1413"}],"version-history":[{"count":3,"href":"https:\/\/daphongthuysoluna.vn\/en\/wp-json\/wp\/v2\/pages\/1413\/revisions"}],"predecessor-version":[{"id":1423,"href":"https:\/\/daphongthuysoluna.vn\/en\/wp-json\/wp\/v2\/pages\/1413\/revisions\/1423"}],"wp:attachment":[{"href":"https:\/\/daphongthuysoluna.vn\/en\/wp-json\/wp\/v2\/media?parent=1413"}],"curies":[{"name":"wp","href":"https:\/\/api.w.org\/{rel}","templated":true}]}}