{"id":1419,"date":"2025-12-18T10:39:03","date_gmt":"2025-12-18T03:39:03","guid":{"rendered":"https:\/\/daphongthuysoluna.vn\/?page_id=1419"},"modified":"2025-12-18T10:39:03","modified_gmt":"2025-12-18T03:39:03","slug":"chinh-sach-thanh-toan-cua-soluna","status":"publish","type":"page","link":"https:\/\/daphongthuysoluna.vn\/en\/chinh-sach-thanh-toan-cua-soluna\/","title":{"rendered":"Ch\u00ednh S\u00e1ch Thanh To\u00e1n"},"content":{"rendered":"<p>Ch\u00ednh S\u00e1ch Thanh To\u00e1n | Soluna<br \/>\nT\u1ea1i Soluna, m\u00ecnh mang \u0111\u1ebfn tr\u1ea3i nghi\u1ec7m mua s\u1eafm minh b\u1ea1ch \u2013 an to\u00e0n \u2013 thu\u1eadn ti\u1ec7n cho m\u1ecdi kh\u00e1ch h\u00e0ng. D\u01b0\u1edbi \u0111\u00e2y l\u00e0 ch\u00ednh s\u00e1ch thanh to\u00e1n chi ti\u1ebft khi b\u1ea1n mua h\u00e0ng t\u1ea1i daphongthuysoluna.vn:<\/p>\n<p>1. Thanh To\u00e1n Chuy\u1ec3n Kho\u1ea3n Ng\u00e2n H\u00e0ng \u2013 Giao H\u00e0ng To\u00e0n Qu\u1ed1c<br \/>\n\u00c1p d\u1ee5ng cho: T\u1ea5t c\u1ea3 \u0111\u01a1n h\u00e0ng tr\u00ean to\u00e0n qu\u1ed1c<br \/>\n&#8211; C\u00e1ch th\u1ee9c thanh to\u00e1n:<br \/>\nB\u1ea1n vui l\u00f2ng thanh to\u00e1n 100% gi\u00e1 tr\u1ecb \u0111\u01a1n h\u00e0ng qua s\u1ed1 t\u00e0i kho\u1ea3n ng\u00e2n h\u00e0ng ch\u00ednh th\u1ee9c (hi\u1ec3n th\u1ecb trong email x\u00e1c nh\u1eadn \u0111\u01a1n h\u00e0ng v\u00e0 trang thanh to\u00e1n).<br \/>\nT\u00ean T\u00e0i Kho\u1ea3n : Ph\u1ea1m Th\u1ecb Th\u00fay Hi\u1ec1n<br \/>\nS\u1ed1 T\u00e0i Kho\u1ea3n : 0120171288888<br \/>\nNg\u00e2n h\u00e0ng TMCP Qu\u00e2n \u0111\u1ed9i<br \/>\nL\u01b0u \u00fd quan tr\u1ecdng:<br \/>\nTh\u1eddi gian nh\u1eadn ti\u1ec1n:<br \/>\nTrong ng\u00e0y (n\u1ebfu c\u00f9ng ng\u00e2n h\u00e0ng ho\u1eb7c d\u00f9ng d\u1ecbch v\u1ee5 chuy\u1ec3n ti\u1ec1n nhanh).<br \/>\nT\u1eeb 1\u20133 ng\u00e0y l\u00e0m vi\u1ec7c (n\u1ebfu chuy\u1ec3n t\u1eeb ng\u00e2n h\u00e0ng kh\u00e1c ho\u1eb7c qua v\u00ed \u0111i\u1ec7n t\u1eed).<br \/>\nPh\u00ed chuy\u1ec3n kho\u1ea3n: Do kh\u00e1ch h\u00e0ng ch\u1ecbu. Soluna khuy\u1ebfn kh\u00edch b\u1ea1n ki\u1ec3m tra ph\u00ed v\u1edbi ng\u00e2n h\u00e0ng tr\u01b0\u1edbc khi th\u1ef1c hi\u1ec7n.<br \/>\nS\u1ea3n ph\u1ea9m c\u00f3 gi\u00e1 tr\u1ecb t\u1eeb 20 tri\u1ec7u VN\u0110 tr\u1edf l\u00ean Theo quy \u0111\u1ecbnh ph\u00e1p lu\u1eadt, b\u1eaft bu\u1ed9c thanh to\u00e1n qua chuy\u1ec3n kho\u1ea3n.<br \/>\nGiao h\u00e0ng sau khi thanh to\u00e1n:<br \/>\nNgay khi nh\u1eadn \u0111\u01b0\u1ee3c ti\u1ec1n, \u0111\u1ed9i ng\u0169 t\u01b0 v\u1ea5n Soluna s\u1ebd g\u1ecdi \u0111i\u1ec7n x\u00e1c nh\u1eadn v\u00e0 h\u1eb9n l\u1ecbch giao h\u00e0ng c\u1ee5 th\u1ec3.<br \/>\nTh\u1eddi gian giao h\u00e0ng d\u1ef1 ki\u1ebfn:<br \/>\n1\u20133 ng\u00e0y (Trung T\u00e2m H\u1ed3 Ch\u00ed Minh v\u00e0 c\u00e1c v\u00f9ng l\u00e2n c\u1eadn)<br \/>\n3\u20135 ng\u00e0y ( To\u00e0n Qu\u1ed1c )<\/p>\n<p>2. Giao H\u00e0ng Qua B\u00ean Th\u1ee9 Ba (Nh\u00e0 Xe, Ng\u01b0\u1eddi Quen\u2026)<br \/>\nN\u1ebfu b\u1ea1n mu\u1ed1n Soluna giao s\u1ea3n ph\u1ea9m cho ng\u01b0\u1eddi quen, nh\u00e0 xe, ho\u1eb7c \u0111\u01a1n v\u1ecb v\u1eadn chuy\u1ec3n do b\u1ea1n ch\u1ec9 \u0111\u1ecbnh, vui l\u00f2ng l\u01b0u \u00fd:<\/p>\n<p>M\u1ecdi chi ph\u00ed v\u00e0 r\u1ee7i ro trong qu\u00e1 tr\u00ecnh v\u1eadn chuy\u1ec3n s\u1ebd do b\u1ea1n ch\u1ecbu tr\u00e1ch nhi\u1ec7m.<br \/>\nKhi \u0111\u1ed9i ng\u0169 giao h\u00e0ng Soluna b\u00e0n giao s\u1ea3n ph\u1ea9m cho b\u00ean th\u1ee9 ba, vui l\u00f2ng x\u00e1c nh\u1eadn ngay qua:<br \/>\n\u0110i\u1ec7n tho\u1ea1i: 0345 838 101<br \/>\nTin nh\u1eafn SMS: 0345 838 101<br \/>\nHo\u1eb7c k\u00fd nh\u1eadn tr\u00ean phi\u1ebfu xu\u1ea5t h\u00e0ng c\u1ee7a Soluna<br \/>\n* L\u01b0u \u00fd: T\u1eeb th\u1eddi \u0111i\u1ec3m b\u00e0n giao cho b\u00ean th\u1ee9 ba, Soluna kh\u00f4ng c\u00f2n ch\u1ecbu tr\u00e1ch nhi\u1ec7m v\u1ec1 m\u1ea5t m\u00e1t, h\u01b0 h\u1ecfng ho\u1eb7c ch\u1eadm tr\u1ec5 trong qu\u00e1 tr\u00ecnh v\u1eadn chuy\u1ec3n.<\/p>\n<p>T\u1ea1i Sao H\u00e0ng Ngh\u00ecn Kh\u00e1ch H\u00e0ng Tin D\u00f9ng Soluna?<br \/>\nThanh to\u00e1n minh b\u1ea1ch \u2013 kh\u00f4ng r\u1ee7i ro<br \/>\nGiao h\u00e0ng nhanh \u2013 to\u00e0n qu\u1ed1c, \u0111\u00f3ng g\u00f3i c\u1ea9n th\u1eadn<br \/>\nH\u1ed7 tr\u1ee3 t\u1eadn t\u00e2m \u2013 t\u1eeb t\u01b0 v\u1ea5n phong th\u1ee7y \u0111\u1ebfn h\u1eadu m\u00e3i<br \/>\nS\u1ea3n ph\u1ea9m chu\u1ea9n t\u1ef1 nhi\u00ean<br \/>\n\u0110\u1eb7t h\u00e0ng ngay h\u00f4m nay <a href=\"https:\/\/daphongthuysoluna.vn\/en\/cua-hang\/\">t\u1ea1i daphongthuysoluna.vn<\/a> v\u00e0 \u0111\u1ec3 Soluna \u0111\u1ed3ng h\u00e0nh c\u00f9ng b\u1ea1n.<\/p>","protected":false},"excerpt":{"rendered":"<p>Ch\u00ednh S\u00e1ch Thanh To\u00e1n | Soluna T\u1ea1i Soluna, m\u00ecnh mang \u0111\u1ebfn tr\u1ea3i nghi\u1ec7m mua s\u1eafm minh b\u1ea1ch \u2013 an to\u00e0n \u2013 thu\u1eadn ti\u1ec7n cho m\u1ecdi kh\u00e1ch h\u00e0ng. D\u01b0\u1edbi \u0111\u00e2y l\u00e0 ch\u00ednh s\u00e1ch thanh to\u00e1n chi ti\u1ebft khi b\u1ea1n mua h\u00e0ng t\u1ea1i daphongthuysoluna.vn: 1. Thanh To\u00e1n Chuy\u1ec3n Kho\u1ea3n Ng\u00e2n H\u00e0ng \u2013 Giao H\u00e0ng To\u00e0n Qu\u1ed1c \u00c1p &#8230;<\/p>","protected":false},"author":4,"featured_media":0,"parent":0,"menu_order":0,"comment_status":"closed","ping_status":"closed","template":"","meta":{"_acf_changed":false,"footnotes":""},"class_list":["post-1419","page","type-page","status-publish","hentry"],"acf":[],"_links":{"self":[{"href":"https:\/\/daphongthuysoluna.vn\/en\/wp-json\/wp\/v2\/pages\/1419","targetHints":{"allow":["GET"]}}],"collection":[{"href":"https:\/\/daphongthuysoluna.vn\/en\/wp-json\/wp\/v2\/pages"}],"about":[{"href":"https:\/\/daphongthuysoluna.vn\/en\/wp-json\/wp\/v2\/types\/page"}],"author":[{"embeddable":true,"href":"https:\/\/daphongthuysoluna.vn\/en\/wp-json\/wp\/v2\/users\/4"}],"replies":[{"embeddable":true,"href":"https:\/\/daphongthuysoluna.vn\/en\/wp-json\/wp\/v2\/comments?post=1419"}],"version-history":[{"count":1,"href":"https:\/\/daphongthuysoluna.vn\/en\/wp-json\/wp\/v2\/pages\/1419\/revisions"}],"predecessor-version":[{"id":1420,"href":"https:\/\/daphongthuysoluna.vn\/en\/wp-json\/wp\/v2\/pages\/1419\/revisions\/1420"}],"wp:attachment":[{"href":"https:\/\/daphongthuysoluna.vn\/en\/wp-json\/wp\/v2\/media?parent=1419"}],"curies":[{"name":"wp","href":"https:\/\/api.w.org\/{rel}","templated":true}]}}