{"id":18,"date":"2018-08-17T21:33:13","date_gmt":"2018-08-17T14:33:13","guid":{"rendered":"https:\/\/bizhostvn.com\/w\/shopphongthuy\/?page_id=18"},"modified":"2026-01-08T03:06:03","modified_gmt":"2026-01-07T20:06:03","slug":"gioi-thieu","status":"publish","type":"page","link":"https:\/\/daphongthuysoluna.vn\/en\/gioi-thieu\/","title":{"rendered":"Gi\u1edbi thi\u1ec7u"},"content":{"rendered":"<div class=\"banner has-hover\" id=\"banner-147365120\">\n          <div class=\"banner-inner fill\">\n        <div class=\"banner-bg fill\" >\n            <div class=\"bg fill bg-fill\"><\/div>\n                                    \n                    <\/div>\n        <div class=\"banner-layers container\">\n            <div class=\"fill banner-link\"><\/div>            \n        <\/div>\n      <\/div>\n\n            \n<style>\n#banner-147365120 {\n  padding-top: 600px;\n}\n#banner-147365120 .bg.bg-loaded {\n  background-image: url(https:\/\/daphongthuysoluna.vn\/wp-content\/uploads\/2025\/11\/quacauthachanhtrang.png);\n}\n<\/style>\n  <\/div>\n\n\n\n  <div class=\"banner has-hover\" id=\"banner-2062338458\">\n          <div class=\"banner-inner fill\">\n        <div class=\"banner-bg fill\" >\n            <div class=\"bg fill bg-fill\"><\/div>\n                                    \n                    <\/div>\n        <div class=\"banner-layers container\">\n            <div class=\"fill banner-link\"><\/div>            \n   <div id=\"text-box-397987665\" class=\"text-box banner-layer x50 md-x50 lg-x50 y50 md-y50 lg-y50 res-text\">\n                                <div class=\"text dark\">\n              \n              <div class=\"text-inner text-center\">\n                  \n<div id=\"ez-toc-container\" class=\"ez-toc-v2_0_76 counter-hierarchy ez-toc-counter ez-toc-grey ez-toc-container-direction\">\n<div class=\"ez-toc-title-container\">\n<p class=\"ez-toc-title\" style=\"cursor:inherit\">N\u1ed9i Dung B\u00e0i Vi\u1ebft <\/p>\n<span class=\"ez-toc-title-toggle\"><\/span><\/div>\n<nav><ul class='ez-toc-list ez-toc-list-level-1' ><li class='ez-toc-page-1 ez-toc-heading-level-1'><a class=\"ez-toc-link ez-toc-heading-1\" href=\"https:\/\/daphongthuysoluna.vn\/en\/gioi-thieu\/#Da_Phong_Thuy_Soluna_%E2%80%93_Thuong_Hieu_Da_Tu_Nhien_Can_Bang_Nang_Luong\" >\u0110\u00e1 Phong Thu\u1ef7 Soluna \u2013 Th\u01b0\u01a1ng Hi\u1ec7u \u0110\u00e1 T\u1ef1 Nhi\u00ean C\u00e2n B\u1eb1ng N\u0103ng L\u01b0\u1ee3ng<\/a><\/li><li class='ez-toc-page-1 ez-toc-heading-level-1'><a class=\"ez-toc-link ez-toc-heading-2\" href=\"https:\/\/daphongthuysoluna.vn\/en\/gioi-thieu\/#Da_Phong_Thuy_Soluna_La_Gi\" >\u0110\u00e1 Phong Thu\u1ef7 Soluna L\u00e0 G\u00ec?<\/a><ul class='ez-toc-list-level-2' ><li class='ez-toc-heading-level-2'><a class=\"ez-toc-link ez-toc-heading-3\" href=\"https:\/\/daphongthuysoluna.vn\/en\/gioi-thieu\/#Triet_Ly_Harmony_Energy_%E2%80%93_Can_Bang_Nang_Luong_Tu_Ben_Trong\" >Tri\u1ebft L\u00fd Harmony Energy \u2013 C\u00e2n B\u1eb1ng N\u0103ng L\u01b0\u1ee3ng T\u1eeb B\u00ean Trong<\/a><\/li><li class='ez-toc-page-1 ez-toc-heading-level-2'><a class=\"ez-toc-link ez-toc-heading-4\" href=\"https:\/\/daphongthuysoluna.vn\/en\/gioi-thieu\/#Can_Bang_Ly_Tri_Va_Cam_Xuc_Trong_Cuoc_Song_Hien_Dai\" >C\u00e2n B\u1eb1ng L\u00fd Tr\u00ed V\u00e0 C\u1ea3m X\u00fac Trong Cu\u1ed9c S\u1ed1ng Hi\u1ec7n \u0110\u1ea1i<\/a><\/li><li class='ez-toc-page-1 ez-toc-heading-level-2'><a class=\"ez-toc-link ez-toc-heading-5\" href=\"https:\/\/daphongthuysoluna.vn\/en\/gioi-thieu\/#Da_Phong_Thuy_Soluna_Phu_Hop_Voi_Ai\" >\u0110\u00e1 Phong Thu\u1ef7 Soluna Ph\u00f9 H\u1ee3p V\u1edbi Ai?<\/a><\/li><li class='ez-toc-page-1 ez-toc-heading-level-2'><a class=\"ez-toc-link ez-toc-heading-6\" href=\"https:\/\/daphongthuysoluna.vn\/en\/gioi-thieu\/#Cac_Dong_San_Pham_Da_Phong_Thuy_Soluna\" >C\u00e1c D\u00f2ng S\u1ea3n Ph\u1ea9m \u0110\u00e1 Phong Thu\u1ef7 Soluna<\/a><\/li><\/ul><\/li><\/ul><\/nav><\/div>\n<h1><span class=\"ez-toc-section\" id=\"Da_Phong_Thuy_Soluna_%E2%80%93_Thuong_Hieu_Da_Tu_Nhien_Can_Bang_Nang_Luong\"><\/span><span style=\"color: #c2a532;\"><strong>\u0110\u00e1 Phong Thu\u1ef7 Soluna \u2013 Th\u01b0\u01a1ng Hi\u1ec7u \u0110\u00e1 T\u1ef1 Nhi\u00ean C\u00e2n B\u1eb1ng N\u0103ng L\u01b0\u1ee3ng<\/strong><\/span><span class=\"ez-toc-section-end\"><\/span><\/h1>\n<p style=\"text-align: left;\"><span style=\"color: #000000;\">Trong nh\u1ecbp s\u1ed1ng hi\u1ec7n \u0111\u1ea1i \u0111\u1ea7y \u00e1p l\u1ef1c, ch\u00fang ta kh\u00f4ng ch\u1ec9 c\u1ea7n m\u1ed9t c\u01a1 th\u1ec3 kho\u1ebb m\u1ea1nh, m\u00e0 c\u00f2n c\u1ea7n m\u1ed9t ngu\u1ed3n,n\u0103ng l\u01b0\u1ee3ng b\u00ecnh an \u0111\u1ec3 tr\u1edf v\u1ec1.<\/span><span style=\"color: #000000;\"><a style=\"color: #000000;\" href=\"https:\/\/daphongthuysoluna.vn\/en\/\">\u0110\u00e1 phong thu\u1ef7 Soluna<\/a> ra \u0111\u1eddi v\u1edbi mong mu\u1ed1n tr\u1edf th\u00e0nh ng\u01b0\u1eddi b\u1ea1n \u0111\u1ed3ng h\u00e0nh tinh t\u1ebf tr\u00ean h\u00e0nh tr\u00ecnh \u0111\u00f3 \u2013 kh\u00f4ng ch\u1ec9 l\u00e0 n\u01a1i b\u1ea1n mua \u0111\u00e1 phong thu\u1ef7, m\u00e0 l\u00e0 kh\u00f4ng gian<\/span><br \/><span style=\"color: #000000;\">\u0111\u1ec3 b\u1ea1n k\u1ebft n\u1ed1i l\u1ea1i v\u1edbi ch\u00ednh m\u00ecnh, v\u1edbi n\u0103ng l\u01b0\u1ee3ng t\u1eeb M\u1eb7t Tr\u1eddi v\u00e0 M\u1eb7t Tr\u0103ng, v\u1edbi s\u1ef1 c\u00e2n b\u1eb1ng gi\u1eefa l\u00fd tr\u00ed v\u00e0 c\u1ea3m x\u00fac.<\/span><span style=\"color: #000000;\">B\u00e0i vi\u1ebft n\u00e0y l\u00e0 ph\u1ea7n gi\u1edbi thi\u1ec7u \u0111\u1ea7y \u0111\u1ee7 nh\u1ea5t v\u1ec1 th\u01b0\u01a1ng hi\u1ec7u<\/span><\/p>\n<p style=\"text-align: left;\"><span style=\"color: #000000;\"><strong>\u0110\u00e1 Phong Thu\u1ef7 Soluna<\/strong>, tri\u1ebft l\u00fd Harmony Energy \u2013 C\u00e2n b\u1eb1ng n\u0103ng l\u01b0\u1ee3ng,quy tr\u00ecnh thanh t\u1ea9y \u2013 n\u1ea1p n\u0103ng l\u01b0\u1ee3ng, c\u00e1c d\u00f2ng s\u1ea3n ph\u1ea9m ch\u1ee7 l\u1ef1c v\u00e0 c\u00e1ch Soluna \u0111\u1ed3ng h\u00e0nh c\u00f9ng kh\u00e1ch h\u00e0ng trong h\u00e0nh tr\u00ecnh.ch\u1eefa l\u00e0nh, thu h\u00fat t\u00e0i l\u1ed9c v\u00e0 nu\u00f4i d\u01b0\u1ee1ng n\u1ed9i t\u00e2m.<\/span><\/p>\n<\/p>\n              <\/div>\n           <\/div>\n                            \n<style>\n#text-box-397987665 {\n  width: 87%;\n}\n#text-box-397987665 .text {\n  font-size: 100%;\n}\n<\/style>\n    <\/div>\n \n        <\/div>\n      <\/div>\n\n            \n<style>\n#banner-2062338458 {\n  padding-top: 40%;\n  background-color: rgb(255, 255, 255);\n}\n<\/style>\n  <\/div>\n\n\n\n  <div class=\"banner has-hover\" id=\"banner-330420672\">\n          <div class=\"banner-inner fill\">\n        <div class=\"banner-bg fill\" >\n            <div class=\"bg fill bg-fill\"><\/div>\n                        <div class=\"overlay\"><\/div>            \n            <div class=\"effect-sparkle bg-effect fill no-click\"><\/div>        <\/div>\n        <div class=\"banner-layers container\">\n            <div class=\"fill banner-link\"><\/div>            \n   <div id=\"text-box-878072165\" class=\"text-box banner-layer x100 md-x100 lg-x100 y50 md-y50 lg-y50 res-text\">\n                                <div class=\"text\">\n              \n              <div class=\"text-inner text-left\">\n                  \n<h1><span class=\"ez-toc-section\" id=\"Da_Phong_Thuy_Soluna_La_Gi\"><\/span><span style=\"color: #c2a532;\"><strong>\u0110\u00e1 Phong Thu\u1ef7 Soluna L\u00e0 G\u00ec?<\/strong><\/span><span class=\"ez-toc-section-end\"><\/span><\/h1>\n<p><span style=\"color: #282828;\"><strong>\u0110\u00e1 phong thu\u1ef7 Soluna<\/strong>\u00a0l\u00e0 th\u01b0\u01a1ng hi\u1ec7u chuy\u00ean v\u1ec1 \u0111\u00e1 phong thu\u1ef7 t\u1ef1 nhi\u00ean 100%, t\u1eadp trung v\u00e0o<\/span><br \/><span style=\"color: #282828;\">c\u00e1c s\u1ea3n ph\u1ea9m nh\u01b0 v\u00f2ng tay \u0111\u00e1 phong thu\u1ef7, \u0111\u00e1 th\u1ea1ch anh v\u1ee5n, qu\u1ea3 c\u1ea7u, tr\u1ee5 \u0111\u00e1, kim t\u1ef1 th\u00e1p v\u00e0 c\u00e1c m\u1eabu<\/span><br \/><span style=\"color: #282828;\">trang s\u1ee9c \u0111\u00e1 phong thu\u1ef7 \u0111\u01b0\u1ee3c thi\u1ebft k\u1ebf t\u1ed1i gi\u1ea3n, thanh l\u1ecbch. M\u1ed7i s\u1ea3n ph\u1ea9m \u0111\u1ec1u \u0111\u01b0\u1ee3c<\/span><br \/><span style=\"color: #282828;\">thanh t\u1ea9y \u2013 n\u1ea1p n\u0103ng l\u01b0\u1ee3ng k\u1ef9 l\u01b0\u1ee1ng tr\u01b0\u1edbc khi \u0111\u1ebfn tay kh\u00e1ch h\u00e0ng.<\/span><\/p>\n<p><span style=\"color: #282828;\">N\u1ebfu c\u00e1c b\u00e0i gi\u1edbi thi\u1ec7u v\u1ec1 phong thu\u1ef7 th\u00f4ng th\u01b0\u1eddng ch\u1ec9 n\u00f3i v\u1ec1 \u201ch\u1ee3p m\u1ec7nh, h\u1ee3p tu\u1ed5i\u201d,<\/span><br \/><span style=\"color: #282828;\">th\u00ec\u00a0<strong>Soluna \u0110\u00e1 Phong Thu\u1ef7<\/strong>\u00a0\u0111\u1eb7t tr\u1ecdng t\u00e2m v\u00e0o vi\u1ec7c c\u00e2n b\u1eb1ng n\u0103ng l\u01b0\u1ee3ng:<\/span><br \/><span style=\"color: #282828;\">gi\u00fap b\u1ea1n h\u00e0i ho\u00e0 gi\u1eefa th\u1ebf gi\u1edbi b\u00ean ngo\u00e0i b\u1eadn r\u1ed9n v\u00e0 th\u1ebf gi\u1edbi b\u00ean trong c\u1ea7n \u0111\u01b0\u1ee3c l\u1eafng nghe.<\/span><\/p>\n              <\/div>\n           <\/div>\n                            \n<style>\n#text-box-878072165 {\n  width: 60%;\n}\n#text-box-878072165 .text {\n  font-size: 100%;\n}\n@media (min-width:550px) {\n  #text-box-878072165 {\n    width: 66%;\n  }\n}\n<\/style>\n    <\/div>\n \n        <\/div>\n      <\/div>\n\n            \n<style>\n#banner-330420672 {\n  padding-top: 500px;\n  background-color: rgb(223, 223, 223);\n}\n#banner-330420672 .overlay {\n  background-color: rgba(190, 190, 190, 0.2);\n}\n<\/style>\n  <\/div>\n\n\n\n  <div class=\"banner has-hover bg-fade-out bg-zoom-fade\" id=\"banner-899830289\">\n          <div class=\"banner-inner fill\">\n        <div class=\"banner-bg fill\" >\n            <div class=\"bg fill bg-fill\"><\/div>\n                        <div class=\"overlay\"><\/div>            \n            <div class=\"effect-sparkle bg-effect fill no-click\"><\/div>        <\/div>\n        <div class=\"banner-layers container\">\n            <div class=\"fill banner-link\"><\/div>            \n   <div id=\"text-box-2109443644\" class=\"text-box banner-layer x0 md-x0 lg-x0 y50 md-y50 lg-y50 res-text\">\n                                <div class=\"text\">\n              \n              <div class=\"text-inner text-right\">\n                  \n\t<div id=\"text-530431781\" class=\"text\">\n\t\t\n<h2 style=\"text-align: left; padding-left: 40px;\"><span class=\"ez-toc-section\" id=\"Triet_Ly_Harmony_Energy_%E2%80%93_Can_Bang_Nang_Luong_Tu_Ben_Trong\"><\/span><span style=\"color: #000000;\"><strong><span style=\"font-family: tahoma, arial, helvetica, sans-serif;\">Tri\u1ebft L\u00fd Harmony Energy \u2013 C\u00e2n B\u1eb1ng N\u0103ng L\u01b0\u1ee3ng T\u1eeb B\u00ean Trong<\/span><\/strong><\/span><span class=\"ez-toc-section-end\"><\/span><\/h2>\n<p style=\"text-align: left; padding-left: 40px;\"><span style=\"color: #000000;\"><strong><span style=\"font-family: tahoma, arial, helvetica, sans-serif;\">Tr\u00e1i tim c\u1ee7a\u00a0Soluna \u0110\u00e1 Phong Thu\u1ef7\u00a0n\u1eb1m \u1edf tri\u1ebft l\u00fd<\/span><\/strong><\/span><br \/><span style=\"color: #000000;\"><strong><span style=\"font-family: tahoma, arial, helvetica, sans-serif;\">Harmony Energy \u2013 C\u00e2n b\u1eb1ng n\u0103ng l\u01b0\u1ee3ng. Ch\u00fang t\u00f4i tin r\u1eb1ng<\/span><\/strong><\/span><br \/><span style=\"color: #000000;\"><strong><span style=\"font-family: tahoma, arial, helvetica, sans-serif;\">b\u1ea1n kh\u00f4ng c\u1ea7n tr\u1edf th\u00e0nh m\u1ed9t \u201cchuy\u00ean gia phong thu\u1ef7\u201d hay \u201cng\u01b0\u1eddi tu t\u1eadp l\u00e2u n\u0103m\u201d m\u1edbi c\u00f3 th\u1ec3 c\u1ea3m nh\u1eadn \u0111\u01b0\u1ee3c n\u0103ng l\u01b0\u1ee3ng,<\/span><\/strong><\/span><br \/><span style=\"color: #000000;\"><strong><span style=\"font-family: tahoma, arial, helvetica, sans-serif;\">m\u00e0 ch\u1ec9 c\u1ea7n m\u1ed9t ch\u00fat ch\u00fa \u00fd, l\u1eafng nghe v\u00e0 th\u1ef1c h\u00e0nh nh\u1ecf m\u1ed7i ng\u00e0y.<\/span><\/strong><\/span><\/p>\n<h2 style=\"text-align: left; padding-left: 40px;\"><span class=\"ez-toc-section\" id=\"Can_Bang_Ly_Tri_Va_Cam_Xuc_Trong_Cuoc_Song_Hien_Dai\"><\/span><span style=\"color: #000000;\"><strong><span style=\"font-family: tahoma, arial, helvetica, sans-serif;\">C\u00e2n B\u1eb1ng L\u00fd Tr\u00ed V\u00e0 C\u1ea3m X\u00fac Trong Cu\u1ed9c S\u1ed1ng Hi\u1ec7n \u0110\u1ea1i<\/span><\/strong><\/span><span class=\"ez-toc-section-end\"><\/span><\/h2>\n<p style=\"text-align: left; padding-left: 40px;\"><span style=\"color: #000000;\"><strong><span style=\"font-family: tahoma, arial, helvetica, sans-serif;\">Cu\u1ed9c s\u1ed1ng hi\u1ec7n \u0111\u1ea1i khi\u1ebfn ch\u00fang ta v\u1eadn h\u00e0nh r\u1ea5t nhi\u1ec1u b\u1eb1ng l\u00fd tr\u00ed:<\/span><\/strong><\/span><br \/><span style=\"color: #000000;\"><strong><span style=\"font-family: tahoma, arial, helvetica, sans-serif;\">k\u1ebf ho\u1ea1ch, m\u1ee5c ti\u00eau, KPI, deadline. Nh\u01b0ng n\u1ebfu ch\u1ec9 d\u00f9ng M\u1eb7t Tr\u1eddi m\u00e0 qu\u00ean M\u1eb7t Tr\u0103ng,<\/span><\/strong><\/span><br \/><span style=\"color: #000000;\"><strong><span style=\"font-family: tahoma, arial, helvetica, sans-serif;\">ch\u00fang ta d\u1ec5 r\u01a1i v\u00e0o m\u1ec7t m\u1ecfi, ki\u1ec7t s\u1ee9c, m\u1ea5t k\u1ebft n\u1ed1i v\u1edbi c\u1ea3m x\u00fac th\u1eadt c\u1ee7a m\u00ecnh.<\/span><\/strong><\/span><\/p>\n<p style=\"text-align: left; padding-left: 40px;\"><span style=\"color: #000000;\"><strong><span style=\"font-family: tahoma, arial, helvetica, sans-serif;\">\u0110\u00e1 phong thu\u1ef7 Soluna\u00a0mong mu\u1ed1n gi\u00fap b\u1ea1n nh\u1eafc l\u1ea1i b\u00e0i h\u1ecdc c\u00e2n b\u1eb1ng:<\/span><\/strong><\/span><br \/><span style=\"color: #000000;\"><strong><span style=\"font-family: tahoma, arial, helvetica, sans-serif;\">\u0111\u1ec3 b\u1ea1n v\u1eabn v\u1eefng v\u00e0ng trong c\u00f4ng vi\u1ec7c, nh\u01b0ng kh\u00f4ng b\u1ecf qu\u00ean s\u1ef1 an y\u00ean b\u00ean trong;<\/span><\/strong><\/span><br \/><span style=\"color: #000000;\"><strong><span style=\"font-family: tahoma, arial, helvetica, sans-serif;\">v\u1eabn d\u00e1m \u0111\u1eb7t m\u1ee5c ti\u00eau l\u1edbn, nh\u01b0ng c\u0169ng bi\u1ebft ngh\u1ec9 ng\u01a1i, ch\u1eefa l\u00e0nh v\u00e0 y\u00eau th\u01b0\u01a1ng b\u1ea3n th\u00e2n.<\/span><\/strong><\/span><\/p>\n\t\t\n<style>\n#text-530431781 {\n  color: #d3af34;\n}\n#text-530431781 > * {\n  color: #d3af34;\n}\n<\/style>\n\t<\/div>\n\t\n              <\/div>\n           <\/div>\n                            \n<style>\n#text-box-2109443644 {\n  width: 60%;\n}\n#text-box-2109443644 .text {\n  font-size: 100%;\n}\n@media (min-width:550px) {\n  #text-box-2109443644 {\n    width: 85%;\n  }\n}\n<\/style>\n    <\/div>\n \n        <\/div>\n      <\/div>\n\n            \n<style>\n#banner-899830289 {\n  padding-top: 56%;\n  background-color: rgb(255, 255, 255);\n}\n#banner-899830289 .bg.bg-loaded {\n  background-image: url(https:\/\/daphongthuysoluna.vn\/wp-content\/uploads\/2025\/12\/thach-anh-toc-xanh-2.jpg);\n}\n#banner-899830289 .overlay {\n  background-color: rgba(190, 190, 190, 0.2);\n}\n<\/style>\n  <\/div>\n\n\n\n  <div class=\"banner has-hover\" id=\"banner-310529\">\n          <div class=\"banner-inner fill\">\n        <div class=\"banner-bg fill\" >\n            <div class=\"bg fill bg-fill\"><\/div>\n                        <div class=\"overlay\"><\/div>            \n                    <\/div>\n        <div class=\"banner-layers container\">\n            <div class=\"fill banner-link\"><\/div>            \n   <div id=\"text-box-52215538\" class=\"text-box banner-layer x50 md-x50 lg-x50 y50 md-y50 lg-y50 res-text\">\n                                <div class=\"text dark\">\n              \n              <div class=\"text-inner text-center\">\n                  \n<h2 style=\"text-align: left;\"><span class=\"ez-toc-section\" id=\"Da_Phong_Thuy_Soluna_Phu_Hop_Voi_Ai\"><\/span>\u0110\u00e1 Phong Thu\u1ef7 Soluna Ph\u00f9 H\u1ee3p V\u1edbi Ai?<span class=\"ez-toc-section-end\"><\/span><\/h2>\n<p style=\"text-align: left;\"><strong>\u0110\u00e1 phong thu\u1ef7 Soluna<\/strong>\u00a0kh\u00f4ng d\u00e0nh ri\u00eang cho m\u1ed9t nh\u00f3m ng\u01b0\u1eddi \u201cr\u00e0nh phong thu\u1ef7\u201d.<br \/>Th\u1ef1c t\u1ebf, nh\u1eefng ai ph\u00f9 h\u1ee3p nh\u1ea5t v\u1edbi Soluna th\u01b0\u1eddng l\u00e0:<\/p>\n<ul>\n<li style=\"text-align: left;\">Ng\u01b0\u1eddi \u0111ang c\u1ea3m th\u1ea5y c\u0103ng th\u1eb3ng, mu\u1ed1n t\u00ecm l\u1ea1i b\u00ecnh an b\u00ean trong.<\/li>\n<li style=\"text-align: left;\">Ng\u01b0\u1eddi quan t\u00e2m \u0111\u1ebfn ch\u1eefa l\u00e0nh, n\u0103ng l\u01b0\u1ee3ng, nh\u01b0ng kh\u00f4ng th\u00edch m\u00ea t\u00edn.<\/li>\n<li style=\"text-align: left;\">Ph\u1ee5 n\u1eef hi\u1ec7n \u0111\u1ea1i mu\u1ed1n s\u1edf h\u1eefu m\u1ed9t m\u00f3n trang s\u1ee9c c\u00f3 c\u00e2u chuy\u1ec7n v\u00e0 \u00fd ngh\u0129a.<\/li>\n<li style=\"text-align: left;\">Ng\u01b0\u1eddi l\u00e0m kinh doanh, l\u00e0m vi\u1ec7c tr\u00ed \u00f3c, c\u1ea7n th\u00eam \u0111i\u1ec3m t\u1ef1a tinh th\u1ea7n v\u00e0 n\u0103ng l\u01b0\u1ee3ng.<\/li>\n<li style=\"text-align: left;\">Ng\u01b0\u1eddi \u0111ang t\u00ecm qu\u00e0 t\u1eb7ng phong thu\u1ef7 \u00fd ngh\u0129a, tinh t\u1ebf cho ng\u01b0\u1eddi th\u00e2n, b\u1ea1n b\u00e8, \u0111\u1ed1i t\u00e1c.<\/li>\n<\/ul>\n              <\/div>\n           <\/div>\n                            \n<style>\n#text-box-52215538 {\n  width: 74%;\n}\n#text-box-52215538 .text {\n  font-size: 100%;\n}\n<\/style>\n    <\/div>\n \n        <\/div>\n      <\/div>\n\n            \n<style>\n#banner-310529 {\n  padding-top: 500px;\n  background-color: rgb(122, 156, 89);\n}\n#banner-310529 .overlay {\n  background-color: rgba(0, 0, 0, 0.17);\n}\n<\/style>\n  <\/div>\n\n\n\n  <div class=\"banner has-hover\" id=\"banner-1248752222\">\n          <div class=\"banner-inner fill\">\n        <div class=\"banner-bg fill\" >\n            <div class=\"bg fill bg-fill\"><\/div>\n                                    \n                    <\/div>\n        <div class=\"banner-layers container\">\n            <div class=\"fill banner-link\"><\/div>            \n   <div id=\"text-box-1221059473\" class=\"text-box banner-layer x5 md-x5 lg-x5 y50 md-y50 lg-y50 res-text\">\n                                <div class=\"text dark\">\n              \n              <div class=\"text-inner text-center\">\n                  \n<h2 style=\"text-align: left;\"><span class=\"ez-toc-section\" id=\"Cac_Dong_San_Pham_Da_Phong_Thuy_Soluna\"><\/span><span style=\"color: #ffffff;\"><strong>C\u00e1c D\u00f2ng S\u1ea3n Ph\u1ea9m \u0110\u00e1 Phong Thu\u1ef7 Soluna<\/strong><\/span><span class=\"ez-toc-section-end\"><\/span><\/h2>\n<p style=\"text-align: left;\"><span style=\"color: #ffffff;\">Soluna ph\u00e1t tri\u1ec3n c\u00e1c d\u00f2ng s\u1ea3n ph\u1ea9m xoay quanh \u0111\u00e1 th\u1ea1ch anh v\u00e0 m\u1ed9t s\u1ed1 lo\u1ea1i \u0111\u00e1 phong thu\u1ef7 t\u1ef1 nhi\u00ean kh\u00e1c.<\/span><br \/><span style=\"color: #ffffff;\">M\u1ed7i d\u00f2ng mang m\u1ed9t c\u00e1ch \u1ee9ng d\u1ee5ng n\u0103ng l\u01b0\u1ee3ng kh\u00e1c nhau, ph\u00f9 h\u1ee3p v\u1edbi nhu c\u1ea7u \u0111a d\u1ea1ng c\u1ee7a kh\u00e1ch h\u00e0ng.<\/span><\/p>\n<h3 style=\"text-align: left;\"><span style=\"color: #ffffff;\">\u0110\u00e1 Th\u1ea1ch Anh V\u1ee5n Soluna \u2013 Thanh L\u1ecdc Kh\u00f4ng Gian S\u1ed1ng<\/span><\/h3>\n<p style=\"text-align: left;\"><span style=\"color: #ffffff;\">B\u1ea1n c\u00f3 th\u1ec3 tham kh\u1ea3o th\u00eam c\u00e1c \u1ee9ng d\u1ee5ng n\u00e0y trong m\u1ed9t b\u00e0i vi\u1ebft s\u00e2u h\u01a1n v\u1ec1 \u0111\u00e1 th\u1ea1ch anh v\u1ee5n (v\u00ed d\u1ee5:<\/span><br \/><span style=\"color: #ffffff;\"><a style=\"color: #ffffff;\" href=\"https:\/\/daphongthuysoluna.vn\/en\/da-thach-anh-vun\/\">\u0110\u00e1 th\u1ea1ch anh v\u1ee5n Soluna \u2013 thanh l\u1ecdc v\u00e0 n\u00e2ng n\u0103ng l\u01b0\u1ee3ng kh\u00f4ng gian<\/a>).<\/span><\/p>\n<h3 style=\"text-align: left;\"><span style=\"color: #ffffff;\">V\u00f2ng Tay \u0110\u00e1 Phong Thu\u1ef7 Soluna \u2013 Trang S\u1ee9c &amp; B\u00f9a H\u1ed9 M\u1ec7nh Tinh T\u1ebf<\/span><\/h3>\n<p style=\"text-align: left;\"><span style=\"color: #ffffff;\"><strong>V\u00f2ng tay \u0111\u00e1 phong thu\u1ef7 Soluna<\/strong>\u00a0l\u00e0 d\u00f2ng s\u1ea3n ph\u1ea9m \u0111\u01b0\u1ee3c y\u00eau th\u00edch nh\u1ea5t,<\/span><br \/><span style=\"color: #ffffff;\">v\u00ec b\u1ea1n c\u00f3 th\u1ec3 mang theo n\u0103ng l\u01b0\u1ee3ng b\u00ean m\u00ecnh m\u1ecdi l\u00fac m\u1ecdi n\u01a1i. <\/span><\/p>\n<p style=\"text-align: left;\"><span style=\"color: #ffffff;\">B\u1ea1n c\u00f3 th\u1ec3 xem th\u00eam c\u00e1c m\u1eabu v\u00f2ng t\u1ea1i<\/span><br \/><span style=\"color: #ffffff;\"><a style=\"color: #ffffff;\" href=\"https:\/\/daphongthuysoluna.vn\/en\/vong-tay-da-phong-thuy-soluna\/\">b\u1ed9 s\u01b0u t\u1eadp v\u00f2ng tay \u0111\u00e1 phong thu\u1ef7 Soluna<\/a>.<\/span><\/p>\n<h3 style=\"text-align: left;\"><span style=\"color: #ffffff;\">Qu\u1ea3 C\u1ea7u &amp; Tr\u1ee5 \u0110\u00e1 Phong Thu\u1ef7 Soluna \u2013 V\u01b0\u1ee3ng Kh\u00ed V\u00e0 S\u1ef1 T\u1eadp Trung<\/span><\/h3>\n<p style=\"text-align: left;\"><span style=\"color: #ffffff;\"><strong>Qu\u1ea3 c\u1ea7u \u0111\u00e1 phong thu\u1ef7 Soluna<\/strong>\u00a0t\u01b0\u1ee3ng tr\u01b0ng cho s\u1ef1 tr\u00f2n \u0111\u1ea7y, hanh th\u00f4ng, vi\u00ean m\u00e3n.<\/span><br \/><span style=\"color: #ffffff;\">Th\u01b0\u1eddng \u0111\u01b0\u1ee3c \u0111\u1eb7t t\u1ea1i:<\/span><\/p>\n<ul style=\"text-align: left;\">\n<li><span style=\"color: #ffffff;\">Ph\u00f2ng kh\u00e1ch \u2013 t\u0103ng v\u01b0\u1ee3ng kh\u00ed cho gia \u0111\u00ecnh.<\/span><\/li>\n<li><span style=\"color: #ffffff;\">Qu\u1ea7y l\u1ec5 t\u00e2n, b\u00e0n ti\u1ebfp kh\u00e1ch \u2013 t\u1ea1o c\u1ea3m gi\u00e1c tin t\u01b0\u1edfng, \u1ea5m \u00e1p.<\/span><\/li>\n<\/ul>\n<p style=\"text-align: left;\"><span style=\"color: #ffffff;\"><strong>Tr\u1ee5 \u0111\u00e1 phong thu\u1ef7 Soluna<\/strong>\u00a0l\u1ea1i ph\u00f9 h\u1ee3p v\u1edbi:<\/span><\/p>\n<ul style=\"text-align: left;\">\n<li><span style=\"color: #ffffff;\">B\u00e0n l\u00e0m vi\u1ec7c c\u1ee7a ng\u01b0\u1eddi l\u00e0m vi\u1ec7c tr\u00ed \u00f3c, s\u00e1ng t\u1ea1o.<\/span><\/li>\n<li><span style=\"color: #ffffff;\">Kh\u00f4ng gian c\u1ea7n th\u00eam s\u1ef1 ki\u00ean \u0111\u1ecbnh, r\u00f5 r\u00e0ng trong quy\u1ebft \u0111\u1ecbnh.<\/span><\/li>\n<\/ul>\n<h3 style=\"text-align: left;\"><span style=\"color: #ffffff;\">Kim T\u1ef1 Th\u00e1p \u0110\u00e1 Phong Thu\u1ef7 Soluna \u2013 T\u1ee5 Kh\u00ed M\u1ea1nh M\u1ebd<\/span><\/h3>\n<p style=\"text-align: left;\"><span style=\"color: #ffffff;\"><strong>Kim t\u1ef1 th\u00e1p \u0111\u00e1 phong thu\u1ef7 Soluna<\/strong>\u00a0\u0111\u01b0\u1ee3c xem l\u00e0 m\u1ed9t \u201c\u0111i\u1ec3m t\u1ee5 n\u0103ng l\u01b0\u1ee3ng\u201d r\u1ea5t m\u1ea1nh,<\/span><br \/><span style=\"color: #ffffff;\">th\u00edch h\u1ee3p cho:<\/span><\/p>\n<ul>\n<li style=\"text-align: left;\"><span style=\"color: #ffffff;\">G\u00f3c thi\u1ec1n, b\u00e0n th\u1edd c\u00e1 nh\u00e2n, khu v\u1ef1c k\u1ebft n\u1ed1i t\u00e2m linh.<\/span><\/li>\n<li style=\"text-align: left;\"><span style=\"color: #ffffff;\">Nh\u1eefng v\u1ecb tr\u00ed c\u1ea7n s\u1ef1 b\u1ea3o v\u1ec7, \u1ed5n \u0111\u1ecbnh tr\u01b0\u1eddng n\u0103ng l\u01b0\u1ee3ng trong nh\u00e0 ho\u1eb7c n\u01a1i l\u00e0m vi\u1ec7c.<\/span><\/li>\n<\/ul>\n              <\/div>\n           <\/div>\n                            \n<style>\n#text-box-1221059473 {\n  width: 89%;\n}\n#text-box-1221059473 .text {\n  font-size: 100%;\n}\n<\/style>\n    <\/div>\n \n        <\/div>\n      <\/div>\n\n            \n<style>\n#banner-1248752222 {\n  padding-top: 99.99%;\n  background-color: rgb(44, 69, 58);\n}\n<\/style>\n  <\/div>","protected":false},"excerpt":{"rendered":"","protected":false},"author":1,"featured_media":1069,"parent":0,"menu_order":0,"comment_status":"closed","ping_status":"closed","template":"page-blank.php","meta":{"_acf_changed":false,"footnotes":""},"class_list":["post-18","page","type-page","status-publish","has-post-thumbnail","hentry"],"acf":[],"_links":{"self":[{"href":"https:\/\/daphongthuysoluna.vn\/en\/wp-json\/wp\/v2\/pages\/18","targetHints":{"allow":["GET"]}}],"collection":[{"href":"https:\/\/daphongthuysoluna.vn\/en\/wp-json\/wp\/v2\/pages"}],"about":[{"href":"https:\/\/daphongthuysoluna.vn\/en\/wp-json\/wp\/v2\/types\/page"}],"author":[{"embeddable":true,"href":"https:\/\/daphongthuysoluna.vn\/en\/wp-json\/wp\/v2\/users\/1"}],"replies":[{"embeddable":true,"href":"https:\/\/daphongthuysoluna.vn\/en\/wp-json\/wp\/v2\/comments?post=18"}],"version-history":[{"count":17,"href":"https:\/\/daphongthuysoluna.vn\/en\/wp-json\/wp\/v2\/pages\/18\/revisions"}],"predecessor-version":[{"id":1655,"href":"https:\/\/daphongthuysoluna.vn\/en\/wp-json\/wp\/v2\/pages\/18\/revisions\/1655"}],"wp:featuredmedia":[{"embeddable":true,"href":"https:\/\/daphongthuysoluna.vn\/en\/wp-json\/wp\/v2\/media\/1069"}],"wp:attachment":[{"href":"https:\/\/daphongthuysoluna.vn\/en\/wp-json\/wp\/v2\/media?parent=18"}],"curies":[{"name":"wp","href":"https:\/\/api.w.org\/{rel}","templated":true}]}}