{"id":20,"date":"2018-08-17T21:33:23","date_gmt":"2018-08-17T14:33:23","guid":{"rendered":"https:\/\/bizhostvn.com\/w\/shopphongthuy\/?page_id=20"},"modified":"2026-01-09T17:35:39","modified_gmt":"2026-01-09T10:35:39","slug":"lien-he","status":"publish","type":"page","link":"https:\/\/daphongthuysoluna.vn\/en\/lien-he\/","title":{"rendered":"Contact"},"content":{"rendered":"<div id=\"text-2363249920\" class=\"text\">\n\t\t\n<p style=\"text-align: center;\"><strong><span style=\"font-size: 130%;\"><span style=\"font-family: tahoma, arial, helvetica, sans-serif; color: #ffcc00;\">T\u01af V\u1ea4N S\u1ea2N PH\u1ea8M H\u1ee2P M\u1ec6NH<\/span><\/span><\/strong><\/p>\n\t\t\n<style>\n#text-2363249920 {\n  font-size: 1.25rem;\n  line-height: 2.5;\n}\n<\/style>\n\t<\/div>\n\t\n<div class=\"row\"  id=\"row-890051012\">\n\n\t<div id=\"col-1743687803\" class=\"col medium-6 small-12 large-6\"  >\n\t\t<div class=\"col-inner\"  >\n\t\t\t\n\t\t\t\n\t<div class=\"img has-hover x md-x lg-x y md-y lg-y\" id=\"image_1694151191\">\n\t\t\t\t\t\t\t\t<div class=\"img-inner image-cover dark\" style=\"padding-top:602px;\">\n\t\t\t<img loading=\"lazy\" decoding=\"async\" width=\"502\" height=\"600\" src=\"https:\/\/daphongthuysoluna.vn\/wp-content\/uploads\/2025\/12\/vong-thach-anh-toc-vang-e1767954383138.jpg\" class=\"attachment-large size-large\" alt=\"H\u00ecnh \u1ea3nh minh h\u1ecda c\u00e1ch b\u1ea3o qu\u1ea3n V\u00f2ng Th\u1ea1ch Anh T\u00f3c V\u00e0ng SOLUNA, cho th\u1ea5y v\u00f2ng \u0111\u00e1 \u0111\u01b0\u1ee3c \u0111\u1eb7t g\u1ea7n n\u01b0\u1edbc hoa v\u00e0 x\u00e0 ph\u00f2ng, nh\u1eafc nh\u1edf tr\u00e1nh ti\u1ebfp x\u00fac v\u1edbi h\u00f3a ch\u1ea5t \u0111\u1ec3 gi\u1eef \u0111\u1ed9 b\u00f3ng v\u0129nh c\u1eedu.\" srcset=\"https:\/\/daphongthuysoluna.vn\/wp-content\/uploads\/2025\/12\/vong-thach-anh-toc-vang-e1767954383138.jpg 502w, https:\/\/daphongthuysoluna.vn\/wp-content\/uploads\/2025\/12\/vong-thach-anh-toc-vang-e1767954383138-247x295.jpg 247w, https:\/\/daphongthuysoluna.vn\/wp-content\/uploads\/2025\/12\/vong-thach-anh-toc-vang-e1767954383138-251x300.jpg 251w, https:\/\/daphongthuysoluna.vn\/wp-content\/uploads\/2025\/12\/vong-thach-anh-toc-vang-e1767954383138-10x12.jpg 10w\" sizes=\"auto, (max-width: 502px) 100vw, 502px\" \/>\t\t\t\t\t\t\n\t\t\t\t\t<\/div>\n\t\t\t\t\t\t\t\t\n<style>\n#image_1694151191 {\n  width: 100%;\n}\n<\/style>\n\t<\/div>\n\t\n\t\t<\/div>\n\t\t\t<\/div>\n\n\t\n\n\t<div id=\"col-143370124\" class=\"col medium-6 small-12 large-6\"  >\n\t\t<div class=\"col-inner\"  >\n\t\t\t\n\t\t\t\n\n<div class=\"wpcf7 no-js\" id=\"wpcf7-f1214-o1\" lang=\"vi\" dir=\"ltr\" data-wpcf7-id=\"1214\">\n<div class=\"screen-reader-response\"><p role=\"status\" aria-live=\"polite\" aria-atomic=\"true\"><\/p> <ul><\/ul><\/div>\n<form action=\"\/en\/wp-json\/wp\/v2\/pages\/20#wpcf7-f1214-o1\" method=\"post\" class=\"wpcf7-form init\" aria-label=\"Form li\u00ean h\u1ec7\" novalidate=\"novalidate\" data-status=\"init\" data-trp-original-action=\"\/en\/wp-json\/wp\/v2\/pages\/20#wpcf7-f1214-o1\">\n<fieldset class=\"hidden-fields-container\"><input type=\"hidden\" name=\"_wpcf7\" value=\"1214\" \/><input type=\"hidden\" name=\"_wpcf7_version\" value=\"6.1.4\" \/><input type=\"hidden\" name=\"_wpcf7_locale\" value=\"vi\" \/><input type=\"hidden\" name=\"_wpcf7_unit_tag\" value=\"wpcf7-f1214-o1\" \/><input type=\"hidden\" name=\"_wpcf7_container_post\" value=\"0\" \/><input type=\"hidden\" name=\"_wpcf7_posted_data_hash\" value=\"\" \/>\n<\/fieldset>\n<p><span class=\"wpcf7-form-control-wrap\" data-name=\"ten-KH\"><input size=\"40\" maxlength=\"400\" class=\"wpcf7-form-control wpcf7-text wpcf7-validates-as-required\" autocomplete=\"name\" aria-required=\"true\" aria-invalid=\"false\" placeholder=\"H\u1ecd v\u00e0 T\u00ean\" value=\"\" type=\"text\" name=\"ten-KH\" \/><\/span>\n<\/p>\n<p><span class=\"wpcf7-form-control-wrap\" data-name=\"ngay_thang_nam_sinh\"><input class=\"wpcf7-form-control wpcf7-date wpcf7-validates-as-date\" aria-invalid=\"false\" value=\"\" type=\"date\" name=\"ngay_thang_nam_sinh\" \/><\/span>\n<\/p>\n<p><span class=\"wpcf7-form-control-wrap\" data-name=\"tel-KH\"><input size=\"40\" maxlength=\"400\" class=\"wpcf7-form-control wpcf7-tel wpcf7-validates-as-required wpcf7-text wpcf7-validates-as-tel\" autocomplete=\"tel\" aria-required=\"true\" aria-invalid=\"false\" placeholder=\"S\u1ed1 \u0111i\u1ec7n tho\u1ea1i\" value=\"\" type=\"tel\" name=\"tel-KH\" \/><\/span>\n<\/p>\n<p><span class=\"wpcf7-form-control-wrap\" data-name=\"email-KH\"><input size=\"40\" maxlength=\"400\" class=\"wpcf7-form-control wpcf7-email wpcf7-text wpcf7-validates-as-email\" autocomplete=\"email\" aria-invalid=\"false\" placeholder=\"Email\" value=\"\" type=\"email\" name=\"email-KH\" \/><\/span>\n<\/p>\n<p><span class=\"wpcf7-form-control-wrap\" data-name=\"text-TuyChon\"><textarea cols=\"40\" rows=\"10\" maxlength=\"2000\" class=\"wpcf7-form-control wpcf7-textarea\" aria-invalid=\"false\" placeholder=\"N\u1ed9i dung li\u00ean h\u1ec7...\" name=\"text-TuyChon\"><\/textarea><\/span><br \/>\nSoluna cam k\u1ebft kh\u00f4ng chia s\u1ebb th\u00f4ng tin. T\u01b0 v\u1ea5n 100% mi\u1ec5n ph\u00ed \u2013 kh\u00f4ng \u00e1p \u0111\u1eb7t mua h\u00e0ng.\n<\/p>\n<p><input class=\"wpcf7-form-control wpcf7-submit has-spinner\" type=\"submit\" value=\"Nh\u1eadn t\u01b0 v\u1ea5n mi\u1ec5n ph\u00ed\" \/>\n<\/p><input type='hidden' class='wpcf7-pum' value='{\"closepopup\":false,\"closedelay\":0,\"openpopup\":false,\"openpopup_id\":0}' \/><div class=\"wpcf7-response-output\" aria-hidden=\"true\"><\/div>\n<input type=\"hidden\" name=\"trp-form-language\" value=\"en\"\/><\/form>\n<\/div>\n\n<h2 class=\"container section-title-container\"><span style=\"color: #000000;\">Li\u00ean h\u1ec7 tr\u1ef1c ti\u1ebfp:<\/span><\/h2>\n<div id=\"text-2325485683\" class=\"text\">\n<div>&#8211; Th\u01b0\u01a1ng hi\u1ec7u: \u0110\u00e1 Phong Th\u1ee7y Soluna<\/div>\n<div>&#8211; Website:\u00a0<a href=\"https:\/\/daphongthuysoluna.vn\/en\/\" target=\"_blank\" rel=\"noopener\">daphongthuysoluna.vn<\/a><\/div>\n<div>&#8211; Hotline\/Zalo:\u00a0<a href=\"tel:0345838101\">0345 838 101<\/a><\/div>\n<div>&#8211; Email:\u00a0<a href=\"mailto:daphongthuysoluna.vn@gmail.com\">thuyhienhsa102@gmail.com<\/a><\/div>\n<div>&#8211; \u0110\u1ecba ch\u1ec9:\u00a0<a href=\"https:\/\/maps.app.goo.gl\/yyhxyToEiY71TW8c6\" target=\"_blank\" rel=\"noopener\">133\/13 B\u00ecnh Qu\u1edbi, Qu\u1eadn B\u00ecnh Th\u1ea1nh, TP. H\u1ed3 Ch\u00ed Minh, Vi\u1ec7t Nam<\/a><\/div>\n<\/div>\n<div><\/div>\n<div><\/div>\n<div><\/div>\n\t\t<\/div>\n\t\t\t<\/div>\n\n\t\n<\/div>\n\t<div class=\"img has-hover x md-x lg-x y md-y lg-y\" id=\"image_265708133\">\n\t\t<a class=\"image-lightbox lightbox-gallery\" title=\"\" href=\"https:\/\/daphongthuysoluna.vn\/wp-content\/uploads\/2025\/12\/banner-da-phong-thuy-150x150.jpg\">\t\t\t\t\t\t<div class=\"img-inner image-cover box-shadow-1 dark\" style=\"padding-top:500px;\">\n\t\t\t<img loading=\"lazy\" decoding=\"async\" width=\"852\" height=\"447\" src=\"https:\/\/daphongthuysoluna.vn\/wp-content\/uploads\/2025\/12\/banner-da-phong-thuy.jpg\" class=\"attachment-large size-large\" alt=\"banner \u0111\u00e1 phong th\u1ee7y\" srcset=\"https:\/\/daphongthuysoluna.vn\/wp-content\/uploads\/2025\/12\/banner-da-phong-thuy.jpg 852w, https:\/\/daphongthuysoluna.vn\/wp-content\/uploads\/2025\/12\/banner-da-phong-thuy-247x130.jpg 247w, https:\/\/daphongthuysoluna.vn\/wp-content\/uploads\/2025\/12\/banner-da-phong-thuy-510x268.jpg 510w, https:\/\/daphongthuysoluna.vn\/wp-content\/uploads\/2025\/12\/banner-da-phong-thuy-300x157.jpg 300w, https:\/\/daphongthuysoluna.vn\/wp-content\/uploads\/2025\/12\/banner-da-phong-thuy-768x403.jpg 768w\" sizes=\"auto, (max-width: 852px) 100vw, 852px\" \/>\t\t\t\t\t\t\n\t\t\t\t\t<\/div>\n\t\t\t\t\t\t<\/a>\t\t\n<style>\n#image_265708133 {\n  width: 99%;\n}\n<\/style>\n\t<\/div>","protected":false},"excerpt":{"rendered":"","protected":false},"author":1,"featured_media":0,"parent":0,"menu_order":0,"comment_status":"closed","ping_status":"closed","template":"","meta":{"_acf_changed":false,"footnotes":""},"class_list":["post-20","page","type-page","status-publish","hentry"],"acf":[],"_links":{"self":[{"href":"https:\/\/daphongthuysoluna.vn\/en\/wp-json\/wp\/v2\/pages\/20","targetHints":{"allow":["GET"]}}],"collection":[{"href":"https:\/\/daphongthuysoluna.vn\/en\/wp-json\/wp\/v2\/pages"}],"about":[{"href":"https:\/\/daphongthuysoluna.vn\/en\/wp-json\/wp\/v2\/types\/page"}],"author":[{"embeddable":true,"href":"https:\/\/daphongthuysoluna.vn\/en\/wp-json\/wp\/v2\/users\/1"}],"replies":[{"embeddable":true,"href":"https:\/\/daphongthuysoluna.vn\/en\/wp-json\/wp\/v2\/comments?post=20"}],"version-history":[{"count":13,"href":"https:\/\/daphongthuysoluna.vn\/en\/wp-json\/wp\/v2\/pages\/20\/revisions"}],"predecessor-version":[{"id":1698,"href":"https:\/\/daphongthuysoluna.vn\/en\/wp-json\/wp\/v2\/pages\/20\/revisions\/1698"}],"wp:attachment":[{"href":"https:\/\/daphongthuysoluna.vn\/en\/wp-json\/wp\/v2\/media?parent=20"}],"curies":[{"name":"wp","href":"https:\/\/api.w.org\/{rel}","templated":true}]}}