{"id":3,"date":"2018-08-17T05:48:19","date_gmt":"2018-08-17T05:48:19","guid":{"rendered":"https:\/\/bizhostvn.com\/w\/shopphongthuy\/?page_id=3"},"modified":"2025-11-08T19:57:52","modified_gmt":"2025-11-08T12:57:52","slug":"chinh-sach-bao-mat-tai-soluna-da-phong-thuy","status":"publish","type":"page","link":"https:\/\/daphongthuysoluna.vn\/en\/chinh-sach-bao-mat-tai-soluna-da-phong-thuy\/","title":{"rendered":"Ch\u00ednh S\u00e1ch B\u1ea3o M\u1eadt \u2013 SOLUNA \u0110\u00e1 Phong Th\u1ee7y"},"content":{"rendered":"<div id=\"ez-toc-container\" class=\"ez-toc-v2_0_76 counter-hierarchy ez-toc-counter ez-toc-grey ez-toc-container-direction\">\n<div class=\"ez-toc-title-container\">\n<p class=\"ez-toc-title\" style=\"cursor:inherit\">N\u1ed9i Dung B\u00e0i Vi\u1ebft <\/p>\n<span class=\"ez-toc-title-toggle\"><\/span><\/div>\n<nav><ul class='ez-toc-list ez-toc-list-level-1' ><li class='ez-toc-page-1 ez-toc-heading-level-1'><a class=\"ez-toc-link ez-toc-heading-1\" href=\"https:\/\/daphongthuysoluna.vn\/en\/chinh-sach-bao-mat-tai-soluna-da-phong-thuy\/#Chinh_Sach_Bao_Mat_Tai_SOLUNA_Da_Phong_Thuy_Tran_Trong_Nang_Luong_Rieng_Tu_Cua_Ban\" >Ch\u00ednh S\u00e1ch B\u1ea3o M\u1eadt T\u1ea1i SOLUNA \u0110\u00e1 Phong Th\u1ee7y Tr\u00e2n Tr\u1ecdng N\u0103ng L\u01b0\u1ee3ng Ri\u00eang T\u01b0 C\u1ee7a B\u1ea1n<\/a><ul class='ez-toc-list-level-2' ><li class='ez-toc-heading-level-2'><a class=\"ez-toc-link ez-toc-heading-2\" href=\"https:\/\/daphongthuysoluna.vn\/en\/chinh-sach-bao-mat-tai-soluna-da-phong-thuy\/#SOLUNA_Da_Phong_Thuy_Thu_Thap_Thong_Tin_Gi\" >SOLUNA \u0110\u00e1 Phong Th\u1ee7y Thu Th\u1eadp Th\u00f4ng Tin G\u00ec?<\/a><\/li><li class='ez-toc-page-1 ez-toc-heading-level-2'><a class=\"ez-toc-link ez-toc-heading-3\" href=\"https:\/\/daphongthuysoluna.vn\/en\/chinh-sach-bao-mat-tai-soluna-da-phong-thuy\/#Tai_Sao_SOLUNA_Da_Phong_Thuy_Su_Dung_Thong_Tin_Cua_Ban_Muc_Dich\" >T\u1ea1i Sao SOLUNA \u0110\u00e1 Phong Th\u1ee7y S\u1eed D\u1ee5ng Th\u00f4ng Tin C\u1ee7a B\u1ea1n? (M\u1ee5c \u0110\u00edch)<\/a><\/li><li class='ez-toc-page-1 ez-toc-heading-level-2'><a class=\"ez-toc-link ez-toc-heading-4\" href=\"https:\/\/daphongthuysoluna.vn\/en\/chinh-sach-bao-mat-tai-soluna-da-phong-thuy\/#Chung_Toi_Chia_Se_Nang_Luong_Nay_Voi_Ai\" >Ch\u00fang T\u00f4i Chia S\u1ebb N\u0103ng L\u01b0\u1ee3ng N\u00e0y V\u1edbi Ai?<\/a><\/li><li class='ez-toc-page-1 ez-toc-heading-level-2'><a class=\"ez-toc-link ez-toc-heading-5\" href=\"https:\/\/daphongthuysoluna.vn\/en\/chinh-sach-bao-mat-tai-soluna-da-phong-thuy\/#Quyen_Loi_Cua_Ban_Doi_Voi_Thong_Tin_Ca_Nhan\" >Quy\u1ec1n L\u1ee3i C\u1ee7a B\u1ea1n \u0110\u1ed1i V\u1edbi Th\u00f4ng Tin C\u00e1 Nh\u00e2n<\/a><\/li><li class='ez-toc-page-1 ez-toc-heading-level-2'><a class=\"ez-toc-link ez-toc-heading-6\" href=\"https:\/\/daphongthuysoluna.vn\/en\/chinh-sach-bao-mat-tai-soluna-da-phong-thuy\/#Du_Lieu_Cua_Ban_An_Toan_Nhu_The_Nao\" >D\u1eef Li\u1ec7u C\u1ee7a B\u1ea1n An To\u00e0n Nh\u01b0 Th\u1ebf N\u00e0o?<\/a><\/li><li class='ez-toc-page-1 ez-toc-heading-level-2'><a class=\"ez-toc-link ez-toc-heading-7\" href=\"https:\/\/daphongthuysoluna.vn\/en\/chinh-sach-bao-mat-tai-soluna-da-phong-thuy\/#Don_Vi_Thu_Thap_Quan_Ly_Thong_Tin\" >\u0110\u01a1n V\u1ecb Thu Th\u1eadp &amp; Qu\u1ea3n L\u00fd Th\u00f4ng Tin<\/a><\/li><\/ul><\/li><\/ul><\/nav><\/div>\n<h1 style=\"padding-left: 80px;\"><span class=\"ez-toc-section\" id=\"Chinh_Sach_Bao_Mat_Tai_SOLUNA_Da_Phong_Thuy_Tran_Trong_Nang_Luong_Rieng_Tu_Cua_Ban\"><\/span><strong> Ch\u00ednh S\u00e1ch B\u1ea3o M\u1eadt T\u1ea1i SOLUNA \u0110\u00e1 Phong Th\u1ee7y Tr\u00e2n Tr\u1ecdng N\u0103ng L\u01b0\u1ee3ng Ri\u00eang T\u01b0 C\u1ee7a B\u1ea1n<\/strong><span class=\"ez-toc-section-end\"><\/span><\/h1>\n<p style=\"padding-left: 80px;\">T\u1ea1i SOLUNA, ch\u00fang t\u00f4i hi\u1ec3u r\u1eb1ng s\u1ef1 ri\u00eang t\u01b0 c\u0169ng l\u00e0 m\u1ed9t ph\u1ea7n n\u0103ng l\u01b0\u1ee3ng c\u00e1 nh\u00e2n c\u1ea7n \u0111\u01b0\u1ee3c t\u00f4n tr\u1ecdng v\u00e0 b\u1ea3o v\u1ec7 tuy\u1ec7t \u0111\u1ed1i. Ch\u00fang t\u00f4i cam k\u1ebft b\u1ea3o m\u1eadt th\u00f4ng tin c\u00e1 nh\u00e2n c\u1ee7a b\u1ea1n khi truy c\u1eadp v\u00e0 mua s\u1eafm t\u1ea1i website <a class=\"ng-star-inserted\" href=\"https:\/\/daphongthuysoluna.vn\/en\/\" target=\"_blank\" rel=\"noopener\" data-hveid=\"0\" data-ved=\"0CAAQ_4QMahcKEwin7s_Lo-KQAxUAAAAAHQAAAAAQfw\">https:\/\/daphongthuysoluna.vn<\/a>.<\/p>\n<p style=\"padding-left: 80px;\">Ch\u00ednh s\u00e1ch n\u00e0y m\u00f4 t\u1ea3 c\u00e1ch SOLUNA \u0111\u00e1 phong th\u1ee7y thu th\u1eadp, s\u1eed d\u1ee5ng v\u00e0 b\u1ea3o v\u1ec7 th\u00f4ng tin c\u1ee7a b\u1ea1n, tu\u00e2n th\u1ee7 theo Ngh\u1ecb \u0111\u1ecbnh 13\/2023\/N\u0110-CP c\u1ee7a Vi\u1ec7t Nam v\u1ec1 b\u1ea3o v\u1ec7 d\u1eef li\u1ec7u c\u00e1 nh\u00e2n.<\/p>\n<h2 style=\"padding-left: 80px;\"><span class=\"ez-toc-section\" id=\"SOLUNA_Da_Phong_Thuy_Thu_Thap_Thong_Tin_Gi\"><\/span>SOLUNA \u0110\u00e1 Phong Th\u1ee7y Thu Th\u1eadp Th\u00f4ng Tin G\u00ec?<span class=\"ez-toc-section-end\"><\/span><\/h2>\n<p style=\"padding-left: 80px;\">\u0110\u1ec3 ph\u1ee5c v\u1ee5 tr\u1ea3i nghi\u1ec7m mua s\u1eafm c\u1ee7a b\u1ea1n, ch\u00fang t\u00f4i c\u00f3 th\u1ec3 thu th\u1eadp c\u00e1c lo\u1ea1i th\u00f4ng tin sau:<\/p>\n<h3 style=\"padding-left: 80px;\">Th\u00f4ng Tin B\u1ea1n Tr\u1ef1c Ti\u1ebfp Cung C\u1ea5p<\/h3>\n<ul>\n<li style=\"list-style-type: none;\">\n<ul>\n<li style=\"list-style-type: none;\">\n<ul>\n<li><b>Th\u00f4ng tin \u0111\u1ecbnh danh:<\/b> H\u1ecd v\u00e0 t\u00ean.<\/li>\n<li><b>Th\u00f4ng tin li\u00ean h\u1ec7:<\/b> S\u1ed1 \u0111i\u1ec7n tho\u1ea1i, Email.<\/li>\n<li><b>Th\u00f4ng tin giao h\u00e0ng:<\/b> \u0110\u1ecba ch\u1ec9 nh\u1eadn h\u00e0ng.<\/li>\n<li><b>Th\u00f4ng tin t\u01b0 v\u1ea5n:<\/b> Ng\u00e0y sinh, gi\u1edbi t\u00ednh (n\u1ebfu b\u1ea1n y\u00eau c\u1ea7u t\u01b0 v\u1ea5n phong th\u1ee7y h\u1ee3p m\u1ec7nh).<\/li>\n<\/ul>\n<\/li>\n<\/ul>\n<\/li>\n<\/ul>\n<h3 style=\"padding-left: 80px;\">Th\u00f4ng Tin T\u1ef1 \u0110\u1ed9ng (Cookies)<\/h3>\n<ul>\n<li style=\"list-style-type: none;\">\n<ul>\n<li style=\"list-style-type: none;\">\n<ul>\n<li>Ch\u00fang t\u00f4i s\u1eed d\u1ee5ng Cookies (c\u00e1c t\u1ec7p nh\u1ecf) \u0111\u1ec3 gi\u00fap website nh\u1eadn di\u1ec7n b\u1ea1n, ghi nh\u1edb gi\u1ecf h\u00e0ng v\u00e0 hi\u1ec3u r\u00f5 h\u01a1n v\u1ec1 h\u00e0nh vi truy c\u1eadp. \u0110i\u1ec1u n\u00e0y gi\u00fap ch\u00fang t\u00f4i c\u1ea3i thi\u1ec7n giao di\u1ec7n v\u00e0 tr\u1ea3i nghi\u1ec7m mua s\u1eafm, gi\u00fap b\u1ea1n kh\u00f4ng ph\u1ea3i nh\u1eadp l\u1ea1i th\u00f4ng tin nhi\u1ec1u l\u1ea7n.<\/li>\n<\/ul>\n<\/li>\n<\/ul>\n<\/li>\n<\/ul>\n<h2 style=\"padding-left: 80px;\"><span class=\"ez-toc-section\" id=\"Tai_Sao_SOLUNA_Da_Phong_Thuy_Su_Dung_Thong_Tin_Cua_Ban_Muc_Dich\"><\/span>T\u1ea1i Sao SOLUNA \u0110\u00e1 Phong Th\u1ee7y S\u1eed D\u1ee5ng Th\u00f4ng Tin C\u1ee7a B\u1ea1n? (M\u1ee5c \u0110\u00edch)<span class=\"ez-toc-section-end\"><\/span><\/h2>\n<p style=\"padding-left: 80px;\">N\u0103ng l\u01b0\u1ee3ng c\u1ee7a b\u1ea1n ch\u1ec9 \u0111\u01b0\u1ee3c s\u1eed d\u1ee5ng cho c\u00e1c m\u1ee5c \u0111\u00edch r\u00f5 r\u00e0ng v\u00e0 minh b\u1ea1ch:<\/p>\n<ul>\n<li style=\"list-style-type: none;\">\n<ul>\n<li style=\"list-style-type: none;\">\n<ul>\n<li><b>X\u1eed l\u00fd \u0111\u01a1n h\u00e0ng:<\/b> X\u00e1c nh\u1eadn \u0111\u01a1n, \u0111\u00f3ng g\u00f3i v\u00e0 chu\u1ea9n b\u1ecb v\u1eadn chuy\u1ec3n.<\/li>\n<li><b>Giao h\u00e0ng:<\/b> Cung c\u1ea5p th\u00f4ng tin c\u1ea7n thi\u1ebft cho \u0111\u1ed1i t\u00e1c v\u1eadn chuy\u1ec3n.<\/li>\n<li><b>Ch\u0103m s\u00f3c kh\u00e1ch h\u00e0ng:<\/b> H\u1ed7 tr\u1ee3, gi\u1ea3i \u0111\u00e1p th\u1eafc m\u1eafc, x\u1eed l\u00fd c\u00e1c y\u00eau c\u1ea7u \u0111\u1ed5i tr\u1ea3 v\u00e0 t\u01b0 v\u1ea5n phong th\u1ee7y.<\/li>\n<li><b>C\u1ea3i thi\u1ec7n website:<\/b> Ph\u00e2n t\u00edch h\u00e0nh vi ng\u01b0\u1eddi d\u00f9ng \u0111\u1ec3 n\u00e2ng c\u1ea5p giao di\u1ec7n v\u00e0 s\u1ea3n ph\u1ea9m.<\/li>\n<li><b>Marketing (Khi c\u00f3 s\u1ef1 \u0111\u1ed3ng \u00fd c\u1ee7a b\u1ea1n):<\/b> G\u1eedi th\u00f4ng tin v\u1ec1 s\u1ea3n ph\u1ea9m m\u1edbi, khuy\u1ebfn m\u00e3i, ho\u1eb7c c\u00e1c b\u00e0i vi\u1ebft chia s\u1ebb n\u0103ng l\u01b0\u1ee3ng qua Email\/Zalo. B\u1ea1n c\u00f3 to\u00e0n quy\u1ec1n t\u1eeb ch\u1ed1i nh\u1eadn tin b\u1ea5t c\u1ee9 l\u00fac n\u00e0o.<\/li>\n<\/ul>\n<\/li>\n<\/ul>\n<\/li>\n<\/ul>\n<h2 style=\"padding-left: 80px;\"><span class=\"ez-toc-section\" id=\"Chung_Toi_Chia_Se_Nang_Luong_Nay_Voi_Ai\"><\/span>Ch\u00fang T\u00f4i Chia S\u1ebb N\u0103ng L\u01b0\u1ee3ng N\u00e0y V\u1edbi Ai?<span class=\"ez-toc-section-end\"><\/span><\/h2>\n<h3 style=\"padding-left: 80px;\">\u0110\u1ed1i T\u00e1c V\u1eadn Chuy\u1ec3n T\u1ea1i SOLUNA \u0110\u00e1 Phong Th\u1ee7y<\/h3>\n<p style=\"padding-left: 80px;\">Ch\u00fang t\u00f4i ch\u1ec9 chia s\u1ebb c\u00e1c th\u00f4ng tin c\u1ea7n thi\u1ebft (T\u00ean, S\u0110T, \u0110\u1ecba ch\u1ec9) cho c\u00e1c \u0111\u1ed1i t\u00e1c v\u1eadn chuy\u1ec3n uy t\u00edn (nh\u01b0 GHTK, Viettel Post&#8230;) \u0111\u1ec3 h\u1ecd c\u00f3 th\u1ec3 giao h\u00e0ng \u0111\u1ebfn t\u1eadn tay b\u1ea1n.<\/p>\n<h3 style=\"padding-left: 80px;\">L\u1eddi Cam K\u1ebft V\u00e0ng T\u1eeb SOLUNA<\/h3>\n<p style=\"padding-left: 80px;\"><b>Ch\u00fang t\u00f4i tuy\u1ec7t \u0111\u1ed1i KH\u00d4NG B\u00c1N, trao \u0111\u1ed5i ho\u1eb7c chia s\u1ebb th\u00f4ng tin c\u00e1 nh\u00e2n c\u1ee7a b\u1ea1n cho b\u1ea5t k\u1ef3 b\u00ean th\u1ee9 ba n\u00e0o kh\u00e1c v\u00ec m\u1ee5c \u0111\u00edch th\u01b0\u01a1ng m\u1ea1i<\/b>. Th\u00f4ng tin c\u1ee7a b\u1ea1n l\u00e0 \u0111\u1ec3 ph\u1ee5c v\u1ee5 ri\u00eang b\u1ea1n.<\/p>\n<h3 style=\"padding-left: 80px;\">Y\u00eau C\u1ea7u T\u1eeb C\u01a1 Quan Ph\u00e1p Lu\u1eadt<\/h3>\n<p style=\"padding-left: 80px;\">Ch\u00fang t\u00f4i ch\u1ec9 ti\u1ebft l\u1ed9 th\u00f4ng tin c\u1ee7a b\u1ea1n khi c\u00f3 y\u00eau c\u1ea7u b\u1eb1ng v\u0103n b\u1ea3n t\u1eeb c\u01a1 quan nh\u00e0 n\u01b0\u1edbc c\u00f3 th\u1ea9m quy\u1ec1n, theo \u0111\u00fang quy \u0111\u1ecbnh c\u1ee7a ph\u00e1p lu\u1eadt Vi\u1ec7t Nam.<\/p>\n<h2 style=\"padding-left: 80px;\"><span class=\"ez-toc-section\" id=\"Quyen_Loi_Cua_Ban_Doi_Voi_Thong_Tin_Ca_Nhan\"><\/span>Quy\u1ec1n L\u1ee3i C\u1ee7a B\u1ea1n \u0110\u1ed1i V\u1edbi Th\u00f4ng Tin C\u00e1 Nh\u00e2n<span class=\"ez-toc-section-end\"><\/span><\/h2>\n<p style=\"padding-left: 80px;\">B\u1ea1n l\u00e0 ch\u1ee7 nh\u00e2n c\u1ee7a n\u0103ng l\u01b0\u1ee3ng c\u00e1 nh\u00e2n c\u1ee7a m\u00ecnh. B\u1ea1n c\u00f3 c\u00e1c quy\u1ec1n sau:<\/p>\n<ul>\n<li style=\"list-style-type: none;\">\n<ul>\n<li style=\"list-style-type: none;\">\n<ul>\n<li><b>Quy\u1ec1n truy c\u1eadp &amp; ch\u1ec9nh s\u1eeda:<\/b> Y\u00eau c\u1ea7u ch\u00fang t\u00f4i cung c\u1ea5p v\u00e0 ch\u1ec9nh s\u1eeda th\u00f4ng tin c\u00e1 nh\u00e2n c\u1ee7a b\u1ea1n.<\/li>\n<li><b>Quy\u1ec1n y\u00eau c\u1ea7u xo\u00e1:<\/b> Y\u00eau c\u1ea7u ch\u00fang t\u00f4i x\u00f3a b\u1ecf th\u00f4ng tin c\u1ee7a b\u1ea1n ra kh\u1ecfi h\u1ec7 th\u1ed1ng.<\/li>\n<li><b>Quy\u1ec1n r\u00fat l\u1ea1i s\u1ef1 \u0111\u1ed3ng \u00fd:<\/b> T\u1eeb ch\u1ed1i nh\u1eadn c\u00e1c th\u00f4ng tin marketing t\u1eeb SOLUNA b\u1ea5t k\u1ef3 l\u00fac n\u00e0o.<\/li>\n<\/ul>\n<\/li>\n<\/ul>\n<\/li>\n<\/ul>\n<p style=\"padding-left: 80px;\">\u0110\u1ec3 th\u1ef1c hi\u1ec7n c\u00e1c quy\u1ec1n n\u00e0y, vui l\u00f2ng li\u00ean h\u1ec7 v\u1edbi ch\u00fang t\u00f4i qua email: contact@daphongthuysoluna.vn.<\/p>\n<h2 style=\"padding-left: 80px;\"><span class=\"ez-toc-section\" id=\"Du_Lieu_Cua_Ban_An_Toan_Nhu_The_Nao\"><\/span>D\u1eef Li\u1ec7u C\u1ee7a B\u1ea1n An To\u00e0n Nh\u01b0 Th\u1ebf N\u00e0o?<span class=\"ez-toc-section-end\"><\/span><\/h2>\n<p style=\"padding-left: 80px;\">D\u1eef li\u1ec7u c\u1ee7a b\u1ea1n \u0111\u01b0\u1ee3c b\u1ea3o v\u1ec7 b\u1eb1ng c\u00e1c bi\u1ec7n ph\u00e1p k\u1ef9 thu\u1eadt v\u00e0 v\u1eadt l\u00fd:<\/p>\n<ul>\n<li style=\"list-style-type: none;\">\n<ul>\n<li style=\"list-style-type: none;\">\n<ul>\n<li>Website s\u1eed d\u1ee5ng giao th\u1ee9c SSL \u00a0\u0111\u1ec3 m\u00e3 h\u00f3a to\u00e0n b\u1ed9 th\u00f4ng tin trao \u0111\u1ed5i.<\/li>\n<li>D\u1eef li\u1ec7u \u0111\u01b0\u1ee3c l\u01b0u tr\u1eef tr\u00ean m\u00e1y ch\u1ee7 b\u1ea3o m\u1eadt, \u0111\u01b0\u1ee3c ki\u1ec3m so\u00e1t truy c\u1eadp nghi\u00eam ng\u1eb7t.<\/li>\n<li>Ch\u1ec9 nh\u1eefng nh\u00e2n vi\u00ean c\u00f3 th\u1ea9m quy\u1ec1n m\u1edbi \u0111\u01b0\u1ee3c ph\u00e9p ti\u1ebfp c\u1eadn th\u00f4ng tin c\u1ee7a b\u1ea1n v\u00e0 ph\u1ea3i tu\u00e2n th\u1ee7 quy \u0111\u1ecbnh b\u1ea3o m\u1eadt.<\/li>\n<\/ul>\n<\/li>\n<\/ul>\n<\/li>\n<\/ul>\n<h2 style=\"padding-left: 80px;\"><span class=\"ez-toc-section\" id=\"Don_Vi_Thu_Thap_Quan_Ly_Thong_Tin\"><\/span>\u0110\u01a1n V\u1ecb Thu Th\u1eadp &amp; Qu\u1ea3n L\u00fd Th\u00f4ng Tin<span class=\"ez-toc-section-end\"><\/span><\/h2>\n<ul>\n<li style=\"list-style-type: none;\">\n<ul>\n<li style=\"list-style-type: none;\">\n<ul>\n<li><b>T\u00ean th\u01b0\u01a1ng hi\u1ec7u:<\/b><span style=\"font-weight: 400;\"> SOLUNA \u2013 \u0110\u00e1 Phong Th\u1ee7y Cho Ph\u1ee5 N\u1eef Hi\u1ec7n \u0110\u1ea1i<\/span><\/li>\n<li><b>Website:<\/b><a href=\"https:\/\/daphongthuysoluna.vn\/en\/\"> <span style=\"font-weight: 400;\">https:\/\/daphongthuysoluna.vn<\/span><\/a><\/li>\n<li><b>Email:<\/b><span style=\"font-weight: 400;\"> daphongthuysoluna.vn@gmail.com<\/span><\/li>\n<li><b>Hotline\/Zalo:<\/b><span style=\"font-weight: 400;\"> 0345 838 101<\/span><\/li>\n<li><b>\u0110\u1ecba ch\u1ec9: <\/b><span style=\"font-weight: 400;\">\u00a0Qu\u1eadn B\u00ecnh Th\u1ea1nh, TP. H\u1ed3 Ch\u00ed Minh, Vi\u1ec7t Nam<\/span><\/li>\n<\/ul>\n<\/li>\n<\/ul>\n<\/li>\n<\/ul>","protected":false},"excerpt":{"rendered":"<p>Ch\u00ednh S\u00e1ch B\u1ea3o M\u1eadt T\u1ea1i SOLUNA \u0110\u00e1 Phong Th\u1ee7y Tr\u00e2n Tr\u1ecdng N\u0103ng L\u01b0\u1ee3ng Ri\u00eang T\u01b0 C\u1ee7a B\u1ea1n T\u1ea1i SOLUNA, ch\u00fang t\u00f4i hi\u1ec3u r\u1eb1ng s\u1ef1 ri\u00eang t\u01b0 c\u0169ng l\u00e0 m\u1ed9t ph\u1ea7n n\u0103ng l\u01b0\u1ee3ng c\u00e1 nh\u00e2n c\u1ea7n \u0111\u01b0\u1ee3c t\u00f4n tr\u1ecdng v\u00e0 b\u1ea3o v\u1ec7 tuy\u1ec7t \u0111\u1ed1i. Ch\u00fang t\u00f4i cam k\u1ebft b\u1ea3o m\u1eadt th\u00f4ng tin c\u00e1 nh\u00e2n c\u1ee7a b\u1ea1n &#8230;<\/p>","protected":false},"author":1,"featured_media":0,"parent":0,"menu_order":0,"comment_status":"closed","ping_status":"open","template":"","meta":{"_acf_changed":false,"footnotes":""},"class_list":["post-3","page","type-page","status-publish","hentry"],"acf":[],"_links":{"self":[{"href":"https:\/\/daphongthuysoluna.vn\/en\/wp-json\/wp\/v2\/pages\/3","targetHints":{"allow":["GET"]}}],"collection":[{"href":"https:\/\/daphongthuysoluna.vn\/en\/wp-json\/wp\/v2\/pages"}],"about":[{"href":"https:\/\/daphongthuysoluna.vn\/en\/wp-json\/wp\/v2\/types\/page"}],"author":[{"embeddable":true,"href":"https:\/\/daphongthuysoluna.vn\/en\/wp-json\/wp\/v2\/users\/1"}],"replies":[{"embeddable":true,"href":"https:\/\/daphongthuysoluna.vn\/en\/wp-json\/wp\/v2\/comments?post=3"}],"version-history":[{"count":5,"href":"https:\/\/daphongthuysoluna.vn\/en\/wp-json\/wp\/v2\/pages\/3\/revisions"}],"predecessor-version":[{"id":1410,"href":"https:\/\/daphongthuysoluna.vn\/en\/wp-json\/wp\/v2\/pages\/3\/revisions\/1410"}],"wp:attachment":[{"href":"https:\/\/daphongthuysoluna.vn\/en\/wp-json\/wp\/v2\/media?parent=3"}],"curies":[{"name":"wp","href":"https:\/\/api.w.org\/{rel}","templated":true}]}}