{"id":731,"date":"2025-11-09T20:26:49","date_gmt":"2025-11-09T13:26:49","guid":{"rendered":"https:\/\/daphongthuysoluna.vn\/?page_id=731"},"modified":"2025-12-19T16:32:57","modified_gmt":"2025-12-19T09:32:57","slug":"vong-tay-thach-anh-tim-soluna","status":"publish","type":"page","link":"https:\/\/daphongthuysoluna.vn\/en\/vong-tay-thach-anh-tim-soluna\/","title":{"rendered":"V\u00f2ng Tay Th\u1ea1ch Anh T\u00edm SOLUNA: \u0110\u00e1 Tr\u00ed Tu\u1ec7 Khai M\u1edf Tr\u1ef1c Gi\u00e1c V\u00e0 B\u1ea3o V\u1ec7 Tinh Th\u1ea7n 2025"},"content":{"rendered":"<div id=\"ez-toc-container\" class=\"ez-toc-v2_0_76 counter-hierarchy ez-toc-counter ez-toc-grey ez-toc-container-direction\">\n<div class=\"ez-toc-title-container\">\n<p class=\"ez-toc-title\" style=\"cursor:inherit\">N\u1ed9i Dung B\u00e0i Vi\u1ebft <\/p>\n<span class=\"ez-toc-title-toggle\"><\/span><\/div>\n<nav><ul class='ez-toc-list ez-toc-list-level-1' ><li class='ez-toc-page-1 ez-toc-heading-level-1'><a class=\"ez-toc-link ez-toc-heading-1\" href=\"https:\/\/daphongthuysoluna.vn\/en\/vong-tay-thach-anh-tim-soluna\/#Vong_Tay_Thach_Anh_Tim_SOLUNA_Da_Tri_Tue_Khai_Mo_Truc_Giac_Va_Bao_Ve_Tinh_Than_2025\" >V\u00f2ng Tay Th\u1ea1ch Anh T\u00edm SOLUNA: \u0110\u00e1 Tr\u00ed Tu\u1ec7 Khai M\u1edf Tr\u1ef1c Gi\u00e1c V\u00e0 B\u1ea3o V\u1ec7 Tinh Th\u1ea7n 2025<\/a><ul class='ez-toc-list-level-2' ><li class='ez-toc-heading-level-2'><a class=\"ez-toc-link ez-toc-heading-2\" href=\"https:\/\/daphongthuysoluna.vn\/en\/vong-tay-thach-anh-tim-soluna\/#Dinh_vi_cho_tri_tue_va_su_tinh_lang\" >\u0110\u1ecbnh v\u1ecb cho tr\u00ed tu\u1ec7 v\u00e0 s\u1ef1 t\u0129nh l\u1eb7ng<\/a><\/li><li class='ez-toc-page-1 ez-toc-heading-level-2'><a class=\"ez-toc-link ez-toc-heading-3\" href=\"https:\/\/daphongthuysoluna.vn\/en\/vong-tay-thach-anh-tim-soluna\/#3_Loi_ich_Tri_tue_ma_Thach_Anh_Tim_SOLUNA_mang_lai\" >3 L\u1ee3i \u00edch Tr\u00ed tu\u1ec7 m\u00e0 Th\u1ea1ch Anh T\u00edm SOLUNA mang l\u1ea1i:<\/a><ul class='ez-toc-list-level-3' ><li class='ez-toc-heading-level-3'><a class=\"ez-toc-link ez-toc-heading-4\" href=\"https:\/\/daphongthuysoluna.vn\/en\/vong-tay-thach-anh-tim-soluna\/#11_Vong_tay_Thach_Anh_Tim_la_gi_Bieu_tuong_cua_su_khon_ngoan\" >1.1. V\u00f2ng tay Th\u1ea1ch Anh T\u00edm l\u00e0 g\u00ec? Bi\u1ec3u t\u01b0\u1ee3ng c\u1ee7a s\u1ef1 kh\u00f4n ngoan<\/a><\/li><li class='ez-toc-page-1 ez-toc-heading-level-3'><a class=\"ez-toc-link ez-toc-heading-5\" href=\"https:\/\/daphongthuysoluna.vn\/en\/vong-tay-thach-anh-tim-soluna\/#12_Khai_mo_luan_xa_6_va_luan_xa_7_truc_giac_va_tri_tue\" >1.2. Khai m\u1edf lu\u00e2n xa 6 v\u00e0 lu\u00e2n xa 7 (tr\u1ef1c gi\u00e1c v\u00e0 tr\u00ed tu\u1ec7)<\/a><\/li><li class='ez-toc-page-1 ez-toc-heading-level-3'><a class=\"ez-toc-link ez-toc-heading-6\" href=\"https:\/\/daphongthuysoluna.vn\/en\/vong-tay-thach-anh-tim-soluna\/#13_Bi_quyet_ngu_ngon_va_tinh_tam_ung_dung_trai_nghiem\" >1.3. B\u00ed quy\u1ebft ng\u1ee7 ngon v\u00e0 t\u0129nh t\u00e2m (\u1ee9ng d\u1ee5ng tr\u1ea3i nghi\u1ec7m)<\/a><\/li><\/ul><\/li><li class='ez-toc-page-1 ez-toc-heading-level-2'><a class=\"ez-toc-link ez-toc-heading-7\" href=\"https:\/\/daphongthuysoluna.vn\/en\/vong-tay-thach-anh-tim-soluna\/#II_Phong_thuy_va_tieu_chuan_%E2%80%9Ctim_hoang_gia%E2%80%9D_SOLUNA\" >II. Phong th\u1ee7y v\u00e0 ti\u00eau chu\u1ea9n &#8220;t\u00edm ho\u00e0ng gia&#8221; SOLUNA<\/a><ul class='ez-toc-list-level-3' ><li class='ez-toc-heading-level-3'><a class=\"ez-toc-link ez-toc-heading-8\" href=\"https:\/\/daphongthuysoluna.vn\/en\/vong-tay-thach-anh-tim-soluna\/#21_Vong_tay_Thach_Anh_Tim_hop_menh_nao_trong_ngu_hanh\" >2.1. V\u00f2ng tay Th\u1ea1ch Anh T\u00edm h\u1ee3p m\u1ec7nh n\u00e0o trong ng\u0169 h\u00e0nh?<\/a><\/li><\/ul><\/li><li class='ez-toc-page-1 ez-toc-heading-level-2'><a class=\"ez-toc-link ez-toc-heading-9\" href=\"https:\/\/daphongthuysoluna.vn\/en\/vong-tay-thach-anh-tim-soluna\/#_22_Tieu_chuan_%E2%80%9Ctim_hoang_gia%E2%80%9D_cao_cap_SOLUNA\" >\u00a02.2. Ti\u00eau chu\u1ea9n &#8220;t\u00edm ho\u00e0ng gia&#8221; cao c\u1ea5p SOLUNA<\/a><\/li><li class='ez-toc-page-1 ez-toc-heading-level-2'><a class=\"ez-toc-link ez-toc-heading-10\" href=\"https:\/\/daphongthuysoluna.vn\/en\/vong-tay-thach-anh-tim-soluna\/#III_Huong_dan_su_dung_va_co_hoi_so_huu_ngay\" >III. H\u01b0\u1edbng d\u1eabn s\u1eed d\u1ee5ng v\u00e0 c\u01a1 h\u1ed9i s\u1edf h\u1eefu ngay<\/a><ul class='ez-toc-list-level-3' ><li class='ez-toc-heading-level-3'><a class=\"ez-toc-link ez-toc-heading-11\" href=\"https:\/\/daphongthuysoluna.vn\/en\/vong-tay-thach-anh-tim-soluna\/#31_Kich_hoat_nang_luong_bao_ve_tinh_tam\" >3.1. K\u00edch ho\u1ea1t n\u0103ng l\u01b0\u1ee3ng b\u1ea3o v\u1ec7 (t\u0129nh t\u00e2m)<\/a><\/li><li class='ez-toc-page-1 ez-toc-heading-level-3'><a class=\"ez-toc-link ez-toc-heading-12\" href=\"https:\/\/daphongthuysoluna.vn\/en\/vong-tay-thach-anh-tim-soluna\/#32_Mua_vong_tay_Thach_Anh_Tim_SOLUNA_o_dau\" >3.2. Mua v\u00f2ng tay Th\u1ea1ch Anh T\u00edm SOLUNA \u1edf \u0111\u00e2u?<\/a><\/li><\/ul><\/li><\/ul><\/li><\/ul><\/nav><\/div>\n<h1 data-rm-block-id=\"block-1\"><span class=\"ez-toc-section\" id=\"Vong_Tay_Thach_Anh_Tim_SOLUNA_Da_Tri_Tue_Khai_Mo_Truc_Giac_Va_Bao_Ve_Tinh_Than_2025\"><\/span><strong>V\u00f2ng Tay Th\u1ea1ch Anh T\u00edm SOLUNA: \u0110\u00e1 Tr\u00ed Tu\u1ec7 Khai M\u1edf Tr\u1ef1c Gi\u00e1c V\u00e0 B\u1ea3o V\u1ec7 Tinh Th\u1ea7n 2025<\/strong><span class=\"ez-toc-section-end\"><\/span><\/h1>\n<h2 data-rm-block-id=\"block-2\"><span class=\"ez-toc-section\" id=\"Dinh_vi_cho_tri_tue_va_su_tinh_lang\"><\/span><strong>\u0110\u1ecbnh v\u1ecb cho tr\u00ed tu\u1ec7 v\u00e0 s\u1ef1 t\u0129nh l\u1eb7ng<\/strong><span class=\"ez-toc-section-end\"><\/span><\/h2>\n<p data-rm-block-id=\"block-3\">Trong th\u1ebf gi\u1edbi hi\u1ec7n \u0111\u1ea1i \u0111\u1ea7y r\u1eaby s\u1ef1 nhi\u1ec5u lo\u1ea1n, vi\u1ec7c gi\u1eef t\u00e2m tr\u00ed s\u00e1ng su\u1ed1t v\u00e0 b\u1ea3o v\u1ec7 n\u0103ng l\u01b0\u1ee3ng c\u00e1 nh\u00e2n tr\u1edf n\u00ean v\u00f4 c\u00f9ng quan tr\u1ecdng. V\u00f2ng tay Th\u1ea1ch Anh T\u00edm SOLUNA kh\u00f4ng ch\u1ec9 l\u00e0 m\u1ed9t m\u00f3n trang s\u1ee9c qu\u00fd gi\u00e1 m\u00e0 c\u00f2n l\u00e0 v\u1eadt ph\u1ea9m phong th\u1ee7y m\u1ea1nh m\u1ebd nh\u1ea5t gi\u00fap b\u1ea1n khai m\u1edf tr\u1ef1c gi\u00e1c v\u00e0 \u0111\u1ea1t \u0111\u01b0\u1ee3c s\u1ef1 b\u00ecnh an n\u1ed9i t\u1ea1i.<\/p>\n<p data-rm-block-id=\"block-4\">Mang trong m\u00ecnh n\u0103ng l\u01b0\u1ee3ng t\u0129nh l\u1eb7ng c\u1ee7a Luna (M\u1eb7t Tr\u0103ng), Th\u1ea1ch Anh T\u00edm l\u00e0 vi\u00ean \u0111\u00e1 c\u1ee7a tr\u00ed tu\u1ec7 v\u00e0 s\u1ef1 b\u1ea3o v\u1ec7 tinh th\u1ea7n. \u0110\u00e2y l\u00e0 l\u1ef1a ch\u1ecdn h\u00e0ng \u0111\u1ea7u cho nh\u1eefng ng\u01b0\u1eddi \u0111ang t\u00ecm ki\u1ebfm s\u1ef1 t\u1eadp trung v\u00e0 gi\u1ea3m c\u0103ng th\u1eb3ng trong n\u0103m 2025.<\/p>\n<h2 data-rm-block-id=\"block-5\"><span class=\"ez-toc-section\" id=\"3_Loi_ich_Tri_tue_ma_Thach_Anh_Tim_SOLUNA_mang_lai\"><\/span><strong>3 L\u1ee3i \u00edch Tr\u00ed tu\u1ec7 m\u00e0 Th\u1ea1ch Anh T\u00edm SOLUNA mang l\u1ea1i:<\/strong><span class=\"ez-toc-section-end\"><\/span><\/h2>\n<p data-rm-block-id=\"block-6\"><strong>Khai m\u1edf tr\u1ef1c gi\u00e1c:<\/strong> Gi\u00fap b\u1ea1n \u0111\u01b0a ra quy\u1ebft \u0111\u1ecbnh s\u00e1ng su\u1ed1t v\u00e0 nhanh ch\u00f3ng.<\/p>\n<ol>\n<li data-rm-block-id=\"block-7\"><strong>B\u1ea3o v\u1ec7 gi\u1ea5c ng\u1ee7:<\/strong> \u0110em l\u1ea1i gi\u1ea5c ng\u1ee7 s\u00e2u, an l\u00e0nh v\u00e0 h\u1ea1n ch\u1ebf \u00e1c m\u1ed9ng.<\/li>\n<li data-rm-block-id=\"block-8\"><strong>H\u1ee3p m\u1ec7nh H\u1ecfa\/Th\u1ed5:<\/strong> T\u0103ng c\u01b0\u1eddng s\u1ef1 \u1ed5n \u0111\u1ecbnh v\u00e0 k\u00ecm h\u00e3m n\u00f3ng gi\u1eadn theo Ng\u0169 H\u00e0nh.<\/li>\n<li data-rm-block-id=\"block-9\"><strong> Th\u1ea1ch Anh T\u00edm \u2013 N\u0103ng l\u01b0\u1ee3ng t\u0129nh l\u1eb7ng b\u1ea3o v\u1ec7 gi\u1ea5c ng\u1ee7<\/strong><\/li>\n<\/ol>\n<h3 data-rm-block-id=\"block-10\"><span class=\"ez-toc-section\" id=\"11_Vong_tay_Thach_Anh_Tim_la_gi_Bieu_tuong_cua_su_khon_ngoan\"><\/span><strong>1.1. V\u00f2ng tay Th\u1ea1ch Anh T\u00edm l\u00e0 g\u00ec? Bi\u1ec3u t\u01b0\u1ee3ng c\u1ee7a s\u1ef1 kh\u00f4n ngoan<\/strong><span class=\"ez-toc-section-end\"><\/span><\/h3>\n<p data-rm-block-id=\"block-11\">Th\u1ea1ch Anh T\u00edm (<em>Amethyst<\/em>) l\u00e0 m\u1ed9t lo\u1ea1i tinh th\u1ec3 Quartz c\u00f3 m\u00e0u t\u00edm \u0111\u1eb7c tr\u01b0ng, h\u00ecnh th\u00e0nh nh\u1edd s\u1ef1 hi\u1ec7n di\u1ec7n c\u1ee7a s\u1eaft v\u00e0 b\u1ee9c x\u1ea1 t\u1ef1 nhi\u00ean trong l\u00f2ng \u0111\u1ea5t. M\u00e0u t\u00edm s\u00e2u s\u1eafc c\u1ee7a n\u00f3 t\u1eebng \u0111\u01b0\u1ee3c coi tr\u1ecdng ngang ng\u1eeda kim c\u01b0\u01a1ng b\u1edfi c\u00e1c v\u1ecb Vua ch\u00faa v\u00e0 Gi\u00e1o s\u0129, bi\u1ec3u t\u01b0\u1ee3ng cho s\u1ef1 kh\u00f4n ngoan v\u00e0 quy\u1ec1n l\u1ef1c t\u00e2m linh.<\/p>\n<p data-rm-block-id=\"block-12\">V\u00f2ng tay Th\u1ea1ch Anh T\u00edm mang l\u1ea1i s\u1ef1 t\u0129nh t\u00e2m hi\u1ebfm c\u00f3. N\u00f3 gi\u00fap b\u1ea1n thanh l\u1ecdc m\u00f4i tr\u01b0\u1eddng xung quanh, bi\u1ebfn n\u0103ng l\u01b0\u1ee3ng ti\u00eau c\u1ef1c th\u00e0nh t\u00edch c\u1ef1c.<\/p>\n<figure id=\"attachment_1445\" aria-describedby=\"caption-attachment-1445\" style=\"width: 300px\" class=\"wp-caption aligncenter\"><img loading=\"lazy\" decoding=\"async\" class=\"wp-image-1445 size-medium\" src=\"https:\/\/daphongthuysoluna.vn\/wp-content\/uploads\/2018\/08\/da-thach-anh-tim1-1-300x300.jpg\" alt=\"H\u00ecnh \u1ea3nh s\u1ea3n ph\u1ea9m v\u00f2ng tay Th\u1ea1ch Anh T\u00edm SOLUNA \" width=\"300\" height=\"300\" srcset=\"https:\/\/daphongthuysoluna.vn\/wp-content\/uploads\/2018\/08\/da-thach-anh-tim1-1-300x300.jpg 300w, https:\/\/daphongthuysoluna.vn\/wp-content\/uploads\/2018\/08\/da-thach-anh-tim1-1-247x247.jpg 247w, https:\/\/daphongthuysoluna.vn\/wp-content\/uploads\/2018\/08\/da-thach-anh-tim1-1-100x100.jpg 100w, https:\/\/daphongthuysoluna.vn\/wp-content\/uploads\/2018\/08\/da-thach-anh-tim1-1-510x510.jpg 510w, https:\/\/daphongthuysoluna.vn\/wp-content\/uploads\/2018\/08\/da-thach-anh-tim1-1-150x150.jpg 150w, https:\/\/daphongthuysoluna.vn\/wp-content\/uploads\/2018\/08\/da-thach-anh-tim1-1.jpg 600w\" sizes=\"auto, (max-width: 300px) 100vw, 300px\" \/><figcaption id=\"caption-attachment-1445\" class=\"wp-caption-text\">da-thach-anh-tim1<\/figcaption><\/figure>\n<h3 data-rm-block-id=\"block-13\"><span class=\"ez-toc-section\" id=\"12_Khai_mo_luan_xa_6_va_luan_xa_7_truc_giac_va_tri_tue\"><\/span><strong>1.2. Khai m\u1edf lu\u00e2n xa 6 v\u00e0 lu\u00e2n xa 7 (tr\u1ef1c gi\u00e1c v\u00e0 tr\u00ed tu\u1ec7)<\/strong><span class=\"ez-toc-section-end\"><\/span><\/h3>\n<p data-rm-block-id=\"block-14\">N\u0103ng l\u01b0\u1ee3ng rung \u0111\u1ed9ng cao c\u1ee7a Th\u1ea1ch Anh T\u00edm t\u01b0\u01a1ng th\u00edch ho\u00e0n h\u1ea3o v\u1edbi hai trung t\u00e2m n\u0103ng l\u01b0\u1ee3ng cao nh\u1ea5t:<\/p>\n<ul>\n<li data-rm-block-id=\"block-15\"><span style=\"color: #000000;\"><strong><b><a class=\"ng-star-inserted\" style=\"color: #000000;\" href=\"https:\/\/www.google.com\/search?q=https:\/\/chopra.com\/articles\/what-is-the-third-eye-chakra\" target=\"_blank\" rel=\"noopener\" data-hveid=\"0\" data-ved=\"0CAAQ_4QMahgKEwiSnJG0s-SQAxUAAAAAHQAAAAAQnQU\">Lu\u00e2n Xa 6 (Ajna &#8211; M\u1eaft Th\u1ee9 Ba)<\/a><\/b>: <\/strong><\/span>T\u0103ng c\u01b0\u1eddng tr\u1ef1c gi\u00e1c, kh\u1ea3 n\u0103ng nh\u00ecn xa tr\u00f4ng r\u1ed9ng. Ng\u01b0\u1eddi \u0111eo Th\u1ea1ch Anh T\u00edm th\u01b0\u1eddng t\u00ecm th\u1ea5y c\u00e2u tr\u1ea3 l\u1eddi cho nh\u1eefng v\u1ea5n \u0111\u1ec1 ph\u1ee9c t\u1ea1p m\u1ed9t c\u00e1ch nhanh ch\u00f3ng. Theo c\u00e1c nh\u00e0 nghi\u00ean c\u1ee9u v\u1ec1 n\u0103ng l\u01b0\u1ee3ng, Lu\u00e2n Xa M\u1eaft Th\u1ee9 Ba khi \u0111\u01b0\u1ee3c khai m\u1edf s\u1ebd gi\u00fap b\u1ea1n k\u1ebft n\u1ed1i s\u00e2u s\u1eafc h\u01a1n v\u1edbi b\u1ea3n ng\u00e3.<\/li>\n<li data-rm-block-id=\"block-16\"><strong>Lu\u00e2n Xa 7: <\/strong>k\u1ebft n\u1ed1i b\u1ea1n v\u1edbi n\u0103ng l\u01b0\u1ee3ng v\u0169 tr\u1ee5, gi\u00fap b\u1ea1n \u0111\u1ea1t \u0111\u01b0\u1ee3c s\u1ef1 gi\u00e1c ng\u1ed9 v\u00e0 c\u00e2n b\u1eb1ng n\u1ed9i t\u00e2m.<\/li>\n<\/ul>\n<h3 data-rm-block-id=\"block-17\"><span class=\"ez-toc-section\" id=\"13_Bi_quyet_ngu_ngon_va_tinh_tam_ung_dung_trai_nghiem\"><\/span><strong>1.3. B\u00ed quy\u1ebft ng\u1ee7 ngon v\u00e0 t\u0129nh t\u00e2m (\u1ee9ng d\u1ee5ng tr\u1ea3i nghi\u1ec7m)<\/strong><span class=\"ez-toc-section-end\"><\/span><\/h3>\n<p data-rm-block-id=\"block-18\">N\u1ebfu b\u1ea1n \u0111ang ph\u1ea3i \u0111\u1ed1i m\u1eb7t v\u1edbi c\u0103ng th\u1eb3ng v\u00e0 m\u1ea5t ng\u1ee7, Th\u1ea1ch Anh T\u00edm ch\u00ednh l\u00e0 gi\u1ea3i ph\u00e1p t\u1ef1 nhi\u00ean. B\u1ea1n c\u00f3 th\u1ec3 \u0111\u1eb7t vi\u00ean \u0111\u00e1 d\u01b0\u1edbi g\u1ed1i ho\u1eb7c c\u1ea1nh gi\u01b0\u1eddng \u0111\u1ec3 h\u1ea5p th\u1ee5 n\u0103ng l\u01b0\u1ee3ng ti\u00eau c\u1ef1c, t\u1eeb \u0111\u00f3 \u0111em l\u1ea1i gi\u1ea5c ng\u1ee7 s\u00e2u v\u00e0 lo\u1ea1i b\u1ecf \u00e1c m\u1ed9ng. Nhi\u1ec1u kh\u00e1ch h\u00e0ng chia s\u1ebb r\u1eb1ng vi\u1ec7c \u0111eo v\u00f2ng tay Th\u1ea1ch Anh T\u00edm trong th\u1eddi gian l\u00e0m vi\u1ec7c gi\u00fap h\u1ecd duy tr\u00ec s\u1ef1 t\u1eadp trung cao \u0111\u1ed9 v\u00e0 gi\u1ea3m lo \u00e2u \u0111\u00e1ng k\u1ec3.<\/p>\n<h2 data-rm-block-id=\"block-19\"><span class=\"ez-toc-section\" id=\"II_Phong_thuy_va_tieu_chuan_%E2%80%9Ctim_hoang_gia%E2%80%9D_SOLUNA\"><\/span><strong>II. Phong th\u1ee7y v\u00e0 ti\u00eau chu\u1ea9n &#8220;t\u00edm ho\u00e0ng gia&#8221; SOLUNA<\/strong><span class=\"ez-toc-section-end\"><\/span><\/h2>\n<h3 data-rm-block-id=\"block-20\"><span class=\"ez-toc-section\" id=\"21_Vong_tay_Thach_Anh_Tim_hop_menh_nao_trong_ngu_hanh\"><\/span><strong>2.1. V\u00f2ng tay Th\u1ea1ch Anh T\u00edm h\u1ee3p m\u1ec7nh n\u00e0o trong ng\u0169 h\u00e0nh?<\/strong><span class=\"ez-toc-section-end\"><\/span><\/h3>\n<p data-rm-block-id=\"block-21\">Trong Ng\u0169 H\u00e0nh, m\u00e0u T\u00edm thu\u1ed9c h\u00e0nh H\u1ecfa, do \u0111\u00f3 m\u00e0 v\u00f2ng tay Th\u1ea1ch Anh T\u00edm l\u00e0 v\u1eadt ph\u1ea9m l\u00fd t\u01b0\u1edfng cho:<\/p>\n<ul>\n<li data-rm-block-id=\"block-22\"><strong>M\u1ec7nh H\u1ecfa (t\u01b0\u01a1ng h\u1ee3p):<\/strong> gi\u00fap trung h\u00f2a s\u1ef1 n\u00f3ng v\u1ed9i, k\u00ecm h\u00e3m s\u1ef1 b\u1ed1c \u0111\u1ed3ng, v\u00e0 t\u0103ng c\u01b0\u1eddng tr\u00ed tu\u1ec7 \u0111\u1ec3 \u0111\u01b0a ra quy\u1ebft \u0111\u1ecbnh l\u00fd tr\u00ed h\u01a1n.<\/li>\n<li data-rm-block-id=\"block-23\"><strong>M\u1ec7nh Th\u1ed5 (t\u01b0\u01a1ng sinh):<\/strong> H\u1ecfa sinh Th\u1ed5, mang l\u1ea1i s\u1ef1 h\u1ed7 tr\u1ee3 tuy\u1ec7t \u0111\u1ed1i v\u1ec1 s\u1ef1 \u1ed5n \u0111\u1ecbnh trong s\u1ef1 nghi\u1ec7p v\u00e0 s\u1ee9c kh\u1ecfe<\/li>\n<\/ul>\n<h2 data-rm-block-id=\"block-24\"><span class=\"ez-toc-section\" id=\"_22_Tieu_chuan_%E2%80%9Ctim_hoang_gia%E2%80%9D_cao_cap_SOLUNA\"><\/span><strong>\u00a02.2. Ti\u00eau chu\u1ea9n &#8220;t\u00edm ho\u00e0ng gia&#8221; cao c\u1ea5p SOLUNA<\/strong><span class=\"ez-toc-section-end\"><\/span><\/h2>\n<p data-rm-block-id=\"block-25\">Th\u1ea1ch Anh T\u00edm cao c\u1ea5p \u0111\u01b0\u1ee3c g\u1ecdi l\u00e0 &#8220;T\u00edm Ho\u00e0ng Gia&#8221; b\u1edfi m\u00e0u s\u1eafc ph\u1ea3i c\u00f3 \u0111\u1ed9 s\u00e2u, kh\u00f4ng b\u1ecb nh\u1ea1t. B\u1ea1n c\u1ea7n l\u01b0u \u00fd:<\/p>\n<ol>\n<li data-rm-block-id=\"block-26\"><strong>Ph\u00e2n b\u1ed1 m\u00e0u s\u1eafc:<\/strong> \u0111\u00e1 t\u1ef1 nhi\u00ean th\u01b0\u1eddng c\u00f3 d\u1ea3i m\u00e0u, t\u1ee9c l\u00e0 m\u00e0u t\u00edm kh\u00f4ng ho\u00e0n to\u00e0n \u0111\u1ed3ng \u0111\u1ec1u m\u00e0 c\u00f3 s\u1ef1 \u0111\u1eadm nh\u1ea1t kh\u00e1c nhau. \u0110\u00e1 nhu\u1ed9m ho\u1eb7c t\u1ed5ng h\u1ee3p th\u01b0\u1eddng c\u00f3 m\u00e0u \u0111\u1ed3ng nh\u1ea5t.<\/li>\n<li data-rm-block-id=\"block-27\"><strong>\u0110\u1ed9 trong:<\/strong> tinh th\u1ec3 c\u00e0ng trong su\u1ed1t, gi\u00e1 tr\u1ecb c\u00e0ng cao, Th\u1ea1ch Anh T\u00edm \u0111\u01b0\u1ee3c khai th\u00e1c ch\u1ee7 y\u1ebfu \u1edf Brazil v\u00e0 Uruguay l\u00e0 nh\u1eefng ngu\u1ed3n c\u00f3 ch\u1ea5t l\u01b0\u1ee3ng t\u1ed1t nh\u1ea5t.<\/li>\n<li data-rm-block-id=\"block-28\"><strong>Thanh t\u1ea9y n\u0103ng l\u01b0\u1ee3ng Luna:<\/strong> m\u1ed7i vi\u00ean v\u00f2ng tay Th\u1ea1ch Anh T\u00edm c\u1ee7a SOLUNA \u0111\u1ec1u tr\u1ea3i qua qu\u00e1 tr\u00ecnh thanh t\u1ea9y n\u0103ng l\u01b0\u1ee3ng th\u1ee7 c\u00f4ng b\u1eb1ng \u00e1nh tr\u0103ng Luna, \u0111\u1ea3m b\u1ea3o n\u0103ng l\u01b0\u1ee3ng thu\u1ea7n khi\u1ebft v\u00e0 s\u1eb5n s\u00e0ng k\u00edch ho\u1ea1t.<\/li>\n<\/ol>\n<h2 data-rm-block-id=\"block-29\"><span class=\"ez-toc-section\" id=\"III_Huong_dan_su_dung_va_co_hoi_so_huu_ngay\"><\/span><strong>III. H\u01b0\u1edbng d\u1eabn s\u1eed d\u1ee5ng v\u00e0 c\u01a1 h\u1ed9i s\u1edf h\u1eefu ngay<\/strong><span class=\"ez-toc-section-end\"><\/span><\/h2>\n<h3 data-rm-block-id=\"block-30\"><span class=\"ez-toc-section\" id=\"31_Kich_hoat_nang_luong_bao_ve_tinh_tam\"><\/span><strong>3.1. K\u00edch ho\u1ea1t n\u0103ng l\u01b0\u1ee3ng b\u1ea3o v\u1ec7 (t\u0129nh t\u00e2m)<\/strong><span class=\"ez-toc-section-end\"><\/span><\/h3>\n<ul>\n<li data-rm-block-id=\"block-31\"><strong>N\u01a1i \u0111\u1eb7t:<\/strong> \u0111\u1eb7t vi\u00ean \u0111\u00e1 d\u01b0\u1edbi g\u1ed1i ho\u1eb7c tr\u00ean b\u00e0n l\u00e0m vi\u1ec7c, ho\u1eb7c c\u1ea7m tr\u00ean tay khi thi\u1ec1n \u0111\u1ecbnh \u0111\u1ec3 h\u1ed7 tr\u1ee3 qu\u00e1 tr\u00ecnh t\u0129nh t\u00e2m.<\/li>\n<li data-rm-block-id=\"block-32\"><strong>K\u00edch ho\u1ea1t Luna:<\/strong> m\u1ed7i th\u00e1ng m\u1ed9t l\u1ea7n, b\u1ea1n h\u00e3y \u0111\u1eb7t v\u00f2ng tay Th\u1ea1ch Anh T\u00edm d\u01b0\u1edbi \u00e1nh tr\u0103ng r\u1eb1m \u0111\u1ec3 n\u1ea1p l\u1ea1i n\u0103ng l\u01b0\u1ee3ng b\u1ea3o v\u1ec7.<\/li>\n<li data-rm-block-id=\"block-33\"><strong>V\u1ecb tr\u00ed \u0111eo:<\/strong> \u0111eo tay tr\u00e1i khi mu\u1ed1n h\u1ea5p th\u1ee5 n\u0103ng l\u01b0\u1ee3ng b\u00ecnh an v\u00e0 tr\u00ed tu\u1ec7.<\/li>\n<\/ul>\n<figure id=\"attachment_1444\" aria-describedby=\"caption-attachment-1444\" style=\"width: 300px\" class=\"wp-caption aligncenter\"><img loading=\"lazy\" decoding=\"async\" class=\"wp-image-1444 size-medium\" src=\"https:\/\/daphongthuysoluna.vn\/wp-content\/uploads\/2018\/08\/da-thach-anh-tim2-300x300.jpg\" alt=\"C\u00e1ch s\u1ea1c n\u0103ng l\u01b0\u1ee3ng v\u00f2ng tay Th\u1ea1ch Anh T\u00edm SOLUNA d\u01b0\u1edbi \u00e1nh tr\u0103ng Luna \u0111\u1ec3 k\u00edch ho\u1ea1t tr\u1ef1c gi\u00e1c.\" width=\"300\" height=\"300\" srcset=\"https:\/\/daphongthuysoluna.vn\/wp-content\/uploads\/2018\/08\/da-thach-anh-tim2-300x300.jpg 300w, https:\/\/daphongthuysoluna.vn\/wp-content\/uploads\/2018\/08\/da-thach-anh-tim2-247x247.jpg 247w, https:\/\/daphongthuysoluna.vn\/wp-content\/uploads\/2018\/08\/da-thach-anh-tim2-100x100.jpg 100w, https:\/\/daphongthuysoluna.vn\/wp-content\/uploads\/2018\/08\/da-thach-anh-tim2-510x510.jpg 510w, https:\/\/daphongthuysoluna.vn\/wp-content\/uploads\/2018\/08\/da-thach-anh-tim2-150x150.jpg 150w, https:\/\/daphongthuysoluna.vn\/wp-content\/uploads\/2018\/08\/da-thach-anh-tim2.jpg 600w\" sizes=\"auto, (max-width: 300px) 100vw, 300px\" \/><figcaption id=\"caption-attachment-1444\" class=\"wp-caption-text\">da-thach-anh-tim2<\/figcaption><\/figure>\n<h3 data-rm-block-id=\"block-34\"><span class=\"ez-toc-section\" id=\"32_Mua_vong_tay_Thach_Anh_Tim_SOLUNA_o_dau\"><\/span><strong>3.2. Mua v\u00f2ng tay Th\u1ea1ch Anh T\u00edm SOLUNA \u1edf \u0111\u00e2u?<\/strong><span class=\"ez-toc-section-end\"><\/span><\/h3>\n<p data-rm-block-id=\"block-35\">SOLUNA cam k\u1ebft cung c\u1ea5p Th\u1ea1ch Anh T\u00edm t\u1ef1 nhi\u00ean 100%, c\u00f3 ch\u00ednh s\u00e1ch ki\u1ec3m \u0111\u1ecbnh r\u00f5 r\u00e0ng. V\u00f2ng tay Th\u1ea1ch Anh T\u00edm t\u1ea1i SOLUNA c\u00f3 gi\u00e1 ph\u00e2n kh\u00fac t\u1eeb 300.000 VN\u0110 \u0111\u1ebfn 1.100.000VN\u0110 (t\u00f9y thu\u1ed9c v\u00e0o thi\u1ebft k\u1ebf).<\/p>\n<p data-rm-block-id=\"block-35\">\u00bb Xem th\u00eam:<span style=\"color: #008000;\"> <a class=\"ng-star-inserted\" style=\"color: #008000;\" href=\"https:\/\/daphongthuysoluna.vn\/en\/meo-phong-thuy-luu-y-khi-mang-da-phong-thuy\/\" target=\"_blank\" rel=\"noopener\" data-hveid=\"0\" data-ved=\"0CAAQ_4QMahgKEwjV6qW87JSRAxUAAAAAHQAAAAAQ-gI\">M\u1eb9o Phong Th\u1ee7y L\u01b0u \u00dd Khi Mang \u0110\u00e1 Phong Th\u1ee7y<\/a><\/span><\/p>\n<p style=\"text-align: center;\" data-rm-block-id=\"block-36\"><em>Th\u1ea1ch Anh T\u00edm kh\u00f4ng ch\u1ec9 l\u00e0 \u0111\u00e1 qu\u00fd m\u00e0 l\u00e0 vi\u00ean \u0111\u00e1 l\u00e3nh \u0111\u1ea1o, bi\u1ec3u t\u01b0\u1ee3ng cho tr\u00ed tu\u1ec7 v\u00e0 s\u1ef1 b\u00ecnh t\u0129nh c\u1ea7n c\u00f3 c\u1ee7a ng\u01b0\u1eddi th\u00e0nh c\u00f4ng.<\/em><\/p>\n<p style=\"text-align: center;\" data-rm-block-id=\"block-37\"><em>\u0110\u1eebng \u0111\u1ec3 c\u0103ng th\u1eb3ng v\u00e0 s\u1ef1 h\u1ed7n lo\u1ea1n l\u00e0m m\u1ea5t \u0111i n\u0103ng l\u01b0\u1ee3ng c\u1ee7a b\u1ea1n. H\u00e3y \u0111\u1ec3 V\u00f2ng Tay Th\u1ea1ch Anh T\u00edm SOLUNA b\u1ea3o v\u1ec7 tinh th\u1ea7n v\u00e0 khai m\u1edf tr\u1ef1c gi\u00e1c cho b\u1ea1n trong n\u0103m 2025 \u0111\u1ea7y th\u1eed th\u00e1ch n\u00e0y.<\/em><\/p>\n<p data-rm-block-id=\"block-39\">","protected":false},"excerpt":{"rendered":"<p>V\u00f2ng Tay Th\u1ea1ch Anh T\u00edm SOLUNA: \u0110\u00e1 Tr\u00ed Tu\u1ec7 Khai M\u1edf Tr\u1ef1c Gi\u00e1c V\u00e0 B\u1ea3o V\u1ec7 Tinh Th\u1ea7n 2025 \u0110\u1ecbnh v\u1ecb cho tr\u00ed tu\u1ec7 v\u00e0 s\u1ef1 t\u0129nh l\u1eb7ng Trong th\u1ebf gi\u1edbi hi\u1ec7n \u0111\u1ea1i \u0111\u1ea7y r\u1eaby s\u1ef1 nhi\u1ec5u lo\u1ea1n, vi\u1ec7c gi\u1eef t\u00e2m tr\u00ed s\u00e1ng su\u1ed1t v\u00e0 b\u1ea3o v\u1ec7 n\u0103ng l\u01b0\u1ee3ng c\u00e1 nh\u00e2n tr\u1edf n\u00ean v\u00f4 c\u00f9ng &#8230;<\/p>","protected":false},"author":5,"featured_media":1443,"parent":0,"menu_order":0,"comment_status":"closed","ping_status":"closed","template":"","meta":{"_acf_changed":false,"footnotes":""},"class_list":["post-731","page","type-page","status-publish","has-post-thumbnail","hentry"],"acf":[],"_links":{"self":[{"href":"https:\/\/daphongthuysoluna.vn\/en\/wp-json\/wp\/v2\/pages\/731","targetHints":{"allow":["GET"]}}],"collection":[{"href":"https:\/\/daphongthuysoluna.vn\/en\/wp-json\/wp\/v2\/pages"}],"about":[{"href":"https:\/\/daphongthuysoluna.vn\/en\/wp-json\/wp\/v2\/types\/page"}],"author":[{"embeddable":true,"href":"https:\/\/daphongthuysoluna.vn\/en\/wp-json\/wp\/v2\/users\/5"}],"replies":[{"embeddable":true,"href":"https:\/\/daphongthuysoluna.vn\/en\/wp-json\/wp\/v2\/comments?post=731"}],"version-history":[{"count":6,"href":"https:\/\/daphongthuysoluna.vn\/en\/wp-json\/wp\/v2\/pages\/731\/revisions"}],"predecessor-version":[{"id":1549,"href":"https:\/\/daphongthuysoluna.vn\/en\/wp-json\/wp\/v2\/pages\/731\/revisions\/1549"}],"wp:featuredmedia":[{"embeddable":true,"href":"https:\/\/daphongthuysoluna.vn\/en\/wp-json\/wp\/v2\/media\/1443"}],"wp:attachment":[{"href":"https:\/\/daphongthuysoluna.vn\/en\/wp-json\/wp\/v2\/media?parent=731"}],"curies":[{"name":"wp","href":"https:\/\/api.w.org\/{rel}","templated":true}]}}