{"id":740,"date":"2025-11-11T21:00:59","date_gmt":"2025-11-11T14:00:59","guid":{"rendered":"https:\/\/daphongthuysoluna.vn\/?page_id=740"},"modified":"2025-11-11T21:00:59","modified_gmt":"2025-11-11T14:00:59","slug":"vong-tay-thach-anh-trang-soluna","status":"publish","type":"page","link":"https:\/\/daphongthuysoluna.vn\/en\/vong-tay-thach-anh-trang-soluna\/","title":{"rendered":"V\u00f2ng Tay Th\u1ea1ch Anh Tr\u1eafng SOLUNA: Vi\u00ean \u0110\u00e1 &#8220;Reset N\u0103ng L\u01b0\u1ee3ng&#8221; v\u00e0 Khu\u1ebfch \u0110\u1ea1i Tr\u00ed L\u1ef1c 2025"},"content":{"rendered":"<div id=\"ez-toc-container\" class=\"ez-toc-v2_0_76 counter-hierarchy ez-toc-counter ez-toc-grey ez-toc-container-direction\">\n<div class=\"ez-toc-title-container\">\n<p class=\"ez-toc-title\" style=\"cursor:inherit\">N\u1ed9i Dung B\u00e0i Vi\u1ebft <\/p>\n<span class=\"ez-toc-title-toggle\"><\/span><\/div>\n<nav><ul class='ez-toc-list ez-toc-list-level-1' ><li class='ez-toc-page-1 ez-toc-heading-level-1'><a class=\"ez-toc-link ez-toc-heading-1\" href=\"https:\/\/daphongthuysoluna.vn\/en\/vong-tay-thach-anh-trang-soluna\/#Vong_Tay_Thach_Anh_Trang_SOLUNA_Vien_Da_%E2%80%9CReset_Nang_Luong%E2%80%9D_va_Khuech_Dai_Tri_Luc_2025\" >V\u00f2ng Tay Th\u1ea1ch Anh Tr\u1eafng SOLUNA: Vi\u00ean \u0110\u00e1 &#8220;Reset N\u0103ng L\u01b0\u1ee3ng&#8221; v\u00e0 Khu\u1ebfch \u0110\u1ea1i Tr\u00ed L\u1ef1c 2025<\/a><ul class='ez-toc-list-level-2' ><li class='ez-toc-heading-level-2'><a class=\"ez-toc-link ez-toc-heading-2\" href=\"https:\/\/daphongthuysoluna.vn\/en\/vong-tay-thach-anh-trang-soluna\/#Dinh_vi_cho_tri_tue_va_su_tinh_loc\" >\u0110\u1ecbnh v\u1ecb cho tr\u00ed tu\u1ec7 v\u00e0 s\u1ef1 tinh l\u1ecdc<\/a><\/li><li class='ez-toc-page-1 ez-toc-heading-level-2'><a class=\"ez-toc-link ez-toc-heading-3\" href=\"https:\/\/daphongthuysoluna.vn\/en\/vong-tay-thach-anh-trang-soluna\/#3_Kha_nang_dac_biet_khien_ban_can_Vong_Tay_Thach_Anh_Trang_SOLUNA\" >3 Kh\u1ea3 n\u0103ng \u0111\u1eb7c bi\u1ec7t khi\u1ebfn b\u1ea1n c\u1ea7n V\u00f2ng Tay Th\u1ea1ch Anh Tr\u1eafng SOLUNA:<\/a><\/li><li class='ez-toc-page-1 ez-toc-heading-level-2'><a class=\"ez-toc-link ez-toc-heading-4\" href=\"https:\/\/daphongthuysoluna.vn\/en\/vong-tay-thach-anh-trang-soluna\/#I_Thach_Anh_Trang_%E2%80%9CMaster_Healer%E2%80%9D_cua_moi_tinh_the\" >I. Th\u1ea1ch Anh Tr\u1eafng: &#8220;Master Healer&#8221; c\u1ee7a m\u1ecdi tinh th\u1ec3<\/a><\/li><li class='ez-toc-page-1 ez-toc-heading-level-2'><a class=\"ez-toc-link ez-toc-heading-5\" href=\"https:\/\/daphongthuysoluna.vn\/en\/vong-tay-thach-anh-trang-soluna\/#11_Vong_tay_Thach_Anh_Trang_la_gi_Bieu_tuong_cua_su_tinh_khiet\" >1.1. V\u00f2ng tay Th\u1ea1ch Anh Tr\u1eafng l\u00e0 g\u00ec? Bi\u1ec3u t\u01b0\u1ee3ng c\u1ee7a s\u1ef1 tinh khi\u1ebft<\/a><ul class='ez-toc-list-level-3' ><li class='ez-toc-heading-level-3'><a class=\"ez-toc-link ez-toc-heading-6\" href=\"https:\/\/daphongthuysoluna.vn\/en\/vong-tay-thach-anh-trang-soluna\/#12_Thanh_loc_va_%E2%80%9CReset%E2%80%9D_truong_khi_ca_nhan\" >1.2. Thanh l\u1ecdc v\u00e0 &#8220;Reset&#8221; tr\u01b0\u1eddng kh\u00ed c\u00e1 nh\u00e2n<\/a><\/li><li class='ez-toc-page-1 ez-toc-heading-level-3'><a class=\"ez-toc-link ez-toc-heading-7\" href=\"https:\/\/daphongthuysoluna.vn\/en\/vong-tay-thach-anh-trang-soluna\/#13_Khuech_dai_suc_manh_cua_cac_loai_da_khac\" >1.3. Khu\u1ebfch \u0111\u1ea1i s\u1ee9c m\u1ea1nh c\u1ee7a c\u00e1c lo\u1ea1i \u0111\u00e1 kh\u00e1c<\/a><\/li><\/ul><\/li><li class='ez-toc-page-1 ez-toc-heading-level-2'><a class=\"ez-toc-link ez-toc-heading-8\" href=\"https:\/\/daphongthuysoluna.vn\/en\/vong-tay-thach-anh-trang-soluna\/#II_Phong_thuy_chat_luong_va_ung_dung_da_chieu\" >II. Phong th\u1ee7y, ch\u1ea5t l\u01b0\u1ee3ng v\u00e0 \u1ee9ng d\u1ee5ng \u0111a chi\u1ec1u<\/a><ul class='ez-toc-list-level-3' ><li class='ez-toc-heading-level-3'><a class=\"ez-toc-link ez-toc-heading-9\" href=\"https:\/\/daphongthuysoluna.vn\/en\/vong-tay-thach-anh-trang-soluna\/#21_Vong_tay_Thach_Anh_Trang_hop_menh_nao_nhat\" >2.1. V\u00f2ng tay Th\u1ea1ch Anh Tr\u1eafng h\u1ee3p m\u1ec7nh n\u00e0o nh\u1ea5t?<\/a><\/li><li class='ez-toc-page-1 ez-toc-heading-level-3'><a class=\"ez-toc-link ez-toc-heading-10\" href=\"https:\/\/daphongthuysoluna.vn\/en\/vong-tay-thach-anh-trang-soluna\/#22_Tieu_chuan_%E2%80%9Cdo_trong_tinh_khiet%E2%80%9D_SOLUNA\" >2.2. Ti\u00eau chu\u1ea9n &#8220;\u0111\u1ed9 trong tinh khi\u1ebft&#8221; SOLUNA<\/a><\/li><\/ul><\/li><li class='ez-toc-page-1 ez-toc-heading-level-2'><a class=\"ez-toc-link ez-toc-heading-11\" href=\"https:\/\/daphongthuysoluna.vn\/en\/vong-tay-thach-anh-trang-soluna\/#III_Huong_dan_kich_hoat_va_co_hoi_so_huu_ngay\" >III. H\u01b0\u1edbng d\u1eabn k\u00edch ho\u1ea1t v\u00e0 c\u01a1 h\u1ed9i s\u1edf h\u1eefu ngay<\/a><ul class='ez-toc-list-level-3' ><li class='ez-toc-heading-level-3'><a class=\"ez-toc-link ez-toc-heading-12\" href=\"https:\/\/daphongthuysoluna.vn\/en\/vong-tay-thach-anh-trang-soluna\/#31_Bi_quyet_lap_trinh_y_dinh_voi_da_chu\" >3.1. B\u00ed quy\u1ebft l\u1eadp tr\u00ecnh \u00fd \u0111\u1ecbnh v\u1edbi \u0111\u00e1 ch\u1ee7\u00a0<\/a><\/li><li class='ez-toc-page-1 ez-toc-heading-level-3'><a class=\"ez-toc-link ez-toc-heading-13\" href=\"https:\/\/daphongthuysoluna.vn\/en\/vong-tay-thach-anh-trang-soluna\/#32_Mua_vong_tay_Thach_Anh_Trang_SOLUNA_o_dau\" >3.2. Mua v\u00f2ng tay Th\u1ea1ch Anh Tr\u1eafng SOLUNA \u1edf \u0111\u00e2u?<\/a><\/li><\/ul><\/li><\/ul><\/li><\/ul><\/nav><\/div>\n<h1 data-rm-block-id=\"block-1\"><span class=\"ez-toc-section\" id=\"Vong_Tay_Thach_Anh_Trang_SOLUNA_Vien_Da_%E2%80%9CReset_Nang_Luong%E2%80%9D_va_Khuech_Dai_Tri_Luc_2025\"><\/span><strong>V\u00f2ng Tay Th\u1ea1ch Anh Tr\u1eafng SOLUNA: Vi\u00ean \u0110\u00e1 &#8220;Reset N\u0103ng L\u01b0\u1ee3ng&#8221; v\u00e0 Khu\u1ebfch \u0110\u1ea1i Tr\u00ed L\u1ef1c 2025<\/strong><span class=\"ez-toc-section-end\"><\/span><\/h1>\n<h2 data-rm-block-id=\"block-2\"><span class=\"ez-toc-section\" id=\"Dinh_vi_cho_tri_tue_va_su_tinh_loc\"><\/span><strong>\u0110\u1ecbnh v\u1ecb cho tr\u00ed tu\u1ec7 v\u00e0 s\u1ef1 tinh l\u1ecdc<\/strong><span class=\"ez-toc-section-end\"><\/span><\/h2>\n<p data-rm-block-id=\"block-3\">Trong v\u0169 tr\u1ee5 c\u1ee7a c\u00e1c lo\u1ea1i \u0111\u00e1 qu\u00fd, c\u00f3 m\u1ed9t tinh th\u1ec3 \u0111\u01b0\u1ee3c m\u1ec7nh danh l\u00e0 &#8220;Master Healer&#8221;, d\u1ec5 hi\u1ec3u l\u00e0 ng\u01b0\u1eddi th\u1ea7y ch\u1eefa l\u00e0nh t\u1ed1i cao, c\u00f3 kh\u1ea3 n\u0103ng thanh l\u1ecdc v\u00e0 khu\u1ebfch \u0111\u1ea1i m\u1ecdi lo\u1ea1i n\u0103ng l\u01b0\u1ee3ng. \u0110\u00f3 ch\u00ednh l\u00e0 v\u00f2ng tay Th\u1ea1ch Anh Tr\u1eafng SOLUNA. \u0110\u00e2y kh\u00f4ng ch\u1ec9 l\u00e0 trang s\u1ee9c; n\u00f3 l\u00e0 c\u00f4ng c\u1ee5 m\u1ea1nh m\u1ebd gi\u00fap b\u1ea1n &#8220;Reset&#8221; tr\u01b0\u1eddng n\u0103ng l\u01b0\u1ee3ng c\u00e1 nh\u00e2n, lo\u1ea1i b\u1ecf s\u1ef1 tr\u00ec tr\u1ec7 tinh th\u1ea7n ngay l\u1eadp t\u1ee9c.<\/p>\n<p data-rm-block-id=\"block-4\">Mang trong m\u00ecnh \u00e1nh s\u00e1ng thu\u1ea7n khi\u1ebft c\u1ee7a Sol (M\u1eb7t Tr\u1eddi), Th\u1ea1ch Anh Tr\u1eafng l\u00e0 v\u1eadt ph\u1ea9m phong th\u1ee7y kh\u00f4ng th\u1ec3 thi\u1ebfu trong n\u0103m 2025, khi s\u1ef1 t\u1eadp trung v\u00e0 minh m\u1eabn \u0111\u01b0\u1ee3c coi l\u00e0 t\u00e0i s\u1ea3n qu\u00fd gi\u00e1 nh\u1ea5t.<\/p>\n<h2 data-rm-block-id=\"block-5\"><span class=\"ez-toc-section\" id=\"3_Kha_nang_dac_biet_khien_ban_can_Vong_Tay_Thach_Anh_Trang_SOLUNA\"><\/span><strong>3 Kh\u1ea3 n\u0103ng \u0111\u1eb7c bi\u1ec7t khi\u1ebfn b\u1ea1n c\u1ea7n V\u00f2ng Tay Th\u1ea1ch Anh Tr\u1eafng SOLUNA:<\/strong><span class=\"ez-toc-section-end\"><\/span><\/h2>\n<ol>\n<li data-rm-block-id=\"block-6\"><strong>Thanh l\u1ecdc n\u0103ng l\u01b0\u1ee3ng:<\/strong> h\u1ea5p th\u1ee5 m\u1ecdi ti\u00eau c\u1ef1c t\u1eeb m\u00f4i tr\u01b0\u1eddng, ng\u01b0\u1eddi kh\u00e1c.<\/li>\n<li data-rm-block-id=\"block-7\"><strong>Khu\u1ebfch \u0111\u1ea1i \u00fd \u0111\u1ecbnh:<\/strong> t\u0103ng c\u01b0\u1eddng s\u1ee9c m\u1ea1nh \u00fd ch\u00ed v\u00e0 s\u1ef1 t\u1eadp trung.<\/li>\n<li data-rm-block-id=\"block-8\"><strong>H\u1ee3p m\u1ec7nh Kim ho\u1eb7c Th\u1ee7y:<\/strong> m\u1edf \u0111\u01b0\u1eddng t\u00e0i l\u1ed9c v\u00e0 may m\u1eafn.<\/li>\n<li data-rm-block-id=\"block-9\"><strong> Th\u1ea1ch Anh Tr\u1eafng: &#8220;Master Healer&#8221; c\u1ee7a m\u1ecdi tinh th\u1ec3<\/strong><\/li>\n<\/ol>\n<h2 data-rm-block-id=\"block-11\"><span class=\"ez-toc-section\" id=\"I_Thach_Anh_Trang_%E2%80%9CMaster_Healer%E2%80%9D_cua_moi_tinh_the\"><\/span><strong>I. Th\u1ea1ch Anh Tr\u1eafng: &#8220;Master Healer&#8221; c\u1ee7a m\u1ecdi tinh th\u1ec3<\/strong><span class=\"ez-toc-section-end\"><\/span><\/h2>\n<h2 data-rm-block-id=\"block-12\"><span class=\"ez-toc-section\" id=\"11_Vong_tay_Thach_Anh_Trang_la_gi_Bieu_tuong_cua_su_tinh_khiet\"><\/span><strong>1.1. V\u00f2ng tay Th\u1ea1ch Anh Tr\u1eafng l\u00e0 g\u00ec? Bi\u1ec3u t\u01b0\u1ee3ng c\u1ee7a s\u1ef1 tinh khi\u1ebft<\/strong><span class=\"ez-toc-section-end\"><\/span><\/h2>\n<p data-rm-block-id=\"block-13\">Th\u1ea1ch Anh Tr\u1eafng (<em>Clear Quartz<\/em>) l\u00e0 lo\u1ea1i \u0111\u00e1 ph\u1ed5 bi\u1ebfn nh\u1ea5t, nh\u01b0ng c\u0169ng l\u00e0 m\u1ea1nh m\u1ebd nh\u1ea5t trong d\u00f2ng Quartz. N\u00f3 \u0111\u01b0\u1ee3c g\u1ecdi l\u00e0 &#8220;vi\u00ean \u0111\u00e1 l\u1eadp tr\u00ecnh&#8221; b\u1edfi kh\u1ea3 n\u0103ng l\u01b0u tr\u1eef, truy\u1ec1n t\u1ea3i, v\u00e0 khu\u1ebfch \u0111\u1ea1i n\u0103ng l\u01b0\u1ee3ng.<\/p>\n<p data-rm-block-id=\"block-14\">M\u00e0u tr\u1eafng tinh khi\u1ebft c\u1ee7a tinh th\u1ec3 \u0111\u1ea1i di\u1ec7n cho s\u1ef1 trung t\u00ednh v\u00e0 kh\u1edfi ngu\u1ed3n c\u1ee7a m\u1ecdi n\u0103ng l\u01b0\u1ee3ng. \u0110eo v\u00f2ng tay Th\u1ea1ch Anh Tr\u1eafng gi\u00fap ng\u01b0\u1eddi \u0111eo \u0111\u1ea1t \u0111\u1ebfn tr\u1ea1ng th\u00e1i c\u00e2n b\u1eb1ng l\u00fd tr\u00ed v\u00e0 c\u1ea3m x\u00fac ho\u00e0n h\u1ea3o.<\/p>\n<h3 data-rm-block-id=\"block-15\"><span class=\"ez-toc-section\" id=\"12_Thanh_loc_va_%E2%80%9CReset%E2%80%9D_truong_khi_ca_nhan\"><\/span><strong>1.2. Thanh l\u1ecdc v\u00e0 &#8220;Reset&#8221; tr\u01b0\u1eddng kh\u00ed c\u00e1 nh\u00e2n <\/strong><span class=\"ez-toc-section-end\"><\/span><\/h3>\n<p data-rm-block-id=\"block-16\">Th\u1ea1ch Anh Tr\u1eafng ho\u1ea1t \u0111\u1ed9ng nh\u01b0 m\u1ed9t b\u1ed9 l\u1ecdc n\u0103ng l\u01b0\u1ee3ng c\u1ea5p cao. N\u00f3 c\u00f3 kh\u1ea3 n\u0103ng h\u1ea5p th\u1ee5 v\u00e0 trung h\u00f2a c\u00e1c s\u00f3ng ti\u00eau c\u1ef1c, \u0111\u1eb7c bi\u1ec7t l\u00e0 s\u00f3ng \u0111i\u1ec7n t\u1eeb v\u00e0 n\u0103ng l\u01b0\u1ee3ng t\u1eeb nh\u1eefng ng\u01b0\u1eddi mang \u00fd \u0111\u1ed3 x\u1ea5u.<\/p>\n<ul>\n<li data-rm-block-id=\"block-17\"><strong>T\u0103ng c\u01b0\u1eddng t\u1eadp trung:<\/strong> gi\u00fap tr\u00ed \u00f3c minh m\u1eabn, lo\u1ea1i b\u1ecf nh\u1eefng suy ngh\u0129 lan man, r\u1ea5t c\u1ea7n thi\u1ebft cho ng\u01b0\u1eddi l\u00e0m vi\u1ec7c tr\u00ed \u00f3c.<\/li>\n<li data-rm-block-id=\"block-18\"><strong>&#8220;Reset&#8221; c\u1ea3m x\u00fac:<\/strong> ch\u1ec9 c\u1ea7n c\u1ea7m vi\u00ean \u0111\u00e1 trong v\u00e0i ph\u00fat, b\u1ea1n c\u00f3 th\u1ec3 c\u1ea3m nh\u1eadn s\u1ef1 nh\u1eb9 nh\u00f5m, lo\u1ea1i b\u1ecf s\u1ef1 tr\u00ec tr\u1ec7 v\u00e0 l\u1ea5y l\u1ea1i \u0111\u1ed9ng l\u1ef1c.<\/li>\n<li data-rm-block-id=\"block-19\"><strong>C\u00e2n b\u1eb1ng lu\u00e2n xa:<\/strong> \u0111\u00e1 t\u00e1c \u0111\u1ed9ng m\u1ea1nh m\u1ebd \u0111\u1ebfn lu\u00e2n xa 7, gi\u00fap k\u1ebft n\u1ed1i t\u00e2m linh v\u00e0 khai m\u1edf tr\u00ed tu\u1ec7.<\/li>\n<\/ul>\n<h3 data-rm-block-id=\"block-20\"><span class=\"ez-toc-section\" id=\"13_Khuech_dai_suc_manh_cua_cac_loai_da_khac\"><\/span><strong>1.3. Khu\u1ebfch \u0111\u1ea1i s\u1ee9c m\u1ea1nh c\u1ee7a c\u00e1c lo\u1ea1i \u0111\u00e1 kh\u00e1c<\/strong><span class=\"ez-toc-section-end\"><\/span><\/h3>\n<p data-rm-block-id=\"block-21\">\u0110\u1eb7c t\u00ednh \u0111\u1ed9c \u0111\u00e1o nh\u1ea5t c\u1ee7a <b>Th\u1ea1ch Anh Tr\u1eafng<\/b> l\u00e0 <span style=\"color: #000000;\"><b><a class=\"ng-star-inserted\" style=\"color: #000000;\" href=\"https:\/\/www.mindat.org\/min-1140.html\" target=\"_blank\" rel=\"noopener\" data-hveid=\"0\" data-ved=\"0CAAQ_4QMahgKEwiSnJG0s-SQAxUAAAAAHQAAAAAQogY\">kh\u1ea3 n\u0103ng khu\u1ebfch \u0111\u1ea1i,<\/a><\/b><\/span> vi\u1ec7c \u0111eo k\u00e8m Th\u1ea1ch Anh Tr\u1eafng s\u1ebd t\u0103ng c\u01b0\u1eddng g\u1ea5p \u0111\u00f4i n\u0103ng l\u01b0\u1ee3ng t\u0129nh t\u00e2m c\u1ee7a vi\u00ean \u0111\u00e1 T\u00edm. \u0110i\u1ec1u n\u00e0y xu\u1ea5t ph\u00e1t t\u1eeb c\u1ea5u tr\u00fac tinh th\u1ec3 \u0111\u1eb7c bi\u1ec7t c\u1ee7a Quartz. N\u1ebfu b\u1ea1n \u0111ang \u0111eo v\u00f2ng tay Th\u1ea1ch Anh T\u00edm \u0111\u1ec3 thi\u1ec1n \u0111\u1ecbnh, vi\u1ec7c \u0111eo k\u00e8m Th\u1ea1ch Anh Tr\u1eafng s\u1ebd t\u0103ng c\u01b0\u1eddng g\u1ea5p \u0111\u00f4i n\u0103ng l\u01b0\u1ee3ng t\u0129nh t\u00e2m c\u1ee7a vi\u00ean \u0111\u00e1 T\u00edm.<\/p>\n<p data-rm-block-id=\"block-21\"><em><span style=\"color: #0000ff;\"><span style=\"color: #000080;\">\u00bb Xem th\u00eam v\u00f2ng tay Th\u1ea1ch Anh T\u00edm SOLUNA t\u1ea1i \u0111\u00e2y:<\/span> https:\/\/daphongthuysoluna.vn\/?page_id=731&amp;preview=true<\/span><\/em><\/p>\n<h2 data-rm-block-id=\"block-22\"><span class=\"ez-toc-section\" id=\"II_Phong_thuy_chat_luong_va_ung_dung_da_chieu\"><\/span><strong>II. Phong th\u1ee7y, ch\u1ea5t l\u01b0\u1ee3ng v\u00e0 \u1ee9ng d\u1ee5ng \u0111a chi\u1ec1u<\/strong><span class=\"ez-toc-section-end\"><\/span><\/h2>\n<h3 data-rm-block-id=\"block-23\"><span class=\"ez-toc-section\" id=\"21_Vong_tay_Thach_Anh_Trang_hop_menh_nao_nhat\"><\/span><strong>2.1. V\u00f2ng tay Th\u1ea1ch Anh Tr\u1eafng h\u1ee3p m\u1ec7nh n\u00e0o nh\u1ea5t?<\/strong><span class=\"ez-toc-section-end\"><\/span><\/h3>\n<p data-rm-block-id=\"block-24\">Trong ng\u0169 h\u00e0nh, m\u00e0u tr\u1eafng ho\u1eb7c b\u1ea1c thu\u1ed9c h\u00e0nh Kim. Do \u0111\u00f3, v\u00f2ng tay Th\u1ea1ch Anh Tr\u1eafng l\u00e0 l\u1ef1a ch\u1ecdn ho\u00e0n h\u1ea3o cho:<\/p>\n<ul>\n<li data-rm-block-id=\"block-25\"><strong>M\u1ec7nh Kim (t\u01b0\u01a1ng h\u1ee3p):<\/strong> t\u0103ng c\u01b0\u1eddng s\u1ef1 nh\u1ea1y b\u00e9n, gi\u00fap ch\u1ee7 nh\u00e2n ph\u00e1t huy t\u1ed1i \u0111a kh\u1ea3 n\u0103ng l\u00e3nh \u0111\u1ea1o v\u00e0 quy\u1ebft \u0111o\u00e1n.<\/li>\n<li data-rm-block-id=\"block-26\"><strong>M\u1ec7nh Th\u1ee7y (t\u01b0\u01a1ng sinh):<\/strong> Kim sinh Th\u1ee7y. Mang l\u1ea1i s\u1ef1 h\u1ed7 tr\u1ee3 m\u1ea1nh m\u1ebd v\u1ec1 t\u00e0i l\u1ed9c, s\u1ef1 nghi\u1ec7p th\u0103ng ti\u1ebfn v\u00e0 may m\u1eafn tr\u1ecdn v\u1eb9n.<\/li>\n<li data-rm-block-id=\"block-27\"><strong>L\u01b0u \u00fd \u0111a d\u1ee5ng:<\/strong> do m\u00e0u tr\u1eafng l\u00e0 s\u1ef1 t\u1ed5ng h\u1ee3p c\u1ee7a m\u1ecdi m\u00e0u s\u1eafc, Th\u1ea1ch Anh Tr\u1eafng \u0111\u01b0\u1ee3c coi l\u00e0 ph\u00f9 h\u1ee3p v\u1edbi t\u1ea5t c\u1ea3 c\u00e1c m\u1ec7nh khi c\u1ea7n thanh l\u1ecdc v\u00e0 c\u00e2n b\u1eb1ng.<\/li>\n<\/ul>\n<h3 data-rm-block-id=\"block-28\"><span class=\"ez-toc-section\" id=\"22_Tieu_chuan_%E2%80%9Cdo_trong_tinh_khiet%E2%80%9D_SOLUNA\"><\/span><strong>2.2. Ti\u00eau chu\u1ea9n &#8220;\u0111\u1ed9 trong tinh khi\u1ebft&#8221; SOLUNA<\/strong><span class=\"ez-toc-section-end\"><\/span><\/h3>\n<p data-rm-block-id=\"block-29\">Th\u1ea1ch Anh Tr\u1eafng cao c\u1ea5p \u0111\u01b0\u1ee3c \u0111\u00e1nh gi\u00e1 d\u1ef1a tr\u00ean \u0111\u1ed9 trong su\u1ed1t v\u00e0 tinh khi\u1ebft c\u1ee7a tinh th\u1ec3:<\/p>\n<ol>\n<li data-rm-block-id=\"block-30\"><strong>\u0110\u1ed9 tinh khi\u1ebft:<\/strong> \u0110\u00e1 ch\u1ea5t l\u01b0\u1ee3ng cao ph\u1ea3i c\u00f3 \u0111\u1ed9 trong su\u1ed1t g\u1ea7n nh\u01b0 tuy\u1ec7t \u0111\u1ed1i, \u00edt t\u1ea1p ch\u1ea5t ho\u1eb7c v\u1ea9n \u0111\u1ee5c.<\/li>\n<li data-rm-block-id=\"block-31\"><strong>R\u1ea1n v\u00e0 Bao th\u1ec3:<\/strong> vi\u1ec7c c\u00f3 c\u00e1c v\u1ebft r\u1ea1n nh\u1ecf li ti ho\u1eb7c bao th\u1ec3 kh\u00ed hay l\u1ecfng l\u00e0 d\u1ea5u hi\u1ec7u c\u1ee7a \u0111\u00e1 t\u1ef1 nhi\u00ean. \u0110\u00e1 nh\u00e2n t\u1ea1o th\u01b0\u1eddng trong su\u1ed1t m\u1ed9t c\u00e1ch &#8220;phi t\u1ef1 nhi\u00ean&#8221;.<\/li>\n<li data-rm-block-id=\"block-32\"><strong>K\u00edch ho\u1ea1t Sol (M\u1eb7t Tr\u1eddi):<\/strong> m\u1ed7i chi\u1ebfc v\u00f2ng tay Th\u1ea1ch Anh Tr\u1eafng SOLUNA \u0111\u1ec1u \u0111\u01b0\u1ee3c k\u00edch ho\u1ea1t b\u1eb1ng \u00e1nh s\u00e1ng M\u1eb7t Tr\u1eddi (Sol) \u0111\u1ec3 khu\u1ebfch \u0111\u1ea1i t\u1ed1i \u0111a n\u0103ng l\u01b0\u1ee3ng l\u00e0m s\u1ea1ch v\u00e0 b\u1ea3o v\u1ec7.<\/li>\n<\/ol>\n<h2 data-rm-block-id=\"block-33\"><span class=\"ez-toc-section\" id=\"III_Huong_dan_kich_hoat_va_co_hoi_so_huu_ngay\"><\/span><strong>III. H\u01b0\u1edbng d\u1eabn k\u00edch ho\u1ea1t v\u00e0 c\u01a1 h\u1ed9i s\u1edf h\u1eefu ngay<\/strong><span class=\"ez-toc-section-end\"><\/span><\/h2>\n<h3 data-rm-block-id=\"block-34\"><span class=\"ez-toc-section\" id=\"31_Bi_quyet_lap_trinh_y_dinh_voi_da_chu\"><\/span><strong>3.1. B\u00ed quy\u1ebft l\u1eadp tr\u00ecnh \u00fd \u0111\u1ecbnh v\u1edbi \u0111\u00e1 ch\u1ee7\u00a0<\/strong><span class=\"ez-toc-section-end\"><\/span><\/h3>\n<p data-rm-block-id=\"block-35\">\u0110\u1ec3 t\u1ed1i \u01b0u h\u00f3a s\u1ee9c m\u1ea1nh c\u1ee7a V\u00f2ng Tay Th\u1ea1ch Anh Tr\u1eafng, b\u1ea1n n\u00ean l\u1eadp tr\u00ecnh \u00fd \u0111\u1ecbnh cho n\u00f3:<\/p>\n<ol>\n<li data-rm-block-id=\"block-36\"><strong>Thanh l\u1ecdc:<\/strong> c\u1ea7m vi\u00ean \u0111\u00e1 v\u00e0 n\u00f3i r\u00f5 \u00fd \u0111\u1ecbnh thanh l\u1ecdc n\u0103ng l\u01b0\u1ee3ng ti\u00eau c\u1ef1c.<\/li>\n<li data-rm-block-id=\"block-37\"><strong>L\u1eadp tr\u00ecnh:<\/strong> \u0111\u1eb7t m\u1ee5c ti\u00eau r\u00f5 r\u00e0ng (v\u00ed d\u1ee5: &#8220;T\u00f4i c\u1ea7n s\u1ef1 t\u1eadp trung tuy\u1ec7t \u0111\u1ed1i trong c\u00f4ng vi\u1ec7c n\u00e0y&#8221;).<\/li>\n<li data-rm-block-id=\"block-38\"><strong>V\u1ecb tr\u00ed \u0110eo:<\/strong> \u0110eo tay tr\u00e1i khi mu\u1ed1n nh\u1eadn s\u1ef1 h\u1ed7 tr\u1ee3 v\u00e0 khu\u1ebfch \u0111\u1ea1i \u00fd \u0111\u1ecbnh.<\/li>\n<\/ol>\n<h3 data-rm-block-id=\"block-39\"><span class=\"ez-toc-section\" id=\"32_Mua_vong_tay_Thach_Anh_Trang_SOLUNA_o_dau\"><\/span><strong>3.2. Mua v\u00f2ng tay Th\u1ea1ch Anh Tr\u1eafng SOLUNA \u1edf \u0111\u00e2u?<\/strong><span class=\"ez-toc-section-end\"><\/span><\/h3>\n<p data-rm-block-id=\"block-40\">SOLUNA \u0111\u1ea3m b\u1ea3o \u0111\u1ed9 tinh khi\u1ebft tuy\u1ec7t \u0111\u1ed1i cho v\u00f2ng tay Th\u1ea1ch Anh Tr\u1eafng. Ph\u00e2n kh\u00fac gi\u00e1 dao \u0111\u1ed9ng t\u1eeb 300.000 VN\u0110 \u0111\u1ebfn 1.200.000 VN\u0110 t\u00f9y v\u00e0o k\u00edch th\u01b0\u1edbc c\u1ee7a c\u1ee7a h\u1ea1t(t\u00ednh theo li).<\/p>\n<figure id=\"attachment_741\" aria-describedby=\"caption-attachment-741\" style=\"width: 345px\" class=\"wp-caption aligncenter\"><img loading=\"lazy\" decoding=\"async\" class=\"wp-image-741\" src=\"https:\/\/daphongthuysoluna.vn\/wp-content\/uploads\/2025\/11\/da-thach-anh-trang-300x300.png\" alt=\"V\u00f2ng tay Th\u1ea1ch Anh Tr\u1eafng SOLUNA gi\u00fap thanh l\u1ecdc v\u00e0 khu\u1ebfch \u0111\u1ea1i \u00fd \u0111\u1ecbnh khi thi\u1ec1n \u0111\u1ecbnh.\" width=\"345\" height=\"345\" \/><figcaption id=\"caption-attachment-741\" class=\"wp-caption-text\">H\u00ecnh \u1ea3nh: V\u00f2ng tay Th\u1ea1ch Anh Tr\u1eafng SOLUNA gi\u00fap thanh l\u1ecdc v\u00e0 khu\u1ebfch \u0111\u1ea1i \u00fd \u0111\u1ecbnh khi thi\u1ec1n \u0111\u1ecbnh.<\/figcaption><\/figure>\n<blockquote><p><span style=\"color: #282828;\">\u00bb B\u1ea1n c\u00f3 th\u1ec3 t\u00ecm th\u1ea5y s\u1ef1 nh\u1eb9 nh\u00e0ng, thu h\u00fat t\u00ecnh y\u00eau v\u1edbi<\/span> <b><a class=\"ng-star-inserted\" href=\"https:\/\/daphongthuysoluna.vn\/en\/vong-tay-thach-anh-hong-soluna-2025\/\" target=\"_blank\" rel=\"noopener\" data-hveid=\"0\" data-ved=\"0CAAQ_4QMahgKEwjJ_87MheiQAxUAAAAAHQAAAAAQkQQ\">V\u00f2ng Tay Th\u1ea1ch Anh H\u1ed3ng SOLUNA<\/a><\/b>.<\/p><\/blockquote>\n<p style=\"text-align: center;\" data-rm-block-id=\"block-42\"><em>V\u00f2ng tay Th\u1ea1ch Anh Tr\u1eafng l\u00e0 vi\u00ean \u0111\u00e1 n\u1ec1n t\u1ea3ng cho b\u1ea5t k\u1ef3 b\u1ed9 s\u01b0u t\u1eadp phong th\u1ee7y n\u00e0o. N\u00f3 s\u1ebd gi\u00fap b\u1ea1n duy tr\u00ec s\u1ef1 t\u1eadp trung, lo\u1ea1i b\u1ecf s\u1ef1 tr\u00ec tr\u1ec7 v\u00e0 thu h\u00fat t\u00e0i l\u1ed9c.<\/em><\/p>\n<p style=\"text-align: center;\" data-rm-block-id=\"block-43\"><em>\u0110\u1eebng \u0111\u1ec3 n\u0103ng l\u01b0\u1ee3ng b\u1ecb tr\u00ec tr\u1ec7, h\u00e3y h\u00e0nh \u0111\u1ed9ng ngay! \u0110\u1eb7t mua v\u00f2ng tay Th\u1ea1ch Anh Tr\u1eafng SOLUNA \u0111\u1ec3 &#8220;Reset&#8221; n\u0103ng l\u01b0\u1ee3ng v\u00e0 s\u1eb5n s\u00e0ng chinh ph\u1ee5c m\u1ecdi th\u1eed th\u00e1ch trong n\u0103m 2025.<\/em><\/p>\n<p data-rm-block-id=\"block-44\">","protected":false},"excerpt":{"rendered":"<p>V\u00f2ng Tay Th\u1ea1ch Anh Tr\u1eafng SOLUNA: Vi\u00ean \u0110\u00e1 &#8220;Reset N\u0103ng L\u01b0\u1ee3ng&#8221; v\u00e0 Khu\u1ebfch \u0110\u1ea1i Tr\u00ed L\u1ef1c 2025 \u0110\u1ecbnh v\u1ecb cho tr\u00ed tu\u1ec7 v\u00e0 s\u1ef1 tinh l\u1ecdc Trong v\u0169 tr\u1ee5 c\u1ee7a c\u00e1c lo\u1ea1i \u0111\u00e1 qu\u00fd, c\u00f3 m\u1ed9t tinh th\u1ec3 \u0111\u01b0\u1ee3c m\u1ec7nh danh l\u00e0 &#8220;Master Healer&#8221;, d\u1ec5 hi\u1ec3u l\u00e0 ng\u01b0\u1eddi th\u1ea7y ch\u1eefa l\u00e0nh t\u1ed1i cao, c\u00f3 kh\u1ea3 &#8230;<\/p>","protected":false},"author":5,"featured_media":0,"parent":0,"menu_order":0,"comment_status":"closed","ping_status":"closed","template":"","meta":{"_acf_changed":false,"footnotes":""},"class_list":["post-740","page","type-page","status-publish","hentry"],"acf":[],"_links":{"self":[{"href":"https:\/\/daphongthuysoluna.vn\/en\/wp-json\/wp\/v2\/pages\/740","targetHints":{"allow":["GET"]}}],"collection":[{"href":"https:\/\/daphongthuysoluna.vn\/en\/wp-json\/wp\/v2\/pages"}],"about":[{"href":"https:\/\/daphongthuysoluna.vn\/en\/wp-json\/wp\/v2\/types\/page"}],"author":[{"embeddable":true,"href":"https:\/\/daphongthuysoluna.vn\/en\/wp-json\/wp\/v2\/users\/5"}],"replies":[{"embeddable":true,"href":"https:\/\/daphongthuysoluna.vn\/en\/wp-json\/wp\/v2\/comments?post=740"}],"version-history":[{"count":7,"href":"https:\/\/daphongthuysoluna.vn\/en\/wp-json\/wp\/v2\/pages\/740\/revisions"}],"predecessor-version":[{"id":787,"href":"https:\/\/daphongthuysoluna.vn\/en\/wp-json\/wp\/v2\/pages\/740\/revisions\/787"}],"wp:attachment":[{"href":"https:\/\/daphongthuysoluna.vn\/en\/wp-json\/wp\/v2\/media?parent=740"}],"curies":[{"name":"wp","href":"https:\/\/api.w.org\/{rel}","templated":true}]}}