{"id":752,"date":"2025-11-11T20:56:51","date_gmt":"2025-11-11T13:56:51","guid":{"rendered":"https:\/\/daphongthuysoluna.vn\/?page_id=752"},"modified":"2025-11-11T20:56:58","modified_gmt":"2025-11-11T13:56:58","slug":"vong-tay-thach-anh-do-soluna","status":"publish","type":"page","link":"https:\/\/daphongthuysoluna.vn\/en\/vong-tay-thach-anh-do-soluna\/","title":{"rendered":"V\u00f2ng Tay Th\u1ea1ch Anh \u0110\u1ecf SOLUNA 2025 \u2013 Kh\u01a1i Ngu\u1ed3n S\u1ee9c M\u1ea1nh v\u00e0 May M\u1eafn"},"content":{"rendered":"<div id=\"ez-toc-container\" class=\"ez-toc-v2_0_76 counter-hierarchy ez-toc-counter ez-toc-grey ez-toc-container-direction\">\n<div class=\"ez-toc-title-container\">\n<p class=\"ez-toc-title\" style=\"cursor:inherit\">N\u1ed9i Dung B\u00e0i Vi\u1ebft <\/p>\n<span class=\"ez-toc-title-toggle\"><\/span><\/div>\n<nav><ul class='ez-toc-list ez-toc-list-level-1' ><li class='ez-toc-page-1 ez-toc-heading-level-1'><a class=\"ez-toc-link ez-toc-heading-1\" href=\"https:\/\/daphongthuysoluna.vn\/en\/vong-tay-thach-anh-do-soluna\/#SOLUNA_2025_%E2%80%93_Vong_tay_Thach_Anh_Do_khoi_nguon_suc_manh_va_may_man\" >SOLUNA 2025 \u2013 V\u00f2ng tay Th\u1ea1ch Anh \u0110\u1ecf kh\u01a1i ngu\u1ed3n s\u1ee9c m\u1ea1nh v\u00e0 may m\u1eafn<\/a><ul class='ez-toc-list-level-2' ><li class='ez-toc-heading-level-2'><a class=\"ez-toc-link ez-toc-heading-2\" href=\"https:\/\/daphongthuysoluna.vn\/en\/vong-tay-thach-anh-do-soluna\/#Thach_Thuc_va_Loi_Hua_Chuyen_Hoa_Cua_Ngon_Lua\" >Th\u00e1ch Th\u1ee9c v\u00e0 L\u1eddi H\u1ee9a Chuy\u1ec3n H\u00f3a C\u1ee7a Ng\u1ecdn L\u1eeda<\/a><\/li><li class='ez-toc-page-1 ez-toc-heading-level-2'><a class=\"ez-toc-link ez-toc-heading-3\" href=\"https:\/\/daphongthuysoluna.vn\/en\/vong-tay-thach-anh-do-soluna\/#Day_la_3_ly_do_vong_tay_Thach_Anh_Do_SOLUNA_la_khoan_dau_tu_tot_nhat_cho_nam_2025\" >\u0110\u00e2y l\u00e0 3 l\u00fd do v\u00f2ng tay Th\u1ea1ch Anh \u0110\u1ecf SOLUNA l\u00e0 kho\u1ea3n \u0111\u1ea7u t\u01b0 t\u1ed1t nh\u1ea5t cho n\u0103m 2025:<\/a><\/li><li class='ez-toc-page-1 ez-toc-heading-level-2'><a class=\"ez-toc-link ez-toc-heading-4\" href=\"https:\/\/daphongthuysoluna.vn\/en\/vong-tay-thach-anh-do-soluna\/#I_Vong_Tay_Thach_Anh_Do_%E2%80%93_Vien_Da_Khoi_Nguon_Suc_Manh_May_Man\" >I. V\u00f2ng Tay Th\u1ea1ch Anh \u0110\u1ecf \u2013 Vi\u00ean \u0110\u00e1 Kh\u01a1i Ngu\u1ed3n S\u1ee9c M\u1ea1nh &amp; May M\u1eafn<\/a><ul class='ez-toc-list-level-3' ><li class='ez-toc-heading-level-3'><a class=\"ez-toc-link ez-toc-heading-5\" href=\"https:\/\/daphongthuysoluna.vn\/en\/vong-tay-thach-anh-do-soluna\/#11_Thach_Anh_Do_la_gi_Nguon_goc_va_nang_luong_chien_Binh\" >1.1. Th\u1ea1ch Anh \u0110\u1ecf l\u00e0 g\u00ec? Ngu\u1ed3n g\u1ed1c v\u00e0 n\u0103ng l\u01b0\u1ee3ng chi\u1ebfn Binh<\/a><\/li><li class='ez-toc-page-1 ez-toc-heading-level-3'><a class=\"ez-toc-link ez-toc-heading-6\" href=\"https:\/\/daphongthuysoluna.vn\/en\/vong-tay-thach-anh-do-soluna\/#12_Vi_sao_vong_tay_Thach_Anh_Do_la_lua_chon_ly_tuong_nam_2025\" >1.2. V\u00ec sao v\u00f2ng tay Th\u1ea1ch Anh \u0110\u1ecf l\u00e0 l\u1ef1a ch\u1ecdn l\u00fd t\u01b0\u1edfng n\u0103m 2025<\/a><\/li><\/ul><\/li><li class='ez-toc-page-1 ez-toc-heading-level-2'><a class=\"ez-toc-link ez-toc-heading-7\" href=\"https:\/\/daphongthuysoluna.vn\/en\/vong-tay-thach-anh-do-soluna\/#II_Ly_do_khong_the_bo_lo_vong_tay_thach_anh_do\" >II. L\u00fd do kh\u00f4ng th\u1ec3 b\u1ecf l\u1ee1 v\u00f2ng tay th\u1ea1ch anh \u0111\u1ecf<\/a><ul class='ez-toc-list-level-3' ><li class='ez-toc-heading-level-3'><a class=\"ez-toc-link ez-toc-heading-8\" href=\"https:\/\/daphongthuysoluna.vn\/en\/vong-tay-thach-anh-do-soluna\/#21_Kich_hoat_suc_manh_y_chi_va_luan_xa_goc\" >2.1. K\u00edch ho\u1ea1t s\u1ee9c m\u1ea1nh \u00fd ch\u00ed v\u00e0 lu\u00e2n xa g\u1ed1c<\/a><\/li><li class='ez-toc-page-1 ez-toc-heading-level-3'><a class=\"ez-toc-link ez-toc-heading-9\" href=\"https:\/\/daphongthuysoluna.vn\/en\/vong-tay-thach-anh-do-soluna\/#22_Thu_hut_may_man_va_tai_loc_cho_nguoi_menh_Hoa_hoacTho\" >2.2. Thu h\u00fat may m\u1eafn v\u00e0 t\u00e0i l\u1ed9c cho ng\u01b0\u1eddi m\u1ec7nh H\u1ecfa ho\u1eb7cTh\u1ed5<\/a><\/li><li class='ez-toc-page-1 ez-toc-heading-level-3'><a class=\"ez-toc-link ez-toc-heading-10\" href=\"https:\/\/daphongthuysoluna.vn\/en\/vong-tay-thach-anh-do-soluna\/#23_Thiet_ke_trang_suc_va_phong_thuy_%E2%80%93_vua_dep_vua_manh_me\" >2.3. Thi\u1ebft k\u1ebf trang s\u1ee9c v\u00e0 phong th\u1ee7y \u2013 v\u1eeba \u0111\u1eb9p v\u1eeba m\u1ea1nh m\u1ebd<\/a><\/li><\/ul><\/li><li class='ez-toc-page-1 ez-toc-heading-level-2'><a class=\"ez-toc-link ez-toc-heading-11\" href=\"https:\/\/daphongthuysoluna.vn\/en\/vong-tay-thach-anh-do-soluna\/#III_Phong_thuy_va_ngu_hanh_khai_thac_tiem_nang_hop_menh\" >III. Phong th\u1ee7y v\u00e0 ng\u0169 h\u00e0nh: khai th\u00e1c ti\u1ec1m n\u0103ng h\u1ee3p m\u1ec7nh<\/a><ul class='ez-toc-list-level-3' ><li class='ez-toc-heading-level-3'><a class=\"ez-toc-link ez-toc-heading-12\" href=\"https:\/\/daphongthuysoluna.vn\/en\/vong-tay-thach-anh-do-soluna\/#31_Menh_Hoa_%E2%80%93_tuong_hop_va_thang_tien_nang_luong\" >3.1. M\u1ec7nh H\u1ecfa \u2013 t\u01b0\u01a1ng h\u1ee3p v\u00e0 th\u0103ng ti\u1ebfn n\u0103ng l\u01b0\u1ee3ng<\/a><\/li><li class='ez-toc-page-1 ez-toc-heading-level-3'><a class=\"ez-toc-link ez-toc-heading-13\" href=\"https:\/\/daphongthuysoluna.vn\/en\/vong-tay-thach-anh-do-soluna\/#32_Menh_Tho_%E2%80%93_tuong_sinh_vung_chac_duong_doi\" >3.2. M\u1ec7nh Th\u1ed5 \u2013 t\u01b0\u01a1ng sinh &amp; v\u1eefng ch\u1eafc \u0111\u01b0\u1eddng \u0111\u1eddi<\/a><\/li><li class='ez-toc-page-1 ez-toc-heading-level-3'><a class=\"ez-toc-link ez-toc-heading-14\" href=\"https:\/\/daphongthuysoluna.vn\/en\/vong-tay-thach-anh-do-soluna\/#33_Menh_nen_luu_y_tranh_khi_su_dung_da_do\" >3.3. M\u1ec7nh n\u00ean l\u01b0u \u00fd &amp; tr\u00e1nh khi s\u1eed d\u1ee5ng \u0111\u00e1 \u0111\u1ecf<\/a><\/li><li class='ez-toc-page-1 ez-toc-heading-level-3'><a class=\"ez-toc-link ez-toc-heading-15\" href=\"https:\/\/daphongthuysoluna.vn\/en\/vong-tay-thach-anh-do-soluna\/#41_Mau_sac_va_do_trong_%E2%80%93_dau_hieu_da_that\" >4.1. M\u00e0u s\u1eafc v\u00e0 \u0111\u1ed9 trong \u2013 d\u1ea5u hi\u1ec7u \u0111\u00e1 th\u1eadt<\/a><\/li><li class='ez-toc-page-1 ez-toc-heading-level-3'><a class=\"ez-toc-link ez-toc-heading-16\" href=\"https:\/\/daphongthuysoluna.vn\/en\/vong-tay-thach-anh-do-soluna\/#43_Bao_quan_va_kich_hoat_nang_luong_cho_vong_tay\" >4.3. B\u1ea3o qu\u1ea3n v\u00e0 k\u00edch ho\u1ea1t n\u0103ng l\u01b0\u1ee3ng cho v\u00f2ng tay<\/a><\/li><\/ul><\/li><li class='ez-toc-page-1 ez-toc-heading-level-2'><a class=\"ez-toc-link ez-toc-heading-17\" href=\"https:\/\/daphongthuysoluna.vn\/en\/vong-tay-thach-anh-do-soluna\/#V_Huong_dan_su_dung_vong_tay_Thach_Anh_Do_de_toi_uu_hieu_qua\" >V. H\u01b0\u1edbng d\u1eabn s\u1eed d\u1ee5ng v\u00f2ng tay Th\u1ea1ch Anh \u0110\u1ecf \u0111\u1ec3 t\u1ed1i \u01b0u hi\u1ec7u qu\u1ea3<\/a><ul class='ez-toc-list-level-3' ><li class='ez-toc-heading-level-3'><a class=\"ez-toc-link ez-toc-heading-18\" href=\"https:\/\/daphongthuysoluna.vn\/en\/vong-tay-thach-anh-do-soluna\/#51_Cach_deo_tay_trai_tay_phai_va_thoi_diem_tot\" >5.1. C\u00e1ch \u0111eo (tay tr\u00e1i, tay ph\u1ea3i) v\u00e0 th\u1eddi \u0111i\u1ec3m t\u1ed1t<\/a><\/li><li class='ez-toc-page-1 ez-toc-heading-level-3'><a class=\"ez-toc-link ez-toc-heading-19\" href=\"https:\/\/daphongthuysoluna.vn\/en\/vong-tay-thach-anh-do-soluna\/#52_Kich_hoat_y_dinh_va_bao_ve_nang_luong_ca_nhan\" >5.2. K\u00edch ho\u1ea1t \u00fd \u0111\u1ecbnh v\u00e0 b\u1ea3o v\u1ec7 n\u0103ng l\u01b0\u1ee3ng c\u00e1 nh\u00e2n<\/a><\/li><\/ul><\/li><\/ul><\/li><\/ul><\/nav><\/div>\n<h1 data-rm-block-id=\"block-1\"><span class=\"ez-toc-section\" id=\"SOLUNA_2025_%E2%80%93_Vong_tay_Thach_Anh_Do_khoi_nguon_suc_manh_va_may_man\"><\/span><strong>SOLUNA 2025 \u2013 V\u00f2ng tay Th\u1ea1ch Anh \u0110\u1ecf kh\u01a1i ngu\u1ed3n s\u1ee9c m\u1ea1nh v\u00e0 may m\u1eafn<\/strong><span class=\"ez-toc-section-end\"><\/span><\/h1>\n<h2><span class=\"ez-toc-section\" id=\"Thach_Thuc_va_Loi_Hua_Chuyen_Hoa_Cua_Ngon_Lua\"><\/span><b>Th\u00e1ch Th\u1ee9c v\u00e0 L\u1eddi H\u1ee9a Chuy\u1ec3n H\u00f3a C\u1ee7a Ng\u1ecdn L\u1eeda<\/b><span class=\"ez-toc-section-end\"><\/span><\/h2>\n<p>B\u1ea1n \u0111\u00e3 bao gi\u1edd c\u1ea3m th\u1ea5y ng\u1ecdn l\u1eeda quy\u1ebft \u0111o\u00e1n b\u00ean trong m\u00ecnh b\u1ecb l\u1ee5i t\u00e0n b\u1edfi s\u1ef1 lo s\u1ee3 v\u00e0 tr\u00ec ho\u00e3n? V\u00f2ng tay Th\u1ea1ch Anh \u0110\u1ecf SOLUNA \u0111\u01b0\u1ee3c t\u1ea1o ra \u0111\u1ec3 gi\u1ea3i quy\u1ebft ch\u00ednh x\u00e1c v\u1ea5n \u0111\u1ec1 n\u00e0y. Trong cu\u1ed9c \u0111ua sinh t\u1ed3n c\u1ee7a n\u0103m 2025, vi\u1ec7c thi\u1ebfu \u0111i ngu\u1ed3n sinh l\u1ef1c v\u00e0 s\u1ef1 d\u0169ng c\u1ea3m c\u00f3 th\u1ec3 khi\u1ebfn b\u1ea1n b\u1ecf l\u1ee1 nh\u1eefng c\u01a1 h\u1ed9i v\u00e0ng. \u0110\u00e2y kh\u00f4ng \u0111\u01a1n thu\u1ea7n l\u00e0 m\u1ed9t vi\u00ean \u0111\u00e1; n\u00f3 l\u00e0 m\u1ed9t c\u00f4ng t\u1eafc kh\u1edfi \u0111\u1ed9ng n\u0103ng l\u01b0\u1ee3ng.<\/p>\n<p>Mang trong m\u00ecnh s\u1eafc \u0111\u1ecf r\u1ef1c l\u1eeda, t\u01b0\u1ee3ng tr\u01b0ng cho n\u0103ng l\u01b0\u1ee3ng Sol (M\u1eb7t Tr\u1eddi), Th\u1ea1ch Anh \u0110\u1ecf s\u1ebd xuy\u00ean th\u1ee7ng s\u1ef1 s\u1ee3 h\u00e3i, \u0111\u00e1nh th\u1ee9c &#8220;M\u00e3 Gen D\u0169ng C\u1ea3m&#8221; \u0111ang ng\u1ee7 qu\u00ean v\u00e0 trao cho b\u1ea1n quy\u1ec1n ki\u1ec3m so\u00e1t v\u1eadn m\u1ec7nh.<\/p>\n<h2 data-rm-block-id=\"block-5\"><span class=\"ez-toc-section\" id=\"Day_la_3_ly_do_vong_tay_Thach_Anh_Do_SOLUNA_la_khoan_dau_tu_tot_nhat_cho_nam_2025\"><\/span><strong>\u0110\u00e2y l\u00e0 3 l\u00fd do v\u00f2ng tay Th\u1ea1ch Anh \u0110\u1ecf SOLUNA l\u00e0 kho\u1ea3n \u0111\u1ea7u t\u01b0 t\u1ed1t nh\u1ea5t cho n\u0103m 2025:<\/strong><span class=\"ez-toc-section-end\"><\/span><\/h2>\n<ol>\n<li data-rm-block-id=\"block-6\"><strong>K\u00edch ho\u1ea1t s\u1ee9c m\u1ea1nh \u00fd ch\u00ed:<\/strong> Chuy\u1ec3n \u0111\u1ed5i t\u1eeb \u00fd t\u01b0\u1edfng sang h\u00e0nh \u0111\u1ed9ng quy\u1ebft \u0111o\u00e1n.<\/li>\n<li data-rm-block-id=\"block-7\"><strong>M\u00e3 h\u1ee3p M\u1ec7nh H\u1ecfa\/Th\u1ed5:<\/strong> T\u1ed1i \u01b0u h\u00f3a v\u1eadn kh\u00ed, thu h\u00fat t\u00e0i l\u1ed9c v\u00e0 may m\u1eafn.<\/li>\n<li data-rm-block-id=\"block-8\"><strong>Thi\u1ebft k\u1ebf SOLUNA:<\/strong> K\u1ebft h\u1ee3p ho\u00e0n h\u1ea3o gi\u1eefa n\u0103ng l\u01b0\u1ee3ng phong th\u1ee7y v\u00e0 th\u1ea9m m\u1ef9 hi\u1ec7n \u0111\u1ea1i.<\/li>\n<\/ol>\n<h2 data-rm-block-id=\"block-9\"><span class=\"ez-toc-section\" id=\"I_Vong_Tay_Thach_Anh_Do_%E2%80%93_Vien_Da_Khoi_Nguon_Suc_Manh_May_Man\"><\/span><strong>I. V\u00f2ng Tay Th\u1ea1ch Anh \u0110\u1ecf \u2013 Vi\u00ean \u0110\u00e1 Kh\u01a1i Ngu\u1ed3n S\u1ee9c M\u1ea1nh &amp; May M\u1eafn<\/strong><span class=\"ez-toc-section-end\"><\/span><\/h2>\n<h3 data-rm-block-id=\"block-10\"><span class=\"ez-toc-section\" id=\"11_Thach_Anh_Do_la_gi_Nguon_goc_va_nang_luong_chien_Binh\"><\/span><strong>1.1. Th\u1ea1ch Anh \u0110\u1ecf l\u00e0 g\u00ec? Ngu\u1ed3n g\u1ed1c v\u00e0 n\u0103ng l\u01b0\u1ee3ng chi\u1ebfn Binh<\/strong><span class=\"ez-toc-section-end\"><\/span><\/h3>\n<p><span style=\"color: #282828;\">V\u00f2ng tay Th\u1ea1ch Anh \u0110\u1ecf SOLUNA mang trong m\u00ecnh s\u1ee9c m\u1ea1nh t\u1eeb vi\u00ean tinh th\u1ec3 \u0111\u01b0\u1ee3c g\u1ecdi l\u00e0 \u201cRed Quartz\u201d, m\u1ed9t bi\u1ebfn th\u1ec3 \u0111\u1eb7c bi\u1ec7t c\u1ee7a quartz v\u1edbi s\u1eafc \u0111\u1ecf r\u1ef1c ho\u1eb7c pha t\u1ea1p <a class=\"ng-star-inserted\" style=\"color: #282828;\" href=\"https:\/\/www.mindat.org\/min-1854.html\" target=\"_blank\" rel=\"noopener\" data-hveid=\"0\" data-ved=\"0CAAQ_4QMahgKEwigltm-luWQAxUAAAAAHQAAAAAQkwI\">Hematite,<\/a>\u00a0<\/span>t\u01b0\u1ee3ng tr\u01b0ng cho n\u0103ng l\u01b0\u1ee3ng d\u1ed3i d\u00e0o, huy\u1ebft m\u1ea1ch v\u00e0 tinh th\u1ea7n chi\u1ebfn binh. Th\u1ea1ch Anh \u0110\u1ecf k\u00edch th\u00edch t\u1ea7n s\u1ed1 rung \u0111\u1ed9ng m\u1ea1nh m\u1ebd, xuy\u00ean qua s\u1ef1 m\u1ec7t m\u1ecfi v\u00e0 tr\u00ec tr\u1ec7.<\/p>\n<p>Ng\u01b0\u1eddi \u0111eo v\u00f2ng tay Th\u1ea1ch Anh \u0110\u1ecf s\u1ebd c\u1ea3m nh\u1eadn \u0111\u01b0\u1ee3c s\u1ef1 kh\u01a1i d\u1eady \u00fd ch\u00ed, t\u0103ng s\u1ef1 t\u1eadp trung v\u00e0 kh\u1ea3 n\u0103ng b\u1ee9t ph\u00e1 b\u1ea3n th\u00e2n.<\/p>\n<h3 data-rm-block-id=\"block-13\"><span class=\"ez-toc-section\" id=\"12_Vi_sao_vong_tay_Thach_Anh_Do_la_lua_chon_ly_tuong_nam_2025\"><\/span><strong>1.2. V\u00ec sao v\u00f2ng tay Th\u1ea1ch Anh \u0110\u1ecf l\u00e0 l\u1ef1a ch\u1ecdn l\u00fd t\u01b0\u1edfng n\u0103m 2025<\/strong><span class=\"ez-toc-section-end\"><\/span><\/h3>\n<p data-rm-block-id=\"block-14\">Trong giai \u0111o\u1ea1n chuy\u1ec3n \u0111\u1ed9ng m\u1ea1nh c\u1ee7a n\u0103m 2025, khi s\u1ef1 thay \u0111\u1ed5i nhanh v\u00e0 \u00e1p l\u1ef1c c\u00f4ng vi\u1ec7c \u2013 \u0111\u1eddi s\u1ed1ng t\u0103ng l\u00ean, th\u00ec vi\u1ec7c c\u00f3 m\u1ed9t v\u1eadt ph\u1ea9m phong th\u1ee7y v\u1eeba trang s\u1ee9c v\u1eeba mang \u00fd ngh\u0129a n\u0103ng l\u01b0\u1ee3ng m\u1ea1nh nh\u01b0 v\u00f2ng tay Th\u1ea1ch Anh \u0110\u1ecf s\u1ebd gi\u00fap b\u1ea1n:<\/p>\n<ol>\n<li data-rm-block-id=\"block-15\"><strong>Kh\u1eafc ph\u1ee5c tr\u00ec tr\u1ec7, t\u0103ng \u0111\u1ed9ng l\u1ef1c:<\/strong> T\u1ef1 \u0111\u1ed9ng h\u00f3a qu\u00e1 tr\u00ecnh chuy\u1ec3n t\u1eeb suy ngh\u0129 sang h\u00e0nh \u0111\u1ed9ng.<\/li>\n<li data-rm-block-id=\"block-16\"><strong>Thu h\u00fat v\u1eadn may, t\u00e0i l\u1ed9c:<\/strong> M\u1edf \u0111\u01b0\u1eddng cho c\u00e1c c\u01a1 h\u1ed9i kinh doanh m\u1edbi m\u1ebb v\u00e0 m\u1ea1o hi\u1ec3m.<\/li>\n<li data-rm-block-id=\"block-17\"><strong>Th\u1ec3 hi\u1ec7n b\u1ea3n l\u0129nh v\u00e0 phong c\u00e1ch c\u00e1 nh\u00e2n:<\/strong> Bi\u1ec3u t\u01b0\u1ee3ng cho s\u1ef1 t\u1ef1 tin v\u00e0 quy\u1ebft \u0111o\u00e1n.<\/li>\n<\/ol>\n<h2 data-rm-block-id=\"block-18\"><span class=\"ez-toc-section\" id=\"II_Ly_do_khong_the_bo_lo_vong_tay_thach_anh_do\"><\/span><strong>II. L\u00fd do kh\u00f4ng th\u1ec3 b\u1ecf l\u1ee1 v\u00f2ng tay th\u1ea1ch anh \u0111\u1ecf<\/strong><span class=\"ez-toc-section-end\"><\/span><\/h2>\n<h3 data-rm-block-id=\"block-19\"><span class=\"ez-toc-section\" id=\"21_Kich_hoat_suc_manh_y_chi_va_luan_xa_goc\"><\/span><strong>2.1. K\u00edch ho\u1ea1t s\u1ee9c m\u1ea1nh \u00fd ch\u00ed v\u00e0 lu\u00e2n xa g\u1ed1c<\/strong><span class=\"ez-toc-section-end\"><\/span><\/h3>\n<p data-rm-block-id=\"block-20\">V\u00f2ng tay Th\u1ea1ch Anh \u0110\u1ecf gi\u00fap b\u1ea1n kh\u00f4i ph\u1ee5c n\u0103ng l\u01b0\u1ee3ng ti\u1ec1m \u1ea9n, t\u0103ng quy\u1ebft \u0111o\u00e1n v\u00e0 kh\u1ea3 n\u0103ng t\u1eadp trung, l\u00e0 nh\u1eefng y\u1ebfu t\u1ed1 m\u00e0 nhi\u1ec1u ng\u01b0\u1eddi c\u1ea3m th\u1ea5y thi\u1ebfu h\u1ee5t hi\u1ec7n nay. N\u0103ng l\u01b0\u1ee3ng L\u1eeda c\u1ee7a \u0111\u00e1 t\u00e1c \u0111\u1ed9ng m\u1ea1nh m\u1ebd \u0111\u1ebfn lu\u00e2n xa 1 (G\u1ed1c), trung t\u00e2m c\u1ee7a sinh l\u1ef1c v\u00e0 s\u1ef1 s\u1ed1ng c\u00f2n, gi\u00fap b\u1ea1n \u0111\u1ee9ng v\u1eefng tr\u01b0\u1edbc m\u1ecdi th\u00e1ch th\u1ee9c.<\/p>\n<p data-rm-block-id=\"block-21\">Th\u00edch h\u1ee3p cho ng\u01b0\u1eddi b\u1ea1n \u0111ang theo \u0111u\u1ed5i m\u1ee5c ti\u00eau l\u1edbn, c\u1ea7n s\u1ee9c m\u1ea1nh tinh th\u1ea7n b\u1ec1n v\u1eefng v\u00e0 kh\u1ea3 n\u0103ng ki\u1ec3m so\u00e1t c\u1ea3m x\u00fac ti\u00eau c\u1ef1c.<\/p>\n<h3 data-rm-block-id=\"block-22\"><span class=\"ez-toc-section\" id=\"22_Thu_hut_may_man_va_tai_loc_cho_nguoi_menh_Hoa_hoacTho\"><\/span><strong>2.2. Thu h\u00fat may m\u1eafn v\u00e0 t\u00e0i l\u1ed9c cho ng\u01b0\u1eddi m\u1ec7nh H\u1ecfa ho\u1eb7cTh\u1ed5<\/strong><span class=\"ez-toc-section-end\"><\/span><\/h3>\n<p data-rm-block-id=\"block-23\">Theo h\u1ecdc thuy\u1ebft ng\u0169 h\u00e0nh, m\u00e0u \u0111\u1ecf \u0111\u1ea1i di\u1ec7n cho H\u1ecfa, t\u01b0\u01a1ng h\u1ee3p v\u1edbi nh\u1eefng ng\u01b0\u1eddi m\u1ec7nh H\u1ecfa, t\u01b0\u01a1ng sinh v\u1edbi Th\u1ed5. V\u00f2ng tay Th\u1ea1ch Anh \u0110\u1ecf s\u1ebd l\u00e0 l\u1ef1a ch\u1ecdn phong th\u1ee7y t\u1ed1i \u01b0u \u0111\u1ec3 m\u1edf \u0111\u01b0\u1eddng may m\u1eafn, gia t\u0103ng v\u1eadn kh\u00ed, bi\u1ebfn nh\u1eefng k\u1ebf ho\u1ea1ch \u1ea5p \u1ee7 th\u00e0nh hi\u1ec7n th\u1ef1c c\u00f3 l\u1ee3i nhu\u1eadn.<\/p>\n<h3 data-rm-block-id=\"block-24\"><span class=\"ez-toc-section\" id=\"23_Thiet_ke_trang_suc_va_phong_thuy_%E2%80%93_vua_dep_vua_manh_me\"><\/span><strong>2.3. Thi\u1ebft k\u1ebf trang s\u1ee9c v\u00e0 phong th\u1ee7y \u2013 v\u1eeba \u0111\u1eb9p v\u1eeba m\u1ea1nh m\u1ebd<\/strong><span class=\"ez-toc-section-end\"><\/span><\/h3>\n<p data-rm-block-id=\"block-25\">V\u00f2ng tay Th\u1ea1ch Anh \u0110\u1ecf c\u1ee7a SOLUNA kh\u00f4ng ch\u1ec9 mang n\u0103ng l\u01b0\u1ee3ng m\u00e0 c\u00f2n \u0111\u01b0\u1ee3c thi\u1ebft k\u1ebf tinh t\u1ebf, ph\u00f9 h\u1ee3p v\u1edbi c\u1ea3 trang ph\u1ee5c th\u01b0\u1eddng ng\u00e0y v\u00e0 khi c\u1ea7n th\u1ec3 hi\u1ec7n phong c\u00e1ch c\u00e1 nh\u00e2n m\u1ea1nh m\u1ebd. Khi b\u1ea1n mang s\u1ea3n ph\u1ea9m n\u00e0y, b\u1ea1n c\u1ea3m th\u1ea5y \u0111\u1eb9p \u2013 m\u1ea1nh \u2013 c\u00f3 \u00fd ngh\u0129a.<\/p>\n<figure id=\"attachment_758\" aria-describedby=\"caption-attachment-758\" style=\"width: 300px\" class=\"wp-caption aligncenter\"><img loading=\"lazy\" decoding=\"async\" class=\"size-medium wp-image-758\" src=\"https:\/\/daphongthuysoluna.vn\/wp-content\/uploads\/2025\/11\/da-thach-anh-toc-do-300x300.png\" alt=\"v\u00f2ng tay Th\u1ea1ch Anh \u0110\u1ecf\" width=\"300\" height=\"300\" \/><figcaption id=\"caption-attachment-758\" class=\"wp-caption-text\">H\u00ecnh \u1ea3nh v\u00f2ng tay Th\u1ea1ch Anh \u0110\u1ecf SOLUNA<\/figcaption><\/figure>\n<h2 data-rm-block-id=\"block-26\"><span class=\"ez-toc-section\" id=\"III_Phong_thuy_va_ngu_hanh_khai_thac_tiem_nang_hop_menh\"><\/span><strong>III. Phong th\u1ee7y v\u00e0 ng\u0169 h\u00e0nh: khai th\u00e1c ti\u1ec1m n\u0103ng h\u1ee3p m\u1ec7nh<\/strong><span class=\"ez-toc-section-end\"><\/span><\/h2>\n<h3 data-rm-block-id=\"block-27\"><span class=\"ez-toc-section\" id=\"31_Menh_Hoa_%E2%80%93_tuong_hop_va_thang_tien_nang_luong\"><\/span><strong>3.1. M\u1ec7nh H\u1ecfa \u2013 t\u01b0\u01a1ng h\u1ee3p v\u00e0 th\u0103ng ti\u1ebfn n\u0103ng l\u01b0\u1ee3ng<\/strong><span class=\"ez-toc-section-end\"><\/span><\/h3>\n<p data-rm-block-id=\"block-28\">N\u1ebfu b\u1ea1n thu\u1ed9c m\u1ec7nh H\u1ecfa, v\u00f2ng tay Th\u1ea1ch Anh \u0110\u1ecf s\u1ebd gi\u00fap t\u0103ng c\u01b0\u1eddng nhi\u1ec7t huy\u1ebft, \u0111am m\u00ea v\u00e0 kh\u1ea3 n\u0103ng l\u00e3nh \u0111\u1ea1o b\u1ea3n th\u00e2n, \u0111\u1ed3ng th\u1eddi b\u1ea3o v\u1ec7 b\u1ea1n kh\u1ecfi nh\u1eefng n\u0103ng l\u01b0\u1ee3ng g\u00e2y h\u1ecfa (n\u00f3ng gi\u1eadn kh\u00f4ng c\u1ea7n thi\u1ebft).<\/p>\n<h3 data-rm-block-id=\"block-29\"><span class=\"ez-toc-section\" id=\"32_Menh_Tho_%E2%80%93_tuong_sinh_vung_chac_duong_doi\"><\/span><strong>3.2. M\u1ec7nh Th\u1ed5 \u2013 t\u01b0\u01a1ng sinh &amp; v\u1eefng ch\u1eafc \u0111\u01b0\u1eddng \u0111\u1eddi<\/strong><span class=\"ez-toc-section-end\"><\/span><\/h3>\n<p data-rm-block-id=\"block-30\">Ng\u01b0\u1eddi m\u1ec7nh Th\u1ed5 khi \u0111eo v\u00f2ng tay Th\u1ea1ch Anh \u0110\u1ecf s\u1ebd nh\u1eadn \u0111\u01b0\u1ee3c s\u1ef1 h\u1ed7 tr\u1ee3 m\u1ea1nh m\u1ebd t\u1eeb H\u1ecfa sinh Th\u1ed5 (ng\u1ecdn l\u1eeda b\u1ed3i \u0111\u1eafp \u0111\u1ea5t), gi\u00fap c\u00e2n b\u1eb1ng v\u00e0 n\u00e2ng cao v\u1eadn tr\u00ecnh cu\u1ed9c s\u1ed1ng, \u0111\u1eb7c bi\u1ec7t trong c\u00e1c v\u1ea5n \u0111\u1ec1 li\u00ean quan \u0111\u1ebfn \u0111\u1ea5t \u0111ai v\u00e0 s\u1ef1 nghi\u1ec7p b\u1ec1n v\u1eefng<\/p>\n<h3 data-rm-block-id=\"block-31\"><span class=\"ez-toc-section\" id=\"33_Menh_nen_luu_y_tranh_khi_su_dung_da_do\"><\/span><strong>3.3. M\u1ec7nh n\u00ean l\u01b0u \u00fd &amp; tr\u00e1nh khi s\u1eed d\u1ee5ng \u0111\u00e1 \u0111\u1ecf<\/strong><span class=\"ez-toc-section-end\"><\/span><\/h3>\n<p data-rm-block-id=\"block-32\">Ng\u01b0\u1eddi m\u1ec7nh Kim hay Th\u1ee7y c\u1ea7n c\u00e2n nh\u1eafc khi s\u1eed d\u1ee5ng \u0111\u00e1 \u0111\u1ecf l\u00e0 b\u1edfi v\u00ec trong ng\u0169 h\u00e0nh, H\u1ecfa kh\u1eafc Kim v\u00e0 Th\u1ee7y kh\u1eafc H\u1ecfa. N\u1ebfu b\u1ea1n thu\u1ed9c hai m\u1ec7nh n\u00e0y, n\u00ean ch\u1ecdn lo\u1ea1i Th\u1ea1ch Anh Tr\u1eafng ho\u1eb7c Th\u1ea1ch Anh \u0110en k\u1ebft h\u1ee3p \u0111\u1ec3 trung h\u00f2a n\u0103ng l\u01b0\u1ee3ng.<\/p>\n<ol>\n<li data-rm-block-id=\"block-33\"><strong> Ti\u00eau chu\u1ea9n ch\u1ecdn v\u00f2ng tay Th\u1ea1ch Anh \u0110\u1ecf cao c\u1ea5p<\/strong><\/li>\n<\/ol>\n<h3 data-rm-block-id=\"block-34\"><span class=\"ez-toc-section\" id=\"41_Mau_sac_va_do_trong_%E2%80%93_dau_hieu_da_that\"><\/span><strong>4.1. M\u00e0u s\u1eafc v\u00e0 \u0111\u1ed9 trong \u2013 d\u1ea5u hi\u1ec7u \u0111\u00e1 th\u1eadt<\/strong><span class=\"ez-toc-section-end\"><\/span><\/h3>\n<p data-rm-block-id=\"block-35\">M\u00e0u \u0111\u1ecf n\u00ean \u0111\u1eadm nh\u01b0ng kh\u00f4ng b\u1ecb nhu\u1ed9m ho\u1eb7c qu\u00e1 nh\u1ea1t. \u0110\u00e1 th\u1eadt th\u01b0\u1eddng c\u00f3 t\u1ea1p th\u1ec3 nh\u1ecf ho\u1eb7c bao th\u1ec3 t\u1ef1 nhi\u00ean l\u00e0 bi\u1ec3u hi\u1ec7n t\u1ef1 nhi\u00ean h\u01a1n \u0111\u00e1 x\u1eed l\u00fd, Th\u1ea1ch Anh \u0110\u1ecf ch\u1ea5t l\u01b0\u1ee3ng cao th\u01b0\u1eddng c\u00f3 c\u00e1c d\u1ea3i m\u00e0u nh\u1eb9 ho\u1eb7c v\u1ec7t Hematite t\u1ef1 nhi\u00ean.<\/p>\n<figure id=\"attachment_757\" aria-describedby=\"caption-attachment-757\" style=\"width: 300px\" class=\"wp-caption aligncenter\"><img loading=\"lazy\" decoding=\"async\" class=\"size-medium wp-image-757\" src=\"https:\/\/daphongthuysoluna.vn\/wp-content\/uploads\/2025\/11\/vong-tay-da-thach-anh-do-300x300.webp\" alt=\"V\u00f2ng tay Th\u1ea1ch Anh \u0110\u1ecf\" width=\"300\" height=\"300\" srcset=\"https:\/\/daphongthuysoluna.vn\/wp-content\/uploads\/2025\/11\/vong-tay-da-thach-anh-do-300x300.webp 300w, https:\/\/daphongthuysoluna.vn\/wp-content\/uploads\/2025\/11\/vong-tay-da-thach-anh-do-247x247.webp 247w, https:\/\/daphongthuysoluna.vn\/wp-content\/uploads\/2025\/11\/vong-tay-da-thach-anh-do-100x100.webp 100w, https:\/\/daphongthuysoluna.vn\/wp-content\/uploads\/2025\/11\/vong-tay-da-thach-anh-do-510x510.webp 510w, https:\/\/daphongthuysoluna.vn\/wp-content\/uploads\/2025\/11\/vong-tay-da-thach-anh-do-150x150.webp 150w, https:\/\/daphongthuysoluna.vn\/wp-content\/uploads\/2025\/11\/vong-tay-da-thach-anh-do.webp 600w\" sizes=\"auto, (max-width: 300px) 100vw, 300px\" \/><figcaption id=\"caption-attachment-757\" class=\"wp-caption-text\">H\u00ecnh \u1ea3nh minh h\u1ecda v\u00f2ng tay Th\u1ea1ch Anh \u0110\u1ecf<\/figcaption><\/figure>\n<h3 data-rm-block-id=\"block-36\"><span class=\"ez-toc-section\" id=\"43_Bao_quan_va_kich_hoat_nang_luong_cho_vong_tay\"><\/span><strong>4.3. B\u1ea3o qu\u1ea3n v\u00e0 k\u00edch ho\u1ea1t n\u0103ng l\u01b0\u1ee3ng cho v\u00f2ng tay<\/strong><span class=\"ez-toc-section-end\"><\/span><\/h3>\n<p data-rm-block-id=\"block-37\">L\u1eadp tr\u00ecnh \u00fd \u0111\u1ecbnh r\u00f5 r\u00e0ng khi \u0111eo s\u1ebd t\u0103ng hi\u1ec7u qu\u1ea3 n\u0103ng l\u01b0\u1ee3ng. L\u00e0m s\u1ea1ch \u0111\u00e1 \u0111\u1ecbnh k\u1ef3 b\u1eb1ng \u00e1nh tr\u0103ng ho\u1eb7c \u00e1nh s\u00e1ng m\u1eb7t tr\u1eddi nh\u1eb9 (Sol) \u0111\u1ec3 t\u00e1i t\u1ea1o n\u0103ng l\u01b0\u1ee3ng L\u1eeda.<\/p>\n<h2 data-rm-block-id=\"block-38\"><span class=\"ez-toc-section\" id=\"V_Huong_dan_su_dung_vong_tay_Thach_Anh_Do_de_toi_uu_hieu_qua\"><\/span><strong>V. H\u01b0\u1edbng d\u1eabn s\u1eed d\u1ee5ng v\u00f2ng tay Th\u1ea1ch Anh \u0110\u1ecf \u0111\u1ec3 t\u1ed1i \u01b0u hi\u1ec7u qu\u1ea3<\/strong><span class=\"ez-toc-section-end\"><\/span><\/h2>\n<h3 data-rm-block-id=\"block-39\"><span class=\"ez-toc-section\" id=\"51_Cach_deo_tay_trai_tay_phai_va_thoi_diem_tot\"><\/span><strong>5.1. C\u00e1ch \u0111eo (tay tr\u00e1i, tay ph\u1ea3i) v\u00e0 th\u1eddi \u0111i\u1ec3m t\u1ed1t<\/strong><span class=\"ez-toc-section-end\"><\/span><\/h3>\n<ul>\n<li data-rm-block-id=\"block-40\"><strong>\u0110eo tay tr\u00e1i (tay nh\u1eadn n\u0103ng l\u01b0\u1ee3ng)<\/strong> khi b\u1ea1n mu\u1ed1n thu h\u00fat may m\u1eafn, c\u01a1 h\u1ed9i m\u1edbi, ho\u1eb7c ti\u1ec1n t\u00e0i.<\/li>\n<li data-rm-block-id=\"block-41\"><strong>\u0110eo tay ph\u1ea3i (tay ph\u00e1t n\u0103ng l\u01b0\u1ee3ng)<\/strong> khi b\u1ea1n mu\u1ed1n lan t\u1ecfa s\u1ef1 quy\u1ebft \u0111o\u00e1n, \u1ea3nh h\u01b0\u1edfng t\u00edch c\u1ef1c t\u1edbi m\u00f4i tr\u01b0\u1eddng xung quanh (\u0111\u00e0m ph\u00e1n, thuy\u1ebft tr\u00ecnh).<\/li>\n<\/ul>\n<h3 data-rm-block-id=\"block-42\"><span class=\"ez-toc-section\" id=\"52_Kich_hoat_y_dinh_va_bao_ve_nang_luong_ca_nhan\"><\/span><strong>5.2. K\u00edch ho\u1ea1t \u00fd \u0111\u1ecbnh v\u00e0 b\u1ea3o v\u1ec7 n\u0103ng l\u01b0\u1ee3ng c\u00e1 nh\u00e2n<\/strong><span class=\"ez-toc-section-end\"><\/span><\/h3>\n<p data-rm-block-id=\"block-43\">Tr\u01b0\u1edbc khi \u0111eo, h\u00e3y d\u00e0nh v\u00e0i ph\u00fat t\u1eadp trung, gi\u1edbi thi\u1ec7u m\u1ee5c ti\u00eau c\u1ee7a b\u1ea1n v\u1edbi vi\u00ean \u0111\u00e1: \u201cT\u00f4i ch\u1ecdn n\u0103ng l\u01b0\u1ee3ng m\u1ea1nh m\u1ebd, s\u00e1ng su\u1ed1t v\u00e0 may m\u1eafn \u0111\u1ec3 ho\u00e0n th\u00e0nh m\u1ee5c ti\u00eau X\u2026\u201d <em>Ghi nh\u1edb: \u0111\u00e1 l\u00e0 c\u00f4ng c\u1ee5 h\u1ed7 tr\u1ee3, b\u1ea1n v\u1eabn l\u00e0 ng\u01b0\u1eddi ch\u1ee7 \u0111\u1ed9ng.<\/em><\/p>\n<p style=\"text-align: center;\" data-rm-block-id=\"block-45\"><em>S\u1ef1 kh\u00e1c bi\u1ec7t gi\u1eefa ng\u01b0\u1eddi th\u00e0nh c\u00f4ng v\u00e0 ng\u01b0\u1eddi tr\u00ec ho\u00e3n n\u1eb1m \u1edf H\u00e0nh \u0111\u1ed9ng. N\u1ebfu b\u1ea1n th\u1ef1c s\u1ef1 khao kh\u00e1t m\u1ed9t n\u0103m 2025 \u0111\u1ea7y b\u00f9ng n\u1ed5, h\u00e3y k\u00edch ho\u1ea1t n\u0103ng l\u01b0\u1ee3ng Sol ngay h\u00f4m nay.<\/em><\/p>\n<p style=\"text-align: center;\" data-rm-block-id=\"block-46\"><em>H\u00e0nh \u0111\u1ed9ng ngay v\u00e0 nh\u1eadn &#8220;T\u00fai L\u1eeda&#8221; (\u0110\u00e1 n\u00fai l\u1eeda thanh t\u1ea9y) mi\u1ec5n ph\u00ed c\u00f9ng v\u1edbi chi\u1ebfc V\u00f2ng Tay Th\u1ea1ch Anh \u0110\u1ecf SOLUNA c\u1ee7a b\u1ea1n.<\/em><\/p>","protected":false},"excerpt":{"rendered":"<p>SOLUNA 2025 \u2013 V\u00f2ng tay Th\u1ea1ch Anh \u0110\u1ecf kh\u01a1i ngu\u1ed3n s\u1ee9c m\u1ea1nh v\u00e0 may m\u1eafn Th\u00e1ch Th\u1ee9c v\u00e0 L\u1eddi H\u1ee9a Chuy\u1ec3n H\u00f3a C\u1ee7a Ng\u1ecdn L\u1eeda B\u1ea1n \u0111\u00e3 bao gi\u1edd c\u1ea3m th\u1ea5y ng\u1ecdn l\u1eeda quy\u1ebft \u0111o\u00e1n b\u00ean trong m\u00ecnh b\u1ecb l\u1ee5i t\u00e0n b\u1edfi s\u1ef1 lo s\u1ee3 v\u00e0 tr\u00ec ho\u00e3n? V\u00f2ng tay Th\u1ea1ch Anh \u0110\u1ecf SOLUNA \u0111\u01b0\u1ee3c &#8230;<\/p>","protected":false},"author":5,"featured_media":0,"parent":0,"menu_order":0,"comment_status":"closed","ping_status":"closed","template":"","meta":{"_acf_changed":false,"footnotes":""},"class_list":["post-752","page","type-page","status-publish","hentry"],"acf":[],"_links":{"self":[{"href":"https:\/\/daphongthuysoluna.vn\/en\/wp-json\/wp\/v2\/pages\/752","targetHints":{"allow":["GET"]}}],"collection":[{"href":"https:\/\/daphongthuysoluna.vn\/en\/wp-json\/wp\/v2\/pages"}],"about":[{"href":"https:\/\/daphongthuysoluna.vn\/en\/wp-json\/wp\/v2\/types\/page"}],"author":[{"embeddable":true,"href":"https:\/\/daphongthuysoluna.vn\/en\/wp-json\/wp\/v2\/users\/5"}],"replies":[{"embeddable":true,"href":"https:\/\/daphongthuysoluna.vn\/en\/wp-json\/wp\/v2\/comments?post=752"}],"version-history":[{"count":4,"href":"https:\/\/daphongthuysoluna.vn\/en\/wp-json\/wp\/v2\/pages\/752\/revisions"}],"predecessor-version":[{"id":759,"href":"https:\/\/daphongthuysoluna.vn\/en\/wp-json\/wp\/v2\/pages\/752\/revisions\/759"}],"wp:attachment":[{"href":"https:\/\/daphongthuysoluna.vn\/en\/wp-json\/wp\/v2\/media?parent=752"}],"curies":[{"name":"wp","href":"https:\/\/api.w.org\/{rel}","templated":true}]}}