{"id":776,"date":"2025-11-11T01:28:34","date_gmt":"2025-11-10T18:28:34","guid":{"rendered":"https:\/\/daphongthuysoluna.vn\/?page_id=776"},"modified":"2025-11-11T01:28:34","modified_gmt":"2025-11-10T18:28:34","slug":"tru-thach-anh-trang","status":"publish","type":"page","link":"https:\/\/daphongthuysoluna.vn\/en\/tru-thach-anh-trang\/","title":{"rendered":"Tr\u1ee5 Th\u1ea1ch Anh Tr\u1eafng T\u1ef1 Nhi\u00ean \u2013 B\u00ed Quy\u1ebft Thu H\u00fat T\u00e0i L\u1ed9c, S\u1ee9c Kh\u1ecfe V\u00e0 B\u00ecnh An Cho Gia Ch\u1ee7"},"content":{"rendered":"<h2 data-rm-block-id=\"block-1\"><b>Tr\u1ee5 Th\u1ea1ch Anh Tr\u1eafng T\u1ef1 Nhi\u00ean \u2013 B\u00ed Quy\u1ebft Thu H\u00fat T\u00e0i L\u1ed9c, S\u1ee9c Kh\u1ecfe V\u00e0 B\u00ecnh An Cho Gia Ch\u1ee7<\/b><\/h2>\n<h3 data-rm-block-id=\"block-2\"><b>Tr\u1ee5 Th\u1ea1ch Anh Tr\u1eafng L\u00e0 G\u00ec? V\u00ec Sao V\u1eadt Ph\u1ea9m N\u00e0y \u0110\u01b0\u1ee3c S\u0103n \u0110\u00f3n?<\/b><\/h3>\n<p data-rm-block-id=\"block-3\"><img loading=\"lazy\" decoding=\"async\" class=\"size-medium wp-image-777 aligncenter\" src=\"https:\/\/daphongthuysoluna.vn\/wp-content\/uploads\/2025\/11\/Tru-Thach-Anh-Trang-212x300.png\" alt=\"Tr\u1ee5 Th\u1ea1ch Anh Tr\u1eafng \" width=\"212\" height=\"300\" srcset=\"https:\/\/daphongthuysoluna.vn\/wp-content\/uploads\/2025\/11\/Tru-Thach-Anh-Trang-212x300.png 212w, https:\/\/daphongthuysoluna.vn\/wp-content\/uploads\/2025\/11\/Tru-Thach-Anh-Trang-247x349.png 247w, https:\/\/daphongthuysoluna.vn\/wp-content\/uploads\/2025\/11\/Tru-Thach-Anh-Trang-510x721.png 510w, https:\/\/daphongthuysoluna.vn\/wp-content\/uploads\/2025\/11\/Tru-Thach-Anh-Trang-724x1024.png 724w, https:\/\/daphongthuysoluna.vn\/wp-content\/uploads\/2025\/11\/Tru-Thach-Anh-Trang-768x1086.png 768w, https:\/\/daphongthuysoluna.vn\/wp-content\/uploads\/2025\/11\/Tru-Thach-Anh-Trang-1086x1536.png 1086w, https:\/\/daphongthuysoluna.vn\/wp-content\/uploads\/2025\/11\/Tru-Thach-Anh-Trang-1448x2048.png 1448w, https:\/\/daphongthuysoluna.vn\/wp-content\/uploads\/2025\/11\/Tru-Thach-Anh-Trang-600x849.png 600w, https:\/\/daphongthuysoluna.vn\/wp-content\/uploads\/2025\/11\/Tru-Thach-Anh-Trang.png 1587w\" sizes=\"auto, (max-width: 212px) 100vw, 212px\" \/><\/p>\n<h4 data-rm-block-id=\"block-4\"><b>Ngu\u1ed3n g\u1ed1c v\u00e0 C\u1ea5u t\u1ea1o \u0110\u1eb7c bi\u1ec7t (Y\u1ebfu t\u1ed1 Expertise)<\/b><\/h4>\n<p data-rm-block-id=\"block-5\"><span style=\"font-weight: 400;\">Tr\u1ee5 Th\u1ea1ch Anh Tr\u1eafng (Clear Quartz) l\u00e0 m\u1ed9t d\u1ea1ng tinh th\u1ec3 th\u1ea1ch anh trong su\u1ed1t ho\u1eb7c tr\u1eafng s\u1eefa, c\u00f3 c\u00f4ng th\u1ee9c h\u00f3a h\u1ecdc l\u00e0 <\/span><b>SiO2 (Silicon Dioxide)<\/b><span style=\"font-weight: 400;\">. \u0110\u00e2y l\u00e0 lo\u1ea1i kho\u00e1ng v\u1eadt phong ph\u00fa th\u1ee9 hai tr\u00ean v\u1ecf Tr\u00e1i \u0110\u1ea5t, n\u1ed5i ti\u1ebfng v\u1edbi c\u1ea5u tr\u00fac m\u1ea1ng tinh th\u1ec3 l\u1ee5c gi\u00e1c ho\u00e0n h\u1ea3o, cho ph\u00e9p n\u00f3 t\u1ea1o ra v\u00e0 khu\u1ebfch \u0111\u1ea1i n\u0103ng l\u01b0\u1ee3ng c\u1ef1c k\u1ef3 hi\u1ec7u qu\u1ea3.<\/span><\/p>\n<p data-rm-block-id=\"block-6\"><span style=\"font-weight: 400;\">Th\u1ea1ch anh tr\u1eafng \u0111\u01b0\u1ee3c xem l\u00e0 <\/span><b>&#8220;Vua c\u1ee7a c\u00e1c lo\u1ea1i \u0111\u00e1 ch\u1eefa l\u00e0nh&#8221;<\/b><span style=\"font-weight: 400;\"> do kh\u1ea3 n\u0103ng h\u1ea5p th\u1ee5, l\u01b0u tr\u1eef, gi\u1ea3i ph\u00f3ng v\u00e0 \u0111i\u1ec1u ch\u1ec9nh n\u0103ng l\u01b0\u1ee3ng m\u1ea1nh m\u1ebd nh\u1ea5t trong th\u1ebf gi\u1edbi \u0111\u00e1 qu\u00fd.<\/span><\/p>\n<p data-rm-block-id=\"block-7\"><b>Ph\u00e2n Bi\u1ec7t<\/b><\/p>\n<p data-rm-block-id=\"block-8\"><b>Tr\u1eafng trong (Clear Quartz):<\/b><span style=\"font-weight: 400;\"> Th\u01b0\u1eddng \u0111\u01b0\u1ee3c g\u1ecdi l\u00e0 pha l\u00ea, c\u00f3 \u0111\u1ed9 trong su\u1ed1t cao. Lo\u1ea1i n\u00e0y c\u00f3 kh\u1ea3 n\u0103ng ph\u00e1t t\u00e1n \u00e1nh s\u00e1ng v\u00e0 n\u0103ng l\u01b0\u1ee3ng tinh khi\u1ebft, t\u01b0\u1ee3ng tr\u01b0ng cho s\u1ef1 thu\u1ea7n khi\u1ebft v\u00e0 minh tri\u1ebft.<\/span><\/p>\n<p data-rm-block-id=\"block-9\"><b>Tr\u1eafng s\u1eefa\/\u0111\u1ee5c (Milky Quartz):<\/b><span style=\"font-weight: 400;\"> \u0110\u1ed9 trong su\u1ed1t k\u00e9m h\u01a1n do c\u00e1c t\u1ea1p ch\u1ea5t vi l\u01b0\u1ee3ng trong qu\u00e1 tr\u00ecnh h\u00ecnh th\u00e0nh, nh\u01b0ng v\u1eabn mang \u0111\u1ea7y \u0111\u1ee7 \u0111\u1eb7c t\u00ednh n\u0103ng l\u01b0\u1ee3ng v\u00e0 \u0111\u01b0\u1ee3c \u01b0a chu\u1ed9ng trong tr\u1ea5n tr\u1ea1ch.<\/span><\/p>\n<p data-rm-block-id=\"block-10\">\n<h4 data-rm-block-id=\"block-11\"><b>\u00dd Ngh\u0129a H\u00ecnh D\u00e1ng Tr\u1ee5 \u0110\u00e1 Phong Th\u1ee7y<\/b><\/h4>\n<p data-rm-block-id=\"block-12\"><span style=\"font-weight: 400;\">H\u00ecnh d\u00e1ng tr\u1ee5 kh\u00f4ng ph\u1ea3i l\u00e0 ng\u1eabu nhi\u00ean, m\u00e0 n\u00f3 \u0111\u01b0\u1ee3c ch\u1ebf t\u00e1c \u0111\u1ec3 t\u1ed1i \u01b0u h\u00f3a kh\u1ea3 n\u0103ng phong th\u1ee7y c\u1ee7a vi\u00ean \u0111\u00e1:<\/span><\/p>\n<p data-rm-block-id=\"block-13\"><b>H\u00ecnh tr\u1ee5 (Th\u00e2n):<\/b><span style=\"font-weight: 400;\"> T\u01b0\u1ee3ng tr\u01b0ng cho s\u1ef1 <\/span><b>v\u1eefng ch\u00e3i, \u1ed5n \u0111\u1ecbnh<\/b><span style=\"font-weight: 400;\"> v\u00e0 <\/span><b>ph\u00e1t tri\u1ec3n kh\u00f4ng ng\u1eebng<\/b><span style=\"font-weight: 400;\">. \u0110\u1eb7t tr\u1ee5 \u0111\u00e1 gi\u00fap c\u1ee7ng c\u1ed1 v\u1ecb th\u1ebf, uy t\u00edn, v\u00e0 t\u1ea1o n\u1ec1n m\u00f3ng b\u1ec1n v\u1eefng cho c\u00f4ng vi\u1ec7c v\u00e0 gia \u0111\u00ecnh.<\/span><\/p>\n<p data-rm-block-id=\"block-14\"><b>\u0110\u1ec9nh nh\u1ecdn (Ch\u00f3p):<\/b><span style=\"font-weight: 400;\"> L\u00e0 n\u01a1i <\/span><b>h\u1ed9i t\u1ee5 v\u00e0 ph\u00e1t t\u00e1n<\/b><span style=\"font-weight: 400;\"> n\u0103ng l\u01b0\u1ee3ng. \u0110\u1ec9nh nh\u1ecdn ho\u1ea1t \u0111\u1ed9ng nh\u01b0 m\u1ed9t &#8220;\u0103ng-ten&#8221; thu h\u00fat lu\u1ed3ng kh\u00ed d\u01b0\u01a1ng t\u00edch c\u1ef1c t\u1eeb m\u00f4i tr\u01b0\u1eddng, sau \u0111\u00f3 khu\u1ebfch \u0111\u1ea1i v\u00e0 lan t\u1ecfa ra kh\u00f4ng gian xung quanh, gi\u00fap thanh l\u1ecdc kh\u00ed tr\u01b0\u1eddng hi\u1ec7u qu\u1ea3.<\/span><\/p>\n<p data-rm-block-id=\"block-15\">\n<h3 data-rm-block-id=\"block-16\"><b>Khai M\u1edf T\u1ed1i \u0110a L\u1ee3i \u00cdch C\u1ee7a Tr\u1ee5 Th\u1ea1ch Anh Tr\u1eafng<\/b><\/h3>\n<h4 data-rm-block-id=\"block-17\"><b>T\u0103ng C\u01b0\u1eddng T\u00e0i L\u1ed9c v\u00e0 Kinh Doanh Thu\u1eadn L\u1ee3i (L\u1ee3i \u00edch h\u00e0ng \u0111\u1ea7u)<\/b><\/h4>\n<p data-rm-block-id=\"block-18\"><span style=\"font-weight: 400;\">Tr\u1ee5 Th\u1ea1ch Anh Tr\u1eafng ph\u00e1t ra tr\u01b0\u1eddng n\u0103ng l\u01b0\u1ee3ng d\u01b0\u01a1ng r\u1ea5t m\u1ea1nh, \u0111\u00f3ng vai tr\u00f2 quan tr\u1ecdng trong vi\u1ec7c thu h\u00fat t\u00e0i kh\u00ed:<\/span><\/p>\n<p data-rm-block-id=\"block-19\"><b>H\u00fat V\u01b0\u1ee3ng Kh\u00ed:<\/b><span style=\"font-weight: 400;\"> Khi \u0111\u1eb7t t\u1ea1i v\u1ecb tr\u00ed t\u00e0i v\u1ecb ho\u1eb7c qu\u1ea7y thu ng\u00e2n, tr\u1ee5 \u0111\u00e1 gi\u00fap <\/span><b>k\u00edch ho\u1ea1t lu\u1ed3ng kh\u00ed l\u01b0u th\u00f4ng<\/b><span style=\"font-weight: 400;\">, mang l\u1ea1i may m\u1eafn v\u00e0 c\u01a1 h\u1ed9i kinh doanh.<\/span><\/p>\n<p data-rm-block-id=\"block-20\"><b>T\u0103ng Minh M\u1eabn:<\/b><span style=\"font-weight: 400;\"> Gi\u00fap ng\u01b0\u1eddi l\u00e3nh \u0111\u1ea1o, qu\u1ea3n l\u00fd <\/span><b>t\u0103ng c\u01b0\u1eddng kh\u1ea3 n\u0103ng t\u1eadp trung, t\u01b0 duy logic<\/b><span style=\"font-weight: 400;\"> v\u00e0 \u0111\u01b0a ra c\u00e1c quy\u1ebft \u0111\u1ecbnh s\u00e1ng su\u1ed1t, t\u1eeb \u0111\u00f3 n\u00e2ng cao hi\u1ec7u su\u1ea5t l\u00e0m vi\u1ec7c v\u00e0 gia t\u0103ng l\u1ee3i nhu\u1eadn.<\/span><\/p>\n<p data-rm-block-id=\"block-21\"><b>H\u00f3a Gi\u1ea3i C\u1ea1nh Tranh:<\/b><span style=\"font-weight: 400;\"> Gi\u00fap b\u1ea3o v\u1ec7 kh\u00f4ng gian l\u00e0m vi\u1ec7c kh\u1ecfi nh\u1eefng n\u0103ng l\u01b0\u1ee3ng ti\u00eau c\u1ef1c t\u1eeb \u0111\u1ed1i th\u1ee7 ho\u1eb7c nh\u1eefng ng\u01b0\u1eddi c\u00f3 \u00fd \u0111\u1ed3 x\u1ea5u.<\/span><\/p>\n<p data-rm-block-id=\"block-22\">\n<h4 data-rm-block-id=\"block-23\"><b>Tr\u1ea5n Tr\u1ea1ch An Gia, Xua \u0110u\u1ed5i N\u0103ng L\u01b0\u1ee3ng Ti\u00eau C\u1ef1c (L\u1ee3i \u00edch v\u1ec1 b\u1ea3o v\u1ec7)<\/b><\/h4>\n<p data-rm-block-id=\"block-24\"><span style=\"font-weight: 400;\">V\u1edbi t\u00ednh ch\u1ea5t thanh l\u1ecdc n\u0103ng l\u01b0\u1ee3ng v\u01b0\u1ee3t tr\u1ed9i, Th\u1ea1ch Anh Tr\u1eafng l\u00e0 v\u1eadt ph\u1ea9m tr\u1ea5n tr\u1ea1ch h\u00e0ng \u0111\u1ea7u:<\/span><\/p>\n<p data-rm-block-id=\"block-25\"><b>Thanh L\u1ecdc Kh\u00f4ng Gian:<\/b><span style=\"font-weight: 400;\"> \u0110\u00e1 th\u1ea1ch anh tr\u1eafng ho\u1ea1t \u0111\u1ed9ng nh\u01b0 m\u1ed9t m\u00e1y l\u1ecdc kh\u00f4ng kh\u00ed v\u1ec1 m\u1eb7t n\u0103ng l\u01b0\u1ee3ng, h\u1ea5p th\u1ee5 c\u00e1c lu\u1ed3ng kh\u00ed x\u1ea5u, \u00e2m kh\u00ed, v\u00e0 \u0111i\u1ec7n t\u1eeb tr\u01b0\u1eddng c\u00f3 h\u1ea1i.<\/span><\/p>\n<p data-rm-block-id=\"block-26\"><b>H\u00f3a Gi\u1ea3i S\u00e1t Kh\u00ed:<\/b><span style=\"font-weight: 400;\"> \u0110\u1eb7c bi\u1ec7t h\u1eefu hi\u1ec7u khi nh\u00e0 b\u1ea1n c\u00f3 h\u01b0\u1edbng kh\u00f4ng t\u1ed1t, \u0111\u1ed1i di\u1ec7n ng\u00e3 ba \u0111\u01b0\u1eddng ho\u1eb7c g\u1ea7n b\u1ec7nh vi\u1ec7n, tr\u01b0\u1eddng h\u1ecdc c\u0169. Tr\u1ee5 \u0111\u00e1 gi\u00fap <\/span><b>chuy\u1ec3n h\u00f3a hung kh\u00ed th\u00e0nh c\u00e1t kh\u00ed<\/b><span style=\"font-weight: 400;\">, b\u1ea3o v\u1ec7 s\u1ef1 b\u00ecnh an cho c\u00e1c th\u00e0nh vi\u00ean.<\/span><\/p>\n<p data-rm-block-id=\"block-27\">\n<h4 data-rm-block-id=\"block-28\"><b>C\u00e2n B\u1eb1ng T\u00e2m Tr\u00ed, C\u1ea3i Thi\u1ec7n S\u1ee9c Kh\u1ecfe (L\u1ee3i \u00edch c\u00e1 nh\u00e2n)<\/b><\/h4>\n<p data-rm-block-id=\"block-29\"><span style=\"font-weight: 400;\">Th\u1ea1ch Anh Tr\u1eafng li\u00ean k\u1ebft m\u1ea1nh m\u1ebd v\u1edbi lu\u00e2n xa v\u01b0\u01a1ng mi\u1ec7n (Crown Chakra), gi\u00fap k\u1ebft n\u1ed1i v\u1edbi \u00fd th\u1ee9c cao h\u01a1n:<\/span><\/p>\n<p data-rm-block-id=\"block-30\"><b>X\u00f3a Tan C\u0103ng Th\u1eb3ng:<\/b><span style=\"font-weight: 400;\"> Gi\u00fap t\u00e2m tr\u00ed tr\u1edf n\u00ean y\u00ean t\u0129nh, gi\u1ea3m lo \u00e2u v\u00e0 c\u0103ng th\u1eb3ng th\u1ea7n kinh, mang l\u1ea1i c\u1ea3m gi\u00e1c b\u00ecnh an v\u00e0 th\u01b0 th\u00e1i.<\/span><\/p>\n<p data-rm-block-id=\"block-31\"><b>T\u0103ng C\u01b0\u1eddng Sinh L\u1ef1c:<\/b><span style=\"font-weight: 400;\"> C\u1ea3i thi\u1ec7n ch\u1ea5t l\u01b0\u1ee3ng gi\u1ea5c ng\u1ee7 v\u00e0 gi\u00fap c\u01a1 th\u1ec3 t\u1ef1 ph\u1ee5c h\u1ed3i n\u0103ng l\u01b0\u1ee3ng, n\u00e2ng cao s\u1ee9c kh\u1ecfe t\u1ed5ng th\u1ec3.<\/span><\/p>\n<p data-rm-block-id=\"block-32\">\n<h3 data-rm-block-id=\"block-33\"><b>C\u00e1ch \u0110\u1eb7t Tr\u1ee5 Th\u1ea1ch Anh Tr\u1eafng \u0110\u1ec3 \u0110\u1ea1t Hi\u1ec7u Qu\u1ea3 Phong Th\u1ee7y T\u1ed1t Nh\u1ea5t<\/b><\/h3>\n<p data-rm-block-id=\"block-34\">\n<h4 data-rm-block-id=\"block-35\"><b>L\u1ef1a Ch\u1ecdn V\u1ecb Tr\u00ed \u0110\u1eb7t T\u1ed1i \u01afu (K\u00edch ho\u1ea1t n\u0103ng l\u01b0\u1ee3ng)<\/b><\/h4>\n<p data-rm-block-id=\"block-36\"><b>V\u1ecb tr\u00ed \u0111\u1eb7t quy\u1ebft \u0111\u1ecbnh 50% hi\u1ec7u qu\u1ea3 phong th\u1ee7y c\u1ee7a Tr\u1ee5 Th\u1ea1ch Anh Tr\u1eafng:<\/b><\/p>\n<p data-rm-block-id=\"block-37\"><b>B\u00e0n l\u00e0m vi\u1ec7c\/v\u0103n ph\u00f2ng: <\/b><span style=\"font-weight: 400;\">Gi\u00fap thu h\u00fat th\u0103ng ti\u1ebfn, s\u00e1ng t\u1ea1o n\u00ean \u0111\u1eb7t \u1edf g\u00f3c <\/span><b>\u0110\u00f4ng B\u1eafc<\/b><span style=\"font-weight: 400;\"> (t\u01b0\u1ee3ng tr\u01b0ng cho tri th\u1ee9c) ho\u1eb7c b\u00ean tay ph\u1ea3i (theo nguy\u00ean t\u1eafc Thanh Long\/B\u1ea1ch H\u1ed5).<\/span><\/p>\n<p data-rm-block-id=\"block-38\"><b>Ph\u00f2ng Kh\u00e1ch\/Qu\u1ea7y Thu Ng\u00e2n: <\/b><span style=\"font-weight: 400;\">Tr\u1ea5n tr\u1ea1ch, thu h\u00fat t\u00e0i l\u1ed9c l\u1eddi khuy\u00ean cho b\u1ea1n l\u00e0 n\u00ean \u0111\u1eb7t \u1edf v\u1ecb tr\u00ed trung t\u00e2m, d\u1ec5 th\u1ea5y, ho\u1eb7c h\u01b0\u1edbng <\/span><b>\u0110\u00f4ng Nam<\/b><span style=\"font-weight: 400;\"> (cung T\u00e0i L\u1ed9c).<\/span><\/p>\n<p data-rm-block-id=\"block-39\"><b>Ph\u00f2ng Ng\u1ee7:<\/b><span style=\"font-weight: 400;\"> M\u1ee5c \u0111\u00edch c\u1ea3i thi\u1ec7n t\u00ecnh c\u1ea3m (d\u00f9ng tr\u1ee5 nh\u1ecf ) v\u00e0 <\/span><b>Kh\u00f4ng n\u00ean \u0111\u1eb7t<\/b><span style=\"font-weight: 400;\"> \u0111\u1ed1i di\u1ec7n \u0111\u1ea7u gi\u01b0\u1eddng m\u00e0 h\u00e3y \u0111\u1eb7t tr\u00ean t\u1ee7 \u0111\u1ea7u gi\u01b0\u1eddng ho\u1eb7c b\u00e0n trang \u0111i\u1ec3m, tr\u00e1nh n\u01a1i qu\u00e1 g\u1ea7n.<\/span><\/p>\n<p data-rm-block-id=\"block-40\"><b>G\u00f3c nh\u00e0 b\u1ecb Khuy\u1ebft:<\/b><span style=\"font-weight: 400;\"> H\u00f3a gi\u1ea3i khuy\u1ebft \u0111i\u1ec3m ki\u1ebfn tr\u00fac, \u0110\u1eb7t t\u1ea1i g\u00f3c khuy\u1ebft \u0111\u1ec3 b\u1ed5 sung n\u0103ng l\u01b0\u1ee3ng, t\u1ea1o s\u1ef1 vu\u00f4ng v\u1eafn trong phong th\u1ee7y.<\/span><\/p>\n<h4 data-rm-block-id=\"block-41\"><b>Tr\u1ee5 Th\u1ea1ch Anh Tr\u1eafng H\u1ee3p V\u1edbi M\u1ec7nh N\u00e0o Trong Ng\u0169 H\u00e0nh?<\/b><\/h4>\n<p data-rm-block-id=\"block-42\"><b>Theo Ng\u0169 H\u00e0nh, m\u00e0u tr\u1eafng v\u00e0 trong su\u1ed1t \u0111\u1ea1i di\u1ec7n cho h\u00e0nh KIM.<\/b><\/p>\n<ul>\n<li aria-level=\"1\" data-rm-block-id=\"block-43\"><b>M\u1ec7nh H\u1ee3p (T\u01b0\u01a1ng H\u1ee3p): <\/b><span style=\"font-weight: 400;\">Ng\u01b0\u1eddi m\u1ec7nh<\/span><b> KIM <\/b><span style=\"font-weight: 400;\">\u0111eo ho\u1eb7c s\u1eed d\u1ee5ng Tr\u1ee5 Th\u1ea1ch Anh Tr\u1eafng s\u1ebd \u0111\u01b0\u1ee3c c\u1ee7ng c\u1ed1 b\u1ea3n m\u1ec7nh, t\u0103ng c\u01b0\u1eddng s\u1ee9c m\u1ea1nh v\u00e0 s\u1ef1 quy\u1ebft \u0111o\u00e1n.<\/span><\/li>\n<\/ul>\n<ul>\n<li aria-level=\"1\" data-rm-block-id=\"block-44\"><b>M\u1ec7nh T\u01b0\u01a1ng Sinh: Kim <\/b><span style=\"font-weight: 400;\">sinh<\/span><b> TH\u1ee6Y. <\/b><span style=\"font-weight: 400;\">Ng\u01b0\u1eddi m\u1ec7nh <\/span><b>TH\u1ee6Y<\/b><span style=\"font-weight: 400;\"> s\u1eed d\u1ee5ng <\/span><b>Th\u1ea1ch Anh Tr\u1eafng<\/b><span style=\"font-weight: 400;\"> s\u1ebd nh\u1eadn \u0111\u01b0\u1ee3c s\u1ef1 h\u1ed7 tr\u1ee3 m\u1ea1nh m\u1ebd, gi\u00fap c\u00f4ng vi\u1ec7c v\u00e0 cu\u1ed9c s\u1ed1ng su\u00f4n s\u1ebb, t\u00e0i l\u1ed9c d\u1ed3i d\u00e0o.<\/span><\/li>\n<\/ul>\n<p data-rm-block-id=\"block-45\">\n<h3 data-rm-block-id=\"block-46\"><b>L\u1eddi Khuy\u00ean T\u1eeb Chuy\u00ean Gia: L\u00e0m Sao \u0110\u1ec3 Ch\u1ecdn \u0110\u01b0\u1ee3c Tr\u1ee5 \u0110\u00e1 Th\u1eadt v\u00e0 Ch\u1ea5t L\u01b0\u1ee3ng?\u00a0<\/b><\/h3>\n<h3 data-rm-block-id=\"block-47\"><b>3 Ti\u00eau Ch\u00ed V\u00e0ng Ph\u00e2n Bi\u1ec7t \u0110\u00e1 Th\u1eadt \u2013 Tr\u00e1nh Mua Ph\u1ea3i H\u00e0ng Gi\u1ea3<\/b><\/h3>\n<p data-rm-block-id=\"block-48\"><span style=\"font-weight: 400;\">Th\u1ea1ch Anh Tr\u1eafng l\u00e0 m\u1ed9t trong nh\u1eefng lo\u1ea1i \u0111\u00e1 b\u1ecb l\u00e0m gi\u1ea3 nhi\u1ec1u nh\u1ea5t tr\u00ean th\u1ecb tr\u01b0\u1eddng. H\u00e3y d\u1ef1a v\u00e0o 3 ti\u00eau ch\u00ed c\u1ed1t l\u00f5i sau:<\/span><\/p>\n<ol>\n<li style=\"font-weight: 400;\" aria-level=\"1\" data-rm-block-id=\"block-49\"><b>Ki\u1ec3m tra \u0110\u1ed9 L\u1ea1nh v\u00e0 \u0110\u1ed9 C\u1ee9ng (\u0110\u1ed9 b\u1ec1n):<\/b><\/li>\n<\/ol>\n<p data-rm-block-id=\"block-50\"><b>\u0110\u00e1 th\u1eadt:<\/b><span style=\"font-weight: 400;\"> Lu\u00f4n cho c\u1ea3m gi\u00e1c <\/span><b>m\u00e1t l\u1ea1nh<\/b><span style=\"font-weight: 400;\"> khi ch\u1ea1m v\u00e0o, ngay c\u1ea3 trong th\u1eddi ti\u1ebft n\u00f3ng. \u0110\u1ed9 c\u1ee9ng cao (kho\u1ea3ng <\/span><b>7 tr\u00ean thang Mohs<\/b><span style=\"font-weight: 400;\">). Khi d\u00f9ng v\u1eadt s\u1eafc nh\u1ecdn (tr\u1eeb kim c\u01b0\u01a1ng) c\u1ecd x\u00e1t nh\u1eb9, s\u1ebd r\u1ea5t kh\u00f3 b\u1ecb tr\u1ea7y x\u01b0\u1edbc.<\/span><\/p>\n<p data-rm-block-id=\"block-51\"><b>\u0110\u00e1 gi\u1ea3 (Th\u1ee7y tinh, nh\u1ef1a):<\/b><span style=\"font-weight: 400;\"> Nhanh ch\u00f3ng h\u1ea5p th\u1ee5 nhi\u1ec7t t\u1eeb tay, d\u1ec5 b\u1ecb tr\u1ea7y x\u01b0\u1edbc h\u01a1n nhi\u1ec1u.<\/span><\/p>\n<ol>\n<li style=\"font-weight: 400;\" aria-level=\"1\" data-rm-block-id=\"block-52\"><b>Quan s\u00e1t V\u00e2n v\u00e0 Bao Th\u1ec3 (N\u0103ng l\u01b0\u1ee3ng t\u1ef1 nhi\u00ean):<\/b><\/li>\n<\/ol>\n<p data-rm-block-id=\"block-53\"><b>\u0110\u00e1 th\u1eadt:<\/b><span style=\"font-weight: 400;\"> Th\u01b0\u1eddng c\u00f3 nh\u1eefng <\/span><b>v\u00e2n m\u00e2y, v\u1ebft r\u1ea1n, ho\u1eb7c bao th\u1ec3 t\u1ef1 nhi\u00ean<\/b><span style=\"font-weight: 400;\"> b\u00ean trong (b\u1ecdt kh\u00ed nh\u1ecf, kho\u00e1ng ch\u1ea5t kh\u00e1c) kh\u00f4ng \u0111\u1ec1u nhau. \u0110\u00e2y l\u00e0 b\u1eb1ng ch\u1ee9ng c\u1ee7a qu\u00e1 tr\u00ecnh h\u00ecnh th\u00e0nh h\u00e0ng tri\u1ec7u n\u0103m.<\/span><\/p>\n<p data-rm-block-id=\"block-54\"><b>\u0110\u00e1 gi\u1ea3 (Th\u1ee7y tinh \u0111\u00fac):<\/b><span style=\"font-weight: 400;\"> Th\u01b0\u1eddng trong su\u1ed1t m\u1ed9t c\u00e1ch ho\u00e0n h\u1ea3o, kh\u00f4ng c\u00f3 ch\u00fat t\u1ea1p ch\u1ea5t n\u00e0o ho\u1eb7c n\u1ebfu c\u00f3 th\u00ec l\u00e0 b\u1ecdt kh\u00ed tr\u00f2n \u0111\u1ec1u do qu\u00e1 tr\u00ecnh \u0111\u00fac.<\/span><\/p>\n<ol>\n<li style=\"font-weight: 400;\" aria-level=\"1\" data-rm-block-id=\"block-55\"><b>Y\u00eau c\u1ea7u Gi\u1ea5y Ki\u1ec3m \u0110\u1ecbnh \u0110\u00e1 Qu\u00fd Uy T\u00edn:<\/b><\/li>\n<\/ol>\n<p data-rm-block-id=\"block-56\"><span style=\"font-weight: 400;\">\u0110\u00e2y l\u00e0 b\u1eb1ng ch\u1ee9ng x\u00e1c th\u1ef1c nh\u1ea5t. Y\u00eau c\u1ea7u c\u1eeda h\u00e0ng cung c\u1ea5p <\/span><b>Gi\u1ea5y Ki\u1ec3m \u0110\u1ecbnh<\/b><span style=\"font-weight: 400;\"> t\u1eeb c\u00e1c \u0111\u01a1n v\u1ecb uy t\u00edn nh\u01b0 PNJLab, RGG, hay DOJI. Gi\u1ea5y ki\u1ec3m \u0111\u1ecbnh s\u1ebd ghi r\u00f5 t\u00ean \u0111\u00e1 (&#8220;Natural Quartz&#8221;), tr\u1ecdng l\u01b0\u1ee3ng v\u00e0 c\u00e1c th\u00f4ng s\u1ed1 v\u1eadt l\u00fd kh\u00e1c<\/span><\/p>\n<p data-rm-block-id=\"block-57\">\n<h4 data-rm-block-id=\"block-58\"><b>K\u00edch Th\u01b0\u1edbc Tr\u1ee5 \u0110\u00e1 H\u1ee3p L\u00fd Theo Phong Th\u1ee7y<\/b><\/h4>\n<p data-rm-block-id=\"block-59\"><span style=\"font-weight: 400;\">K\u00edch th\u01b0\u1edbc tr\u1ee5 \u0111\u00e1 n\u00ean ph\u00f9 h\u1ee3p v\u1edbi kh\u00f4ng gian v\u00e0 m\u1ee5c \u0111\u00edch s\u1eed d\u1ee5ng. \u0110\u00e1 qu\u00e1 nh\u1ecf kh\u00f3 ph\u00e1t t\u00e1n n\u0103ng l\u01b0\u1ee3ng, \u0111\u00e1 qu\u00e1 l\u1edbn c\u00f3 th\u1ec3 g\u00e2y \u00e1p l\u1ef1c l\u00ean kh\u00f4ng gian.<\/span><\/p>\n<ul>\n<li style=\"font-weight: 400;\" aria-level=\"1\" data-rm-block-id=\"block-60\"><b>Tr\u1ee5 Tr\u1ea5n Tr\u1ea1ch L\u1edbn:<\/b><span style=\"font-weight: 400;\"> N\u00ean ch\u1ecdn tr\u1ee5 c\u00f3 tr\u1ecdng l\u01b0\u1ee3ng tr\u00ean 1kg, th\u00edch h\u1ee3p \u0111\u1eb7t ph\u00f2ng kh\u00e1ch l\u1edbn, s\u1ea3nh c\u00f4ng ty.<\/span><\/li>\n<li style=\"font-weight: 400;\" aria-level=\"1\" data-rm-block-id=\"block-61\"><b>Tr\u1ee5 Phong Th\u1ee7y V\u0103n Ph\u00f2ng:<\/b><span style=\"font-weight: 400;\"> Tr\u1ee5 nh\u1ecf, cao kho\u1ea3ng 10-15cm, d\u1ec5 d\u00e0ng \u0111\u1eb7t tr\u00ean b\u00e0n l\u00e0m vi\u1ec7c m\u00e0 kh\u00f4ng chi\u1ebfm qu\u00e1 nhi\u1ec1u di\u1ec7n t\u00edch.<\/span><\/li>\n<\/ul>\n<h3 data-rm-block-id=\"block-62\"><b>L\u00fd Do B\u1ea1n N\u00ean S\u1edf H\u1eefu Tr\u1ee5 Th\u1ea1ch Anh Tr\u1eafng T\u1ea1i \u0110\u00e1 Phong Th\u1ee7y Soluna<\/b><\/h3>\n<h4 data-rm-block-id=\"block-63\"><b>Cam K\u1ebft Ch\u1ea5t L\u01b0\u1ee3ng v\u00e0 Ch\u00ednh S\u00e1ch \u01afu \u0110\u00e3i<\/b><\/h4>\n<p data-rm-block-id=\"block-64\"><span style=\"font-weight: 400;\">Vi\u1ec7c s\u1edf h\u1eefu m\u1ed9t v\u1eadt ph\u1ea9m phong th\u1ee7y quan tr\u1ecdng nh\u01b0 Tr\u1ee5 Th\u1ea1ch Anh Tr\u1eafng \u0111\u00f2i h\u1ecfi s\u1ef1 tin t\u01b0\u1edfng tuy\u1ec7t \u0111\u1ed1i v\u00e0o ngu\u1ed3n g\u1ed1c v\u00e0 ch\u1ea5t l\u01b0\u1ee3ng. Ch\u00fang t\u00f4i cam k\u1ebft mang \u0111\u1ebfn gi\u00e1 tr\u1ecb t\u1ed1t nh\u1ea5t:<\/span><\/p>\n<p data-rm-block-id=\"block-65\"><b>\u0110\u00e1 T\u1ef1 Nhi\u00ean, C\u00f3 Gi\u1ea5y Ki\u1ec3m \u0110\u1ecbnh K\u00e8m Theo:<\/b><span style=\"font-weight: 400;\"> Ch\u00fang t\u00f4i cam k\u1ebft m\u1ecdi s\u1ea3n ph\u1ea9m \u0111\u1ec1u c\u00f3 <\/span><b>Gi\u1ea5y Ki\u1ec3m \u0110\u1ecbnh \u0110\u00e1 Qu\u00fd<\/b><span style=\"font-weight: 400;\">, minh b\u1ea1ch v\u1ec1 ngu\u1ed3n g\u1ed1c v\u00e0 ch\u1ea5t l\u01b0\u1ee3ng\u00a0<\/span><\/p>\n<p data-rm-block-id=\"block-66\"><b>Ch\u00ednh S\u00e1ch B\u1ea3o H\u00e0nh:<\/b><span style=\"font-weight: 400;\"> Ch\u00fang t\u00f4i b\u1ea3o h\u00e0nh v\u1ec1 ngu\u1ed3n g\u1ed1c t\u1ef1 nhi\u00ean c\u1ee7a \u0111\u00e1. N\u1ebfu ph\u00e1t hi\u1ec7n \u0111\u00e1 gi\u1ea3, ch\u00fang t\u00f4i cam k\u1ebft ho\u00e0n ti\u1ec1n.<\/span><\/p>\n<p data-rm-block-id=\"block-67\"><b>T\u01b0 V\u1ea5n Mi\u1ec5n Ph\u00ed V\u1ec1 Phong Th\u1ee7y:<\/b><span style=\"font-weight: 400;\"> B\u1ea1n s\u1ebd \u0111\u01b0\u1ee3c t\u01b0 v\u1ea5n v\u1ecb tr\u00ed \u0111\u1eb7t tr\u1ee5 chu\u1ea9n x\u00e1c theo m\u1ec7nh, tu\u1ed5i v\u00e0 \u0111\u1ecba h\u00ecnh nh\u00e0 \u1edf\/v\u0103n ph\u00f2ng.<\/span><\/p>\n<h3 data-rm-block-id=\"block-68\"><b>\u0110\u1eebng Ch\u1ea7n Ch\u1eeb! S\u1edf H\u1eefu Ngay &#8220;Tr\u1ee5 Th\u1ea1ch Anh Tr\u1eafng&#8221; \u0110\u1ec3 Thay \u0110\u1ed5i V\u1eadn M\u1ec7nh C\u1ee7a B\u1ea1n!\u00a0<\/b><\/h3>\n<p data-rm-block-id=\"block-69\"><span style=\"font-weight: 400;\">\u0110\u00e3 \u0111\u1ebfn l\u00fac b\u1ea1n n\u00ean n\u00e2ng cao n\u0103ng l\u01b0\u1ee3ng kh\u00f4ng gian s\u1ed1ng v\u00e0 l\u00e0m vi\u1ec7c c\u1ee7a m\u00ecnh. Tr\u1ee5 Th\u1ea1ch Anh Tr\u1eafng kh\u00f4ng ch\u1ec9 l\u00e0 m\u1ed9t v\u1eadt ph\u1ea9m trang tr\u00ed, m\u00e0 l\u00e0 m\u1ed9t <\/span><b>&#8220;M\u00e1y ph\u00e1t n\u0103ng l\u01b0\u1ee3ng d\u01b0\u01a1ng&#8221;<\/b><span style=\"font-weight: 400;\"> gi\u00fap b\u1ea1n thu h\u00fat t\u00e0i l\u1ed9c, s\u1ee9c kh\u1ecfe v\u00e0 b\u00ecnh an.<\/span><\/p>\n<p data-rm-block-id=\"block-70\"><b>Xem ngay c\u00e1c m\u1eabu Tr\u1ee5 Th\u1ea1ch Anh Tr\u1eafng T\u1ef1 Nhi\u00ean, K\u00e8m Gi\u00e1 Ni\u00eam Y\u1ebft v\u00e0 Gi\u1ea5y Ki\u1ec3m \u0110\u1ecbnh \u0111\u1ed9c quy\u1ec1n<a href=\"https:\/\/daphongthuysoluna.vn\/en\/product\/vong-da-thach-anh-toc-vang-d\/\"> t\u1ea1i \u0111\u00e2y<\/a>\u00a0<\/b><\/p>\n<p><a href=\"https:\/\/cafeland.vn\/xu-huong\/y-nghia-phong-thuy-cua-tru-thach-anh-113730.html\" target=\"_blank\" rel=\"noopener\">Tham kh\u1ea3o th\u00eam\u00a0<\/a><\/p>","protected":false},"excerpt":{"rendered":"<p>Tr\u1ee5 Th\u1ea1ch Anh Tr\u1eafng T\u1ef1 Nhi\u00ean \u2013 B\u00ed Quy\u1ebft Thu H\u00fat T\u00e0i L\u1ed9c, S\u1ee9c Kh\u1ecfe V\u00e0 B\u00ecnh An Cho Gia Ch\u1ee7 Tr\u1ee5 Th\u1ea1ch Anh Tr\u1eafng L\u00e0 G\u00ec? V\u00ec Sao V\u1eadt Ph\u1ea9m N\u00e0y \u0110\u01b0\u1ee3c S\u0103n \u0110\u00f3n? Ngu\u1ed3n g\u1ed1c v\u00e0 C\u1ea5u t\u1ea1o \u0110\u1eb7c bi\u1ec7t (Y\u1ebfu t\u1ed1 Expertise) Tr\u1ee5 Th\u1ea1ch Anh Tr\u1eafng (Clear Quartz) l\u00e0 m\u1ed9t d\u1ea1ng tinh &#8230;<\/p>","protected":false},"author":3,"featured_media":0,"parent":0,"menu_order":0,"comment_status":"closed","ping_status":"closed","template":"","meta":{"_acf_changed":false,"footnotes":""},"class_list":["post-776","page","type-page","status-publish","hentry"],"acf":[],"_links":{"self":[{"href":"https:\/\/daphongthuysoluna.vn\/en\/wp-json\/wp\/v2\/pages\/776","targetHints":{"allow":["GET"]}}],"collection":[{"href":"https:\/\/daphongthuysoluna.vn\/en\/wp-json\/wp\/v2\/pages"}],"about":[{"href":"https:\/\/daphongthuysoluna.vn\/en\/wp-json\/wp\/v2\/types\/page"}],"author":[{"embeddable":true,"href":"https:\/\/daphongthuysoluna.vn\/en\/wp-json\/wp\/v2\/users\/3"}],"replies":[{"embeddable":true,"href":"https:\/\/daphongthuysoluna.vn\/en\/wp-json\/wp\/v2\/comments?post=776"}],"version-history":[{"count":1,"href":"https:\/\/daphongthuysoluna.vn\/en\/wp-json\/wp\/v2\/pages\/776\/revisions"}],"predecessor-version":[{"id":778,"href":"https:\/\/daphongthuysoluna.vn\/en\/wp-json\/wp\/v2\/pages\/776\/revisions\/778"}],"wp:attachment":[{"href":"https:\/\/daphongthuysoluna.vn\/en\/wp-json\/wp\/v2\/media?parent=776"}],"curies":[{"name":"wp","href":"https:\/\/api.w.org\/{rel}","templated":true}]}}