{"id":779,"date":"2025-11-11T20:55:24","date_gmt":"2025-11-11T13:55:24","guid":{"rendered":"https:\/\/daphongthuysoluna.vn\/?page_id=779"},"modified":"2025-11-11T20:55:32","modified_gmt":"2025-11-11T13:55:32","slug":"tru-thach-anh-den-soluna","status":"publish","type":"page","link":"https:\/\/daphongthuysoluna.vn\/en\/tru-thach-anh-den-soluna\/","title":{"rendered":"Tr\u1ee5 Th\u1ea1ch Anh \u0110en SOLUNA: V\u1eadt Ph\u1ea9m Tr\u1ea5n Tr\u1ea1ch V\u00e0 H\u1ed9 M\u1ec7nh S\u1ed1 1 Cho B\u00e0n L\u00e0m Vi\u1ec7c"},"content":{"rendered":"<div id=\"ez-toc-container\" class=\"ez-toc-v2_0_76 counter-hierarchy ez-toc-counter ez-toc-grey ez-toc-container-direction\">\n<div class=\"ez-toc-title-container\">\n<p class=\"ez-toc-title\" style=\"cursor:inherit\">N\u1ed9i Dung B\u00e0i Vi\u1ebft <\/p>\n<span class=\"ez-toc-title-toggle\"><\/span><\/div>\n<nav><ul class='ez-toc-list ez-toc-list-level-1' ><li class='ez-toc-page-1 ez-toc-heading-level-1'><a class=\"ez-toc-link ez-toc-heading-1\" href=\"https:\/\/daphongthuysoluna.vn\/en\/tru-thach-anh-den-soluna\/#Tru_Thach_Anh_Den_SOLUNA_Vat_Pham_Tran_Trach_Va_Ho_Menh_So_1_Cho_Ban_Lam_Viec\" >Tr\u1ee5 Th\u1ea1ch Anh \u0110en SOLUNA: V\u1eadt Ph\u1ea9m Tr\u1ea5n Tr\u1ea1ch V\u00e0 H\u1ed9 M\u1ec7nh S\u1ed1 1 Cho B\u00e0n L\u00e0m Vi\u1ec7c<\/a><ul class='ez-toc-list-level-2' ><li class='ez-toc-heading-level-2'><a class=\"ez-toc-link ez-toc-heading-2\" href=\"https:\/\/daphongthuysoluna.vn\/en\/tru-thach-anh-den-soluna\/#Thach_thuc_va_giai_phap_on_dinh\" >Th\u00e1ch th\u1ee9c v\u00e0 gi\u1ea3i ph\u00e1p \u1ed5n \u0111\u1ecbnh<\/a><\/li><li class='ez-toc-page-1 ez-toc-heading-level-2'><a class=\"ez-toc-link ez-toc-heading-3\" href=\"https:\/\/daphongthuysoluna.vn\/en\/tru-thach-anh-den-soluna\/#I_Tru_Da_Thach_Anh_Den_%E2%80%93_La_Chan_Quyen_Nang_Cua_Nang_Luong_Luna\" >I. Tr\u1ee5 \u0110\u00e1 Th\u1ea1ch Anh \u0110en \u2013 L\u00e1 Ch\u1eafn Quy\u1ec1n N\u0103ng C\u1ee7a N\u0103ng L\u01b0\u1ee3ng Luna<\/a><ul class='ez-toc-list-level-3' ><li class='ez-toc-heading-level-3'><a class=\"ez-toc-link ez-toc-heading-4\" href=\"https:\/\/daphongthuysoluna.vn\/en\/tru-thach-anh-den-soluna\/#11_Tru_Thach_Anh_Den_La_Gi_Bieu_Tuong_Cua_On_Dinh_Quyen_Luc\" >1.1. Tr\u1ee5 Th\u1ea1ch Anh \u0110en L\u00e0 G\u00ec? Bi\u1ec3u T\u01b0\u1ee3ng C\u1ee7a \u1ed4n \u0110\u1ecbnh &amp; Quy\u1ec1n L\u1ef1c<\/a><\/li><li class='ez-toc-page-1 ez-toc-heading-level-3'><a class=\"ez-toc-link ez-toc-heading-5\" href=\"https:\/\/daphongthuysoluna.vn\/en\/tru-thach-anh-den-soluna\/#12_Ung_dung_doc_quyen_hut_sat_khi_va_hoa_giai_nang_luong_tieu_cuc\" >1.2. \u1ee8ng d\u1ee5ng \u0111\u1ed9c quy\u1ec1n: h\u00fat s\u00e1t kh\u00ed v\u00e0 h\u00f3a gi\u1ea3i n\u0103ng l\u01b0\u1ee3ng ti\u00eau c\u1ef1c<\/a><\/li><li class='ez-toc-page-1 ez-toc-heading-level-3'><a class=\"ez-toc-link ez-toc-heading-6\" href=\"https:\/\/daphongthuysoluna.vn\/en\/tru-thach-anh-den-soluna\/#13_Khai_mo_luan_ca_goc_nen_tang_cho_su_nghiep_vung_chac\" >1.3. Khai m\u1edf lu\u00e2n ca g\u1ed1c: n\u1ec1n t\u1ea3ng cho s\u1ef1 nghi\u1ec7p v\u1eefng ch\u1eafc<\/a><\/li><\/ul><\/li><li class='ez-toc-page-1 ez-toc-heading-level-2'><a class=\"ez-toc-link ez-toc-heading-7\" href=\"https:\/\/daphongthuysoluna.vn\/en\/tru-thach-anh-den-soluna\/#II_Meo_phong_thuy_vi_tri_dat_toi_uu_cho_tru_da_Thach_Anh_Den\" >II. M\u1eb9o phong th\u1ee7y: v\u1ecb tr\u00ed \u0111\u1eb7t t\u1ed1i \u01b0u cho tr\u1ee5 \u0111\u00e1 Th\u1ea1ch Anh \u0110en<\/a><ul class='ez-toc-list-level-3' ><li class='ez-toc-heading-level-3'><a class=\"ez-toc-link ez-toc-heading-8\" href=\"https:\/\/daphongthuysoluna.vn\/en\/tru-thach-anh-den-soluna\/#21_Vi_tri_dat_tru_da_Thach_Anh_Den_tai_ban_bam_viec\" >2.1. V\u1ecb tr\u00ed \u0111\u1eb7t tr\u1ee5 \u0111\u00e1 Th\u1ea1ch Anh \u0110en t\u1ea1i b\u00e0n b\u00e0m vi\u1ec7c<\/a><\/li><li class='ez-toc-page-1 ez-toc-heading-level-3'><a class=\"ez-toc-link ez-toc-heading-9\" href=\"https:\/\/daphongthuysoluna.vn\/en\/tru-thach-anh-den-soluna\/#22_Hoa_giai_sat_khi_va_tran_trach_nha_cua\" >2.2. H\u00f3a gi\u1ea3i s\u00e1t kh\u00ed\u00a0 v\u00e0 tr\u1ea5n tr\u1ea1ch nh\u00e0 c\u1eeda<\/a><\/li><\/ul><\/li><li class='ez-toc-page-1 ez-toc-heading-level-2'><a class=\"ez-toc-link ez-toc-heading-10\" href=\"https:\/\/daphongthuysoluna.vn\/en\/tru-thach-anh-den-soluna\/#III_Phong_thuy_hop_menh_va_tieu_chuan_chat_luong_SOLUNA\" >III. Phong th\u1ee7y h\u1ee3p m\u1ec7nh v\u00e0 ti\u00eau chu\u1ea9n ch\u1ea5t l\u01b0\u1ee3ng SOLUNA<\/a><ul class='ez-toc-list-level-3' ><li class='ez-toc-heading-level-3'><a class=\"ez-toc-link ez-toc-heading-11\" href=\"https:\/\/daphongthuysoluna.vn\/en\/tru-thach-anh-den-soluna\/#31_Tru_da_Thach_Anh_Den_hop_menh_nao_nhat\" >3.1. Tr\u1ee5 \u0111\u00e1 Th\u1ea1ch Anh \u0110en h\u1ee3p m\u1ec7nh n\u00e0o nh\u1ea5t?<\/a><\/li><li class='ez-toc-page-1 ez-toc-heading-level-3'><a class=\"ez-toc-link ez-toc-heading-12\" href=\"https:\/\/daphongthuysoluna.vn\/en\/tru-thach-anh-den-soluna\/#32_Tieu_Chuan_Mau_Den_Tu_Nhien_va_Quy_Trinh_Kich_Hoat_Luna\" >3.2. Ti\u00eau Chu\u1ea9n M\u00e0u \u0110en T\u1ef1 Nhi\u00ean v\u00e0 Quy Tr\u00ecnh K\u00edch Ho\u1ea1t Luna<\/a><\/li><\/ul><\/li><li class='ez-toc-page-1 ez-toc-heading-level-2'><a class=\"ez-toc-link ez-toc-heading-13\" href=\"https:\/\/daphongthuysoluna.vn\/en\/tru-thach-anh-den-soluna\/#IV_Hanh_dong_so_huu_vat_pham_bao_ho_so_1\" >IV. H\u00e0nh \u0111\u1ed9ng: s\u1edf h\u1eefu v\u1eadt ph\u1ea9m b\u1ea3o h\u1ed9 s\u1ed1 1<\/a><\/li><\/ul><\/li><\/ul><\/nav><\/div>\n<h1 data-rm-block-id=\"block-1\"><span class=\"ez-toc-section\" id=\"Tru_Thach_Anh_Den_SOLUNA_Vat_Pham_Tran_Trach_Va_Ho_Menh_So_1_Cho_Ban_Lam_Viec\"><\/span><b>Tr\u1ee5 Th\u1ea1ch Anh \u0110en SOLUNA: V\u1eadt Ph\u1ea9m Tr\u1ea5n Tr\u1ea1ch V\u00e0 H\u1ed9 M\u1ec7nh S\u1ed1 1 Cho B\u00e0n L\u00e0m Vi\u1ec7c<\/b><span class=\"ez-toc-section-end\"><\/span><\/h1>\n<h2 data-rm-block-id=\"block-2\"><span class=\"ez-toc-section\" id=\"Thach_thuc_va_giai_phap_on_dinh\"><\/span><b>Th\u00e1ch th\u1ee9c v\u00e0 gi\u1ea3i ph\u00e1p \u1ed5n \u0111\u1ecbnh<\/b><span class=\"ez-toc-section-end\"><\/span><\/h2>\n<p data-rm-block-id=\"block-3\">Tr\u1ee5 Th\u1ea1ch Anh \u0110en SOLUNA \u2013 v\u1eadt ph\u1ea9m tr\u1ea5n tr\u1ea1ch v\u00e0 h\u1ed9 m\u1ec7nh s\u1ed1 1 cho b\u00e0n l\u00e0m vi\u1ec7c, mang \u0111\u1ebfn n\u0103ng l\u01b0\u1ee3ng b\u1ea3o v\u1ec7 v\u00e0 \u1ed5n \u0111\u1ecbnh v\u1eadn kh\u00ed.<\/p>\n<p data-rm-block-id=\"block-3\"><span style=\"font-weight: 400;\">B\u1ea1n c\u00f3 bi\u1ebft, m\u00f4i tr\u01b0\u1eddng l\u00e0m vi\u1ec7c c\u1ee7a b\u1ea1n \u0111ang b\u1ecb bao v\u00e2y b\u1edfi s\u1ef1 c\u0103ng th\u1eb3ng, c\u00e1c s\u00f3ng \u0111i\u1ec7n t\u1eeb \u0111\u1ed9c h\u1ea1i, v\u00e0 n\u0103ng l\u01b0\u1ee3ng ti\u00eau c\u1ef1c t\u1eeb \u0111\u1ed3ng nghi\u1ec7p? M\u1ed9t m\u00f4i tr\u01b0\u1eddng n\u0103ng l\u01b0\u1ee3ng kh\u00f4ng \u1ed5n \u0111\u1ecbnh s\u1ebd l\u00e0m suy gi\u1ea3m s\u1ef1 t\u1eadp trung v\u00e0 c\u1ea3n tr\u1edf s\u1ef1 th\u0103ng ti\u1ebfn. <\/span>Tr\u1ee5 Th\u1ea1ch Anh \u0110en SOLUNA ch\u00ednh l\u00e0 l\u1eddi gi\u1ea3i ho\u00e0n h\u1ea3o cho v\u1ea5n \u0111\u1ec1 n\u00e0y.<\/p>\n<p data-rm-block-id=\"block-4\">\u0110\u01b0\u1ee3c coi l\u00e0 &#8220;V\u1ec7 s\u0129 phong th\u1ee7y&#8221;, tr\u1ee5 \u0111\u00e1 n\u00e0y kh\u00f4ng ch\u1ec9 gi\u00fap b\u1ea1n ch\u1ed1ng l\u1ea1i s\u00e1t kh\u00ed m\u00e0 c\u00f2n t\u1ea1o ra m\u1ed9t l\u1edbp m\u00e0ng b\u1ea3o v\u1ec7, gi\u00fap b\u1ea1n t\u1eadp trung cao \u0111\u1ed9 v\u00e0 thu h\u00fat quy\u1ec1n l\u1ef1c. H\u00e3y s\u1edf h\u1eefu ngay v\u1eadt ph\u1ea9m tr\u1ea5n tr\u1ea1ch quy\u1ec1n n\u0103ng n\u00e0y \u0111\u1ec3 \u1ed5n \u0111\u1ecbnh v\u1eadn tr\u00ecnh s\u1ef1 nghi\u1ec7p c\u1ee7a b\u1ea1n.<\/p>\n<h2 data-rm-block-id=\"block-5\"><span class=\"ez-toc-section\" id=\"I_Tru_Da_Thach_Anh_Den_%E2%80%93_La_Chan_Quyen_Nang_Cua_Nang_Luong_Luna\"><\/span><b>I. Tr\u1ee5 \u0110\u00e1 Th\u1ea1ch Anh \u0110en \u2013 L\u00e1 Ch\u1eafn Quy\u1ec1n N\u0103ng C\u1ee7a N\u0103ng L\u01b0\u1ee3ng Luna<\/b><span class=\"ez-toc-section-end\"><\/span><\/h2>\n<h3 data-rm-block-id=\"block-6\"><span class=\"ez-toc-section\" id=\"11_Tru_Thach_Anh_Den_La_Gi_Bieu_Tuong_Cua_On_Dinh_Quyen_Luc\"><\/span><b>1.1. Tr\u1ee5 Th\u1ea1ch Anh \u0110en L\u00e0 G\u00ec? Bi\u1ec3u T\u01b0\u1ee3ng C\u1ee7a \u1ed4n \u0110\u1ecbnh &amp; Quy\u1ec1n L\u1ef1c<\/b><span class=\"ez-toc-section-end\"><\/span><\/h3>\n<p data-rm-block-id=\"block-7\">Tr\u1ee5 \u0111\u00e1 Th\u1ea1ch Anh \u0110en l\u00e0 bi\u1ebfn th\u1ec3 tinh th\u1ec3 c\u1ee7a Quartz (Smoky Quartz ho\u1eb7c Morion Quartz) v\u1edbi s\u1eafc \u0111en huy\u1ec1n b\u00ed. S\u1eafc \u0111en \u0111\u1ea1i di\u1ec7n cho n\u0103ng l\u01b0\u1ee3ng Luna (\u00c2m), s\u1ef1 \u1ed5n \u0111\u1ecbnh, t\u0129nh l\u1eb7ng v\u00e0 kh\u1ea3 n\u0103ng b\u1ea3o v\u1ec7 s\u00e2u s\u1eafc.<\/p>\n<ul>\n<li style=\"font-weight: 400;\" aria-level=\"1\" data-rm-block-id=\"block-8\">H\u00ecnh d\u00e1ng tr\u1ee5: \u0110\u1ea1i di\u1ec7n cho s\u1ef1 v\u1eefng ch\u00e3i, th\u0103ng ti\u1ebfn kh\u00f4ng ng\u1eebng v\u00e0 s\u1ef1 nghi\u1ec7p nh\u01b0 c\u1ed9t tr\u1ee5.<\/li>\n<li style=\"font-weight: 400;\" aria-level=\"1\" data-rm-block-id=\"block-9\">N\u0103ng l\u01b0\u1ee3ng: Th\u1ea1ch Anh \u0110en c\u00f3 kh\u1ea3 n\u0103ng h\u1ea5p th\u1ee5 v\u00e0 trung h\u00f2a<span style=\"font-weight: 400;\"> n\u0103ng l\u01b0\u1ee3ng ti\u00eau c\u1ef1c, \u0111\u1eb7c bi\u1ec7t l\u00e0 s\u00f3ng \u0111i\u1ec7n t\u1eeb v\u00e0 s\u1ef1 ghen gh\u00e9t.<\/span><\/li>\n<\/ul>\n<h3 data-rm-block-id=\"block-10\"><span class=\"ez-toc-section\" id=\"12_Ung_dung_doc_quyen_hut_sat_khi_va_hoa_giai_nang_luong_tieu_cuc\"><\/span><b>1.2. \u1ee8ng d\u1ee5ng \u0111\u1ed9c quy\u1ec1n: h\u00fat s\u00e1t kh\u00ed v\u00e0 h\u00f3a gi\u1ea3i n\u0103ng l\u01b0\u1ee3ng ti\u00eau c\u1ef1c<\/b><span class=\"ez-toc-section-end\"><\/span><\/h3>\n<p data-rm-block-id=\"block-11\">M\u1ed9t trong nh\u1eefng m\u1eb9o phong th\u1ee7y hi\u1ec7u qu\u1ea3 nh\u1ea5t l\u00e0 s\u1eed d\u1ee5ng Tr\u1ee5 \u0110\u00e1 Th\u1ea1ch Anh \u0110en \u0111\u1ec3 l\u00e0m s\u1ea1ch kh\u00f4ng gian. Tr\u1ee5 \u0110\u00e1 Th\u1ea1ch Anh \u0110en ho\u1ea1t \u0111\u1ed9ng nh\u01b0 m\u1ed9t m\u00e1y h\u00fat b\u1ee5i n\u0103ng l\u01b0\u1ee3ng, h\u1ea5p th\u1ee5 c\u00e1c s\u00f3ng \u0111\u1ed9c h\u1ea1i t\u1eeb m\u00e1y t\u00ednh, wifi, v\u00e0 n\u0103ng l\u01b0\u1ee3ng x\u1ea5u t\u1eeb m\u00f4i tr\u01b0\u1eddng. Vi\u1ec7c n\u00e0y gi\u00fap ng\u01b0\u1eddi ng\u1ed3i t\u1ea1i b\u00e0n l\u00e0m vi\u1ec7c c\u00f3 \u0111\u01b0\u1ee3c s\u1ef1 t\u0129nh t\u00e2m c\u1ea7n thi\u1ebft.<\/p>\n<h3 data-rm-block-id=\"block-12\"><span class=\"ez-toc-section\" id=\"13_Khai_mo_luan_ca_goc_nen_tang_cho_su_nghiep_vung_chac\"><\/span><b>1.3. Khai m\u1edf lu\u00e2n ca g\u1ed1c: n\u1ec1n t\u1ea3ng cho s\u1ef1 nghi\u1ec7p v\u1eefng ch\u1eafc<\/b><span class=\"ez-toc-section-end\"><\/span><\/h3>\n<p data-rm-block-id=\"block-13\">Tr\u1ee5 \u0111\u00e1 n\u00e0y t\u00e1c \u0111\u1ed9ng m\u1ea1nh m\u1ebd \u0111\u1ebfn <b><a class=\"ng-star-inserted\" href=\"https:\/\/www.google.com\/search?q=https:\/\/www.chopra.com\/articles\/root-chakra-healing\" target=\"_blank\" rel=\"noopener\" data-hveid=\"0\" data-ved=\"0CAAQ_4QMahgKEwjJ_87MheiQAxUAAAAAHQAAAAAQ9QI\"><span style=\"color: #282828;\">Lu\u00e2n Xa G\u1ed1c (Root Chakra)<\/span><\/a><\/b>, trung t\u00e2m c\u1ee7a s\u1ef1 s\u1ed1ng c\u00f2n v\u00e0 n\u1ec1n t\u1ea3ng. Khi Lu\u00e2n Xa G\u1ed1c \u0111\u01b0\u1ee3c \u1ed5n \u0111\u1ecbnh, ng\u01b0\u1eddi \u0111eo s\u1ebd c\u1ea3m th\u1ea5y an to\u00e0n, t\u1ef1 tin h\u01a1n trong c\u00f4ng vi\u1ec7c, ch\u1ed1ng l\u1ea1i s\u1ef1 b\u1ea5t \u1ed5n trong s\u1ef1 nghi\u1ec7p.<\/p>\n<p data-rm-block-id=\"block-14\"><span style=\"font-size: 90%;\"><b><a class=\"ng-star-inserted\" href=\"https:\/\/daphongthuysoluna.vn\/en\/product\/vong-da-thach-anh-tim\/\" target=\"_blank\" rel=\"noopener\" data-hveid=\"0\" data-ved=\"0CAAQ_4QMahgKEwjJ_87MheiQAxUAAAAAHQAAAAAQ1QM\">\u00bbXem th\u00eam: Kh\u00e1m ph\u00e1 V\u00f2ng \u0110\u00e1 Th\u1ea1ch Anh T\u00edm<\/a><\/b> \u0111\u1ec3 c\u00e2n b\u1eb1ng lu\u00e2n xa 6 v\u00e0 7<\/span><\/p>\n<h2 data-rm-block-id=\"block-15\"><span class=\"ez-toc-section\" id=\"II_Meo_phong_thuy_vi_tri_dat_toi_uu_cho_tru_da_Thach_Anh_Den\"><\/span><b>II. M\u1eb9o phong th\u1ee7y: v\u1ecb tr\u00ed \u0111\u1eb7t t\u1ed1i \u01b0u cho tr\u1ee5 \u0111\u00e1 Th\u1ea1ch Anh \u0110en<\/b><span class=\"ez-toc-section-end\"><\/span><\/h2>\n<h3 data-rm-block-id=\"block-16\"><span class=\"ez-toc-section\" id=\"21_Vi_tri_dat_tru_da_Thach_Anh_Den_tai_ban_bam_viec\"><\/span><b>2.1. V\u1ecb tr\u00ed \u0111\u1eb7t tr\u1ee5 \u0111\u00e1 Th\u1ea1ch Anh \u0110en t\u1ea1i b\u00e0n b\u00e0m vi\u1ec7c<\/b><span class=\"ez-toc-section-end\"><\/span><\/h3>\n<blockquote data-start=\"1229\" data-end=\"1341\">\n<p data-start=\"1231\" data-end=\"1341\"><span style=\"color: #282828;\"><strong data-start=\"1231\" data-end=\"1255\">Tr\u1ee5 \u0111\u00e1 Th\u1ea1ch Anh \u0110en<\/strong> c\u0169ng l\u00e0 l\u1ef1a ch\u1ecdn ph\u1ed5 bi\u1ebfn cho ng\u01b0\u1eddi l\u00e0m vi\u1ec7c v\u0103n ph\u00f2ng mu\u1ed1n b\u1ea3o v\u1ec7 kh\u1ecfi s\u00f3ng \u0111i\u1ec7n t\u1eeb. Khi \u0111\u1eb7t <strong data-start=\"1103\" data-end=\"1131\">Tr\u1ee5 Th\u1ea1ch Anh \u0110en SOLUNA<\/strong> \u0111\u00fang v\u1ecb tr\u00ed, n\u0103ng l\u01b0\u1ee3ng ti\u00eau c\u1ef1c s\u1ebd \u0111\u01b0\u1ee3c h\u00f3a gi\u1ea3i v\u00e0 gi\u00fap b\u1ea1n duy tr\u00ec s\u1ef1 t\u1eadp trung l\u00e2u d\u00e0i.<\/span><\/p>\n<\/blockquote>\n<ul>\n<li style=\"font-weight: 400;\" aria-level=\"1\" data-rm-block-id=\"block-18\"><b>H\u1ed9 M\u1ec7nh:<\/b><span style=\"font-weight: 400;\"> \u0110\u1eb7t \u1edf g\u00f3c tr\u00e1i\/ph\u1ea3i b\u00e0n (v\u1ecb tr\u00ed Thanh Long\/B\u1ea1ch H\u1ed5) \u0111\u1ec3 <\/span>h\u1ed9 m\u1ec7nh, thu h\u00fat qu\u00fd nh\u00e2n.<\/li>\n<li style=\"font-weight: 400;\" aria-level=\"1\" data-rm-block-id=\"block-19\"><strong>Tr\u1ea5n An<\/strong>: \u0110\u1eb7t sau l\u01b0ng b\u1ea1n (v\u1ecb tr\u00ed Huy\u1ec1n V\u0169) \u0111\u1ec3 t\u1ea1o \u0111i\u1ec3m t\u1ef1a v\u1eefng ch\u1eafc. Ch\u1ec9 c\u00f3 Tr\u1ee5 \u0110\u00e1 Th\u1ea1ch Anh \u0110en m\u1edbi c\u00f3 kh\u1ea3 n\u0103ng tr\u1ea5n an v\u00e0 c\u1ee7ng c\u1ed1 quy\u1ec1n uy hi\u1ec7u qu\u1ea3 nh\u01b0 v\u1eady.<\/li>\n<\/ul>\n<figure id=\"attachment_780\" aria-describedby=\"caption-attachment-780\" style=\"width: 300px\" class=\"wp-caption aligncenter\"><img loading=\"lazy\" decoding=\"async\" class=\"size-medium wp-image-780\" src=\"https:\/\/daphongthuysoluna.vn\/wp-content\/uploads\/2025\/11\/thumb-tru-thach-anh-den-300x300.jpg\" alt=\"tr\u1ee5 Th\u1ea1ch Anh \u0110en \" width=\"300\" height=\"300\" srcset=\"https:\/\/daphongthuysoluna.vn\/wp-content\/uploads\/2025\/11\/thumb-tru-thach-anh-den-300x300.jpg 300w, https:\/\/daphongthuysoluna.vn\/wp-content\/uploads\/2025\/11\/thumb-tru-thach-anh-den-247x247.jpg 247w, https:\/\/daphongthuysoluna.vn\/wp-content\/uploads\/2025\/11\/thumb-tru-thach-anh-den-100x100.jpg 100w, https:\/\/daphongthuysoluna.vn\/wp-content\/uploads\/2025\/11\/thumb-tru-thach-anh-den-510x510.jpg 510w, https:\/\/daphongthuysoluna.vn\/wp-content\/uploads\/2025\/11\/thumb-tru-thach-anh-den-150x150.jpg 150w, https:\/\/daphongthuysoluna.vn\/wp-content\/uploads\/2025\/11\/thumb-tru-thach-anh-den-768x768.jpg 768w, https:\/\/daphongthuysoluna.vn\/wp-content\/uploads\/2025\/11\/thumb-tru-thach-anh-den-600x600.jpg 600w, https:\/\/daphongthuysoluna.vn\/wp-content\/uploads\/2025\/11\/thumb-tru-thach-anh-den.jpg 800w\" sizes=\"auto, (max-width: 300px) 100vw, 300px\" \/><figcaption id=\"caption-attachment-780\" class=\"wp-caption-text\">Tr\u1ee5 \u0111\u00e1 Th\u1ea1ch Anh \u0110en b\u1ea3o v\u1ec7 kh\u1ecfi s\u00f3ng \u0111i\u1ec7n t\u1eeb v\u00e0 n\u0103ng l\u01b0\u1ee3ng x\u1ea5u t\u1ea1i b\u00e0n l\u00e0m vi\u1ec7c<\/figcaption><\/figure>\n<h3 data-rm-block-id=\"block-20\"><span class=\"ez-toc-section\" id=\"22_Hoa_giai_sat_khi_va_tran_trach_nha_cua\"><\/span><b>2.2. H\u00f3a gi\u1ea3i s\u00e1t kh\u00ed\u00a0 v\u00e0 tr\u1ea5n tr\u1ea1ch nh\u00e0 c\u1eeda<\/b><span class=\"ez-toc-section-end\"><\/span><\/h3>\n<ul>\n<li style=\"font-weight: 400;\" aria-level=\"1\" data-rm-block-id=\"block-21\"><b>Tr\u1ea5n Tr\u1ea1ch:<\/b><span style=\"font-weight: 400;\"> \u0110\u1eb7t t<\/span>r\u1ee5 \u0111\u00e1 Th\u1ea1ch Anh \u0110en<span style=\"font-weight: 400;\"> t\u1ea1i c\u00e1c g\u00f3c nh\u1ecdn trong nh\u00e0 (g\u00f3c x\u00e0 ngang, h\u00e0nh lang th\u1eb3ng) \u0111\u1ec3 <\/span>h\u00f3a gi\u1ea3i s\u00e1t kh\u00ed<span style=\"font-weight: 400;\"> v\u00e0 c\u00e1c n\u0103ng l\u01b0\u1ee3ng h\u00ecnh s\u00e1t.<\/span><\/li>\n<li style=\"font-weight: 400;\" aria-level=\"1\" data-rm-block-id=\"block-22\"><b>B\u1ea3o V\u1ec7:<\/b><span style=\"font-weight: 400;\"> \u0110\u1eb7t \u0111\u1ed1i di\u1ec7n c\u1eeda ra v\u00e0o (kh\u00f4ng tr\u1ef1c ti\u1ebfp) \u0111\u1ec3 <\/span>c\u1ea3n n\u0103ng l\u01b0\u1ee3ng x\u1ea5u<span style=\"font-weight: 400;\"> x\u00e2m nh\u1eadp v\u00e0o kh\u00f4ng gian s\u1ed1ng c\u1ee7a b\u1ea1n.<\/span><\/li>\n<\/ul>\n<h2 data-rm-block-id=\"block-23\"><span class=\"ez-toc-section\" id=\"III_Phong_thuy_hop_menh_va_tieu_chuan_chat_luong_SOLUNA\"><\/span><b>III. Phong th\u1ee7y h\u1ee3p m\u1ec7nh v\u00e0 ti\u00eau chu\u1ea9n ch\u1ea5t l\u01b0\u1ee3ng SOLUNA<\/b><span class=\"ez-toc-section-end\"><\/span><\/h2>\n<h3 data-rm-block-id=\"block-24\"><span class=\"ez-toc-section\" id=\"31_Tru_da_Thach_Anh_Den_hop_menh_nao_nhat\"><\/span><b>3.1. Tr\u1ee5 \u0111\u00e1 Th\u1ea1ch Anh \u0110en h\u1ee3p m\u1ec7nh n\u00e0o nh\u1ea5t?<\/b><span class=\"ez-toc-section-end\"><\/span><\/h3>\n<p data-rm-block-id=\"block-25\">M\u00e0u \u0111en thu\u1ed9c h\u00e0nh TH\u1ee6Y, do \u0111\u00f3 <b>Tr\u1ee5 \u0110\u00e1 Th\u1ea1ch Anh \u0110en<\/b> l\u00e0 l\u1ef1a ch\u1ecdn tuy\u1ec7t v\u1eddi cho:<\/p>\n<ul>\n<li style=\"font-weight: 400;\" aria-level=\"1\" data-rm-block-id=\"block-26\"><b>M\u1ec7nh TH\u1ee6Y (T\u01b0\u01a1ng h\u1ee3p):<\/b><span style=\"font-weight: 400;\"> Gi\u00fap t\u0103ng c\u01b0\u1eddng s\u1ee9c m\u1ea1nh d\u00f2ng ch\u1ea3y t\u00e0i l\u1ed9c, s\u1ef1 nghi\u1ec7p hanh th\u00f4ng.<\/span><\/li>\n<li style=\"font-weight: 400;\" aria-level=\"1\" data-rm-block-id=\"block-27\"><b>M\u1ec7nh M\u1ed8C (T\u01b0\u01a1ng sinh):<\/b><span style=\"font-weight: 400;\"> Th\u1ee7y sinh M\u1ed9c. \u0110em l\u1ea1i s\u1ef1 h\u1ed7 tr\u1ee3 t\u1ed1i \u0111a cho s\u1ef1 nghi\u1ec7p ph\u00e1t tri\u1ec3n, ti\u1ec1n t\u00e0i sinh s\u00f4i.<\/span><\/li>\n<\/ul>\n<h3 data-rm-block-id=\"block-28\"><span class=\"ez-toc-section\" id=\"32_Tieu_Chuan_Mau_Den_Tu_Nhien_va_Quy_Trinh_Kich_Hoat_Luna\"><\/span><b>3.2. Ti\u00eau Chu\u1ea9n M\u00e0u \u0110en T\u1ef1 Nhi\u00ean v\u00e0 Quy Tr\u00ecnh K\u00edch Ho\u1ea1t Luna<\/b><span class=\"ez-toc-section-end\"><\/span><\/h3>\n<p data-rm-block-id=\"block-29\">Tr\u1ee5 \u0110\u00e1 Th\u1ea1ch <span style=\"color: #282828;\">Anh \u0110en<\/span><span style=\"color: #282828;\"> t\u1ef1 nhi\u00ean (Morion) c\u00f3 \u0111\u1ed9 \u0111en s\u00e2u, \u0111\u00f4i khi c\u00f3 \u00e1nh kh\u00f3i ho\u1eb7c \u00e1nh n\u00e2u (kh\u00f4ng ph\u1ea3i \u0111en k\u1ecbt v\u00e0 \u0111\u1ee5c m\u00e0u). <b><a class=\"ng-star-inserted\" style=\"color: #282828;\" href=\"https:\/\/www.google.com\/search?q=https:\/\/www.gia.edu\/quartz\" target=\"_blank\" rel=\"noopener\" data-hveid=\"0\" data-ved=\"0CAAQ_4QMahgKEwjJ_87MheiQAxUAAAAAHQAAAAAQiwM\">Theo c\u00e1c nh\u00e0 ki\u1ec3m \u0111\u1ecbnh \u0111\u00e1 qu\u00fd<\/a><\/b>, b\u1ea1n n\u00ean tr\u00e1nh c\u00e1c lo\u1ea1i \u0111\u00e1 \u0111en b\u1ecb nhu\u1ed9m v\u00ec ch\u00fang kh\u00f4ng gi\u1eef \u0111\u01b0\u1ee3c t\u1ea7n s\u1ed1 n\u0103ng l\u01b0\u1ee3ng t\u1ef1 nhi\u00ean.<\/span><\/p>\n<p data-rm-block-id=\"block-30\"><span style=\"color: #282828;\">Quy tr\u00ecnh k\u00edch ho\u1ea1t Luna (M\u1eb7t Tr\u0103ng) c\u1ee7a SOLUNA \u0111\u1ea3m b\u1ea3o tr\u1ee5 \u0111\u00e1 \u0111\u01b0\u1ee3c thanh t\u1ea9y v\u00e0 n\u1ea1p \u0111\u1ea7y n\u0103ng l\u01b0\u1ee3ng b\u1ea3o v\u1ec7 \u1ed5n \u0111\u1ecbnh nh\u1ea5t.<\/span><\/p>\n<h2 data-rm-block-id=\"block-31\"><span class=\"ez-toc-section\" id=\"IV_Hanh_dong_so_huu_vat_pham_bao_ho_so_1\"><\/span><b>IV. H\u00e0nh \u0111\u1ed9ng: s\u1edf h\u1eefu v\u1eadt ph\u1ea9m b\u1ea3o h\u1ed9 s\u1ed1 1<\/b><span class=\"ez-toc-section-end\"><\/span><\/h2>\n<p data-rm-block-id=\"block-32\"><b>C\u1ea3nh b\u00e1o: 3 \u0111i\u1ec1u c\u1ea7n tr\u00e1nh khi s\u1edf h\u1eefu tr\u1ee5 \u0111\u00e1 \u0111en<\/b><\/p>\n<p data-rm-block-id=\"block-33\">\u0110\u00e2y l\u00e0 nh\u1eefng \u0111i\u1ec1u ki\u00eang k\u1ef5 khi \u0111\u1eb7t \u0111\u00e1 phong th\u1ee7y m\u00e0 b\u1ea1n ph\u1ea3i bi\u1ebft:<\/p>\n<ul>\n<li style=\"font-weight: 400;\" aria-level=\"1\" data-rm-block-id=\"block-34\"><strong>Ki\u00eang k\u1ef5 1<\/strong>: Kh\u00f4ng \u0111\u1eb7t g\u1ea7n n\u01a1i \u00f4 u\u1ebf, \u1ea9m th\u1ea5p (nh\u00e0 v\u1ec7 sinh, g\u00f3c khu\u1ea5t thi\u1ebfu \u00e1nh s\u00e1ng) v\u00ec s\u1ebd l\u00e0m gi\u1ea3m n\u0103ng l\u01b0\u1ee3ng b\u1ea3o v\u1ec7 c\u1ee7a tr\u1ee5 \u0111\u00e1.<\/li>\n<li style=\"font-weight: 400;\" aria-level=\"1\" data-rm-block-id=\"block-35\"><strong>Ki\u00eang k\u1ef5 2<\/strong>: Th\u01b0\u1eddng xuy\u00ean l\u00e0m s\u1ea1ch. Kh\u00f4ng \u0111\u1ec3 Tr\u1ee5 \u0110\u00e1 Th\u1ea1ch Anh \u0110en b\u1ecb b\u00e1m b\u1ee5i b\u1ea9n, v\u00ec b\u1ee5i b\u1ea9n c\u1ea3n tr\u1edf s\u1ef1 l\u01b0u th\u00f4ng v\u00e0 l\u00e0m t\u1eafc ngh\u1ebdn kh\u1ea3 n\u0103ng h\u00fat s\u00e1t kh\u00ed c\u1ee7a \u0111\u00e1.<\/li>\n<\/ul>\n<p style=\"text-align: center;\"><em> S\u1edf h\u1eefu ngay t<strong data-start=\"1422\" data-end=\"1450\">r\u1ee5 Th\u1ea1ch Anh \u0110en SOLUNA<\/strong> \u2013 v\u1eadt ph\u1ea9m phong th\u1ee7y tr\u1ea5n tr\u1ea1ch m\u1ea1nh m\u1ebd, gi\u00fap \u1ed5n \u0111\u1ecbnh n\u0103ng l\u01b0\u1ee3ng, b\u1ea3o v\u1ec7 v\u1eadn kh\u00ed v\u00e0 n\u00e2ng t\u1ea7m s\u1ef1 nghi\u1ec7p c\u1ee7a b\u1ea1n.<\/em><\/p>\n<p data-rm-block-id=\"block-36\">","protected":false},"excerpt":{"rendered":"<p>Tr\u1ee5 Th\u1ea1ch Anh \u0110en SOLUNA: V\u1eadt Ph\u1ea9m Tr\u1ea5n Tr\u1ea1ch V\u00e0 H\u1ed9 M\u1ec7nh S\u1ed1 1 Cho B\u00e0n L\u00e0m Vi\u1ec7c Th\u00e1ch th\u1ee9c v\u00e0 gi\u1ea3i ph\u00e1p \u1ed5n \u0111\u1ecbnh Tr\u1ee5 Th\u1ea1ch Anh \u0110en SOLUNA \u2013 v\u1eadt ph\u1ea9m tr\u1ea5n tr\u1ea1ch v\u00e0 h\u1ed9 m\u1ec7nh s\u1ed1 1 cho b\u00e0n l\u00e0m vi\u1ec7c, mang \u0111\u1ebfn n\u0103ng l\u01b0\u1ee3ng b\u1ea3o v\u1ec7 v\u00e0 \u1ed5n \u0111\u1ecbnh v\u1eadn kh\u00ed. &#8230;<\/p>","protected":false},"author":5,"featured_media":0,"parent":0,"menu_order":0,"comment_status":"closed","ping_status":"closed","template":"","meta":{"_acf_changed":false,"footnotes":""},"class_list":["post-779","page","type-page","status-publish","hentry"],"acf":[],"_links":{"self":[{"href":"https:\/\/daphongthuysoluna.vn\/en\/wp-json\/wp\/v2\/pages\/779","targetHints":{"allow":["GET"]}}],"collection":[{"href":"https:\/\/daphongthuysoluna.vn\/en\/wp-json\/wp\/v2\/pages"}],"about":[{"href":"https:\/\/daphongthuysoluna.vn\/en\/wp-json\/wp\/v2\/types\/page"}],"author":[{"embeddable":true,"href":"https:\/\/daphongthuysoluna.vn\/en\/wp-json\/wp\/v2\/users\/5"}],"replies":[{"embeddable":true,"href":"https:\/\/daphongthuysoluna.vn\/en\/wp-json\/wp\/v2\/comments?post=779"}],"version-history":[{"count":3,"href":"https:\/\/daphongthuysoluna.vn\/en\/wp-json\/wp\/v2\/pages\/779\/revisions"}],"predecessor-version":[{"id":784,"href":"https:\/\/daphongthuysoluna.vn\/en\/wp-json\/wp\/v2\/pages\/779\/revisions\/784"}],"wp:attachment":[{"href":"https:\/\/daphongthuysoluna.vn\/en\/wp-json\/wp\/v2\/media?parent=779"}],"curies":[{"name":"wp","href":"https:\/\/api.w.org\/{rel}","templated":true}]}}