{"id":1005,"date":"2025-11-29T21:33:57","date_gmt":"2025-11-29T14:33:57","guid":{"rendered":"https:\/\/daphongthuysoluna.vn\/?post_type=product&#038;p=1005"},"modified":"2026-01-10T19:59:46","modified_gmt":"2026-01-10T12:59:46","slug":"vong-da-thach-anh-hong","status":"publish","type":"product","link":"https:\/\/daphongthuysoluna.vn\/en\/product\/vong-da-thach-anh-hong\/","title":{"rendered":"V\u00f2ng \u0110\u00e1 Th\u1ea1ch Anh H\u1ed3ng &#8211; H\u1ee3p M\u1ec7nh H\u1ecfa, Th\u1ed5 &#8211; T\u1eb7ng T\u00fai \u0110\u00e1 Th\u1ea1ch Anh"},"content":{"rendered":"<h1 data-rm-block-id=\"block-1\"><span style=\"font-size: 120%; color: #d3af34;\"><strong>V\u00f2ng \u0110\u00e1 Th\u1ea1ch Anh H\u1ed3ng SOLUNA: Vi\u00ean \u0110\u00e1 N\u0103ng L\u01b0\u1ee3ng Khai M\u1edf Tr\u00e1i Tim V\u00e0 Thu H\u00fat Y\u00eau Th\u01b0\u01a1ng (2025)<\/strong><\/span><\/h1>\n<h2 data-rm-block-id=\"block-2\"><span style=\"font-size: 105%; color: #d3af34;\"><strong>K\u1ebft n\u1ed1i c\u1ea3m x\u00fac v\u00e0 n\u0103ng l\u01b0\u1ee3ng Luna<\/strong><\/span><\/h2>\n<p data-rm-block-id=\"block-3\">Trong h\u00e0nh tr\u00ecnh t\u00ecm ki\u1ebfm s\u1ef1 c\u00e2n b\u1eb1ng gi\u1eefa \u0111am m\u00ea c\u00f4ng vi\u1ec7c v\u00e0 s\u1ef1 b\u00ecnh an n\u1ed9i t\u1ea1i, ph\u1ee5 n\u1eef hi\u1ec7n \u0111\u1ea1i th\u01b0\u1eddng qu\u00ean \u0111i n\u0103ng l\u01b0\u1ee3ng nu\u00f4i d\u01b0\u1ee1ng t\u00e2m h\u1ed3n. V\u00f2ng Th\u1ea1ch Anh H\u1ed3ng SOLUNA ch\u00ednh l\u00e0 gi\u1ea3i ph\u00e1p n\u0103ng l\u01b0\u1ee3ng m\u00e0 b\u1ea1n c\u1ea7n. Vi\u00ean \u0111\u00e1 qu\u00fd n\u00e0y kh\u00f4ng ch\u1ec9 l\u00e0 m\u00f3n trang s\u1ee9c tinh t\u1ebf m\u00e0 c\u00f2n l\u00e0 bi\u1ec3u t\u01b0\u1ee3ng c\u1ee7a s\u1ef1 t\u1ef1 y\u00eau th\u01b0\u01a1ng v\u00e0 thu h\u00fat t\u00ecnh duy\u00ean.<\/p>\n<p data-rm-block-id=\"block-4\">Mang trong m\u00ecnh n\u0103ng l\u01b0\u1ee3ng d\u1ecbu d\u00e0ng c\u1ee7a Luna (M\u1eb7t Tr\u0103ng), Th\u1ea1ch Anh H\u1ed3ng t\u1eeb SOLUNA gi\u00fap khai m\u1edf lu\u00e2n xa tim c\u1ee7a b\u1ea1n. \u0110i\u1ec1u n\u00e0y \u0111\u1eb7c bi\u1ec7t quan tr\u1ecdng trong n\u0103m 2025, khi xu h\u01b0\u1edbng t\u00ecm ki\u1ebfm s\u1ef1 ch\u1eefa l\u00e0nh v\u00e0 k\u1ebft n\u1ed1i c\u1ea3m x\u00fac l\u00ean ng\u00f4i.<\/p>\n<h2 data-rm-block-id=\"block-5\"><span style=\"font-size: 105%; color: #d3af34;\"><strong>3 L\u00fd do \u0111\u1ec3 b\u1ea1n ch\u1ecdn V\u00f2ng \u0110\u00e1 Th\u1ea1ch Anh H\u1ed3ng SOLUNA ngay h\u00f4m nay:<\/strong><\/span><\/h2>\n<ol>\n<li data-rm-block-id=\"block-6\"><strong>Ch\u1eefa l\u00e0nh n\u0103ng l\u01b0\u1ee3ng t\u00ecnh y\u00eau:<\/strong> c\u00f4ng d\u1ee5ng chuy\u00ean s\u00e2u nh\u1ea5t c\u1ee7a Th\u1ea1ch Anh H\u1ed3ng.<\/li>\n<li data-rm-block-id=\"block-7\"><strong>Ti\u00eau chu\u1ea9n &#8220;h\u1ed3ng s\u01b0\u01a1ng m\u00f9&#8221;:<\/strong> h\u01b0\u1edbng d\u1eabn nh\u1eadn bi\u1ebft ch\u1ea5t l\u01b0\u1ee3ng \u0111\u00e1 cao c\u1ea5p c\u1ee7a SOLUNA.<\/li>\n<li data-rm-block-id=\"block-8\"><strong>H\u1ee3p m\u1ec7nh H\u1ecfa\/Th\u1ed5:<\/strong> k\u00edch ho\u1ea1t t\u00e0i l\u1ed9c v\u00e0 s\u1ef1 b\u00ecnh an theo ng\u0169 h\u00e0nh.<\/li>\n<\/ol>\n<h2 data-rm-block-id=\"block-9\"><span style=\"font-size: 105%; color: #d3af34;\"><strong>I. V\u00f2ng \u0110\u00e1 Th\u1ea1ch Anh H\u1ed3ng SOLUNA \u2013 N\u0103ng l\u01b0\u1ee3ng Heart Glow cho ph\u1ee5 n\u1eef hi\u1ec7n \u0111\u1ea1i<\/strong><\/span><\/h2>\n<h3 data-rm-block-id=\"block-10\"><span style=\"font-size: 105%; color: #d3af34;\"><strong>1.1. Th\u1ea1ch Anh H\u1ed3ng l\u00e0 g\u00ec? Vi\u00ean \u0111\u00e1 c\u1ee7a l\u00f2ng tr\u1eafc \u1ea9n<\/strong><\/span><\/h3>\n<p data-rm-block-id=\"block-11\"><span style=\"font-size: 105%;\">Th\u1ea1ch Anh H\u1ed3ng (<em>Rose Quartz<\/em>) thu\u1ed9c h\u1ecd Th\u1ea1ch Anh, n\u1ed5i b\u1eadt v\u1edbi s\u1eafc h\u1ed3ng nh\u1eb9 nh\u00e0ng, trong m\u1edd, \u0111\u01b0\u1ee3c h\u00ecnh th\u00e0nh t\u1eeb Silic Dioxide. \u0110\u00e2y l\u00e0 m\u1ed9t trong nh\u1eefng vi\u00ean \u0111\u00e1 hi\u1ebfm hoi \u0111\u01b0\u1ee3c gi\u1edbi th\u1ea1ch h\u1ecdc v\u00e0 phong th\u1ee7y \u0111\u1ed3ng l\u00f2ng m\u1ec7nh danh l\u00e0 &#8220;Love Stone&#8221; (\u0111\u00e1 t\u00ecnh y\u00eau).<\/span><\/p>\n<p data-rm-block-id=\"block-12\"><span style=\"font-size: 105%;\">V\u1ec1 m\u1eb7t n\u0103ng l\u01b0\u1ee3ng, m\u00e0u h\u1ed3ng t\u01b0\u1ee3ng tr\u01b0ng cho s\u1ef1 m\u1ec1m m\u1ea1i, n\u1eef t\u00ednh v\u00e0 l\u00f2ng tr\u1eafc \u1ea9n. \u0110\u00e2y ch\u00ednh l\u00e0 n\u0103ng l\u01b0\u1ee3ng Luna (M\u1eb7t Tr\u0103ng), \u0111\u1ea1i di\u1ec7n cho s\u1ef1 t\u0129nh t\u1ea1i v\u00e0 nu\u00f4i d\u01b0\u1ee1ng. \u0110eo v\u00f2ng \u0111\u00e1 Th\u1ea1ch Anh H\u1ed3ng l\u00e0 c\u00e1ch b\u1ea1n ch\u1ee7 \u0111\u1ed9ng k\u1ebft n\u1ed1i v\u1edbi v\u1ebb \u0111\u1eb9p d\u1ecbu d\u00e0ng v\u00e0 s\u1ee9c m\u1ea1nh n\u1ed9i t\u1ea1i c\u1ee7a ch\u00ednh m\u00ecnh.<\/span><\/p>\n<h3 data-rm-block-id=\"block-14\"><span style=\"font-size: 105%; color: #d3af34;\"><strong>1.2. Ch\u1eefa l\u00e0nh v\u00e0 c\u00e2n b\u1eb1ng c\u1ea3m x\u00fac v\u1edbi V\u00f2ng \u0110\u00e1 Th\u1ea1ch Anh H\u1ed3ng<\/strong><\/span><\/h3>\n<p data-rm-block-id=\"block-15\"><span style=\"font-size: 105%;\">N\u0103ng l\u01b0\u1ee3ng c\u1ee7a Th\u1ea1ch Anh H\u1ed3ng t\u00e1c \u0111\u1ed9ng tr\u1ef1c ti\u1ebfp l\u00ean Lu\u00e2n xa 4 (Anahata), hay c\u00f2n g\u1ecdi l\u00e0 lu\u00e2n xa tim. \u0110\u00e2y l\u00e0 trung t\u00e2m \u0111i\u1ec1u h\u00f2a t\u00ecnh y\u00eau, s\u1ef1 tha th\u1ee9 v\u00e0 l\u00f2ng tr\u1eafc \u1ea9n c\u1ee7a con ng\u01b0\u1eddi.<\/span><\/p>\n<p data-rm-block-id=\"block-16\"><span style=\"font-size: 105%;\">Ph\u1ee5 n\u1eef hi\u1ec7n \u0111\u1ea1i th\u01b0\u1eddng ch\u1ecbu \u00e1p l\u1ef1c l\u1edbn, d\u1eabn \u0111\u1ebfn lu\u00e2n xa tim b\u1ecb t\u1eafc ngh\u1ebdn (bi\u1ec3u hi\u1ec7n qua s\u1ef1 lo l\u1eafng, n\u00f3ng gi\u1eadn, ho\u1eb7c kh\u00f3 m\u1edf l\u00f2ng). V\u00f2ng \u0111\u00e1 Th\u1ea1ch Anh H\u1ed3ng t\u1ecfa ra t\u1ea7n s\u1ed1 rung \u0111\u1ed9ng \u1ed5n \u0111\u1ecbnh, gi\u00fap cho ph\u1ee5 n\u1eef:<\/span><\/p>\n<ul>\n<li data-rm-block-id=\"block-17\"><span style=\"font-size: 105%;\"><strong>Xoa d\u1ecbu t\u1ed5n th\u01b0\u01a1ng:<\/strong> gi\u1ea3i ph\u00f3ng c\u1ea3m x\u00fac ti\u00eau c\u1ef1c v\u00e0 s\u1ef1 o\u00e1n gi\u1eadn b\u1ecb d\u1ed3n n\u00e9n.<\/span><\/li>\n<li data-rm-block-id=\"block-18\"><span style=\"font-size: 105%;\"><strong>T\u0103ng c\u01b0\u1eddng s\u1ef1 t\u1ef1 tin:<\/strong> khuy\u1ebfn kh\u00edch ng\u01b0\u1eddi \u0111eo y\u00eau th\u01b0\u01a1ng v\u00e0 ch\u1ea5p nh\u1eadn b\u1ea3n th\u00e2n v\u00f4 \u0111i\u1ec1u ki\u1ec7n.<\/span><\/li>\n<li data-rm-block-id=\"block-19\"><span style=\"font-size: 105%;\"><strong>Thu h\u00fat m\u1ed1i quan h\u1ec7 ch\u1ea5t l\u01b0\u1ee3ng:<\/strong> khi b\u1ea1n c\u00e2n b\u1eb1ng v\u00e0 y\u00eau th\u01b0\u01a1ng b\u1ea3n th\u00e2n (n\u0103ng l\u01b0\u1ee3ng SOLUNA), b\u1ea1n s\u1ebd t\u1ef1 nhi\u00ean thu h\u00fat nh\u1eefng ng\u01b0\u1eddi c\u00f3 t\u1ea7n s\u1ed1 t\u01b0\u01a1ng t\u1ef1.<\/span><\/li>\n<\/ul>\n<p data-rm-block-id=\"block-20\"><span style=\"font-size: 105%;\">\u0110\u00e2y ch\u00ednh l\u00e0 tr\u1ea3i nghi\u1ec7m c\u1ed1t l\u00f5i m\u00e0 SOLUNA mu\u1ed1n mang l\u1ea1i: s\u1ef1 c\u00e2n b\u1eb1ng n\u1ed9i t\u1ea1i d\u1eabn \u0111\u1ebfn m\u1ed1i quan h\u1ec7 h\u00e0i h\u00f2a b\u00ean ngo\u00e0i.<\/span><\/p>\n<h2 data-rm-block-id=\"block-21\"><span style=\"font-size: 105%; color: #d3af34;\"><strong>II. Phong th\u1ee7y V\u00f2ng \u0110\u00e1 Th\u1ea1ch Anh H\u1ed3ng v\u00e0 ti\u00eau chu\u1ea9n ch\u1ea5t l\u01b0\u1ee3ng<\/strong><\/span><\/h2>\n<h3><span style=\"font-size: 105%; color: #d3af34;\"><strong>2.1. V\u00f2ng \u0110\u00e1 Th\u1ea1ch Anh H\u1ed3ng h\u1ee3p m\u1ec7nh n\u00e0o trong ng\u0169 h\u00e0nh?<\/strong><\/span><\/h3>\n<p data-rm-block-id=\"block-23\"><span style=\"font-size: 105%;\">Trong tri\u1ebft l\u00fd ng\u0169 h\u00e0nh, m\u00e0u h\u1ed3ng ho\u1eb7c t\u00edm hay \u0111\u1ecf thu\u1ed9c <strong>M\u1ec7nh H\u1ecfa<\/strong>, m\u00e0u t\u00edm ho\u1eb7c h\u1ed3ng nh\u1ea1t c\u0169ng l\u00e0 m\u00e0u c\u1ee7a H\u1ecfa. Do \u0111\u00f3, v\u00f2ng\u00a0 Th\u1ea1ch Anh H\u1ed3ng \u0111\u1eb7c bi\u1ec7t ph\u00f9 h\u1ee3p v\u1edbi:<\/span><\/p>\n<ul>\n<li data-rm-block-id=\"block-24\"><span style=\"font-size: 105%;\"><strong>M\u1ec7nh H\u1ecfa (t\u01b0\u01a1ng h\u1ee3p):<\/strong> gi\u00fap t\u0103ng c\u01b0\u1eddng n\u0103ng l\u01b0\u1ee3ng \u0111am m\u00ea, nhi\u1ec7t huy\u1ebft, v\u00e0 \u0111\u1eb7c bi\u1ec7t l\u00e0 s\u1ee9c m\u1ea1nh v\u1ec1 t\u00ecnh y\u00eau.<\/span><\/li>\n<li data-rm-block-id=\"block-25\"><span style=\"font-size: 105%;\"><strong>M\u1ec7nh Th\u1ed5 (t\u01b0\u01a1ng sinh):<\/strong> H\u1ecfa sinh Th\u1ed5 s\u1ebd gi\u00fap ng\u01b0\u1eddi m\u1ec7nh Th\u1ed5 nh\u1eadn \u0111\u01b0\u1ee3c s\u1ef1 h\u1ed7 tr\u1ee3 m\u1ea1nh m\u1ebd v\u1ec1 s\u1ef1 \u1ed5n \u0111\u1ecbnh, b\u00ecnh an v\u00e0 ph\u00e1t tri\u1ec3n c\u00e1c m\u1ed1i quan h\u1ec7 b\u1ec1n v\u1eefng.<\/span><\/li>\n<\/ul>\n<h3><span style=\"font-size: 105%; color: #d3af34;\"><strong>2.2. Ti\u00eau chu\u1ea9n &#8220;h\u1ed3ng s\u01b0\u01a1ng m\u00f9&#8221; cao c\u1ea5p c\u1ee7a SOLUNA<\/strong><\/span><\/h3>\n<p data-rm-block-id=\"block-27\"><span style=\"font-size: 105%;\">\u0110\u1ec3 \u0111\u1ea3m b\u1ea3o n\u0103ng l\u01b0\u1ee3ng thu\u1ea7n khi\u1ebft v\u00e0 t\u1ed1i \u0111a, SOLUNA ch\u1ec9 tuy\u1ec3n ch\u1ecdn Th\u1ea1ch Anh H\u1ed3ng \u0111\u1ea1t ti\u00eau chu\u1ea9n cao. B\u1ea1n c\u1ea7n ch\u00fa \u00fd \u0111\u1ebfn 3 y\u1ebfu t\u1ed1 sau:<\/span><\/p>\n<ol>\n<li data-rm-block-id=\"block-28\"><span style=\"font-size: 105%;\"><strong>\u0110\u1ed9 <\/strong>trong v\u00e0 m\u00e0u s\u1eafc: \u0111\u00e1 ph\u1ea3i c\u00f3 m\u00e0u h\u1ed3ng ph\u1ea5n nh\u1eb9 nh\u00e0ng, trong m\u1edd (hi\u1ec7u \u1ee9ng &#8220;h\u1ed3ng s\u01b0\u01a1ng m\u00f9&#8221;) ch\u1ee9 kh\u00f4ng ph\u1ea3i h\u1ed3ng \u0111\u1eadm \u0111\u1ee5c. \u0110\u1ed9 trong qu\u00e1 ho\u00e0n h\u1ea3o ho\u1eb7c m\u00e0u qu\u00e1 r\u1ef1c r\u1ee1 th\u01b0\u1eddng l\u00e0 d\u1ea5u hi\u1ec7u c\u1ee7a \u0111\u00e1 b\u1ecb x\u1eed l\u00fd nhi\u1ec7t ho\u1eb7c nhu\u1ed9m m\u00e0u.<\/span><\/li>\n<li data-rm-block-id=\"block-29\"><span style=\"font-size: 105%;\"><strong>Bao th\u1ec3 Rutile:<\/strong> M\u1ed9t s\u1ed1 vi\u00ean Th\u1ea1ch Anh H\u1ed3ng ch\u1ea5t l\u01b0\u1ee3ng cao c\u00f3 th\u1ec3 ch\u1ee9a <b><a class=\"ng-star-inserted\" href=\"https:\/\/www.gia.edu\/rose-quartz\" target=\"_blank\" rel=\"noopener\" data-hveid=\"0\" data-ved=\"0CAAQ_4QMahgKEwiSnJG0s-SQAxUAAAAAHQAAAAAQpgQ\">c\u00e1c bao th\u1ec3 Rutile m\u1ea3nh<\/a><\/b> (Rutilated Quartz) t\u1ea1o ra hi\u1ec7u \u1ee9ng \u00e1nh sao. C\u00e1c t\u1ea1p ch\u1ea5t kho\u00e1ng v\u1eadt n\u00e0y l\u00e0 d\u1ea5u hi\u1ec7u c\u1ee7a tinh th\u1ec3 t\u1ef1 nhi\u00ean, \u0111\u1ed3ng th\u1eddi gi\u00fap ch\u1ee9ng minh ngu\u1ed3n g\u1ed1c (Theo GIA).<\/span><\/li>\n<li data-rm-block-id=\"block-30\"><span style=\"font-size: 105%;\"><span style=\"font-size: 105%;\"><strong>Cam k\u1ebft n\u0103n l\u01b0\u1ee3ng:<\/strong> \u0111\u00e1 \u0111\u01b0\u1ee3c x\u1eed l\u00fd l\u00e0m s\u1ea1ch n\u0103ng l\u01b0\u1ee3ng th\u1ee7 c\u00f4ng theo quy tr\u00ecnh Soluna (t\u1ea9y u\u1ebf b\u1eb1ng n\u01b0\u1edbc mu\u1ed1i tinh khi\u1ebft v\u00e0 n\u1ea1p n\u0103ng l\u01b0\u1ee3ng d\u01b0\u1edbi \u00e1nh tr\u0103ng Luna).<\/span><\/span>\n<figure id=\"attachment_1441\" aria-describedby=\"caption-attachment-1441\" style=\"width: 300px\" class=\"wp-caption aligncenter\"><img loading=\"lazy\" decoding=\"async\" class=\"wp-image-1441 size-medium\" src=\"https:\/\/daphongthuysoluna.vn\/wp-content\/uploads\/2025\/11\/da-thach-anh-hong2-300x300.jpg\" alt=\"v\u00f2ng th\u1ea1ch anh h\u1ed3ng\" width=\"300\" height=\"300\" srcset=\"https:\/\/daphongthuysoluna.vn\/wp-content\/uploads\/2025\/11\/da-thach-anh-hong2-300x300.jpg 300w, https:\/\/daphongthuysoluna.vn\/wp-content\/uploads\/2025\/11\/da-thach-anh-hong2-247x247.jpg 247w, https:\/\/daphongthuysoluna.vn\/wp-content\/uploads\/2025\/11\/da-thach-anh-hong2-100x100.jpg 100w, https:\/\/daphongthuysoluna.vn\/wp-content\/uploads\/2025\/11\/da-thach-anh-hong2-510x510.jpg 510w, https:\/\/daphongthuysoluna.vn\/wp-content\/uploads\/2025\/11\/da-thach-anh-hong2-150x150.jpg 150w, https:\/\/daphongthuysoluna.vn\/wp-content\/uploads\/2025\/11\/da-thach-anh-hong2.jpg 600w\" sizes=\"auto, (max-width: 300px) 100vw, 300px\" \/><figcaption id=\"caption-attachment-1441\" class=\"wp-caption-text\">da-thach-anh-hong<\/figcaption><\/figure><\/li>\n<\/ol>\n<h2 data-rm-block-id=\"block-31\"><span style=\"font-size: 105%; color: #d3af34;\"><strong>III. H\u01b0\u1edbng d\u1eabn k\u00edch ho\u1ea1t n\u0103ng l\u01b0\u1ee3ng v\u00e0 s\u1edf h\u1eefu v\u00f2ng \u0111\u00e1 Th\u1ea1ch Anh H\u1ed3ng<\/strong><\/span><\/h2>\n<h3 data-start=\"332\" data-end=\"486\"><span style=\"font-size: 105%; color: #d3af34;\"><strong>3.1. B\u00ed quy\u1ebft s\u1ea1c n\u0103ng l\u01b0\u1ee3ng d\u01b0\u1edbi \u00e1nh tr\u0103ng Luna<\/strong><\/span><br \/>\n<span style=\"font-size: 85%;\">V\u00f2ng \u0111\u00e1 Th\u1ea1ch Anh H\u1ed3ng SOLUNA s\u1ebd ph\u00e1t huy t\u1ed1i \u0111a n\u0103ng l\u01b0\u1ee3ng ch\u1eefa l\u00e0nh v\u00e0 thu h\u00fat t\u00ecnh y\u00eau khi \u0111\u01b0\u1ee3c k\u00edch ho\u1ea1t \u0111\u00fang c\u00e1ch. \u0110\u1ec3 s\u1ea1c n\u0103ng l\u01b0\u1ee3ng, b\u1ea1n h\u00e3y:<\/span><\/h3>\n<ul data-start=\"487\" data-end=\"883\">\n<li data-start=\"487\" data-end=\"678\">\n<p data-start=\"489\" data-end=\"678\"><strong data-start=\"489\" data-end=\"521\">\u0110\u1eb7t v\u00f2ng d\u01b0\u1edbi \u00e1nh tr\u0103ng Luna<\/strong> v\u00e0o \u0111\u00eam r\u1eb1m ho\u1eb7c tr\u0103ng tr\u00f2n. \u00c1nh s\u00e1ng d\u1ecbu d\u00e0ng c\u1ee7a M\u1eb7t Tr\u0103ng gi\u00fap vi\u00ean \u0111\u00e1 h\u1ea5p th\u1ee5 n\u0103ng l\u01b0\u1ee3ng Luna, t\u0103ng c\u01b0\u1eddng t\u00e1c d\u1ee5ng c\u00e2n b\u1eb1ng c\u1ea3m x\u00fac v\u00e0 m\u1edf lu\u00e2n xa tim.<\/p>\n<\/li>\n<li data-start=\"679\" data-end=\"807\">\n<p data-start=\"681\" data-end=\"807\"><strong data-start=\"681\" data-end=\"719\">L\u00e0m s\u1ea1ch tr\u01b0\u1edbc khi s\u1ea1c n\u0103ng l\u01b0\u1ee3ng:<\/strong> r\u1eeda nh\u1eb9 v\u00f2ng tay d\u01b0\u1edbi n\u01b0\u1edbc tinh khi\u1ebft ho\u1eb7c d\u00f9ng tinh d\u1ea7u nh\u1eb9 \u0111\u1ec3 t\u1ea9y u\u1ebf n\u0103ng l\u01b0\u1ee3ng c\u0169.<\/p>\n<\/li>\n<li data-start=\"808\" data-end=\"883\">\n<p data-start=\"810\" data-end=\"883\"><strong data-start=\"810\" data-end=\"828\">Th\u1eddi gian s\u1ea1c:<\/strong> \u00edt nh\u1ea5t 2\u20133 gi\u1edd d\u01b0\u1edbi \u00e1nh tr\u0103ng, t\u1ed1t nh\u1ea5t \u0111\u1ec3 qua \u0111\u00eam.<\/p>\n<\/li>\n<\/ul>\n<p style=\"text-align: center;\" data-start=\"810\" data-end=\"883\"><em><span style=\"color: #282828;\">Tip: Khi s\u1ea1c n\u0103ng l\u01b0\u1ee3ng, h\u00e3y t\u1eadp trung t\u00e2m tr\u00ed v\u00e0o \u00fd \u0111\u1ecbnh t\u00edch c\u1ef1c, v\u00ed d\u1ee5 nh\u01b0 <\/span>y\u00eau th\u01b0\u01a1ng b\u1ea3n th\u00e2n<span style=\"color: #282828;\">, <\/span>thu h\u00fat m\u1ed1i quan h\u1ec7 ch\u1ea5t l\u01b0\u1ee3ng<span style=\"color: #282828;\">.<\/span><\/em><\/p>\n<h3 data-start=\"1035\" data-end=\"1102\"><span style=\"font-size: 105%; color: #d3af34;\"><strong data-start=\"1039\" data-end=\"1102\">3.2. V\u1ecb tr\u00ed \u0111eo v\u00f2ng \u0111\u00e1 Th\u1ea1ch Anh H\u1ed3ng \u0111\u1ec3 t\u1ed1i \u01b0u n\u0103ng l\u01b0\u1ee3ng<\/strong><\/span><\/h3>\n<p data-start=\"1103\" data-end=\"1175\">C\u00e1ch \u0111eo v\u00f2ng tay c\u0169ng quy\u1ebft \u0111\u1ecbnh vi\u1ec7c h\u1ea5p th\u1ee5 v\u00e0 ph\u00e1t t\u00e1n n\u0103ng l\u01b0\u1ee3ng:<\/p>\n<ul data-start=\"1176\" data-end=\"1550\">\n<li data-start=\"1176\" data-end=\"1308\">\n<p data-start=\"1178\" data-end=\"1219\"><strong data-start=\"1178\" data-end=\"1217\">\u0110eo tay tr\u00e1i (tay nh\u1eadn n\u0103ng l\u01b0\u1ee3ng):<\/strong><\/p>\n<ul data-start=\"1222\" data-end=\"1308\">\n<li data-start=\"1222\" data-end=\"1308\">\n<p data-start=\"1224\" data-end=\"1308\">Khi b\u1ea1n mu\u1ed1n <strong data-start=\"1237\" data-end=\"1305\">thu h\u00fat t\u00ecnh y\u00eau, may m\u1eafn ho\u1eb7c n\u0103ng l\u01b0\u1ee3ng t\u00edch c\u1ef1c t\u1eeb ng\u01b0\u1eddi kh\u00e1c<\/strong>.<\/p>\n<\/li>\n<\/ul>\n<\/li>\n<li data-start=\"1309\" data-end=\"1453\">\n<p data-start=\"1311\" data-end=\"1352\"><strong data-start=\"1311\" data-end=\"1350\">\u0110eo tay ph\u1ea3i (tay ph\u00e1t n\u0103ng l\u01b0\u1ee3ng):<\/strong><\/p>\n<ul data-start=\"1355\" data-end=\"1453\">\n<li data-start=\"1355\" data-end=\"1453\">\n<p data-start=\"1357\" data-end=\"1453\">Khi b\u1ea1n mu\u1ed1n <strong data-start=\"1370\" data-end=\"1426\">lan t\u1ecfa s\u1ef1 bao dung, y\u00eau th\u01b0\u01a1ng v\u00e0 c\u1ea3m h\u1ee9ng t\u00edch c\u1ef1c<\/strong> \u0111\u1ebfn th\u1ebf gi\u1edbi xung quanh.<\/p>\n<\/li>\n<\/ul>\n<\/li>\n<li data-start=\"1454\" data-end=\"1550\">\n<p data-start=\"1456\" data-end=\"1550\"><strong data-start=\"1456\" data-end=\"1466\">L\u01b0u \u00fd:<\/strong> lu\u00f4n gi\u1eef v\u00f2ng tay s\u1ea1ch s\u1ebd, tr\u00e1nh va ch\u1ea1m m\u1ea1nh \u0111\u1ec3 \u0111\u00e1 duy tr\u00ec n\u0103ng l\u01b0\u1ee3ng thu\u1ea7n khi\u1ebft.<\/p>\n<\/li>\n<\/ul>\n<p data-start=\"1552\" data-end=\"1701\">Ngo\u00e0i ra, h\u00e3y k\u1ebft h\u1ee3p vi\u1ec7c <strong data-start=\"1579\" data-end=\"1633\">\u0111eo v\u00f2ng h\u00e0ng ng\u00e0y v\u1edbi thi\u1ec1n \u0111\u1ecbnh ho\u1eb7c t\u1eadp th\u1edf s\u00e2u<\/strong> \u0111\u1ec3 t\u0103ng hi\u1ec7u qu\u1ea3 c\u00e2n b\u1eb1ng lu\u00e2n xa tim v\u00e0 k\u1ebft n\u1ed1i n\u0103ng l\u01b0\u1ee3ng Luna.<\/p>\n<p data-start=\"1552\" data-end=\"1701\">N\u1ebfu b\u1ea1n mu\u1ed1n t\u0103ng th\u00eam s<b>inh l\u1ef1c, quy\u1ebft \u0111o\u00e1n<\/b> (n\u0103ng l\u01b0\u1ee3ng Sol\/H\u1ecfa), h\u00e3y xem th\u00eam <b><a class=\"ng-star-inserted\" href=\"https:\/\/daphongthuysoluna.vn\/en\/product\/vong-da-thach-anh-toc-do\/\" target=\"_blank\" rel=\"noopener\" data-hveid=\"0\" data-ved=\"0CAAQ_4QMahgKEwjJ_87MheiQAxUAAAAAHQAAAAAQ-gM\">V\u00f2ng \u0110\u00e1 Th\u1ea1ch Anh T\u00f3c \u0110\u1ecf<\/a><\/b> \u0111\u1ec3 c\u00e2n b\u1eb1ng \u00c2m v\u00e0 D\u01b0\u01a1ng.<\/p>\n<p style=\"text-align: center;\" data-rm-block-id=\"block-36\"><span style=\"font-size: 105%;\"><em>\u0110\u1eebng \u0111\u1ec3 lu\u00e2n xa tim c\u1ee7a b\u1ea1n b\u1ecb t\u1eafc ngh\u1ebdn th\u00eam n\u1eefa! H\u00e3y \u0111\u1ec3 v\u00f2ng tay Th\u1ea1ch Anh H\u1ed3ng SOLUNA tr\u1edf th\u00e0nh vi\u00ean \u0111\u00e1 d\u1eabn l\u1ed1i cho s\u1ef1 c\u00e2n b\u1eb1ng c\u1ea3m x\u00fac v\u00e0 t\u00ecnh y\u00eau th\u01b0\u01a1ng c\u1ee7a b\u1ea1n trong n\u0103m 2025.<\/em><\/span><\/p>","protected":false},"excerpt":{"rendered":"<p>Ch\u1ea5t li\u1ec7u: Th\u1ea1ch Anh H\u1ed3ng t\u1ef1 nhi\u00ean.<br \/>\n&#8211; M\u00e0u s\u1eafc: H\u1ed3ng (kh\u00f4ng qua x\u1eed l\u00fd).<br \/>\n&#8211; K\u00edch th\u01b0\u1edbc: <span data-path-to-node=\"3,2,1,0\">\u0110a d\u1ea1ng t\u1eeb 6 li \u0111\u1ebfn 12 li (t\u00f9y ch\u1ecdn).<\/span><br \/>\n&#8211; Ki\u1ec3u d\u00e1ng: v\u00f2ng h\u1ea1t tr\u00f2n, 26 h\u1ea1t<br \/>\n&#8211; H\u1ee3p m\u1ec7nh: M\u1ec7nh H\u1ecfa &#8211; Th\u1ed5.<br \/>\n&#8211; \u00dd ngh\u0129a: Bi\u1ec3u t\u01b0\u1ee3ng c\u1ee7a t\u00ecnh y\u00eau, h\u1ea1nh ph\u00fac, gi\u1ea3m c\u0103ng th\u1eb3ng, mang l\u1ea1i c\u1ea3m gi\u00e1c b\u00ecnh y\u00ean<br \/>\n&#8211; Phong c\u00e1ch: Qu\u00fd ph\u00e1i, thanh l\u1ecbch, sang tr\u1ecdng<br \/>\n&#8211; B\u1ea3o h\u00e0nh: v\u0129nh vi\u1ec5n v\u1ec1 m\u00e0u s\u1eafc, d\u00e2y x\u1ecf<br \/>\n&#8211; Ki\u1ec3m \u0111\u1ecbnh theo y\u00eau c\u1ea7u<br \/>\n&#8211; S\u1eed d\u1ee5ng: Trang s\u1ee9c, Qu\u00e0 t\u1eb7ng, Phong th\u1ee7y<\/p>","protected":false},"featured_media":1439,"comment_status":"open","ping_status":"closed","template":"","meta":{"_acf_changed":false},"product_brand":[],"product_cat":[20,101,102],"product_tag":[],"class_list":{"0":"post-1005","1":"product","2":"type-product","3":"status-publish","4":"has-post-thumbnail","6":"product_cat-vong-da-thach-anh","7":"product_cat-menh-hoa","8":"product_cat-menh-tho","10":"first","11":"instock","12":"shipping-taxable","13":"purchasable","14":"product-type-variable"},"acf":[],"_links":{"self":[{"href":"https:\/\/daphongthuysoluna.vn\/en\/wp-json\/wp\/v2\/product\/1005","targetHints":{"allow":["GET"]}}],"collection":[{"href":"https:\/\/daphongthuysoluna.vn\/en\/wp-json\/wp\/v2\/product"}],"about":[{"href":"https:\/\/daphongthuysoluna.vn\/en\/wp-json\/wp\/v2\/types\/product"}],"replies":[{"embeddable":true,"href":"https:\/\/daphongthuysoluna.vn\/en\/wp-json\/wp\/v2\/comments?post=1005"}],"wp:featuredmedia":[{"embeddable":true,"href":"https:\/\/daphongthuysoluna.vn\/en\/wp-json\/wp\/v2\/media\/1439"}],"wp:attachment":[{"href":"https:\/\/daphongthuysoluna.vn\/en\/wp-json\/wp\/v2\/media?parent=1005"}],"wp:term":[{"taxonomy":"product_brand","embeddable":true,"href":"https:\/\/daphongthuysoluna.vn\/en\/wp-json\/wp\/v2\/product_brand?post=1005"},{"taxonomy":"product_cat","embeddable":true,"href":"https:\/\/daphongthuysoluna.vn\/en\/wp-json\/wp\/v2\/product_cat?post=1005"},{"taxonomy":"product_tag","embeddable":true,"href":"https:\/\/daphongthuysoluna.vn\/en\/wp-json\/wp\/v2\/product_tag?post=1005"}],"curies":[{"name":"wp","href":"https:\/\/api.w.org\/{rel}","templated":true}]}}