{"id":1020,"date":"2025-12-01T01:25:33","date_gmt":"2025-11-30T18:25:33","guid":{"rendered":"https:\/\/daphongthuysoluna.vn\/?post_type=product&#038;p=1020"},"modified":"2025-12-20T14:55:20","modified_gmt":"2025-12-20T07:55:20","slug":"qua-cau-huyet-rong","status":"publish","type":"product","link":"https:\/\/daphongthuysoluna.vn\/en\/product\/qua-cau-huyet-rong\/","title":{"rendered":"Qu\u1ea3 c\u1ea7u huy\u1ebft r\u1ed3ng"},"content":{"rendered":"<h1 data-path-to-node=\"13\"><b>B\u00ed M\u1eadt C\u1ee7a L\u00e3nh \u0110\u1ea1o: Qu\u1ea3 C\u1ea7u Huy\u1ebft R\u1ed3ng SOLUNA \u2013 Vi\u00ean \u0110\u00e1 Khai M\u1edf D\u0169ng Kh\u00ed &amp; Quy\u1ec1n L\u1ef1c Tr\u1ea5n Tr\u1ea1ch<\/b><\/h1>\n<h3>L\u1eddi M\u1edf \u0110\u1ea7u \u0110\u1ed9t Ph\u00e1: S\u1ee9c M\u1ea1nh Th\u1ea7m L\u1eb7ng C\u1ee7a Ng\u01b0\u1eddi D\u1eabn \u0110\u1ea7u<\/h3>\n<p data-path-to-node=\"15\">Trong th\u1ebf gi\u1edbi kinh doanh v\u00e0 l\u00e3nh \u0111\u1ea1o \u0111\u1ea7y cam go, b\u1ea1n c\u1ea7n nhi\u1ec1u h\u01a1n s\u1ef1 th\u00f4ng minh v\u00e0 chi\u1ebfn l\u01b0\u1ee3c\u2014b\u1ea1n c\u1ea7n D\u0169ng Kh\u00ed v\u00e0 Quy\u1ec1n L\u1ef1c N\u1ed9i T\u1ea1i.<\/p>\n<p data-path-to-node=\"16\">H\u1ea7u h\u1ebft m\u1ecdi ng\u01b0\u1eddi ch\u1ec9 bi\u1ebft \u0111\u1ebfn <b>Qu\u1ea3 C\u1ea7u Huy\u1ebft R\u1ed3ng<\/b> (Dragon Blood Jasper) nh\u01b0 m\u1ed9t v\u1eadt ph\u1ea9m trang tr\u00ed, nh\u01b0ng v\u1edbi ng\u01b0\u1eddi am hi\u1ec3u phong th\u1ee7y v\u00e0 n\u0103ng l\u01b0\u1ee3ng, \u0111\u00e2y ch\u00ednh l\u00e0 &#8220;Vi\u00ean \u0110\u00e1 Chi\u1ebfn Binh&#8221; b\u00ed m\u1eadt. Mang s\u1eafc \u0111\u1ecf r\u1ef1c l\u1eeda k\u1ebft h\u1ee3p xanh r\u00eau m\u1ea1nh m\u1ebd, <b>Qu\u1ea3 C\u1ea7u Huy\u1ebft R\u1ed3ng<\/b> kh\u00f4ng ch\u1ec9 b\u1ea3o v\u1ec7 kh\u00f4ng gian l\u00e0m vi\u1ec7c kh\u1ecfi s\u00e1t kh\u00ed m\u00e0 c\u00f2n truy\u1ec1n tr\u1ef1c ti\u1ebfp n\u0103ng l\u01b0\u1ee3ng <i>quy\u1ebft \u0111o\u00e1n<\/i> v\u00e0 <i>t\u1ef1 tin<\/i> v\u00e0o ch\u00ednh b\u1ea1n.<\/p>\n<p data-path-to-node=\"17\">N\u1ebfu b\u1ea1n \u0111ang t\u00ecm ki\u1ebfm m\u1ed9t v\u1eadt ph\u1ea9m c\u00f3 kh\u1ea3 n\u0103ng tr\u1ea5n tr\u1ea1ch m\u1ea1nh m\u1ebd, c\u00e2n b\u1eb1ng c\u1ea3m x\u00fac v\u00e0 h\u1ed7 tr\u1ee3 s\u1ef1 nghi\u1ec7p th\u0103ng ti\u1ebfn nh\u01b0 c\u1ed9t tr\u1ee5, \u0111\u1eebng b\u1ecf qua b\u00e0i vi\u1ebft chuy\u00ean s\u00e2u n\u00e0y.<\/p>\n<h3><\/h3>\n<h3><b>I. Qu\u1ea3 C\u1ea7u Huy\u1ebft R\u1ed3ng: Gi\u1ea3i M\u00e3 &#8220;Vi\u00ean \u0110\u00e1 Chi\u1ebfn Binh&#8221;<\/b><\/h3>\n<h3><b>1.1. \u0110\u00e1 Huy\u1ebft R\u1ed3ng l\u00e0 g\u00ec? Ngu\u1ed3n g\u1ed1c v\u00e0 c\u1ea5u t\u1ea1o \u0111\u1eb7c bi\u1ec7t<\/b><\/h3>\n<p data-path-to-node=\"21\"><b>Qu\u1ea3 C\u1ea7u Huy\u1ebft R\u1ed3ng<\/b> \u0111\u01b0\u1ee3c ch\u1ebf t\u00e1c t\u1eeb Dragon Blood Jasper (hay c\u00f2n g\u1ecdi l\u00e0 \u0110\u00e1 Th\u1ea1ch Anh M\u00e1u R\u1ed3ng), m\u1ed9t lo\u1ea1i \u0111\u00e1 b\u00e1n qu\u00fd \u0111\u1ed9c \u0111\u00e1o. \u0110\u1eb7c \u0111i\u1ec3m nh\u1eadn d\u1ea1ng l\u00e0 n\u1ec1n m\u00e0u xanh l\u00e1 c\u00e2y \u0111\u1eadm (t\u1eeb kho\u00e1ng ch\u1ea5t Epidote) v\u00e0 c\u00e1c \u0111\u1ed1m \u0111\u1ecf t\u01b0\u01a1i nh\u01b0 m\u00e1u r\u1ed3ng (t\u1eeb kho\u00e1ng ch\u1ea5t Piemontite ho\u1eb7c Hematite).<\/p>\n<p data-path-to-node=\"22\">V\u1ec1 m\u1eb7t \u0111\u1ecba ch\u1ea5t, s\u1ef1 k\u1ebft h\u1ee3p gi\u1eefa hai kho\u00e1ng ch\u1ea5t n\u00e0y t\u1ea1o ra m\u1ed9t ngu\u1ed3n n\u0103ng l\u01b0\u1ee3ng k\u00e9p hi\u1ebfm c\u00f3. S\u1ef1 pha tr\u1ed9n n\u00e0y ch\u00ednh l\u00e0 y\u1ebfu t\u1ed1 l\u00e0m n\u00ean \u00fd ngh\u0129a phong th\u1ee7y m\u1ea1nh m\u1ebd c\u1ee7a <b>Qu\u1ea3 C\u1ea7u Huy\u1ebft R\u1ed3ng<\/b>, v\u01b0\u1ee3t xa c\u00e1c lo\u1ea1i Th\u1ea1ch Anh \u0111\u01a1n s\u1eafc th\u00f4ng th\u01b0\u1eddng.<\/p>\n<h3><b>1.2. M\u00e0u \u0110\u1ecf\/Xanh: S\u1ef1 k\u1ebft h\u1ee3p N\u0103ng l\u01b0\u1ee3ng Sol (H\u1ecfa) v\u00e0 M\u1ed9c<\/b><\/h3>\n<p data-path-to-node=\"24\">Trong phong th\u1ee7y, <b>Qu\u1ea3 C\u1ea7u Huy\u1ebft R\u1ed3ng<\/b> \u0111\u1ea1i di\u1ec7n cho s\u1ef1 h\u00e0i h\u00f2a c\u1ee7a hai h\u00e0nh:<\/p>\n<ul data-path-to-node=\"25\">\n<li>\n<p data-path-to-node=\"25,0,0\"><b>M\u00e0u \u0110\u1ecf (H\u00e0nh H\u1ecfa\/Sol):<\/b> T\u01b0\u1ee3ng tr\u01b0ng cho \u0111am m\u00ea, \u00fd ch\u00ed chi\u1ebfn \u0111\u1ea5u, nhi\u1ec7t huy\u1ebft v\u00e0 quy\u1ec1n l\u1ef1c.<\/p>\n<\/li>\n<li>\n<p data-path-to-node=\"25,1,0\"><b>M\u00e0u Xanh (H\u00e0nh M\u1ed9c):<\/b> T\u01b0\u1ee3ng tr\u01b0ng cho s\u1ef1 sinh s\u00f4i, ph\u00e1t tri\u1ec3n, s\u1ef1 s\u1ed1ng v\u00e0 kh\u1ea3 n\u0103ng h\u1ed3i ph\u1ee5c.<\/p>\n<\/li>\n<\/ul>\n<p data-path-to-node=\"26\">S\u1ef1 c\u00e2n b\u1eb1ng gi\u1eefa H\u1ecfa v\u00e0 M\u1ed9c t\u1ea1o ra m\u1ed9t tr\u01b0\u1eddng n\u0103ng l\u01b0\u1ee3ng \u1ed5n \u0111\u1ecbnh, gi\u00fap ng\u01b0\u1eddi s\u1edf h\u1eefu duy tr\u00ec ng\u1ecdn l\u1eeda \u0111am m\u00ea nh\u01b0ng v\u1eabn gi\u1eef \u0111\u01b0\u1ee3c s\u1ef1 b\u00ecnh t\u0129nh v\u00e0 minh m\u1eabn trong m\u1ecdi quy\u1ebft \u0111\u1ecbnh.<\/p>\n<h3><b>II. C\u00f4ng D\u1ee5ng Phong Th\u1ee7y T\u1ed1i \u01afu C\u1ee7a Qu\u1ea3 C\u1ea7u Huy\u1ebft R\u1ed3ng<\/b><\/h3>\n<h3><b>2.1. N\u1ec1n t\u1ea3ng V\u1eefng ch\u1eafc: Ch\u1eefa l\u00e0nh v\u00e0 C\u00e2n b\u1eb1ng Lu\u00e2n Xa G\u1ed1c<\/b><\/h3>\n<p data-path-to-node=\"30\"><b>Qu\u1ea3 C\u1ea7u Huy\u1ebft R\u1ed3ng<\/b> t\u00e1c \u0111\u1ed9ng s\u00e2u s\u1eafc l\u00ean <b>Lu\u00e2n Xa G\u1ed1c<\/b> (Root Chakra), trung t\u00e2m c\u1ee7a s\u1ef1 s\u1ed1ng c\u00f2n, s\u1ef1 an to\u00e0n v\u00e0 l\u00f2ng tin. Khi Lu\u00e2n Xa G\u1ed1c \u0111\u01b0\u1ee3c khai m\u1edf, ng\u01b0\u1eddi \u0111eo s\u1ebd c\u1ea3m th\u1ea5y v\u1eefng ch\u00e3i h\u01a1n, lo\u1ea1i b\u1ecf s\u1ef1 b\u1ea5t an v\u00e0 s\u1ee3 h\u00e3i. \u0110\u00e2y l\u00e0 n\u1ec1n t\u1ea3ng c\u1ed1t l\u00f5i gi\u00fap b\u1ea1n t\u1ef1 tin n\u1eafm quy\u1ec1n l\u00e3nh \u0111\u1ea1o v\u00e0 \u0111\u01b0a ra nh\u1eefng quy\u1ebft \u0111\u1ecbnh kh\u00f3 kh\u0103n.<\/p>\n<h3><b>2.2. Bi\u1ec3u t\u01b0\u1ee3ng c\u1ee7a D\u0169ng kh\u00ed, Uy quy\u1ec1n v\u00e0 Quy\u1ebft \u0111o\u00e1n<\/b><\/h3>\n<p data-path-to-node=\"32\">\u0110\u1ed1i v\u1edbi nh\u1eefng ng\u01b0\u1eddi l\u00e0m kinh doanh, l\u00e3nh \u0111\u1ea1o ho\u1eb7c \u0111ang trong giai \u0111o\u1ea1n c\u1ea1nh tranh, vi\u00ean \u0111\u00e1 n\u00e0y l\u00e0 m\u1ed9t b\u00f9a h\u1ed9 m\u1ec7nh kh\u00f4ng th\u1ec3 thi\u1ebfu. N\u0103ng l\u01b0\u1ee3ng H\u1ecfa m\u1ea1nh m\u1ebd th\u00fac \u0111\u1ea9y s\u1ef1 d\u0169ng c\u1ea3m, gi\u00fap b\u1ea1n v\u01b0\u1ee3t qua s\u1ef1 do d\u1ef1. N\u0103ng l\u01b0\u1ee3ng n\u00e0y t\u01b0\u01a1ng t\u1ef1 nh\u01b0 s\u1ee9c m\u1ea1nh c\u1ee7a <a class=\"ng-star-inserted\" href=\"https:\/\/daphongthuysoluna.vn\/en\/vong-tay-thach-anh-do-soluna\/\" target=\"_blank\" rel=\"noopener\" data-hveid=\"0\" data-ved=\"0CAAQ_4QMahgKEwixyaCvxZeRAxUAAAAAHQAAAAAQjgM\">V\u00f2ng Tay Th\u1ea1ch Anh \u0110\u1ecf SOLUNA<\/a> nh\u01b0ng v\u1edbi t\u00e1c d\u1ee5ng tr\u1ea5n tr\u1ea1ch kh\u00f4ng gian l\u1edbn h\u01a1n.<\/p>\n<h3 data-path-to-node=\"32\"><b>2.3. H\u1ed7 tr\u1ee3 s\u1ef1 nghi\u1ec7p Th\u0103ng ti\u1ebfn v\u00e0 Chi\u00eau t\u00e0i l\u1ed9c<\/b><\/h3>\n<p data-path-to-node=\"34\">H\u00ecnh d\u1ea1ng qu\u1ea3 c\u1ea7u (tr\u00f2n \u0111\u1ea7y) mang \u00fd ngh\u0129a v\u1ec1 s\u1ef1 vi\u00ean m\u00e3n v\u00e0 tr\u00ed tu\u1ec7 lan t\u1ecfa, k\u1ebft h\u1ee3p v\u1edbi tr\u01b0\u1eddng n\u0103ng l\u01b0\u1ee3ng H\u1ecfa-M\u1ed9c th\u00fac \u0111\u1ea9y s\u1ef1 t\u0103ng tr\u01b0\u1edfng (M\u1ed9c) v\u00e0 danh ti\u1ebfng (H\u1ecfa). Vi\u1ec7c \u0111\u1eb7t <b>Qu\u1ea3 C\u1ea7u Huy\u1ebft R\u1ed3ng<\/b> \u0111\u00fang v\u1ecb tr\u00ed s\u1ebd gi\u00fap c\u00f4ng vi\u1ec7c ph\u00e1t tri\u1ec3n, thu h\u00fat c\u00e1c m\u1ed1i quan h\u1ec7 qu\u00fd nh\u00e2n v\u00e0 k\u00fd k\u1ebft h\u1ee3p \u0111\u1ed3ng thu\u1eadn l\u1ee3i.<\/p>\n<h3><b>III. C\u00e1ch \u0110\u1eb7t Qu\u1ea3 C\u1ea7u Huy\u1ebft R\u1ed3ng Chu\u1ea9n Phong Th\u1ee7y<\/b><\/h3>\n<p data-path-to-node=\"37\">N\u1eafm v\u1eefng <b>C\u00e1ch \u0110\u1eb7t Qu\u1ea3 C\u1ea7u Huy\u1ebft R\u1ed3ng<\/b> l\u00e0 ch\u00eca kh\u00f3a \u0111\u1ec3 khai th\u00e1c t\u1ed1i \u0111a n\u0103ng l\u01b0\u1ee3ng tr\u1ea5n tr\u1ea1ch v\u00e0 quy\u1ec1n l\u1ef1c c\u1ee7a n\u00f3. H\u00e3y tham kh\u1ea3o th\u00eam c\u00e1c nguy\u00ean t\u1eafc \u0111\u1eb7t \u0111\u00e1 t\u1ea1i <a class=\"ng-star-inserted\" href=\"https:\/\/daphongthuysoluna.vn\/en\/kien-thuc-phong-thuy\/\" target=\"_blank\" rel=\"noopener\" data-hveid=\"0\" data-ved=\"0CAAQ_4QMahgKEwixyaCvxZeRAxUAAAAAHQAAAAAQjwM\">Ki\u1ebfn Th\u1ee9c Phong Th\u1ee7y<\/a>.<\/p>\n<h3><b>3.1. \u0110\u1eb7t t\u1ea1i B\u00e0n L\u00e0m Vi\u1ec7c (T\u0103ng Quy\u1ec1n L\u1ef1c v\u00e0 Quy\u1ebft \u0110o\u00e1n)<\/b><\/h3>\n<ul data-path-to-node=\"39\">\n<li>\n<p data-path-to-node=\"39,0,0\"><b>V\u1ecb tr\u00ed T\u1ed1t nh\u1ea5t:<\/b> G\u00f3c tr\u00e1i (v\u1ecb tr\u00ed Thanh Long) ho\u1eb7c sau l\u01b0ng (v\u1ecb tr\u00ed Huy\u1ec1n V\u0169) c\u1ee7a b\u00e0n l\u00e0m vi\u1ec7c.<\/p>\n<\/li>\n<li>\n<p data-path-to-node=\"39,1,0\"><b>M\u1ee5c \u0111\u00edch:<\/b> \u0110\u1eb7t sau l\u01b0ng \u0111\u1ec3 t\u1ea1o &#8220;\u0111i\u1ec3m t\u1ef1a quy\u1ec1n l\u1ef1c&#8221; v\u1eefng ch\u1eafc. \u0110\u1eb7t \u1edf g\u00f3c Thanh Long \u0111\u1ec3 thu h\u00fat qu\u00fd nh\u00e2n v\u00e0 s\u1ef1 th\u0103ng ti\u1ebfn.<\/p>\n<\/li>\n<li>\n<p data-path-to-node=\"39,2,0\"><b>K\u1ebft h\u1ee3p:<\/b> N\u00ean \u0111\u1eb7t g\u1ea7n c\u00e1c v\u1eadt ph\u1ea9m kh\u00e1c c\u00f3 t\u00ednh tr\u1ea5n tr\u1ea1ch nh\u01b0 <a class=\"ng-star-inserted\" href=\"https:\/\/daphongthuysoluna.vn\/en\/tru-thach-anh-den-soluna\/\" target=\"_blank\" rel=\"noopener\" data-hveid=\"0\" data-ved=\"0CAAQ_4QMahgKEwixyaCvxZeRAxUAAAAAHQAAAAAQkAM\">Tr\u1ee5 Th\u1ea1ch Anh \u0110en SOLUNA<\/a> \u0111\u1ec3 t\u0103ng c\u01b0\u1eddng kh\u1ea3 n\u0103ng b\u1ea3o v\u1ec7 kh\u1ecfi ti\u1ec3u nh\u00e2n.<\/p>\n<\/li>\n<\/ul>\n<h3><b>3.2. \u0110\u1eb7t t\u1ea1i Ph\u00f2ng Kh\u00e1ch (Tr\u1ea5n Tr\u1ea1ch v\u00e0 H\u1ed9 M\u1ec7nh)<\/b><\/h3>\n<ul data-path-to-node=\"41\">\n<li>\n<p data-path-to-node=\"41,0,0\"><b>V\u1ecb tr\u00ed T\u1ed1t nh\u1ea5t:<\/b> Trung t\u00e2m ph\u00f2ng kh\u00e1ch, tr\u00ean b\u00e0n tr\u00e0 ho\u1eb7c k\u1ec7 cao, s\u1ea1ch s\u1ebd.<\/p>\n<\/li>\n<li>\n<p data-path-to-node=\"41,1,0\"><b>M\u1ee5c \u0111\u00edch:<\/b> Tr\u1ea5n \u00e1p n\u0103ng l\u01b0\u1ee3ng x\u1ea5u, ng\u0103n ch\u1eb7n t\u1ea1p kh\u00ed x\u00e2m nh\u1eadp t\u1eeb c\u1eeda ch\u00ednh v\u00e0 t\u1ea1o s\u1ef1 h\u00e0i h\u00f2a, d\u0169ng kh\u00ed cho c\u1ea3 gia \u0111\u00ecnh.<\/p>\n<\/li>\n<li>\n<p data-path-to-node=\"41,2,0\"><b>L\u01b0u \u00fd:<\/b> V\u00ec l\u00e0 v\u1eadt ph\u1ea9m n\u0103ng l\u01b0\u1ee3ng m\u1ea1nh, c\u1ea7n \u0111\u1ea3m b\u1ea3o khu v\u1ef1c \u0111\u1eb7t <b>Qu\u1ea3 C\u1ea7u Huy\u1ebft R\u1ed3ng<\/b> lu\u00f4n s\u1ea1ch s\u1ebd v\u00e0 kh\u00f4 r\u00e1o.<\/p>\n<\/li>\n<\/ul>\n<h3><b>3.3. C\u00e1c V\u1ecb Tr\u00ed \u0110\u1ea1i K\u1ef5 C\u1ea7n Tr\u00e1nh<\/b><\/h3>\n<p data-path-to-node=\"43\">Gi\u1ed1ng nh\u01b0 m\u1ecdi v\u1eadt ph\u1ea9m phong th\u1ee7y kh\u00e1c, c\u00f3 nh\u1eefng v\u1ecb tr\u00ed b\u1ea1n tuy\u1ec7t \u0111\u1ed1i kh\u00f4ng n\u00ean \u0111\u1eb7t <b>Qu\u1ea3 C\u1ea7u Huy\u1ebft R\u1ed3ng<\/b>:<\/p>\n<ul data-path-to-node=\"44\">\n<li>\n<p data-path-to-node=\"44,0,0\"><b>N\u01a1i u\u1ebf kh\u00ed:<\/b> Nh\u00e0 v\u1ec7 sinh, g\u1ea7m c\u1ea7u thang, g\u00f3c khu\u1ea5t \u1ea9m th\u1ea5p.<\/p>\n<\/li>\n<li>\n<p data-path-to-node=\"44,1,0\"><b>\u0110\u1ed1i di\u1ec7n v\u1eadt s\u1eafc nh\u1ecdn\/G\u01b0\u01a1ng:<\/b> G\u01b0\u01a1ng s\u1ebd ph\u1ea3n chi\u1ebfu v\u00e0 ph\u00e2n t\u00e1n n\u0103ng l\u01b0\u1ee3ng.<\/p>\n<\/li>\n<li>\n<p data-path-to-node=\"44,2,0\">\u0110\u1ec3 thanh t\u1ea9y \u0111\u1ecbnh k\u1ef3, n\u00ean \u0111\u1eb7t qu\u1ea3 c\u1ea7u l\u00ean c\u00e1c v\u1eadt ph\u1ea9m c\u00f3 n\u0103ng l\u01b0\u1ee3ng thanh khi\u1ebft nh\u01b0 <a class=\"ng-star-inserted\" href=\"https:\/\/daphongthuysoluna.vn\/en\/tru-thach-anh-trang\/\" target=\"_blank\" rel=\"noopener\" data-hveid=\"0\" data-ved=\"0CAAQ_4QMahgKEwixyaCvxZeRAxUAAAAAHQAAAAAQkQM\">Tr\u1ee5 Th\u1ea1ch Anh Tr\u1eafng<\/a> qua \u0111\u00eam.<\/p>\n<\/li>\n<\/ul>\n<h3><b>IV. Qu\u1ea3 C\u1ea7u Huy\u1ebft R\u1ed3ng H\u1ee3p M\u1ec7nh G\u00ec?<\/b><\/h3>\n<h3><b>4.1. M\u1ec7nh H\u1ee3p: M\u1ed9c v\u00e0 H\u1ecfa (T\u01b0\u01a1ng sinh, T\u01b0\u01a1ng h\u1ee3p)<\/b><\/h3>\n<p data-path-to-node=\"48\">D\u1ef1a tr\u00ean nguy\u00ean l\u00fd Ng\u0169 H\u00e0nh, m\u00e0u \u0111\u1ecf (H\u1ecfa) v\u00e0 xanh (M\u1ed9c) c\u1ee7a <b>Qu\u1ea3 C\u1ea7u Huy\u1ebft R\u1ed3ng<\/b> \u0111\u1eb7c bi\u1ec7t ph\u00f9 h\u1ee3p v\u1edbi:<\/p>\n<ul data-path-to-node=\"49\">\n<li>\n<p data-path-to-node=\"49,0,0\"><b>M\u1ec7nh H\u1ecfa (T\u01b0\u01a1ng H\u1ee3p):<\/b> Gi\u00fap ng\u01b0\u1eddi m\u1ec7nh H\u1ecfa t\u0103ng c\u01b0\u1eddng s\u1ef1 nhi\u1ec7t huy\u1ebft, danh ti\u1ebfng v\u00e0 s\u1ef1 n\u1ed5i b\u1eadt.<\/p>\n<\/li>\n<li>\n<p data-path-to-node=\"49,1,0\"><b>M\u1ec7nh M\u1ed9c (T\u01b0\u01a1ng Sinh):<\/b> H\u1ecfa thi\u00eau M\u1ed9c sinh Th\u1ed5 (theo logic v\u00f2ng lu\u00e2n chuy\u1ec3n), ho\u1eb7c M\u1ed9c nu\u00f4i d\u01b0\u1ee1ng H\u1ecfa. Trong tr\u01b0\u1eddng h\u1ee3p n\u00e0y, n\u0103ng l\u01b0\u1ee3ng M\u1ed9c (xanh l\u00e1) th\u00fac \u0111\u1ea9y s\u1ef1 sinh s\u00f4i, t\u1ea1o \u0111\u00e0 ph\u00e1t tri\u1ec3n m\u1ea1nh m\u1ebd cho ng\u01b0\u1eddi m\u1ec7nh M\u1ed9c.<\/p>\n<\/li>\n<\/ul>\n<h3><b>4.2. Kh\u1eafc Ph\u1ee5c Khuy\u1ebft \u0110i\u1ec3m N\u0103ng L\u01b0\u1ee3ng<\/b><\/h3>\n<p data-path-to-node=\"51\">N\u1ebfu b\u1ea1n thu\u1ed9c c\u00e1c m\u1ec7nh kh\u00e1c, b\u1ea1n v\u1eabn c\u00f3 th\u1ec3 s\u1eed d\u1ee5ng <b>Qu\u1ea3 C\u1ea7u Huy\u1ebft R\u1ed3ng<\/b> nh\u01b0 v\u1eadt ph\u1ea9m tr\u1ea5n tr\u1ea1ch, nh\u01b0ng c\u1ea7n b\u1ed5 sung th\u00eam c\u00e1c v\u1eadt ph\u1ea9m t\u01b0\u01a1ng sinh\/t\u01b0\u01a1ng h\u1ee3p kh\u00e1c. H\u00e3y xem h\u01b0\u1edbng d\u1eabn chi ti\u1ebft v\u1ec1 m\u1ec7nh c\u1ee7a b\u1ea1n t\u1ea1i <a class=\"ng-star-inserted\" href=\"https:\/\/daphongthuysoluna.vn\/en\/vong-da-phong-thuy-theo-menh\/\" target=\"_blank\" rel=\"noopener\" data-hveid=\"0\" data-ved=\"0CAAQ_4QMahgKEwixyaCvxZeRAxUAAAAAHQAAAAAQkgM\">V\u00f2ng \u0110\u00e1 Phong Th\u1ee7y Theo M\u1ec7nh<\/a>.<\/p>\n<h3><\/h3>\n<h3><b>V. Cam K\u1ebft Ch\u1ea5t L\u01b0\u1ee3ng SOLUNA v\u00e0 H\u01b0\u1edbng D\u1eabn K\u00edch Ho\u1ea1t<\/b><\/h3>\n<h3><b>5.1. Ti\u00eau chu\u1ea9n SOLUNA: M\u00e0u s\u1eafc v\u00e0 \u0111\u1ed9 tinh khi\u1ebft<\/b><\/h3>\n<p data-path-to-node=\"55\"><b>Qu\u1ea3 C\u1ea7u Huy\u1ebft R\u1ed3ng<\/b> t\u1ef1 nhi\u00ean c\u00f3 \u0111\u1ed9 c\u1ee9ng cao. M\u00e0u \u0111\u1ecf ph\u1ea3i r\u1ef1c r\u1ee1, r\u00f5 n\u00e9t, kh\u00f4ng b\u1ecb tr\u1ed9n l\u1eabn v\u1edbi c\u00e1c \u0111\u1ed1m \u0111en ho\u1eb7c m\u00e0u s\u1eafc l\u1ea1 (tr\u1eeb c\u00e1c tinh th\u1ec3 t\u1ef1 nhi\u00ean). SOLUNA cam k\u1ebft ch\u1ec9 cung c\u1ea5p \u0111\u00e1 huy\u1ebft r\u1ed3ng t\u1ef1 nhi\u00ean, ch\u01b0a qua x\u1eed l\u00fd nhu\u1ed9m m\u00e0u hay nhi\u1ec7t \u0111\u1ed9, \u0111\u1ea3m b\u1ea3o t\u1ea7n s\u1ed1 rung \u0111\u1ed9ng n\u0103ng l\u01b0\u1ee3ng \u1edf m\u1ee9c cao nh\u1ea5t.<\/p>\n<h3><b>5.2. B\u00ed quy\u1ebft Thanh t\u1ea9y v\u00e0 B\u1ea3o qu\u1ea3n Qu\u1ea3 C\u1ea7u Huy\u1ebft R\u1ed3ng<\/b><\/h3>\n<p data-path-to-node=\"57\">\u0110\u1ec3 vi\u00ean \u0111\u00e1 lu\u00f4n gi\u1eef \u0111\u01b0\u1ee3c s\u1ee9c m\u1ea1nh tr\u1ea5n tr\u1ea1ch, b\u1ea1n c\u1ea7n l\u00e0m s\u1ea1ch n\u0103ng l\u01b0\u1ee3ng \u0111\u1ecbnh k\u1ef3. Tham kh\u1ea3o c\u00e1c ph\u01b0\u01a1ng ph\u00e1p l\u00e0m s\u1ea1ch chu\u1ea9n chuy\u00ean gia t\u1ea1i <a class=\"ng-star-inserted\" href=\"https:\/\/daphongthuysoluna.vn\/en\/ve-sinh-da-thach-anh\/\" target=\"_blank\" rel=\"noopener\" data-hveid=\"0\" data-ved=\"0CAAQ_4QMahgKEwixyaCvxZeRAxUAAAAAHQAAAAAQkwM\">V\u1ec7 Sinh \u0110\u00e1 Th\u1ea1ch Anh<\/a>.<\/p>\n<p data-path-to-node=\"58\">C\u00e1c l\u01b0u \u00fd khi b\u1ea3o qu\u1ea3n:<\/p>\n<ul data-path-to-node=\"59\">\n<li>\n<p data-path-to-node=\"59,0,0\">Tr\u00e1nh \u0111\u1ec3 qu\u1ea3 c\u1ea7u b\u1ecb va \u0111\u1eadp m\u1ea1nh ho\u1eb7c r\u01a1i v\u1ee1.<\/p>\n<\/li>\n<li>\n<p data-path-to-node=\"59,1,0\">Tr\u00e1nh \u0111\u1ec3 \u0111\u00e1 ti\u1ebfp x\u00fac l\u00e2u v\u1edbi nhi\u1ec7t \u0111\u1ed9 cao ho\u1eb7c \u00e1nh n\u1eafng tr\u1ef1c ti\u1ebfp qu\u00e1 g\u1eaft.<\/p>\n<\/li>\n<li>\n<p data-path-to-node=\"59,2,0\">Xem th\u00eam c\u00e1c ki\u00eang k\u1ef5 kh\u00e1c khi mang v\u1eadt ph\u1ea9m phong th\u1ee7y t\u1ea1i <a class=\"ng-star-inserted\" href=\"https:\/\/daphongthuysoluna.vn\/en\/meo-phong-thuy-luu-y-khi-mang-da-phong-thuy\/\" target=\"_blank\" rel=\"noopener\" data-hveid=\"0\" data-ved=\"0CAAQ_4QMahgKEwixyaCvxZeRAxUAAAAAHQAAAAAQlAM\">M\u1eb9o Phong Th\u1ee7y L\u01b0u \u00dd Khi Mang \u0110\u00e1 Phong Th\u1ee7y<\/a>.<\/p>\n<\/li>\n<\/ul>\n<p>&nbsp;<\/p>\n<p data-path-to-node=\"61\"><em>\u0110\u1eebng \u0111\u1ec3 s\u1ef1 do d\u1ef1 c\u1ea3n tr\u1edf con \u0111\u01b0\u1eddng th\u0103ng ti\u1ebfn c\u1ee7a b\u1ea1n! <b>Qu\u1ea3 C\u1ea7u Huy\u1ebft R\u1ed3ng<\/b> l\u00e0 bi\u1ec3u t\u01b0\u1ee3ng quy\u1ec1n l\u1ef1c v\u00e0 d\u0169ng kh\u00ed m\u00e0 m\u1ecdi ng\u01b0\u1eddi l\u00e3nh \u0111\u1ea1o c\u1ea7n s\u1edf h\u1eefu.<\/em><\/p>\n<p data-path-to-node=\"62\"><em><b>S\u1edf h\u1eefu ngay Qu\u1ea3 C\u1ea7u Huy\u1ebft R\u1ed3ng SOLUNA \u0111\u1ec3 thi\u1ebft l\u1eadp l\u00e1 ch\u1eafn b\u1ea3o v\u1ec7, gia t\u0103ng uy quy\u1ec1n v\u00e0 khai m\u1edf s\u1ef1 th\u1ecbnh v\u01b0\u1ee3ng b\u1ec1n v\u1eefng cho kh\u00f4ng gian c\u1ee7a b\u1ea1n!<\/b><\/em><\/p>","protected":false},"excerpt":{"rendered":"<p><b>\u0110\u00e1 Huy\u1ebft R\u1ed3ng: <\/b>t\u1ef1 nhi\u00ean 100%, c\u1ea5u t\u1ea1o t\u1eeb kho\u00e1ng ch\u1ea5t Epidote (xanh l\u00e1) v\u00e0 Piemontite\/Hematite (\u0111\u1ecf). Ho\u00e0n thi\u1ec7n d\u1ea1ng Qu\u1ea3 C\u1ea7u (tr\u00f2n \u0111\u1ea7y) t\u01b0\u1ee3ng tr\u01b0ng cho s\u1ef1 vi\u00ean m\u00e3n v\u00e0 lan t\u1ecfa n\u0103ng l\u01b0\u1ee3ng.<\/p>\n<p><strong>K\u00edch th\u01b0\u1edbc: <\/strong><span data-path-to-node=\"3,2,1,0\">\u0110a d\u1ea1ng k\u00edch th\u01b0\u1edbc\u00a0<\/span><\/p>\n<p><span data-path-to-node=\"3,3,0,0\"><b>\u00dd ngh\u0129a<\/b><\/span><span data-path-to-node=\"3,3,1,0\"><b>&#8220;Vi\u00ean \u0110\u00e1 Chi\u1ebfn Binh&#8221;:<\/b> \u0110\u1ea1i di\u1ec7n cho D\u0169ng Kh\u00ed, Quy\u1ec1n L\u1ef1c v\u00e0 s\u1ef1 Quy\u1ebft \u0111o\u00e1n. T\u00e1c \u0111\u1ed9ng tr\u1ef1c ti\u1ebfp l\u00ean Lu\u00e2n Xa G\u1ed1c, t\u1ea1o n\u1ec1n t\u1ea3ng v\u1eefng ch\u1eafc, lo\u1ea1i b\u1ecf b\u1ea5t an. Phong th\u1ee7y: H\u00e0i h\u00f2a n\u0103ng l\u01b0\u1ee3ng M\u1ed9c (ph\u00e1t tri\u1ec3n) v\u00e0 H\u1ecfa (danh ti\u1ebfng). Ph\u00f9 h\u1ee3p nh\u1ea5t v\u1edbi M\u1ec7nh M\u1ed9c (T\u01b0\u01a1ng Sinh) v\u00e0 M\u1ec7nh H\u1ecfa (T\u01b0\u01a1ng H\u1ee3p).<\/span><\/p>\n<p><span data-path-to-node=\"3,4,0,0\"><b>C\u00e1ch s\u1eed d\u1ee5ng:<\/b><\/span><span data-path-to-node=\"3,4,1,0\">\u00a0\u0110\u1eb7t tr\u00ean B\u00e0n L\u00e0m Vi\u1ec7c (G\u00f3c Thanh Long ho\u1eb7c sau l\u01b0ng) \u0111\u1ec3 t\u0103ng uy quy\u1ec1n l\u00e3nh \u0111\u1ea1o, thu h\u00fat qu\u00fd nh\u00e2n. H\u1ed9 M\u1ec7nh: \u0110\u1eb7t \u1edf Ph\u00f2ng Kh\u00e1ch (trung t\u00e2m) \u0111\u1ec3 tr\u1ea5n \u00e1p s\u00e1t kh\u00ed v\u00e0 mang l\u1ea1i s\u1ef1 h\u00e0i h\u00f2a, d\u0169ng kh\u00ed cho c\u1ea3 gia \u0111\u00ecnh.<\/span><\/p>","protected":false},"featured_media":1464,"comment_status":"open","ping_status":"closed","template":"","meta":{"_acf_changed":false},"product_brand":[],"product_cat":[56,101],"product_tag":[],"class_list":{"0":"post-1020","1":"product","2":"type-product","3":"status-publish","4":"has-post-thumbnail","6":"product_cat-qua-cau-thach-anh","7":"product_cat-menh-hoa","9":"first","10":"instock","11":"shipping-taxable","12":"product-type-simple"},"acf":[],"_links":{"self":[{"href":"https:\/\/daphongthuysoluna.vn\/en\/wp-json\/wp\/v2\/product\/1020","targetHints":{"allow":["GET"]}}],"collection":[{"href":"https:\/\/daphongthuysoluna.vn\/en\/wp-json\/wp\/v2\/product"}],"about":[{"href":"https:\/\/daphongthuysoluna.vn\/en\/wp-json\/wp\/v2\/types\/product"}],"replies":[{"embeddable":true,"href":"https:\/\/daphongthuysoluna.vn\/en\/wp-json\/wp\/v2\/comments?post=1020"}],"wp:featuredmedia":[{"embeddable":true,"href":"https:\/\/daphongthuysoluna.vn\/en\/wp-json\/wp\/v2\/media\/1464"}],"wp:attachment":[{"href":"https:\/\/daphongthuysoluna.vn\/en\/wp-json\/wp\/v2\/media?parent=1020"}],"wp:term":[{"taxonomy":"product_brand","embeddable":true,"href":"https:\/\/daphongthuysoluna.vn\/en\/wp-json\/wp\/v2\/product_brand?post=1020"},{"taxonomy":"product_cat","embeddable":true,"href":"https:\/\/daphongthuysoluna.vn\/en\/wp-json\/wp\/v2\/product_cat?post=1020"},{"taxonomy":"product_tag","embeddable":true,"href":"https:\/\/daphongthuysoluna.vn\/en\/wp-json\/wp\/v2\/product_tag?post=1020"}],"curies":[{"name":"wp","href":"https:\/\/api.w.org\/{rel}","templated":true}]}}