{"id":1023,"date":"2025-12-01T03:06:03","date_gmt":"2025-11-30T20:06:03","guid":{"rendered":"https:\/\/daphongthuysoluna.vn\/?post_type=product&#038;p=1023"},"modified":"2025-12-20T15:01:14","modified_gmt":"2025-12-20T08:01:14","slug":"qua-cau-mat-ho-vang","status":"publish","type":"product","link":"https:\/\/daphongthuysoluna.vn\/en\/product\/qua-cau-mat-ho-vang\/","title":{"rendered":"Qu\u1ea3 C\u1ea7u M\u1eaft H\u1ed5 V\u00e0ng N\u00e2u"},"content":{"rendered":"<h1 data-path-to-node=\"13\"><b>Chi\u00eau T\u00e0i H\u1ed9 M\u1ec7nh: Qu\u1ea3 C\u1ea7u M\u1eaft H\u1ed5 V\u00e0ng N\u00e2u SOLUNA \u2013 \u00c1nh S\u00e1ng Sol Khai M\u1edf Quy\u1ec1n L\u1ef1c C\u00e1 Nh\u00e2n<\/b><\/h1>\n<h2>L\u1eddi M\u1edf \u0110\u1ea7u \u0110\u1ed9c \u0110\u00e1o: Chi\u1ebfc &#8220;K\u00e9t S\u1eaft&#8221; C\u1ee7a Th\u1ea7n B\u1ea3o V\u1ec7<\/h2>\n<p data-path-to-node=\"15\">B\u1ea1n c\u00f3 bao gi\u1edd c\u1ea3m th\u1ea5y m\u00ecnh c\u1ea7n m\u1ed9t \u0111\u00f4i m\u1eaft th\u1ee9 ba, v\u1eeba s\u1eafc b\u00e9n \u0111\u1ec3 nh\u00ecn r\u00f5 c\u01a1 h\u1ed9i, v\u1eeba ki\u00ean \u0111\u1ecbnh \u0111\u1ec3 b\u1ea3o v\u1ec7 th\u00e0nh qu\u1ea3? <b>Qu\u1ea3 C\u1ea7u M\u1eaft H\u1ed5 V\u00e0ng<\/b> ch\u00ednh l\u00e0 &#8220;Th\u1ea7n B\u1ea3o V\u1ec7&#8221; v\u00e0 &#8220;Nam Ch\u00e2m T\u00e0i L\u1ed9c&#8221; m\u00e0 gi\u1edbi doanh nh\u00e2n tin d\u00f9ng.<\/p>\n<p data-path-to-node=\"16\">Kh\u00f4ng ch\u1ec9 mang s\u1eafc v\u00e0ng kim r\u1ef1c r\u1ee1 t\u01b0\u1ee3ng tr\u01b0ng cho v\u00e0ng b\u1ea1c, <b>Qu\u1ea3 C\u1ea7u M\u1eaft H\u1ed5 V\u00e0ng<\/b> c\u00f2n s\u1edf h\u1eefu hi\u1ec7u \u1ee9ng quang h\u1ecdc \u0111\u1ed9c nh\u1ea5t v\u00f4 nh\u1ecb, l\u1ea5p l\u00e1nh nh\u01b0 \u00e1nh m\u1eaft h\u1ed5 \u0111ang s\u0103n m\u1ed3i\u2014c\u1ea3nh gi\u00e1c, t\u1eadp trung v\u00e0 \u0111\u1ea7y quy\u1ec1n l\u1ef1c. Ngay t\u1eeb nh\u1eefng d\u00f2ng \u0111\u1ea7u ti\u00ean n\u00e0y, ch\u00fang t\u00f4i mu\u1ed1n kh\u1eb3ng \u0111\u1ecbnh r\u1eb1ng, \u0111\u00e2y kh\u00f4ng ch\u1ec9 l\u00e0 v\u1eadt ph\u1ea9m phong th\u1ee7y m\u00e0 l\u00e0 c\u00f4ng c\u1ee5 k\u00edch ho\u1ea1t <b>Quy\u1ec1n L\u1ef1c C\u00e1 Nh\u00e2n<\/b> c\u1ee7a b\u1ea1n. H\u00e3y c\u00f9ng SOLUNA kh\u00e1m ph\u00e1 <b>c\u00e1ch \u0111\u1eb7t Qu\u1ea3 C\u1ea7u M\u1eaft H\u1ed5 V\u00e0ng<\/b> \u0111\u1ec3 bi\u1ebfn kh\u00f4ng gian c\u1ee7a b\u1ea1n th\u00e0nh ngu\u1ed3n n\u0103ng l\u01b0\u1ee3ng th\u1ecbnh v\u01b0\u1ee3ng kh\u00f4ng gi\u1edbi h\u1ea1n.<\/p>\n<h3><\/h3>\n<h3><b>I. Qu\u1ea3 C\u1ea7u M\u1eaft H\u1ed5 V\u00e0ng: Gi\u1ea3i M\u00e3 &#8220;\u0110\u00f4i M\u1eaft C\u1ea3nh Gi\u00e1c&#8221;<\/b><\/h3>\n<h3><b>1.1. \u0110\u00e1 M\u1eaft H\u1ed5 V\u00e0ng l\u00e0 g\u00ec? Kh\u00e1m ph\u00e1 Hi\u1ec7u \u1ee9ng M\u1eaft M\u00e8o (Chatoyancy)<\/b><\/h3>\n<p>&nbsp;<\/p>\n<p data-path-to-node=\"20\">\u0110\u00e1 M\u1eaft H\u1ed5 (Tiger\u2019s Eye) l\u00e0 m\u1ed9t lo\u1ea1i th\u1ea1ch anh bi\u1ebfn th\u1ec3 \u0111\u01b0\u1ee3c t\u00ecm th\u1ea5y ch\u1ee7 y\u1ebfu \u1edf Nam Phi. <b>Qu\u1ea3 C\u1ea7u M\u1eaft H\u1ed5 V\u00e0ng<\/b> \u0111\u01b0\u1ee3c h\u00ecnh th\u00e0nh t\u1eeb qu\u00e1 tr\u00ecnh thay th\u1ebf kho\u00e1ng ch\u1ea5t Crocidolite b\u1eb1ng Silica (Quartz). M\u00e0u v\u00e0ng kim r\u1ef1c r\u1ee1 l\u00e0 do s\u1ef1 hi\u1ec7n di\u1ec7n c\u1ee7a Oxide S\u1eaft.<\/p>\n<p data-path-to-node=\"21\">\u0110i\u1ec3m \u0111\u1eb7c bi\u1ec7t nh\u1ea5t l\u00e0 <b>Hi\u1ec7u \u1ee9ng M\u1eaft M\u00e8o (Chatoyancy)<\/b>\u2014m\u1ed9t d\u1ea3i \u00e1nh s\u00e1ng l\u1ea5p l\u00e1nh di chuy\u1ec3n d\u1ecdc theo vi\u00ean \u0111\u00e1 khi b\u1ea1n xoay qu\u1ea3 c\u1ea7u. \u0110\u00e2y l\u00e0 k\u1ebft qu\u1ea3 c\u1ee7a c\u00e1c s\u1ee3i Rutile si\u00eau nh\u1ecf n\u1eb1m song song. <b>[T\u00ecm hi\u1ec3u th\u00eam v\u1ec1 hi\u1ec7u \u1ee9ng quang h\u1ecdc Chatoyancy]<\/b> (Li\u00ean k\u1ebft ngo\u00e0i DoFollow: <i>B\u1ea1n ch\u00e8n link uy t\u00edn v\u1ec1 Gemology\/Khoa h\u1ecdc<\/i>). Hi\u1ec7u \u1ee9ng n\u00e0y khi\u1ebfn vi\u00ean \u0111\u00e1 lu\u00f4n c\u00f3 v\u1ebb &#8220;s\u1ed1ng \u0111\u1ed9ng&#8221; v\u00e0 &#8220;quan s\u00e1t&#8221;, ho\u00e0n to\u00e0n ph\u00f9 h\u1ee3p v\u1edbi \u00fd ngh\u0129a h\u1ed9 m\u1ec7nh c\u1ee7a n\u00f3.<\/p>\n<h3><b>1.2. N\u0103ng l\u01b0\u1ee3ng H\u1ed5 V\u00e0ng: Ngu\u1ed3n Sol (M\u1eb7t Tr\u1eddi) c\u1ee7a s\u1ef1 t\u1ef1 tin<\/b><\/h3>\n<p data-path-to-node=\"23\"><b>Qu\u1ea3 C\u1ea7u M\u1eaft H\u1ed5 V\u00e0ng<\/b> mang trong m\u00ecnh n\u0103ng l\u01b0\u1ee3ng Sol (M\u1eb7t Tr\u1eddi) thu\u1ea7n khi\u1ebft:<\/p>\n<ul data-path-to-node=\"24\">\n<li>\n<p data-path-to-node=\"24,0,0\"><b>T\u1ef1 tin v\u00e0 S\u1ee9c m\u1ea1nh:<\/b> M\u00e0u v\u00e0ng r\u1ef1c r\u1ee1 li\u00ean k\u1ebft tr\u1ef1c ti\u1ebfp v\u1edbi s\u1ee9c m\u1ea1nh c\u00e1 nh\u00e2n v\u00e0 \u00fd ch\u00ed.<\/p>\n<\/li>\n<li>\n<p data-path-to-node=\"24,1,0\"><b>C\u1ea3nh gi\u00e1c v\u00e0 B\u1ea3o v\u1ec7:<\/b> Gi\u1ed1ng nh\u01b0 \u0111\u00f4i m\u1eaft h\u1ed5, vi\u00ean \u0111\u00e1 lu\u00f4n duy tr\u00ec s\u1ef1 c\u1ea3nh gi\u00e1c, gi\u00fap ch\u1ee7 nh\u00e2n tr\u00e1nh \u0111\u01b0\u1ee3c c\u00e1c c\u1ea1m b\u1eaby v\u00e0 ti\u1ec3u nh\u00e2n.<\/p>\n<\/li>\n<\/ul>\n<h3><\/h3>\n<h3><b>II. C\u00f4ng D\u1ee5ng Tuy\u1ec7t \u0110\u1ed1i: T\u00e0i L\u1ed9c v\u00e0 Uy Quy\u1ec1n T\u1ed1i Cao<\/b><\/h3>\n<h3><b>2.1. C\u00e2n b\u1eb1ng Lu\u00e2n Xa B\u00fai M\u1eb7t Tr\u1eddi (Solar Plexus): T\u1ef1 tin v\u00e0 Khai m\u1edf \u00fd ch\u00ed<\/b><\/h3>\n<p data-path-to-node=\"28\">N\u0103ng l\u01b0\u1ee3ng c\u1ee7a <b>Qu\u1ea3 C\u1ea7u M\u1eaft H\u1ed5 V\u00e0ng<\/b> t\u1eadp trung v\u00e0o Lu\u00e2n Xa B\u00fai M\u1eb7t Tr\u1eddi (Manipura Chakra), trung t\u00e2m c\u1ee7a quy\u1ec1n l\u1ef1c c\u00e1 nh\u00e2n, \u00fd ch\u00ed v\u00e0 s\u1ef1 t\u1ef1 ch\u1ee7. Khi lu\u00e2n xa n\u00e0y \u0111\u01b0\u1ee3c c\u00e2n b\u1eb1ng, b\u1ea1n s\u1ebd lo\u1ea1i b\u1ecf s\u1ef1 nghi ng\u1edd b\u1ea3n th\u00e2n, t\u0103ng c\u01b0\u1eddng kh\u1ea3 n\u0103ng ra quy\u1ebft \u0111\u1ecbnh v\u00e0 kh\u1eb3ng \u0111\u1ecbnh v\u1ecb th\u1ebf.<\/p>\n<h3><b>2.2. Chi\u00eau t\u00e0i l\u1ed9c v\u00e0 Thu h\u00fat c\u01a1 h\u1ed9i kinh doanh \u0111\u1ed9t ph\u00e1<\/b><\/h3>\n<p data-path-to-node=\"30\">Trong phong th\u1ee7y chi\u00eau t\u00e0i, <b>Qu\u1ea3 C\u1ea7u M\u1eaft H\u1ed5 V\u00e0ng<\/b> \u0111\u01b0\u1ee3c coi l\u00e0 v\u1eadt ph\u1ea9m h\u00e0ng \u0111\u1ea7u \u0111\u1ec3 thu h\u00fat ti\u1ec1n b\u1ea1c v\u00e0 c\u01a1 h\u1ed9i kinh doanh. Kh\u00e1c v\u1edbi n\u0103ng l\u01b0\u1ee3ng ph\u00e1t tri\u1ec3n t\u1eeb <a class=\"ng-star-inserted\" href=\"https:\/\/daphongthuysoluna.vn\/en\/vong-thach-anh-toc-xanh-khai-mo-tai-loc\/\" target=\"_blank\" rel=\"noopener\" data-hveid=\"0\" data-ved=\"0CAAQ_4QMahgKEwixyaCvxZeRAxUAAAAAHQAAAAAQ6gM\">V\u00f2ng Th\u1ea1ch Anh T\u00f3c Xanh Khai M\u1edf T\u00e0i L\u1ed9c<\/a>, n\u0103ng l\u01b0\u1ee3ng c\u1ee7a M\u1eaft H\u1ed5 l\u00e0 n\u0103ng l\u01b0\u1ee3ng <i>t\u00edch l\u0169y<\/i> v\u00e0 <i>b\u1ea3o v\u1ec7<\/i> t\u00e0i s\u1ea3n.<\/p>\n<h3><b>2.3. H\u1ed9 m\u1ec7nh v\u00e0 H\u00f3a gi\u1ea3i n\u0103ng l\u01b0\u1ee3ng ti\u00eau c\u1ef1c<\/b><\/h3>\n<p data-path-to-node=\"32\">V\u1edbi \u00e1nh s\u00e1ng r\u1ef1c r\u1ee1 v\u00e0 hi\u1ec7u \u1ee9ng M\u1eaft M\u00e8o c\u1ea3nh gi\u00e1c, qu\u1ea3 c\u1ea7u ho\u1ea1t \u0111\u1ed9ng nh\u01b0 m\u1ed9t l\u00e1 ch\u1eafn b\u1ea3o v\u1ec7. N\u00f3 h\u00f3a gi\u1ea3i c\u00e1c t\u1ea7n s\u1ed1 ti\u00eau c\u1ef1c, s\u1ef1 \u0111\u1ed1 k\u1ef5 v\u00e0 nh\u1eefng \u00fd \u0111\u1ecbnh x\u1ea5u xung quanh kh\u00f4ng gian c\u1ee7a b\u1ea1n. \u0110\u00e2y l\u00e0 l\u00fd do n\u00f3 th\u01b0\u1eddng \u0111\u01b0\u1ee3c \u0111\u1eb7t \u1edf n\u01a1i c\u1ea7n s\u1ef1 an to\u00e0n tuy\u1ec7t \u0111\u1ed1i.<\/p>\n<h3><b>III. C\u00e1ch \u0110\u1eb7t Qu\u1ea3 C\u1ea7u M\u1eaft H\u1ed5 V\u00e0ng K\u00edch Ho\u1ea1t N\u0103ng L\u01b0\u1ee3ng Chi\u00eau T\u00e0i<\/b><\/h3>\n<p data-path-to-node=\"35\"><b>C\u00e1ch \u0110\u1eb7t Qu\u1ea3 C\u1ea7u M\u1eaft H\u1ed5 V\u00e0ng<\/b> quy\u1ebft \u0111\u1ecbnh tr\u1ef1c ti\u1ebfp hi\u1ec7u qu\u1ea3 t\u00e0i l\u1ed9c c\u1ee7a b\u1ea1n. H\u00e3y \u00e1p d\u1ee5ng c\u00e1c nguy\u00ean t\u1eafc \u0111\u1eb7t \u0111\u00e1 sau:<\/p>\n<h3><b>3.1. V\u1ecb tr\u00ed \u0110\u1eafc \u0110\u1ecba: Qu\u1ea7y Thu Ng\u00e2n ho\u1eb7c K\u00e9t S\u1eaft (T\u1ed1i \u01b0u T\u00e0i L\u1ed9c)<\/b><\/h3>\n<p data-path-to-node=\"37\">\u0110\u00e2y l\u00e0 v\u1ecb tr\u00ed m\u1ea1nh nh\u1ea5t \u0111\u1ec3 k\u00edch ho\u1ea1t n\u0103ng l\u01b0\u1ee3ng chi\u00eau t\u00e0i. \u0110\u1eb7t <b>Qu\u1ea3 C\u1ea7u M\u1eaft H\u1ed5 V\u00e0ng<\/b> g\u1ea7n khu v\u1ef1c ti\u1ec1n b\u1ea1c (k\u00e9t s\u1eaft, qu\u1ea7y thu ng\u00e2n, ho\u1eb7c g\u00f3c T\u00e0i L\u1ed9c c\u1ee7a c\u1eeda h\u00e0ng) gi\u00fap nh\u00e2n \u0111\u00f4i s\u1ef1 b\u1ea3o v\u1ec7 t\u00e0i s\u1ea3n v\u00e0 thu h\u00fat ti\u1ec1n b\u1ea1c quay tr\u1edf l\u1ea1i.<\/p>\n<h3><b>3.2. \u0110\u1eb7t t\u1ea1i B\u00e0n L\u00e0m Vi\u1ec7c (T\u0103ng s\u1ef1 t\u1eadp trung v\u00e0 c\u1ea3nh gi\u00e1c)<\/b><\/h3>\n<p data-path-to-node=\"39\">\u0110\u1eb7t qu\u1ea3 c\u1ea7u \u1edf ph\u00eda tr\u01b0\u1edbc ho\u1eb7c g\u00f3c ph\u1ea3i b\u00e0n l\u00e0m vi\u1ec7c (v\u1ecb tr\u00ed B\u1ea1ch H\u1ed5). N\u00f3 s\u1ebd gi\u00fap b\u1ea1n t\u1eadp trung cao \u0111\u1ed9, \u0111\u01b0a ra c\u00e1c quy\u1ebft \u0111\u1ecbnh s\u1eafc b\u00e9n v\u00e0 duy tr\u00ec s\u1ef1 c\u1ea3nh gi\u00e1c tr\u01b0\u1edbc c\u00e1c r\u1ee7i ro trong kinh doanh. Tham kh\u1ea3o th\u00eam nguy\u00ean t\u1eafc b\u1ed1 tr\u00ed chi ti\u1ebft t\u1ea1i <a class=\"ng-star-inserted\" href=\"https:\/\/daphongthuysoluna.vn\/en\/kien-thuc-phong-thuy\/\" target=\"_blank\" rel=\"noopener\" data-hveid=\"0\" data-ved=\"0CAAQ_4QMahgKEwixyaCvxZeRAxUAAAAAHQAAAAAQ6wM\">Ki\u1ebfn Th\u1ee9c Phong Th\u1ee7y<\/a>.<\/p>\n<h3><b>3.3. C\u00e1c V\u1ecb Tr\u00ed C\u1ea7n Tr\u00e1nh Khi \u0110\u1eb7t Qu\u1ea3 C\u1ea7u M\u1eaft H\u1ed5 V\u00e0ng<\/b><\/h3>\n<p data-path-to-node=\"41\">Tr\u00e1nh \u0111\u1eb7t <b>Qu\u1ea3 C\u1ea7u M\u1eaft H\u1ed5 V\u00e0ng<\/b> \u1edf nh\u1eefng n\u01a1i qu\u00e1 k\u00edn, \u1ea9m \u01b0\u1edbt ho\u1eb7c \u0111\u1ed1i di\u1ec7n v\u1edbi c\u1eeda s\u1ed5 qu\u00e1 l\u1edbn (d\u1ec5 l\u00e0m ph\u00e2n t\u00e1n n\u0103ng l\u01b0\u1ee3ng). N\u1eafm v\u1eefng c\u00e1c ki\u00eang k\u1ef5 khi s\u1eed d\u1ee5ng v\u1eadt ph\u1ea9m phong th\u1ee7y l\u00e0 v\u00f4 c\u00f9ng quan tr\u1ecdng: <a class=\"ng-star-inserted\" href=\"https:\/\/daphongthuysoluna.vn\/en\/meo-phong-thuy-luu-y-khi-mang-da-phong-thuy\/\" target=\"_blank\" rel=\"noopener\" data-hveid=\"0\" data-ved=\"0CAAQ_4QMahgKEwixyaCvxZeRAxUAAAAAHQAAAAAQ7AM\">M\u1eb9o Phong Th\u1ee7y L\u01b0u \u00dd Khi Mang \u0110\u00e1 Phong Th\u1ee7y<\/a>.<\/p>\n<h3><b>IV. Qu\u1ea3 C\u1ea7u M\u1eaft H\u1ed5 V\u00e0ng H\u1ee3p M\u1ec7nh G\u00ec?<\/b><\/h3>\n<p data-path-to-node=\"44\">M\u00e0u v\u00e0ng kim c\u1ee7a <b>Qu\u1ea3 C\u1ea7u M\u1eaft H\u1ed5 V\u00e0ng<\/b> l\u00e0 m\u00e0u c\u1ee7a h\u00e0nh <b>Th\u1ed5<\/b> (M\u00e0u g\u1ed1c) v\u00e0 <b>Kim<\/b> (M\u00e0u \u00e1nh kim). Do \u0111\u00f3, n\u00f3 \u0111\u1eb7c bi\u1ec7t ph\u00f9 h\u1ee3p v\u1edbi:<\/p>\n<ul data-path-to-node=\"45\">\n<li>\n<p data-path-to-node=\"45,0,0\"><b>M\u1ec7nh TH\u1ed4 (T\u01b0\u01a1ng H\u1ee3p):<\/b> Gi\u00fap ng\u01b0\u1eddi m\u1ec7nh Th\u1ed5 (\u1ed5n \u0111\u1ecbnh, tr\u1ea7m t\u0129nh) t\u0103ng c\u01b0\u1eddng s\u1ef1 v\u1eefng ch\u00e3i, b\u1ec1n b\u1ec9 v\u00e0 thu h\u00fat t\u00e0i s\u1ea3n \u0111\u1ea5t \u0111ai.<\/p>\n<\/li>\n<li>\n<p data-path-to-node=\"45,1,0\"><b>M\u1ec7nh KIM (T\u01b0\u01a1ng Sinh):<\/b> Th\u1ed5 sinh Kim, \u0111\u00e2y l\u00e0 m\u1ed1i quan h\u1ec7 t\u01b0\u01a1ng sinh m\u1ea1nh m\u1ebd, gi\u00fap ng\u01b0\u1eddi m\u1ec7nh Kim (s\u1eafc s\u1ea3o, tinh t\u1ebf) nh\u1eadn \u0111\u01b0\u1ee3c s\u1ef1 h\u1ed7 tr\u1ee3 m\u1ea1nh m\u1ebd v\u1ec1 t\u00e0i l\u1ed9c v\u00e0 may m\u1eafn.<\/p>\n<\/li>\n<\/ul>\n<p data-path-to-node=\"46\">N\u1ebfu b\u1ea1n ch\u01b0a r\u00f5 m\u1ec7nh c\u1ee7a m\u00ecnh, h\u00e3y tham kh\u1ea3o <a class=\"ng-star-inserted\" href=\"https:\/\/daphongthuysoluna.vn\/en\/vong-da-phong-thuy-theo-menh\/\" target=\"_blank\" rel=\"noopener\" data-hveid=\"0\" data-ved=\"0CAAQ_4QMahgKEwixyaCvxZeRAxUAAAAAHQAAAAAQ7QM\">V\u00f2ng \u0110\u00e1 Phong Th\u1ee7y Theo M\u1ec7nh<\/a> \u0111\u1ec3 c\u00f3 l\u1ef1a ch\u1ecdn t\u1ed1i \u01b0u nh\u1ea5t.<\/p>\n<h3><\/h3>\n<h3><b>V. Cam K\u1ebft Ch\u1ea5t L\u01b0\u1ee3ng SOLUNA v\u00e0 L\u1eddi Khuy\u00ean Chuy\u00ean Gia<\/b><\/h3>\n<p>&nbsp;<\/p>\n<p data-path-to-node=\"49\">SOLUNA cam k\u1ebft cung c\u1ea5p <b>Qu\u1ea3 C\u1ea7u M\u1eaft H\u1ed5 V\u00e0ng<\/b> \u0111\u1ea1t chu\u1ea9n cao nh\u1ea5t v\u1edbi \u00e1nh l\u1ee5a v\u00e0ng r\u00f5 n\u00e9t (Hi\u1ec7u \u1ee9ng Chatoyancy m\u1ea1nh). Ch\u00fang t\u00f4i \u0111\u1ea3m b\u1ea3o n\u0103ng l\u01b0\u1ee3ng thu\u1ea7n khi\u1ebft v\u00e0 \u1ed5n \u0111\u1ecbnh, s\u1eb5n s\u00e0ng h\u1ed7 tr\u1ee3 b\u1ea1n tr\u00ean con \u0111\u01b0\u1eddng chi\u00eau t\u00e0i v\u00e0 kh\u1eb3ng \u0111\u1ecbnh quy\u1ec1n l\u1ef1c.<\/p>\n<p data-path-to-node=\"50\">Tr\u01b0\u1edbc khi s\u1eed d\u1ee5ng, h\u00e3y l\u00e0m s\u1ea1ch n\u0103ng l\u01b0\u1ee3ng cho qu\u1ea3 c\u1ea7u b\u1eb1ng c\u00e1ch tham kh\u1ea3o h\u01b0\u1edbng d\u1eabn <a class=\"ng-star-inserted\" href=\"https:\/\/daphongthuysoluna.vn\/en\/ve-sinh-da-thach-anh\/\" target=\"_blank\" rel=\"noopener\" data-hveid=\"0\" data-ved=\"0CAAQ_4QMahgKEwixyaCvxZeRAxUAAAAAHQAAAAAQ7gM\">V\u1ec7 Sinh \u0110\u00e1 Th\u1ea1ch Anh<\/a> \u0111\u1ec3 lo\u1ea1i b\u1ecf t\u1ea1p kh\u00ed.<\/p>\n<p data-path-to-node=\"51\"><b>K\u00eau G\u1ecdi H\u00e0nh \u0110\u1ed9ng (CTA) &#8211; Th\u00fac \u0111\u1ea9y mua h\u00e0ng<\/b><\/p>\n<p data-path-to-node=\"52\"><b>Qu\u1ea3 C\u1ea7u M\u1eaft H\u1ed5 V\u00e0ng<\/b> kh\u00f4ng ch\u1ec9 l\u00e0 m\u1ed9t v\u1eadt ph\u1ea9m, n\u00f3 l\u00e0 s\u1ef1 \u0111\u1ea7u t\u01b0 v\u00e0o <b>\u00fd ch\u00ed<\/b> v\u00e0 <b>v\u1eadn may<\/b> c\u1ee7a b\u1ea1n.<\/p>\n<p data-path-to-node=\"53\"><b>\ud83d\udc49 \u0110\u1eebng \u0111\u1ec3 c\u01a1 h\u1ed9i tu\u1ed9t kh\u1ecfi tay! S\u1edf h\u1eefu ngay Qu\u1ea3 C\u1ea7u M\u1eaft H\u1ed5 V\u00e0ng SOLUNA \u0111\u1ec3 thi\u1ebft l\u1eadp l\u00e1 ch\u1eafn b\u1ea3o v\u1ec7 v\u00e0 khai m\u1edf d\u00f2ng ch\u1ea3y t\u00e0i l\u1ed9c kh\u00f4ng ng\u1eebng ngh\u1ec9!<\/b><\/p>","protected":false},"excerpt":{"rendered":"<div>Ch\u1ea5t li\u1ec7u v\u00e0 ho\u00e0n thi\u1ec7n: t\u1ef1 nhi\u00ean 100%, thu\u1ed9c nh\u00f3m Th\u1ea1ch Anh bi\u1ebfn th\u1ec3. N\u1ed5i b\u1eadt v\u1edbi Hi\u1ec7u \u1ee9ng M\u1eaft M\u00e8o (Chatoyancy) s\u1eafc n\u00e9t v\u00e0 \u00e1nh l\u1ee5a v\u00e0ng l\u1ea5p l\u00e1nh. Ho\u00e0n thi\u1ec7n d\u1ea1ng Qu\u1ea3 C\u1ea7u (tr\u00f2n \u0111\u1ea7y) t\u01b0\u1ee3ng tr\u01b0ng cho s\u1ef1 vi\u00ean m\u00e3n v\u00e0 lan t\u1ecfa n\u0103ng l\u01b0\u1ee3ng \u1ed5n \u0111\u1ecbnh.<\/div>\n<div><\/div>\n<div>K\u00edch th\u01b0\u1edbc: \u0110a d\u1ea1ng k\u00edch th\u01b0\u1edbc<\/div>\n<div><\/div>\n<div>\u00dd ngh\u0129a: k\u00edch ho\u1ea1t Lu\u00e2n Xa B\u00fai M\u1eb7t Tr\u1eddi, t\u0103ng c\u01b0\u1eddng Quy\u1ec1n l\u1ef1c C\u00e1 nh\u00e2n v\u00e0 s\u1ef1 t\u1ef1 tin, quy\u1ebft \u0111o\u00e1n. H\u1ed9 m\u1ec7nh m\u1ea1nh m\u1ebd, c\u1ea3nh gi\u00e1c v\u00e0 h\u00f3a gi\u1ea3i n\u0103ng l\u01b0\u1ee3ng ti\u00eau c\u1ef1c. Phong th\u1ee7y: M\u00e0u v\u00e0ng kim thu\u1ed9c h\u00e0nh Th\u1ed5 (T\u01b0\u01a1ng H\u1ee3p) v\u00e0 Kim (T\u01b0\u01a1ng Sinh), c\u1ef1c k\u1ef3 t\u1ed1t cho T\u00e0i L\u1ed9c v\u00e0 s\u1ef1 nghi\u1ec7p b\u1ec1n v\u1eefng.<\/div>\n<div><\/div>\n<div>C\u00e1ch s\u1eed d\u1ee5ng: \u0110\u1eb7t t\u1ea1i Qu\u1ea7y Thu Ng\u00e2n ho\u1eb7c K\u00e9t S\u1eaft \u0111\u1ec3 b\u1ea3o v\u1ec7 t\u00e0i s\u1ea3n v\u00e0 thu h\u00fat ti\u1ec1n b\u1ea1c. Quy\u1ec1n l\u1ef1c &amp; T\u1eadp trung: \u0110\u1eb7t tr\u00ean B\u00e0n L\u00e0m Vi\u1ec7c (v\u1ecb tr\u00ed B\u1ea1ch H\u1ed5) \u0111\u1ec3 t\u0103ng s\u1ef1 t\u1eadp trung, c\u1ea3nh gi\u00e1c v\u00e0 \u00fd ch\u00ed quy\u1ebft \u0111o\u00e1n.<\/div>","protected":false},"featured_media":1467,"comment_status":"open","ping_status":"closed","template":"","meta":{"_acf_changed":false},"product_brand":[],"product_cat":[56,102],"product_tag":[],"class_list":{"0":"post-1023","1":"product","2":"type-product","3":"status-publish","4":"has-post-thumbnail","6":"product_cat-qua-cau-thach-anh","7":"product_cat-menh-tho","9":"first","10":"instock","11":"shipping-taxable","12":"product-type-simple"},"acf":[],"_links":{"self":[{"href":"https:\/\/daphongthuysoluna.vn\/en\/wp-json\/wp\/v2\/product\/1023","targetHints":{"allow":["GET"]}}],"collection":[{"href":"https:\/\/daphongthuysoluna.vn\/en\/wp-json\/wp\/v2\/product"}],"about":[{"href":"https:\/\/daphongthuysoluna.vn\/en\/wp-json\/wp\/v2\/types\/product"}],"replies":[{"embeddable":true,"href":"https:\/\/daphongthuysoluna.vn\/en\/wp-json\/wp\/v2\/comments?post=1023"}],"wp:featuredmedia":[{"embeddable":true,"href":"https:\/\/daphongthuysoluna.vn\/en\/wp-json\/wp\/v2\/media\/1467"}],"wp:attachment":[{"href":"https:\/\/daphongthuysoluna.vn\/en\/wp-json\/wp\/v2\/media?parent=1023"}],"wp:term":[{"taxonomy":"product_brand","embeddable":true,"href":"https:\/\/daphongthuysoluna.vn\/en\/wp-json\/wp\/v2\/product_brand?post=1023"},{"taxonomy":"product_cat","embeddable":true,"href":"https:\/\/daphongthuysoluna.vn\/en\/wp-json\/wp\/v2\/product_cat?post=1023"},{"taxonomy":"product_tag","embeddable":true,"href":"https:\/\/daphongthuysoluna.vn\/en\/wp-json\/wp\/v2\/product_tag?post=1023"}],"curies":[{"name":"wp","href":"https:\/\/api.w.org\/{rel}","templated":true}]}}