{"id":1025,"date":"2025-12-01T03:17:56","date_gmt":"2025-11-30T20:17:56","guid":{"rendered":"https:\/\/daphongthuysoluna.vn\/?post_type=product&#038;p=1025"},"modified":"2025-12-20T14:50:00","modified_gmt":"2025-12-20T07:50:00","slug":"qua-cau-thach-anh-den","status":"publish","type":"product","link":"https:\/\/daphongthuysoluna.vn\/en\/product\/qua-cau-thach-anh-den\/","title":{"rendered":"Qu\u1ea3 C\u1ea7u Th\u1ea1ch Anh \u0110en"},"content":{"rendered":"<h1 data-path-to-node=\"13\"><b>B\u1ee9c T\u01b0\u1eddng V\u00f4 H\u00ecnh: Qu\u1ea3 C\u1ea7u Th\u1ea1ch Anh \u0110en SOLUNA \u2013 B\u00ed Quy\u1ebft Tr\u1ea5n Tr\u1ea1ch T\u1ed1i Th\u01b0\u1ee3ng v\u00e0 H\u00f3a Gi\u1ea3i S\u00e1t Kh\u00ed<\/b><\/h1>\n<h2>L\u1eddi M\u1edf \u0110\u1ea7u \u0110\u1ed9t Ph\u00e1: Vi\u00ean \u0110\u00e1 H\u1ea5p Th\u1ee5 B\u00f3ng \u0110\u00eam<\/h2>\n<p data-path-to-node=\"15\">Trong phong th\u1ee7y hi\u1ec7n \u0111\u1ea1i, khi ng\u00f4i nh\u00e0 hay v\u0103n ph\u00f2ng b\u1ecb bao v\u00e2y b\u1edfi s\u1ef1 c\u0103ng th\u1eb3ng v\u00e0 n\u0103ng l\u01b0\u1ee3ng ti\u00eau c\u1ef1c, b\u1ea1n c\u1ea7n m\u1ed9t v\u1eadt ph\u1ea9m c\u00f3 kh\u1ea3 n\u0103ng <b>H\u1ea5p Th\u1ee5<\/b> m\u1ea1nh m\u1ebd. <b>Qu\u1ea3 C\u1ea7u Th\u1ea1ch Anh \u0110en<\/b> ch\u00ednh l\u00e0 <i>B\u1ee9c T\u01b0\u1eddng V\u00f4 H\u00ecnh<\/i>, m\u1ed9t chi\u1ebfn binh t\u0129nh l\u1eb7ng c\u00f3 kh\u1ea3 n\u0103ng h\u00fat v\u00e0 l\u00e0m s\u1ea1ch t\u1ea1p kh\u00ed m\u00e0 kh\u00f4ng m\u1ed9t v\u1eadt ph\u1ea9m n\u00e0o s\u00e1nh b\u1eb1ng.<\/p>\n<p data-path-to-node=\"16\">S\u1edf h\u1eefu s\u1eafc \u0111en huy\u1ec1n b\u00ed c\u1ee7a \u0111\u1ea5t m\u1eb9, <b>Qu\u1ea3 C\u1ea7u Th\u1ea1ch Anh \u0110en<\/b> kh\u00f4ng ch\u1ec9 l\u00e0 m\u1ed9t v\u1eadt ph\u1ea9m trang tr\u00ed m\u00e0 l\u00e0 c\u00f4ng c\u1ee5 <b>Tr\u1ea5n Tr\u1ea1ch T\u1ed1i Th\u01b0\u1ee3ng<\/b>, mang l\u1ea1i s\u1ef1 \u1ed5n \u0111\u1ecbnh, an to\u00e0n v\u00e0 b\u1ea3o v\u1ec7 tuy\u1ec7t \u0111\u1ed1i cho kh\u00f4ng gian c\u1ee7a b\u1ea1n. N\u1ebfu b\u1ea1n \u0111ang t\u00ecm ki\u1ebfm s\u1ef1 y\u00ean t\u0129nh, d\u0169ng kh\u00ed n\u1ed9i t\u1ea1i v\u00e0 mu\u1ed1n thi\u1ebft l\u1eadp m\u1ed9t l\u00e1 ch\u1eafn n\u0103ng l\u01b0\u1ee3ng kh\u00f4ng th\u1ec3 xuy\u00ean th\u1ee7ng, b\u00e0i vi\u1ebft n\u00e0y s\u1ebd ch\u1ec9 cho b\u1ea1n <b>c\u00e1ch \u0111\u1eb7t Qu\u1ea3 C\u1ea7u Th\u1ea1ch Anh \u0110en<\/b> \u0111\u1ec3 \u0111\u1ea1t hi\u1ec7u qu\u1ea3 t\u1ed1i \u01b0u.<\/p>\n<h3><\/h3>\n<h2><b>I. Qu\u1ea3 C\u1ea7u Th\u1ea1ch Anh \u0110en: Gi\u1ea3i M\u00e3 &#8220;V\u1ec7 S\u0129 N\u0103ng L\u01b0\u1ee3ng&#8221;<\/b><\/h2>\n<h3><b>1.1. Th\u1ea1ch Anh \u0110en l\u00e0 g\u00ec? Ngu\u1ed3n g\u1ed1c v\u00e0 Ph\u00e2n bi\u1ec7t v\u1edbi c\u00e1c \u0111\u00e1 \u0111en kh\u00e1c<\/b><\/h3>\n<p data-path-to-node=\"20\"><b>Qu\u1ea3 C\u1ea7u Th\u1ea1ch Anh \u0110en<\/b> \u0111\u01b0\u1ee3c ch\u1ebf t\u00e1c t\u1eeb Black Quartz, th\u01b0\u1eddng l\u00e0 bi\u1ebfn th\u1ec3 Morion (Smoky Quartz c\u00f3 m\u00e0u \u0111en tuy\u1ec1n) ho\u1eb7c Th\u1ea1ch Anh nhi\u1ec5m c\u00e1c kho\u00e1ng ch\u1ea5t \u0111en. N\u00f3 thu\u1ed9c h\u1ecd Quartz (c\u00f3 c\u1ea5u tr\u00fac tinh th\u1ec3) v\u1edbi \u0111\u1ed9 c\u1ee9ng 7 Mohs.<\/p>\n<p data-path-to-node=\"21\">C\u1ea7n ph\u00e2n bi\u1ec7t r\u00f5: Th\u1ea1ch Anh \u0110en kh\u00e1c v\u1edbi Obsidian (\u0110\u00e1 th\u1ee7y tinh n\u00fai l\u1eeda, v\u00f4 \u0111\u1ecbnh h\u00ecnh) v\u00e0 Tourmaline \u0110en (c\u00f3 c\u00e1c r\u00e3nh d\u1ecdc). <b>Th\u1ea1ch Anh \u0110en<\/b> c\u00f3 t\u1ea7n s\u1ed1 rung \u0111\u1ed9ng cao h\u01a1n, mang t\u00ednh <b>h\u1ea5p th\u1ee5<\/b> v\u00e0 <b>c\u00e2n b\u1eb1ng<\/b> m\u1ea1nh m\u1ebd. <b>[T\u00ecm hi\u1ec3u th\u00eam v\u1ec1 c\u1ea5u tr\u00fac tinh th\u1ec3 c\u1ee7a Th\u1ea1ch Anh]<\/b> (Li\u00ean k\u1ebft ngo\u00e0i DoFollow: <i>B\u1ea1n ch\u00e8n link uy t\u00edn v\u1ec1 Gemology\/Khoa h\u1ecdc v\u1ec1 Quartz<\/i>).<\/p>\n<h3><b>1.2. N\u0103ng l\u01b0\u1ee3ng H\u1eafc Th\u1ee7y Tinh: S\u1ee9c m\u1ea1nh H\u1ea5p Th\u1ee5 v\u00e0 Thanh l\u1ecdc<\/b><\/h3>\n<p data-path-to-node=\"23\">M\u00e0u \u0111en trong phong th\u1ee7y \u0111\u1ea1i di\u1ec7n cho H\u00e0nh Th\u1ee7y (n\u01b0\u1edbc) v\u00e0 s\u1ef1 s\u00e2u th\u1eb3m c\u1ee7a \u0110\u1ea5t (Th\u1ed5). <b>Qu\u1ea3 C\u1ea7u Th\u1ea1ch Anh \u0110en<\/b> s\u1edf h\u1eefu ngu\u1ed3n n\u0103ng l\u01b0\u1ee3ng D\u01b0\u01a1ng d\u1ed3i d\u00e0o, nh\u01b0ng l\u1ea1i ho\u1ea1t \u0111\u1ed9ng theo c\u01a1 ch\u1ebf <b>h\u1ea5p th\u1ee5<\/b> m\u1ecdi n\u0103ng l\u01b0\u1ee3ng h\u1ed7n lo\u1ea1n, ti\u00eau c\u1ef1c, sau \u0111\u00f3 chuy\u1ec3n h\u00f3a v\u00e0 thanh l\u1ecdc ch\u00fang. Kh\u1ea3 n\u0103ng n\u00e0y bi\u1ebfn n\u00f3 th\u00e0nh v\u1eadt ph\u1ea9m l\u00fd t\u01b0\u1edfng \u0111\u1ec3 duy tr\u00ec s\u1ef1 c\u00e2n b\u1eb1ng n\u0103ng l\u01b0\u1ee3ng l\u00e2u d\u00e0i trong nh\u00e0.<\/p>\n<h3><\/h3>\n<h2><b>II. C\u00f4ng D\u1ee5ng Tuy\u1ec7t \u0110\u1ed1i: B\u1ea3o V\u1ec7 Kh\u00f4ng Gian v\u00e0 C\u00e2n B\u1eb1ng N\u1ed9i <\/b><\/h2>\n<h3><b>2.1. N\u1ec1n t\u1ea3ng V\u1eefng Ch\u1eafc: C\u00e2n b\u1eb1ng Lu\u00e2n Xa G\u1ed1c (Grounding)<\/b><\/h3>\n<p data-path-to-node=\"27\"><b>Qu\u1ea3 C\u1ea7u Th\u1ea1ch Anh \u0110en<\/b> t\u00e1c \u0111\u1ed9ng tr\u1ef1c ti\u1ebfp l\u00ean Lu\u00e2n Xa G\u1ed1c (Root Chakra), neo gi\u1eef tinh th\u1ea7n b\u1ea1n xu\u1ed1ng \u0110\u1ea5t M\u1eb9 (Grounding). \u0110i\u1ec1u n\u00e0y gi\u00fap ng\u01b0\u1eddi s\u1edf h\u1eefu c\u1ea3m th\u1ea5y an to\u00e0n, \u1ed5n \u0111\u1ecbnh t\u00e2m l\u00fd v\u00e0 \u0111\u1ed1i m\u1eb7t v\u1edbi kh\u1ee7ng ho\u1ea3ng b\u1eb1ng s\u1ef1 d\u0169ng c\u1ea3m, v\u1eefng v\u00e0ng.<\/p>\n<h3><b>2.2. Tr\u1ea5n Tr\u1ea1ch v\u00e0 H\u00f3a Gi\u1ea3i S\u00e1t Kh\u00ed T\u1ed1i \u01afu<\/b><\/h3>\n<p data-path-to-node=\"29\">\u0110\u00e2y l\u00e0 c\u00f4ng d\u1ee5ng \u0111\u01b0\u1ee3c \u0111\u00e1nh gi\u00e1 cao nh\u1ea5t c\u1ee7a <b>Qu\u1ea3 C\u1ea7u Th\u1ea1ch Anh \u0110en<\/b>. Qu\u1ea3 c\u1ea7u c\u00f3 kh\u1ea3 n\u0103ng t\u1ea1o ra m\u1ed9t &#8220;h\u1ed1 \u0111en n\u0103ng l\u01b0\u1ee3ng&#8221; mini \u0111\u1ec3 h\u00fat v\u00e0 v\u00f4 hi\u1ec7u h\u00f3a n\u0103ng l\u01b0\u1ee3ng x\u1ea5u. N\u00f3 \u0111\u1eb7c bi\u1ec7t h\u1eefu hi\u1ec7u khi \u0111\u1eb7t \u1edf c\u00e1c v\u1ecb tr\u00ed d\u1ec5 b\u1ecb \u1ea3nh h\u01b0\u1edfng b\u1edfi s\u00e1t kh\u00ed nh\u01b0 g\u00f3c nh\u00e0 \u0111\u1ed1i di\u1ec7n c\u1ed9t \u0111i\u1ec7n, b\u1ec7nh vi\u1ec7n ho\u1eb7c ng\u00e3 ba \u0111\u01b0\u1eddng. C\u00f4ng d\u1ee5ng n\u00e0y t\u01b0\u01a1ng t\u1ef1 nh\u01b0 <a class=\"ng-star-inserted\" href=\"https:\/\/daphongthuysoluna.vn\/en\/tru-thach-anh-den-soluna\/\" target=\"_blank\" rel=\"noopener\" data-hveid=\"0\" data-ved=\"0CAAQ_4QMahgKEwixyaCvxZeRAxUAAAAAHQAAAAAQwwQ\">Tr\u1ee5 Th\u1ea1ch Anh \u0110en SOLUNA<\/a>, nh\u01b0ng v\u1edbi kh\u1ea3 n\u0103ng lan t\u1ecfa n\u0103ng l\u01b0\u1ee3ng h\u00e0i h\u00f2a h\u01a1n (v\u00ec l\u00e0 h\u00ecnh c\u1ea7u).<\/p>\n<h3><b>2.3. H\u1ed7 tr\u1ee3 Thi\u1ec1n \u0111\u1ecbnh v\u00e0 T\u1eadp trung cao \u0111\u1ed9<\/b><\/h3>\n<p data-path-to-node=\"31\">\u0110\u1eb7t <b>Qu\u1ea3 C\u1ea7u Th\u1ea1ch Anh \u0110en<\/b> trong ph\u00f2ng thi\u1ec1n ho\u1eb7c g\u1ea7n n\u01a1i l\u00e0m vi\u1ec7c gi\u00fap ch\u1eb7n \u0111\u1ee9ng s\u1ef1 nhi\u1ec5u lo\u1ea1n t\u1eeb b\u00ean ngo\u00e0i, t\u1ea1o ra kh\u00f4ng gian t\u0129nh l\u1eb7ng, h\u1ed7 tr\u1ee3 t\u0103ng c\u01b0\u1eddng s\u1ef1 t\u1eadp trung v\u00e0 tr\u1ef1c gi\u00e1c.<\/p>\n<h3><\/h3>\n<h2><b>III. C\u00e1ch \u0110\u1eb7t Qu\u1ea3 C\u1ea7u Th\u1ea1ch Anh \u0110en T\u1ed1i \u01afu Hi\u1ec7u Qu\u1ea3 B\u1ea3o V\u1ec7<\/b><\/h2>\n<p data-path-to-node=\"34\">N\u1eafm v\u1eefng <b>C\u00e1ch \u0110\u1eb7t Qu\u1ea3 C\u1ea7u Th\u1ea1ch Anh \u0110en<\/b> l\u00e0 ch\u00eca kh\u00f3a \u0111\u1ec3 khai th\u00e1c s\u1ee9c m\u1ea1nh c\u1ee7a n\u00f3. Tham kh\u1ea3o th\u00eam nguy\u00ean t\u1eafc b\u1ed1 tr\u00ed chi ti\u1ebft t\u1ea1i <a class=\"ng-star-inserted\" href=\"https:\/\/daphongthuysoluna.vn\/en\/kien-thuc-phong-thuy\/\" target=\"_blank\" rel=\"noopener\" data-hveid=\"0\" data-ved=\"0CAAQ_4QMahgKEwixyaCvxZeRAxUAAAAAHQAAAAAQxAQ\">Ki\u1ebfn Th\u1ee9c Phong Th\u1ee7y<\/a>.<\/p>\n<h3><b>3.1. \u0110\u1eb7t t\u1ea1i C\u1eeda Ra V\u00e0o v\u00e0 L\u1ed1i \u0110i (L\u1eadp R\u00e0o Ch\u1eafn S\u00e1t Kh\u00ed)<\/b><\/h3>\n<ul data-path-to-node=\"36\">\n<li>\n<p data-path-to-node=\"36,0,0\"><b>V\u1ecb tr\u00ed T\u1ed1t nh\u1ea5t:<\/b> G\u00f3c khu\u1ea5t \u0111\u1ed1i di\u1ec7n c\u1eeda ch\u00ednh (kh\u00f4ng \u0111\u1ed1i di\u1ec7n th\u1eb3ng), ho\u1eb7c \u1edf h\u00e0nh lang d\u00e0i d\u1eabn v\u00e0o nh\u00e0.<\/p>\n<\/li>\n<li>\n<p data-path-to-node=\"36,1,0\"><b>M\u1ee5c \u0111\u00edch:<\/b> H\u00fat v\u00e0 chuy\u1ec3n h\u00f3a c\u00e1c t\u1ea1p kh\u00ed ngay khi ch\u00fang v\u1eeba x\u00e2m nh\u1eadp.<\/p>\n<\/li>\n<\/ul>\n<h3><b>3.2. \u0110\u1eb7t t\u1ea1i B\u00e0n L\u00e0m Vi\u1ec7c (\u1ed4n \u0111\u1ecbnh tinh th\u1ea7n, ch\u1ed1ng nhi\u1ec5u)<\/b><\/h3>\n<ul data-path-to-node=\"38\">\n<li>\n<p data-path-to-node=\"38,0,0\"><b>V\u1ecb tr\u00ed T\u1ed1t nh\u1ea5t:<\/b> G\u00f3c ph\u1ea3i (v\u1ecb tr\u00ed B\u1ea1ch H\u1ed5) ho\u1eb7c g\u1ea7n m\u00e1y t\u00ednh.<\/p>\n<\/li>\n<li>\n<p data-path-to-node=\"38,1,0\"><b>M\u1ee5c \u0111\u00edch:<\/b> H\u00fat b\u1ee9c x\u1ea1 \u0111i\u1ec7n t\u1eeb v\u00e0 gi\u1eef cho tinh th\u1ea7n b\u1ea1n t\u1ec9nh t\u00e1o, ch\u1ed1ng l\u1ea1i s\u1ef1 ph\u00e2n t\u00e2m trong c\u00f4ng vi\u1ec7c.<\/p>\n<\/li>\n<\/ul>\n<h3><b>3.3. C\u00e1c V\u1ecb Tr\u00ed C\u1ea5m K\u1ef5 C\u1ea7n Tuy\u1ec7t \u0110\u1ed1i Tr\u00e1nh<\/b><\/h3>\n<p>&nbsp;<\/p>\n<ul data-path-to-node=\"40\">\n<li>\n<p data-path-to-node=\"40,0,0\"><b>Tr\u00ean \u0111\u1ea7u gi\u01b0\u1eddng ng\u1ee7:<\/b> N\u0103ng l\u01b0\u1ee3ng tr\u1ea5n tr\u1ea1ch qu\u00e1 m\u1ea1nh c\u00f3 th\u1ec3 g\u00e2y kh\u00f3 ng\u1ee7. N\u1ebfu mu\u1ed1n d\u00f9ng trong ph\u00f2ng ng\u1ee7, n\u00ean ch\u1ecdn c\u00e1c lo\u1ea1i \u0111\u00e1 d\u1ecbu nh\u1eb9 h\u01a1n nh\u01b0 <a class=\"ng-star-inserted\" href=\"https:\/\/daphongthuysoluna.vn\/en\/vong-tay-thach-anh-trang-soluna\/\" target=\"_blank\" rel=\"noopener\" data-hveid=\"0\" data-ved=\"0CAAQ_4QMahgKEwixyaCvxZeRAxUAAAAAHQAAAAAQxQQ\">V\u00f2ng Tay Th\u1ea1ch Anh Tr\u1eafng SOLUNA<\/a>.<\/p>\n<\/li>\n<li>\n<p data-path-to-node=\"40,1,0\"><b>S\u00e0n nh\u00e0 ho\u1eb7c n\u01a1i \u1ea9m \u01b0\u1edbt:<\/b> D\u1ec5 khi\u1ebfn qu\u1ea3 c\u1ea7u nhi\u1ec5m u\u1ebf kh\u00ed n\u1eb7ng.<\/p>\n<\/li>\n<\/ul>\n<h3><\/h3>\n<h2><b>IV. Qu\u1ea3 C\u1ea7u Th\u1ea1ch Anh \u0110en H\u1ee3p M\u1ec7nh G\u00ec?<\/b><\/h2>\n<p data-path-to-node=\"43\">M\u00e0u \u0111en trong phong th\u1ee7y \u0111\u1ea1i di\u1ec7n cho h\u00e0nh <b>Th\u1ee7y<\/b> (N\u01b0\u1edbc) v\u00e0 <b>M\u1ed9c<\/b> (N\u01b0\u1edbc nu\u00f4i d\u01b0\u1ee1ng M\u1ed9c). Do \u0111\u00f3, <b>Qu\u1ea3 C\u1ea7u Th\u1ea1ch Anh \u0110en<\/b> l\u00e0 v\u1eadt ph\u1ea9m l\u00fd t\u01b0\u1edfng cho:<\/p>\n<ul data-path-to-node=\"44\">\n<li>\n<p data-path-to-node=\"44,0,0\"><b>M\u1ec7nh TH\u1ee6Y (T\u01b0\u01a1ng H\u1ee3p):<\/b> Gi\u00fap ng\u01b0\u1eddi m\u1ec7nh Th\u1ee7y t\u0103ng c\u01b0\u1eddng s\u1ef1 th\u00f4ng minh, uy quy\u1ec1n v\u00e0 chi\u00eau t\u00e0i l\u1ed9c.<\/p>\n<\/li>\n<li>\n<p data-path-to-node=\"44,1,0\"><b>M\u1ec7nh M\u1ed8C (T\u01b0\u01a1ng Sinh):<\/b> Th\u1ee7y sinh M\u1ed9c, t\u1ea1o ra ngu\u1ed3n n\u0103ng l\u01b0\u1ee3ng h\u1ed7 tr\u1ee3 m\u1ea1nh m\u1ebd cho s\u1ef1 ph\u00e1t tri\u1ec3n, sinh s\u00f4i v\u00e0 th\u0103ng ti\u1ebfn s\u1ef1 nghi\u1ec7p c\u1ee7a ng\u01b0\u1eddi m\u1ec7nh M\u1ed9c.<\/p>\n<\/li>\n<\/ul>\n<p data-path-to-node=\"45\">Xem h\u01b0\u1edbng d\u1eabn chi ti\u1ebft v\u1ec1 m\u1ec7nh c\u1ee7a b\u1ea1n t\u1ea1i <a class=\"ng-star-inserted\" href=\"https:\/\/daphongthuysoluna.vn\/en\/vong-da-phong-thuy-theo-menh\/\" target=\"_blank\" rel=\"noopener\" data-hveid=\"0\" data-ved=\"0CAAQ_4QMahgKEwixyaCvxZeRAxUAAAAAHQAAAAAQxgQ\">V\u00f2ng \u0110\u00e1 Phong Th\u1ee7y Theo M\u1ec7nh<\/a>.<\/p>\n<h3><\/h3>\n<h2><b>V. Cam K\u1ebft Ch\u1ea5t L\u01b0\u1ee3ng SOLUNA v\u00e0 H\u01b0\u1edbng D\u1eabn B\u1ea3o Qu\u1ea3n<\/b><\/h2>\n<p data-path-to-node=\"48\">SOLUNA cam k\u1ebft cung c\u1ea5p <b>Qu\u1ea3 C\u1ea7u Th\u1ea1ch Anh \u0110en<\/b> t\u1ef1 nhi\u00ean 100%, c\u00f3 \u0111\u1ed9 \u0111en tuy\u1ec1n v\u00e0 \u0111\u1ed9 tinh khi\u1ebft cao nh\u1ea5t.<\/p>\n<p data-path-to-node=\"49\">\u0110\u1ec3 vi\u00ean \u0111\u00e1 lu\u00f4n duy tr\u00ec kh\u1ea3 n\u0103ng h\u1ea5p th\u1ee5, b\u1ea1n c\u1ea7n thanh t\u1ea9y \u0111\u1ecbnh k\u1ef3.<\/p>\n<ul data-path-to-node=\"50\">\n<li>\n<p data-path-to-node=\"50,0,0\"><b>Thanh T\u1ea9y:<\/b> \u0110\u1ecbnh k\u1ef3 \u0111\u1eb7t qu\u1ea3 c\u1ea7u d\u01b0\u1edbi \u00e1nh tr\u0103ng r\u1eb1m ho\u1eb7c d\u00f9ng ph\u01b0\u01a1ng ph\u00e1p mu\u1ed1i bi\u1ec3n kh\u00f4. Tham kh\u1ea3o chi ti\u1ebft t\u1ea1i <a class=\"ng-star-inserted\" href=\"https:\/\/daphongthuysoluna.vn\/en\/ve-sinh-da-thach-anh\/\" target=\"_blank\" rel=\"noopener\" data-hveid=\"0\" data-ved=\"0CAAQ_4QMahgKEwixyaCvxZeRAxUAAAAAHQAAAAAQxwQ\">V\u1ec7 Sinh \u0110\u00e1 Th\u1ea1ch Anh<\/a>.<\/p>\n<\/li>\n<li>\n<p data-path-to-node=\"50,1,0\"><b>B\u1ea3o Qu\u1ea3n:<\/b> Tr\u00e1nh va \u0111\u1eadp v\u00e0 ti\u1ebfp x\u00fac h\u00f3a ch\u1ea5t. Xem th\u00eam c\u00e1c ki\u00eang k\u1ef5 kh\u00e1c t\u1ea1i <a class=\"ng-star-inserted\" href=\"https:\/\/daphongthuysoluna.vn\/en\/meo-phong-thuy-luu-y-khi-mang-da-phong-thuy\/\" target=\"_blank\" rel=\"noopener\" data-hveid=\"0\" data-ved=\"0CAAQ_4QMahgKEwixyaCvxZeRAxUAAAAAHQAAAAAQyAQ\">M\u1eb9o Phong Th\u1ee7y L\u01b0u \u00dd Khi Mang \u0110\u00e1 Phong Th\u1ee7y<\/a>.<\/p>\n<\/li>\n<\/ul>\n<p data-path-to-node=\"52\"><em>\u0110\u1eebng \u0111\u1ec3 n\u0103ng l\u01b0\u1ee3ng ti\u00eau c\u1ef1c ki\u1ec3m so\u00e1t kh\u00f4ng gian v\u00e0 t\u00e2m tr\u00ed b\u1ea1n! <b>Qu\u1ea3 C\u1ea7u Th\u1ea1ch Anh \u0110en<\/b> l\u00e0 l\u00e1 ch\u1eafn c\u1ea7n thi\u1ebft \u0111\u1ec3 thi\u1ebft l\u1eadp l\u1ea1i s\u1ef1 \u1ed5n \u0111\u1ecbnh v\u00e0 an to\u00e0n.<\/em><\/p>\n<p data-path-to-node=\"53\"><em><b>S\u1edf h\u1eefu ngay Qu\u1ea3 C\u1ea7u Th\u1ea1ch Anh \u0110en SOLUNA \u0111\u1ec3 thi\u1ebft l\u1eadp l\u00e1 ch\u1eafn b\u1ea3o v\u1ec7, h\u00f3a gi\u1ea3i s\u00e1t kh\u00ed v\u00e0 t\u1eadn h\u01b0\u1edfng kh\u00f4ng gian s\u1ed1ng thu\u1ea7n khi\u1ebft, an l\u00e0nh!<\/b><\/em><\/p>","protected":false},"excerpt":{"rendered":"<div><strong>Ch\u1ea5t li\u1ec7u v\u00e0 ho\u00e0n thi\u1ec7n:<\/strong> t\u1ef1 nhi\u00ean 100%. M\u00e0u \u0111en tuy\u1ec1n, \u0111\u1ed9 c\u1ee9ng cao (7 Mohs). Ho\u00e0n thi\u1ec7n d\u1ea1ng Qu\u1ea3 C\u1ea7u (tr\u00f2n \u0111\u1ea7y) t\u01b0\u1ee3ng tr\u01b0ng cho s\u1ef1 \u1ed5n \u0111\u1ecbnh v\u00e0 h\u00e0i h\u00f2a n\u0103ng l\u01b0\u1ee3ng.<\/div>\n<div><\/div>\n<div><strong>K\u00edch th\u01b0\u1edbc:<\/strong> \u0110a d\u1ea1ng k\u00edch th\u01b0\u1edbc<\/div>\n<div><\/div>\n<div><strong>\u00dd ngh\u0129a:<\/strong> h\u1ea5p th\u1ee5, chuy\u1ec3n h\u00f3a n\u0103ng l\u01b0\u1ee3ng ti\u00eau c\u1ef1c, s\u00e1t kh\u00ed, v\u00e0 b\u1ee9c x\u1ea1 \u0111i\u1ec7n t\u1eeb. C\u00e2n b\u1eb1ng &amp; \u1ed4n \u0111\u1ecbnh: T\u00e1c \u0111\u1ed9ng l\u00ean Lu\u00e2n Xa G\u1ed1c, gi\u00fap tinh th\u1ea7n v\u1eefng v\u00e0ng, t\u0103ng d\u0169ng kh\u00ed v\u00e0 t\u1eadp trung. Phong th\u1ee7y: H\u1ee3p M\u1ec7nh Th\u1ee7y (T\u01b0\u01a1ng H\u1ee3p) v\u00e0 M\u1ec7nh M\u1ed9c (T\u01b0\u01a1ng Sinh).<\/div>\n<div><\/div>\n<div><strong>C\u00e1ch s\u1eed d\u1ee5ng: <\/strong>\u0111\u1eb7t t\u1ea1i C\u1eeda Ra V\u00e0o ho\u1eb7c L\u1ed1i \u0110i \u0111\u1ec3 l\u1eadp r\u00e0o ch\u1eafn, ng\u0103n ch\u1eb7n t\u1ea1p kh\u00ed x\u00e2m nh\u1eadp. \u1ed4n \u0111\u1ecbnh tinh th\u1ea7n: \u0110\u1eb7t tr\u00ean B\u00e0n L\u00e0m Vi\u1ec7c \u0111\u1ec3 ch\u1ed1ng nhi\u1ec5u lo\u1ea1n v\u00e0 h\u1ed7 tr\u1ee3 t\u1eadp trung thi\u1ec1n \u0111\u1ecbnh.<\/div>","protected":false},"featured_media":1470,"comment_status":"open","ping_status":"closed","template":"","meta":{"_acf_changed":false},"product_brand":[],"product_cat":[56,100],"product_tag":[],"class_list":{"0":"post-1025","1":"product","2":"type-product","3":"status-publish","4":"has-post-thumbnail","6":"product_cat-qua-cau-thach-anh","7":"product_cat-menh-thuy","9":"first","10":"instock","11":"shipping-taxable","12":"product-type-simple"},"acf":[],"_links":{"self":[{"href":"https:\/\/daphongthuysoluna.vn\/en\/wp-json\/wp\/v2\/product\/1025","targetHints":{"allow":["GET"]}}],"collection":[{"href":"https:\/\/daphongthuysoluna.vn\/en\/wp-json\/wp\/v2\/product"}],"about":[{"href":"https:\/\/daphongthuysoluna.vn\/en\/wp-json\/wp\/v2\/types\/product"}],"replies":[{"embeddable":true,"href":"https:\/\/daphongthuysoluna.vn\/en\/wp-json\/wp\/v2\/comments?post=1025"}],"wp:featuredmedia":[{"embeddable":true,"href":"https:\/\/daphongthuysoluna.vn\/en\/wp-json\/wp\/v2\/media\/1470"}],"wp:attachment":[{"href":"https:\/\/daphongthuysoluna.vn\/en\/wp-json\/wp\/v2\/media?parent=1025"}],"wp:term":[{"taxonomy":"product_brand","embeddable":true,"href":"https:\/\/daphongthuysoluna.vn\/en\/wp-json\/wp\/v2\/product_brand?post=1025"},{"taxonomy":"product_cat","embeddable":true,"href":"https:\/\/daphongthuysoluna.vn\/en\/wp-json\/wp\/v2\/product_cat?post=1025"},{"taxonomy":"product_tag","embeddable":true,"href":"https:\/\/daphongthuysoluna.vn\/en\/wp-json\/wp\/v2\/product_tag?post=1025"}],"curies":[{"name":"wp","href":"https:\/\/api.w.org\/{rel}","templated":true}]}}