{"id":1029,"date":"2025-12-01T03:31:44","date_gmt":"2025-11-30T20:31:44","guid":{"rendered":"https:\/\/daphongthuysoluna.vn\/?post_type=product&#038;p=1029"},"modified":"2025-12-19T00:13:38","modified_gmt":"2025-12-18T17:13:38","slug":"qua-cau-thach-anh-trang","status":"publish","type":"product","link":"https:\/\/daphongthuysoluna.vn\/en\/product\/qua-cau-thach-anh-trang\/","title":{"rendered":"Qu\u1ea3 C\u1ea7u Th\u1ea1ch Anh Tr\u1eafng"},"content":{"rendered":"<h1 data-path-to-node=\"11\"><b>Vi\u00ean Ng\u1ecdc Tr\u00ed Tu\u1ec7: Qu\u1ea3 C\u1ea7u Th\u1ea1ch Anh Tr\u1eafng SOLUNA \u2013 B\u1eadc Th\u1ea7y Thanh T\u1ea9y v\u00e0 Khai M\u1edf Lu\u00e2n Xa V\u01b0\u01a1ng Mi\u1ec7n<\/b><\/h1>\n<h2>L\u1eddi M\u1edf \u0110\u1ea7u \u0110\u1ed9t Ph\u00e1: Ch\u00eca Kh\u00f3a Khai S\u00e1ng Tr\u00ed Tu\u1ec7<\/h2>\n<p data-path-to-node=\"13\">Trong th\u1ebf gi\u1edbi hi\u1ec7n \u0111\u1ea1i \u0111\u1ea7y nhi\u1ec5u \u0111\u1ed9ng, \u0111i\u1ec1u qu\u00fd gi\u00e1 nh\u1ea5t kh\u00f4ng ph\u1ea3i l\u00e0 ti\u1ec1n b\u1ea1c, m\u00e0 l\u00e0 <b>S\u1ef1 Minh M\u1eabn<\/b> v\u00e0 <b>Tr\u1ef1c Gi\u00e1c<\/b> s\u1eafc b\u00e9n. <b>Qu\u1ea3 C\u1ea7u Th\u1ea1ch Anh Tr\u1eafng<\/b> \u0111\u01b0\u1ee3c xem l\u00e0 vi\u00ean \u0111\u00e1 thu\u1ea7n khi\u1ebft nh\u1ea5t, l\u00e0 &#8220;B\u1eadc Th\u1ea7y Ch\u1eefa L\u00e0nh&#8221; c\u00f3 kh\u1ea3 n\u0103ng k\u1ebft n\u1ed1i b\u1ea1n v\u1edbi ti\u1ec1m n\u0103ng v\u00f4 h\u1ea1n c\u1ee7a tr\u00ed tu\u1ec7.<\/p>\n<p data-path-to-node=\"14\">Mang s\u1eafc tr\u1eafng tinh kh\u00f4i c\u1ee7a \u00e1nh s\u00e1ng t\u1ed5ng h\u00f2a, <b>Qu\u1ea3 C\u1ea7u Th\u1ea1ch Anh Tr\u1eafng<\/b> kh\u00f4ng ch\u1ec9 \u0111\u01a1n thu\u1ea7n l\u00e0 v\u1eadt ph\u1ea9m trang tr\u00ed, m\u00e0 l\u00e0 c\u00f4ng c\u1ee5 thanh l\u1ecdc n\u0103ng l\u01b0\u1ee3ng t\u1ed1i \u01b0u v\u00e0 l\u00e0 <b>ch\u00eca kh\u00f3a khai m\u1edf Lu\u00e2n Xa V\u01b0\u01a1ng Mi\u1ec7n<\/b> (Crown Chakra). N\u1ebfu b\u1ea1n \u0111ang t\u00ecm ki\u1ebfm s\u1ef1 t\u0129nh t\u00e2m, n\u0103ng l\u01b0\u1ee3ng s\u00e1ng t\u1ea1o kh\u00f4ng gi\u1edbi h\u1ea1n v\u00e0 m\u1ed9t kh\u00f4ng gian s\u1ed1ng ho\u00e0n to\u00e0n t\u00edch c\u1ef1c, h\u00e3y c\u00f9ng SOLUNA kh\u00e1m ph\u00e1 <b>c\u00e1ch \u0111\u1eb7t Qu\u1ea3 C\u1ea7u Th\u1ea1ch Anh Tr\u1eafng<\/b> \u0111\u1ec3 bi\u1ebfn ng\u00f4i nh\u00e0 b\u1ea1n th\u00e0nh th\u00e1nh \u0111\u01b0\u1eddng c\u1ee7a n\u0103ng l\u01b0\u1ee3ng.<\/p>\n<h3><\/h3>\n<h2><b>I. Qu\u1ea3 C\u1ea7u Th\u1ea1ch Anh Tr\u1eafng: Gi\u1ea3i M\u00e3 &#8220;Vi\u00ean \u0110\u00e1 Tinh Khi\u1ebft&#8221;<\/b><\/h2>\n<h3><b>1.1. Th\u1ea1ch Anh Tr\u1eafng l\u00e0 g\u00ec? N\u0103ng l\u01b0\u1ee3ng dao \u0111\u1ed9ng Piezoelectric<\/b><\/h3>\n<p data-path-to-node=\"18\"><b>Qu\u1ea3 C\u1ea7u Th\u1ea1ch Anh Tr\u1eafng<\/b> \u0111\u01b0\u1ee3c ch\u1ebf t\u00e1c t\u1eeb Clear Quartz (Th\u1ea1ch Anh pha l\u00ea), l\u00e0 d\u1ea1ng tinh khi\u1ebft nh\u1ea5t c\u1ee7a h\u1ecd Quartz. V\u1ec1 m\u1eb7t khoa h\u1ecdc, \u0111\u00e1 Th\u1ea1ch Anh Tr\u1eafng n\u1ed5i ti\u1ebfng v\u1edbi <b>Hi\u1ec7u \u1ee9ng Piezoelectric<\/b>: kh\u1ea3 n\u0103ng t\u1ea1o ra \u0111i\u1ec7n t\u00edch khi ch\u1ecbu \u00e1p l\u1ef1c c\u01a1 h\u1ecdc. Ch\u00ednh c\u1ea5u tr\u00fac tinh th\u1ec3 ho\u00e0n h\u1ea3o n\u00e0y t\u1ea1o ra m\u1ed9t t\u1ea7n s\u1ed1 dao \u0111\u1ed9ng n\u0103ng l\u01b0\u1ee3ng m\u1ea1nh m\u1ebd v\u00e0 \u1ed5n \u0111\u1ecbnh, l\u00fd gi\u1ea3i v\u00ec sao n\u00f3 \u0111\u01b0\u1ee3c s\u1eed d\u1ee5ng r\u1ed9ng r\u00e3i trong c\u00f4ng ngh\u1ec7 v\u00e0 phong th\u1ee7y.<\/p>\n<h3><b>1.2. M\u00e0u tr\u1eafng: \u0110\u1ea1i di\u1ec7n cho \u00c1nh s\u00e1ng, S\u1ef1 To\u00e0n h\u1ea3o v\u00e0 T\u1ed5ng h\u00f2a<\/b><\/h3>\n<p data-path-to-node=\"20\">M\u00e0u tr\u1eafng l\u00e0 m\u00e0u t\u1ed5ng h\u1ee3p c\u1ee7a m\u1ecdi \u00e1nh s\u00e1ng, do \u0111\u00f3, <b>Qu\u1ea3 C\u1ea7u Th\u1ea1ch Anh Tr\u1eafng<\/b> \u0111\u01b0\u1ee3c xem l\u00e0 vi\u00ean \u0111\u00e1 \u0111\u1ea1i di\u1ec7n cho s\u1ef1 to\u00e0n h\u1ea3o, thu\u1ea7n khi\u1ebft. N\u00f3 c\u00f3 kh\u1ea3 n\u0103ng ho\u1ea1t \u0111\u1ed9ng tr\u00ean m\u1ecdi lu\u00e2n xa, m\u1eb7c d\u00f9 t\u00e1c \u0111\u1ed9ng m\u1ea1nh nh\u1ea5t l\u00ean <b>Lu\u00e2n Xa V\u01b0\u01a1ng Mi\u1ec7n<\/b> (k\u1ebft n\u1ed1i t\u00e2m linh v\u00e0 tr\u00ed tu\u1ec7). \u0110i\u1ec1u n\u00e0y gi\u00fap vi\u00ean \u0111\u00e1 tr\u1edf th\u00e0nh &#8220;Master Healer&#8221; (B\u1eadc Th\u1ea7y Ch\u1eefa L\u00e0nh), c\u00f3 kh\u1ea3 n\u0103ng khu\u1ebfch \u0111\u1ea1i n\u0103ng l\u01b0\u1ee3ng v\u00e0 \u00fd \u0111\u1ecbnh c\u1ee7a ng\u01b0\u1eddi s\u1edf h\u1eefu.<\/p>\n<h3><\/h3>\n<h3><b>II. C\u00f4ng D\u1ee5ng T\u1ed1i \u01afu: Tr\u00ed Tu\u1ec7, Thanh T\u1ea9y v\u00e0 N\u0103ng L\u01b0\u1ee3ng S\u1ed1ng<\/b><\/h3>\n<h3><b>2.1. Thanh t\u1ea9y S\u00e1t Kh\u00ed v\u00e0 S\u1ea1c l\u1ea1i N\u0103ng l\u01b0\u1ee3ng cho c\u00e1c \u0111\u00e1 kh\u00e1c<\/b><\/h3>\n<p data-path-to-node=\"24\"><b>Qu\u1ea3 C\u1ea7u Th\u1ea1ch Anh Tr\u1eafng<\/b> ho\u1ea1t \u0111\u1ed9ng nh\u01b0 m\u1ed9t m\u00e1y l\u1ecdc kh\u00f4ng kh\u00ed n\u0103ng l\u01b0\u1ee3ng. N\u00f3 h\u1ea5p th\u1ee5 v\u00e0 trung h\u00f2a c\u00e1c t\u1ea1p kh\u00ed, \u0111\u1ed3ng th\u1eddi ph\u00e1t ra n\u0103ng l\u01b0\u1ee3ng t\u00edch c\u1ef1c thu\u1ea7n khi\u1ebft \u0111\u1ec3 thanh t\u1ea9y m\u00f4i tr\u01b0\u1eddng xung quanh. \u0110\u00e2y l\u00e0 vi\u00ean \u0111\u00e1 duy nh\u1ea5t c\u00f3 kh\u1ea3 n\u0103ng <b>S\u1ea1c l\u1ea1i n\u0103ng l\u01b0\u1ee3ng<\/b> cho c\u00e1c lo\u1ea1i \u0111\u00e1 phong th\u1ee7y kh\u00e1c c\u1ee7a b\u1ea1n (nh\u01b0 <a class=\"ng-star-inserted\" href=\"https:\/\/daphongthuysoluna.vn\/en\/vong-tay-thach-anh-trang-soluna\/\" target=\"_blank\" rel=\"noopener\" data-hveid=\"0\" data-ved=\"0CAAQ_4QMahgKEwixyaCvxZeRAxUAAAAAHQAAAAAQkwU\">V\u00f2ng Tay Th\u1ea1ch Anh Tr\u1eafng SOLUNA<\/a> ho\u1eb7c c\u00e1c v\u1eadt ph\u1ea9m kh\u00e1c).<\/p>\n<h3><b>2.2. Khai m\u1edf Tr\u00ed tu\u1ec7 v\u00e0 T\u0103ng c\u01b0\u1eddng Tr\u1ef1c gi\u00e1c (Lu\u00e2n Xa V\u01b0\u01a1ng Mi\u1ec7n)<\/b><\/h3>\n<p data-path-to-node=\"26\">\u0110\u1ed1i v\u1edbi h\u1ecdc sinh, sinh vi\u00ean ho\u1eb7c nh\u1eefng ng\u01b0\u1eddi l\u00e0m trong l\u0129nh v\u1ef1c c\u1ea7n s\u1ef1 s\u00e1ng t\u1ea1o, <b>Qu\u1ea3 C\u1ea7u Th\u1ea1ch Anh Tr\u1eafng<\/b> l\u00e0 v\u1eadt ph\u1ea9m h\u1ed7 tr\u1ee3 tuy\u1ec7t v\u1eddi. N\u0103ng l\u01b0\u1ee3ng c\u1ee7a n\u00f3 k\u00edch th\u00edch <b>Lu\u00e2n Xa V\u01b0\u01a1ng Mi\u1ec7n<\/b>, gi\u00fap b\u1ea1n k\u1ebft n\u1ed1i v\u1edbi tr\u1ef1c gi\u00e1c, t\u0103ng c\u01b0\u1eddng tr\u00ed nh\u1edb, s\u1ef1 t\u1eadp trung v\u00e0 kh\u1ea3 n\u0103ng ph\u00e2n t\u00edch v\u1ea5n \u0111\u1ec1.<\/p>\n<h3><b>2.3. H\u1ed7 tr\u1ee3 s\u1ef1 nghi\u1ec7p H\u1ecdc t\u1eadp, S\u00e1ng t\u1ea1o v\u00e0 T\u0129nh t\u00e2m<\/b><\/h3>\n<p data-path-to-node=\"28\">Vi\u00ean \u0111\u00e1 mang l\u1ea1i s\u1ef1 t\u0129nh t\u00e2m s\u00e2u s\u1eafc, gi\u00fap gi\u1ea3m c\u0103ng th\u1eb3ng v\u00e0 lo\u1ea1i b\u1ecf nh\u1eefng suy ngh\u0129 ti\u00eau c\u1ef1c, t\u1eeb \u0111\u00f3 t\u1ea1o \u0111i\u1ec1u ki\u1ec7n cho s\u1ef1 s\u00e1ng t\u1ea1o v\u00e0 h\u1ecdc t\u1eadp kh\u00f4ng b\u1ecb gi\u00e1n \u0111o\u1ea1n.<\/p>\n<h3><b>III. C\u00e1ch \u0110\u1eb7t Qu\u1ea3 C\u1ea7u Th\u1ea1ch Anh Tr\u1eafng T\u1ed1i \u01afu Tr\u01b0\u1eddng N\u0103ng L\u01b0\u1ee3ng<\/b><\/h3>\n<p data-path-to-node=\"31\">N\u1eafm v\u1eefng <b>C\u00e1ch \u0110\u1eb7t Qu\u1ea3 C\u1ea7u Th\u1ea1ch Anh Tr\u1eafng<\/b> gi\u00fap b\u1ea1n t\u1ed1i \u01b0u h\u00f3a c\u00f4ng d\u1ee5ng c\u1ee7a n\u00f3. Tham kh\u1ea3o th\u00eam nguy\u00ean t\u1eafc b\u1ed1 tr\u00ed chi ti\u1ebft t\u1ea1i <a class=\"ng-star-inserted\" href=\"https:\/\/daphongthuysoluna.vn\/en\/kien-thuc-phong-thuy\/\" target=\"_blank\" rel=\"noopener\" data-hveid=\"0\" data-ved=\"0CAAQ_4QMahgKEwixyaCvxZeRAxUAAAAAHQAAAAAQlAU\">Ki\u1ebfn Th\u1ee9c Phong Th\u1ee7y<\/a>.<\/p>\n<h3><b>3.1. V\u1ecb tr\u00ed \u0110\u1eafc \u0110\u1ecba: Ph\u00f2ng H\u1ecdc\/B\u00e0n S\u00e1ng T\u1ea1o (K\u00edch ho\u1ea1t Tr\u00ed tu\u1ec7)<\/b><\/h3>\n<ul data-path-to-node=\"33\">\n<li>\n<p data-path-to-node=\"33,0,0\"><b>V\u1ecb tr\u00ed T\u1ed1t nh\u1ea5t:<\/b> Trung t\u00e2m b\u00e0n h\u1ecdc, ho\u1eb7c g\u00f3c \u0110\u00f4ng B\u1eafc (h\u1ed7 tr\u1ee3 h\u1ecdc v\u1ea5n) c\u1ee7a ph\u00f2ng.<\/p>\n<\/li>\n<li>\n<p data-path-to-node=\"33,1,0\"><b>M\u1ee5c \u0111\u00edch:<\/b> T\u1ea1o ra m\u1ed9t tr\u01b0\u1eddng n\u0103ng l\u01b0\u1ee3ng s\u1ea1ch, gi\u00fap t\u00e2m tr\u00ed t\u1eadp trung cao \u0111\u1ed9 v\u00e0 h\u1ea5p th\u1ee5 ki\u1ebfn th\u1ee9c hi\u1ec7u qu\u1ea3 nh\u1ea5t.<\/p>\n<\/li>\n<\/ul>\n<h3><b>3.2. \u0110\u1eb7t t\u1ea1i Khu v\u1ef1c Trung t\u00e2m (Thanh l\u1ecdc v\u00e0 Lan t\u1ecfa n\u0103ng l\u01b0\u1ee3ng t\u00edch c\u1ef1c)<\/b><\/h3>\n<ul data-path-to-node=\"35\">\n<li>\n<p data-path-to-node=\"35,0,0\"><b>V\u1ecb tr\u00ed T\u1ed1t nh\u1ea5t:<\/b> Ph\u00f2ng Kh\u00e1ch (trung t\u00e2m nh\u00e0) ho\u1eb7c h\u00e0nh lang.<\/p>\n<\/li>\n<li>\n<p data-path-to-node=\"35,1,0\"><b>M\u1ee5c \u0111\u00edch:<\/b> Duy tr\u00ec s\u1ef1 c\u00e2n b\u1eb1ng v\u00e0 lan t\u1ecfa n\u0103ng l\u01b0\u1ee3ng t\u00edch c\u1ef1c, xua tan c\u1ea3m gi\u00e1c n\u1eb7ng n\u1ec1 trong kh\u00f4ng gian chung. B\u1ea1n c\u00f3 th\u1ec3 s\u1eed d\u1ee5ng c\u00e1c v\u1eadt ph\u1ea9m l\u1edbn nh\u01b0 <a class=\"ng-star-inserted\" href=\"https:\/\/daphongthuysoluna.vn\/en\/tru-thach-anh-trang\/\" target=\"_blank\" rel=\"noopener\" data-hveid=\"0\" data-ved=\"0CAAQ_4QMahgKEwixyaCvxZeRAxUAAAAAHQAAAAAQlQU\">Tr\u1ee5 Th\u1ea1ch Anh Tr\u1eafng<\/a> \u0111\u1ec3 t\u0103ng c\u01b0\u1eddng hi\u1ec7u qu\u1ea3.<\/p>\n<\/li>\n<\/ul>\n<h3><b>3.3. S\u1eed d\u1ee5ng \u0111\u1ec3 T\u1ea9y U\u1ebf v\u00e0 S\u1ea1c N\u0103ng l\u01b0\u1ee3ng cho V\u1eadt ph\u1ea9m kh\u00e1c<\/b><\/h3>\n<p data-path-to-node=\"37\">\u0110\u1eb7t c\u00e1c v\u1eadt ph\u1ea9m phong th\u1ee7y kh\u00e1c (v\u00ed d\u1ee5: v\u00f2ng tay) l\u00ean ho\u1eb7c xung quanh <b>Qu\u1ea3 C\u1ea7u Th\u1ea1ch Anh Tr\u1eafng<\/b> qua \u0111\u00eam \u0111\u1ec3 t\u00e1i n\u1ea1p n\u0103ng l\u01b0\u1ee3ng cho ch\u00fang. \u0110\u00e2y l\u00e0 ph\u01b0\u01a1ng ph\u00e1p thanh t\u1ea9y tinh khi\u1ebft v\u00e0 ti\u1ec7n l\u1ee3i nh\u1ea5t.<\/p>\n<h3><\/h3>\n<h3><b>IV. Qu\u1ea3 C\u1ea7u Th\u1ea1ch Anh Tr\u1eafng H\u1ee3p M\u1ec7nh G\u00ec?<\/b><\/h3>\n<p data-path-to-node=\"40\">M\u00e0u tr\u1eafng tinh khi\u1ebft c\u1ee7a <b>Qu\u1ea3 C\u1ea7u Th\u1ea1ch Anh Tr\u1eafng<\/b> \u0111\u1ea1i di\u1ec7n cho h\u00e0nh <b>Kim<\/b> (Kim lo\u1ea1i) v\u00e0 <b>Th\u1ee7y<\/b> (Kim sinh Th\u1ee7y). Do \u0111\u00f3, n\u00f3 l\u00e0 v\u1eadt ph\u1ea9m l\u00fd t\u01b0\u1edfng cho:<\/p>\n<ul data-path-to-node=\"41\">\n<li>\n<p data-path-to-node=\"41,0,0\"><b>M\u1ec7nh KIM (T\u01b0\u01a1ng H\u1ee3p):<\/b> Gi\u00fap ng\u01b0\u1eddi m\u1ec7nh Kim t\u0103ng c\u01b0\u1eddng s\u1ef1 s\u1eafc s\u1ea3o, tr\u1ef1c gi\u00e1c v\u00e0 chi\u00eau t\u00e0i l\u1ed9c.<\/p>\n<\/li>\n<li>\n<p data-path-to-node=\"41,1,0\"><b>M\u1ec7nh TH\u1ee6Y (T\u01b0\u01a1ng Sinh):<\/b> Kim sinh Th\u1ee7y, t\u1ea1o ra ngu\u1ed3n n\u0103ng l\u01b0\u1ee3ng h\u1ed7 tr\u1ee3 m\u1ea1nh m\u1ebd, gi\u00fap ng\u01b0\u1eddi m\u1ec7nh Th\u1ee7y (linh ho\u1ea1t, th\u00f4ng minh) ph\u00e1t tri\u1ec3n s\u1ef1 nghi\u1ec7p v\u00e0 cu\u1ed9c s\u1ed1ng.<\/p>\n<\/li>\n<\/ul>\n<p data-path-to-node=\"42\">Tham kh\u1ea3o <a class=\"ng-star-inserted\" href=\"https:\/\/daphongthuysoluna.vn\/en\/vong-da-phong-thuy-theo-menh\/\" target=\"_blank\" rel=\"noopener\" data-hveid=\"0\" data-ved=\"0CAAQ_4QMahgKEwixyaCvxZeRAxUAAAAAHQAAAAAQlgU\">V\u00f2ng \u0110\u00e1 Phong Th\u1ee7y Theo M\u1ec7nh<\/a> \u0111\u1ec3 c\u00f3 l\u1ef1a ch\u1ecdn ph\u00f9 h\u1ee3p nh\u1ea5t v\u1edbi b\u1ea3n m\u1ec7nh c\u1ee7a b\u1ea1n.<\/p>\n<h3><\/h3>\n<h3><b>V. Cam K\u1ebft Ch\u1ea5t L\u01b0\u1ee3ng SOLUNA v\u00e0 L\u1eddi Khuy\u00ean Chuy\u00ean Gia<\/b><\/h3>\n<p data-path-to-node=\"45\">SOLUNA cam k\u1ebft cung c\u1ea5p <b>Qu\u1ea3 C\u1ea7u Th\u1ea1ch Anh Tr\u1eafng<\/b> c\u00f3 \u0111\u1ed9 trong su\u1ed1t cao, \u00edt t\u1ea1p ch\u1ea5t v\u00e0 n\u1ee9t v\u1ee1, \u0111\u1ea3m b\u1ea3o t\u1ea7n s\u1ed1 dao \u0111\u1ed9ng n\u0103ng l\u01b0\u1ee3ng thu\u1ea7n khi\u1ebft.<\/p>\n<p data-path-to-node=\"46\"><b>B\u00ed quy\u1ebft B\u1ea3o qu\u1ea3n v\u00e0 Thanh t\u1ea9y:<\/b><\/p>\n<ul data-path-to-node=\"47\">\n<li>\n<p data-path-to-node=\"47,0,0\"><b>Thanh T\u1ea9y:<\/b> D\u00f9ng \u00e1nh tr\u0103ng r\u1eb1m, n\u01b0\u1edbc s\u1ea1ch ho\u1eb7c \u0111\u1eb7t c\u1ea1nh c\u00e1c v\u1eadt ph\u1ea9m thanh t\u1ea9y kh\u00e1c. Tham kh\u1ea3o <a class=\"ng-star-inserted\" href=\"https:\/\/daphongthuysoluna.vn\/en\/ve-sinh-da-thach-anh\/\" target=\"_blank\" rel=\"noopener\" data-hveid=\"0\" data-ved=\"0CAAQ_4QMahgKEwixyaCvxZeRAxUAAAAAHQAAAAAQlwU\">V\u1ec7 Sinh \u0110\u00e1 Th\u1ea1ch Anh<\/a>.<\/p>\n<\/li>\n<li>\n<p data-path-to-node=\"47,1,0\"><b>B\u1ea3o Qu\u1ea3n:<\/b> Tr\u00e1nh va \u0111\u1eadp v\u00e0 ti\u1ebfp x\u00fac d\u1ea7u m\u1ee1. Xem th\u00eam c\u00e1c ki\u00eang k\u1ef5 kh\u00e1c t\u1ea1i <a class=\"ng-star-inserted\" href=\"https:\/\/daphongthuysoluna.vn\/en\/meo-phong-thuy-luu-y-khi-mang-da-phong-thuy\/\" target=\"_blank\" rel=\"noopener\" data-hveid=\"0\" data-ved=\"0CAAQ_4QMahgKEwixyaCvxZeRAxUAAAAAHQAAAAAQmAU\">M\u1eb9o Phong Th\u1ee7y L\u01b0u \u00dd Khi Mang \u0110\u00e1 Phong Th\u1ee7y<\/a>.]\n<\/li>\n<\/ul>\n<p>&nbsp;<\/p>\n<p data-path-to-node=\"49\"><em>\u0110\u1eebng \u0111\u1ec3 n\u0103ng l\u01b0\u1ee3ng ti\u00eau c\u1ef1c l\u00e0m m\u1edd \u0111i tr\u00ed tu\u1ec7 v\u00e0 tr\u1ef1c gi\u00e1c c\u1ee7a b\u1ea1n! <b>Qu\u1ea3 C\u1ea7u Th\u1ea1ch Anh Tr\u1eafng<\/b> l\u00e0 c\u00f4ng c\u1ee5 gi\u00fap b\u1ea1n k\u1ebft n\u1ed1i v\u1edbi ti\u1ec1m n\u0103ng cao nh\u1ea5t.<\/em><\/p>\n<p data-path-to-node=\"50\"><em><b>S\u1edf h\u1eefu ngay Qu\u1ea3 C\u1ea7u Th\u1ea1ch Anh Tr\u1eafng SOLUNA \u0111\u1ec3 thanh l\u1ecdc kh\u00f4ng gian s\u1ed1ng, khai m\u1edf tr\u00ed tu\u1ec7 v\u00e0 \u0111\u01b0a ra nh\u1eefng quy\u1ebft \u0111\u1ecbnh s\u00e1ng su\u1ed1t nh\u1ea5t!<\/b><\/em><\/p>\n<h3><b>\u00a0<\/b><\/h3>","protected":false},"excerpt":{"rendered":"<p><span data-path-to-node=\"57,1,0,0\"><b>Ch\u1ea5t li\u1ec7u v\u00e0 ho\u00e0n thi\u1ec7n: <\/b><\/span><span data-path-to-node=\"57,1,1,0\">t\u1ef1 nhi\u00ean 100%, c\u00f3 \u0111\u1ed9 trong su\u1ed1t v\u00e0 tinh khi\u1ebft cao. Thu\u1ed9c nh\u00f3m Quartz v\u1edbi hi\u1ec7u \u1ee9ng Piezoelectric (dao \u0111\u1ed9ng n\u0103ng l\u01b0\u1ee3ng \u1ed5n \u0111\u1ecbnh). Ho\u00e0n thi\u1ec7n d\u1ea1ng Qu\u1ea3 C\u1ea7u (tr\u00f2n \u0111\u1ea7y) t\u01b0\u1ee3ng tr\u01b0ng cho s\u1ef1 to\u00e0n h\u1ea3o v\u00e0 lan t\u1ecfa \u00e1nh s\u00e1ng.<\/span><\/p>\n<p><span data-path-to-node=\"57,2,0,0\"><b>K\u00edch th\u01b0\u1edbc: <\/b><\/span><span data-path-to-node=\"57,2,1,0\">\u0110a d\u1ea1ng k\u00edch th\u01b0\u1edbc\u00a0<\/span><\/p>\n<p><span data-path-to-node=\"57,3,0,0\"><b>\u00dd ngh\u0129a: t<\/b><\/span><span data-path-to-node=\"57,3,1,0\">hanh l\u1ecdc n\u0103ng l\u01b0\u1ee3ng ti\u00eau c\u1ef1c, s\u1ea1c l\u1ea1i n\u0103ng l\u01b0\u1ee3ng cho c\u00e1c v\u1eadt ph\u1ea9m kh\u00e1c. K\u00edch ho\u1ea1t Lu\u00e2n Xa V\u01b0\u01a1ng Mi\u1ec7n, t\u0103ng c\u01b0\u1eddng Tr\u1ef1c gi\u00e1c, Tr\u00ed nh\u1edb v\u00e0 kh\u1ea3 n\u0103ng t\u1eadp trung s\u00e1ng t\u1ea1o. Phong th\u1ee7y: H\u1ee3p M\u1ec7nh Kim (T\u01b0\u01a1ng H\u1ee3p) v\u00e0 M\u1ec7nh Th\u1ee7y (T\u01b0\u01a1ng Sinh).<\/span><\/p>\n<p><span data-path-to-node=\"57,4,0,0\"><b>C\u00e1ch s\u1eed d\u1ee5ng: <\/b>\u0111<\/span>\u1eb7t t\u1ea1i Ph\u00f2ng H\u1ecdc ho\u1eb7c B\u00e0n L\u00e0m Vi\u1ec7c\/S\u00e1ng T\u1ea1o. \u0110\u1eb7t \u1edf khu v\u1ef1c trung t\u00e2m nh\u00e0 ho\u1eb7c n\u01a1i ch\u1ee9a nhi\u1ec1u v\u1eadt ph\u1ea9m phong th\u1ee7y kh\u00e1c (\u0111\u1ec3 s\u1ea1c l\u1ea1i n\u0103ng l\u01b0\u1ee3ng cho ch\u00fang).<\/p>","protected":false},"featured_media":1479,"comment_status":"open","ping_status":"closed","template":"","meta":{"_acf_changed":false},"product_brand":[],"product_cat":[56],"product_tag":[],"class_list":{"0":"post-1029","1":"product","2":"type-product","3":"status-publish","4":"has-post-thumbnail","6":"product_cat-qua-cau-thach-anh","8":"first","9":"instock","10":"shipping-taxable","11":"product-type-simple"},"acf":[],"_links":{"self":[{"href":"https:\/\/daphongthuysoluna.vn\/en\/wp-json\/wp\/v2\/product\/1029","targetHints":{"allow":["GET"]}}],"collection":[{"href":"https:\/\/daphongthuysoluna.vn\/en\/wp-json\/wp\/v2\/product"}],"about":[{"href":"https:\/\/daphongthuysoluna.vn\/en\/wp-json\/wp\/v2\/types\/product"}],"replies":[{"embeddable":true,"href":"https:\/\/daphongthuysoluna.vn\/en\/wp-json\/wp\/v2\/comments?post=1029"}],"wp:featuredmedia":[{"embeddable":true,"href":"https:\/\/daphongthuysoluna.vn\/en\/wp-json\/wp\/v2\/media\/1479"}],"wp:attachment":[{"href":"https:\/\/daphongthuysoluna.vn\/en\/wp-json\/wp\/v2\/media?parent=1029"}],"wp:term":[{"taxonomy":"product_brand","embeddable":true,"href":"https:\/\/daphongthuysoluna.vn\/en\/wp-json\/wp\/v2\/product_brand?post=1029"},{"taxonomy":"product_cat","embeddable":true,"href":"https:\/\/daphongthuysoluna.vn\/en\/wp-json\/wp\/v2\/product_cat?post=1029"},{"taxonomy":"product_tag","embeddable":true,"href":"https:\/\/daphongthuysoluna.vn\/en\/wp-json\/wp\/v2\/product_tag?post=1029"}],"curies":[{"name":"wp","href":"https:\/\/api.w.org\/{rel}","templated":true}]}}