{"id":1031,"date":"2025-12-01T03:40:00","date_gmt":"2025-11-30T20:40:00","guid":{"rendered":"https:\/\/daphongthuysoluna.vn\/?post_type=product&#038;p=1031"},"modified":"2025-12-20T14:27:29","modified_gmt":"2025-12-20T07:27:29","slug":"qua-cau-thach-anh-xanh","status":"publish","type":"product","link":"https:\/\/daphongthuysoluna.vn\/en\/product\/qua-cau-thach-anh-xanh\/","title":{"rendered":"Qu\u1ea3 C\u1ea7u Th\u1ea1ch Anh Xanh"},"content":{"rendered":"<h1><b>Qu\u1ea3 C\u1ea7u Th\u1ea1ch Anh Xanh \u2013 Bi\u1ec3u T\u01b0\u1ee3ng B\u00ecnh An &amp; T\u00e0i L\u1ed9c Cho Kh\u00f4ng Gian S\u1ed1ng<\/b><\/h1>\n<h2><b>Qu\u1ea3 c\u1ea7u th\u1ea1ch anh xanh l\u00e0 g\u00ec?<\/b><\/h2>\n<p><span style=\"font-weight: 400;\">Qu\u1ea3 c\u1ea7u th\u1ea1ch anh xanh t\u00ean ti\u1ebfng anh l\u00e0 Green Aventurine ho\u1eb7c Green Quartz m\u1ed9t d\u1ea1ng \u0111\u00e1 th\u1ea1ch anh t\u1ef1 nhi\u00ean c\u00f3 s\u1eafc xanh d\u1ecbu m\u00e1t, \u00e1nh l\u1ea5p l\u00e1nh nh\u1eb9 khi g\u1eb7p \u00e1nh s\u00e1ng. \u0110\u01b0\u1ee3c m\u1ec7nh danh l\u00e0 \u201cvi\u00ean \u0111\u00e1 c\u1ee7a c\u01a1 h\u1ed9i v\u00e0 c\u00e2n b\u1eb1ng\u201d, th\u1ea1ch anh xanh mang n\u0103ng l\u01b0\u1ee3ng t\u01b0\u01a1i m\u1edbi, gi\u00fap \u1ed5n \u0111\u1ecbnh c\u1ea3m x\u00fac, k\u00edch ho\u1ea1t s\u1ef1 s\u00e1ng t\u1ea1o v\u00e0 \u0111em l\u1ea1i may m\u1eafn trong c\u00f4ng vi\u1ec7c.<\/span><\/p>\n<p><span style=\"font-weight: 400;\">Nh\u1edd v\u1ebb \u0111\u1eb9p sang tr\u1ecdng v\u00e0 \u00fd ngh\u0129a phong th\u1ee7y s\u00e2u s\u1eafc, qu\u1ea3 c\u1ea7u th\u1ea1ch anh xanh ng\u00e0y nay \u0111\u01b0\u1ee3c nhi\u1ec1u ng\u01b0\u1eddi l\u1ef1a ch\u1ecdn \u0111\u1ec3 trang tr\u00ed, tr\u1ea5n tr\u1ea1ch ho\u1eb7c l\u00e0m qu\u00e0 t\u1eb7ng khai tr\u01b0\u01a1ng, t\u00e2n gia.<\/span><\/p>\n<h2><b>\u00dd ngh\u0129a phong th\u1ee7y c\u1ee7a qu\u1ea3 c\u1ea7u th\u1ea1ch anh xanh<\/b><\/h2>\n<ol>\n<li><b> Thu h\u00fat t\u00e0i l\u1ed9c, m\u1edf r\u1ed9ng c\u01a1 h\u1ed9i<\/b><\/li>\n<\/ol>\n<p><span style=\"font-weight: 400;\">Th\u1ea1ch anh xanh \u0111\u01b0\u1ee3c xem l\u00e0 bi\u1ec3u t\u01b0\u1ee3ng c\u1ee7a may m\u1eafn v\u00e0 th\u1ecbnh v\u01b0\u1ee3ng. Khi \u0111\u1eb7t t\u1ea1i b\u00e0n l\u00e0m vi\u1ec7c, ph\u00f2ng kh\u00e1ch ho\u1eb7c qu\u1ea7y thu ng\u00e2n, qu\u1ea3 c\u1ea7u gi\u00fap gia ch\u1ee7 thu h\u00fat n\u0103ng l\u01b0\u1ee3ng t\u1ed1t, thu\u1eadn l\u1ee3i trong l\u00e0m \u0103n, d\u1ec5 g\u1eb7p c\u01a1 h\u1ed9i v\u00e0 \u0111\u1ed1i t\u00e1c ti\u1ec1m n\u0103ng.<\/span><\/p>\n<ol start=\"2\">\n<li><b> Mang l\u1ea1i s\u1ef1 c\u00e2n b\u1eb1ng, b\u00ecnh an<\/b><\/li>\n<\/ol>\n<p><span style=\"font-weight: 400;\">M\u00e0u xanh t\u1ef1 nhi\u00ean t\u01b0\u1ee3ng tr\u01b0ng cho s\u1ef1 an y\u00ean v\u00e0 c\u00e2n b\u1eb1ng t\u00e2m tr\u00ed. Ng\u01b0\u1eddi l\u00e0m vi\u1ec7c c\u0103ng th\u1eb3ng hay d\u1ec5 stress s\u1ebd c\u1ea3m th\u1ea5y th\u01b0 gi\u00e3n, nh\u1eb9 nh\u00f5m h\u01a1n khi c\u00f3 m\u1ed9t qu\u1ea3 c\u1ea7u th\u1ea1ch anh xanh b\u00ean c\u1ea1nh.<\/span><\/p>\n<ol start=\"3\">\n<li><b> N\u00e2ng cao t\u01b0 duy v\u00e0 s\u00e1ng t\u1ea1o<\/b><\/li>\n<\/ol>\n<p><span style=\"font-weight: 400;\">Theo quan ni\u1ec7m phong th\u1ee7y, qu\u1ea3 c\u1ea7u c\u00f2n gi\u00fap kh\u01a1i g\u1ee3i tr\u00ed tu\u1ec7 v\u00e0 s\u1ef1 t\u1eadp trung, r\u1ea5t ph\u00f9 h\u1ee3p v\u1edbi ng\u01b0\u1eddi h\u1ecdc t\u1eadp, nghi\u00ean c\u1ee9u, l\u00e0m vi\u1ec7c trong l\u0129nh v\u1ef1c s\u00e1ng t\u1ea1o hay c\u1ea7n ra quy\u1ebft \u0111\u1ecbnh ch\u00ednh x\u00e1c.<\/span><\/p>\n<h2><b>C\u00e1ch ch\u1ecdn qu\u1ea3 c\u1ea7u th\u1ea1ch anh xanh ph\u00f9 h\u1ee3p<\/b><\/h2>\n<ol>\n<li><b> Ch\u1ecdn theo k\u00edch th\u01b0\u1edbc<\/b><\/li>\n<\/ol>\n<ul>\n<li style=\"font-weight: 400;\" aria-level=\"1\"><span style=\"font-weight: 400;\">4\u20136cm: Ph\u00f9 h\u1ee3p \u0111\u1eb7t b\u00e0n l\u00e0m vi\u1ec7c, g\u00f3c h\u1ecdc t\u1eadp.<\/span><\/li>\n<li style=\"font-weight: 400;\" aria-level=\"1\"><span style=\"font-weight: 400;\">8\u201310cm: D\u00e0nh cho ph\u00f2ng kh\u00e1ch, ph\u00f2ng l\u00e0m vi\u1ec7c r\u1ed9ng.<\/span><\/li>\n<li style=\"font-weight: 400;\" aria-level=\"1\"><span style=\"font-weight: 400;\">T\u1eeb 12cm tr\u1edf l\u00ean: Th\u00edch h\u1ee3p l\u00e0m v\u1eadt tr\u1ea5n tr\u1ea1ch ho\u1eb7c qu\u00e0 t\u1eb7ng phong th\u1ee7y.<\/span><\/li>\n<\/ul>\n<ol start=\"2\">\n<li><b> Ch\u1ecdn theo \u0111\u1ed9 trong &amp; m\u00e0u s\u1eafc<\/b><\/li>\n<\/ol>\n<p><span style=\"font-weight: 400;\">Th\u1ea1ch anh xanh c\u00f3 th\u1ec3 ng\u1ea3 t\u1eeb xanh ng\u1ecdc, xanh l\u00e1 m\u1ea1 \u0111\u1ebfn xanh r\u00eau. M\u00e0u c\u00e0ng trong, v\u00e2n \u0111\u00e1 t\u1ef1 nhi\u00ean r\u00f5 n\u00e9t th\u00ec gi\u00e1 tr\u1ecb c\u00e0ng cao. N\u00ean ch\u1ecdn vi\u00ean c\u00f3 b\u1ec1 m\u1eb7t m\u1ecbn, kh\u00f4ng n\u1ee9t, \u00e1nh s\u00e1ng ph\u1ea3n chi\u1ebfu \u0111\u1ec1u.<\/span><\/p>\n<ol start=\"3\">\n<li><b> Ki\u1ec3m tra ngu\u1ed3n g\u1ed1c &amp; ch\u1ee9ng nh\u1eadn<\/b><\/li>\n<\/ol>\n<p><span style=\"font-weight: 400;\">Khi mua, h\u00e3y ch\u1ecdn c\u1eeda h\u00e0ng c\u00f3 gi\u1ea5y ki\u1ec3m \u0111\u1ecbnh \u0111\u00e1 t\u1ef1 nhi\u00ean, tr\u00e1nh h\u00e0ng nh\u00e2n t\u1ea1o ho\u1eb7c \u0111\u00e1 t\u1ea9y m\u00e0u. C\u00e1c th\u01b0\u01a1ng hi\u1ec7u uy t\u00edn nh\u01b0 An Ph\u00e1t Gems, \u0110\u00e1 Phong Th\u1ee7y An Nhi\u00ean, Roxi, ho\u1eb7c c\u00e1c s\u00e0n th\u01b0\u01a1ng m\u1ea1i nh\u01b0 Tiki Mall \u0111\u1ec1u c\u00f3 ch\u1ee9ng nh\u1eadn r\u00f5 r\u00e0ng.<\/span><\/p>\n<ol start=\"4\">\n<li><b> Gi\u00e1 tham kh\u1ea3o<\/b><\/li>\n<\/ol>\n<p><span style=\"font-weight: 400;\">Gi\u00e1 qu\u1ea3 c\u1ea7u th\u1ea1ch anh xanh t\u00f9y thu\u1ed9c k\u00edch th\u01b0\u1edbc v\u00e0 \u0111\u1ed9 trong, dao \u0111\u1ed9ng t\u1eeb 300.000\u0111 \u2013 1.200.000\u0111\/vi\u00ean nh\u1ecf v\u00e0 c\u00f3 th\u1ec3 l\u00ean \u0111\u1ebfn 2\u20133 tri\u1ec7u \u0111\u1ed3ng cho c\u00e1c m\u1eabu l\u1edbn ho\u1eb7c cao c\u1ea5p.<\/span><\/p>\n<h2><b>C\u00e1ch \u0111\u1eb7t qu\u1ea3 c\u1ea7u th\u1ea1ch anh xanh \u0111\u00fang phong th\u1ee7y<\/b><\/h2>\n<ul>\n<li style=\"font-weight: 400;\" aria-level=\"1\"><span style=\"font-weight: 400;\">B\u00e0n l\u00e0m vi\u1ec7c: \u0110\u1eb7t \u1edf g\u00f3c \u0110\u00f4ng Nam ho\u1eb7c g\u00f3c \u0110\u00f4ng \u2013 t\u01b0\u1ee3ng tr\u01b0ng cho t\u00e0i l\u1ed9c v\u00e0 tr\u00ed tu\u1ec7.<\/span><\/li>\n<li style=\"font-weight: 400;\" aria-level=\"1\"><span style=\"font-weight: 400;\">Ph\u00f2ng kh\u00e1ch: \u0110\u1eb7t tr\u00ean t\u1ee7 tr\u01b0ng b\u00e0y, k\u1ec7 trung t\u00e2m, h\u01b0\u1edbng ra c\u1eeda ch\u00ednh \u0111\u1ec3 h\u00fat v\u01b0\u1ee3ng kh\u00ed.<\/span><\/li>\n<li style=\"font-weight: 400;\" aria-level=\"1\"><span style=\"font-weight: 400;\">Qu\u1ea7y thu ng\u00e2n: \u0110\u1eb7t g\u1ea7n k\u00e9t s\u1eaft ho\u1eb7c n\u01a1i giao d\u1ecbch gi\u00fap kinh doanh thu\u1eadn l\u1ee3i.<\/span><\/li>\n<\/ul>\n<p><span style=\"font-weight: 400;\">L\u01b0u \u00fd: Kh\u00f4ng \u0111\u1eb7t qu\u1ea3 c\u1ea7u \u1edf v\u1ecb tr\u00ed \u1ea9m th\u1ea5p, nh\u00e0 v\u1ec7 sinh hay h\u01b0\u1edbng th\u1eb3ng c\u1eeda ch\u00ednh, v\u00ec d\u1ec5 th\u1ea5t tho\u00e1t n\u0103ng l\u01b0\u1ee3ng.<\/span><\/p>\n<h2><b>C\u00e1ch l\u00e0m s\u1ea1ch v\u00e0 b\u1ea3o qu\u1ea3n qu\u1ea3 c\u1ea7u th\u1ea1ch anh xanh<\/b><\/h2>\n<p><span style=\"font-weight: 400;\">\u0110\u1ec3 duy tr\u00ec n\u0103ng l\u01b0\u1ee3ng t\u00edch c\u1ef1c v\u00e0 \u0111\u1ed9 s\u00e1ng b\u00f3ng cho \u0111\u00e1:<\/span><\/p>\n<ul>\n<li style=\"font-weight: 400;\" aria-level=\"1\"><span style=\"font-weight: 400;\">Lau b\u1eb1ng kh\u0103n m\u1ec1m, n\u01b0\u1edbc s\u1ea1ch, tr\u00e1nh h\u00f3a ch\u1ea5t ho\u1eb7c n\u01b0\u1edbc mu\u1ed1i \u0111\u1eadm \u0111\u1eb7c.<\/span><\/li>\n<li style=\"font-weight: 400;\" aria-level=\"1\"><span style=\"font-weight: 400;\">H\u1ea1n ch\u1ebf ph\u01a1i n\u1eafng l\u00e2u, v\u00ec c\u00f3 th\u1ec3 l\u00e0m phai m\u00e0u \u0111\u00e1.<\/span><\/li>\n<li style=\"font-weight: 400;\" aria-level=\"1\"><span style=\"font-weight: 400;\">T\u1ea9y n\u0103ng l\u01b0\u1ee3ng \u0111\u1ecbnh k\u1ef3 m\u1ed7i th\u00e1ng b\u1eb1ng c\u00e1ch:<\/span>\n<ul>\n<li style=\"font-weight: 400;\" aria-level=\"2\"><span style=\"font-weight: 400;\">\u0110\u1eb7t d\u01b0\u1edbi \u00e1nh tr\u0103ng (\u0111\u00eam r\u1eb1m, tr\u0103ng s\u00e1ng).<\/span><\/li>\n<li style=\"font-weight: 400;\" aria-level=\"2\"><span style=\"font-weight: 400;\">Ho\u1eb7c h\u01a1 nh\u1eb9 b\u1eb1ng kh\u00f3i tr\u1ea7m, x\u00f4ng tinh d\u1ea7u thi\u00ean nhi\u00ean.<\/span><\/li>\n<\/ul>\n<\/li>\n<\/ul>\n<h2><b>N\u01a1i mua qu\u1ea3 c\u1ea7u th\u1ea1ch anh xanh uy t\u00edn<\/b><\/h2>\n<ul>\n<li style=\"font-weight: 400;\" aria-level=\"1\"><span style=\"font-weight: 400;\">Tiki \/ Shopee Mall: \u01afu \u0111i\u1ec3m \u2013 gi\u00e1 t\u1ed1t, giao nhanh, nhi\u1ec1u \u0111\u00e1nh gi\u00e1 th\u1eadt.<\/span><\/li>\n<li style=\"font-weight: 400;\" aria-level=\"1\"><span style=\"font-weight: 400;\">An Ph\u00e1t Gems, Daphongthuyanphat: C\u00f3 m\u1eabu l\u1edbn, k\u00e8m ch\u1ee9ng nh\u1eadn ki\u1ec3m \u0111\u1ecbnh \u0111\u00e1.<\/span><\/li>\n<li style=\"font-weight: 400;\" aria-level=\"1\"><span style=\"font-weight: 400;\">Roxi \/ Cada.vn: Nhi\u1ec1u l\u1ef1a ch\u1ecdn k\u00edch th\u01b0\u1edbc, m\u00e0u s\u1eafc, \u0111\u1ebf g\u1ed7 \u0111\u1eb9p.<\/span><\/li>\n<\/ul>\n<h2><b>L\u1eddi k\u1ebft \u2013 Ch\u1ecdn ngay vi\u00ean \u0111\u00e1 mang l\u1ea1i b\u00ecnh an &amp; may m\u1eafn<\/b><\/h2>\n<p><span style=\"font-weight: 400;\">Qu\u1ea3 c\u1ea7u th\u1ea1ch anh xanh kh\u00f4ng ch\u1ec9 l\u00e0 v\u1eadt trang tr\u00ed sang tr\u1ecdng, m\u00e0 c\u00f2n l\u00e0 ngu\u1ed3n n\u0103ng l\u01b0\u1ee3ng t\u00edch c\u1ef1c gi\u00fap thu h\u00fat may m\u1eafn, c\u00e2n b\u1eb1ng cu\u1ed9c s\u1ed1ng v\u00e0 c\u00f4ng vi\u1ec7c.<\/span><span style=\"font-weight: 400;\"><br \/>\n<\/span><span style=\"font-weight: 400;\"> H\u00e3y ch\u1ecdn cho m\u00ecnh m\u1ed9t qu\u1ea3 c\u1ea7u nguy\u00ean kh\u1ed1i, chu\u1ea9n t\u1ef1 nhi\u00ean, c\u00f3 gi\u1ea5y ki\u1ec3m \u0111\u1ecbnh \u0111\u1ec3 v\u1eeba \u0111\u1ea3m b\u1ea3o gi\u00e1 tr\u1ecb phong th\u1ee7y, v\u1eeba l\u00e0 m\u00f3n qu\u00e0 \u00fd ngh\u0129a cho b\u1ea3n th\u00e2n v\u00e0 ng\u01b0\u1eddi th\u00e2n y\u00eau.<\/span><\/p>","protected":false},"excerpt":{"rendered":"<div>Ch\u1ea5t li\u1ec7u v\u00e0 ho\u00e0n thi\u1ec7n: t\u1ef1 nhi\u00ean, c\u00f3 s\u1eafc xanh d\u1ecbu m\u00e1t, \u00e1nh l\u1ea5p l\u00e1nh nh\u1eb9 (Aventurescence). Ho\u00e0n thi\u1ec7n d\u1ea1ng Qu\u1ea3 C\u1ea7u (nguy\u00ean kh\u1ed1i, tr\u00f2n \u0111\u1ea7y) t\u01b0\u1ee3ng tr\u01b0ng cho s\u1ef1 vi\u00ean m\u00e3n, h\u00e0i h\u00f2a v\u00e0 \u1ed5n \u0111\u1ecbnh.<\/div>\n<div><\/div>\n<div>K\u00edch th\u01b0\u1edbc: \u0110a d\u1ea1ng k\u00edch th\u01b0\u1edbc<\/div>\n<div><\/div>\n<div>\n<p>\u00dd ngh\u0129a: Thu h\u00fat T\u00e0i L\u1ed9c, May M\u1eafn v\u00e0 m\u1edf r\u1ed9ng c\u00e1c c\u01a1 h\u1ed9i kinh doanh m\u1edbi. Mang l\u1ea1i B\u00ecnh An, c\u00e2n b\u1eb1ng t\u00e2m tr\u00ed, th\u01b0 gi\u00e3n, gi\u00fap gi\u1ea3m stress. N\u00e2ng cao T\u01b0 Duy, Tr\u00ed Tu\u1ec7 v\u00e0 kh\u1ea3 n\u0103ng s\u00e1ng t\u1ea1o, ra quy\u1ebft \u0111\u1ecbnh ch\u00ednh x\u00e1c.<\/p>\n<\/div>\n<div>C\u00e1ch s\u1eed d\u1ee5ng: \u0110\u1eb7t t\u1ea1i B\u00e0n l\u00e0m vi\u1ec7c (g\u00f3c \u0110\u00f4ng Nam ho\u1eb7c \u0110\u00f4ng) ho\u1eb7c Qu\u1ea7y thu ng\u00e2n\/K\u00e9t s\u1eaft.\u00a0\u0110\u1eb7t \u1edf Ph\u00f2ng kh\u00e1ch (k\u1ec7 trung t\u00e2m), h\u01b0\u1edbng ra c\u1eeda ch\u00ednh. L\u01b0u \u00fd: Kh\u00f4ng \u0111\u1eb7t n\u01a1i \u1ea9m th\u1ea5p, nh\u00e0 v\u1ec7 sinh hay h\u01b0\u1edbng th\u1eb3ng c\u1eeda ch\u00ednh.<\/div>","protected":false},"featured_media":1485,"comment_status":"open","ping_status":"closed","template":"","meta":{"_acf_changed":false},"product_brand":[],"product_cat":[56,98],"product_tag":[],"class_list":{"0":"post-1031","1":"product","2":"type-product","3":"status-publish","4":"has-post-thumbnail","6":"product_cat-qua-cau-thach-anh","7":"product_cat-menh-moc","9":"first","10":"instock","11":"shipping-taxable","12":"product-type-simple"},"acf":[],"_links":{"self":[{"href":"https:\/\/daphongthuysoluna.vn\/en\/wp-json\/wp\/v2\/product\/1031","targetHints":{"allow":["GET"]}}],"collection":[{"href":"https:\/\/daphongthuysoluna.vn\/en\/wp-json\/wp\/v2\/product"}],"about":[{"href":"https:\/\/daphongthuysoluna.vn\/en\/wp-json\/wp\/v2\/types\/product"}],"replies":[{"embeddable":true,"href":"https:\/\/daphongthuysoluna.vn\/en\/wp-json\/wp\/v2\/comments?post=1031"}],"wp:featuredmedia":[{"embeddable":true,"href":"https:\/\/daphongthuysoluna.vn\/en\/wp-json\/wp\/v2\/media\/1485"}],"wp:attachment":[{"href":"https:\/\/daphongthuysoluna.vn\/en\/wp-json\/wp\/v2\/media?parent=1031"}],"wp:term":[{"taxonomy":"product_brand","embeddable":true,"href":"https:\/\/daphongthuysoluna.vn\/en\/wp-json\/wp\/v2\/product_brand?post=1031"},{"taxonomy":"product_cat","embeddable":true,"href":"https:\/\/daphongthuysoluna.vn\/en\/wp-json\/wp\/v2\/product_cat?post=1031"},{"taxonomy":"product_tag","embeddable":true,"href":"https:\/\/daphongthuysoluna.vn\/en\/wp-json\/wp\/v2\/product_tag?post=1031"}],"curies":[{"name":"wp","href":"https:\/\/api.w.org\/{rel}","templated":true}]}}