{"id":1033,"date":"2025-12-01T03:50:06","date_gmt":"2025-11-30T20:50:06","guid":{"rendered":"https:\/\/daphongthuysoluna.vn\/?post_type=product&#038;p=1033"},"modified":"2025-12-20T14:52:00","modified_gmt":"2025-12-20T07:52:00","slug":"tru-da-thach-anh-den","status":"publish","type":"product","link":"https:\/\/daphongthuysoluna.vn\/en\/product\/tru-da-thach-anh-den\/","title":{"rendered":"Tr\u1ee5 \u0110\u00e1 Th\u1ea1ch Anh \u0110en"},"content":{"rendered":"<h1 data-rm-block-id=\"block-1\"><b>Tr\u1ee5 \u0110\u00e1 Th\u1ea1ch Anh \u0110en SOLUNA: V\u1eadt Ph\u1ea9m Tr\u1ea5n Tr\u1ea1ch V\u00e0 H\u1ed9 M\u1ec7nh S\u1ed1 1 Cho B\u00e0n L\u00e0m Vi\u1ec7c<\/b><\/h1>\n<h3 data-rm-block-id=\"block-2\"><b>Th\u00e1ch Th\u1ee9c v\u00e0 Gi\u1ea3i Ph\u00e1p \u1ed4n \u0110\u1ecbnh<\/b><\/h3>\n<p data-rm-block-id=\"block-3\"><span style=\"font-weight: 400;\">B\u1ea1n c\u00f3 bi\u1ebft, m\u00f4i tr\u01b0\u1eddng l\u00e0m vi\u1ec7c c\u1ee7a b\u1ea1n \u0111ang b\u1ecb bao v\u00e2y b\u1edfi s\u1ef1 c\u0103ng th\u1eb3ng, c\u00e1c s\u00f3ng \u0111i\u1ec7n t\u1eeb \u0111\u1ed9c h\u1ea1i, v\u00e0 n\u0103ng l\u01b0\u1ee3ng ti\u00eau c\u1ef1c t\u1eeb \u0111\u1ed3ng nghi\u1ec7p? M\u1ed9t m\u00f4i tr\u01b0\u1eddng n\u0103ng l\u01b0\u1ee3ng kh\u00f4ng \u1ed5n \u0111\u1ecbnh s\u1ebd l\u00e0m suy gi\u1ea3m s\u1ef1 t\u1eadp trung v\u00e0 c\u1ea3n tr\u1edf s\u1ef1 th\u0103ng ti\u1ebfn. <\/span><b>Tr\u1ee5 \u0110\u00e1 Th\u1ea1ch Anh \u0110en SOLUNA<\/b><span style=\"font-weight: 400;\"> ch\u00ednh l\u00e0 l\u1eddi gi\u1ea3i ho\u00e0n h\u1ea3o cho v\u1ea5n \u0111\u1ec1 n\u00e0y.<\/span><\/p>\n<p data-rm-block-id=\"block-4\"><span style=\"font-weight: 400;\">\u0110\u01b0\u1ee3c coi l\u00e0 <\/span><b>&#8220;V\u1ec7 S\u0129 Phong Th\u1ee7y&#8221;<\/b><span style=\"font-weight: 400;\">, tr\u1ee5 \u0111\u00e1 n\u00e0y kh\u00f4ng ch\u1ec9 gi\u00fap b\u1ea1n <\/span><b>ch\u1ed1ng l\u1ea1i s\u00e1t kh\u00ed<\/b><span style=\"font-weight: 400;\"> m\u00e0 c\u00f2n t\u1ea1o ra m\u1ed9t l\u1edbp m\u00e0ng b\u1ea3o v\u1ec7, gi\u00fap b\u1ea1n t\u1eadp trung cao \u0111\u1ed9 v\u00e0 thu h\u00fat quy\u1ec1n l\u1ef1c. H\u00e3y s\u1edf h\u1eefu ngay v\u1eadt ph\u1ea9m tr\u1ea5n tr\u1ea1ch quy\u1ec1n n\u0103ng n\u00e0y \u0111\u1ec3 <\/span><b>\u1ed5n \u0111\u1ecbnh v\u1eadn tr\u00ecnh s\u1ef1 nghi\u1ec7p<\/b><span style=\"font-weight: 400;\"> c\u1ee7a b\u1ea1n.<\/span><\/p>\n<h2 data-rm-block-id=\"block-5\"><b>I. Tr\u1ee5 \u0110\u00e1 Th\u1ea1ch Anh \u0110en \u2013 L\u00e1 Ch\u1eafn Quy\u1ec1n N\u0103ng C\u1ee7a N\u0103ng L\u01b0\u1ee3ng Luna<\/b><\/h2>\n<h3 data-rm-block-id=\"block-6\"><b>1.1. Tr\u1ee5 \u0110\u00e1 Th\u1ea1ch Anh \u0110en L\u00e0 G\u00ec? Bi\u1ec3u T\u01b0\u1ee3ng C\u1ee7a \u1ed4n \u0110\u1ecbnh &amp; Quy\u1ec1n L\u1ef1c<\/b><\/h3>\n<p data-rm-block-id=\"block-7\"><b>Tr\u1ee5 \u0110\u00e1 Th\u1ea1ch Anh \u0110en<\/b><span style=\"font-weight: 400;\"> l\u00e0 bi\u1ebfn th\u1ec3 tinh th\u1ec3 c\u1ee7a Quartz (Smoky Quartz ho\u1eb7c Morion Quartz) v\u1edbi s\u1eafc \u0111en huy\u1ec1n b\u00ed. S\u1eafc \u0111en \u0111\u1ea1i di\u1ec7n cho n\u0103ng l\u01b0\u1ee3ng <\/span><b>Luna (\u00c2m)<\/b><span style=\"font-weight: 400;\"> \u2013 s\u1ef1 \u1ed5n \u0111\u1ecbnh, t\u0129nh l\u1eb7ng v\u00e0 kh\u1ea3 n\u0103ng b\u1ea3o v\u1ec7 s\u00e2u s\u1eafc.<\/span><\/p>\n<ul>\n<li style=\"font-weight: 400;\" aria-level=\"1\" data-rm-block-id=\"block-8\"><b>H\u00ecnh d\u00e1ng tr\u1ee5:<\/b><span style=\"font-weight: 400;\"> \u0110\u1ea1i di\u1ec7n cho s\u1ef1 v\u1eefng ch\u00e3i, <\/span><b>th\u0103ng ti\u1ebfn kh\u00f4ng ng\u1eebng<\/b><span style=\"font-weight: 400;\"> v\u00e0 s\u1ef1 nghi\u1ec7p nh\u01b0 c\u1ed9t tr\u1ee5.<\/span><\/li>\n<li style=\"font-weight: 400;\" aria-level=\"1\" data-rm-block-id=\"block-9\"><b>N\u0103ng l\u01b0\u1ee3ng:<\/b><span style=\"font-weight: 400;\"> Th\u1ea1ch Anh \u0110en c\u00f3 kh\u1ea3 n\u0103ng <\/span><b>h\u1ea5p th\u1ee5<\/b><span style=\"font-weight: 400;\"> v\u00e0 <\/span><b>trung h\u00f2a<\/b><span style=\"font-weight: 400;\"> n\u0103ng l\u01b0\u1ee3ng ti\u00eau c\u1ef1c, \u0111\u1eb7c bi\u1ec7t l\u00e0 s\u00f3ng \u0111i\u1ec7n t\u1eeb v\u00e0 s\u1ef1 ghen gh\u00e9t.<\/span><\/li>\n<\/ul>\n<h3 data-rm-block-id=\"block-10\"><b>1.2. \u1ee8ng D\u1ee5ng \u0110\u1ed9c Quy\u1ec1n: H\u00fat S\u00e1t Kh\u00ed &amp; H\u00f3a Gi\u1ea3i N\u0103ng L\u01b0\u1ee3ng Ti\u00eau C\u1ef1c<\/b><\/h3>\n<p data-rm-block-id=\"block-11\"><span style=\"font-weight: 400;\">M\u1ed9t trong nh\u1eefng <\/span><b>m\u1eb9o phong th\u1ee7y<\/b><span style=\"font-weight: 400;\"> hi\u1ec7u qu\u1ea3 nh\u1ea5t l\u00e0 s\u1eed d\u1ee5ng <\/span><b>Tr\u1ee5 \u0110\u00e1 Th\u1ea1ch Anh \u0110en<\/b><span style=\"font-weight: 400;\"> \u0111\u1ec3 l\u00e0m s\u1ea1ch kh\u00f4ng gian. Tr\u1ee5 \u0111\u00e1 ho\u1ea1t \u0111\u1ed9ng nh\u01b0 m\u1ed9t m\u00e1y h\u00fat b\u1ee5i n\u0103ng l\u01b0\u1ee3ng, h\u1ea5p th\u1ee5 c\u00e1c s\u00f3ng \u0111\u1ed9c h\u1ea1i t\u1eeb m\u00e1y t\u00ednh, wifi, v\u00e0 n\u0103ng l\u01b0\u1ee3ng x\u1ea5u t\u1eeb m\u00f4i tr\u01b0\u1eddng.<span style=\"color: #008000;\"> <b><a class=\"ng-star-inserted\" style=\"color: #008000;\" href=\"https:\/\/www.google.com\/search?q=URL_CUA_BAN\" target=\"_blank\" rel=\"noopener\" data-hveid=\"0\" data-ved=\"0CAAQ_4QMahgKEwjV6qW87JSRAxUAAAAAHQAAAAAQlwM\">Theo c\u00e1c nghi\u00ean c\u1ee9u v\u1ec1 kho\u00e1ng v\u1eadt h\u1ecdc tinh th\u1ec3 Morion<\/a><\/b><\/span>, c\u00e1c lo\u1ea1i tinh th\u1ec3 \u0111en c\u00f3 kh\u1ea3 n\u0103ng h\u1ea5p th\u1ee5 b\u1ee9c x\u1ea1 \u0111i\u1ec7n t\u1eeb v\u00e0 n\u0103ng l\u01b0\u1ee3ng x\u1ea5u hi\u1ec7u qu\u1ea3. Vi\u1ec7c n\u00e0y gi\u00fap ng\u01b0\u1eddi ng\u1ed3i t\u1ea1i b\u00e0n l\u00e0m vi\u1ec7c c\u00f3 \u0111\u01b0\u1ee3c s\u1ef1 t\u0129nh t\u00e2m c\u1ea7n thi\u1ebft.<\/span><\/p>\n<h3 data-rm-block-id=\"block-12\"><b>1.3. Khai M\u1edf Lu\u00e2n Xa G\u1ed1c: N\u1ec1n T\u1ea3ng Cho S\u1ef1 Nghi\u1ec7p V\u1eefng Ch\u1eafc<\/b><\/h3>\n<p data-rm-block-id=\"block-13\"><b>Tr\u1ee5 \u0110\u00e1 Th\u1ea1ch Anh \u0110en SOLUNA<\/b> t\u00e1c \u0111\u1ed9ng m\u1ea1nh m\u1ebd \u0111\u1ebfn Lu\u00e2n Xa G\u1ed1c (Root Chakra), trung t\u00e2m c\u1ee7a s\u1ef1 s\u1ed1ng c\u00f2n v\u00e0 n\u1ec1n t\u1ea3ng. Khi Lu\u00e2n Xa G\u1ed1c \u0111\u01b0\u1ee3c \u1ed5n \u0111\u1ecbnh, ng\u01b0\u1eddi \u0111eo\/s\u1edf h\u1eefu s\u1ebd c\u1ea3m th\u1ea5y an to\u00e0n, t\u1ef1 tin h\u01a1n trong c\u00f4ng vi\u1ec7c, ch\u1ed1ng l\u1ea1i s\u1ef1 b\u1ea5t \u1ed5n trong s\u1ef1 nghi\u1ec7p. \u0110\u00e2y l\u00e0 n\u1ec1n t\u1ea3ng v\u1eefng ch\u1eafc, t\u01b0\u01a1ng t\u1ef1 nh\u01b0 n\u0103ng l\u01b0\u1ee3ng b\u1ea3o v\u1ec7 t\u1eeb <a class=\"ng-star-inserted\" href=\"https:\/\/daphongthuysoluna.vn\/en\/vong-thach-anh-toc-den\/\" target=\"_blank\" rel=\"noopener\" data-hveid=\"0\" data-ved=\"0CAAQ_4QMahgKEwjV6qW87JSRAxUAAAAAHQAAAAAQlgI\">V\u00f2ng Th\u1ea1ch Anh T\u00f3c \u0110en<\/a>.<\/p>\n<h2 data-rm-block-id=\"block-14\"><b>II. M\u1eb9o Phong Th\u1ee7y: V\u1ecb Tr\u00ed \u0110\u1eb7t T\u1ed1i \u01afu Cho Tr\u1ee5 \u0110\u00e1 Th\u1ea1ch Anh \u0110en<\/b><\/h2>\n<h3 data-rm-block-id=\"block-15\"><b>2.1. V\u1ecb Tr\u00ed \u0110\u1eb7t Tr\u1ee5 \u0110\u00e1 Th\u1ea1ch Anh \u0110en T\u1ea1i B\u00e0n L\u00e0m Vi\u1ec7c<\/b><\/h3>\n<p data-rm-block-id=\"block-16\"><span style=\"font-weight: 400;\">V\u1ecb tr\u00ed \u0111\u1eb7t l\u00e0 y\u1ebfu t\u1ed1 quy\u1ebft \u0111\u1ecbnh hi\u1ec7u qu\u1ea3 c\u1ee7a <\/span><b>Tr\u1ee5 \u0110\u00e1 Th\u1ea1ch Anh \u0110en<\/b><span style=\"font-weight: 400;\">:<\/span><\/p>\n<ul>\n<li style=\"font-weight: 400;\" aria-level=\"1\" data-rm-block-id=\"block-17\"><b>H\u1ed9 M\u1ec7nh:<\/b><span style=\"font-weight: 400;\"> \u0110\u1eb7t \u1edf g\u00f3c tr\u00e1i\/ph\u1ea3i b\u00e0n (v\u1ecb tr\u00ed Thanh Long\/B\u1ea1ch H\u1ed5) \u0111\u1ec3 <\/span><b>h\u1ed9 m\u1ec7nh<\/b><span style=\"font-weight: 400;\">, thu h\u00fat qu\u00fd nh\u00e2n.<\/span><\/li>\n<\/ul>\n<p data-rm-block-id=\"block-18\">\u00bb Tham kh\u1ea3o th\u00eam: <a class=\"ng-star-inserted\" href=\"https:\/\/daphongthuysoluna.vn\/en\/kien-thuc-phong-thuy\/\" target=\"_blank\" rel=\"noopener\" data-hveid=\"0\" data-ved=\"0CAAQ_4QMahgKEwjV6qW87JSRAxUAAAAAHQAAAAAQlwI\">Ki\u1ebfn Th\u1ee9c Phong Th\u1ee7y<\/a><\/p>\n<ul>\n<li style=\"font-weight: 400;\" aria-level=\"1\" data-rm-block-id=\"block-19\"><b>Tr\u1ea5n An:<\/b><span style=\"font-weight: 400;\"> \u0110\u1eb7t sau l\u01b0ng b\u1ea1n (v\u1ecb tr\u00ed Huy\u1ec1n V\u0169) \u0111\u1ec3 t\u1ea1o \u0111i\u1ec3m t\u1ef1a <\/span><b>v\u1eefng ch\u1eafc<\/b><span style=\"font-weight: 400;\">, ch\u1ed1ng l\u1ea1i s\u1ef1 b\u1ea5t an v\u00e0 c\u1ee7ng c\u1ed1 quy\u1ec1n uy.<\/span><\/li>\n<\/ul>\n<h3 data-rm-block-id=\"block-20\"><b>2.2. H\u00f3a Gi\u1ea3i S\u00e1t Kh\u00ed &amp; Tr\u1ea5n Tr\u1ea1ch Nh\u00e0 C\u1eeda<\/b><\/h3>\n<ul>\n<li style=\"font-weight: 400;\" aria-level=\"1\" data-rm-block-id=\"block-21\"><b>Tr\u1ea5n Tr\u1ea1ch:<\/b><span style=\"font-weight: 400;\"> \u0110\u1eb7t <\/span><b>Tr\u1ee5 \u0110\u00e1 Th\u1ea1ch Anh \u0110en<\/b><span style=\"font-weight: 400;\"> t\u1ea1i c\u00e1c g\u00f3c nh\u1ecdn trong nh\u00e0 (g\u00f3c x\u00e0 ngang, h\u00e0nh lang th\u1eb3ng) \u0111\u1ec3 <\/span><b>h\u00f3a gi\u1ea3i s\u00e1t kh\u00ed<\/b><span style=\"font-weight: 400;\"> v\u00e0 c\u00e1c n\u0103ng l\u01b0\u1ee3ng h\u00ecnh s\u00e1t.<\/span><\/li>\n<li style=\"font-weight: 400;\" aria-level=\"1\" data-rm-block-id=\"block-22\"><b>B\u1ea3o V\u1ec7:<\/b><span style=\"font-weight: 400;\"> \u0110\u1eb7t \u0111\u1ed1i di\u1ec7n c\u1eeda ra v\u00e0o (kh\u00f4ng tr\u1ef1c ti\u1ebfp) \u0111\u1ec3 <\/span><b>c\u1ea3n n\u0103ng l\u01b0\u1ee3ng x\u1ea5u<\/b><span style=\"font-weight: 400;\"> x\u00e2m nh\u1eadp v\u00e0o kh\u00f4ng gian s\u1ed1ng c\u1ee7a b\u1ea1n.<\/span><\/li>\n<\/ul>\n<h2 data-rm-block-id=\"block-23\"><b>III. Phong Th\u1ee7y H\u1ee3p M\u1ec7nh v\u00e0 Ti\u00eau Chu\u1ea9n Ch\u1ea5t L\u01b0\u1ee3ng SOLUNA<\/b><\/h2>\n<h3 data-rm-block-id=\"block-24\"><b>3.1. Tr\u1ee5 \u0110\u00e1 Th\u1ea1ch Anh \u0110en H\u1ee3p M\u1ec7nh N\u00e0o Nh\u1ea5t?<\/b><\/h3>\n<p data-rm-block-id=\"block-25\"><span style=\"font-weight: 400;\">M\u00e0u \u0111en thu\u1ed9c h\u00e0nh <\/span><b>TH\u1ee6Y<\/b><span style=\"font-weight: 400;\">. Do \u0111\u00f3, <\/span><b>Tr\u1ee5 \u0110\u00e1 Th\u1ea1ch Anh \u0110en<\/b><span style=\"font-weight: 400;\"> l\u00e0 l\u1ef1a ch\u1ecdn tuy\u1ec7t v\u1eddi cho:<\/span><\/p>\n<ul>\n<li style=\"font-weight: 400;\" aria-level=\"1\" data-rm-block-id=\"block-26\"><b>M\u1ec7nh TH\u1ee6Y (T\u01b0\u01a1ng h\u1ee3p):<\/b><span style=\"font-weight: 400;\"> Gi\u00fap t\u0103ng c\u01b0\u1eddng s\u1ee9c m\u1ea1nh d\u00f2ng ch\u1ea3y t\u00e0i l\u1ed9c, s\u1ef1 nghi\u1ec7p hanh th\u00f4ng.<\/span><\/li>\n<li style=\"font-weight: 400;\" aria-level=\"1\" data-rm-block-id=\"block-27\"><b>M\u1ec7nh M\u1ed8C (T\u01b0\u01a1ng sinh):<\/b><span style=\"font-weight: 400;\"> Th\u1ee7y sinh M\u1ed9c. \u0110em l\u1ea1i s\u1ef1 h\u1ed7 tr\u1ee3 t\u1ed1i \u0111a cho s\u1ef1 nghi\u1ec7p ph\u00e1t tri\u1ec3n, ti\u1ec1n t\u00e0i sinh s\u00f4i.<\/span><\/li>\n<\/ul>\n<h3 data-rm-block-id=\"block-28\"><b>3.2. Ti\u00eau Chu\u1ea9n M\u00e0u \u0110en T\u1ef1 Nhi\u00ean &amp; Quy Tr\u00ecnh K\u00edch Ho\u1ea1t Luna<\/b><\/h3>\n<p data-rm-block-id=\"block-29\"><b>Tr\u1ee5 \u0110\u00e1 Th\u1ea1ch Anh \u0110en<\/b><span style=\"font-weight: 400;\"> t\u1ef1 nhi\u00ean (Morion) c\u00f3 \u0111\u1ed9 \u0111en s\u00e2u, \u0111\u00f4i khi c\u00f3 \u00e1nh kh\u00f3i ho\u1eb7c \u00e1nh n\u00e2u (kh\u00f4ng ph\u1ea3i \u0111en k\u1ecbt v\u00e0 \u0111\u1ee5c m\u00e0u),<\/span><span style=\"font-weight: 400;\">\u00a0b\u1ea1n n\u00ean tr\u00e1nh c\u00e1c lo\u1ea1i \u0111\u00e1 \u0111en b\u1ecb nhu\u1ed9m v\u00ec ch\u00fang kh\u00f4ng gi\u1eef \u0111\u01b0\u1ee3c t\u1ea7n s\u1ed1 n\u0103ng l\u01b0\u1ee3ng t\u1ef1 nhi\u00ean.<\/span><\/p>\n<p data-rm-block-id=\"block-30\"><span style=\"font-weight: 400;\">Quy tr\u00ecnh <\/span><b>K\u00edch ho\u1ea1t Luna (M\u1eb7t Tr\u0103ng)<\/b><span style=\"font-weight: 400;\"> c\u1ee7a SOLUNA \u0111\u1ea3m b\u1ea3o tr\u1ee5 \u0111\u00e1 \u0111\u01b0\u1ee3c thanh t\u1ea9y v\u00e0 n\u1ea1p \u0111\u1ea7y n\u0103ng l\u01b0\u1ee3ng b\u1ea3o v\u1ec7 \u1ed5n \u0111\u1ecbnh nh\u1ea5t.<\/span><\/p>\n<h2 data-rm-block-id=\"block-31\"><b>IV. <\/b><b>C\u1ea3nh B\u00e1o: 3 \u0110i\u1ec1u C\u1ea7n Tr\u00e1nh Khi S\u1edf H\u1eefu Tr\u1ee5 \u0110\u00e1 \u0110en<\/b><\/h2>\n<p data-rm-block-id=\"block-32\"><span style=\"font-weight: 400;\">\u0110\u00e2y l\u00e0 <\/span><b>nh\u1eefng \u0111i\u1ec1u ki\u00eang k\u1ef5 khi \u0111\u1eb7t \u0111\u00e1 phong th\u1ee7y<\/b><span style=\"font-weight: 400;\"> m\u00e0 b\u1ea1n ph\u1ea3i bi\u1ebft:<\/span><\/p>\n<ul>\n<li style=\"font-weight: 400;\" aria-level=\"1\" data-rm-block-id=\"block-33\"><b>Ki\u00eang K\u1ef5 1:<\/b><span style=\"font-weight: 400;\"> Kh\u00f4ng \u0111\u1eb7t g\u1ea7n n\u01a1i \u00f4 u\u1ebf, \u1ea9m th\u1ea5p (nh\u00e0 v\u1ec7 sinh, g\u00f3c khu\u1ea5t thi\u1ebfu \u00e1nh s\u00e1ng) v\u00ec s\u1ebd l\u00e0m gi\u1ea3m n\u0103ng l\u01b0\u1ee3ng b\u1ea3o v\u1ec7 c\u1ee7a tr\u1ee5 \u0111\u00e1.<\/span><\/li>\n<li><b>Ki\u00eang K\u1ef5 2:<\/b><span style=\"font-weight: 400;\"> Th\u01b0\u1eddng xuy\u00ean l\u00e0m s\u1ea1ch. Kh\u00f4ng \u0111\u1ec3 <\/span><b>Tr\u1ee5 \u0110\u00e1 Th\u1ea1ch Anh \u0110en<\/b><span style=\"font-weight: 400;\"> b\u1ecb b\u00e1m b\u1ee5i b\u1ea9n, v\u00ec b\u1ee5i b\u1ea9n c\u1ea3n tr\u1edf s\u1ef1 l\u01b0u th\u00f4ng v\u00e0 l\u00e0m t\u1eafc ngh\u1ebdn kh\u1ea3 n\u0103ng h\u00fat s\u00e1t kh\u00ed c\u1ee7a \u0111\u00e1.<\/span><\/li>\n<\/ul>\n<h2><strong>V. Li\u00ean h\u1ec7 ngay \u0111\u1ec3 \u0111\u01b0\u1ee3c t\u01b0 v\u1ea5n th\u00eam<\/strong><\/h2>\n<p>N\u1ebfu b\u1ea1n c\u1ea7n t\u01b0 v\u1ea5n chuy\u00ean s\u00e2u v\u1ec1 vi\u1ec7c ch\u1ecdn \u0111\u00e1 h\u1ee3p m\u1ec7nh, \u0111\u1eebng ng\u1ea7n ng\u1ea1i Li\u00ean H\u1ec7 Ngay <strong><a class=\"ng-star-inserted\" href=\"https:\/\/daphongthuysoluna.vn\/en\/lien-he\/\" target=\"_blank\" rel=\"noopener\" data-hveid=\"0\" data-ved=\"0CAAQ_4QMahcKEwjqiJm2wbqRAxUAAAAAHQAAAAAQcA\">https:\/\/daphongthuysoluna.vn\/lien-he\/<\/a> <\/strong>\u0111\u1ec3 nh\u1eadn \u0111\u01b0\u1ee3c s\u1ef1 h\u1ed7 tr\u1ee3 t\u1ed1t nh\u1ea5t!<strong><br \/>\n<\/strong><\/p>\n<p data-rm-block-id=\"block-35\">","protected":false},"excerpt":{"rendered":"<div><strong>Ch\u1ea5t li\u1ec7u v\u00e0 ho\u00e0n thi\u1ec7n:<\/strong> t\u1ef1 nhi\u00ean 100%. S\u1eafc \u0111en huy\u1ec1n b\u00ed, \u0111\u1ea1i di\u1ec7n cho n\u0103ng l\u01b0\u1ee3ng Luna (\u00c2m). Ho\u00e0n thi\u1ec7n d\u1ea1ng Tr\u1ee5 (ng\u1ecdn th\u00e1p) t\u01b0\u1ee3ng tr\u01b0ng cho s\u1ef1 v\u1eefng ch\u00e3i, th\u0103ng ti\u1ebfn kh\u00f4ng ng\u1eebng v\u00e0 s\u1ef1 nghi\u1ec7p nh\u01b0 c\u1ed9t tr\u1ee5.<\/div>\n<div><\/div>\n<div><strong>K\u00edch th\u01b0\u1edbc:<\/strong> \u0110a d\u1ea1ng k\u00edch th\u01b0\u1edbc<\/div>\n<div><\/div>\n<div><strong>\u00dd ngh\u0129a:<\/strong> tr\u1ea5n tr\u1ea1ch, h\u1ea5p th\u1ee5 v\u00e0 trung h\u00f2a s\u00e1t kh\u00ed, s\u00f3ng \u0111i\u1ec7n t\u1eeb (t\u1eeb m\u00e1y t\u00ednh, wifi) v\u00e0 n\u0103ng l\u01b0\u1ee3ng ti\u00eau c\u1ef1c (ghen gh\u00e9t). \u1ed4n \u0111\u1ecbnh V\u1eadn Tr\u00ecnh: K\u00edch ho\u1ea1t Lu\u00e2n Xa G\u1ed1c, t\u1ea1o \u0111i\u1ec3m t\u1ef1a v\u1eefng ch\u1eafc, t\u0103ng s\u1ef1 t\u1ef1 tin v\u00e0 c\u1ee7ng c\u1ed1 quy\u1ec1n uy l\u00e3nh \u0111\u1ea1o. Phong th\u1ee7y: H\u1ee3p M\u1ec7nh Th\u1ee7y (T\u01b0\u01a1ng H\u1ee3p) v\u00e0 M\u1ec7nh M\u1ed9c (T\u01b0\u01a1ng Sinh).<\/div>\n<div><\/div>\n<div><strong>C\u00e1ch s\u1eed d\u1ee5ng: <\/strong>\u0111\u1eb7t \u1edf g\u00f3c tr\u00e1i\/ph\u1ea3i b\u00e0n ho\u1eb7c sau l\u01b0ng (v\u1ecb tr\u00ed Huy\u1ec1n V\u0169) \u0111\u1ec3 t\u1ea1o \u0111i\u1ec3m t\u1ef1a v\u1eefng ch\u1eafc v\u00e0 c\u1ee7ng c\u1ed1 quy\u1ec1n uy. \u0110\u1eb7t t\u1ea1i c\u00e1c g\u00f3c nh\u1ecdn, x\u00e0 ngang trong nh\u00e0 ho\u1eb7c \u0111\u1ed1i di\u1ec7n c\u1eeda ra v\u00e0o (kh\u00f4ng tr\u1ef1c ti\u1ebfp) \u0111\u1ec3 c\u1ea3n n\u0103ng l\u01b0\u1ee3ng x\u1ea5u.<\/div>","protected":false},"featured_media":1494,"comment_status":"open","ping_status":"closed","template":"","meta":{"_acf_changed":false},"product_brand":[],"product_cat":[76,100],"product_tag":[],"class_list":{"0":"post-1033","1":"product","2":"type-product","3":"status-publish","4":"has-post-thumbnail","6":"product_cat-tru-da-thach-anh","7":"product_cat-menh-thuy","9":"first","10":"instock","11":"shipping-taxable","12":"product-type-simple"},"acf":[],"_links":{"self":[{"href":"https:\/\/daphongthuysoluna.vn\/en\/wp-json\/wp\/v2\/product\/1033","targetHints":{"allow":["GET"]}}],"collection":[{"href":"https:\/\/daphongthuysoluna.vn\/en\/wp-json\/wp\/v2\/product"}],"about":[{"href":"https:\/\/daphongthuysoluna.vn\/en\/wp-json\/wp\/v2\/types\/product"}],"replies":[{"embeddable":true,"href":"https:\/\/daphongthuysoluna.vn\/en\/wp-json\/wp\/v2\/comments?post=1033"}],"wp:featuredmedia":[{"embeddable":true,"href":"https:\/\/daphongthuysoluna.vn\/en\/wp-json\/wp\/v2\/media\/1494"}],"wp:attachment":[{"href":"https:\/\/daphongthuysoluna.vn\/en\/wp-json\/wp\/v2\/media?parent=1033"}],"wp:term":[{"taxonomy":"product_brand","embeddable":true,"href":"https:\/\/daphongthuysoluna.vn\/en\/wp-json\/wp\/v2\/product_brand?post=1033"},{"taxonomy":"product_cat","embeddable":true,"href":"https:\/\/daphongthuysoluna.vn\/en\/wp-json\/wp\/v2\/product_cat?post=1033"},{"taxonomy":"product_tag","embeddable":true,"href":"https:\/\/daphongthuysoluna.vn\/en\/wp-json\/wp\/v2\/product_tag?post=1033"}],"curies":[{"name":"wp","href":"https:\/\/api.w.org\/{rel}","templated":true}]}}