{"id":1035,"date":"2025-12-01T04:20:54","date_gmt":"2025-11-30T21:20:54","guid":{"rendered":"https:\/\/daphongthuysoluna.vn\/?post_type=product&#038;p=1035"},"modified":"2026-01-13T16:06:15","modified_gmt":"2026-01-13T09:06:15","slug":"tru-thach-anh-xanh","status":"publish","type":"product","link":"https:\/\/daphongthuysoluna.vn\/en\/product\/tru-thach-anh-xanh\/","title":{"rendered":"Tr\u1ee5 Th\u1ea1ch Anh Xanh"},"content":{"rendered":"<h1 data-path-to-node=\"16\"><span style=\"color: #d3af34;\"><b data-path-to-node=\"16\" data-index-in-node=\"0\">Tr\u1ee5 \u0110\u00e1 Th\u1ea1ch Anh Xanh T\u1ef1 Nhi\u00ean \u2013 &#8220;B\u00f9a H\u1ed9 M\u1ec7nh&#8221; Cho S\u1ef1 Nghi\u1ec7p Hanh Th\u00f4ng &amp; T\u00e0i L\u1ed9c V\u1eefng B\u1ec1n<\/b><\/span><\/h1>\n<p data-path-to-node=\"17\">B\u1ea1n c\u1ea3m th\u1ea5y c\u00f4ng vi\u1ec7c \u0111ang tr\u00ec tr\u1ec7, \u00e1p l\u1ef1c \u0111\u00e8 n\u1eb7ng hay \u0111\u01a1n gi\u1ea3n l\u00e0 mu\u1ed1n t\u00ecm m\u1ed9t v\u1eadt ph\u1ea9m phong th\u1ee7y \u0111\u1eb3ng c\u1ea5p \u0111\u1ec3 tr\u1ea5n tr\u1ea1ch? <b data-path-to-node=\"17\" data-index-in-node=\"125\">Tr\u1ee5 \u0110\u00e1 Th\u1ea1ch Anh Xanh (Aventurine)<\/b> ch\u00ednh l\u00e0 gi\u1ea3i ph\u00e1p n\u0103ng l\u01b0\u1ee3ng m\u00e0 gi\u1edbi doanh nh\u00e2n v\u00e0 v\u0103n ph\u00f2ng s\u0103n \u0111\u00f3n nh\u1ea5t hi\u1ec7n nay.<img loading=\"lazy\" decoding=\"async\" class=\"aligncenter wp-image-1507 size-full\" src=\"https:\/\/daphongthuysoluna.vn\/wp-content\/uploads\/2025\/12\/tru-thach-anh-xanh2.jpg\" alt=\"Tr\u1ee5 \u0110\u00e1 Th\u1ea1ch Anh Xanh (Green Aventurine), &quot;l\u00e1 b\u00f9a&quot; chi\u00eau may m\u1eafn, khai m\u1edf c\u01a1 h\u1ed9i th\u0103ng ti\u1ebfn v\u00e0 c\u00e2n b\u1eb1ng Lu\u00e2n Xa Tim.\" width=\"600\" height=\"600\" srcset=\"https:\/\/daphongthuysoluna.vn\/wp-content\/uploads\/2025\/12\/tru-thach-anh-xanh2.jpg 600w, https:\/\/daphongthuysoluna.vn\/wp-content\/uploads\/2025\/12\/tru-thach-anh-xanh2-247x247.jpg 247w, https:\/\/daphongthuysoluna.vn\/wp-content\/uploads\/2025\/12\/tru-thach-anh-xanh2-100x100.jpg 100w, https:\/\/daphongthuysoluna.vn\/wp-content\/uploads\/2025\/12\/tru-thach-anh-xanh2-510x510.jpg 510w, https:\/\/daphongthuysoluna.vn\/wp-content\/uploads\/2025\/12\/tru-thach-anh-xanh2-300x300.jpg 300w, https:\/\/daphongthuysoluna.vn\/wp-content\/uploads\/2025\/12\/tru-thach-anh-xanh2-150x150.jpg 150w\" sizes=\"auto, (max-width: 600px) 100vw, 600px\" \/><\/p>\n<h2 data-path-to-node=\"18\"><b data-path-to-node=\"18\" data-index-in-node=\"0\"><span style=\"color: #d3af34;\">Vi\u00ean \u0111\u00e1 c\u1ee7a s\u1ef1 th\u1ecbnh v\u01b0\u1ee3ng v\u00e0 c\u01a1 h\u1ed9i<\/span> <\/b><\/h2>\n<p data-path-to-node=\"18\">\u00a0Kh\u00e1c v\u1edbi c\u00e1c d\u00f2ng \u0111\u00e1 kh\u00e1c, Th\u1ea1ch Anh Xanh mang s\u1eafc xanh l\u1ee5c c\u1ee7a s\u1ef1 sinh s\u00f4i, n\u1ea3y n\u1edf. D\u00e1ng tr\u1ee5 \u0111\u1ee9ng v\u1edbi \u0111\u1ec9nh nh\u1ecdn v\u01b0\u01a1n cao bi\u1ec3u t\u01b0\u1ee3ng cho s\u1ef1 th\u0103ng ti\u1ebfn kh\u00f4ng ng\u1eebng, gi\u00fap ch\u1ee7 nh\u00e2n v\u1eefng v\u00e0ng tr\u01b0\u1edbc m\u1ecdi s\u00f3ng gi\u00f3 v\u00e0 n\u1eafm b\u1eaft nh\u1eefng c\u01a1 h\u1ed9i qu\u00fd gi\u00e1 trong kinh doanh.<\/p>\n<h2 data-path-to-node=\"19\"><span style=\"color: #d3af34;\"><b data-path-to-node=\"19\" data-index-in-node=\"0\">C\u00f4ng d\u1ee5ng v\u01b0\u1ee3t tr\u1ed9i c\u1ee7a Tr\u1ee5 Th\u1ea1ch Anh Xanh\u00a0<\/b><\/span><\/h2>\n<ul data-path-to-node=\"20\">\n<li>\n<p data-path-to-node=\"20,0,0\"><b data-path-to-node=\"20,0,0\" data-index-in-node=\"0\">Thu h\u00fat t\u00e0i v\u1eadn:<\/b> \u0110\u01b0\u1ee3c m\u1ec7nh danh l\u00e0 &#8220;Th\u1ea1ch anh t\u00e0i l\u1ed9c&#8221;, \u0111\u1eb7t tr\u1ee5 \u0111\u00e1 n\u00e0y gi\u00fap k\u00edch ho\u1ea1t lu\u1ed3ng kh\u00ed may m\u1eafn, h\u1ed7 tr\u1ee3 c\u00e1c cu\u1ed9c \u0111\u00e0m ph\u00e1n di\u1ec5n ra thu\u1eadn l\u1ee3i.<\/p>\n<\/li>\n<li>\n<p data-path-to-node=\"20,1,0\"><b data-path-to-node=\"20,1,0\" data-index-in-node=\"0\">B\u1ea3o v\u1ec7 s\u1ee9c kh\u1ecfe:<\/b> N\u0103ng l\u01b0\u1ee3ng t\u1eeb \u0111\u00e1 t\u1ef1 nhi\u00ean gi\u00fap \u0111i\u1ec1u h\u00f2a nh\u1ecbp tim, gi\u1ea3m ch\u1ee9ng \u0111au \u0111\u1ea7u v\u00e0 \u0111\u1eb7c bi\u1ec7t l\u00e0 kh\u1ea3 n\u0103ng &#8220;h\u00fat&#8221; b\u1ee9c x\u1ea1 t\u1eeb m\u00e1y t\u00ednh, \u0111i\u1ec7n tho\u1ea1i \u2013 v\u1eadt b\u1ea5t ly th\u00e2n c\u1ee7a ng\u01b0\u1eddi l\u00e0m vi\u1ec7c v\u0103n ph\u00f2ng.<\/p>\n<\/li>\n<li>\n<p data-path-to-node=\"20,2,0\"><b data-path-to-node=\"20,2,0\" data-index-in-node=\"0\">C\u00e2n b\u1eb1ng t\u00e2m tr\u00ed:<\/b> M\u00e0u xanh d\u1ecbu nh\u1eb9 t\u00e1c \u0111\u1ed9ng tr\u1ef1c ti\u1ebfp \u0111\u1ebfn Lu\u00e2n xa tim, gi\u00fap b\u1ea1n ki\u1ec1m ch\u1ebf c\u01a1n gi\u1eadn, ng\u1ee7 ngon h\u01a1n v\u00e0 lu\u00f4n gi\u1eef \u0111\u01b0\u1ee3c s\u1ef1 t\u1ec9nh t\u00e1o \u0111\u1ec3 \u0111\u01b0a ra quy\u1ebft \u0111\u1ecbnh s\u00e1ng su\u1ed1t.<\/p>\n<\/li>\n<\/ul>\n<h2 data-path-to-node=\"21\"><span style=\"color: #d3af34;\"><b data-path-to-node=\"21\" data-index-in-node=\"0\">Tr\u1ee5 Th\u1ea1ch Anh Xanh h\u1ee3p v\u1edbi ai?\u00a0<\/b><\/span><\/h2>\n<p data-path-to-node=\"21\">Theo thuy\u1ebft ng\u0169 h\u00e0nh, s\u1ea3n ph\u1ea9m l\u00e0 s\u1ef1 l\u1ef1a ch\u1ecdn ho\u00e0n h\u1ea3o cho:<\/p>\n<ul data-path-to-node=\"22\">\n<li>\n<p data-path-to-node=\"22,0,0\"><b data-path-to-node=\"22,0,0\" data-index-in-node=\"0\">M\u1ec7nh M\u1ed9c (T\u01b0\u01a1ng h\u1ee3p):<\/b> Gi\u00fap b\u1ea3n m\u1ec7nh th\u00eam v\u1eefng ch\u00e3i, ph\u00e1t huy t\u1ed1i \u0111a n\u0103ng l\u1ef1c c\u00e1 nh\u00e2n.<\/p>\n<\/li>\n<li>\n<p data-path-to-node=\"22,1,0\"><b data-path-to-node=\"22,1,0\" data-index-in-node=\"0\">M\u1ec7nh H\u1ecfa (T\u01b0\u01a1ng sinh):<\/b> H\u1ecfa \u0111\u01b0\u1ee3c M\u1ed9c d\u01b0\u1ee1ng, gi\u00fap ch\u1ee7 nh\u00e2n g\u1eb7p \u0111\u01b0\u1ee3c qu\u00fd nh\u00e2n ph\u00f9 tr\u1ee3, ti\u1ec1n t\u00e0i hanh th\u00f4ng.<\/p>\n<\/li>\n<\/ul>\n<p><img loading=\"lazy\" decoding=\"async\" class=\"aligncenter size-large wp-image-1154\" src=\"https:\/\/daphongthuysoluna.vn\/wp-content\/uploads\/2025\/12\/Anh-man-hinh-2025-12-13-luc-02.18.14-1024x946.png\" alt=\"Tr\u1ee5 Th\u1ea1ch Anh Xanh (Green Aventurine) nguy\u00ean kh\u1ed1i m\u00e0u xanh l\u1ee5c b\u1ea3o, \u0111\u1eb7t tr\u00ean b\u00e0n l\u00e0m vi\u1ec7c c\u1ea1nh laptop ho\u1eb7c s\u1ed5 tay. Tr\u1ee5 \u0111\u00e1 bi\u1ec3u t\u01b0\u1ee3ng cho c\u01a1 h\u1ed9i, may m\u1eafn v\u00e0 s\u1ef1 t\u0103ng tr\u01b0\u1edfng n\u0103ng l\u01b0\u1ee3ng M\u1ed9c.\" width=\"1020\" height=\"942\" srcset=\"https:\/\/daphongthuysoluna.vn\/wp-content\/uploads\/2025\/12\/Anh-man-hinh-2025-12-13-luc-02.18.14-1024x946.png 1024w, https:\/\/daphongthuysoluna.vn\/wp-content\/uploads\/2025\/12\/Anh-man-hinh-2025-12-13-luc-02.18.14-247x228.png 247w, https:\/\/daphongthuysoluna.vn\/wp-content\/uploads\/2025\/12\/Anh-man-hinh-2025-12-13-luc-02.18.14-510x471.png 510w, https:\/\/daphongthuysoluna.vn\/wp-content\/uploads\/2025\/12\/Anh-man-hinh-2025-12-13-luc-02.18.14-300x277.png 300w, https:\/\/daphongthuysoluna.vn\/wp-content\/uploads\/2025\/12\/Anh-man-hinh-2025-12-13-luc-02.18.14-768x709.png 768w, https:\/\/daphongthuysoluna.vn\/wp-content\/uploads\/2025\/12\/Anh-man-hinh-2025-12-13-luc-02.18.14.png 1202w\" sizes=\"auto, (max-width: 1020px) 100vw, 1020px\" \/><\/p>\n<h2 data-path-to-node=\"24\"><span style=\"color: #d3af34;\"><b data-path-to-node=\"24\" data-index-in-node=\"0\">H\u01b0\u1edbng d\u1eabn \u0111\u1eb7t tr\u1ee5 \u0111\u00e1 \u0111\u1ec3 \u0111\u1ea1t hi\u1ec7u qu\u1ea3 cao nh\u1ea5t\u00a0<\/b><\/span><\/h2>\n<p data-path-to-node=\"24\">\u0110\u1ec3 tr\u1ee5 \u0111\u00e1 ph\u00e1t huy t\u1ed1i \u0111a c\u00f4ng n\u0103ng, b\u1ea1n n\u00ean:<\/p>\n<ol start=\"1\" data-path-to-node=\"25\">\n<li>\n<p data-path-to-node=\"25,0,0\"><b data-path-to-node=\"25,0,0\" data-index-in-node=\"0\">\u0110\u1eb7t t\u1ea1i g\u00f3c \u0110\u00f4ng Nam b\u00e0n l\u00e0m vi\u1ec7c:<\/b> \u0110\u00e2y l\u00e0 cung T\u00e0i L\u1ed9c, gi\u00fap ti\u1ec1n b\u1ea1c \u0111\u1ed5 v\u1ec1, s\u1ef1 nghi\u1ec7p th\u0103ng ti\u1ebfn.<\/p>\n<\/li>\n<li>\n<p data-path-to-node=\"25,1,0\"><b data-path-to-node=\"25,1,0\" data-index-in-node=\"0\">\u0110\u1eb7t \u0111\u1ed1i di\u1ec7n c\u1eeda ra v\u00e0o ph\u00f2ng kh\u00e1ch:<\/b> Gi\u00fap tr\u1ea5n tr\u1ea1ch, xua \u0111u\u1ed5i t\u00e0 kh\u00ed v\u00e0 n\u0103ng l\u01b0\u1ee3ng ti\u00eau c\u1ef1c t\u1eeb b\u00ean ngo\u00e0i.<\/p>\n<\/li>\n<li>\n<p data-path-to-node=\"25,2,0\"><b data-path-to-node=\"25,2,0\" data-index-in-node=\"0\">L\u01b0u \u00fd:<\/b> Th\u01b0\u1eddng xuy\u00ean lau ch\u00f9i b\u1eb1ng kh\u0103n s\u1ea1ch v\u00e0 n\u01b0\u1edbc \u1ea5m \u0111\u1ec3 \u0111\u00e1 lu\u00f4n s\u00e1ng b\u00f3ng v\u00e0 tr\u00e0n \u0111\u1ea7y n\u0103ng l\u01b0\u1ee3ng.<\/p>\n<\/li>\n<\/ol>\n<h2 data-path-to-node=\"26\"><span style=\"color: #d3af34;\"><b data-path-to-node=\"26\" data-index-in-node=\"0\">T\u1ea1i sao n\u00ean tin ch\u1ecdn \u0110\u00e1 Phong Th\u1ee7y SOLUNA<\/b><\/span><\/h2>\n<p data-path-to-node=\"26\">Ch\u00fang t\u00f4i kh\u00f4ng ch\u1ec9 b\u00e1n \u0111\u00e1, ch\u00fang t\u00f4i trao g\u1eedi ni\u1ec1m tin v\u00e0 s\u1ef1 b\u00ecnh an:<\/p>\n<ul data-path-to-node=\"27\">\n<li>\n<p data-path-to-node=\"27,0,0\"><b data-path-to-node=\"27,0,0\" data-index-in-node=\"0\">\u0110\u00e1 th\u1eadt 100%:<\/b> Ph\u00e1t hi\u1ec7n \u0111\u00e1 gi\u1ea3, \u0111\u00e1 nhu\u1ed9m xin b\u1ed3i th\u01b0\u1eddng 200% gi\u00e1 tr\u1ecb.<\/p>\n<\/li>\n<li>\n<p data-path-to-node=\"27,1,0\"><b data-path-to-node=\"27,1,0\" data-index-in-node=\"0\">N\u0103ng l\u01b0\u1ee3ng s\u1ea1ch:<\/b> \u0110\u00e1 \u0111\u01b0\u1ee3c thanh t\u1ea9y v\u00e0 n\u1ea1p n\u0103ng l\u01b0\u1ee3ng t\u00edch c\u1ef1c tr\u01b0\u1edbc khi \u0111\u1ebfn tay kh\u00e1ch h\u00e0ng.<\/p>\n<\/li>\n<li>\n<p data-path-to-node=\"27,3,0\"><b data-path-to-node=\"27,3,0\" data-index-in-node=\"0\">Giao h\u00e0ng h\u1ecfa t\u1ed1c:<\/b> Ki\u1ec3m tra h\u00e0ng tr\u01b0\u1edbc khi thanh to\u00e1n, h\u1ed7 tr\u1ee3 \u0111\u1ed5i tr\u1ea3 trong 7 ng\u00e0y.<\/p>\n<\/li>\n<\/ul>\n<blockquote data-path-to-node=\"28\">\n<p data-path-to-node=\"28,0\"><b data-path-to-node=\"28,0\" data-index-in-node=\"0\">\u01afU \u0110\u00c3I C\u00d3 H\u1ea0N:<\/b> T\u1eb7ng ngay t\u00fai \u0111\u00e1 th\u1ea1ch anh cho kh\u00e1ch h\u00e0ng \u0111\u1eb7t mua h\u00f4m nay!<\/p>\n<\/blockquote>\n<p data-path-to-node=\"28,0\">LI\u00caN H\u1ec6 V\u1edaI CH\u00daNG T\u00d4I \u0110\u1ec2 \u0110\u01af\u1ee2C T\u01af V\u1ea4N V\u00c0 B\u00c1O GI\u00c1!<\/p>","protected":false},"excerpt":{"rendered":"<p>&#8211; Ch\u1ea5t li\u1ec7u: \u00a0Th\u1ea1ch anh xanh<br \/>\n&#8211; M\u00e0u s\u1eafc: Xanh t\u1ef1 nhi\u00ean (kh\u00f4ng qua x\u1eed l\u00fd)<br \/>\n&#8211; Ki\u1ec3u d\u00e1ng: Tr\u1ee5 \u0111\u00e1 th\u1ea1ch anh<br \/>\n&#8211; Ch\u1ea5t l\u01b0\u1ee3ng: bao ki\u1ec3m \u0111\u1ecbnh t\u1ef1 nhi\u00ean<br \/>\n&#8211; H\u1ee3p m\u1ec7nh: M\u1ec7nh H\u1ecfa &#8211; M\u1ed9c<br \/>\n&#8211; S\u1eed d\u1ee5ng: Trang tr\u00ed &#8211; tr\u01b0ng b\u00e0y, qu\u00e0 t\u1eb7ng, phong th\u1ee7y,..<br \/>\n&#8211; B\u1ea3o h\u00e0nh: V\u0129nh vi\u1ec5n v\u1ec1 m\u00e0u s\u1eafc<br \/>\n&#8211; \u00dd ngh\u0129a: Chi\u00eau t\u00e0i &#8211; hanh th\u00f4ng &#8211; thu h\u00fat t\u00e0i kh\u00ed &#8211; xua \u0111u\u1ed5i t\u00e0 kh\u00ed<br \/>\nLI\u00caN H\u1ec6 V\u1edaI CH\u00daNG T\u00d4I \u0110\u1ec2 \u0110\u01af\u1ee2C T\u01af V\u1ea4N V\u00c0 B\u00c1O GI\u00c1<\/p>","protected":false},"featured_media":1506,"comment_status":"open","ping_status":"closed","template":"","meta":{"_acf_changed":false},"product_brand":[],"product_cat":[76,101,98],"product_tag":[],"class_list":{"0":"post-1035","1":"product","2":"type-product","3":"status-publish","4":"has-post-thumbnail","6":"product_cat-tru-da-thach-anh","7":"product_cat-menh-hoa","8":"product_cat-menh-moc","10":"first","11":"instock","12":"shipping-taxable","13":"product-type-simple"},"acf":[],"_links":{"self":[{"href":"https:\/\/daphongthuysoluna.vn\/en\/wp-json\/wp\/v2\/product\/1035","targetHints":{"allow":["GET"]}}],"collection":[{"href":"https:\/\/daphongthuysoluna.vn\/en\/wp-json\/wp\/v2\/product"}],"about":[{"href":"https:\/\/daphongthuysoluna.vn\/en\/wp-json\/wp\/v2\/types\/product"}],"replies":[{"embeddable":true,"href":"https:\/\/daphongthuysoluna.vn\/en\/wp-json\/wp\/v2\/comments?post=1035"}],"wp:featuredmedia":[{"embeddable":true,"href":"https:\/\/daphongthuysoluna.vn\/en\/wp-json\/wp\/v2\/media\/1506"}],"wp:attachment":[{"href":"https:\/\/daphongthuysoluna.vn\/en\/wp-json\/wp\/v2\/media?parent=1035"}],"wp:term":[{"taxonomy":"product_brand","embeddable":true,"href":"https:\/\/daphongthuysoluna.vn\/en\/wp-json\/wp\/v2\/product_brand?post=1035"},{"taxonomy":"product_cat","embeddable":true,"href":"https:\/\/daphongthuysoluna.vn\/en\/wp-json\/wp\/v2\/product_cat?post=1035"},{"taxonomy":"product_tag","embeddable":true,"href":"https:\/\/daphongthuysoluna.vn\/en\/wp-json\/wp\/v2\/product_tag?post=1035"}],"curies":[{"name":"wp","href":"https:\/\/api.w.org\/{rel}","templated":true}]}}