{"id":1038,"date":"2025-12-01T04:29:14","date_gmt":"2025-11-30T21:29:14","guid":{"rendered":"https:\/\/daphongthuysoluna.vn\/?post_type=product&#038;p=1038"},"modified":"2026-01-10T20:09:00","modified_gmt":"2026-01-10T13:09:00","slug":"tru-da-thach-anh-trang","status":"publish","type":"product","link":"https:\/\/daphongthuysoluna.vn\/en\/product\/tru-da-thach-anh-trang\/","title":{"rendered":"Tr\u1ee5 \u0110\u00e1 Th\u1ea1ch Anh Tr\u1eafng"},"content":{"rendered":"<h1><span style=\"color: #ffcc00;\"><strong>Tr\u1ee5 \u0110\u00e1 Th\u1ea1ch Anh Tr\u1eafng T\u1ef1 Nhi\u00ean 100% | N\u0103ng L\u01b0\u1ee3ng Ch\u1eefa L\u00e0nh<\/strong><\/span><\/h1>\n<h3>Trong th\u1ebf gi\u1edbi \u0111\u00e1 qu\u00fd, th\u1ea1ch anh tr\u1eafng \u0111\u01b0\u1ee3c t\u00f4n vinh l\u00e0 &#8220;b\u1eadc th\u1ea7y ch\u1eefa l\u00e0nh&#8221; (Master Healer). Kh\u00f4ng ch\u1ec9 mang v\u1ebb \u0111\u1eb9p tinh khi\u1ebft, n\u0103ng l\u01b0\u1ee3ng tr\u1ee5 \u0111\u00e1 th\u1ea1ch anh tr\u1eafng c\u00f2n s\u1edf h\u1eefu kh\u1ea3 n\u0103ng khu\u1ebfch \u0111\u1ea1i sinh kh\u00ed, mang l\u1ea1i s\u1ef1 minh m\u1eabn v\u00e0 b\u00ecnh an cho ch\u1ee7 s\u1edf h\u1eefu. N\u1ebfu b\u1ea1n \u0111ang t\u00ecm ki\u1ebfm m\u1ed9t v\u1eadt ph\u1ea9m v\u1eeba sang tr\u1ecdng v\u1eeba mang l\u1ea1i gi\u00e1 tr\u1ecb phong th\u1ee7y s\u00e2u s\u1eafc, tr\u1ee5 \u0111\u00e1 th\u1ea1ch anh tr\u1eafng ch\u00ednh l\u00e0 l\u1ef1a ch\u1ecdn \u01b0u ti\u00ean h\u00e0ng \u0111\u1ea7u.<\/h3>\n<figure id=\"attachment_1504\" aria-describedby=\"caption-attachment-1504\" style=\"width: 300px\" class=\"wp-caption aligncenter\"><img loading=\"lazy\" decoding=\"async\" class=\"size-medium wp-image-1504\" src=\"https:\/\/daphongthuysoluna.vn\/wp-content\/uploads\/2025\/12\/tru-thach-anh-trang2-300x300.jpg\" alt=\"Tr\u1ee5 \u0110\u00e1 Th\u1ea1ch Anh Tr\u1eafng t\u1ef1 nhi\u00ean (Clear Quartz), B\u1eadc Th\u1ea7y Ch\u1eefa L\u00e0nh, thu h\u00fat t\u00e0i l\u1ed9c v\u00e0 t\u0103ng c\u01b0\u1eddng t\u01b0 duy minh m\u1eabn.\" width=\"300\" height=\"300\" srcset=\"https:\/\/daphongthuysoluna.vn\/wp-content\/uploads\/2025\/12\/tru-thach-anh-trang2-300x300.jpg 300w, https:\/\/daphongthuysoluna.vn\/wp-content\/uploads\/2025\/12\/tru-thach-anh-trang2-247x247.jpg 247w, https:\/\/daphongthuysoluna.vn\/wp-content\/uploads\/2025\/12\/tru-thach-anh-trang2-100x100.jpg 100w, https:\/\/daphongthuysoluna.vn\/wp-content\/uploads\/2025\/12\/tru-thach-anh-trang2-510x510.jpg 510w, https:\/\/daphongthuysoluna.vn\/wp-content\/uploads\/2025\/12\/tru-thach-anh-trang2-150x150.jpg 150w, https:\/\/daphongthuysoluna.vn\/wp-content\/uploads\/2025\/12\/tru-thach-anh-trang2.jpg 600w\" sizes=\"auto, (max-width: 300px) 100vw, 300px\" \/><figcaption id=\"caption-attachment-1504\" class=\"wp-caption-text\">Tr\u1ee5 \u0110\u00e1 Th\u1ea1ch Anh Tr\u1eafng<\/figcaption><\/figure>\n<h2 data-path-to-node=\"4\"><span style=\"color: #ffcc00;\">\u00dd ngh\u0129a v\u00e0 c\u00f4ng d\u1ee5ng tuy\u1ec7t v\u1eddi c\u1ee7a tr\u1ee5 th\u1ea1ch anh tr\u1eafng<\/span><\/h2>\n<p data-path-to-node=\"5\">Tr\u1ee5 th\u1ea1ch anh tr\u1eafng v\u1edbi h\u00ecnh d\u00e1ng th\u1eb3ng \u0111\u1ee9ng, \u0111\u1ec9nh ch\u00f3p nh\u1ecdn l\u00e0 bi\u1ec3u t\u01b0\u1ee3ng c\u1ee7a s\u1ef1 v\u01b0\u01a1n l\u00ean v\u00e0 m\u1ea1nh m\u1ebd. Theo c\u00e1c chuy\u00ean gia n\u0103ng l\u01b0\u1ee3ng, d\u00f2ng <b data-path-to-node=\"5\" data-index-in-node=\"140\">n\u0103ng l\u01b0\u1ee3ng tr\u1ee5 \u0111\u00e1 th\u1ea1ch anh tr\u1eafng<\/b> c\u00f3 t\u1ea7n s\u1ed1 rung \u0111\u1ed9ng r\u1ea5t cao, gi\u00fap:<\/p>\n<ul data-path-to-node=\"6\">\n<li>\n<p data-path-to-node=\"6,0,0\"><b data-path-to-node=\"6,0,0\" data-index-in-node=\"0\">Thanh l\u1ecdc t\u00e2m tr\u00ed:<\/b> Lo\u1ea1i b\u1ecf c\u00e1c suy ngh\u0129 ti\u00eau c\u1ef1c, gi\u1ea3m b\u1edbt c\u0103ng th\u1eb3ng (stress) v\u00e0 \u00e1p l\u1ef1c trong c\u00f4ng vi\u1ec7c.<\/p>\n<\/li>\n<li>\n<p data-path-to-node=\"6,1,0\"><b data-path-to-node=\"6,1,0\" data-index-in-node=\"0\">Khu\u1ebfch \u0111\u1ea1i n\u0103ng l\u01b0\u1ee3ng:<\/b> N\u1ebfu \u0111\u1eb7t c\u1ea1nh c\u00e1c lo\u1ea1i \u0111\u00e1 kh\u00e1c, n\u00f3 s\u1ebd l\u00e0m t\u0103ng s\u1ee9c m\u1ea1nh c\u1ee7a c\u00e1c lo\u1ea1i \u0111\u00e1 \u0111\u00f3.<\/p>\n<\/li>\n<li>\n<p data-path-to-node=\"6,2,0\"><b data-path-to-node=\"6,2,0\" data-index-in-node=\"0\">H\u1ed7 tr\u1ee3 s\u1ee9c kh\u1ecfe:<\/b> Gi\u00fap \u0111i\u1ec1u h\u00f2a h\u1ec7 th\u1ea7n kinh, c\u1ea3i thi\u1ec7n tr\u00ed nh\u1edb v\u00e0 b\u1ea3o v\u1ec7 c\u01a1 th\u1ec3 kh\u1ecfi b\u1ee9c x\u1ea1 t\u1eeb m\u00e1y t\u00ednh, \u0111i\u1ec7n tho\u1ea1i.<\/p>\n<\/li>\n<\/ul>\n<p data-path-to-node=\"7\">V\u1eady <b data-path-to-node=\"7\" data-index-in-node=\"4\">th\u1ea1ch anh tr\u1eafng h\u1ee3p m\u1ec7nh g\u00ec?<\/b> Theo thuy\u1ebft Ng\u0169 h\u00e0nh, s\u1eafc tr\u1eafng tinh kh\u00f4i \u0111\u1ea1i di\u1ec7n cho h\u00e0nh Kim. Do \u0111\u00f3, \u0111\u00e2y l\u00e0 v\u1eadt ph\u1ea9m t\u01b0\u01a1ng h\u1ee3p tuy\u1ec7t v\u1eddi cho ng\u01b0\u1eddi <b data-path-to-node=\"7\" data-index-in-node=\"151\">m\u1ec7nh Kim<\/b> v\u00e0 l\u00e0 v\u1eadt ph\u1ea9m t\u01b0\u01a1ng sinh (Kim sinh Th\u1ee7y) mang l\u1ea1i \u0111\u1ea1i c\u00e1t cho ng\u01b0\u1eddi <b data-path-to-node=\"7\" data-index-in-node=\"229\">m\u1ec7nh Th\u1ee7y<\/b>. Ng\u01b0\u1eddi thu\u1ed9c hai b\u1ea3n m\u1ec7nh n\u00e0y khi s\u1eed d\u1ee5ng tr\u1ee5 th\u1ea1ch anh tr\u1eafng s\u1ebd g\u1eb7p nhi\u1ec1u thu\u1eadn l\u1ee3i, qu\u00fd nh\u00e2n ph\u00f9 tr\u1ee3 v\u00e0 t\u00e0i l\u1ed9c han th\u00f4ng.<\/p>\n<h2 data-path-to-node=\"8\"><span style=\"color: #ffcc00;\">C\u00e1ch v\u1ecb tr\u00ed \u0111\u1eb7t tr\u1ee5 th\u1ea1ch anh tr\u1eafng \u0111\u1ec3 thu h\u00fat v\u01b0\u1ee3ng kh\u00ed<\/span><\/h2>\n<p data-path-to-node=\"9\">V\u1ecb tr\u00ed \u0111\u1eb7t \u0111\u00e1 quy\u1ebft \u0111\u1ecbnh \u0111\u1ebfn 80% hi\u1ec7u qu\u1ea3 phong th\u1ee7y. \u0110\u1ec3 ph\u00e1t huy t\u1ed1i \u0111a c\u00f4ng n\u0103ng, b\u1ea1n n\u00ean tham kh\u1ea3o c\u00e1c v\u1ecb tr\u00ed sau:<\/p>\n<ol start=\"1\" data-path-to-node=\"10\">\n<li>\n<p data-path-to-node=\"10,0,0\"><b data-path-to-node=\"10,0,0\" data-index-in-node=\"0\">B\u00e0n l\u00e0m vi\u1ec7c:<\/b> Gi\u00fap t\u1eadp trung cao \u0111\u1ed9, \u0111\u01b0a ra nh\u1eefng quy\u1ebft \u0111\u1ecbnh s\u00e1ng su\u1ed1t v\u00e0 th\u0103ng ti\u1ebfn trong s\u1ef1 nghi\u1ec7p.<\/p>\n<\/li>\n<li>\n<p data-path-to-node=\"10,1,0\"><b data-path-to-node=\"10,1,0\" data-index-in-node=\"0\">Ph\u00f2ng kh\u00e1ch:<\/b> \u0110\u1eb7t t\u1ea1i v\u1ecb tr\u00ed trung t\u00e2m ho\u1eb7c g\u00f3c \u0111\u1ed1i di\u1ec7n c\u1eeda ch\u00ednh \u0111\u1ec3 lu\u00e2n chuy\u1ec3n d\u00f2ng n\u0103ng l\u01b0\u1ee3ng t\u00edch c\u1ef1c, t\u1ea1o kh\u00f4ng kh\u00ed h\u00f2a thu\u1eadn trong gia \u0111\u00ecnh.<\/p>\n<\/li>\n<li>\n<p data-path-to-node=\"10,2,0\"><b data-path-to-node=\"10,2,0\" data-index-in-node=\"0\">Qu\u1ea7y thu ng\u00e2n\/C\u1eeda h\u00e0ng:<\/b> Gi\u00fap thu h\u00fat kh\u00e1ch h\u00e0ng, t\u1ea1o s\u1ef1 tin t\u01b0\u1edfng v\u00e0 k\u00edch ho\u1ea1t t\u00e0i l\u1ed9c.<\/p>\n<\/li>\n<li>\n<p data-path-to-node=\"10,3,0\"><b data-path-to-node=\"10,3,0\" data-index-in-node=\"0\">Ph\u00f2ng thi\u1ec1n ho\u1eb7c Yoga:<\/b> H\u1ed7 tr\u1ee3 tr\u1ea1ng th\u00e1i t\u0129nh t\u00e2m nhanh h\u01a1n, gi\u00fap c\u00e2n b\u1eb1ng c\u00e1c lu\u00e2n xa.<\/p>\n<\/li>\n<\/ol>\n<h2 data-path-to-node=\"11\"><span style=\"color: #ffcc00;\">C\u00e1ch ph\u00e2n bi\u1ec7t th\u1ea1ch anh tr\u1eafng th\u1eadt v\u00e0 gi\u1ea3 nhanh nh\u1ea5t<\/span><\/h2>\n<p data-path-to-node=\"12\">Hi\u1ec7n nay, tr\u00ean th\u1ecb tr\u01b0\u1eddng c\u00f3 r\u1ea5t nhi\u1ec1u lo\u1ea1i h\u00e0ng gi\u1ea3 t\u1eeb nh\u1ef1a ho\u1eb7c th\u1ee7y tinh. \u0110\u1ec3 kh\u00f4ng b\u1ecb m\u1ea5t ti\u1ec1n oan, b\u1ea1n h\u00e3y b\u1ecf t\u00fai 3 c\u00e1ch ki\u1ec3m tra nhanh sau:<\/p>\n<ul data-path-to-node=\"13\">\n<li>\n<p data-path-to-node=\"13,0,0\"><strong>\u0110\u1ed9 m\u00e1t t\u1ef1 nhi\u00ean: <\/strong>\u0110\u00e1 th\u1eadt khi \u00e1p v\u00e0o m\u00e1 lu\u00f4n c\u00f3 c\u1ea3m gi\u00e1c m\u00e1t l\u1ea1nh d\u00f9 l\u00e0 m\u00f9a h\u00e8 hay m\u00f9a \u0111\u00f4ng.<\/p>\n<\/li>\n<li>\n<p data-path-to-node=\"13,1,0\"><strong>Quan s\u00e1t v\u00e2n m\u00e2y:<\/strong> Th\u1ea1ch anh t\u1ef1 nhi\u00ean 100% hi\u1ebfm khi trong su\u1ed1t ho\u00e0n to\u00e0n nh\u01b0 th\u1ee7y tinh. B\u00ean trong th\u01b0\u1eddng c\u00f3 c\u00e1c \u0111\u01b0\u1eddng v\u00e2n, v\u1ebft r\u1ea1n t\u1ef1 nhi\u00ean ho\u1eb7c &#8220;v\u1ea3y r\u1ed3ng&#8221; li ti.<\/p>\n<\/li>\n<li>\n<p data-path-to-node=\"13,2,0\"><b data-path-to-node=\"13,2,0\" data-index-in-node=\"0\">Tr\u1ecdng l\u01b0\u1ee3ng:<\/b> \u0110\u00e1 th\u1eadt c\u00f3 kh\u1ed1i l\u01b0\u1ee3ng ri\u00eang n\u1eb7ng h\u01a1n h\u1eb3n so v\u1edbi nh\u1ef1a ho\u1eb7c th\u1ee7y tinh c\u00f9ng k\u00edch c\u1ee1.<\/p>\n<\/li>\n<\/ul>\n<p data-path-to-node=\"14\">Nhi\u1ec1u kh\u00e1ch h\u00e0ng th\u01b0\u1eddng th\u1eafc m\u1eafc v\u1ec1 <b data-path-to-node=\"14\" data-index-in-node=\"36\">gi\u00e1 tr\u1ee5 th\u1ea1ch anh tr\u1eafng<\/b>. Th\u1ef1c t\u1ebf, m\u1ee9c gi\u00e1 s\u1ebd ph\u1ee5 thu\u1ed9c v\u00e0o \u0111\u1ed9 trong c\u1ee7a \u0111\u00e1, tr\u1ecdng l\u01b0\u1ee3ng v\u00e0 \u0111\u1ed9 tinh x\u1ea3o trong ch\u1ebf t\u00e1c. Th\u00f4ng th\u01b0\u1eddng, \u0111\u00e1 c\u00e0ng trong, \u00edt t\u1ea1p ch\u1ea5t v\u00e0 kh\u1ed1i l\u01b0\u1ee3ng l\u1edbn th\u00ec gi\u00e1 tr\u1ecb c\u00e0ng cao.<\/p>\n<h2 data-path-to-node=\"15\">\u00a0<span style=\"color: #ffcc00;\">Mua tr\u1ee5 \u0111\u00e1 th\u1ea1ch anh tr\u1eafng uy t\u00edn, c\u00f3 ki\u1ec3m \u0111\u1ecbnh t\u1ea1i Soluna<\/span><\/h2>\n<p data-path-to-node=\"16\">\u0110\u1ec3 \u0111\u1ea3m b\u1ea3o s\u1edf h\u1eefu m\u1ed9t v\u1eadt ph\u1ea9m c\u00f3 gi\u00e1 tr\u1ecb n\u0103ng l\u01b0\u1ee3ng th\u1ef1c s\u1ef1, vi\u1ec7c ch\u1ecdn n\u01a1i mua l\u00e0 v\u00f4 c\u00f9ng quan tr\u1ecdng. <strong>Soluna<\/strong> t\u1ef1 h\u00e0o l\u00e0 \u0111\u01a1n v\u1ecb cung c\u1ea5p c\u00e1c d\u00f2ng tr\u1ee5 \u0111\u00e1 phong th\u1ee7y thi\u00ean nhi\u00ean.<\/p>\n<p data-path-to-node=\"17\">T\u1ea1i <b data-path-to-node=\"17\" data-index-in-node=\"4\">SoLuna<\/b>, m\u1ed7i s\u1ea3n ph\u1ea9m \u0111\u1ec1u \u0111\u01b0\u1ee3c:<\/p>\n<ul data-path-to-node=\"18\">\n<li>\n<p data-path-to-node=\"18,0,0\">Cam k\u1ebft 100% \u0111\u00e1 t\u1ef1 nhi\u00ean, c\u00f3 \u0111\u1ea7y \u0111\u1ee7 gi\u1ea5y t\u1edd ki\u1ec3m \u0111\u1ecbnh t\u1eeb c\u00e1c trung t\u00e2m \u0111\u00e1 qu\u00fd uy t\u00edn.<\/p>\n<\/li>\n<li>\n<p data-path-to-node=\"18,1,0\">\u0110\u1ed9i ng\u0169 t\u01b0 v\u1ea5n k\u1ef9 l\u01b0\u1ee1ng v\u1ec1 k\u00edch th\u01b0\u1edbc v\u00e0 v\u1ecb tr\u00ed \u0111\u1eb7t h\u1ee3p phong th\u1ee7y.<\/p>\n<\/li>\n<li>\n<p data-path-to-node=\"18,2,0\">C\u00f4ng khai minh b\u1ea1ch <b data-path-to-node=\"18,2,0\" data-index-in-node=\"20\">gi\u00e1 tr\u1ee5 th\u1ea1ch anh tr\u1eafng<\/b> c\u1ea1nh tranh nh\u1ea5t th\u1ecb tr\u01b0\u1eddng.<\/p>\n<\/li>\n<\/ul>\n<hr data-path-to-node=\"19\" \/>\n<p data-path-to-node=\"20\"><b data-path-to-node=\"20\" data-index-in-node=\"0\">B\u1ea1n c\u00f3 mu\u1ed1n nh\u1eadn b\u00e1o gi\u00e1 chi ti\u1ebft theo t\u1eebng k\u00edch th\u01b0\u1edbc v\u00e0 h\u00ecnh \u1ea3nh th\u1ef1c t\u1ebf c\u1ee7a c\u00e1c m\u1eabu tr\u1ee5 \u0111\u00e1 \u0111\u1eb9p nh\u1ea5t t\u1ea1i SoLuna kh\u00f4ng? H\u00e3y <a href=\"https:\/\/daphongthuysoluna.vn\/en\/lien-he\/\">nh\u1eafn tin<\/a> \u0111\u1ec3 t\u00f4i h\u1ed7 tr\u1ee3 b\u1ea1n ngay nh\u00e9! Tham kh\u1ea3o th\u00eam h\u00ecnh \u1ea3nh s\u1ea3n ph\u1ea9m kh\u00e1c <a href=\"https:\/\/www.facebook.com\/daphongthuysoluna\" target=\"_blank\" rel=\"noopener\">t\u1ea1i\u00a0<\/a><\/b><\/p>\n<p>&nbsp;<\/p>","protected":false},"excerpt":{"rendered":"<div>\n<h1><span style=\"font-size: 85%;\">S\u1edf h\u1eefu tr\u1ee5 \u0111\u00e1 th\u1ea1ch anh tr\u1eafng t\u1ef1 nhi\u00ean gi\u00fap thanh l\u1ecdc n\u0103ng l\u01b0\u1ee3ng ti\u00eau c\u1ef1c, t\u0103ng s\u1ef1 t\u1eadp trung v\u00e0 thu h\u00fat t\u00e0i l\u1ed9c. Cam k\u1ebft \u0111\u00e1 th\u1eadt 100%, \u0111\u1ea7y \u0111\u1ee7 k\u00edch th\u01b0\u1edbc, gi\u00e1 t\u1ed1t nh\u1ea5t th\u1ecb tr\u01b0\u1eddng.<\/span><\/h1>\n<\/div>\n<div><\/div>\n<h2><span style=\"font-size: 80%;\"><strong>Ch\u1ea5t li\u1ec7u:<\/strong> \u0110\u00e1 Th\u1ea1ch Anh Tr\u1eafng T\u1ef1 Nhi\u00ean<\/span><\/h2>\n<div><\/div>\n<p><strong>\u00dd ngh\u0129a: <\/strong>Thanh l\u1ecdc, h\u00f3a gi\u1ea3i s\u00e1t kh\u00ed, \u00e2m kh\u00ed, v\u00e0 \u0111i\u1ec7n t\u1eeb tr\u01b0\u1eddng. Thu h\u00fat T\u00e0i L\u1ed9c: T\u0103ng c\u01b0\u1eddng t\u01b0 duy logic, minh m\u1eabn \u0111\u1ec3 \u0111\u01b0a ra quy\u1ebft \u0111\u1ecbnh s\u00e1ng su\u1ed1t, gia t\u0103ng l\u1ee3i nhu\u1eadn. C\u00e2n B\u1eb1ng: Gi\u00fap t\u00e2m tr\u00ed y\u00ean t\u0129nh, gi\u1ea3m lo \u00e2u, c\u1ea3i thi\u1ec7n s\u1ee9c kh\u1ecfe (li\u00ean k\u1ebft v\u1edbi Lu\u00e2n Xa V\u01b0\u01a1ng Mi\u1ec7n). Phong th\u1ee7y: H\u1ee3p M\u1ec7nh Kim (T\u01b0\u01a1ng H\u1ee3p) v\u00e0 M\u1ec7nh Th\u1ee7y (T\u01b0\u01a1ng Sinh).<\/p>\n<div><\/div>\n<div><strong>C\u00e1ch s\u1eed d\u1ee5ng: <\/strong>\u0110\u1eb7t t\u1ea1i B\u00e0n l\u00e0m vi\u1ec7c (g\u00f3c \u0110\u00f4ng B\u1eafc ho\u1eb7c tay ph\u1ea3i). \u0110\u1eb7t \u1edf v\u1ecb tr\u00ed trung t\u00e2m Ph\u00f2ng Kh\u00e1ch ho\u1eb7c g\u00f3c nh\u00e0 b\u1ecb khuy\u1ebft \u0111\u1ec3 b\u1ed5 sung n\u0103ng l\u01b0\u1ee3ng. C\u1ea3i thi\u1ec7n T\u00ecnh c\u1ea3m: \u0110\u1eb7t tr\u00ean t\u1ee7 \u0111\u1ea7u gi\u01b0\u1eddng (d\u00f9ng tr\u1ee5 nh\u1ecf).<\/div>","protected":false},"featured_media":1503,"comment_status":"open","ping_status":"closed","template":"","meta":{"_acf_changed":false},"product_brand":[],"product_cat":[76,99,100],"product_tag":[],"class_list":{"0":"post-1038","1":"product","2":"type-product","3":"status-publish","4":"has-post-thumbnail","6":"product_cat-tru-da-thach-anh","7":"product_cat-menh-kim","8":"product_cat-menh-thuy","10":"first","11":"instock","12":"shipping-taxable","13":"product-type-simple"},"acf":[],"_links":{"self":[{"href":"https:\/\/daphongthuysoluna.vn\/en\/wp-json\/wp\/v2\/product\/1038","targetHints":{"allow":["GET"]}}],"collection":[{"href":"https:\/\/daphongthuysoluna.vn\/en\/wp-json\/wp\/v2\/product"}],"about":[{"href":"https:\/\/daphongthuysoluna.vn\/en\/wp-json\/wp\/v2\/types\/product"}],"replies":[{"embeddable":true,"href":"https:\/\/daphongthuysoluna.vn\/en\/wp-json\/wp\/v2\/comments?post=1038"}],"wp:featuredmedia":[{"embeddable":true,"href":"https:\/\/daphongthuysoluna.vn\/en\/wp-json\/wp\/v2\/media\/1503"}],"wp:attachment":[{"href":"https:\/\/daphongthuysoluna.vn\/en\/wp-json\/wp\/v2\/media?parent=1038"}],"wp:term":[{"taxonomy":"product_brand","embeddable":true,"href":"https:\/\/daphongthuysoluna.vn\/en\/wp-json\/wp\/v2\/product_brand?post=1038"},{"taxonomy":"product_cat","embeddable":true,"href":"https:\/\/daphongthuysoluna.vn\/en\/wp-json\/wp\/v2\/product_cat?post=1038"},{"taxonomy":"product_tag","embeddable":true,"href":"https:\/\/daphongthuysoluna.vn\/en\/wp-json\/wp\/v2\/product_tag?post=1038"}],"curies":[{"name":"wp","href":"https:\/\/api.w.org\/{rel}","templated":true}]}}