{"id":1041,"date":"2025-12-01T18:20:34","date_gmt":"2025-12-01T11:20:34","guid":{"rendered":"https:\/\/daphongthuysoluna.vn\/?post_type=product&#038;p=1041"},"modified":"2026-01-10T20:27:47","modified_gmt":"2026-01-10T13:27:47","slug":"vong-da-thach-anh-toc-den","status":"publish","type":"product","link":"https:\/\/daphongthuysoluna.vn\/en\/product\/vong-da-thach-anh-toc-den\/","title":{"rendered":"V\u00f2ng \u0110\u00e1 Th\u1ea1ch Anh T\u00f3c \u0110en h\u1ee3p M\u1ec7nh Th\u1ee7y &#8211; M\u1ec7nh M\u1ed9c"},"content":{"rendered":"<h1><b>V\u00f2ng \u0110\u00e1 Th\u1ea1ch Anh T\u00f3c \u0110en: B\u00ed M\u1eadt N\u0103ng L\u01b0\u1ee3ng &amp; Phong Th\u1ee7y V\u01b0\u1ee3ng Kh\u00ed<\/b><\/h1>\n<p><b>Kh\u00e1m ph\u00e1 c\u00f4ng d\u1ee5ng, \u00fd ngh\u0129a phong th\u1ee7y v\u00e0 c\u00e1ch ch\u1ecdn V\u00f2ng \u0110\u00e1 Th\u1ea1ch Anh T\u00f3c \u0110en h\u1ee3p m\u1ec7nh. S\u1edf h\u1eefu ngay v\u1eadt ph\u1ea9m h\u1ed9 m\u1ec7nh quy\u1ec1n n\u0103ng \u0111\u1ec3 thu h\u00fat t\u00e0i l\u1ed9c, may m\u1eafn v\u00e0 b\u00ecnh an. <\/b><b>Nh\u1eefng gi\u00e1 tr\u1ecb v\u01b0\u1ee3t tr\u1ed9i c\u1ee7a v\u00f2ng \u0111\u00e1 n\u00e0y, t\u1eeb c\u00f4ng d\u1ee5ng \u0111\u1ed1i v\u1edbi s\u1ee9c kh\u1ecfe, \u00fd ngh\u0129a trong phong th\u1ee7y, cho \u0111\u1ebfn c\u00e1ch l\u1ef1a ch\u1ecdn s\u1ea3n ph\u1ea9m chu\u1ea9n x\u00e1c nh\u1ea5t.<\/b><\/p>\n<p><img loading=\"lazy\" decoding=\"async\" class=\"aligncenter wp-image-1732 size-full\" src=\"https:\/\/daphongthuysoluna.vn\/wp-content\/uploads\/2025\/12\/thach-anh-toc-den-nen.jpg\" alt=\"Th\u1ea1ch Anh T\u00f3c \u0110en (Black Rutilated Quartz) kh\u00f4ng ch\u1ec9 l\u00e0 m\u00f3n trang s\u1ee9c tinh t\u1ebf m\u00e0 c\u00f2n l\u00e0 &quot;l\u00e1 b\u00f9a h\u1ed9 m\u1ec7nh&quot; m\u1ea1nh m\u1ebd cho nh\u1eefng ai \u0111ang t\u00ecm ki\u1ebfm s\u1ef1 quy\u1ebft \u0111o\u00e1n v\u00e0 may m\u1eafn trong cu\u1ed9c s\u1ed1ng.\" width=\"600\" height=\"600\" srcset=\"https:\/\/daphongthuysoluna.vn\/wp-content\/uploads\/2025\/12\/thach-anh-toc-den-nen.jpg 600w, https:\/\/daphongthuysoluna.vn\/wp-content\/uploads\/2025\/12\/thach-anh-toc-den-nen-300x300.jpg 300w, https:\/\/daphongthuysoluna.vn\/wp-content\/uploads\/2025\/12\/thach-anh-toc-den-nen-150x150.jpg 150w, https:\/\/daphongthuysoluna.vn\/wp-content\/uploads\/2025\/12\/thach-anh-toc-den-nen-12x12.jpg 12w, https:\/\/daphongthuysoluna.vn\/wp-content\/uploads\/2025\/12\/thach-anh-toc-den-nen-247x247.jpg 247w, https:\/\/daphongthuysoluna.vn\/wp-content\/uploads\/2025\/12\/thach-anh-toc-den-nen-510x510.jpg 510w, https:\/\/daphongthuysoluna.vn\/wp-content\/uploads\/2025\/12\/thach-anh-toc-den-nen-100x100.jpg 100w, https:\/\/daphongthuysoluna.vn\/wp-content\/uploads\/2025\/12\/thach-anh-toc-den-nen-50x50.jpg 50w\" sizes=\"auto, (max-width: 600px) 100vw, 600px\" \/><\/p>\n<p><b>\u00a0<\/b><\/p>\n<h2><span style=\"color: #d3af34;\"><b>1. V\u00f2ng \u0110\u00e1 Th\u1ea1ch Anh T\u00f3c \u0110en L\u00e0 G\u00ec?<\/b><\/span><\/h2>\n<p>V\u00f2ng \u0110\u00e1 Th\u1ea1ch Anh T\u00f3c \u0110en l\u00e0 trang s\u1ee9c \u0111\u01b0\u1ee3c ch\u1ebf t\u00e1c t\u1eeb lo\u1ea1i \u0111\u00e1 th\u1ea1ch anh ch\u1ee9a c\u00e1c bao th\u1ec3 kho\u00e1ng v\u1eadt Tourmaline \u0111en (Schorl) ho\u1eb7c Rutile d\u1ea1ng s\u1ee3i kim, que. Nh\u1eefng &#8220;s\u1ee3i t\u00f3c&#8221; m\u00e0u \u0111en n\u00e0y \u0111an xen ng\u1eabu nhi\u00ean b\u00ean trong l\u00f2ng \u0111\u00e1 trong su\u1ed1t, t\u1ea1o n\u00ean m\u1ed9t v\u1ebb \u0111\u1eb9p \u0111\u1ed9c nh\u1ea5t v\u00f4 nh\u1ecb cho t\u1eebng vi\u00ean \u0111\u00e1, t\u1ef1a nh\u01b0 m\u1ed9t v\u0169 tr\u1ee5 thu nh\u1ecf.<\/p>\n<p>\u0110\u01b0\u1ee3c h\u00ecnh th\u00e0nh h\u00e0ng tri\u1ec7u n\u0103m trong l\u00f2ng \u0111\u1ea5t, Th\u1ea1ch Anh T\u00f3c \u0110en t\u00edch t\u1ee5 m\u1ed9t ngu\u1ed3n n\u0103ng l\u01b0\u1ee3ng d\u01b0\u01a1ng thu\u1ea7n khi\u1ebft v\u00e0 m\u1ea1nh m\u1ebd, tr\u1edf th\u00e0nh m\u1ed9t trong nh\u1eefng lo\u1ea1i \u0111\u00e1 \u0111\u01b0\u1ee3c s\u0103n \u0111\u00f3n nh\u1ea5t trong gi\u1edbi phong th\u1ee7y.<\/p>\n<p><b><img loading=\"lazy\" decoding=\"async\" class=\"aligncenter wp-image-1731 size-full\" src=\"https:\/\/daphongthuysoluna.vn\/wp-content\/uploads\/2025\/12\/nen-thach-anh-toc-den.png\" alt=\"V\u00f2ng \u0110\u00e1 Th\u1ea1ch Anh T\u00f3c \u0110en t\u1ef1 nhi\u00ean c\u00f3 t\u00e1c d\u1ee5ng m\u1ea1nh m\u1ebd trong vi\u1ec7c tr\u1ea5n t\u00e0, lo\u1ea1i b\u1ecf nh\u1eefng ngu\u1ed3n n\u0103ng l\u01b0\u1ee3ng x\u1ea5u.\" width=\"600\" height=\"600\" srcset=\"https:\/\/daphongthuysoluna.vn\/wp-content\/uploads\/2025\/12\/nen-thach-anh-toc-den.png 600w, https:\/\/daphongthuysoluna.vn\/wp-content\/uploads\/2025\/12\/nen-thach-anh-toc-den-300x300.png 300w, https:\/\/daphongthuysoluna.vn\/wp-content\/uploads\/2025\/12\/nen-thach-anh-toc-den-150x150.png 150w, https:\/\/daphongthuysoluna.vn\/wp-content\/uploads\/2025\/12\/nen-thach-anh-toc-den-12x12.png 12w, https:\/\/daphongthuysoluna.vn\/wp-content\/uploads\/2025\/12\/nen-thach-anh-toc-den-247x247.png 247w, https:\/\/daphongthuysoluna.vn\/wp-content\/uploads\/2025\/12\/nen-thach-anh-toc-den-510x510.png 510w, https:\/\/daphongthuysoluna.vn\/wp-content\/uploads\/2025\/12\/nen-thach-anh-toc-den-100x100.png 100w, https:\/\/daphongthuysoluna.vn\/wp-content\/uploads\/2025\/12\/nen-thach-anh-toc-den-50x50.png 50w\" sizes=\"auto, (max-width: 600px) 100vw, 600px\" \/><\/b><\/p>\n<p>&nbsp;<\/p>\n<h2><span style=\"color: #d3af34;\"><b>2. C\u00f4ng D\u1ee5ng V\u01b0\u1ee3t Tr\u1ed9i C\u1ee7a V\u00f2ng \u0110\u00e1 Th\u1ea1ch Anh T\u00f3c \u0110en<\/b><\/span><\/h2>\n<p><strong>V\u1ec1 s\u1ee9c kh\u1ecfe:<\/strong> H\u1ed7 tr\u1ee3 l\u01b0u th\u00f4ng kh\u00ed huy\u1ebft, \u1ed5n \u0111\u1ecbnh huy\u1ebft \u00e1p v\u00e0 xua tan c\u0103ng th\u1eb3ng, gi\u00fap mang l\u1ea1i gi\u1ea5c ng\u1ee7 s\u00e2u v\u00e0 tinh th\u1ea7n minh m\u1eabn.<\/p>\n<p><strong>V\u1ec1 phong th\u1ee7y:<\/strong><\/p>\n<ul>\n<li aria-level=\"1\">\u00a0H\u1ed9 m\u1ec7nh quy\u1ec1n n\u0103ng: Xua \u0111u\u1ed5i t\u00e0 kh\u00ed v\u00e0 nh\u1eefng \u0111i\u1ec1u kh\u00f4ng may m\u1eafn.<\/li>\n<\/ul>\n<ul>\n<li aria-level=\"1\">Chi\u00eau t\u00e0i l\u1ed9c: Khai th\u00f4ng d\u00f2ng ch\u1ea3y t\u00e0i v\u1eadn, t\u1ea1o ti\u1ec1n \u0111\u1ec1 th\u0103ng ti\u1ebfn trong s\u1ef1 nghi\u1ec7p.<\/li>\n<\/ul>\n<ul>\n<li aria-level=\"1\">T\u1ef1 tin v\u00e0 quy\u1ebft \u0111o\u00e1n: Gi\u00fap ng\u01b0\u1eddi \u0111eo m\u1ea1nh m\u1ebd, \u0111\u01b0a ra quy\u1ebft \u0111\u1ecbnh ch\u00ednh x\u00e1c trong kinh doanh.<\/li>\n<\/ul>\n<h2><span style=\"color: #d3af34;\"><b>3.<\/b><a style=\"color: #d3af34;\" href=\"https:\/\/daphongthuysoluna.vn\/en\/product\/vong-da-thach-anh-toc-den\/\"> <b>V\u00f2ng \u0110\u00e1 Th\u1ea1ch Anh T\u00f3c \u0110en<\/b><\/a><b> H\u1ee3p M\u1ec7nh G\u00ec?<\/b><\/span><\/h2>\n<p><span style=\"color: #333333;\">Theo nguy\u00ean t\u1eafc Ng\u0169 h\u00e0nh trong phong th\u1ee7y, vi\u1ec7c ch\u1ecdn v\u00f2ng \u0111\u00e1 h\u1ee3p m\u1ec7nh l\u00e0 v\u00f4 c\u00f9ng quan tr\u1ecdng \u0111\u1ec3 ph\u00e1t huy t\u1ed1i \u0111a c\u00f4ng d\u1ee5ng.V\u00f2ng \u0110\u00e1 Th\u1ea1ch Anh T\u00f3c \u0110en c\u00f3 m\u00e0u \u0111en \u0111\u1eb7c tr\u01b0ng, thu\u1ed9c h\u00e0nh Th\u1ee7y.<\/span><\/p>\n<p><span style=\"color: #333333;\">Do \u0111\u00f3, lo\u1ea1i \u0111\u00e1 n\u00e0y s\u1ebd ph\u00f9 h\u1ee3p nh\u1ea5t v\u1edbi:<\/span><\/p>\n<ul>\n<li aria-level=\"1\"><span style=\"color: #333333;\">Ng\u01b0\u1eddi m\u1ec7nh Th\u1ee7y (T\u01b0\u01a1ng h\u1ee3p): \u0110eo V\u00f2ng \u0110\u00e1 Th\u1ea1ch Anh T\u00f3c \u0110en s\u1ebd gi\u00fap ng\u01b0\u1eddi m\u1ec7nh Th\u1ee7y g\u1eb7p nhi\u1ec1u may m\u1eafn, s\u1ee9c kh\u1ecfe d\u1ed3i d\u00e0o v\u00e0 nh\u1eadn \u0111\u01b0\u1ee3c s\u1ef1 h\u1ed7 tr\u1ee3 n\u0103ng l\u01b0\u1ee3ng m\u1ea1nh m\u1ebd nh\u1ea5t.<\/span><\/li>\n<\/ul>\n<ul>\n<li aria-level=\"1\"><span style=\"color: #333333;\">Ng\u01b0\u1eddi m\u1ec7nh M\u1ed9c (T\u01b0\u01a1ng sinh): Th\u1ee7y sinh M\u1ed9c, v\u00ec v\u1eady n\u0103ng l\u01b0\u1ee3ng c\u1ee7a Th\u1ea1ch Anh T\u00f3c \u0110en s\u1ebd nu\u00f4i d\u01b0\u1ee1ng, th\u00fac \u0111\u1ea9y s\u1ef1<a style=\"color: #333333;\" href=\"https:\/\/vi.wikipedia.org\/wiki\/Ph%C3%A1t_tri%E1%BB%83n\" target=\"_blank\" rel=\"noopener\"> ph\u00e1t tri\u1ec3n<\/a>, mang l\u1ea1i t\u00e0i l\u1ed9c v\u00e0 c\u01a1 h\u1ed9i cho ng\u01b0\u1eddi m\u1ec7nh M\u1ed9c.<\/span><\/li>\n<\/ul>\n<p><span style=\"color: #333333;\"><i>L\u01b0u \u00fd: Ng\u01b0\u1eddi m\u1ec7nh H\u1ecfa (Th\u1ee7y kh\u1eafc H\u1ecfa) v\u00e0 Th\u1ed5 (Th\u1ed5 kh\u1eafc Th\u1ee7y) n\u00ean c\u00e2n nh\u1eafc k\u1ef9 ho\u1eb7c tham kh\u1ea3o \u00fd ki\u1ebfn chuy\u00ean gia tr\u01b0\u1edbc khi s\u1eed d\u1ee5ng \u0111\u1ec3 tr\u00e1nh nh\u1eefng \u1ea3nh h\u01b0\u1edfng kh\u00f4ng mong mu\u1ed1n.<\/i><\/span><\/p>\n<p><b>\u00a0<\/b><\/p>\n<p><b>\u00a0<\/b><\/p>\n<h2><span style=\"color: #d3af34;\"><b>4. C\u00e1ch Ph\u00e2n Bi\u1ec7t v\u00e0 L\u1ef1a Ch\u1ecdn V\u00f2ng \u0110\u00e1 Th\u1ea1ch Anh T\u00f3c \u0110en Ch\u1ea5t L\u01b0\u1ee3ng<\/b><\/span><\/h2>\n<p><span style=\"color: #333333;\">\u0110\u1ec3 s\u1edf h\u1eefu m\u1ed9t chi\u1ebfc V\u00f2ng \u0110\u00e1 Th\u1ea1ch Anh T\u00f3c \u0110en chu\u1ea9n n\u0103ng l\u01b0\u1ee3ng, h\u00e3y l\u01b0u \u00fd:<\/span><\/p>\n<ul>\n<li aria-level=\"1\"><span style=\"color: #333333;\">\u0110\u1ed9 trong: Tinh th\u1ec3 c\u00e0ng trong su\u1ed1t, s\u1ee3i t\u00f3c c\u00e0ng r\u00f5 n\u00e9t th\u00ec gi\u00e1 tr\u1ecb n\u0103ng l\u01b0\u1ee3ng c\u00e0ng cao.<\/span><\/li>\n<\/ul>\n<ul>\n<li aria-level=\"1\"><span style=\"color: #333333;\">M\u1eadt \u0111\u1ed9 t\u00f3c: T\u00f3c d\u00e0y, \u0111en nh\u00e1nh, \u00e1nh kim m\u1ea1nh l\u00e0 d\u1ea5u hi\u1ec7u c\u1ee7a \u0111\u00e1 qu\u00fd c\u1ea5p cao.<\/span><\/li>\n<\/ul>\n<ul>\n<li aria-level=\"1\"><span style=\"color: #333333;\">Cam k\u1ebft: Lu\u00f4n y\u00eau c\u1ea7u ki\u1ec3m \u0111\u1ecbnh t\u1ef1 nhi\u00ean 100% \u0111\u1ec3 \u0111\u1ea3m b\u1ea3o hi\u1ec7u qu\u1ea3 phong th\u1ee7y t\u1ed1t nh\u1ea5t.<\/span><\/li>\n<\/ul>\n<p><span style=\"color: #333333;\"><span style=\"color: #d3af34;\"><b>\u01afu \u0111\u00e3i \u0111\u1eb7c bi\u1ec7t:<\/b><\/span><b> T\u1eb7ng k\u00e8m<span style=\"color: #d3af34;\"> t\u00fai <\/span><\/b><span style=\"color: #d3af34;\"><b>\u0111\u00e1 th\u1ea1ch anh v\u1ee5n<\/b><\/span><b> khi \u0111\u1eb7t h\u00e0ng ngay h\u00f4m nay!<\/b><\/span><\/p>\n<p>&nbsp;<\/p>","protected":false},"excerpt":{"rendered":"<p>\u2013 Ch\u1ea5t li\u1ec7u: Th\u1ea1ch Anh T\u00f3c \u0110en t\u1ef1 nhi\u00ean.<br \/>\n\u2013 M\u00e0u s\u1eafc: Kh\u00f4ng m\u00e0u, nhi\u1ec1u tinh th\u1ec3 h\u00ecnh kim que m\u00e0u \u0111en (kh\u00f4ng qua x\u1eed l\u00fd).<br \/>\n\u2013 K\u00edch th\u01b0\u1edbc:\u00a0\u0110a d\u1ea1ng t\u1eeb 6 li \u0111\u1ebfn 12 li (t\u00f9y ch\u1ecdn).<br \/>\n\u2013 Ki\u1ec3u d\u00e1ng: V\u00f2ng h\u1ea1t tr\u00f2n<br \/>\n\u2013 H\u1ee3p m\u1ec7nh:\u00a0<span style=\"color: #00aae7;\">M\u1ec7nh Th\u1ee7y<\/span>\u00a0&#8211;\u00a0<span style=\"color: #993300;\">M\u1ed9c\u00a0<\/span><br \/>\n\u2013 \u00dd ngh\u0129a: Gi\u00fap xua \u0111u\u1ed5i t\u00e0 kh\u00ed, thu h\u00fat t\u00e0i l\u1ed9c mang l\u1ea1i may m\u1eafn, \u0111\u1ed3ng th\u1eddi t\u0103ng s\u1ef1 t\u1ef1 tin, quy\u1ebft \u0111o\u00e1n v\u00e0 mang l\u1ea1i c\u1ea3m gi\u00e1c b\u00ecnh an.<br \/>\n\u2013 B\u1ea3o h\u00e0nh: V\u0129nh vi\u1ec5n v\u1ec1 m\u00e0u s\u1eafc, d\u00e2y x\u1ecf<br \/>\n\u2013 Ki\u1ec3m \u0111\u1ecbnh theo y\u00eau c\u1ea7u<br \/>\n\u2013 S\u1eed d\u1ee5ng: Trang s\u1ee9c, Qu\u00e0 t\u1eb7ng, Phong th\u1ee7y<br \/>\n\u2013 T\u1eb7ng k\u00e8m 1 t\u00fai \u0111\u00e1 th\u1ea1ch anh v\u1ee5n<br \/>\n\u2013 Li\u00ean h\u1ec7 t\u01b0 v\u1ea5n: 0345 838 101<\/p>","protected":false},"featured_media":1446,"comment_status":"open","ping_status":"closed","template":"","meta":{"_acf_changed":false},"product_brand":[],"product_cat":[20,98,100],"product_tag":[],"class_list":{"0":"post-1041","1":"product","2":"type-product","3":"status-publish","4":"has-post-thumbnail","6":"product_cat-vong-da-thach-anh","7":"product_cat-menh-moc","8":"product_cat-menh-thuy","10":"first","11":"instock","12":"shipping-taxable","13":"purchasable","14":"product-type-variable"},"acf":[],"_links":{"self":[{"href":"https:\/\/daphongthuysoluna.vn\/en\/wp-json\/wp\/v2\/product\/1041","targetHints":{"allow":["GET"]}}],"collection":[{"href":"https:\/\/daphongthuysoluna.vn\/en\/wp-json\/wp\/v2\/product"}],"about":[{"href":"https:\/\/daphongthuysoluna.vn\/en\/wp-json\/wp\/v2\/types\/product"}],"replies":[{"embeddable":true,"href":"https:\/\/daphongthuysoluna.vn\/en\/wp-json\/wp\/v2\/comments?post=1041"}],"wp:featuredmedia":[{"embeddable":true,"href":"https:\/\/daphongthuysoluna.vn\/en\/wp-json\/wp\/v2\/media\/1446"}],"wp:attachment":[{"href":"https:\/\/daphongthuysoluna.vn\/en\/wp-json\/wp\/v2\/media?parent=1041"}],"wp:term":[{"taxonomy":"product_brand","embeddable":true,"href":"https:\/\/daphongthuysoluna.vn\/en\/wp-json\/wp\/v2\/product_brand?post=1041"},{"taxonomy":"product_cat","embeddable":true,"href":"https:\/\/daphongthuysoluna.vn\/en\/wp-json\/wp\/v2\/product_cat?post=1041"},{"taxonomy":"product_tag","embeddable":true,"href":"https:\/\/daphongthuysoluna.vn\/en\/wp-json\/wp\/v2\/product_tag?post=1041"}],"curies":[{"name":"wp","href":"https:\/\/api.w.org\/{rel}","templated":true}]}}