{"id":1045,"date":"2025-12-01T18:33:28","date_gmt":"2025-12-01T11:33:28","guid":{"rendered":"https:\/\/daphongthuysoluna.vn\/?post_type=product&#038;p=1045"},"modified":"2026-01-10T22:38:32","modified_gmt":"2026-01-10T15:38:32","slug":"vong-da-mat-ho","status":"publish","type":"product","link":"https:\/\/daphongthuysoluna.vn\/en\/product\/vong-da-mat-ho\/","title":{"rendered":"V\u00f2ng \u0110\u00e1 M\u1eaft H\u1ed5 \u2013 H\u1ee3p M\u1ec7nh Kim, Th\u1ed5 \u2013 T\u1eb7ng T\u00fai \u0110\u00e1 Th\u1ea1ch Anh"},"content":{"rendered":"<div class=\"mt-[1em] mb-[1px]\" data-level=\"3\">\n<h1 class=\"font-[600] py-[3px] text-[1.25em]\"><span style=\"color: #d3af34;\"><strong>V\u00f2ng \u0110\u00e1 M\u1eaft H\u1ed5: Bi\u1ec3u T\u01b0\u1ee3ng D\u0169ng Kh\u00ed, Th\u1ecbnh V\u01b0\u1ee3ng &amp; Quy\u1ec1n L\u1ef1c<\/strong><\/span><\/h1>\n<\/div>\n<div class=\"my-[1px]\">\n<div class=\"py-[3px] whitespace-pre-wrap u-break-words\">Kh\u00e1m ph\u00e1 to\u00e0n b\u1ed9 c\u00f4ng d\u1ee5ng, \u00fd ngh\u0129a phong th\u1ee7y c\u1ee7a <strong>v\u00f2ng tay \u0111\u00e1 m\u1eaft h\u1ed5<\/strong>. T\u00ecm hi\u1ec3u <strong>\u0111\u00e1 m\u1eaft h\u1ed5<\/strong> h\u1ee3p m\u1ec7nh g\u00ec v\u00e0 c\u00e1ch ch\u1ecdn v\u00f2ng tay ch\u1ea5t l\u01b0\u1ee3ng \u0111\u1ec3 thu h\u00fat t\u00e0i l\u1ed9c, th\u00e0nh c\u00f4ng.<\/div>\n<\/div>\n<div class=\"h-[13px] my-[1px] flex items-center\">\n<div class=\"w-full h-[1px] bg-[var(--border-main)]\"><\/div>\n<\/div>\n<div class=\"my-[1px]\">\n<div class=\"py-[3px] whitespace-pre-wrap u-break-words\">T\u1eeb th\u1eddi La M\u00e3 c\u1ed5 \u0111\u1ea1i, <strong>\u0110\u00e1 M\u1eaft H\u1ed5<\/strong> (Tiger&#8217;s Eye) \u0111\u00e3 \u0111\u01b0\u1ee3c c\u00e1c chi\u1ebfn binh mang theo b\u00ean m\u00ecnh nh\u01b0 m\u1ed9t l\u00e1 b\u00f9a h\u1ed9 m\u1ec7nh t\u1ed1i cao, bi\u1ec3u t\u01b0\u1ee3ng cho l\u00f2ng d\u0169ng c\u1ea3m v\u00e0 s\u1ee9c m\u1ea1nh phi th\u01b0\u1eddng. Ng\u00e0y nay, <strong>v\u00f2ng \u0111\u00e1 m\u1eaft h\u1ed5<\/strong> kh\u00f4ng ch\u1ec9 l\u00e0 m\u1ed9t m\u00f3n trang s\u1ee9c \u0111\u1ed9c \u0111\u00e1o v\u1edbi hi\u1ec7u \u1ee9ng quang h\u1ecdc &#8220;m\u1eaft m\u00e8o&#8221; quy\u1ebfn r\u0169, m\u00e0 c\u00f2n l\u00e0 m\u1ed9t v\u1eadt ph\u1ea9m phong th\u1ee7y quy\u1ec1n n\u0103ng \u0111\u01b0\u1ee3c gi\u1edbi doanh nh\u00e2n v\u00e0 nh\u1eefng ng\u01b0\u1eddi c\u1ea7u ti\u1ebfn \u0111\u1eb7c bi\u1ec7t \u01b0a chu\u1ed9ng.<\/div>\n<\/div>\n<div class=\"my-[1px]\">\n<div class=\"py-[3px] whitespace-pre-wrap u-break-words\">B\u00e0i vi\u1ebft n\u00e0y s\u1ebd l\u00e0 c\u1ea9m nang to\u00e0n di\u1ec7n, gi\u00fap b\u1ea1n hi\u1ec3u s\u00e2u s\u1eafc v\u1ec1 gi\u00e1 tr\u1ecb c\u1ee7a <strong>v\u00f2ng tay \u0111\u00e1 m\u1eaft h\u1ed5<\/strong>, t\u1eeb c\u00f4ng d\u1ee5ng \u0111\u1ed1i v\u1edbi <a href=\"https:\/\/vi.wikipedia.org\/wiki\/S%E1%BB%B1_nghi%E1%BB%87p\" target=\"_blank\" rel=\"noopener\">s\u1ef1 nghi\u1ec7p<\/a>, s\u1ee9c kh\u1ecfe, cho \u0111\u1ebfn vi\u1ec7c l\u1ef1a ch\u1ecdn chi\u1ebfc v\u00f2ng h\u1ee3p m\u1ec7nh \u0111\u1ec3 ph\u00e1t huy t\u1ed1i \u0111a ngu\u1ed3n n\u0103ng l\u01b0\u1ee3ng m\u1ea1nh m\u1ebd n\u00e0y.<\/div>\n<\/div>\n<div class=\"mt-[1em] mb-[1px]\" data-level=\"3\">\n<h2 class=\"font-[600] py-[3px] text-[1.25em]\"><span style=\"color: #d3af34;\"><strong>1. <a style=\"color: #d3af34;\" href=\"https:\/\/daphongthuysoluna.vn\/en\/product\/vong-da-mat-ho\/\">V\u00f2ng \u0110\u00e1 M\u1eaft H\u1ed5<\/a> L\u00e0 G\u00ec? S\u1ee9c H\u00fat T\u1eeb &#8220;Vi\u00ean \u0110\u00e1 D\u0169ng Kh\u00ed&#8221;<\/strong><\/span><\/h2>\n<\/div>\n<div class=\"my-[1px]\">\n<div class=\"py-[3px] whitespace-pre-wrap u-break-words\"><strong>V\u00f2ng tay \u0111\u00e1 m\u1eaft h\u1ed5<\/strong> \u0111\u01b0\u1ee3c ch\u1ebf t\u00e1c t\u1eeb \u0111\u00e1 m\u1eaft h\u1ed5, m\u1ed9t bi\u1ebfn th\u1ec3 qu\u00fd gi\u00e1 thu\u1ed9c h\u1ecd th\u1ea1ch anh. \u0110\u1eb7c tr\u01b0ng n\u1ed5i b\u1eadt nh\u1ea5t c\u1ee7a lo\u1ea1i \u0111\u00e1 n\u00e0y l\u00e0 hi\u1ec7u \u1ee9ng &#8220;chatoyancy&#8221; hay c\u00f2n g\u1ecdi l\u00e0 hi\u1ec7u \u1ee9ng m\u1eaft m\u00e8o, t\u1ea1o ra m\u1ed9t d\u1ea3i s\u00e1ng l\u1ea5p l\u00e1nh di chuy\u1ec3n tr\u00ean b\u1ec1 m\u1eb7t khi thay \u0111\u1ed5i g\u00f3c nh\u00ecn, h\u1ec7t nh\u01b0 \u0111\u00f4i m\u1eaft c\u1ee7a m\u1ed9t con h\u1ed5 d\u0169ng m\u00e3nh.<\/div>\n<\/div>\n<div class=\"my-[1px]\">\n<div class=\"py-[3px] whitespace-pre-wrap u-break-words\">\n<p>M\u00e0u s\u1eafc ph\u1ed5 bi\u1ebfn nh\u1ea5t l\u00e0 v\u00e0ng \u0111\u1ebfn n\u00e2u \u0111\u1ecf, \u0111\u01b0\u1ee3c h\u00ecnh th\u00e0nh t\u1eeb c\u00e1c s\u1ee3i kho\u00e1ng v\u1eadt crocidolite s\u1eafp x\u1ebfp song song v\u00e0 b\u1ecb oxy h\u00f3a s\u1eaft. Ch\u00ednh c\u1ea5u tr\u00fac \u0111\u1eb7c bi\u1ec7t n\u00e0y \u0111\u00e3 mang l\u1ea1i cho <strong>\u0111\u00e1 m\u1eaft h\u1ed5<\/strong> v\u1ebb \u0111\u1eb9p huy\u1ec1n b\u00ed v\u00e0 m\u1ed9t ngu\u1ed3n n\u0103ng l\u01b0\u1ee3ng n\u1ed9i t\u1ea1i v\u00f4 c\u00f9ng m\u1ea1nh m\u1ebd.<\/p>\n<figure id=\"attachment_935\" aria-describedby=\"caption-attachment-935\" style=\"width: 736px\" class=\"wp-caption alignnone\"><img loading=\"lazy\" decoding=\"async\" class=\"wp-image-935 size-full\" src=\"https:\/\/daphongthuysoluna.vn\/wp-content\/uploads\/2025\/11\/vong-thach-anh-mat-ho.jpg\" alt=\"V\u00f2ng Tay \u0110\u00e1 M\u1eaft H\u1ed5\" width=\"736\" height=\"980\" srcset=\"https:\/\/daphongthuysoluna.vn\/wp-content\/uploads\/2025\/11\/vong-thach-anh-mat-ho.jpg 736w, https:\/\/daphongthuysoluna.vn\/wp-content\/uploads\/2025\/11\/vong-thach-anh-mat-ho-247x329.jpg 247w, https:\/\/daphongthuysoluna.vn\/wp-content\/uploads\/2025\/11\/vong-thach-anh-mat-ho-510x679.jpg 510w, https:\/\/daphongthuysoluna.vn\/wp-content\/uploads\/2025\/11\/vong-thach-anh-mat-ho-225x300.jpg 225w\" sizes=\"auto, (max-width: 736px) 100vw, 736px\" \/><figcaption id=\"caption-attachment-935\" class=\"wp-caption-text\">vong-thach-anh-mat-ho<\/figcaption><\/figure>\n<\/div>\n<\/div>\n<div class=\"mt-[1em] mb-[1px]\" data-level=\"3\">\n<h2 class=\"font-[600] py-[3px] text-[1.25em]\"><span style=\"color: #d3af34;\"><strong>2. C\u00f4ng D\u1ee5ng To\u00e0n Di\u1ec7n C\u1ee7a V\u00f2ng \u0110\u00e1 M\u1eaft H\u1ed5<\/strong><\/span><\/h2>\n<\/div>\n<div class=\"my-[1px]\">\n<div class=\"py-[3px] whitespace-pre-wrap u-break-words\">S\u1edf h\u1eefu m\u1ed9t chi\u1ebfc <strong>v\u00f2ng tay \u0111\u00e1 m\u1eaft h\u1ed5<\/strong> kh\u00f4ng ch\u1ec9 l\u00e0 m\u1ed9t tuy\u00ean ng\u00f4n v\u1ec1 phong c\u00e1ch m\u00e0 c\u00f2n mang l\u1ea1i v\u00f4 s\u1ed1 l\u1ee3i \u00edch \u0111\u00e3 \u0111\u01b0\u1ee3c ki\u1ec3m ch\u1ee9ng qua nhi\u1ec1u th\u1ebf h\u1ec7.<\/div>\n<\/div>\n<div class=\"mt-[1em] mb-[1px]\" data-level=\"4\">\n<h4 class=\"font-[600] py-[3px] text-[1.2em]\"><strong>\u00dd Ngh\u0129a Phong Th\u1ee7y &amp; S\u1ef1 Nghi\u1ec7p:<\/strong><\/h4>\n<\/div>\n<div class=\"my-[1px]\">\n<div class=\"py-[3px] whitespace-pre-wrap u-break-words\">\u0110\u00e2y l\u00e0 c\u00f4ng d\u1ee5ng \u0111\u01b0\u1ee3c s\u0103n \u0111\u00f3n nh\u1ea5t c\u1ee7a <strong>v\u00f2ng \u0111\u00e1 m\u1eaft h\u1ed5<\/strong>:<\/div>\n<\/div>\n<ul>\n<li class=\"u-break-words ps-[2px]\"><strong>C\u1ed5 V\u0169 L\u00f2ng D\u0169ng C\u1ea3m v\u00e0 S\u1ef1 Quy\u1ebft \u0110o\u00e1n:<\/strong>\u00a0N\u0103ng l\u01b0\u1ee3ng c\u1ee7a \u0111\u00e1 m\u1eaft h\u1ed5 gi\u00fap ng\u01b0\u1eddi \u0111eo v\u01b0\u1ee3t qua n\u1ed7i s\u1ee3 h\u00e3i, do d\u1ef1, t\u0103ng c\u01b0\u1eddng s\u1ef1 t\u1ef1 tin v\u00e0 \u0111\u01b0a ra nh\u1eefng quy\u1ebft \u0111\u1ecbnh s\u00e1ng su\u1ed1t, d\u1ee9t kho\u00e1t. \u0110\u00e2y l\u00e0 v\u1eadt ph\u1ea9m kh\u00f4ng th\u1ec3 thi\u1ebfu cho c\u00e1c nh\u00e0 l\u00e3nh \u0111\u1ea1o, qu\u1ea3n l\u00fd v\u00e0 nh\u1eefng ng\u01b0\u1eddi \u0111ang kh\u1edfi nghi\u1ec7p.<\/li>\n<li class=\"u-break-words ps-[2px]\"><strong>Thu H\u00fat T\u00e0i L\u1ed9c v\u00e0 Th\u1ecbnh V\u01b0\u1ee3ng:<\/strong>\u00a0<strong>\u0110\u00e1 m\u1eaft h\u1ed5<\/strong>\u00a0\u0111\u01b0\u1ee3c xem l\u00e0 vi\u00ean \u0111\u00e1 c\u1ee7a s\u1ef1 gi\u00e0u c\u00f3, gi\u00fap khai th\u00f4ng c\u00e1c c\u01a1 h\u1ed9i kinh doanh, mang l\u1ea1i may m\u1eafn trong c\u00e1c cu\u1ed9c \u0111\u00e0m ph\u00e1n v\u00e0 gi\u1eef v\u1eefng t\u00e0i ch\u00ednh.<\/li>\n<li class=\"u-break-words ps-[2px]\"><strong>L\u00e1 Ch\u1eafn B\u1ea3o V\u1ec7 N\u0103ng L\u01b0\u1ee3ng:<\/strong>\u00a0Gi\u1ed1ng nh\u01b0 t\u00ean g\u1ecdi,\u00a0<strong>v\u00f2ng tay \u0111\u00e1 m\u1eaft h\u1ed5<\/strong>\u00a0t\u1ea1o ra m\u1ed9t tr\u01b0\u1eddng n\u0103ng l\u01b0\u1ee3ng b\u1ea3o v\u1ec7 m\u1ea1nh m\u1ebd, gi\u00fap xua \u0111u\u1ed5i t\u00e0 kh\u00ed, h\u00f3a gi\u1ea3i n\u0103ng l\u01b0\u1ee3ng ti\u00eau c\u1ef1c v\u00e0 nh\u1eefng l\u1eddi nguy\u1ec1n r\u1ee7a.<\/li>\n<\/ul>\n<div class=\"mt-[1em] mb-[1px]\" data-level=\"4\">\n<h4 class=\"font-[600] py-[3px] text-[1.2em]\"><strong>\u0110\u1ed1i v\u1edbi S\u1ee9c Kh\u1ecfe:<\/strong><\/h4>\n<\/div>\n<ul>\n<li class=\"u-break-words ps-[2px]\"><strong>Gi\u1ea3m C\u0103ng Th\u1eb3ng, T\u0103ng T\u1eadp Trung:<\/strong>\u00a0N\u0103ng l\u01b0\u1ee3ng t\u1eeb \u0111\u00e1 gi\u00fap \u1ed5n \u0111\u1ecbnh tinh th\u1ea7n, gi\u1ea3m stress, lo \u00e2u, gi\u00fap ng\u01b0\u1eddi \u0111eo gi\u1eef \u0111\u01b0\u1ee3c s\u1ef1 b\u00ecnh t\u0129nh v\u00e0 t\u1eadp trung cao \u0111\u1ed9 trong c\u00f4ng vi\u1ec7c.<\/li>\n<li class=\"u-break-words ps-[2px]\"><strong>H\u1ed7 Tr\u1ee3 H\u1ec7 Ti\u00eau H\u00f3a v\u00e0 X\u01b0\u01a1ng Kh\u1edbp:<\/strong>\u00a0M\u1ed9t s\u1ed1 t\u00e0i li\u1ec7u cho r\u1eb1ng n\u0103ng l\u01b0\u1ee3ng c\u1ee7a\u00a0<strong>\u0111\u00e1 m\u1eaft h\u1ed5<\/strong>\u00a0c\u00f3 t\u00e1c \u0111\u1ed9ng t\u00edch c\u1ef1c \u0111\u1ebfn h\u1ec7 ti\u00eau h\u00f3a v\u00e0 gi\u00fap gi\u1ea3m c\u00e1c c\u01a1n \u0111au li\u00ean quan \u0111\u1ebfn x\u01b0\u01a1ng kh\u1edbp.<\/li>\n<\/ul>\n<div class=\"mt-[1em] mb-[1px]\" data-level=\"3\">\n<h2 class=\"font-[600] py-[3px] text-[1.25em]\"><span style=\"color: #d3af34;\"><strong>3. V\u00f2ng \u0110\u00e1 M\u1eaft H\u1ed5 H\u1ee3p M\u1ec7nh G\u00ec?<\/strong><\/span><\/h2>\n<\/div>\n<div class=\"my-[1px]\">\n<div class=\"py-[3px] whitespace-pre-wrap u-break-words\">\u0110\u1ec3 <strong>v\u00f2ng \u0111\u00e1 m\u1eaft h\u1ed5<\/strong> ph\u00e1t huy t\u1ed1i \u0111a c\u00f4ng n\u0103ng, vi\u1ec7c l\u1ef1a ch\u1ecdn m\u00e0u s\u1eafc h\u1ee3p m\u1ec7nh theo Ng\u0169 h\u00e0nh l\u00e0 v\u00f4 c\u00f9ng quan tr\u1ecdng.<\/div>\n<\/div>\n<ul>\n<li class=\"u-break-words ps-[2px] hide-loading-dot\">\n<div class=\"my-[1px]\">\n<div class=\"py-[3px] whitespace-pre-wrap u-break-words\"><strong>\u0110\u00e1 M\u1eaft H\u1ed5 V\u00e0ng N\u00e2u (Ph\u1ed5 bi\u1ebfn nh\u1ea5t):<\/strong><\/div>\n<\/div>\n<ul>\n<li class=\"u-break-words ps-[2px]\">M\u00e0u v\u00e0ng n\u00e2u thu\u1ed9c\u00a0<strong>h\u00e0nh Th\u1ed5<\/strong>.<\/li>\n<li class=\"u-break-words ps-[2px]\"><strong>T\u01b0\u01a1ng h\u1ee3p<\/strong>\u00a0v\u1edbi ng\u01b0\u1eddi\u00a0<strong>m\u1ec7nh Th\u1ed5<\/strong>.<\/li>\n<li class=\"u-break-words ps-[2px]\"><strong>T\u01b0\u01a1ng sinh<\/strong>\u00a0v\u1edbi ng\u01b0\u1eddi\u00a0<strong>m\u1ec7nh Kim<\/strong>\u00a0(Th\u1ed5 sinh Kim).<\/li>\n<\/ul>\n<\/li>\n<li class=\"u-break-words ps-[2px] hide-loading-dot\">\n<div class=\"my-[1px]\">\n<div class=\"py-[3px] whitespace-pre-wrap u-break-words\"><strong>\u0110\u00e1 M\u1eaft H\u1ed5 \u0110\u1ecf N\u00e2u:<\/strong><\/div>\n<\/div>\n<ul>\n<li class=\"u-break-words ps-[2px]\">M\u00e0u \u0111\u1ecf n\u00e2u thu\u1ed9c\u00a0<strong>h\u00e0nh H\u1ecfa<\/strong>.<\/li>\n<li class=\"u-break-words ps-[2px]\"><strong>T\u01b0\u01a1ng h\u1ee3p<\/strong>\u00a0v\u1edbi ng\u01b0\u1eddi\u00a0<strong>m\u1ec7nh H\u1ecfa<\/strong>.<\/li>\n<li class=\"u-break-words ps-[2px]\"><strong>T\u01b0\u01a1ng sinh<\/strong>\u00a0v\u1edbi ng\u01b0\u1eddi\u00a0<strong>m\u1ec7nh Th\u1ed5<\/strong>\u00a0(H\u1ecfa sinh Th\u1ed5).<\/li>\n<\/ul>\n<\/li>\n<li class=\"u-break-words ps-[2px] hide-loading-dot\">\n<div class=\"my-[1px]\">\n<div class=\"py-[3px] whitespace-pre-wrap u-break-words\"><strong>\u0110\u00e1 M\u1eaft H\u1ed5 Xanh \u0110en (M\u1eaft Chim \u01afng):<\/strong><\/div>\n<\/div>\n<ul>\n<li class=\"u-break-words ps-[2px]\">M\u00e0u xanh \u0111en thu\u1ed9c\u00a0<strong>h\u00e0nh Th\u1ee7y<\/strong>.<\/li>\n<li class=\"u-break-words ps-[2px]\"><strong>T\u01b0\u01a1ng h\u1ee3p<\/strong>\u00a0v\u1edbi ng\u01b0\u1eddi\u00a0<strong>m\u1ec7nh Th\u1ee7y<\/strong>.<\/li>\n<li class=\"u-break-words ps-[2px]\"><strong>T\u01b0\u01a1ng sinh<\/strong>\u00a0v\u1edbi ng\u01b0\u1eddi\u00a0<strong>m\u1ec7nh M\u1ed9c<\/strong>\u00a0(Th\u1ee7y sinh M\u1ed9c).<\/li>\n<\/ul>\n<\/li>\n<\/ul>\n<div class=\"mt-[1em] mb-[1px]\" data-level=\"3\">\n<h2 class=\"font-[600] py-[3px] text-[1.25em]\"><span style=\"color: #d3af34;\"><strong>4. H\u01b0\u1edbng D\u1eabn Ph\u00e2n Bi\u1ec7t V\u00f2ng \u0110\u00e1 M\u1eaft H\u1ed5 Th\u1eadt &#8211; Gi\u1ea3<\/strong><\/span><\/h2>\n<\/div>\n<div class=\"my-[1px]\">\n<div class=\"py-[3px] whitespace-pre-wrap u-break-words\">Th\u1ecb tr\u01b0\u1eddng c\u00f3 r\u1ea5t nhi\u1ec1u s\u1ea3n ph\u1ea9m gi\u1ea3 l\u00e0m t\u1eeb nh\u1ef1a ho\u1eb7c th\u1ee7y tinh. D\u01b0\u1edbi \u0111\u00e2y l\u00e0 m\u1ed9t v\u00e0i b\u00ed quy\u1ebft gi\u00fap b\u1ea1n l\u1ef1a ch\u1ecdn \u0111\u01b0\u1ee3c s\u1ea3n ph\u1ea9m ch\u1ea5t l\u01b0\u1ee3ng:<\/div>\n<\/div>\n<ul>\n<li class=\"u-break-words ps-[2px]\"><strong>Ki\u1ec3m tra hi\u1ec7u \u1ee9ng m\u1eaft h\u1ed5:<\/strong>\u00a0<strong>\u0110\u00e1 m\u1eaft h\u1ed5<\/strong>\u00a0th\u1eadt c\u00f3 d\u1ea3i s\u00e1ng s\u1eafc n\u00e9t, linh ho\u1ea1t v\u00e0 di chuy\u1ec3n m\u01b0\u1ee3t m\u00e0 khi b\u1ea1n xoay vi\u00ean \u0111\u00e1 d\u01b0\u1edbi \u00e1nh s\u00e1ng. H\u00e0ng gi\u1ea3 th\u01b0\u1eddng c\u00f3 hi\u1ec7u \u1ee9ng m\u1edd nh\u1ea1t, c\u1ee9ng nh\u1eafc ho\u1eb7c ch\u1ec9 nh\u00ecn th\u1ea5y \u1edf m\u1ed9t g\u00f3c c\u1ed1 \u0111\u1ecbnh.<\/li>\n<li class=\"u-break-words ps-[2px]\"><strong>C\u1ea3m nh\u1eadn \u0111\u1ed9 m\u00e1t v\u00e0 tr\u1ecdng l\u01b0\u1ee3ng:<\/strong>\u00a0\u0110\u00e1 t\u1ef1 nhi\u00ean khi \u00e1p v\u00e0o m\u00e1 s\u1ebd c\u00f3 c\u1ea3m gi\u00e1c m\u00e1t l\u1ea1nh. H\u01a1n n\u1eefa, \u0111\u00e1 th\u1eadt lu\u00f4n n\u1eb7ng v\u00e0 ch\u1eafc tay h\u01a1n \u0111\u00e1ng k\u1ec3 so v\u1edbi nh\u1ef1a ho\u1eb7c th\u1ee7y tinh c\u00f9ng k\u00edch th\u01b0\u1edbc.<\/li>\n<li class=\"u-break-words ps-[2px]\"><strong>Ki\u1ec3m tra \u0111\u1ed9 c\u1ee9ng:<\/strong>\u00a0<strong>\u0110\u00e1 m\u1eaft h\u1ed5<\/strong>\u00a0c\u00f3 \u0111\u1ed9 c\u1ee9ng 7\/10 tr\u00ean thang Mohs, r\u1ea5t kh\u00f3 b\u1ecb tr\u1ea7y x\u01b0\u1edbc. B\u1ea1n c\u00f3 th\u1ec3 th\u1eed d\u00f9ng m\u1ed9t mi\u1ebfng k\u00ednh r\u1ea1ch nh\u1eb9 l\u00ean b\u1ec1 m\u1eb7t (\u1edf v\u1ecb tr\u00ed kh\u00f3 th\u1ea5y), n\u1ebfu \u0111\u00e1 kh\u00f4ng b\u1ecb x\u01b0\u1edbc th\u00ec \u0111\u00f3 l\u00e0 \u0111\u00e1 th\u1eadt.<\/li>\n<\/ul>\n<div class=\"my-[1px]\">\n<div class=\"py-[3px] whitespace-pre-wrap u-break-words\"><strong>V\u00f2ng \u0111\u00e1 m\u1eaft h\u1ed5<\/strong> kh\u00f4ng ch\u1ec9 l\u00e0 m\u1ed9t ph\u1ee5 ki\u1ec7n th\u1eddi trang th\u1ec3 hi\u1ec7n s\u1ef1 m\u1ea1nh m\u1ebd v\u00e0 c\u00e1 t\u00ednh, m\u00e0 c\u00f2n l\u00e0 m\u1ed9t v\u1eadt ph\u1ea9m phong th\u1ee7y mang l\u1ea1i d\u0169ng kh\u00ed, quy\u1ec1n l\u1ef1c v\u00e0 s\u1ef1 th\u1ecbnh v\u01b0\u1ee3ng. Vi\u1ec7c l\u1ef1a ch\u1ecdn m\u1ed9t chi\u1ebfc v\u00f2ng h\u1ee3p m\u1ec7nh v\u00e0 \u0111\u1ea3m b\u1ea3o ch\u1ea5t l\u01b0\u1ee3ng \u0111\u00e1 t\u1ef1 nhi\u00ean s\u1ebd l\u00e0 m\u1ed9t s\u1ef1 \u0111\u1ea7u t\u01b0 th\u00f4ng th\u00e1i cho con \u0111\u01b0\u1eddng s\u1ef1 nghi\u1ec7p v\u00e0 cu\u1ed9c s\u1ed1ng c\u1ee7a b\u1ea1n.<\/div>\n<\/div>\n<div class=\"my-[1px]\">\n<div class=\"py-[3px] whitespace-pre-wrap u-break-words\">H\u00e3y s\u1edf h\u1eefu ngay m\u1ed9t chi\u1ebfc <strong>v\u00f2ng\u00a0 \u0111\u00e1 m\u1eaft h\u1ed5<\/strong> \u0111\u1ec3 c\u1ea3m nh\u1eadn s\u1ef1 thay \u0111\u1ed5i t\u00edch c\u1ef1c v\u1ec1 tinh th\u1ea7n v\u00e0 nh\u1eefng c\u01a1 h\u1ed9i may m\u1eafn m\u00e0 n\u00f3 mang l\u1ea1i.<br \/>\n<a href=\"https:\/\/daphongthuysoluna.vn\/en\/cua-hang\/\">Tham kh\u1ea3o t\u1ea1i \u0110\u00e1 Phong Th\u1ee7y SOLUNA<\/a><\/div>\n<\/div>","protected":false},"excerpt":{"rendered":"<div class=\"my-[1px]\">\n<div class=\"py-[3px] whitespace-pre-wrap u-break-words\">Ch\u1ea5t li\u1ec7u: \u0110\u00e1 Th\u1ea1ch Anh M\u1eaft H\u1ed5 t\u1ef1 nhi\u00ean.<br \/>\n&#8211; M\u00e0u s\u1eafc: v\u00e0ng n\u00e2u t\u1ef1 nhi\u00ean (kh\u00f4ng qua x\u1eed l\u00fd)<br \/>\n&#8211; K\u00edch th\u01b0\u1edbc: <span data-path-to-node=\"3,2,1,0\">\u0110a d\u1ea1ng t\u1eeb 6 li \u0111\u1ebfn 12 li (t\u00f9y ch\u1ecdn).<\/span><br \/>\n&#8211; Ki\u1ec3u d\u00e1ng: V\u00f2ng h\u1ea1t tr\u00f2n<br \/>\n&#8211; Ti\u00eau chu\u1ea9n ch\u1ea5t l\u01b0\u1ee3ng c\u00f3 ki\u1ec3m \u0111\u1ecbnh r\u00f5 r\u00e0ng<br \/>\n&#8211; H\u1ee3p m\u1ec7nh: M\u1ec7nh Kim &#8211; Th\u1ed5<br \/>\n&#8211; C\u00f4ng d\u1ee5ng: L\u00e0m \u0111\u1eb9p v\u00e0 S\u1ee9c kho\u1ebb<br \/>\n&#8211; S\u1eed d\u1ee5ng: Trang s\u1ee9c, Qu\u00e0 t\u1eb7ng, Phong th\u1ee7y,..<br \/>\n&#8211; C\u00f3 b\u1ea3o h\u00e0nh<br \/>\n&#8211; Ki\u1ec3m \u0111\u1ecbnh theo y\u00eau c\u1ea7u<\/div>\n<\/div>","protected":false},"featured_media":1436,"comment_status":"open","ping_status":"closed","template":"","meta":{"_acf_changed":false},"product_brand":[],"product_cat":[20,102],"product_tag":[],"class_list":{"0":"post-1045","1":"product","2":"type-product","3":"status-publish","4":"has-post-thumbnail","6":"product_cat-vong-da-thach-anh","7":"product_cat-menh-tho","9":"first","10":"instock","11":"shipping-taxable","12":"purchasable","13":"product-type-variable"},"acf":[],"_links":{"self":[{"href":"https:\/\/daphongthuysoluna.vn\/en\/wp-json\/wp\/v2\/product\/1045","targetHints":{"allow":["GET"]}}],"collection":[{"href":"https:\/\/daphongthuysoluna.vn\/en\/wp-json\/wp\/v2\/product"}],"about":[{"href":"https:\/\/daphongthuysoluna.vn\/en\/wp-json\/wp\/v2\/types\/product"}],"replies":[{"embeddable":true,"href":"https:\/\/daphongthuysoluna.vn\/en\/wp-json\/wp\/v2\/comments?post=1045"}],"wp:featuredmedia":[{"embeddable":true,"href":"https:\/\/daphongthuysoluna.vn\/en\/wp-json\/wp\/v2\/media\/1436"}],"wp:attachment":[{"href":"https:\/\/daphongthuysoluna.vn\/en\/wp-json\/wp\/v2\/media?parent=1045"}],"wp:term":[{"taxonomy":"product_brand","embeddable":true,"href":"https:\/\/daphongthuysoluna.vn\/en\/wp-json\/wp\/v2\/product_brand?post=1045"},{"taxonomy":"product_cat","embeddable":true,"href":"https:\/\/daphongthuysoluna.vn\/en\/wp-json\/wp\/v2\/product_cat?post=1045"},{"taxonomy":"product_tag","embeddable":true,"href":"https:\/\/daphongthuysoluna.vn\/en\/wp-json\/wp\/v2\/product_tag?post=1045"}],"curies":[{"name":"wp","href":"https:\/\/api.w.org\/{rel}","templated":true}]}}