{"id":1046,"date":"2025-12-01T18:49:22","date_gmt":"2025-12-01T11:49:22","guid":{"rendered":"https:\/\/daphongthuysoluna.vn\/?post_type=product&#038;p=1046"},"modified":"2026-01-10T20:16:27","modified_gmt":"2026-01-10T13:16:27","slug":"vong-da-thach-anh-trang","status":"publish","type":"product","link":"https:\/\/daphongthuysoluna.vn\/en\/product\/vong-da-thach-anh-trang\/","title":{"rendered":"V\u00f2ng \u0110\u00e1 Th\u1ea1ch Anh Tr\u1eafng &#8211; H\u1ee3p m\u1ec7nh Kim, Thu\u1ef7 &#8211; 6-12li &#8211; T\u1eb7ng t\u00fai \u0111\u00e1 th\u1ea1ch anh"},"content":{"rendered":"<article>\n<header>\n<h1><span style=\"color: #d3af34;\"><strong>V\u00f2ng \u0111\u00e1 th\u1ea1ch anh tr\u1eafng (Clear Quartz): N\u0103ng l\u01b0\u1ee3ng tinh khi\u1ebft cho tr\u00ed tu\u1ec7 minh m\u1eabn &amp; t\u00e2m an nhi\u00ean<\/strong><\/span><\/h1>\n<p>Trong th\u1ebf gi\u1edbi \u0111\u00e1 t\u1ef1 nhi\u00ean, th\u1ea1ch anh tr\u1eafng (Clear Quartz) th\u01b0\u1eddng \u0111\u01b0\u1ee3c nh\u1eafc \u0111\u1ebfn nh\u01b0 bi\u1ec3u t\u01b0\u1ee3ng c\u1ee7a s\u1ef1 thu\u1ea7n khi\u1ebft v\u00e0 kh\u1ea3 n\u0103ng \u201ckhu\u1ebfch \u0111\u1ea1i\u201d n\u0103ng l\u01b0\u1ee3ng.<br \/>\nM\u1ed9t chi\u1ebfc v\u00f2ng \u0111\u00e1 th\u1ea1ch anh tr\u1eafng v\u1eeba l\u00e0 trang s\u1ee9c t\u1ed1i gi\u1ea3n, d\u1ec5 ph\u1ed1i \u0111\u1ed3, v\u1eeba l\u00e0 v\u1eadt ph\u1ea9m phong th\u1ee7y \u0111\u01b0\u1ee3c nhi\u1ec1u ng\u01b0\u1eddi l\u1ef1a ch\u1ecdn \u0111\u1ec3 h\u1ed7 tr\u1ee3 c\u00e2n b\u1eb1ng c\u1ea3m x\u00fac, t\u0103ng t\u1eadp trung v\u00e0 t\u1ea1o c\u1ea3m gi\u00e1c an y\u00ean trong \u0111\u1eddi s\u1ed1ng b\u1eadn r\u1ed9n.<\/p>\n<p>&nbsp;<\/p>\n<p><img loading=\"lazy\" decoding=\"async\" class=\"aligncenter wp-image-1701\" src=\"https:\/\/daphongthuysoluna.vn\/wp-content\/uploads\/2025\/12\/Vong-da-thach-anh-trang-300x300.jpg\" alt=\"V\u00f2ng \u0111\u00e1 th\u1ea1ch anh tr\u1eafng\" width=\"600\" height=\"600\" srcset=\"https:\/\/daphongthuysoluna.vn\/wp-content\/uploads\/2025\/12\/Vong-da-thach-anh-trang-300x300.jpg 300w, https:\/\/daphongthuysoluna.vn\/wp-content\/uploads\/2025\/12\/Vong-da-thach-anh-trang-150x150.jpg 150w, https:\/\/daphongthuysoluna.vn\/wp-content\/uploads\/2025\/12\/Vong-da-thach-anh-trang-768x768.jpg 768w, https:\/\/daphongthuysoluna.vn\/wp-content\/uploads\/2025\/12\/Vong-da-thach-anh-trang-12x12.jpg 12w, https:\/\/daphongthuysoluna.vn\/wp-content\/uploads\/2025\/12\/Vong-da-thach-anh-trang-247x247.jpg 247w, https:\/\/daphongthuysoluna.vn\/wp-content\/uploads\/2025\/12\/Vong-da-thach-anh-trang-510x510.jpg 510w, https:\/\/daphongthuysoluna.vn\/wp-content\/uploads\/2025\/12\/Vong-da-thach-anh-trang-100x100.jpg 100w, https:\/\/daphongthuysoluna.vn\/wp-content\/uploads\/2025\/12\/Vong-da-thach-anh-trang-50x50.jpg 50w, https:\/\/daphongthuysoluna.vn\/wp-content\/uploads\/2025\/12\/Vong-da-thach-anh-trang.jpg 1000w\" sizes=\"auto, (max-width: 600px) 100vw, 600px\" \/><\/p>\n<\/header>\n<p>&nbsp;<\/p>\n<section id=\"vong-thach-anh-trang-la-gi\">\n<h2><span style=\"color: #d3af34;\"><strong>1) V\u00f2ng \u0111\u00e1 th\u1ea1ch anh tr\u1eafng l\u00e0 g\u00ec? Hi\u1ec3u \u0111\u00fang v\u1ec1 \u201cClear Quartz\u201d<\/strong><\/span><\/h2>\n<p><strong>V\u00f2ng \u0111\u00e1 th\u1ea1ch anh tr\u1eafng<\/strong> l\u00e0 v\u00f2ng tay ch\u1ebf t\u00e1c t\u1eeb c\u00e1c h\u1ea1t \u0111\u00e1 th\u1ea1ch anh tr\u1eafng t\u1ef1 nhi\u00ean (Quartz), b\u1ea3n ch\u1ea5t l\u00e0 kho\u00e1ng v\u1eadt ph\u1ed5 bi\u1ebfn trong t\u1ef1 nhi\u00ean.<br \/>\nTrong nhi\u1ec1u c\u1eeda h\u00e0ng, th\u1ea1ch anh tr\u1eafng th\u01b0\u1eddng \u0111\u01b0\u1ee3c g\u1ecdi theo 2 c\u00e1ch:<\/p>\n<ul>\n<li><strong>Clear Quartz<\/strong>: thi\u00ean v\u1ec1 lo\u1ea1i trong su\u1ed1t ho\u1eb7c trong m\u1edd, nh\u00ecn nh\u01b0 \u201cpha l\u00ea\u201d.<\/li>\n<li><strong>Milky Quartz<\/strong>: thi\u00ean v\u1ec1 lo\u1ea1i tr\u1eafng \u0111\u1ee5c, c\u00f3 hi\u1ec7u \u1ee9ng s\u1eefa, d\u1ecbu m\u1eaft.<\/li>\n<\/ul>\n<p>V\u1ec1 m\u1eb7t kho\u00e1ng v\u1eadt h\u1ecdc, th\u1ea1ch anh c\u00f3 c\u00f4ng th\u1ee9c h\u00f3a h\u1ecdc <strong>SiO<sub>2<\/sub><\/strong> (silicon dioxide) v\u00e0 \u0111\u1ed9 c\u1ee9ng kho\u1ea3ng <strong>7\/10 theo thang Mohs<\/strong>.<br \/>\nNh\u1edd \u0111\u1ed9 c\u1ee9ng t\u01b0\u01a1ng \u0111\u1ed1i cao v\u00e0 v\u1ebb \u0111\u1eb9p trong tr\u1ebbo, th\u1ea1ch anh tr\u1eafng r\u1ea5t ph\u00f9 h\u1ee3p \u0111\u1ec3 l\u00e0m trang s\u1ee9c \u0111eo h\u1eb1ng ng\u00e0y.<\/p>\n<p>&nbsp;<\/p>\n<\/section>\n<section id=\"vi-sao-la-vien-da-anh-sang\">\n<h2><strong><span style=\"color: #d3af34;\">2) V\u00ec sao v\u00f2ng \u0111\u00e1 th\u1ea1ch anh tr\u1eafng \u0111\u01b0\u1ee3c g\u1ecdi l\u00e0 \u201cVua c\u1ee7a th\u1ea1ch anh\u201d hay \u201cVi\u00ean \u0111\u00e1 \u00e1nh s\u00e1ng\u201d?<\/span><\/strong><\/h2>\n<p>Trong th\u1ef1c h\u00e0nh phong th\u1ee7y v\u00e0 v\u0103n h\u00f3a \u0111\u00e1 n\u0103ng l\u01b0\u1ee3ng, th\u1ea1ch anh tr\u1eafng th\u01b0\u1eddng \u0111\u01b0\u1ee3c xem l\u00e0 \u201cn\u1ec1n t\u1ea3ng\u201d v\u00ec<br \/>\ns\u1eafc tr\u1eafng\/trong su\u1ed1t t\u1ea1o c\u1ea3m gi\u00e1c tinh khi\u1ebft, r\u00f5 r\u00e0ng. Nhi\u1ec1u ng\u01b0\u1eddi tin r\u1eb1ng lo\u1ea1i \u0111\u00e1 n\u00e0y c\u00f3 xu h\u01b0\u1edbng:<\/p>\n<ul>\n<li><strong>Thanh l\u1ecdc<\/strong>: h\u1ed7 tr\u1ee3 l\u00e0m \u201cnh\u1eb9\u201d tr\u01b0\u1eddng n\u0103ng l\u01b0\u1ee3ng c\u00e1 nh\u00e2n khi b\u1ea1n m\u1ec7t m\u1ecfi, c\u0103ng th\u1eb3ng.<\/li>\n<li><strong>Khu\u1ebfch \u0111\u1ea1i<\/strong>: gi\u00fap \u201c\u0111\u1ea9y m\u1ea1nh\u201d \u00fd \u0111\u1ecbnh (intention) khi thi\u1ec1n \u0111\u1ecbnh, \u0111\u1eb7t m\u1ee5c ti\u00eau.<\/li>\n<li><strong>C\u00e2n b\u1eb1ng<\/strong>: ph\u00f9 h\u1ee3p v\u1edbi ng\u01b0\u1eddi th\u00edch s\u1ef1 t\u1ed1i gi\u1ea3n, h\u00e0i h\u00f2a, kh\u00f4ng qu\u00e1 \u201cn\u1eb7ng m\u00e0u\u201d.<\/li>\n<\/ul>\n<p>Quan tr\u1ecdng: \u0111\u00e2y l\u00e0 c\u00e1ch di\u1ec5n gi\u1ea3i theo ni\u1ec1m tin phong th\u1ee7y \u2013 n\u0103ng l\u01b0\u1ee3ng. N\u1ebfu b\u1ea1n xem v\u00f2ng \u0111\u00e1 nh\u01b0 m\u1ed9t<br \/>\n\u201cv\u1eadt nh\u1eafc nh\u1edf\u201d \u0111\u1ec3 s\u1ed1ng ch\u1eadm, t\u1eadp trung v\u00e0 t\u00edch c\u1ef1c h\u01a1n, th\u1ea1ch anh tr\u1eafng l\u00e0 l\u1ef1a ch\u1ecdn r\u1ea5t \u0111\u00e1ng th\u1eed.<\/p>\n<p>&nbsp;<\/p>\n<\/section>\n<section id=\"cong-dung-vong-thach-anh-trang\">\n<h2><span style=\"color: #d3af34;\"><strong>3) C\u00f4ng d\u1ee5ng v\u00f2ng \u0111\u00e1 th\u1ea1ch anh tr\u1eafng<\/strong><\/span><\/h2>\n<h3><strong>3.1) C\u00f4ng d\u1ee5ng v\u1ec1 tinh th\u1ea7n, tr\u00ed tu\u1ec7 v\u00e0 s\u1ef1 t\u1eadp trung<\/strong><\/h3>\n<p>Theo tr\u1ea3i nghi\u1ec7m ng\u01b0\u1eddi d\u00f9ng trong c\u1ed9ng \u0111\u1ed3ng \u0111\u00e1 phong th\u1ee7y, th\u1ea1ch anh tr\u1eafng th\u01b0\u1eddng \u0111\u01b0\u1ee3c nh\u1eafc \u0111\u1ebfn v\u1edbi c\u00e1c l\u1ee3i \u00edch:<\/p>\n<ul>\n<li><strong>Gi\u1ea3m c\u0103ng th\u1eb3ng<\/strong>, h\u1ed7 tr\u1ee3 c\u1ea3m gi\u00e1c th\u01b0 th\u00e1i, l\u1ea1c quan h\u01a1n.<\/li>\n<li><strong>T\u0103ng t\u1eadp trung<\/strong> khi h\u1ecdc t\u1eadp, l\u00e0m vi\u1ec7c, \u0111\u1ecdc s\u00e1ch.<\/li>\n<li><strong>H\u1ed7 tr\u1ee3 t\u01b0 duy r\u00f5 r\u00e0ng<\/strong>, h\u1ea1n ch\u1ebf \u201cqu\u00e1 t\u1ea3i\u201d khi ph\u1ea3i ra quy\u1ebft \u0111\u1ecbnh.<\/li>\n<li><strong>C\u1ea3i thi\u1ec7n gi\u1ea5c ng\u1ee7<\/strong> theo h\u01b0\u1edbng d\u1ec5 ch\u1ecbu h\u01a1n (\u0111\u1eb7c bi\u1ec7t khi b\u1ea1n hay lo ngh\u0129).<\/li>\n<\/ul>\n<p>M\u1eb9o nh\u1ecf: n\u1ebfu b\u1ea1n th\u01b0\u1eddng b\u1ecb \u201cxao nh\u00e3ng\u201d, h\u00e3y ch\u1ecdn v\u00f2ng h\u1ea1t v\u1eeba (8mm\u201310mm), \u0111eo khi l\u00e0m vi\u1ec7c v\u00e0 \u0111\u1eb7t nh\u1eafc nh\u1edf \u201ch\u00edt th\u1edf 60 gi\u00e2y\u201d m\u1ed7i khi ch\u1ea1m tay v\u00e0o v\u00f2ng.<\/p>\n<h3><strong>3.2) \u00dd ngh\u0129a phong th\u1ee7y: thanh l\u1ecdc, c\u00e2n b\u1eb1ng, thu h\u00fat may m\u1eafn<\/strong><\/h3>\n<p>Trong phong th\u1ee7y, th\u1ea1ch anh tr\u1eafng \u0111\u01b0\u1ee3c xem l\u00e0 bi\u1ec3u t\u01b0\u1ee3ng c\u1ee7a:<\/p>\n<ul>\n<li><strong>S\u1ef1 tinh khi\u1ebft<\/strong> v\u00e0 kh\u1edfi \u0111\u1ea7u m\u1edbi.<\/li>\n<li><strong>May m\u1eafn \u2013 hanh th\u00f4ng<\/strong> trong c\u00f4ng vi\u1ec7c, h\u1ecdc t\u1eadp (\u0111\u1eb7c bi\u1ec7t khi b\u1ea1n c\u1ea7n s\u1ef1 \u201cminh m\u1eabn\u201d).<\/li>\n<li><strong>Lo\u1ea1i b\u1ecf n\u0103ng l\u01b0\u1ee3ng x\u1ea5u<\/strong>, h\u01b0\u1edbng \u0111\u1ebfn kh\u00f4ng gian s\u1ed1ng h\u00e0i h\u00f2a.<\/li>\n<li><strong>Tr\u1ea5n tr\u1ea1ch<\/strong> (\u1edf m\u1ee9c \u0111\u1ed9 ni\u1ec1m tin): nhi\u1ec1u ng\u01b0\u1eddi \u0111\u1eb7t th\u1ea1ch anh tr\u1eafng trong ph\u00f2ng l\u00e0m vi\u1ec7c \u0111\u1ec3 \u201cgi\u1eef kh\u00ed\u201d t\u1ed1t.<\/li>\n<\/ul>\n<p>&nbsp;<\/p>\n<\/section>\n<section id=\"cac-loai-vong-thach-anh-trang\">\n<h2><span style=\"color: #d3af34;\"><strong>4) C\u00e1c lo\u1ea1i v\u00f2ng \u0111\u00e1 th\u1ea1ch anh tr\u1eafng ph\u1ed5 bi\u1ebfn (n\u00ean ch\u1ecdn lo\u1ea1i n\u00e0o?)<\/strong><\/span><\/h2>\n<p>Tr\u00ean th\u1ecb tr\u01b0\u1eddng, \u201cv\u00f2ng th\u1ea1ch anh tr\u1eafng\u201d c\u00f3 th\u1ec3 \u0111\u01b0\u1ee3c chia theo \u0111\u1ed9 trong v\u00e0 c\u1ea5u tr\u00fac b\u00ean trong. D\u01b0\u1edbi \u0111\u00e2y l\u00e0 c\u00e1c nh\u00f3m ph\u1ed5 bi\u1ebfn:<\/p>\n<figure><\/figure>\n<table>\n<caption>B\u1ea3ng so s\u00e1nh nhanh c\u00e1c d\u00f2ng th\u1ea1ch anh tr\u1eafng<\/caption>\n<thead>\n<tr>\n<th>Lo\u1ea1i<\/th>\n<th>\u0110\u1eb7c \u0111i\u1ec3m<\/th>\n<th>H\u1ee3p v\u1edbi ai?<\/th>\n<th>G\u1ee3i \u00fd s\u1eed d\u1ee5ng<\/th>\n<\/tr>\n<\/thead>\n<tbody>\n<tr>\n<td>Clear Quartz (trong su\u1ed1t)<\/td>\n<td>Trong\/\u00edt m\u00e2y, s\u00e1ng, ph\u1ea3n quang \u0111\u1eb9p<\/td>\n<td>Ng\u01b0\u1eddi th\u00edch t\u1ed1i gi\u1ea3n, c\u1ea7n \u201c\u0111\u1ed9 r\u00f5\u201d khi l\u00e0m vi\u1ec7c<\/td>\n<td>\u0110eo \u0111i l\u00e0m, h\u1ecdc t\u1eadp, thi\u1ec1n<\/td>\n<\/tr>\n<tr>\n<td>Milky Quartz (tr\u1eafng \u0111\u1ee5c)<\/td>\n<td>Tr\u1eafng s\u1eefa, d\u1ecbu m\u1eaft, d\u1ec5 ph\u1ed1i \u0111\u1ed3<\/td>\n<td>Ng\u01b0\u1eddi th\u00edch v\u1ebb m\u1ec1m, \u1ea5m, nh\u1eb9 nh\u00e0ng<\/td>\n<td>\u0110eo h\u1eb1ng ng\u00e0y, ph\u1ed1i charm<\/td>\n<\/tr>\n<tr>\n<td>Th\u1ea1ch anh \u01b0u linh tr\u1eafng<\/td>\n<td>C\u00f3 bao th\u1ec3 d\u1ea1ng \u201cm\u00e2y\/kh\u00f3i\/c\u1ea3nh\u201d b\u00ean trong<\/td>\n<td>Ng\u01b0\u1eddi th\u00edch \u0111\u00e1 c\u00f3 c\u00e2u chuy\u1ec7n, v\u00e2n \u0111\u1ed9c b\u1ea3n<\/td>\n<td>\u01afa s\u01b0u t\u1ea7m, l\u00e0m qu\u00e0 t\u1eb7ng \u00fd ngh\u0129a<\/td>\n<\/tr>\n<tr>\n<td>Th\u1ea1ch anh t\u00f3c tr\u1eafng<\/td>\n<td>C\u00f3 s\u1ee3i\/kim bao th\u1ec3 (t\u00f3c) ch\u1ea1y trong \u0111\u00e1<\/td>\n<td>Ng\u01b0\u1eddi th\u00edch hi\u1ec7u \u1ee9ng l\u1ea5p l\u00e1nh, c\u00e1 t\u00ednh<\/td>\n<td>Mix v\u00f2ng \u0111\u01a1n ho\u1eb7c layer<\/td>\n<\/tr>\n<\/tbody>\n<\/table>\n<p>&nbsp;<\/p>\n<\/section>\n<section id=\"thach-anh-trang-hop-menh-gi\">\n<h2><span style=\"color: #d3af34;\"><strong><img loading=\"lazy\" decoding=\"async\" class=\"aligncenter wp-image-1700 size-full\" src=\"https:\/\/daphongthuysoluna.vn\/wp-content\/uploads\/2025\/12\/Vong-da-thach-anh-trang_01-e1767957873253.jpg\" alt=\"\" width=\"1080\" height=\"797\" \/><\/strong><\/span><\/h2>\n<\/section>\n<\/article>\n<p>&nbsp;<\/p>\n<p>&nbsp;<\/p>\n<article>\n<section id=\"thach-anh-trang-hop-menh-gi\">\n<h2><span style=\"color: #d3af34;\"><strong>5) V\u00f2ng \u0111\u00e1 th\u1ea1ch anh tr\u1eafng h\u1ee3p m\u1ec7nh g\u00ec? (Kim \u2013 Th\u1ee7y l\u00e0 l\u1ef1a ch\u1ecdn n\u1ed5i b\u1eadt)<\/strong><\/span><\/h2>\n<p>Theo ng\u0169 h\u00e0nh, <strong>m\u00e0u tr\u1eafng thu\u1ed9c h\u00e0nh Kim<\/strong>. V\u00ec v\u1eady, v\u00f2ng th\u1ea1ch anh tr\u1eafng th\u01b0\u1eddng \u0111\u01b0\u1ee3c khuy\u00ean d\u00f9ng cho:<\/p>\n<ul>\n<li><strong>M\u1ec7nh Kim (t\u01b0\u01a1ng h\u1ee3p)<\/strong>: h\u1ed7 tr\u1ee3 t\u0103ng n\u0103ng l\u01b0\u1ee3ng \u0111\u1ed3ng h\u00e0nh, thu\u1eadn l\u1ee3i, t\u1ef1 tin h\u01a1n trong c\u00f4ng vi\u1ec7c.<\/li>\n<li><strong>M\u1ec7nh Th\u1ee7y (t\u01b0\u01a1ng sinh)<\/strong>: Kim sinh Th\u1ee7y, n\u00ean th\u1ea1ch anh tr\u1eafng \u0111\u01b0\u1ee3c xem l\u00e0 ngu\u1ed3n tr\u1ee3 l\u1ef1c gi\u00fap v\u1eadn tr\u00ecnh hanh th\u00f4ng, tinh th\u1ea7n v\u1eefng v\u00e0ng.<\/li>\n<\/ul>\n<p>C\u00f2n c\u00e1c m\u1ec7nh kh\u00e1c th\u00ec sao? B\u1ea1n v\u1eabn c\u00f3 th\u1ec3 \u0111eo n\u1ebfu y\u00eau th\u00edch v\u00ec th\u1ea1ch anh tr\u1eafng kh\u00e1 \u201ctrung t\u00ednh\u201d, d\u1ec5 ph\u1ed1i.<br \/>\nN\u1ebfu mu\u1ed1n t\u1ed1i \u01b0u theo phong th\u1ee7y, b\u1ea1n c\u00f3 th\u1ec3 ph\u1ed1i th\u00eam \u0111\u00e1 theo m\u1ec7nh:<\/p>\n<ul>\n<li><strong>M\u1ec7nh M\u1ed9c<\/strong>: c\u00e2n nh\u1eafc ph\u1ed1i th\u00eam xanh (v\u00ed d\u1ee5: th\u1ea1ch anh xanh\/aventurine) \u0111\u1ec3 h\u00e0i h\u00f2a.<\/li>\n<li><strong>M\u1ec7nh H\u1ecfa<\/strong>: ph\u1ed1i th\u00eam \u0111\u1ecf\/h\u1ed3ng\/t\u00edm (t\u00f9y gu) \u0111\u1ec3 t\u0103ng s\u1eafc th\u00e1i.<\/li>\n<li><strong>M\u1ec7nh Th\u1ed5<\/strong>: ph\u1ed1i th\u00eam v\u00e0ng\/n\u00e2u \u0111\u1ec3 c\u00e2n b\u1eb1ng.<\/li>\n<\/ul>\n<p>&nbsp;<\/p>\n<\/section>\n<section id=\"cach-chon-vong-chuan\">\n<h2><span style=\"color: #d3af34;\"><strong>6) C\u00e1ch ch\u1ecdn v\u00f2ng \u0111\u00e1 th\u1ea1ch anh tr\u1eafng<\/strong><\/span><\/h2>\n<p>Ch\u1ecdn v\u00f2ng \u0111\u00e1 chu\u1ea9n kh\u00f4ng ch\u1ec9 l\u00e0 \u201c\u0111\u1eb9p m\u1eaft\u201d, m\u00e0 c\u00f2n li\u00ean quan \u0111\u1ebfn \u0111\u1ed9 b\u1ec1n, c\u1ea3m gi\u00e1c \u0111eo v\u00e0 gi\u00e1 tr\u1ecb th\u1eadt c\u1ee7a \u0111\u00e1.<br \/>\nD\u01b0\u1edbi \u0111\u00e2y l\u00e0 m\u1eb9o th\u1ef1c t\u1ebf, d\u1ec5 \u00e1p d\u1ee5ng:<\/p>\n<h3><strong>6.1) Ch\u1ecdn size h\u1ea1t theo c\u1ed5 tay v\u00e0 phong c\u00e1ch<\/strong><\/h3>\n<p>Size h\u1ea1t \u1ea3nh h\u01b0\u1edfng m\u1ea1nh \u0111\u1ebfn c\u1ea3m gi\u00e1c \u0111eo. G\u1ee3i \u00fd ph\u1ed5 bi\u1ebfn:<\/p>\n<ul>\n<li><strong>6mm<\/strong>: nh\u1eb9, thanh l\u1ecbch, h\u1ee3p c\u1ed5 tay nh\u1ecf, d\u1ec5 layer.<\/li>\n<li><strong>8mm<\/strong>: \u201cqu\u1ed1c d\u00e2n\u201d, \u0111eo \u0111i l\u00e0m\/h\u1ecdc tho\u1ea3i m\u00e1i.<\/li>\n<li><strong>10mm<\/strong>: n\u1ed5i b\u1eadt h\u01a1n, h\u1ee3p ng\u01b0\u1eddi th\u00edch v\u00f2ng c\u00f3 \u201c\u0111\u1ed9 hi\u1ec7n di\u1ec7n\u201d.<\/li>\n<li><strong>12mm+<\/strong>: c\u00e1 t\u00ednh, resulting look m\u1ea1nh, h\u1ee3p c\u1ed5 tay l\u1edbn.<\/li>\n<\/ul>\n<h3><strong>6.2) Ch\u1ecdn theo m\u1ee5c \u0111\u00edch: \u0111i l\u00e0m, h\u1ecdc t\u1eadp, thi\u1ec1n, qu\u00e0 t\u1eb7ng<\/strong><\/h3>\n<ul>\n<li><strong>\u0110i l\u00e0m<\/strong>: \u01b0u ti\u00ean clear quartz trong\/\u00edt m\u00e2y, 8\u201310mm, tone t\u1ed1i gi\u1ea3n.<\/li>\n<li><strong>H\u1ecdc t\u1eadp<\/strong>: clear quartz ho\u1eb7c milky quartz, \u0111eo nh\u1eb9 tay, kh\u00f4ng v\u01b0\u1edbng.<\/li>\n<li><strong>Thi\u1ec1n<\/strong>: \u01b0u linh tr\u1eafng ho\u1eb7c clear quartz c\u00f3 \u201c\u0111\u1ed9 t\u0129nh\u201d, t\u00f9y c\u1ea3m nh\u1eadn.<\/li>\n<li><strong>Qu\u00e0 t\u1eb7ng<\/strong>: \u01b0u linh\/t\u00f3c tr\u1eafng v\u00ec c\u00f3 t\u00ednh \u0111\u1ed9c b\u1ea3n, c\u00e2u chuy\u1ec7n \u0111\u1eb9p.<\/li>\n<\/ul>\n<\/section>\n<section id=\"cau-hoi-thuong-gap\">\u00a0<\/section>\n<footer>\n<h2><span style=\"color: #d3af34;\"><strong>K\u1ebft lu\u1eadn<\/strong><\/span><\/h2>\n<p><strong>V\u00f2ng \u0111\u00e1 th\u1ea1ch anh tr\u1eafng<\/strong> l\u00e0 l\u1ef1a ch\u1ecdn v\u1eeba \u0111\u1eb9p t\u1ed1i gi\u1ea3n, v\u1eeba mang \u00fd ngh\u0129a phong th\u1ee7y \u0111\u01b0\u1ee3c nhi\u1ec1u ng\u01b0\u1eddi y\u00eau th\u00edch:<br \/>\nh\u1ed7 tr\u1ee3 c\u1ea3m gi\u00e1c an y\u00ean, t\u0103ng t\u1eadp trung, c\u00e2n b\u1eb1ng n\u0103ng l\u01b0\u1ee3ng v\u00e0 ph\u00f9 h\u1ee3p \u0111\u1eb7c bi\u1ec7t v\u1edbi <strong>m\u1ec7nh Kim<\/strong>, <strong>m\u1ec7nh Th\u1ee7y<\/strong>.<\/p>\n<p>N\u1ebfu b\u1ea1n c\u1ea7n t\u01b0 v\u1ea5n ch\u1ecdn lo\u1ea1i (trong\/\u0111\u1ee5c\/\u01b0u linh\/t\u00f3c), ch\u1ecdn size theo c\u1ed5 tay ho\u1eb7c ph\u1ed1i theo m\u1ec7nh,<br \/>\nh\u00e3y gh\u00e9 <a href=\"\/en\/lien-he\/\">\u0110\u00e1 Phong Th\u1ee7y SOLUNA<\/a> \u0111\u1ec3 \u0111\u01b0\u1ee3c h\u1ed7 tr\u1ee3 nhanh.<\/p>\n<\/footer>\n<\/article>","protected":false},"excerpt":{"rendered":"<div class=\"my-[1px]\">\n<div class=\"py-[3px] whitespace-pre-wrap u-break-words\">\n<p data-path-to-node=\"12,1,0\">V\u00f2ng \u0111\u00e1 th\u1ea1ch anh tr\u1eafng (Clear Quartz)<\/p>\n<p>+ Ch\u1ea5t li\u1ec7u : Clear Quartz: thi\u00ean v\u1ec1 lo\u1ea1i trong su\u1ed1t nh\u00ecn nh\u01b0 \u201cpha l\u00ea\u201d.<\/p>\n<p>+ M\u00e0u s\u1eafc: Tr\u1eafng trong su\u1ed1t<\/p>\n<p>+ K\u00edch th\u01b0\u1edbc 6-12 li<\/p>\n<p>+ Kh\u1ed1i l\u01b0\u1ee3ng: 12g<\/p>\n<p>+ H\u1ee3p m\u1ec7nh: M\u1ec7nh Kim, m\u1ec7nh Thu\u1ef7<\/p>\n<p>+ S\u1eed d\u1ee5ng: Trang s\u1ee9c, qu\u00e0 t\u1eb7ng, phong th\u1ee7y,..<\/p>\n<p>+ \u00dd ngh\u0129a: N\u0103ng l\u01b0\u1ee3ng tinh khi\u1ebft cho tr\u00ed tu\u1ec7 minh m\u1eabn &amp; t\u00e2m an nhi\u00ean<\/p>\n<\/div>\n<\/div>","protected":false},"featured_media":1430,"comment_status":"open","ping_status":"closed","template":"","meta":{"_acf_changed":false},"product_brand":[],"product_cat":[20,99,100],"product_tag":[],"class_list":{"0":"post-1046","1":"product","2":"type-product","3":"status-publish","4":"has-post-thumbnail","6":"product_cat-vong-da-thach-anh","7":"product_cat-menh-kim","8":"product_cat-menh-thuy","10":"first","11":"instock","12":"shipping-taxable","13":"purchasable","14":"product-type-variable"},"acf":[],"_links":{"self":[{"href":"https:\/\/daphongthuysoluna.vn\/en\/wp-json\/wp\/v2\/product\/1046","targetHints":{"allow":["GET"]}}],"collection":[{"href":"https:\/\/daphongthuysoluna.vn\/en\/wp-json\/wp\/v2\/product"}],"about":[{"href":"https:\/\/daphongthuysoluna.vn\/en\/wp-json\/wp\/v2\/types\/product"}],"replies":[{"embeddable":true,"href":"https:\/\/daphongthuysoluna.vn\/en\/wp-json\/wp\/v2\/comments?post=1046"}],"wp:featuredmedia":[{"embeddable":true,"href":"https:\/\/daphongthuysoluna.vn\/en\/wp-json\/wp\/v2\/media\/1430"}],"wp:attachment":[{"href":"https:\/\/daphongthuysoluna.vn\/en\/wp-json\/wp\/v2\/media?parent=1046"}],"wp:term":[{"taxonomy":"product_brand","embeddable":true,"href":"https:\/\/daphongthuysoluna.vn\/en\/wp-json\/wp\/v2\/product_brand?post=1046"},{"taxonomy":"product_cat","embeddable":true,"href":"https:\/\/daphongthuysoluna.vn\/en\/wp-json\/wp\/v2\/product_cat?post=1046"},{"taxonomy":"product_tag","embeddable":true,"href":"https:\/\/daphongthuysoluna.vn\/en\/wp-json\/wp\/v2\/product_tag?post=1046"}],"curies":[{"name":"wp","href":"https:\/\/api.w.org\/{rel}","templated":true}]}}