{"id":1049,"date":"2025-12-01T19:35:09","date_gmt":"2025-12-01T12:35:09","guid":{"rendered":"https:\/\/daphongthuysoluna.vn\/?post_type=product&#038;p=1049"},"modified":"2026-01-10T19:29:41","modified_gmt":"2026-01-10T12:29:41","slug":"vong-da-go-hoa-thach","status":"publish","type":"product","link":"https:\/\/daphongthuysoluna.vn\/en\/product\/vong-da-go-hoa-thach\/","title":{"rendered":"V\u00f2ng \u0110\u00e1 G\u1ed7 H\u00f3a Th\u1ea1ch &#8211; H\u1ee3p M\u1ec7nh Th\u1ed5, Kim &#8211; 7-14li &#8211; T\u1eb7ng T\u00fai \u0110\u00e1 Th\u1ea1ch Anh"},"content":{"rendered":"<div class=\"mt-[1em] mb-[1px]\" data-level=\"3\">\n<h1 class=\"font-[600] py-[3px] text-[1.25em]\"><span style=\"color: #d3af34;\"><strong>V\u00f2ng \u0110\u00e1 G\u1ed7 H\u00f3a Th\u1ea1ch: B\u00ed M\u1eadt Tr\u01b0\u1eddng Th\u1ecd &amp; N\u0103ng L\u01b0\u1ee3ng T\u1eeb Tri\u1ec7u N\u0103m L\u1ecbch S\u1eed<\/strong><\/span><\/h1>\n<\/div>\n<div class=\"my-[1px]\">\n<div class=\"py-[3px] whitespace-pre-wrap u-break-words\">Kh\u00e1m ph\u00e1 c\u00f4ng d\u1ee5ng v\u00e0 \u00fd ngh\u0129a phong th\u1ee7y c\u1ee7a <strong>v\u00f2ng \u0111\u00e1 g\u1ed7 h\u00f3a th\u1ea1ch<\/strong>. T\u00ecm hi\u1ec3u <strong>g\u1ed7 h\u00f3a th\u1ea1ch<\/strong> h\u1ee3p m\u1ec7nh g\u00ec, c\u00e1ch ph\u00e2n bi\u1ec7t th\u1eadt gi\u1ea3 \u0111\u1ec3 s\u1edf h\u1eefu v\u1eadt ph\u1ea9m k\u1ebft n\u1ed1i qu\u00e1 kh\u1ee9, v\u1eefng v\u00e0ng hi\u1ec7n t\u1ea1i.<\/div>\n<\/div>\n<div class=\"h-[13px] my-[1px] flex items-center\">\n<div class=\"w-full h-[1px] bg-[var(--border-main)]\"><\/div>\n<\/div>\n<div class=\"my-[1px]\">\n<div class=\"py-[3px] whitespace-pre-wrap u-break-words\">B\u1ea1n \u0111\u00e3 bao gi\u1edd t\u01b0\u1edfng t\u01b0\u1ee3ng c\u00f3 th\u1ec3 \u0111eo tr\u00ean tay m\u1ed9t t\u00e1c ph\u1ea9m ngh\u1ec7 thu\u1eadt c\u1ee7a t\u1ef1 nhi\u00ean, mang trong m\u00ecnh h\u00e0ng tri\u1ec7u n\u0103m l\u1ecbch s\u1eed Tr\u00e1i \u0110\u1ea5t ch\u01b0a? <strong>V\u00f2ng \u0111\u00e1 g\u1ed7 h\u00f3a th\u1ea1ch<\/strong> ch\u00ednh l\u00e0 v\u1eadt ph\u1ea9m k\u1ef3 di\u1ec7u \u0111\u00f3. Kh\u00f4ng ch\u1ec9 l\u00e0 m\u1ed9t m\u00f3n trang s\u1ee9c v\u1edbi nh\u1eefng \u0111\u01b0\u1eddng v\u00e2n g\u1ed7 \u0111\u1ed9c nh\u1ea5t v\u00f4 nh\u1ecb, <strong>g\u1ed7 h\u00f3a th\u1ea1ch<\/strong> c\u00f2n l\u00e0 m\u1ed9t vi\u00ean \u0111\u00e1 phong th\u1ee7y quy\u1ec1n n\u0103ng, bi\u1ec3u t\u01b0\u1ee3ng cho s\u1ef1 tr\u01b0\u1eddng t\u1ed3n, b\u1ec1n b\u1ec9 v\u00e0 tr\u00ed tu\u1ec7 uy\u00ean th\u00e2m.<\/div>\n<div><\/div>\n<div class=\"py-[3px] whitespace-pre-wrap u-break-words\">\n<figure id=\"attachment_1434\" aria-describedby=\"caption-attachment-1434\" style=\"width: 300px\" class=\"wp-caption aligncenter\"><img loading=\"lazy\" decoding=\"async\" class=\"wp-image-1434 size-medium\" src=\"https:\/\/daphongthuysoluna.vn\/wp-content\/uploads\/2025\/12\/vong-da-go-hoa-thach3-300x300.jpg\" alt=\"v\u00f2ng \u0111\u00e1 g\u1ed7 h\u00f3a th\u1ea1ch\" width=\"300\" height=\"300\" srcset=\"https:\/\/daphongthuysoluna.vn\/wp-content\/uploads\/2025\/12\/vong-da-go-hoa-thach3-300x300.jpg 300w, https:\/\/daphongthuysoluna.vn\/wp-content\/uploads\/2025\/12\/vong-da-go-hoa-thach3-247x247.jpg 247w, https:\/\/daphongthuysoluna.vn\/wp-content\/uploads\/2025\/12\/vong-da-go-hoa-thach3-100x100.jpg 100w, https:\/\/daphongthuysoluna.vn\/wp-content\/uploads\/2025\/12\/vong-da-go-hoa-thach3-510x510.jpg 510w, https:\/\/daphongthuysoluna.vn\/wp-content\/uploads\/2025\/12\/vong-da-go-hoa-thach3-150x150.jpg 150w, https:\/\/daphongthuysoluna.vn\/wp-content\/uploads\/2025\/12\/vong-da-go-hoa-thach3.jpg 600w\" sizes=\"auto, (max-width: 300px) 100vw, 300px\" \/><figcaption id=\"caption-attachment-1434\" class=\"wp-caption-text\">vong-da-go-hoa-thach<\/figcaption><\/figure>\n<\/div>\n<\/div>\n<div class=\"my-[1px]\">\n<div class=\"py-[3px] whitespace-pre-wrap u-break-words\">B\u00e0i vi\u1ebft n\u00e0y s\u1ebd c\u00f9ng b\u1ea1n v\u00e9n b\u1ee9c m\u00e0n b\u00ed \u1ea9n v\u1ec1 <strong>v\u00f2ng \u0111\u00e1 g\u1ed7 h\u00f3a th\u1ea1ch<\/strong>, gi\u1ea3i m\u00e3 ngu\u1ed3n n\u0103ng l\u01b0\u1ee3ng c\u1ed5 x\u01b0a v\u00e0 kh\u00e1m ph\u00e1 l\u00fd do t\u1ea1i sao \u0111\u00e2y l\u1ea1i l\u00e0 v\u1eadt ph\u1ea9m \u0111\u01b0\u1ee3c nh\u1eefng ng\u01b0\u1eddi t\u00ecm ki\u1ebfm s\u1ef1 \u1ed5n \u0111\u1ecbnh v\u00e0 th\u1ecbnh v\u01b0\u1ee3ng \u0111\u1eb7c bi\u1ec7t tr\u00e2n qu\u00fd.<\/div>\n<div><\/div>\n<div><\/div>\n<div><\/div>\n<\/div>\n<div class=\"mt-[1em] mb-[1px]\" data-level=\"3\">\n<h2 class=\"font-[600] py-[3px] text-[1.25em]\"><span style=\"color: #d3af34;\"><strong>1. G\u1ed7 H\u00f3a Th\u1ea1ch L\u00e0 G\u00ec? H\u00e0nh Tr\u00ecnh K\u1ef3 Di\u1ec7u T\u1eeb G\u1ed7 Th\u00e0nh \u0110\u00e1<\/strong><\/span><\/h2>\n<\/div>\n<div class=\"my-[1px]\">\n<div class=\"py-[3px] whitespace-pre-wrap u-break-words\"><strong>G\u1ed7 h\u00f3a th\u1ea1ch<\/strong> (Petrified Wood) kh\u00f4ng ph\u1ea3i l\u00e0 g\u1ed7, c\u0169ng kh\u00f4ng ho\u00e0n to\u00e0n l\u00e0 \u0111\u00e1 theo c\u00e1ch th\u00f4ng th\u01b0\u1eddng. N\u00f3 l\u00e0 k\u1ebft qu\u1ea3 c\u1ee7a m\u1ed9t qu\u00e1 tr\u00ecnh bi\u1ebfn \u0111\u1ed5i \u0111\u1ecba ch\u1ea5t k\u00e9o d\u00e0i h\u00e0ng tri\u1ec7u n\u0103m.<\/div>\n<\/div>\n<div class=\"my-[1px]\">\n<div class=\"py-[3px] whitespace-pre-wrap u-break-words\">K\u1ebft qu\u1ea3 l\u00e0 ch\u00fang ta c\u00f3 m\u1ed9t vi\u00ean \u0111\u00e1 gi\u1eef l\u1ea1i nguy\u00ean v\u1eb9n h\u00ecnh d\u00e1ng, c\u1ea5u tr\u00fac v\u00e0 nh\u1eefng \u0111\u01b0\u1eddng v\u00e2n tuy\u1ec7t \u0111\u1eb9p c\u1ee7a th\u00e2n g\u1ed7 nguy\u00ean th\u1ee7y. M\u1ed7i chi\u1ebfc <strong>v\u00f2ng \u0111\u00e1 g\u1ed7 h\u00f3a th\u1ea1ch<\/strong> v\u00ec th\u1ebf l\u00e0 m\u1ed9t &#8220;vi\u00ean nang th\u1eddi gian&#8221;, m\u1ed9t ch\u1ee9ng nh\u00e2n <a href=\"https:\/\/vi.wikipedia.org\/wiki\/L%E1%BB%8Bch_s%E1%BB%AD\" target=\"_blank\" rel=\"noopener\">l\u1ecbch s\u1eed<\/a> \u0111\u1ed9c nh\u1ea5t v\u00f4 nh\u1ecb.<\/div>\n<\/div>\n<div class=\"mt-[1em] mb-[1px]\" data-level=\"3\">\n<h2 class=\"font-[600] py-[3px] text-[1.25em]\"><span style=\"color: #d3af34;\"><strong>2. C\u00f4ng D\u1ee5ng C\u1ee7a V\u00f2ng \u0110\u00e1 G\u1ed7 H\u00f3a Th\u1ea1ch<\/strong><\/span><\/h2>\n<\/div>\n<div class=\"my-[1px]\">\n<div class=\"py-[3px] whitespace-pre-wrap u-break-words\">S\u1edf h\u1eefu m\u1ed9t chi\u1ebfc <strong>v\u00f2ng \u0111\u00e1 g\u1ed7 h\u00f3a th\u1ea1ch<\/strong> l\u00e0 b\u1ea1n \u0111ang k\u1ebft n\u1ed1i v\u1edbi ngu\u1ed3n n\u0103ng l\u01b0\u1ee3ng m\u1ea1nh m\u1ebd v\u00e0 b\u1ec1n v\u1eefng c\u1ee7a \u0110\u1ea5t M\u1eb9.<\/div>\n<\/div>\n<div class=\"mt-[1em] mb-[1px]\" data-level=\"4\">\n<h4 class=\"font-[600] py-[3px] text-[1.2em]\"><span style=\"color: #d3af34;\"><strong>\u00dd Ngh\u0129a Phong Th\u1ee7y &amp; Tinh Th\u1ea7n:<\/strong><\/span><\/h4>\n<\/div>\n<ul>\n<li class=\"u-break-words ps-[2px]\"><strong>Bi\u1ec3u T\u01b0\u1ee3ng C\u1ee7a S\u1ef1 Tr\u01b0\u1eddng Th\u1ecd v\u00e0 B\u1ec1n B\u1ec9:<\/strong>\u00a0N\u0103ng l\u01b0\u1ee3ng c\u1ee7a\u00a0<strong>g\u1ed7 h\u00f3a th\u1ea1ch<\/strong>\u00a0gi\u00fap c\u1ee7ng c\u1ed1 \u00fd ch\u00ed, t\u1ea1o s\u1ef1 ki\u00ean \u0111\u1ecbnh \u0111\u1ec3 v\u01b0\u1ee3t qua kh\u00f3 kh\u0103n, th\u1eed th\u00e1ch. N\u00f3 mang l\u1ea1i c\u1ea3m gi\u00e1c v\u1eefng v\u00e0ng, \u1ed5n \u0111\u1ecbnh v\u00e0 b\u00ecnh t\u0129nh tr\u01b0\u1edbc s\u00f3ng gi\u00f3 cu\u1ed9c \u0111\u1eddi.<\/li>\n<li class=\"u-break-words ps-[2px]\"><strong>Thu H\u00fat V\u01b0\u1ee3ng Kh\u00ed v\u00e0 Th\u1ecbnh V\u01b0\u1ee3ng:<\/strong>\u00a0<strong>G\u1ed7 h\u00f3a th\u1ea1ch<\/strong>\u00a0\u0111\u01b0\u1ee3c cho l\u00e0 c\u00f3 kh\u1ea3 n\u0103ng t\u1ea1o ra m\u1ed9t d\u00f2ng ch\u1ea3y n\u0103ng l\u01b0\u1ee3ng h\u00e0i h\u00f2a, gi\u00fap chi\u00eau t\u00e0i, gi\u1eef l\u1ed9c v\u00e0 mang l\u1ea1i s\u1ef1 ph\u00e1t tri\u1ec3n b\u1ec1n v\u1eefng trong kinh doanh, s\u1ef1 nghi\u1ec7p.<\/li>\n<li class=\"u-break-words ps-[2px]\"><strong>K\u1ebft N\u1ed1i Tr\u00ed Tu\u1ec7 C\u1ed5 X\u01b0a:<\/strong>\u00a0N\u0103ng l\u01b0\u1ee3ng c\u1ee7a \u0111\u00e1 gi\u00fap khai m\u1edf tr\u00ed tu\u1ec7, t\u0103ng c\u01b0\u1eddng s\u1ef1 t\u1eadp trung v\u00e0 kh\u1ea3 n\u0103ng ghi nh\u1edb. N\u00f3 \u0111\u1eb7c bi\u1ec7t h\u1eefu \u00edch cho nh\u1eefng ng\u01b0\u1eddi c\u1ea7n s\u1ef1 s\u00e1ng t\u1ea1o v\u00e0 t\u00ecm ki\u1ebfm gi\u1ea3i ph\u00e1p \u0111\u1ed9t ph\u00e1.<\/li>\n<li class=\"u-break-words ps-[2px]\"><strong>Xua \u0110u\u1ed5i N\u0103ng L\u01b0\u1ee3ng Ti\u00eau C\u1ef1c:<\/strong>\u00a0Gi\u1ed1ng nh\u01b0 m\u1ed9t c\u00e2y c\u1ed5 th\u1ee5 v\u1eefng ch\u00e3i,\u00a0<strong>v\u00f2ng \u0111\u00e1 g\u1ed7 h\u00f3a th\u1ea1ch<\/strong>\u00a0t\u1ea1o ra m\u1ed9t l\u00e1 ch\u1eafn b\u1ea3o v\u1ec7, gi\u00fap ng\u01b0\u1eddi \u0111eo ch\u1ed1ng l\u1ea1i t\u00e0 kh\u00ed v\u00e0 nh\u1eefng \u1ea3nh h\u01b0\u1edfng x\u1ea5u t\u1eeb m\u00f4i tr\u01b0\u1eddng.<\/li>\n<\/ul>\n<div class=\"mt-[1em] mb-[1px]\" data-level=\"4\">\n<h4 class=\"font-[600] py-[3px] text-[1.2em]\"><span style=\"color: #d3af34;\"><strong>\u0110\u1ed1i v\u1edbi S\u1ee9c Kh\u1ecfe:<\/strong><\/span><\/h4>\n<\/div>\n<ul>\n<li class=\"u-break-words ps-[2px]\">N\u0103ng l\u01b0\u1ee3ng t\u1eeb tr\u01b0\u1eddng c\u1ee7a\u00a0<strong>g\u1ed7 h\u00f3a th\u1ea1ch<\/strong>\u00a0\u0111\u01b0\u1ee3c tin l\u00e0 c\u00f3 t\u00e1c \u0111\u1ed9ng t\u00edch c\u1ef1c \u0111\u1ebfn h\u1ec7 x\u01b0\u01a1ng kh\u1edbp, gi\u00fap gi\u1ea3m \u0111au v\u00e0 t\u0103ng c\u01b0\u1eddng s\u1ef1 d\u1ebbo dai.<\/li>\n<li class=\"u-break-words ps-[2px]\">N\u00f3 c\u0169ng gi\u00fap \u1ed5n \u0111\u1ecbnh tinh th\u1ea7n, gi\u1ea3m b\u1edbt c\u0103ng th\u1eb3ng v\u00e0 mang l\u1ea1i gi\u1ea5c ng\u1ee7 ngon h\u01a1n.<\/li>\n<li>H\u1ed7 tr\u1ee3 \u0111i\u1ec1u tr\u1ecb c\u00e1c v\u1ea5n \u0111\u1ec1 v\u1ec1 \u0111\u01b0\u1eddng ti\u00eau h\u00f3a<\/li>\n<\/ul>\n<div class=\"mt-[1em] mb-[1px]\" data-level=\"3\">\n<h2 class=\"font-[600] py-[3px] text-[1.25em]\"><span style=\"color: #d3af34;\"><strong>3. V\u00f2ng \u0110\u00e1 G\u1ed7 H\u00f3a Th\u1ea1ch H\u1ee3p M\u1ec7nh G\u00ec?<\/strong><\/span><\/h2>\n<\/div>\n<div class=\"my-[1px]\">\n<div class=\"py-[3px] whitespace-pre-wrap u-break-words\">V\u00ec <strong>g\u1ed7 h\u00f3a th\u1ea1ch<\/strong> c\u00f3 ngu\u1ed3n g\u1ed1c t\u1eeb g\u1ed7 (h\u00e0nh M\u1ed9c) nh\u01b0ng l\u1ea1i c\u00f3 b\u1ea3n ch\u1ea5t l\u00e0 \u0111\u00e1 (h\u00e0nh Th\u1ed5), n\u00f3 mang n\u0103ng l\u01b0\u1ee3ng c\u1ee7a c\u1ea3 hai h\u00e0nh n\u00e0y, nh\u01b0ng <strong>n\u0103ng l\u01b0\u1ee3ng h\u00e0nh Th\u1ed5 s\u1ebd chi\u1ebfm \u01b0u th\u1ebf<\/strong>.<\/div>\n<\/div>\n<ul>\n<li class=\"u-break-words ps-[2px]\"><strong>M\u00e0u s\u1eafc (v\u00e0ng, n\u00e2u):<\/strong>\u00a0Thu\u1ed9c\u00a0<strong>h\u00e0nh Th\u1ed5<\/strong>.<\/li>\n<li class=\"u-break-words ps-[2px]\"><strong>T\u01b0\u01a1ng h\u1ee3p<\/strong>\u00a0nh\u1ea5t v\u1edbi ng\u01b0\u1eddi\u00a0<strong>m\u1ec7nh Th\u1ed5<\/strong>.<\/li>\n<li class=\"u-break-words ps-[2px]\"><strong>T\u01b0\u01a1ng sinh<\/strong>\u00a0tuy\u1ec7t v\u1eddi cho ng\u01b0\u1eddi\u00a0<strong>m\u1ec7nh Kim<\/strong>\u00a0(Th\u1ed5 sinh Kim).<\/li>\n<li class=\"u-break-words ps-[2px]\">Ng\u01b0\u1eddi\u00a0<strong>m\u1ec7nh M\u1ed9c<\/strong>\u00a0c\u0169ng c\u00f3 th\u1ec3 \u0111eo v\u00ec c\u00f3 ngu\u1ed3n g\u1ed1c t\u1eeb g\u1ed7, t\u1ea1o s\u1ef1 t\u01b0\u01a1ng tr\u1ee3.<\/li>\n<li class=\"u-break-words ps-[2px]\">Ng\u01b0\u1eddi\u00a0<strong>m\u1ec7nh H\u1ecfa<\/strong>\u00a0c\u0169ng c\u00f3 th\u1ec3 \u0111eo (M\u1ed9c sinh H\u1ecfa, H\u1ecfa sinh Th\u1ed5), t\u1ea1o th\u00e0nh m\u1ed9t v\u00f2ng tu\u1ea7n ho\u00e0n t\u01b0\u01a1ng sinh t\u1ed1t.<\/li>\n<\/ul>\n<div class=\"my-[1px]\">\n<div class=\"py-[3px] whitespace-pre-wrap u-break-words\">Nh\u01b0 v\u1eady, <strong>v\u00f2ng \u0111\u00e1 g\u1ed7 h\u00f3a th\u1ea1ch<\/strong> l\u00e0 m\u1ed9t trong s\u1ed1 \u00edt nh\u1eefng lo\u1ea1i \u0111\u00e1 phong th\u1ee7y c\u00f3 ph\u1ed5 h\u1ee3p m\u1ec7nh r\u1ea5t r\u1ed9ng, \u0111\u1eb7c bi\u1ec7t t\u1ed1t cho ng\u01b0\u1eddi m\u1ec7nh <strong>Th\u1ed5<\/strong> v\u00e0 <strong>Kim<\/strong>.<\/div>\n<\/div>\n<div class=\"mt-[1em] mb-[1px]\" data-level=\"3\">\n<h2 class=\"font-[600] py-[3px] text-[1.25em]\"><span style=\"color: #d3af34;\"><strong>4. C\u00e1ch Nh\u1eadn Bi\u1ebft v\u00e0 \u0110\u00e1nh Gi\u00e1 V\u00f2ng \u0110\u00e1 G\u1ed7 H\u00f3a Th\u1ea1ch<\/strong><\/span><\/h2>\n<\/div>\n<div class=\"my-[1px]\">\n<div class=\"py-[3px] whitespace-pre-wrap u-break-words\"><span style=\"color: #d3af34;\">\u0110\u1ec3 ch\u1ecdn \u0111\u01b0\u1ee3c m\u1ed9t chi\u1ebfc v\u00f2ng ch\u1ea5t l\u01b0\u1ee3ng, b\u1ea1n c\u1ea7n ch\u00fa \u00fd:<\/span><\/div>\n<\/div>\n<ul>\n<li class=\"u-break-words ps-[2px]\"><strong>Quan s\u00e1t v\u00e2n \u0111\u00e1:<\/strong>\u00a0<strong>G\u1ed7 h\u00f3a th\u1ea1ch<\/strong>\u00a0th\u1eadt ph\u1ea3i c\u00f3 h\u1ec7 th\u1ed1ng v\u00e2n g\u1ed7 r\u00f5 r\u00e0ng, bao g\u1ed3m c\u00e1c v\u00f2ng sinh tr\u01b0\u1edfng, th\u1edb g\u1ed7, m\u1eaft g\u1ed7&#8230; y nh\u01b0 tr\u00ean m\u1ed9t th\u00e2n c\u00e2y th\u1eadt. H\u00e0ng gi\u1ea3 th\u01b0\u1eddng c\u00f3 v\u00e2n l\u1eb7p l\u1ea1i m\u1ed9t c\u00e1ch m\u00e1y m\u00f3c ho\u1eb7c m\u1edd nh\u1ea1t.<\/li>\n<li class=\"u-break-words ps-[2px]\"><strong>\u0110\u1ed9 c\u1ee9ng v\u00e0 \u0111\u1ed9 b\u00f3ng:<\/strong>\u00a0V\u00ec b\u1ea3n ch\u1ea5t l\u00e0 th\u1ea1ch anh,\u00a0<strong>g\u1ed7 h\u00f3a th\u1ea1ch<\/strong>\u00a0c\u00f3 \u0111\u1ed9 c\u1ee9ng cao (kho\u1ea3ng 7\/10 tr\u00ean thang Mohs) v\u00e0 c\u00f3 \u0111\u1ed9 b\u00f3ng, \u0111\u1ed9 trong \u0111\u1eb7c tr\u01b0ng c\u1ee7a \u0111\u00e1.<\/li>\n<li class=\"u-break-words ps-[2px]\"><strong>C\u1ea3m nh\u1eadn nhi\u1ec7t \u0111\u1ed9:<\/strong>\u00a0\u0110\u00e1 t\u1ef1 nhi\u00ean lu\u00f4n cho c\u1ea3m gi\u00e1c m\u00e1t khi \u00e1p v\u00e0o da.<\/li>\n<li class=\"u-break-words ps-[2px]\"><strong>M\u00e0u s\u1eafc:<\/strong>\u00a0M\u00e0u s\u1eafc c\u1ee7a\u00a0<strong>g\u1ed7 h\u00f3a th\u1ea1ch<\/strong>\u00a0r\u1ea5t \u0111a d\u1ea1ng (n\u00e2u, x\u00e1m, v\u00e0ng, \u0111\u1ecf, xanh&#8230;) t\u00f9y thu\u1ed9c v\u00e0o lo\u1ea1i kho\u00e1ng ch\u1ea5t thay th\u1ebf. Nh\u1eefng m\u00e0u s\u1eafc hi\u1ebfm v\u00e0 l\u00ean m\u00e0u \u0111\u1eb9p s\u1ebd c\u00f3 gi\u00e1 tr\u1ecb cao h\u01a1n.<\/li>\n<li class=\"u-break-words ps-[2px]\"><strong>Y\u00eau c\u1ea7u gi\u1ea5y ki\u1ec3m \u0111\u1ecbnh:<\/strong>\u00a0\u0110\u00e2y l\u00e0 c\u00e1ch ch\u1eafc ch\u1eafn nh\u1ea5t \u0111\u1ec3 x\u00e1c th\u1ef1c s\u1ea3n ph\u1ea9m. H\u00e3y mua h\u00e0ng t\u1ea1i c\u00e1c c\u01a1 s\u1edf uy t\u00edn c\u00f3 cung c\u1ea5p gi\u1ea5y ki\u1ec3m \u0111\u1ecbnh \u0111\u00e1 qu\u00fd.<\/li>\n<\/ul>\n<div class=\"my-[1px]\">\n<div class=\"py-[3px] whitespace-pre-wrap u-break-words\"><strong>V\u00f2ng \u0111\u00e1 g\u1ed7 h\u00f3a th\u1ea1ch<\/strong> kh\u00f4ng ch\u1ec9 l\u00e0 m\u1ed9t m\u00f3n trang s\u1ee9c mang v\u1ebb \u0111\u1eb9p m\u1ed9c m\u1ea1c, c\u1ed5 \u0111i\u1ec3n m\u00e0 c\u00f2n l\u00e0 m\u1ed9t v\u1eadt ph\u1ea9m phong th\u1ee7y ch\u1ee9a \u0111\u1ef1ng ngu\u1ed3n n\u0103ng l\u01b0\u1ee3ng c\u1ee7a s\u1ef1 tr\u01b0\u1eddng t\u1ed3n v\u00e0 th\u1ecbnh v\u01b0\u1ee3ng. S\u1edf h\u1eefu chi\u1ebfc v\u00f2ng n\u00e0y c\u0169ng gi\u1ed1ng nh\u01b0 mang theo m\u1ed9t ph\u1ea7n l\u1ecbch s\u1eed c\u1ee7a Tr\u00e1i \u0110\u1ea5t, m\u1ed9t l\u1eddi nh\u1eafc nh\u1edf v\u1ec1 s\u1ee9c m\u1ea1nh c\u1ee7a s\u1ef1 ki\u00ean tr\u00ec v\u00e0 b\u1ec1n b\u1ec9.<\/div>\n<div>\n<figure id=\"attachment_1435\" aria-describedby=\"caption-attachment-1435\" style=\"width: 300px\" class=\"wp-caption aligncenter\"><img loading=\"lazy\" decoding=\"async\" class=\"wp-image-1435 size-medium\" src=\"https:\/\/daphongthuysoluna.vn\/wp-content\/uploads\/2025\/12\/vong-da-go-hoa-thach1-300x300.jpg\" alt=\"v\u00f2ng \u0111\u00e1 g\u1ed7 h\u00f3a th\u1ea1ch\" width=\"300\" height=\"300\" srcset=\"https:\/\/daphongthuysoluna.vn\/wp-content\/uploads\/2025\/12\/vong-da-go-hoa-thach1-300x300.jpg 300w, https:\/\/daphongthuysoluna.vn\/wp-content\/uploads\/2025\/12\/vong-da-go-hoa-thach1-247x247.jpg 247w, https:\/\/daphongthuysoluna.vn\/wp-content\/uploads\/2025\/12\/vong-da-go-hoa-thach1-100x100.jpg 100w, https:\/\/daphongthuysoluna.vn\/wp-content\/uploads\/2025\/12\/vong-da-go-hoa-thach1-510x510.jpg 510w, https:\/\/daphongthuysoluna.vn\/wp-content\/uploads\/2025\/12\/vong-da-go-hoa-thach1-150x150.jpg 150w, https:\/\/daphongthuysoluna.vn\/wp-content\/uploads\/2025\/12\/vong-da-go-hoa-thach1.jpg 600w\" sizes=\"auto, (max-width: 300px) 100vw, 300px\" \/><figcaption id=\"caption-attachment-1435\" class=\"wp-caption-text\">vong-da-go-hoa-thach<\/figcaption><\/figure>\n<\/div>\n<\/div>\n<div class=\"my-[1px]\">N\u1ebfu b\u1ea1n c\u1ea7n t\u01b0 v\u1ea5n chuy\u00ean s\u00e2u v\u1ec1 vi\u1ec7c ch\u1ecdn \u0111\u00e1 h\u1ee3p m\u1ec7nh, \u0111\u1eebng ng\u1ea7n ng\u1ea1i\u00a0<b>Li\u00ean H\u1ec7 Ngay <a href=\"https:\/\/daphongthuysoluna.vn\/en\/lien-he\/\">SOLUNA\u00a0<\/a><\/b><\/div>","protected":false},"excerpt":{"rendered":"<div class=\"my-[1px]\">\n<div class=\"py-[3px] whitespace-pre-wrap u-break-words\">+ Ch\u1ea5t li\u1ec7u<strong>:<\/strong> Ch\u1ebf t\u00e1c t\u1eeb 100% G\u1ed7 H\u00f3a Th\u1ea1ch (Petrified Wood) t\u1ef1 nhi\u00ean<\/div>\n<div>+ K\u00edch th\u01b0\u1edbc : 7-14li<\/div>\n<div>+ H\u1ee3p m\u1ec7nh : Th\u1ed5 , Kim<\/div>\n<div class=\"py-[3px] whitespace-pre-wrap u-break-words\">+ \u00dd ngh\u0129a: L\u00e0 bi\u1ec3u t\u01b0\u1ee3ng c\u1ee7a S\u1ef1 Tr\u01b0\u1eddng T\u1ed3n v\u00e0 B\u1ec1n B\u1ec9<\/div>\n<div>+ T\u00ecnh tr\u1ea1ng : C\u00f2n h\u00e0ng<\/div>\n<\/div>\n<div class=\"my-[1px]\">\n<div class=\"py-[3px] whitespace-pre-wrap u-break-words\">+\u00a0 S\u1eed d\u1ee5ng: \u0110eo v\u00f2ng \u1edf c\u1ed5 tay tr\u00e1i \u0111\u1ec3 thu h\u00fat n\u0103ng l\u01b0\u1ee3ng th\u1ecbnh v\u01b0\u1ee3ng v\u00e0 s\u1ef1 \u1ed5n \u0111\u1ecbnh. \u0110eo \u1edf c\u1ed5 tay ph\u1ea3i \u0111\u1ec3 t\u0103ng c\u01b0\u1eddng s\u1ee9c kh\u1ecfe v\u00e0 s\u1ef1 b\u1ea3o v\u1ec7<\/div>\n<\/div>","protected":false},"featured_media":1433,"comment_status":"open","ping_status":"closed","template":"","meta":{"_acf_changed":false},"product_brand":[],"product_cat":[20,99,102],"product_tag":[],"class_list":{"0":"post-1049","1":"product","2":"type-product","3":"status-publish","4":"has-post-thumbnail","6":"product_cat-vong-da-thach-anh","7":"product_cat-menh-kim","8":"product_cat-menh-tho","10":"first","11":"instock","12":"shipping-taxable","13":"purchasable","14":"product-type-variable"},"acf":[],"_links":{"self":[{"href":"https:\/\/daphongthuysoluna.vn\/en\/wp-json\/wp\/v2\/product\/1049","targetHints":{"allow":["GET"]}}],"collection":[{"href":"https:\/\/daphongthuysoluna.vn\/en\/wp-json\/wp\/v2\/product"}],"about":[{"href":"https:\/\/daphongthuysoluna.vn\/en\/wp-json\/wp\/v2\/types\/product"}],"replies":[{"embeddable":true,"href":"https:\/\/daphongthuysoluna.vn\/en\/wp-json\/wp\/v2\/comments?post=1049"}],"wp:featuredmedia":[{"embeddable":true,"href":"https:\/\/daphongthuysoluna.vn\/en\/wp-json\/wp\/v2\/media\/1433"}],"wp:attachment":[{"href":"https:\/\/daphongthuysoluna.vn\/en\/wp-json\/wp\/v2\/media?parent=1049"}],"wp:term":[{"taxonomy":"product_brand","embeddable":true,"href":"https:\/\/daphongthuysoluna.vn\/en\/wp-json\/wp\/v2\/product_brand?post=1049"},{"taxonomy":"product_cat","embeddable":true,"href":"https:\/\/daphongthuysoluna.vn\/en\/wp-json\/wp\/v2\/product_cat?post=1049"},{"taxonomy":"product_tag","embeddable":true,"href":"https:\/\/daphongthuysoluna.vn\/en\/wp-json\/wp\/v2\/product_tag?post=1049"}],"curies":[{"name":"wp","href":"https:\/\/api.w.org\/{rel}","templated":true}]}}