{"id":1052,"date":"2025-12-01T22:27:57","date_gmt":"2025-12-01T15:27:57","guid":{"rendered":"https:\/\/daphongthuysoluna.vn\/?post_type=product&#038;p=1052"},"modified":"2026-01-10T20:18:44","modified_gmt":"2026-01-10T13:18:44","slug":"tru-da-thach-anh-vang","status":"publish","type":"product","link":"https:\/\/daphongthuysoluna.vn\/en\/product\/tru-da-thach-anh-vang\/","title":{"rendered":"Tr\u1ee5 \u0110\u00e1 Th\u1ea1ch Anh V\u00e0ng h\u1ee3p M\u1ec7nh Kim &#8211; M\u1ec7nh Th\u1ed5"},"content":{"rendered":"<div class=\"mt-[1em] mb-[1px]\" data-level=\"3\">\n<h1 class=\"font-[600] py-[3px] text-[1.25em]\"><span style=\"color: #d3af34;\"><strong>Tr\u1ee5 \u0110\u00e1 Th\u1ea1ch Anh V\u00e0ng: B\u00ed Quy\u1ebft K\u00edch Ho\u1ea1t T\u00e0i L\u1ed9c &amp; V\u01b0\u1ee3ng Kh\u00ed Cho Gia Ch\u1ee7<\/strong><\/span><\/h1>\n<h3 class=\"font-[600] py-[3px] text-[1.25em]\"><strong><span style=\"color: #333333;\"><span style=\"font-size: 14.4px;\">Kh\u00e1m ph\u00e1 c\u00f4ng d\u1ee5ng chi\u00eau t\u00e0i, h\u00fat l\u1ed9c c\u1ee7a tr\u1ee5 \u0111\u00e1 th\u1ea1ch anh v\u00e0ng<\/span><\/span><\/strong><strong><span style=\"color: #333333;\"><span style=\"font-size: 14.4px;\">. H\u01b0\u1edbng d\u1eabn c\u00e1ch \u0111\u1eb7t tr\u1ee5 \u0111\u00e1 th\u1ea1ch anh v\u00e0ng <\/span><\/span><\/strong><strong><span style=\"color: #333333;\"><span style=\"font-size: 14.4px;\">\u0111\u00fang phong th\u1ee7y, h\u1ee3p m\u1ec7nh \u0111\u1ec3 k\u00edch ho\u1ea1t may m\u1eafn, th\u00e0nh c\u00f4ng v\u00e0 th\u1ecbnh v\u01b0\u1ee3ng. \u0110\u1ed3ng th\u1eddi\u00a0<\/span><\/span><span style=\"font-size: 14.4px;\"><span style=\"color: #333333;\">\u0111\u01b0\u1ee3c gi\u1edbi kinh doanh v\u00e0 nh\u1eefng ng\u01b0\u1eddi c\u1ea7u ti\u1ebfn s\u0103n \u0111\u00f3n, t\u1eeb \u00fd ngh\u0129a s\u00e2u s\u1eafc b\u1edfi c\u00f4ng d\u1ee5ng v\u01b0\u1ee3t tr\u1ed9i cho \u0111\u1ebfn c\u00e1ch b\u00e0i tr\u00ed \u0111\u1ec3 ph\u00e1t huy t\u1ed1i \u0111a<\/span><\/span> <a style=\"font-size: 14.4px;\" href=\"https:\/\/vi.wikipedia.org\/wiki\/N%C4%83ng_l%C6%B0%E1%BB%A3ng\" target=\"_blank\" rel=\"noopener\">n\u0103ng l\u01b0\u1ee3ng<\/a><span style=\"font-size: 14.4px;\">.<\/span><\/strong><\/h3>\n<p>&nbsp;<\/p>\n<\/div>\n<div class=\"mt-[1em] mb-[1px]\" data-level=\"3\">\n<h2 class=\"font-[600] py-[3px] text-[1.25em]\"><span style=\"color: #d3af34;\"><strong>1. <a style=\"color: #d3af34;\" href=\"https:\/\/daphongthuysoluna.vn\/en\/product\/tru-da-thach-anh-vang\/\">Tr\u1ee5 \u0110\u00e1 Th\u1ea1ch Anh V\u00e0ng<\/a> L\u00e0 G\u00ec? N\u0103ng L\u01b0\u1ee3ng C\u1ee7a &#8220;Vi\u00ean \u0110\u00e1 Th\u1ecbnh V\u01b0\u1ee3ng&#8221;<\/strong><\/span><\/h2>\n<\/div>\n<div class=\"my-[1px]\"><b style=\"color: #555555;\" data-path-to-node=\"3\" data-index-in-node=\"0\">Tr\u1ee5 \u0111\u00e1 th\u1ea1ch anh v\u00e0ng<\/b><span style=\"color: #555555;\"> (Citrine) \u0111\u01b0\u1ee3c m\u1ec7nh danh l\u00e0 &#8220;Vi\u00ean \u0111\u00e1 c\u1ee7a doanh nh\u00e2n&#8221;, mang bi\u1ec3u t\u01b0\u1ee3ng c\u1ee7a s\u1ef1 th\u1ecbnh v\u01b0\u1ee3ng v\u00e0 th\u00e0nh c\u00f4ng v\u01b0\u1ee3t tr\u1ed9i. V\u1edbi c\u1ea5u tr\u00fac tr\u1ee5 \u0111\u1ee9ng th\u1eb3ng v\u1eefng ch\u00e3i, \u0111\u00e2y l\u00e0 c\u00f4ng c\u1ee5 phong th\u1ee7y t\u1ed1i \u01b0u \u0111\u1ec3 t\u1eadp trung v\u00e0 khu\u1ebfch \u0111\u1ea1i n\u0103ng l\u01b0\u1ee3ng d\u01b0\u01a1ng, gi\u00fap gia ch\u1ee7 thu h\u00fat v\u1eadn may v\u00e0 c\u1ee7ng c\u1ed1 v\u1ecb th\u1ebf l\u00e3nh \u0111\u1ea1o.<\/span><\/div>\n<div><\/div>\n<div class=\"my-[1px]\">\n<div class=\"py-[3px] whitespace-pre-wrap u-break-words\">\n<p><img loading=\"lazy\" decoding=\"async\" class=\"wp-image-1502 size-full aligncenter\" src=\"https:\/\/daphongthuysoluna.vn\/wp-content\/uploads\/2025\/12\/tru-thach-anh-vang1.jpg\" alt=\"Tr\u1ee5 Th\u1ea1ch Anh V\u00e0ng (Citrine) t\u1ef1 nhi\u00ean, m\u00e0u v\u00e0ng kim r\u1ef1c r\u1ee1, v\u1eadt ph\u1ea9m thu h\u00fat t\u00e0i l\u1ed9c v\u00e0 t\u0103ng c\u01b0\u1eddng quy\u1ec1n l\u1ef1c.\" width=\"600\" height=\"600\" srcset=\"https:\/\/daphongthuysoluna.vn\/wp-content\/uploads\/2025\/12\/tru-thach-anh-vang1.jpg 600w, https:\/\/daphongthuysoluna.vn\/wp-content\/uploads\/2025\/12\/tru-thach-anh-vang1-247x247.jpg 247w, https:\/\/daphongthuysoluna.vn\/wp-content\/uploads\/2025\/12\/tru-thach-anh-vang1-100x100.jpg 100w, https:\/\/daphongthuysoluna.vn\/wp-content\/uploads\/2025\/12\/tru-thach-anh-vang1-510x510.jpg 510w, https:\/\/daphongthuysoluna.vn\/wp-content\/uploads\/2025\/12\/tru-thach-anh-vang1-300x300.jpg 300w, https:\/\/daphongthuysoluna.vn\/wp-content\/uploads\/2025\/12\/tru-thach-anh-vang1-150x150.jpg 150w\" sizes=\"auto, (max-width: 600px) 100vw, 600px\" \/><\/p>\n<p>&nbsp;<\/p>\n<p style=\"text-align: center;\" data-path-to-node=\"3\">\n<\/div>\n<\/div>\n<div class=\"mt-[1em] mb-[1px]\" data-level=\"3\">\n<h2 class=\"font-[600] py-[3px] text-[1.25em]\"><span style=\"color: #d3af34;\"><strong>2. C\u00f4ng D\u1ee5ng Phong Th\u1ee7y V\u01b0\u1ee3t Tr\u1ed9i C\u1ee7a Tr\u1ee5 \u0110\u00e1 Th\u1ea1ch Anh V\u00e0ng<\/strong><\/span><\/h2>\n<\/div>\n<div class=\"my-[1px]\">\n<div class=\"py-[3px] whitespace-pre-wrap u-break-words\">\u0110\u00e2y l\u00e0 l\u00fd do ch\u00ednh khi\u1ebfn tr\u1ee5 \u0111\u00e1 th\u1ea1ch anh v\u00e0ng tr\u1edf th\u00e0nh v\u1eadt ph\u1ea9m kh\u00f4ng th\u1ec3 thi\u1ebfu c\u1ee7a nhi\u1ec1u doanh nh\u00e2n th\u00e0nh \u0111\u1ea1t.<\/div>\n<\/div>\n<ul>\n<li class=\"u-break-words ps-[2px]\">Chi\u00eau T\u00e0i, H\u00fat L\u1ed9c (C\u00f4ng D\u1ee5ng M\u1ea1nh M\u1ebd Nh\u1ea5t):\u00a0Tr\u1ee5 \u0111\u00e1 th\u1ea1ch anh v\u00e0ng\u00a0\u0111\u01b0\u1ee3c xem l\u00e0 &#8220;th\u1ecfi nam ch\u00e2m&#8221; h\u00fat ti\u1ec1n t\u00e0i v\u00e0 c\u01a1 h\u1ed9i kinh doanh. N\u0103ng l\u01b0\u1ee3ng c\u1ee7a n\u00f3 gi\u00fap khai th\u00f4ng d\u00f2ng ch\u1ea3y t\u00e0i v\u1eadn, gi\u00fap vi\u1ec7c l\u00e0m \u0103n bu\u00f4n b\u00e1n hanh th\u00f4ng, thu\u1eadn l\u1ee3i v\u00e0 gi\u1eef cho t\u00e0i l\u1ed9c kh\u00f4ng b\u1ecb th\u1ea5t tho\u00e1t.<\/li>\n<li class=\"u-break-words ps-[2px]\">K\u00edch Ho\u1ea1t Tr\u00ed Tu\u1ec7 v\u00e0 S\u1ef1 S\u00e1ng T\u1ea1o:\u00a0N\u0103ng l\u01b0\u1ee3ng c\u1ee7a\u00a0th\u1ea1ch anh v\u00e0ng\u00a0t\u00e1c \u0111\u1ed9ng m\u1ea1nh m\u1ebd \u0111\u1ebfn lu\u00e2n xa B\u00fai M\u1eb7t Tr\u1eddi (Solar Plexus Chakra), gi\u00fap t\u0103ng c\u01b0\u1eddng s\u1ef1 t\u1ef1 tin, quy\u1ebft \u0111o\u00e1n v\u00e0 kh\u1ea3 n\u0103ng t\u01b0 duy logic. N\u00f3 gi\u00fap ng\u01b0\u1eddi s\u1edf h\u1eefu gi\u1eef \u0111\u01b0\u1ee3c \u0111\u1ea7u \u00f3c minh m\u1eabn, s\u00e1ng su\u1ed1t \u0111\u1ec3 \u0111\u01b0a ra nh\u1eefng quy\u1ebft \u0111\u1ecbnh kinh doanh ch\u00ednh x\u00e1c.<\/li>\n<li class=\"u-break-words ps-[2px]\">Gi\u1ea3i T\u1ecfa C\u0103ng Th\u1eb3ng, Ch\u1ed1ng Stress:\u00a0\u00c1nh v\u00e0ng \u1ea5m \u00e1p c\u1ee7a \u0111\u00e1 c\u00f3 t\u00e1c d\u1ee5ng xoa d\u1ecbu th\u1ea7n kinh, gi\u1ea3m b\u1edbt c\u0103ng th\u1eb3ng, lo \u00e2u, mang l\u1ea1i tinh th\u1ea7n l\u1ea1c quan v\u00e0 vui v\u1ebb.<\/li>\n<li class=\"u-break-words ps-[2px]\">H\u00f3a Gi\u1ea3i N\u0103ng L\u01b0\u1ee3ng X\u1ea5u:\u00a0\u0110\u1eb7t\u00a0tr\u1ee5 \u0111\u00e1 th\u1ea1ch anh v\u00e0ng\u00a0\u1edf nh\u1eefng v\u1ecb tr\u00ed ph\u00f9 h\u1ee3p gi\u00fap tr\u1ea5n tr\u1ea1ch, xua \u0111u\u1ed5i t\u00e0 kh\u00ed v\u00e0 chuy\u1ec3n h\u00f3a c\u00e1c ngu\u1ed3n n\u0103ng l\u01b0\u1ee3ng ti\u00eau c\u1ef1c th\u00e0nh n\u0103ng l\u01b0\u1ee3ng t\u00edch c\u1ef1c, b\u1ea3o v\u1ec7 s\u1ef1 b\u00ecnh an cho gia ch\u1ee7.<\/li>\n<\/ul>\n<p>&nbsp;<\/p>\n<div class=\"mt-[1em] mb-[1px]\" data-level=\"3\">\n<h2 class=\"font-[600] py-[3px] text-[1.25em]\"><span style=\"color: #d3af34;\"><strong>3. Tr\u1ee5 \u0110\u00e1 Th\u1ea1ch Anh V\u00e0ng H\u1ee3p M\u1ec7nh G\u00ec?<\/strong><\/span><\/h2>\n<\/div>\n<div class=\"my-[1px]\">\n<div class=\"py-[3px] whitespace-pre-wrap u-break-words\">Theo h\u1ecdc thuy\u1ebft Ng\u0169 h\u00e0nh, m\u00e0u v\u00e0ng thu\u1ed9c h\u00e0nh Th\u1ed5. Do \u0111\u00f3, tr\u1ee5 \u0111\u00e1 th\u1ea1ch anh v\u00e0ng s\u1ebd ph\u00e1t huy n\u0103ng l\u01b0\u1ee3ng t\u1ed1t nh\u1ea5t cho:<\/div>\n<\/div>\n<ul>\n<li class=\"u-break-words ps-[2px]\">Ng\u01b0\u1eddi m\u1ec7nh Th\u1ed5 (T\u01b0\u01a1ng h\u1ee3p):\u00a0V\u1eadt ph\u1ea9m n\u00e0y s\u1ebd b\u1ed5 sung ngu\u1ed3n n\u0103ng l\u01b0\u1ee3ng b\u1ea3n m\u1ec7nh, gi\u00fap ng\u01b0\u1eddi m\u1ec7nh Th\u1ed5 g\u1eb7p nhi\u1ec1u may m\u1eafn, s\u1ee9c kh\u1ecfe d\u1ed3i d\u00e0o v\u00e0 s\u1ef1 nghi\u1ec7p v\u1eefng ch\u1eafc.<\/li>\n<li class=\"u-break-words ps-[2px]\">Ng\u01b0\u1eddi m\u1ec7nh Kim (T\u01b0\u01a1ng sinh):\u00a0V\u00ec Th\u1ed5 sinh Kim, n\u0103ng l\u01b0\u1ee3ng t\u1eeb\u00a0tr\u1ee5 \u0111\u00e1 th\u1ea1ch anh v\u00e0ng\u00a0s\u1ebd l\u00e0 ngu\u1ed3n tr\u1ee3 l\u1ef1c c\u1ef1c k\u1ef3 m\u1ea1nh m\u1ebd, gi\u00fap ng\u01b0\u1eddi m\u1ec7nh Kim ph\u00e1t t\u00e0i ph\u00e1t l\u1ed9c, con \u0111\u01b0\u1eddng c\u00f4ng danh s\u1ef1 nghi\u1ec7p r\u1ed9ng m\u1edf.<\/li>\n<\/ul>\n<p>&nbsp;<\/p>\n<div class=\"mt-[1em] mb-[1px]\" data-level=\"3\">\n<h2 class=\"font-[600] py-[3px] text-[1.25em]\"><span style=\"color: #d3af34;\"><strong>4. V\u1ecb Tr\u00ed \u0110\u1eb7t Tr\u1ee5 \u0110\u00e1 Th\u1ea1ch Anh V\u00e0ng \u0110\u1ec3 K\u00edch Ho\u1ea1t T\u00e0i L\u1ed9c T\u1ed1i \u0110a<\/strong><\/span><\/h2>\n<\/div>\n<div class=\"my-[1px]\">\n<div class=\"py-[3px] whitespace-pre-wrap u-break-words\">Vi\u1ec7c \u0111\u1eb7t tr\u1ee5 \u0111\u00e1 \u0111\u00fang v\u1ecb tr\u00ed l\u00e0 y\u1ebfu t\u1ed1 then ch\u1ed1t \u0111\u1ec3 ph\u00e1t huy c\u00f4ng n\u0103ng. D\u01b0\u1edbi \u0111\u00e2y l\u00e0 c\u00e1c v\u1ecb tr\u00ed &#8220;v\u00e0ng&#8221; b\u1ea1n n\u00ean tham kh\u1ea3o:<\/div>\n<\/div>\n<ul>\n<li class=\"u-break-words ps-[2px]\">Qu\u1ea7y Thu Ng\u00e2n, B\u00e0n L\u00e0m Vi\u1ec7c: \u0110\u1eb7t tr\u00ean b\u00e0n l\u00e0m vi\u1ec7c ho\u1eb7c g\u1ea7n qu\u1ea7y thu ng\u00e2n s\u1ebd gi\u00fap thu h\u00fat kh\u00e1ch h\u00e0ng, t\u0103ng doanh thu v\u00e0 gi\u00fap c\u00e1c cu\u1ed9c \u0111\u00e0m ph\u00e1n di\u1ec5n ra thu\u1eadn l\u1ee3i.<\/li>\n<li class=\"u-break-words ps-[2px]\">G\u00f3c T\u00e0i L\u1ed9c c\u1ee7a Ng\u00f4i Nh\u00e0 (G\u00f3c \u0110\u00f4ng Nam):\u00a0\u0110\u00e2y l\u00e0 cung t\u00e0i l\u1ed9c theo B\u00e1t tr\u1ea1ch. \u0110\u1eb7t m\u1ed9t\u00a0tr\u1ee5 \u0111\u00e1 th\u1ea1ch anh v\u00e0ng\u00a0l\u1edbn \u1edf \u0111\u00e2y s\u1ebd gi\u00fap k\u00edch ho\u1ea1t v\u01b0\u1ee3ng kh\u00ed cho c\u1ea3 gia \u0111\u00ecnh.<\/li>\n<li class=\"u-break-words ps-[2px]\">Trung T\u00e2m Ng\u00f4i Nh\u00e0:\u00a0V\u1ecb tr\u00ed n\u00e0y gi\u00fap n\u0103ng l\u01b0\u1ee3ng c\u1ee7a \u0111\u00e1 lan t\u1ecfa \u0111\u1ec1u kh\u1eafp kh\u00f4ng gian, mang l\u1ea1i s\u1ef1 h\u00e0i h\u00f2a, b\u00ecnh an v\u00e0 s\u1ee9c kh\u1ecfe cho m\u1ecdi th\u00e0nh vi\u00ean.<\/li>\n<li class=\"u-break-words ps-[2px]\">G\u1ea7n C\u1eeda Ra V\u00e0o:\u00a0\u0110\u1eb7t tr\u1ee5 \u0111\u00e1 \u1edf v\u1ecb tr\u00ed n\u00e0y gi\u00fap thanh l\u1ecdc n\u0103ng l\u01b0\u1ee3ng v\u00e0 ng\u0103n ch\u1eb7n nh\u1eefng lu\u1ed3ng kh\u00ed x\u1ea5u x\u00e2m nh\u1eadp v\u00e0o nh\u00e0.<\/li>\n<\/ul>\n<p><img loading=\"lazy\" decoding=\"async\" class=\"wp-image-1500 size-full aligncenter\" src=\"https:\/\/daphongthuysoluna.vn\/wp-content\/uploads\/2025\/12\/tru-thach-anh-vang.jpg\" alt=\"Tr\u1ee5 Th\u1ea1ch Anh V\u00e0ng (Citrine) t\u1ef1 nhi\u00ean, m\u00e0u v\u00e0ng kim r\u1ef1c r\u1ee1, v\u1eadt ph\u1ea9m thu h\u00fat t\u00e0i l\u1ed9c v\u00e0 t\u0103ng c\u01b0\u1eddng quy\u1ec1n l\u1ef1c.\" width=\"600\" height=\"600\" srcset=\"https:\/\/daphongthuysoluna.vn\/wp-content\/uploads\/2025\/12\/tru-thach-anh-vang.jpg 600w, https:\/\/daphongthuysoluna.vn\/wp-content\/uploads\/2025\/12\/tru-thach-anh-vang-247x247.jpg 247w, https:\/\/daphongthuysoluna.vn\/wp-content\/uploads\/2025\/12\/tru-thach-anh-vang-100x100.jpg 100w, https:\/\/daphongthuysoluna.vn\/wp-content\/uploads\/2025\/12\/tru-thach-anh-vang-510x510.jpg 510w, https:\/\/daphongthuysoluna.vn\/wp-content\/uploads\/2025\/12\/tru-thach-anh-vang-300x300.jpg 300w, https:\/\/daphongthuysoluna.vn\/wp-content\/uploads\/2025\/12\/tru-thach-anh-vang-150x150.jpg 150w\" sizes=\"auto, (max-width: 600px) 100vw, 600px\" \/><\/p>\n<p>&nbsp;<\/p>\n<div class=\"my-[1px]\">\n<div class=\"py-[3px] whitespace-pre-wrap u-break-words\"><strong><span style=\"color: #d3af34;\">K\u1ebft lu\u1eadn<\/span><br \/>\n<\/strong>Tr\u1ee5 \u0111\u00e1 th\u1ea1ch anh v\u00e0ng kh\u00f4ng ch\u1ec9 l\u00e0 m\u1ed9t v\u1eadt ph\u1ea9m trang tr\u00ed sang tr\u1ecdng m\u00e0 c\u00f2n l\u00e0 m\u1ed9t c\u00f4ng c\u1ee5 phong th\u1ee7y m\u1ea1nh m\u1ebd \u0111\u1ec3 chi\u00eau t\u00e0i, k\u00edch l\u1ed9c v\u00e0 khai m\u1edf tr\u00ed tu\u1ec7. \u0110\u1ea7u t\u01b0 v\u00e0o m\u1ed9t tr\u1ee5 \u0111\u00e1 th\u1ea1ch anh v\u00e0ng ch\u1ea5t l\u01b0\u1ee3ng v\u00e0 \u0111\u1eb7t n\u00f3 \u1edf v\u1ecb tr\u00ed ph\u00f9 h\u1ee3p l\u00e0 m\u1ed9t quy\u1ebft \u0111\u1ecbnh th\u00f4ng th\u00e1i cho b\u1ea5t k\u1ef3 ai mong mu\u1ed1n s\u1ef1 nghi\u1ec7p th\u0103ng ti\u1ebfn, t\u00e0i ch\u00ednh v\u1eefng v\u00e0ng v\u00e0 m\u1ed9t cu\u1ed9c s\u1ed1ng l\u1ea1c quan, th\u1ecbnh v\u01b0\u1ee3ng.<\/div>\n<\/div>\n<div class=\"my-[1px]\">\n<div><\/div>\n<div class=\"py-[3px] whitespace-pre-wrap u-break-words\">\n<p><span style=\"color: #008000;\"><strong>\u00bb <a style=\"color: #008000;\" href=\"https:\/\/daphongthuysoluna.vn\/en\/cua-hang\/\">Tham kh\u1ea3o t\u1ea1i \u0110\u00e1 Phong Th\u1ee7y SOLUNA<\/a><\/strong><\/span><\/p>\n<\/div>\n<\/div>","protected":false},"excerpt":{"rendered":"<p>\u2013 Ch\u1ea5t li\u1ec7u: \u0110\u00e1 Th\u1ea1ch Anh V\u00e0ng t\u1ef1 nhi\u00ean.<br \/>\n\u2013 M\u00e0u s\u1eafc: V\u00e0ng<br \/>\n\u2013 H\u1ee3p m\u1ec7nh: <span style=\"color: #ffcc00;\">M\u1ec7nh Kim<\/span> &#8211; <span style=\"color: #800000;\">M\u1ec7nh Th\u1ed5<\/span><br \/>\n\u2013 \u00dd ngh\u0129a: Chi\u00eau t\u00e0i thu h\u00fat l\u1ed9c &#8211; may m\u1eafn v\u00e0 th\u00e0nh c\u00f4ng &#8211; gi\u1eef cho \u0111\u1ea7u \u00f3c lu\u00f4n l\u1ea1c quan.<\/p>\n<p><b><\/b>\u2013 S\u1eed d\u1ee5ng: Qu\u00e0 t\u1eb7ng, Phong th\u1ee7y, Trang tr\u00ed &#8211; tr\u01b0ng b\u00e0y<br \/>\n\u2013 Li\u00ean h\u1ec7 t\u01b0 v\u1ea5n: 0345 838 101<\/p>","protected":false},"featured_media":1500,"comment_status":"open","ping_status":"closed","template":"","meta":{"_acf_changed":false},"product_brand":[],"product_cat":[76,99,102],"product_tag":[],"class_list":{"0":"post-1052","1":"product","2":"type-product","3":"status-publish","4":"has-post-thumbnail","6":"product_cat-tru-da-thach-anh","7":"product_cat-menh-kim","8":"product_cat-menh-tho","10":"first","11":"instock","12":"shipping-taxable","13":"product-type-simple"},"acf":[],"_links":{"self":[{"href":"https:\/\/daphongthuysoluna.vn\/en\/wp-json\/wp\/v2\/product\/1052","targetHints":{"allow":["GET"]}}],"collection":[{"href":"https:\/\/daphongthuysoluna.vn\/en\/wp-json\/wp\/v2\/product"}],"about":[{"href":"https:\/\/daphongthuysoluna.vn\/en\/wp-json\/wp\/v2\/types\/product"}],"replies":[{"embeddable":true,"href":"https:\/\/daphongthuysoluna.vn\/en\/wp-json\/wp\/v2\/comments?post=1052"}],"wp:featuredmedia":[{"embeddable":true,"href":"https:\/\/daphongthuysoluna.vn\/en\/wp-json\/wp\/v2\/media\/1500"}],"wp:attachment":[{"href":"https:\/\/daphongthuysoluna.vn\/en\/wp-json\/wp\/v2\/media?parent=1052"}],"wp:term":[{"taxonomy":"product_brand","embeddable":true,"href":"https:\/\/daphongthuysoluna.vn\/en\/wp-json\/wp\/v2\/product_brand?post=1052"},{"taxonomy":"product_cat","embeddable":true,"href":"https:\/\/daphongthuysoluna.vn\/en\/wp-json\/wp\/v2\/product_cat?post=1052"},{"taxonomy":"product_tag","embeddable":true,"href":"https:\/\/daphongthuysoluna.vn\/en\/wp-json\/wp\/v2\/product_tag?post=1052"}],"curies":[{"name":"wp","href":"https:\/\/api.w.org\/{rel}","templated":true}]}}