{"id":1054,"date":"2025-12-01T23:36:16","date_gmt":"2025-12-01T16:36:16","guid":{"rendered":"https:\/\/daphongthuysoluna.vn\/?post_type=product&#038;p=1054"},"modified":"2025-12-20T14:54:00","modified_gmt":"2025-12-20T07:54:00","slug":"tru-da-thach-anh-hong","status":"publish","type":"product","link":"https:\/\/daphongthuysoluna.vn\/en\/product\/tru-da-thach-anh-hong\/","title":{"rendered":"Tr\u1ee5 \u0110\u00e1 Th\u1ea1ch Anh H\u1ed3ng"},"content":{"rendered":"<div class=\"mt-[1em] mb-[1px]\" data-level=\"3\">\n<h1 class=\"font-[600] py-[3px] text-[1.25em]\"><strong>Tr\u1ee5 \u0110\u00e1 Th\u1ea1ch Anh H\u1ed3ng: N\u0103ng L\u01b0\u1ee3ng Ch\u1eefa L\u00e0nh T\u00ecnh Y\u00eau &amp; G\u1eafn K\u1ebft H\u1ea1nh Ph\u00fac<\/strong><\/h1>\n<\/div>\n<div class=\"my-[1px]\">\n<div class=\"py-[3px] whitespace-pre-wrap u-break-words\">Kh\u00e1m ph\u00e1 c\u00f4ng d\u1ee5ng thu h\u00fat t\u00ecnh duy\u00ean, ch\u1eefa l\u00e0nh v\u00e0 h\u00e2m n\u00f3ng t\u00ecnh c\u1ea3m c\u1ee7a <strong>tr\u1ee5 \u0111\u00e1 th\u1ea1ch anh h\u1ed3ng<\/strong>. H\u01b0\u1edbng d\u1eabn c\u00e1ch \u0111\u1eb7t <strong>tr\u1ee5 th\u1ea1ch anh h\u1ed3ng<\/strong> h\u1ee3p m\u1ec7nh, \u0111\u00fang phong th\u1ee7y \u0111\u1ec3 lan t\u1ecfa y\u00eau th\u01b0\u01a1ng.<\/div>\n<\/div>\n<div class=\"h-[13px] my-[1px] flex items-center\">\n<div class=\"w-full h-[1px] bg-[var(--border-main)]\"><\/div>\n<\/div>\n<div class=\"my-[1px]\">\n<div class=\"py-[3px] whitespace-pre-wrap u-break-words\">Trong th\u1ebf gi\u1edbi \u0111\u00e1 qu\u00fd phong th\u1ee7y, <strong>Th\u1ea1ch Anh H\u1ed3ng<\/strong> (Rose Quartz) t\u1eeb l\u00e2u \u0111\u00e3 \u0111\u01b0\u1ee3c t\u00f4n vinh l\u00e0 &#8220;Vi\u00ean \u0111\u00e1 c\u1ee7a T\u00ecnh y\u00eau v\u00f4 \u0111i\u1ec1u ki\u1ec7n&#8221;. Khi \u0111\u01b0\u1ee3c ch\u1ebf t\u00e1c th\u00e0nh d\u1ea1ng tr\u1ee5, ngu\u1ed3n n\u0103ng l\u01b0\u1ee3ng y\u00eau th\u01b0\u01a1ng v\u00e0 ch\u1eefa l\u00e0nh c\u1ee7a n\u00f3 c\u00e0ng \u0111\u01b0\u1ee3c h\u1ed9i t\u1ee5 v\u00e0 lan t\u1ecfa m\u1ea1nh m\u1ebd. M\u1ed9t <strong>tr\u1ee5 \u0111\u00e1 th\u1ea1ch anh h\u1ed3ng<\/strong> kh\u00f4ng ch\u1ec9 l\u00e0 v\u1eadt ph\u1ea9m trang tr\u00ed mang s\u1eafc h\u1ed3ng ng\u1ecdt ng\u00e0o, l\u00e3ng m\u1ea1n m\u00e0 c\u00f2n l\u00e0 m\u1ed9t c\u00f4ng c\u1ee5 phong th\u1ee7y quy\u1ec1n n\u0103ng gi\u00fap h\u00e0n g\u1eafn nh\u1eefng t\u1ed5n th\u01b0\u01a1ng t\u00ecnh c\u1ea3m, thu h\u00fat t\u00ecnh duy\u00ean v\u00e0 vun \u0111\u1eafp h\u1ea1nh ph\u00fac gia \u0111\u00ecnh.<\/div>\n<\/div>\n<div class=\"my-[1px]\">\n<div class=\"py-[3px] whitespace-pre-wrap u-break-words\">B\u00e0i vi\u1ebft n\u00e0y s\u1ebd l\u00e0 c\u1ea9m nang chi ti\u1ebft, gi\u00fap b\u1ea1n hi\u1ec3u s\u00e2u s\u1eafc v\u1ec1 s\u1ee9c m\u1ea1nh c\u1ee7a <strong>tr\u1ee5 \u0111\u00e1 th\u1ea1ch anh h\u1ed3ng<\/strong> v\u00e0 c\u00e1ch s\u1eed d\u1ee5ng v\u1eadt ph\u1ea9m di\u1ec7u k\u1ef3 n\u00e0y \u0111\u1ec3 bi\u1ebfn kh\u00f4ng gian s\u1ed1ng c\u1ee7a b\u1ea1n tr\u1edf th\u00e0nh m\u1ed9t t\u1ed5 \u1ea5m tr\u00e0n ng\u1eadp y\u00eau th\u01b0\u01a1ng.<\/div>\n<\/div>\n<div class=\"mt-[1em] mb-[1px]\" data-level=\"3\">\n<h2 class=\"font-[600] py-[3px] text-[1.25em]\"><strong>1. <a href=\"https:\/\/daphongthuysoluna.vn\/en\/product\/tru-da-thach-anh-hong\/\">Tr\u1ee5 \u0110\u00e1 Th\u1ea1ch Anh H\u1ed3ng<\/a> L\u00e0 G\u00ec? S\u1ee9c M\u1ea1nh C\u1ee7a &#8220;Vi\u00ean \u0110\u00e1 T\u00ecnh Y\u00eau&#8221;<\/strong><\/h2>\n<\/div>\n<div class=\"my-[1px]\">\n<div class=\"py-[3px] whitespace-pre-wrap u-break-words\"><strong>Tr\u1ee5 \u0111\u00e1 th\u1ea1ch anh h\u1ed3ng<\/strong> l\u00e0 kh\u1ed1i \u0111\u00e1 th\u1ea1ch anh h\u1ed3ng t\u1ef1 nhi\u00ean \u0111\u01b0\u1ee3c ch\u1ebf t\u00e1c theo h\u00ecnh tr\u1ee5 th\u1eb3ng \u0111\u1ee9ng, c\u00f3 \u0111\u1ec9nh nh\u1ecdn h\u01b0\u1edbng l\u00ean tr\u00ean. C\u1ea5u tr\u00fac n\u00e0y gi\u00fap t\u1eadp trung n\u0103ng l\u01b0\u1ee3ng c\u1ee7a \u0111\u00e1 v\u00e0 ph\u00f3ng chi\u1ebfu n\u00f3 ra kh\u00f4ng gian xung quanh m\u1ed9t c\u00e1ch nh\u1eb9 nh\u00e0ng nh\u01b0ng b\u1ec1n b\u1ec9.<\/div>\n<\/div>\n<div class=\"my-[1px]\">\n<div class=\"py-[3px] whitespace-pre-wrap u-break-words\">S\u1eafc h\u1ed3ng ph\u1edbt \u0111\u1eb7c tr\u01b0ng c\u1ee7a <strong>th\u1ea1ch anh h\u1ed3ng<\/strong> \u0111\u01b0\u1ee3c t\u1ea1o n\u00ean b\u1edfi c\u00e1c t\u1ea1p ch\u1ea5t vi l\u01b0\u1ee3ng nh\u01b0 titan, s\u1eaft ho\u1eb7c mangan. N\u00f3 t\u01b0\u1ee3ng tr\u01b0ng cho t\u00ecnh y\u00eau, l\u00f2ng tr\u1eafc \u1ea9n, s\u1ef1 tha th\u1ee9 v\u00e0 v\u1ebb \u0111\u1eb9p d\u1ecbu d\u00e0ng. \u0110\u1eb7t m\u1ed9t <strong>tr\u1ee5 \u0111\u00e1 th\u1ea1ch anh h\u1ed3ng<\/strong> trong ph\u00f2ng c\u0169ng gi\u1ed1ng nh\u01b0 th\u1eafp l\u00ean m\u1ed9t ng\u1ecdn n\u1ebfn c\u1ee7a s\u1ef1 \u1ea5m \u00e1p, l\u00e3ng m\u1ea1n v\u00e0 an y\u00ean.<\/div>\n<\/div>\n<div class=\"mt-[1em] mb-[1px]\" data-level=\"3\">\n<h2 class=\"font-[600] py-[3px] text-[1.25em]\"><strong>2. C\u00f4ng D\u1ee5ng Ch\u1eefa L\u00e0nh K\u1ef3 Di\u1ec7u C\u1ee7a Tr\u1ee5 \u0110\u00e1 Th\u1ea1ch Anh H\u1ed3ng<\/strong><\/h2>\n<\/div>\n<div class=\"my-[1px]\">\n<div class=\"py-[3px] whitespace-pre-wrap u-break-words\">\u0110\u00e2y l\u00e0 l\u00fd do khi\u1ebfn <strong>tr\u1ee5 \u0111\u00e1 th\u1ea1ch anh h\u1ed3ng<\/strong> tr\u1edf th\u00e0nh v\u1eadt ph\u1ea9m kh\u00f4ng th\u1ec3 thi\u1ebfu cho nh\u1eefng ai \u0111ang t\u00ecm ki\u1ebfm ho\u1eb7c mu\u1ed1n vun \u0111\u1eafp t\u00ecnh y\u00eau.<\/div>\n<\/div>\n<ul>\n<li class=\"u-break-words ps-[2px]\"><strong>Thu H\u00fat T\u00ecnh Duy\u00ean &amp; C\u1ea3i Thi\u1ec7n M\u1ed1i Quan H\u1ec7:<\/strong>\u00a0\u0110\u00e2y l\u00e0 c\u00f4ng d\u1ee5ng n\u1ed5i b\u1eadt nh\u1ea5t. N\u0103ng l\u01b0\u1ee3ng c\u1ee7a\u00a0<strong>tr\u1ee5 \u0111\u00e1 th\u1ea1ch anh h\u1ed3ng<\/strong>\u00a0gi\u00fap m\u1edf l\u00f2ng ng\u01b0\u1eddi s\u1edf h\u1eefu, thu h\u00fat nh\u1eefng m\u1ed1i quan h\u1ec7 t\u00edch c\u1ef1c v\u00e0 m\u1ed9t t\u00ecnh y\u00eau \u0111\u00edch th\u1ef1c. \u0110\u1ed1i v\u1edbi c\u00e1c c\u1eb7p \u0111\u00f4i, n\u00f3 gi\u00fap h\u00e2m n\u00f3ng t\u00ecnh c\u1ea3m, t\u0103ng c\u01b0\u1eddng s\u1ef1 th\u1ea5u hi\u1ec3u, \u0111\u1ed3ng c\u1ea3m v\u00e0 h\u00f3a gi\u1ea3i m\u00e2u thu\u1eabn.<\/li>\n<li class=\"u-break-words ps-[2px]\"><strong>Ch\u1eefa L\u00e0nh V\u1ebft Th\u01b0\u01a1ng L\u00f2ng:<\/strong>\u00a0<strong>Th\u1ea1ch anh h\u1ed3ng<\/strong>\u00a0l\u00e0 vi\u00ean \u0111\u00e1 c\u1ee7a s\u1ef1 ch\u1eefa l\u00e0nh. N\u0103ng l\u01b0\u1ee3ng d\u1ecbu \u00eam c\u1ee7a n\u00f3 gi\u00fap xoa d\u1ecbu nh\u1eefng t\u1ed5n th\u01b0\u01a1ng t\u00ecnh c\u1ea3m, n\u1ed7i \u0111au sau chia tay, gi\u1ea3i t\u1ecfa s\u1ef1 c\u00f4 \u0111\u01a1n v\u00e0 o\u00e1n gi\u1eadn, gi\u00fap b\u1ea1n h\u1ecdc c\u00e1ch y\u00eau th\u01b0\u01a1ng b\u1ea3n th\u00e2n tr\u01b0\u1edbc ti\u00ean.<\/li>\n<li class=\"u-break-words ps-[2px]\"><strong>T\u0103ng C\u01b0\u1eddng S\u1ef1 T\u1ef1 Tin v\u00e0 L\u00f2ng V\u1ecb Tha:<\/strong>\u00a0N\u0103ng l\u01b0\u1ee3ng c\u1ee7a \u0111\u00e1 t\u00e1c \u0111\u1ed9ng m\u1ea1nh m\u1ebd \u0111\u1ebfn Lu\u00e2n xa Tim (Heart Chakra), gi\u00fap b\u1ea1n m\u1edf l\u00f2ng, y\u00eau th\u01b0\u01a1ng b\u1ea3n th\u00e2n, t\u1eeb \u0111\u00f3 tr\u1edf n\u00ean <a href=\"https:\/\/vi.wikipedia.org\/wiki\/T%E1%BB%B1_tin\" target=\"_blank\" rel=\"noopener\">t\u1ef1 tin<\/a>, quy\u1ebfn r\u0169 v\u00e0 d\u1ec5 d\u00e0ng tha th\u1ee9 cho ng\u01b0\u1eddi kh\u00e1c.<\/li>\n<li class=\"u-break-words ps-[2px]\"><strong>Mang L\u1ea1i Gi\u1ea5c Ng\u1ee7 Ngon v\u00e0 Gi\u1ea3m Stress:<\/strong>\u00a0\u0110\u1eb7t m\u1ed9t\u00a0<strong>tr\u1ee5 \u0111\u00e1 th\u1ea1ch anh h\u1ed3ng<\/strong>\u00a0trong ph\u00f2ng ng\u1ee7 gi\u00fap t\u1ea1o ra m\u1ed9t kh\u00f4ng gian th\u01b0 th\u00e1i, an b\u00ecnh, gi\u1ea3m c\u0103ng th\u1eb3ng v\u00e0 mang l\u1ea1i gi\u1ea5c ng\u1ee7 s\u00e2u, ngon gi\u1ea5c h\u01a1n.<\/li>\n<\/ul>\n<div class=\"mt-[1em] mb-[1px]\" data-level=\"3\">\n<h2 class=\"font-[600] py-[3px] text-[1.25em]\"><strong>3. Tr\u1ee5 \u0110\u00e1 Th\u1ea1ch Anh H\u1ed3ng H\u1ee3p M\u1ec7nh G\u00ec?<\/strong><\/h2>\n<\/div>\n<div class=\"my-[1px]\">\n<div class=\"py-[3px] whitespace-pre-wrap u-break-words\">Theo h\u1ecdc thuy\u1ebft Ng\u0169 h\u00e0nh, m\u00e0u h\u1ed3ng thu\u1ed9c <strong>h\u00e0nh H\u1ecfa<\/strong>. Do \u0111\u00f3, <strong>tr\u1ee5 \u0111\u00e1 th\u1ea1ch anh h\u1ed3ng<\/strong> s\u1ebd ph\u00e1t huy n\u0103ng l\u01b0\u1ee3ng t\u1ed1t nh\u1ea5t cho:<\/div>\n<\/div>\n<ul>\n<li class=\"u-break-words ps-[2px]\"><strong>Ng\u01b0\u1eddi m\u1ec7nh H\u1ecfa (T\u01b0\u01a1ng h\u1ee3p):<\/strong>\u00a0V\u1eadt ph\u1ea9m n\u00e0y s\u1ebd b\u1ed5 sung n\u0103ng l\u01b0\u1ee3ng b\u1ea3n m\u1ec7nh, gi\u00fap ng\u01b0\u1eddi m\u1ec7nh H\u1ecfa t\u0103ng c\u01b0\u1eddng s\u1ef1 quy\u1ebfn r\u0169, may m\u1eafn trong t\u00ecnh duy\u00ean v\u00e0 gi\u1eef \u0111\u01b0\u1ee3c tinh th\u1ea7n l\u1ea1c quan, nhi\u1ec7t huy\u1ebft.<\/li>\n<li class=\"u-break-words ps-[2px]\"><strong>Ng\u01b0\u1eddi m\u1ec7nh Th\u1ed5 (T\u01b0\u01a1ng sinh):<\/strong>\u00a0V\u00ec H\u1ecfa sinh Th\u1ed5, n\u0103ng l\u01b0\u1ee3ng t\u1eeb\u00a0<strong>tr\u1ee5 \u0111\u00e1 th\u1ea1ch anh h\u1ed3ng<\/strong>\u00a0s\u1ebd l\u00e0 ngu\u1ed3n tr\u1ee3 l\u1ef1c m\u1ea1nh m\u1ebd, gi\u00fap ng\u01b0\u1eddi m\u1ec7nh Th\u1ed5 c\u00f3 \u0111\u01b0\u1ee3c s\u1ef1 \u1ed5n \u0111\u1ecbnh trong c\u00e1c m\u1ed1i quan h\u1ec7, gia \u0111\u00ecnh h\u00f2a thu\u1eadn v\u00e0 c\u00f4ng vi\u1ec7c hanh th\u00f4ng.<\/li>\n<\/ul>\n<div class=\"mt-[1em] mb-[1px]\" data-level=\"3\">\n<h2 class=\"font-[600] py-[3px] text-[1.25em]\"><strong>4. V\u1ecb Tr\u00ed \u0110\u1eb7t Tr\u1ee5 \u0110\u00e1 Th\u1ea1ch Anh H\u1ed3ng \u0110\u1ec3 K\u00edch Ho\u1ea1t T\u00ecnh Duy\u00ean &amp; H\u1ea1nh Ph\u00fac<\/strong><\/h2>\n<\/div>\n<div class=\"my-[1px]\">\n<div class=\"py-[3px] whitespace-pre-wrap u-break-words\">\u0110\u1ec3 n\u0103ng l\u01b0\u1ee3ng y\u00eau th\u01b0\u01a1ng \u0111\u01b0\u1ee3c lan t\u1ecfa hi\u1ec7u qu\u1ea3, b\u1ea1n n\u00ean \u0111\u1eb7t tr\u1ee5 \u0111\u00e1 \u1edf nh\u1eefng v\u1ecb tr\u00ed sau:<\/div>\n<\/div>\n<ul>\n<li class=\"u-break-words ps-[2px]\"><strong>Trong Ph\u00f2ng Ng\u1ee7 (V\u1ecb tr\u00ed t\u1ed1t nh\u1ea5t):<\/strong>\u00a0\u0110\u1eb7t m\u1ed9t\u00a0<strong>tr\u1ee5 \u0111\u00e1 th\u1ea1ch anh h\u1ed3ng<\/strong>\u00a0\u1edf \u0111\u1ea7u gi\u01b0\u1eddng ho\u1eb7c tr\u00ean b\u00e0n trang \u0111i\u1ec3m. \u0110\u00e2y l\u00e0 c\u00e1ch t\u1ed1t nh\u1ea5t \u0111\u1ec3 c\u1ea3i thi\u1ec7n ch\u1ea5t l\u01b0\u1ee3ng gi\u1ea5c ng\u1ee7, ch\u1eefa l\u00e0nh t\u00e2m h\u1ed3n v\u00e0 t\u0103ng c\u01b0\u1eddng s\u1ef1 l\u00e3ng m\u1ea1n, g\u1eafn k\u1ebft cho t\u00ecnh c\u1ea3m v\u1ee3 ch\u1ed3ng.<\/li>\n<li class=\"u-break-words ps-[2px]\"><strong>G\u00f3c T\u00ecnh Duy\u00ean c\u1ee7a Ng\u00f4i Nh\u00e0 (G\u00f3c T\u00e2y Nam):<\/strong>\u00a0Theo phong th\u1ee7y B\u00e1t tr\u1ea1ch, \u0111\u00e2y l\u00e0 cung T\u00ecnh Duy\u00ean. \u0110\u1eb7t m\u1ed9t\u00a0<strong>tr\u1ee5 \u0111\u00e1 th\u1ea1ch anh h\u1ed3ng<\/strong>\u00a0\u1edf \u0111\u00e2y s\u1ebd gi\u00fap k\u00edch ho\u1ea1t v\u1eadn \u0111\u00e0o hoa cho ng\u01b0\u1eddi \u0111\u1ed9c th\u00e2n v\u00e0 c\u1ee7ng c\u1ed1 h\u1ea1nh ph\u00fac cho gia \u0111\u00ecnh.<\/li>\n<li class=\"u-break-words ps-[2px]\"><strong>B\u00e0n L\u00e0m Vi\u1ec7c:<\/strong>\u00a0\u0110\u1eb7t m\u1ed9t tr\u1ee5 \u0111\u00e1 nh\u1ecf tr\u00ean b\u00e0n l\u00e0m vi\u1ec7c gi\u00fap c\u1ea3i thi\u1ec7n c\u00e1c m\u1ed1i quan h\u1ec7 v\u1edbi \u0111\u1ed3ng nghi\u1ec7p, \u0111\u1ed1i t\u00e1c, t\u1ea1o ra m\u1ed9t m\u00f4i tr\u01b0\u1eddng l\u00e0m vi\u1ec7c h\u00f2a \u0111\u1ed3ng v\u00e0 th\u00e2n thi\u1ec7n.<\/li>\n<\/ul>\n<div class=\"my-[1px]\">\n<div class=\"py-[3px] whitespace-pre-wrap u-break-words\"><strong>Tr\u1ee5 \u0111\u00e1 th\u1ea1ch anh h\u1ed3ng<\/strong> kh\u00f4ng ch\u1ec9 l\u00e0 m\u1ed9t v\u1eadt ph\u1ea9m trang tr\u00ed \u0111\u1eb9p m\u1eaft, m\u00e0 c\u00f2n l\u00e0 m\u1ed9t ng\u01b0\u1eddi b\u1ea1n \u0111\u1ed3ng h\u00e0nh th\u1ea7m l\u1eb7ng tr\u00ean h\u00e0nh tr\u00ecnh t\u00ecm ki\u1ebfm v\u00e0 nu\u00f4i d\u01b0\u1ee1ng t\u00ecnh y\u00eau. N\u0103ng l\u01b0\u1ee3ng d\u1ecbu d\u00e0ng c\u1ee7a n\u00f3 c\u00f3 s\u1ee9c m\u1ea1nh ch\u1eefa l\u00e0nh, k\u1ebft n\u1ed1i v\u00e0 lan t\u1ecfa s\u1ef1 \u1ea5m \u00e1p \u0111\u1ebfn m\u1ecdi ng\u00f3c ng\u00e1ch trong cu\u1ed9c s\u1ed1ng c\u1ee7a b\u1ea1n.<\/div>\n<\/div>\n<div class=\"my-[1px]\">\n<div class=\"py-[3px] whitespace-pre-wrap u-break-words\">H\u00e3y \u0111\u1ec3 m\u1ed9t <strong>tr\u1ee5 \u0111\u00e1 th\u1ea1ch anh h\u1ed3ng<\/strong> trong kh\u00f4ng gian c\u1ee7a m\u00ecnh, v\u00e0 c\u1ea3m nh\u1eadn s\u1ef1 thay \u0111\u1ed5i k\u1ef3 di\u1ec7u trong c\u00e1c m\u1ed1i quan h\u1ec7 v\u00e0 ch\u00ednh t\u00e2m h\u1ed3n b\u1ea1n.<br \/>\n<a href=\"https:\/\/daphongthuysoluna.vn\/en\/cua-hang\/\">Tham kh\u1ea3o t\u1ea1i \u0110\u00e1 Phong Th\u1ee7y SOLUNA<\/a><\/div>\n<\/div>","protected":false},"excerpt":{"rendered":"<ul>\n<li class=\"u-break-words ps-[2px]\">\n<div class=\"my-[1px]\">\n<div class=\"py-[3px] whitespace-pre-wrap u-break-words\"><strong>Ch\u1ea5t li\u1ec7u:<\/strong> Ch\u1ebf t\u00e1c t\u1eeb 100% \u0111\u00e1 <strong>Th\u1ea1ch Anh H\u1ed3ng (Rose Quartz)<\/strong> t\u1ef1 nhi\u00ean, mang s\u1eafc h\u1ed3ng ph\u1edbt ng\u1ecdt ng\u00e0o, t\u01b0\u1ee3ng tr\u01b0ng cho t\u00ecnh y\u00eau v\u00e0 s\u1ef1 l\u00e3ng m\u1ea1n. Tr\u1ee5 \u0111\u00e1 \u0111\u01b0\u1ee3c m\u00e0i b\u00f3ng t\u1ec9 m\u1ec9, l\u00e0m n\u1ed5i b\u1eadt v\u1ebb \u0111\u1eb9p m\u1ec1m m\u1ea1i v\u00e0 n\u0103ng l\u01b0\u1ee3ng \u1ea5m \u00e1p c\u1ee7a &#8220;Vi\u00ean \u0111\u00e1 T\u00ecnh y\u00eau&#8221;.<\/div>\n<\/div>\n<\/li>\n<li class=\"u-break-words ps-[2px]\">\n<div class=\"my-[1px]\">\n<div class=\"py-[3px] whitespace-pre-wrap u-break-words\"><strong>\u00dd ngh\u0129a:<\/strong> L\u00e0 bi\u1ec3u t\u01b0\u1ee3ng c\u1ee7a <strong>T\u00ecnh Y\u00eau V\u00f4 \u0110i\u1ec1u Ki\u1ec7n<\/strong>, tr\u1ee5 \u0111\u00e1 th\u1ea1ch anh h\u1ed3ng c\u00f3 n\u0103ng l\u01b0\u1ee3ng m\u1ea1nh m\u1ebd trong vi\u1ec7c <strong>ch\u1eefa l\u00e0nh t\u00ecnh c\u1ea3m, thu h\u00fat duy\u00ean l\u00e0nh<\/strong> v\u00e0 h\u00e2m n\u00f3ng c\u00e1c m\u1ed1i quan h\u1ec7. V\u1eadt ph\u1ea9m n\u00e0y gi\u00fap xoa d\u1ecbu t\u1ed5n th\u01b0\u01a1ng, t\u0103ng c\u01b0\u1eddng l\u00f2ng v\u1ecb tha, s\u1ef1 t\u1ef1 tin v\u00e0 mang l\u1ea1i c\u1ea3m gi\u00e1c b\u00ecnh y\u00ean, h\u1ea1nh ph\u00fac.<\/div>\n<\/div>\n<\/li>\n<li class=\"u-break-words ps-[2px] hide-loading-dot\">\n<div class=\"my-[1px]\">\n<div class=\"py-[3px] whitespace-pre-wrap u-break-words\"><strong>C\u00e1ch s\u1eed d\u1ee5ng:<\/strong> \u0110\u1ec3 lan t\u1ecfa n\u0103ng l\u01b0\u1ee3ng y\u00eau th\u01b0\u01a1ng, h\u00e3y \u0111\u1eb7t tr\u1ee5 \u0111\u00e1 t\u1ea1i c\u00e1c v\u1ecb tr\u00ed sau:<\/div>\n<\/div>\n<ul>\n<li class=\"u-break-words ps-[2px]\"><strong>Trong ph\u00f2ng ng\u1ee7 (\u0111\u1ea7u gi\u01b0\u1eddng ho\u1eb7c b\u00e0n trang \u0111i\u1ec3m):<\/strong>\u00a0\u0110\u1ec3 t\u0103ng s\u1ef1 l\u00e3ng m\u1ea1n, g\u1eafn k\u1ebft t\u00ecnh c\u1ea3m v\u00e0 c\u00f3 gi\u1ea5c ng\u1ee7 ngon.<\/li>\n<li class=\"u-break-words ps-[2px]\"><strong>G\u00f3c T\u00e2y Nam c\u1ee7a nh\u00e0 ho\u1eb7c ph\u00f2ng:<\/strong>\u00a0\u0110\u1ec3 k\u00edch ho\u1ea1t cung T\u00ecnh Duy\u00ean, t\u1ed1t cho ng\u01b0\u1eddi \u0111\u1ed9c th\u00e2n.<\/li>\n<li class=\"u-break-words ps-[2px]\"><strong>Tr\u00ean b\u00e0n l\u00e0m vi\u1ec7c:<\/strong>\u00a0\u0110\u1ec3 x\u00e2y d\u1ef1ng m\u1ed1i quan h\u1ec7 h\u00f2a h\u1ee3p v\u1edbi \u0111\u1ed3ng nghi\u1ec7p.<\/li>\n<\/ul>\n<\/li>\n<\/ul>","protected":false},"featured_media":1497,"comment_status":"open","ping_status":"closed","template":"","meta":{"_acf_changed":false},"product_brand":[],"product_cat":[76,101],"product_tag":[],"class_list":{"0":"post-1054","1":"product","2":"type-product","3":"status-publish","4":"has-post-thumbnail","6":"product_cat-tru-da-thach-anh","7":"product_cat-menh-hoa","9":"first","10":"instock","11":"shipping-taxable","12":"product-type-simple"},"acf":[],"_links":{"self":[{"href":"https:\/\/daphongthuysoluna.vn\/en\/wp-json\/wp\/v2\/product\/1054","targetHints":{"allow":["GET"]}}],"collection":[{"href":"https:\/\/daphongthuysoluna.vn\/en\/wp-json\/wp\/v2\/product"}],"about":[{"href":"https:\/\/daphongthuysoluna.vn\/en\/wp-json\/wp\/v2\/types\/product"}],"replies":[{"embeddable":true,"href":"https:\/\/daphongthuysoluna.vn\/en\/wp-json\/wp\/v2\/comments?post=1054"}],"wp:featuredmedia":[{"embeddable":true,"href":"https:\/\/daphongthuysoluna.vn\/en\/wp-json\/wp\/v2\/media\/1497"}],"wp:attachment":[{"href":"https:\/\/daphongthuysoluna.vn\/en\/wp-json\/wp\/v2\/media?parent=1054"}],"wp:term":[{"taxonomy":"product_brand","embeddable":true,"href":"https:\/\/daphongthuysoluna.vn\/en\/wp-json\/wp\/v2\/product_brand?post=1054"},{"taxonomy":"product_cat","embeddable":true,"href":"https:\/\/daphongthuysoluna.vn\/en\/wp-json\/wp\/v2\/product_cat?post=1054"},{"taxonomy":"product_tag","embeddable":true,"href":"https:\/\/daphongthuysoluna.vn\/en\/wp-json\/wp\/v2\/product_tag?post=1054"}],"curies":[{"name":"wp","href":"https:\/\/api.w.org\/{rel}","templated":true}]}}