{"id":1057,"date":"2025-12-02T00:26:37","date_gmt":"2025-12-01T17:26:37","guid":{"rendered":"https:\/\/daphongthuysoluna.vn\/?post_type=product&#038;p=1057"},"modified":"2025-12-20T14:37:03","modified_gmt":"2025-12-20T07:37:03","slug":"kim-tu-thap-da-thach-anh-trang","status":"publish","type":"product","link":"https:\/\/daphongthuysoluna.vn\/en\/product\/kim-tu-thap-da-thach-anh-trang\/","title":{"rendered":"Kim T\u1ef1 Th\u00e1p \u0110\u00e1 Th\u1ea1ch Anh Tr\u1eafng"},"content":{"rendered":"<h2><b>Kim T\u1ef1 Th\u00e1p \u0110\u00e1 Th\u1ea1ch Anh Tr\u1eafng &#8211; V\u1eadt Ph\u1ea9m Thanh L\u1ecdc N\u0103ng L\u01b0\u1ee3ng &amp; Khu\u1ebfch \u0110\u1ea1i Tr\u00ed Tu\u1ec7<\/b><\/h2>\n<p><b>Kim T\u1ef1 Th\u00e1p \u0110\u00e1 Th\u1ea1ch Anh Tr\u1eafng<\/b><span style=\"font-weight: 400;\"> (Th\u1ea1ch Anh Trong) l\u00e0 vi\u00ean \u0111\u00e1 c\u00f3 <\/span><b>t\u1ea7n s\u1ed1 n\u0103ng l\u01b0\u1ee3ng cao v\u00e0 tinh khi\u1ebft b\u1eadc nh\u1ea5t<\/b><span style=\"font-weight: 400;\">, \u0111\u01b0\u1ee3c m\u1ec7nh danh l\u00e0 <\/span><b>&#8220;B\u1eadc th\u1ea7y Thanh L\u1ecdc v\u00e0 Khu\u1ebfch \u0110\u1ea1i N\u0103ng L\u01b0\u1ee3ng&#8221;<\/b><span style=\"font-weight: 400;\">. H\u00ecnh d\u00e1ng Kim T\u1ef1 Th\u00e1p gi\u00fap thu n\u1ea1p n\u0103ng l\u01b0\u1ee3ng v\u0169 tr\u1ee5 v\u00e0 t\u1ea1o ra tr\u01b0\u1eddng b\u1ea3o v\u1ec7 m\u1ea1nh m\u1ebd.<\/span><\/p>\n<h3><b>\u00a0\u0110\u1eb7c T\u00ednh &amp; C\u00f4ng D\u1ee5ng Ch\u00ednh<\/b><\/h3>\n<ol>\n<li style=\"font-weight: 400;\" aria-level=\"1\"><b>Thanh L\u1ecdc N\u0103ng L\u01b0\u1ee3ng:<\/b><span style=\"font-weight: 400;\"> H\u1ea5p th\u1ee5 v\u00e0 trung h\u00f2a kh\u00ed ti\u00eau c\u1ef1c, t\u00e0 kh\u00ed, v\u00e0 b\u1ee9c x\u1ea1 \u0111i\u1ec7n t\u1eeb (t\u1eeb m\u00e1y t\u00ednh, WiFi), l\u00e0m s\u1ea1ch kh\u00f4ng gian s\u1ed1ng.<\/span><\/li>\n<li style=\"font-weight: 400;\" aria-level=\"1\"><b>Khu\u1ebfch \u0110\u1ea1i &amp; T\u0103ng C\u01b0\u1eddng Tr\u00ed Tu\u1ec7:<\/b><span style=\"font-weight: 400;\"> T\u00e1c \u0111\u1ed9ng t\u00edch c\u1ef1c \u0111\u1ebfn Lu\u00e2n Xa V\u01b0\u01a1ng Mi\u1ec7n, gi\u00fap <\/span><b>t\u0103ng c\u01b0\u1eddng tr\u00ed nh\u1edb, t\u1eadp trung, minh m\u1eabn<\/b><span style=\"font-weight: 400;\"> v\u00e0 \u0111\u01b0a ra quy\u1ebft \u0111\u1ecbnh s\u00e1ng su\u1ed1t.<\/span><\/li>\n<li style=\"font-weight: 400;\" aria-level=\"1\"><b>H\u1ed7 Tr\u1ee3 Ch\u1eefa L\u00e0nh T\u1ed5ng Th\u1ec3:<\/b><span style=\"font-weight: 400;\"> Gi\u00fap c\u00e2n b\u1eb1ng n\u0103ng l\u01b0\u1ee3ng sinh h\u1ecdc, gi\u1ea3m lo \u00e2u, c\u0103ng th\u1eb3ng v\u00e0 h\u1ed7 tr\u1ee3 thi\u1ec1n \u0111\u1ecbnh, ph\u00e1t tri\u1ec3n tr\u1ef1c gi\u00e1c.<\/span><\/li>\n<li style=\"font-weight: 400;\" aria-level=\"1\"><b>Khu\u1ebfch \u0110\u1ea1i \u00dd \u0110\u1ecbnh:<\/b><span style=\"font-weight: 400;\"> C\u00f3 kh\u1ea3 n\u0103ng khu\u1ebfch \u0111\u1ea1i n\u0103ng l\u01b0\u1ee3ng c\u1ee7a c\u00e1c lo\u1ea1i \u0111\u00e1 kh\u00e1c v\u00e0 \u00fd \u0111\u1ecbnh (intention) c\u1ee7a ng\u01b0\u1eddi s\u1edf h\u1eefu.<\/span><\/li>\n<\/ol>\n<h3><b>V\u1ecb Tr\u00ed \u0110\u1eb7t T\u1ed1i \u01afu<\/b><\/h3>\n<p><span style=\"font-weight: 400;\">N\u00ean \u0111\u1eb7t t\u1ea1i <\/span><b>B\u00e0n L\u00e0m Vi\u1ec7c<\/b><span style=\"font-weight: 400;\"> (t\u0103ng t\u1eadp trung, h\u00f3a gi\u1ea3i b\u1ee9c x\u1ea1) ho\u1eb7c <\/span><b>G\u1ea7n C\u1eeda Ra V\u00e0o Ch\u00ednh<\/b><span style=\"font-weight: 400;\"> (ng\u0103n ch\u1eb7n n\u0103ng l\u01b0\u1ee3ng x\u1ea5u).<\/span><\/p>\n<p>&nbsp;<\/p>\n<h2><b>\u00a0<\/b><b>Gi\u00e1 Tr\u1ecb v\u00e0 Ch\u00ednh S\u00e1ch An T\u00e2m Tuy\u1ec7t \u0110\u1ed1i<\/b><\/h2>\n<p><span style=\"font-weight: 400;\">\u0110\u1ea7u t\u01b0 v\u00e0o Kim T\u1ef1 Th\u00e1p Th\u1ea1ch Anh Tr\u1eafng l\u00e0 \u0111\u1ea7u t\u01b0 v\u00e0o m\u1ed9t kh\u00f4ng gian s\u1ed1ng v\u00e0 l\u00e0m vi\u1ec7c \u0111\u01b0\u1ee3c <\/span><b>thanh l\u1ecdc n\u0103ng l\u01b0\u1ee3ng<\/b><span style=\"font-weight: 400;\"> v\u00e0 <\/span><b>khu\u1ebfch \u0111\u1ea1i tr\u00ed tu\u1ec7<\/b><span style=\"font-weight: 400;\">. Ch\u00fang t\u00f4i cam k\u1ebft mang \u0111\u1ebfn gi\u00e1 tr\u1ecb th\u1eadt v\u1edbi ch\u00ednh s\u00e1ch r\u00f5 r\u00e0ng:<\/span><\/p>\n<ul>\n<li style=\"font-weight: 400;\" aria-level=\"1\"><b>M\u1ee9c Gi\u00e1 T\u01b0\u01a1ng X\u1ee9ng Ch\u1ea5t L\u01b0\u1ee3ng:<\/b><span style=\"font-weight: 400;\"> Gi\u00e1 c\u1ee7a m\u1ed9t Kim T\u1ef1 Th\u00e1p \u0110\u00e1 Th\u1ea1ch Anh Tr\u1eafng t\u00f9y thu\u1ed9c v\u00e0o tr\u1ecdng l\u01b0\u1ee3ng, \u0111\u1ed9 trong su\u1ed1t v\u00e0 k\u1ef9 thu\u1eadt ch\u1ebf t\u00e1c, v\u1edbi m\u1ee9c gi\u00e1 kh\u1edfi \u0111i\u1ec3m <\/span><b>kho\u1ea3ng t\u1eeb 700.000 VN\u0110<\/b><span style=\"font-weight: 400;\"> tr\u1edf l\u00ean cho m\u1ed9t v\u1eadt ph\u1ea9m ch\u1ea5t l\u01b0\u1ee3ng.<\/span><\/li>\n<li style=\"font-weight: 400;\" aria-level=\"1\"><b>Ch\u00ednh S\u00e1ch B\u1ea3o V\u1ec7 Kh\u00e1ch H\u00e0ng:<\/b><span style=\"font-weight: 400;\"> Ch\u00fang t\u00f4i \u00e1p d\u1ee5ng ch\u00ednh s\u00e1ch <\/span><b>B\u1ea3o h\u00e0nh 1 n\u0103m<\/b><span style=\"font-weight: 400;\"> cho ch\u1ea5t l\u01b0\u1ee3ng \u0111\u00e1 t\u1ef1 nhi\u00ean v\u00e0 h\u1ed7 tr\u1ee3 <\/span><b>\u0110\u1ed5i tr\u1ea3 trong v\u00f2ng 7 ng\u00e0y<\/b><span style=\"font-weight: 400;\"> n\u1ebfu s\u1ea3n ph\u1ea9m c\u00f3 b\u1ea5t k\u1ef3 l\u1ed7i n\u00e0o t\u1eeb nh\u00e0 s\u1ea3n xu\u1ea5t.<\/span><\/li>\n<li style=\"font-weight: 400;\" aria-level=\"1\"><b>Cam k\u1ebft:<\/b><span style=\"font-weight: 400;\"> \u0110\u00e1 Th\u1ea1ch Anh Tr\u1eafng t\u1ef1 nhi\u00ean 100%, c\u00f3 n\u0103ng l\u01b0\u1ee3ng rung \u0111\u1ed9ng cao v\u00e0 tinh khi\u1ebft, gi\u00fap thanh l\u1ecdc kh\u00f4ng gian v\u00e0 h\u1ed7 tr\u1ee3 ph\u00e1t tri\u1ec3n t\u00e2m linh, tr\u00ed tu\u1ec7.<\/span><\/li>\n<\/ul>\n<p>&nbsp;<\/p>\n<p>&nbsp;<\/p>\n<p>&nbsp;<\/p>","protected":false},"excerpt":{"rendered":"<p><span style=\"font-weight: 400;\"><strong>Ch\u1ea5t li\u1ec7u v\u00e0 ho\u00e0n thi\u1ec7n:<\/strong> t\u1ef1 nhi\u00ean 100%. L\u00e0 lo\u1ea1i c\u00f3 t\u1ea7n s\u1ed1 n\u0103ng l\u01b0\u1ee3ng cao v\u00e0 tinh khi\u1ebft b\u1eadc nh\u1ea5t. Ho\u00e0n thi\u1ec7n d\u1ea1ng Kim T\u1ef1 Th\u00e1p<b>:<\/b> Gi\u00fap thu n\u1ea1p n\u0103ng l\u01b0\u1ee3ng v\u0169 tr\u1ee5, khu\u1ebfch \u0111\u1ea1i v\u00e0 ph\u00e1t t\u00e1n n\u0103ng l\u01b0\u1ee3ng ra xung quanh.<\/span><\/p>\n<p><strong>K\u00edch th\u01b0\u1edbc:<\/strong> \u0110a d\u1ea1ng k\u00edch th\u01b0\u1edbc<\/p>\n<p><strong>\u00dd ngh\u0129a:<\/strong> Thanh l\u1ecdc n\u0103ng l\u01b0\u1ee3ng ti\u00eau c\u1ef1c, t\u00e0 kh\u00ed, v\u00e0 h\u00f3a gi\u1ea3i b\u1ee9c x\u1ea1 \u0111i\u1ec7n t\u1eeb. Khu\u1ebfch \u0110\u1ea1i Tr\u00ed Tu\u1ec7: T\u00e1c \u0111\u1ed9ng \u0111\u1ebfn Lu\u00e2n Xa V\u01b0\u01a1ng Mi\u1ec7n, gi\u00fap t\u0103ng c\u01b0\u1eddng tr\u00ed nh\u1edb, t\u1eadp trung, minh m\u1eabn v\u00e0 \u0111\u01b0a ra quy\u1ebft \u0111\u1ecbnh s\u00e1ng su\u1ed1t. H\u1ed7 tr\u1ee3 T\u1ed5ng Th\u1ec3: Gi\u00fap c\u00e2n b\u1eb1ng sinh h\u1ecdc, gi\u1ea3m lo \u00e2u, c\u0103ng th\u1eb3ng v\u00e0 khu\u1ebfch \u0111\u1ea1i \u00fd \u0111\u1ecbnh.<\/p>\n<p><strong>C\u00e1ch s\u1eed d\u1ee5ng:<\/strong> \u0111\u1eb7t t\u1ea1i c\u00e1c v\u1ecb tr\u00ed<\/p>\n<p>&nbsp;<\/p>\n<p data-path-to-node=\"9,4,1,2\"><strong>\u2022<\/strong> B\u00e0n L\u00e0m Vi\u1ec7c: T\u0103ng t\u1eadp trung v\u00e0 h\u00f3a gi\u1ea3i b\u1ee9c x\u1ea1 \u0111i\u1ec7n t\u1eeb.<\/p>\n<p>&nbsp;<\/p>\n<p data-path-to-node=\"9,4,1,4\">\u2022 G\u1ea7n C\u1eeda Ra V\u00e0o Ch\u00ednh: Ng\u0103n ch\u1eb7n n\u0103ng l\u01b0\u1ee3ng x\u1ea5u x\u00e2m nh\u1eadp.<\/p>","protected":false},"featured_media":1491,"comment_status":"open","ping_status":"closed","template":"","meta":{"_acf_changed":false},"product_brand":[],"product_cat":[77,99],"product_tag":[],"class_list":{"0":"post-1057","1":"product","2":"type-product","3":"status-publish","4":"has-post-thumbnail","6":"product_cat-kim-tu-thap-thach-anh","7":"product_cat-menh-kim","9":"first","10":"instock","11":"shipping-taxable","12":"product-type-simple"},"acf":[],"_links":{"self":[{"href":"https:\/\/daphongthuysoluna.vn\/en\/wp-json\/wp\/v2\/product\/1057","targetHints":{"allow":["GET"]}}],"collection":[{"href":"https:\/\/daphongthuysoluna.vn\/en\/wp-json\/wp\/v2\/product"}],"about":[{"href":"https:\/\/daphongthuysoluna.vn\/en\/wp-json\/wp\/v2\/types\/product"}],"replies":[{"embeddable":true,"href":"https:\/\/daphongthuysoluna.vn\/en\/wp-json\/wp\/v2\/comments?post=1057"}],"wp:featuredmedia":[{"embeddable":true,"href":"https:\/\/daphongthuysoluna.vn\/en\/wp-json\/wp\/v2\/media\/1491"}],"wp:attachment":[{"href":"https:\/\/daphongthuysoluna.vn\/en\/wp-json\/wp\/v2\/media?parent=1057"}],"wp:term":[{"taxonomy":"product_brand","embeddable":true,"href":"https:\/\/daphongthuysoluna.vn\/en\/wp-json\/wp\/v2\/product_brand?post=1057"},{"taxonomy":"product_cat","embeddable":true,"href":"https:\/\/daphongthuysoluna.vn\/en\/wp-json\/wp\/v2\/product_cat?post=1057"},{"taxonomy":"product_tag","embeddable":true,"href":"https:\/\/daphongthuysoluna.vn\/en\/wp-json\/wp\/v2\/product_tag?post=1057"}],"curies":[{"name":"wp","href":"https:\/\/api.w.org\/{rel}","templated":true}]}}