{"id":1065,"date":"2025-12-02T16:35:55","date_gmt":"2025-12-02T09:35:55","guid":{"rendered":"https:\/\/daphongthuysoluna.vn\/?post_type=product&#038;p=1065"},"modified":"2026-01-09T14:56:31","modified_gmt":"2026-01-09T07:56:31","slug":"qua-cau-thach-anh-hong","status":"publish","type":"product","link":"https:\/\/daphongthuysoluna.vn\/en\/product\/qua-cau-thach-anh-hong\/","title":{"rendered":"Qu\u1ea3 C\u1ea7u Th\u1ea1ch Anh H\u1ed3ng"},"content":{"rendered":"<div class=\"mt-[1em] mb-[1px]\" data-level=\"3\">\n<h3 class=\"font-[600] py-[3px] text-[1.25em]\"><strong>Qu\u1ea3 C\u1ea7u Th\u1ea1ch Anh H\u1ed3ng: B\u00ed M\u1eadt Lan T\u1ecfa Y\u00eau Th\u01b0\u01a1ng, Vun \u0110\u1eafp H\u1ea1nh Ph\u00fac Tr\u00f2n \u0110\u1ea7y<\/strong><\/h3>\n<\/div>\n<div class=\"my-[1px]\">\n<div class=\"py-[3px] whitespace-pre-wrap u-break-words\"><strong>Meta Description:<\/strong> Kh\u00e1m ph\u00e1 c\u00f4ng d\u1ee5ng thu h\u00fat t\u00ecnh duy\u00ean, h\u00e0n g\u1eafn m\u1ed1i quan h\u1ec7 c\u1ee7a <strong>qu\u1ea3 c\u1ea7u th\u1ea1ch anh h\u1ed3ng<\/strong>. H\u01b0\u1edbng d\u1eabn c\u00e1ch \u0111\u1eb7t <strong>qu\u1ea3 c\u1ea7u phong th\u1ee7y<\/strong> n\u00e0y h\u1ee3p m\u1ec7nh \u0111\u1ec3 mang l\u1ea1i may m\u1eafn v\u00e0 h\u1ea1nh ph\u00fac vi\u00ean m\u00e3n.<\/div>\n<\/div>\n<div class=\"h-[13px] my-[1px] flex items-center\">\n<div class=\"w-full h-[1px] bg-[var(--border-main)]\"><\/div>\n<\/div>\n<div class=\"my-[1px]\">\n<div class=\"py-[3px] whitespace-pre-wrap u-break-words\"><strong>(Ph\u1ea7n m\u1edf \u0111\u1ea7u &#8211; Gi\u1edbi thi\u1ec7u)<\/strong><\/div>\n<\/div>\n<div class=\"my-[1px]\">\n<div class=\"py-[3px] whitespace-pre-wrap u-break-words\">Trong th\u1ebf gi\u1edbi \u0111\u00e1 phong th\u1ee7y, <strong>Th\u1ea1ch Anh H\u1ed3ng<\/strong> (Rose Quartz) \u0111\u01b0\u1ee3c m\u1ec7nh danh l\u00e0 &#8220;Vi\u00ean \u0111\u00e1 c\u1ee7a T\u00ecnh y\u00eau&#8221;. Khi \u0111\u01b0\u1ee3c ch\u1ebf t\u00e1c th\u00e0nh h\u00ecnh c\u1ea7u \u2013 m\u1ed9t bi\u1ec3u t\u01b0\u1ee3ng c\u1ee7a s\u1ef1 vi\u00ean m\u00e3n, tr\u00f2n \u0111\u1ea7y v\u00e0 ho\u00e0n h\u1ea3o \u2013 n\u0103ng l\u01b0\u1ee3ng y\u00eau th\u01b0\u01a1ng c\u1ee7a n\u00f3 c\u00e0ng \u0111\u01b0\u1ee3c lan t\u1ecfa m\u1ed9t c\u00e1ch h\u00e0i h\u00f2a v\u00e0 to\u00e0n di\u1ec7n. <strong>Qu\u1ea3 c\u1ea7u th\u1ea1ch anh h\u1ed3ng<\/strong> kh\u00f4ng ch\u1ec9 l\u00e0 m\u1ed9t v\u1eadt ph\u1ea9m trang tr\u00ed tinh t\u1ebf v\u1edbi s\u1eafc h\u1ed3ng ng\u1ecdt ng\u00e0o, m\u00e0 c\u00f2n l\u00e0 m\u1ed9t c\u00f4ng c\u1ee5 phong th\u1ee7y quy\u1ec1n n\u0103ng gi\u00fap ch\u1eefa l\u00e0nh t\u00e2m h\u1ed3n, thu h\u00fat duy\u00ean l\u00e0nh v\u00e0 vun \u0111\u1eafp cho c\u00e1c m\u1ed1i quan h\u1ec7 tr\u1edf n\u00ean b\u1ec1n ch\u1eb7t, vi\u00ean m\u00e3n.<\/div>\n<\/div>\n<div class=\"my-[1px]\">\n<div class=\"py-[3px] whitespace-pre-wrap u-break-words\">B\u00e0i vi\u1ebft n\u00e0y s\u1ebd l\u00e0 c\u1ea9m nang chi ti\u1ebft, gi\u00fap b\u1ea1n hi\u1ec3u s\u00e2u s\u1eafc v\u1ec1 s\u1ee9c m\u1ea1nh c\u1ee7a <strong>qu\u1ea3 c\u1ea7u th\u1ea1ch anh h\u1ed3ng<\/strong> v\u00e0 c\u00e1ch s\u1eed d\u1ee5ng v\u1eadt ph\u1ea9m di\u1ec7u k\u1ef3 n\u00e0y \u0111\u1ec3 bi\u1ebfn kh\u00f4ng gian s\u1ed1ng c\u1ee7a b\u1ea1n tr\u1edf th\u00e0nh m\u1ed9t t\u1ed5 \u1ea5m tr\u00e0n ng\u1eadp y\u00eau th\u01b0\u01a1ng v\u00e0 h\u00f2a kh\u00ed.<\/div>\n<\/div>\n<div class=\"my-[1px]\">\n<div class=\"py-[3px] whitespace-pre-wrap u-break-words\"><strong>(Th\u00e2n b\u00e0i)<\/strong><\/div>\n<\/div>\n<div class=\"mt-[1em] mb-[1px]\" data-level=\"3\">\n<h3 class=\"font-[600] py-[3px] text-[1.25em]\"><strong>1. Qu\u1ea3 C\u1ea7u Th\u1ea1ch Anh H\u1ed3ng L\u00e0 G\u00ec? N\u0103ng L\u01b0\u1ee3ng C\u1ee7a S\u1ef1 Vi\u00ean M\u00e3n<\/strong><\/h3>\n<\/div>\n<div class=\"my-[1px]\">\n<div class=\"py-[3px] whitespace-pre-wrap u-break-words\"><strong>Qu\u1ea3 c\u1ea7u th\u1ea1ch anh h\u1ed3ng<\/strong> l\u00e0 kh\u1ed1i \u0111\u00e1 th\u1ea1ch anh h\u1ed3ng t\u1ef1 nhi\u00ean \u0111\u01b0\u1ee3c m\u00e0i gi\u0169a t\u1ec9 m\u1ec9 th\u00e0nh h\u00ecnh c\u1ea7u ho\u00e0n h\u1ea3o. Kh\u00f4ng gi\u1ed1ng nh\u01b0 d\u1ea1ng tr\u1ee5 ph\u00f3ng n\u0103ng l\u01b0\u1ee3ng theo m\u1ed9t h\u01b0\u1edbng, h\u00ecnh c\u1ea7u gi\u00fap n\u0103ng l\u01b0\u1ee3ng c\u1ee7a \u0111\u00e1 \u0111\u01b0\u1ee3c t\u1ecfa ra \u0111\u1ec1u kh\u1eafp m\u1ecdi h\u01b0\u1edbng, nh\u1eb9 nh\u00e0ng v\u00e0 bao tr\u00f9m to\u00e0n b\u1ed9 kh\u00f4ng gian.<\/div>\n<\/div>\n<div class=\"my-[1px]\">\n<div class=\"py-[3px] whitespace-pre-wrap u-break-words\">S\u1eafc h\u1ed3ng c\u1ee7a \u0111\u00e1 t\u01b0\u1ee3ng tr\u01b0ng cho t\u00ecnh y\u00eau, l\u00f2ng tr\u1eafc \u1ea9n v\u00e0 s\u1ef1 tha th\u1ee9. H\u00ecnh d\u00e1ng qu\u1ea3 c\u1ea7u t\u01b0\u1ee3ng tr\u01b0ng cho s\u1ef1 tr\u1ecdn v\u1eb9n, \u0111\u1ee7 \u0111\u1ea7y. S\u1ef1 k\u1ebft h\u1ee3p n\u00e0y t\u1ea1o n\u00ean m\u1ed9t v\u1eadt ph\u1ea9m phong th\u1ee7y v\u1edbi kh\u1ea3 n\u0103ng c\u00e2n b\u1eb1ng c\u1ea3m x\u00fac, th\u00fac \u0111\u1ea9y s\u1ef1 h\u00f2a h\u1ee3p v\u00e0 mang l\u1ea1i h\u1ea1nh ph\u00fac m\u1ed9t c\u00e1ch t\u1ef1 nhi\u00ean, <a href=\"https:\/\/vi.wikipedia.org\/wiki\/B%E1%BB%81n_v%E1%BB%AFng\" target=\"_blank\" rel=\"noopener\">b\u1ec1n v\u1eefng<\/a>.<\/div>\n<\/div>\n<div class=\"mt-[1em] mb-[1px]\" data-level=\"3\">\n<h3 class=\"font-[600] py-[3px] text-[1.25em]\"><strong>2. C\u00f4ng D\u1ee5ng Ch\u1eefa L\u00e0nh K\u1ef3 Di\u1ec7u C\u1ee7a Qu\u1ea3 C\u1ea7u Th\u1ea1ch Anh H\u1ed3ng<\/strong><\/h3>\n<\/div>\n<div class=\"my-[1px]\">\n<div class=\"py-[3px] whitespace-pre-wrap u-break-words\">\u0110\u00e2y l\u00e0 l\u00fd do khi\u1ebfn <strong>qu\u1ea3 c\u1ea7u th\u1ea1ch anh h\u1ed3ng<\/strong> tr\u1edf th\u00e0nh v\u1eadt ph\u1ea9m &#8220;ph\u1ea3i c\u00f3&#8221; cho nh\u1eefng ai mong mu\u1ed1n m\u1ed9t cu\u1ed9c s\u1ed1ng t\u00ecnh c\u1ea3m \u0111\u1ee7 \u0111\u1ea7y.<\/div>\n<\/div>\n<ul>\n<li class=\"u-break-words ps-[2px]\"><strong>Thu H\u00fat T\u00ecnh Duy\u00ean &amp; H\u00e0n G\u1eafn M\u1ed1i Quan H\u1ec7:<\/strong>\u00a0\u0110\u00e2y l\u00e0 c\u00f4ng d\u1ee5ng n\u1ed5i b\u1eadt nh\u1ea5t. N\u0103ng l\u01b0\u1ee3ng lan t\u1ecfa c\u1ee7a\u00a0<strong>qu\u1ea3 c\u1ea7u th\u1ea1ch anh h\u1ed3ng<\/strong>\u00a0gi\u00fap m\u1edf l\u00f2ng ng\u01b0\u1eddi s\u1edf h\u1eefu, thu h\u00fat nh\u1eefng m\u1ed1i quan h\u1ec7 t\u00edch c\u1ef1c. \u0110\u1ed1i v\u1edbi c\u00e1c c\u1eb7p \u0111\u00f4i, n\u00f3 gi\u00fap t\u0103ng c\u01b0\u1eddng s\u1ef1 th\u1ea5u hi\u1ec3u, h\u00f3a gi\u1ea3i m\u00e2u thu\u1eabn v\u00e0 h\u00e2m n\u00f3ng t\u00ecnh c\u1ea3m, mang l\u1ea1i s\u1ef1 h\u00f2a thu\u1eadn cho gia \u0111\u00ecnh.<\/li>\n<li class=\"u-break-words ps-[2px]\"><strong>Ch\u1eefa L\u00e0nh V\u1ebft Th\u01b0\u01a1ng L\u00f2ng:<\/strong>\u00a0N\u0103ng l\u01b0\u1ee3ng d\u1ecbu \u00eam c\u1ee7a\u00a0<strong>th\u1ea1ch anh h\u1ed3ng<\/strong>\u00a0gi\u00fap xoa d\u1ecbu nh\u1eefng t\u1ed5n th\u01b0\u01a1ng t\u00ecnh c\u1ea3m, n\u1ed7i \u0111au qu\u00e1 kh\u1ee9, gi\u1ea3i t\u1ecfa s\u1ef1 c\u00f4 \u0111\u01a1n v\u00e0 o\u00e1n gi\u1eadn, gi\u00fap b\u1ea1n h\u1ecdc c\u00e1ch y\u00eau th\u01b0\u01a1ng b\u1ea3n th\u00e2n v\u00e0 m\u1edf l\u00f2ng v\u1edbi nh\u1eefng c\u01a1 h\u1ed9i m\u1edbi.<\/li>\n<li class=\"u-break-words ps-[2px]\"><strong>T\u0103ng C\u01b0\u1eddng S\u1ef1 G\u1eafn K\u1ebft X\u00e3 H\u1ed9i:<\/strong>\u00a0\u0110\u1eb7t m\u1ed9t\u00a0<strong>qu\u1ea3 c\u1ea7u th\u1ea1ch anh h\u1ed3ng<\/strong>\u00a0\u1edf ph\u00f2ng kh\u00e1ch ho\u1eb7c n\u01a1i sinh ho\u1ea1t chung gi\u00fap t\u1ea1o ra m\u1ed9t b\u1ea7u kh\u00f4ng kh\u00ed th\u00e2n thi\u1ec7n, c\u1edfi m\u1edf, c\u1ea3i thi\u1ec7n c\u00e1c m\u1ed1i quan h\u1ec7 x\u00e3 h\u1ed9i, \u0111\u01b0\u1ee3c m\u1ecdi ng\u01b0\u1eddi y\u00eau m\u1ebfn v\u00e0 qu\u00fd tr\u1ecdng.<\/li>\n<li class=\"u-break-words ps-[2px]\"><strong>Mang L\u1ea1i Gi\u1ea5c Ng\u1ee7 Ngon v\u00e0 Gi\u1ea3m Stress:<\/strong>\u00a0N\u0103ng l\u01b0\u1ee3ng an y\u00ean c\u1ee7a \u0111\u00e1 gi\u00fap t\u1ea1o ra m\u1ed9t kh\u00f4ng gian th\u01b0 th\u00e1i, gi\u1ea3m c\u0103ng th\u1eb3ng, lo \u00e2u v\u00e0 mang l\u1ea1i gi\u1ea5c ng\u1ee7 s\u00e2u, ngon gi\u1ea5c h\u01a1n, \u0111\u1eb7c bi\u1ec7t t\u1ed1t cho tr\u1ebb nh\u1ecf v\u00e0 ng\u01b0\u1eddi l\u1edbn tu\u1ed5i.<\/li>\n<\/ul>\n<div class=\"mt-[1em] mb-[1px]\" data-level=\"3\">\n<h3 class=\"font-[600] py-[3px] text-[1.25em]\"><strong>3. Qu\u1ea3 C\u1ea7u Th\u1ea1ch Anh H\u1ed3ng H\u1ee3p M\u1ec7nh G\u00ec?<\/strong><\/h3>\n<\/div>\n<div class=\"my-[1px]\">\n<div class=\"py-[3px] whitespace-pre-wrap u-break-words\">Theo h\u1ecdc thuy\u1ebft Ng\u0169 h\u00e0nh, m\u00e0u h\u1ed3ng thu\u1ed9c <strong>h\u00e0nh H\u1ecfa<\/strong>. Do \u0111\u00f3, <strong>qu\u1ea3 c\u1ea7u th\u1ea1ch anh h\u1ed3ng<\/strong> s\u1ebd ph\u00e1t huy n\u0103ng l\u01b0\u1ee3ng t\u1ed1t nh\u1ea5t cho:<\/div>\n<\/div>\n<ul>\n<li class=\"u-break-words ps-[2px]\"><strong>Ng\u01b0\u1eddi m\u1ec7nh H\u1ecfa (T\u01b0\u01a1ng h\u1ee3p):<\/strong>\u00a0V\u1eadt ph\u1ea9m n\u00e0y s\u1ebd b\u1ed5 sung n\u0103ng l\u01b0\u1ee3ng b\u1ea3n m\u1ec7nh, gi\u00fap ng\u01b0\u1eddi m\u1ec7nh H\u1ecfa t\u0103ng c\u01b0\u1eddng s\u1ef1 quy\u1ebfn r\u0169, may m\u1eafn trong t\u00ecnh duy\u00ean v\u00e0 gi\u1eef \u0111\u01b0\u1ee3c tinh th\u1ea7n l\u1ea1c quan, nhi\u1ec7t huy\u1ebft.<\/li>\n<li class=\"u-break-words ps-[2px]\"><strong>Ng\u01b0\u1eddi m\u1ec7nh Th\u1ed5 (T\u01b0\u01a1ng sinh):<\/strong>\u00a0V\u00ec H\u1ecfa sinh Th\u1ed5, n\u0103ng l\u01b0\u1ee3ng t\u1eeb\u00a0<strong>qu\u1ea3 c\u1ea7u th\u1ea1ch anh h\u1ed3ng<\/strong>\u00a0s\u1ebd l\u00e0 ngu\u1ed3n tr\u1ee3 l\u1ef1c m\u1ea1nh m\u1ebd, gi\u00fap ng\u01b0\u1eddi m\u1ec7nh Th\u1ed5 c\u00f3 \u0111\u01b0\u1ee3c s\u1ef1 \u1ed5n \u0111\u1ecbnh trong c\u00e1c m\u1ed1i quan h\u1ec7, gia \u0111\u00ecnh h\u00f2a thu\u1eadn v\u00e0 c\u00f4ng vi\u1ec7c hanh th\u00f4ng.<\/li>\n<\/ul>\n<div class=\"mt-[1em] mb-[1px]\" data-level=\"3\">\n<h3 class=\"font-[600] py-[3px] text-[1.25em]\"><strong>4. V\u1ecb Tr\u00ed \u0110\u1eb7t Qu\u1ea3 C\u1ea7u Th\u1ea1ch Anh H\u1ed3ng \u0110\u1ec3 K\u00edch Ho\u1ea1t H\u1ea1nh Ph\u00fac<\/strong><\/h3>\n<\/div>\n<div class=\"my-[1px]\">\n<div class=\"py-[3px] whitespace-pre-wrap u-break-words\">\u0110\u1ec3 n\u0103ng l\u01b0\u1ee3ng y\u00eau th\u01b0\u01a1ng \u0111\u01b0\u1ee3c lan t\u1ecfa hi\u1ec7u qu\u1ea3, b\u1ea1n n\u00ean \u0111\u1eb7t qu\u1ea3 c\u1ea7u \u1edf nh\u1eefng v\u1ecb tr\u00ed sau:<\/div>\n<\/div>\n<ul>\n<li class=\"u-break-words ps-[2px]\"><strong>Trong Ph\u00f2ng Ng\u1ee7 (V\u1ecb tr\u00ed t\u1ed1t nh\u1ea5t):<\/strong>\u00a0\u0110\u1eb7t m\u1ed9t\u00a0<strong>qu\u1ea3 c\u1ea7u th\u1ea1ch anh h\u1ed3ng<\/strong>\u00a0\u1edf \u0111\u1ea7u gi\u01b0\u1eddng ho\u1eb7c tr\u00ean b\u00e0n trang \u0111i\u1ec3m. \u0110\u00e2y l\u00e0 c\u00e1ch t\u1ed1t nh\u1ea5t \u0111\u1ec3 t\u0103ng c\u01b0\u1eddng s\u1ef1 l\u00e3ng m\u1ea1n, g\u1eafn k\u1ebft t\u00ecnh c\u1ea3m v\u1ee3 ch\u1ed3ng v\u00e0 c\u00f3 gi\u1ea5c ng\u1ee7 ngon.<\/li>\n<li class=\"u-break-words ps-[2px]\"><strong>Ph\u00f2ng Kh\u00e1ch:<\/strong>\u00a0\u0110\u1eb7t qu\u1ea3 c\u1ea7u \u1edf b\u00e0n tr\u00e0 ho\u1eb7c k\u1ec7 trang tr\u00ed gi\u00fap lan t\u1ecfa n\u0103ng l\u01b0\u1ee3ng h\u00f2a h\u1ee3p \u0111\u1ebfn m\u1ecdi th\u00e0nh vi\u00ean trong gia \u0111\u00ecnh, gi\u00fap kh\u00f4ng kh\u00ed lu\u00f4n vui v\u1ebb, \u0111\u1ea7m \u1ea5m.<\/li>\n<li class=\"u-break-words ps-[2px]\"><strong>G\u00f3c T\u00ecnh Duy\u00ean c\u1ee7a Ng\u00f4i Nh\u00e0 (G\u00f3c T\u00e2y Nam):<\/strong>\u00a0Theo phong th\u1ee7y B\u00e1t tr\u1ea1ch, \u0111\u00e2y l\u00e0 cung T\u00ecnh Duy\u00ean. \u0110\u1eb7t m\u1ed9t\u00a0<strong>qu\u1ea3 c\u1ea7u th\u1ea1ch anh h\u1ed3ng<\/strong>\u00a0\u1edf \u0111\u00e2y s\u1ebd gi\u00fap k\u00edch ho\u1ea1t v\u1eadn \u0111\u00e0o hoa cho ng\u01b0\u1eddi \u0111\u1ed9c th\u00e2n v\u00e0 c\u1ee7ng c\u1ed1 h\u1ea1nh ph\u00fac cho gia \u0111\u00ecnh.<\/li>\n<li class=\"u-break-words ps-[2px]\"><strong>B\u00e0n L\u00e0m Vi\u1ec7c:<\/strong>\u00a0Gi\u00fap c\u1ea3i thi\u1ec7n c\u00e1c m\u1ed1i quan h\u1ec7 v\u1edbi \u0111\u1ed3ng nghi\u1ec7p, \u0111\u1ed1i t\u00e1c, t\u1ea1o ra m\u1ed9t m\u00f4i tr\u01b0\u1eddng l\u00e0m vi\u1ec7c th\u00e2n thi\u1ec7n, gi\u1ea3m b\u1edbt th\u1ecb phi.<\/li>\n<\/ul>\n<div class=\"my-[1px]\">\n<div class=\"py-[3px] whitespace-pre-wrap u-break-words\"><strong>(Ph\u1ea7n k\u1ebft lu\u1eadn)<\/strong><\/div>\n<\/div>\n<div class=\"my-[1px]\">\n<div class=\"py-[3px] whitespace-pre-wrap u-break-words\"><strong>Qu\u1ea3 c\u1ea7u th\u1ea1ch anh h\u1ed3ng<\/strong> kh\u00f4ng ch\u1ec9 l\u00e0 m\u1ed9t v\u1eadt ph\u1ea9m trang tr\u00ed sang tr\u1ecdng, m\u00e0 c\u00f2n l\u00e0 m\u1ed9t ngu\u1ed3n n\u0103ng l\u01b0\u1ee3ng d\u1ed3i d\u00e0o c\u1ee7a t\u00ecnh y\u00eau v\u00e0 s\u1ef1 h\u00f2a h\u1ee3p. V\u1edbi kh\u1ea3 n\u0103ng lan t\u1ecfa y\u00eau th\u01b0\u01a1ng, ch\u1eefa l\u00e0nh v\u00e0 k\u1ebft n\u1ed1i, n\u00f3 l\u00e0 m\u00f3n qu\u00e0 v\u00f4 gi\u00e1 cho ch\u00ednh b\u1ea1n v\u00e0 nh\u1eefng ng\u01b0\u1eddi th\u00e2n y\u00eau, gi\u00fap x\u00e2y d\u1ef1ng m\u1ed9t cu\u1ed9c s\u1ed1ng vi\u00ean m\u00e3n, tr\u00f2n \u0111\u1ea7y v\u00e0 h\u1ea1nh ph\u00fac.<\/div>\n<\/div>\n<div class=\"my-[1px]\">\n<div class=\"py-[3px] whitespace-pre-wrap u-break-words\">H\u00e3y \u0111\u1ec3 n\u0103ng l\u01b0\u1ee3ng ng\u1ecdt ng\u00e0o c\u1ee7a <strong>qu\u1ea3 c\u1ea7u th\u1ea1ch anh h\u1ed3ng<\/strong> l\u1ea5p \u0111\u1ea7y kh\u00f4ng gian s\u1ed1ng c\u1ee7a b\u1ea1n, v\u00e0 c\u1ea3m nh\u1eadn s\u1ef1 thay \u0111\u1ed5i k\u1ef3 di\u1ec7u trong c\u00e1c m\u1ed1i quan h\u1ec7 v\u00e0 ch\u00ednh t\u00e2m h\u1ed3n m\u00ecnh.<br \/>\n<a href=\"https:\/\/daphongthuysoluna.vn\/en\/cua-hang\/\">Tham kh\u1ea3o t\u1ea1i \u0110\u00e1 Phong Th\u1ee7y SOLUNA<\/a><\/div>\n<\/div>","protected":false},"excerpt":{"rendered":"<div class=\"my-[1px]\">\n<div class=\"py-[3px] whitespace-pre-wrap u-break-words\">&#8211; Lo\u1ea1i \u0111\u00e1: Th\u1ea1ch anh h\u1ed3ng<br \/>\n&#8211; M\u00e0u s\u1eafc: h\u1ed3ng t\u1ef1 nhi\u00ean<br \/>\n&#8211; Tr\u1ecdng l\u01b0\u1ee3ng:<br \/>\n&#8211; K\u00edch th\u01b0\u1edbc:<br \/>\n&#8211; H\u1ee3p m\u1ec7nh: Th\u1ed5 &#8211; Ho\u1ea3<br \/>\n&#8211; C\u00f4ng d\u1ee5ng: tr\u01b0ng b\u00e0y &#8211; trang tr\u00ed, l\u00e0m \u0111\u1eb9p kh\u00f4ng gian<br \/>\n&#8211; \u00dd ngh\u0129a: chi\u00eau t\u00e0i &#8211; hanh th\u00f4ng &#8211; thu h\u00fat t\u00e0i kh\u00ed &#8211; xua tan t\u00e0 kh\u00ed<br \/>\n&#8211; Ch\u1ea5t l\u01b0\u1ee3ng: \u0111\u00e1 th\u1eadt 100% kh\u00f4ng x\u1eed l\u00fd m\u00e0u s\u1eafc<\/div>\n<\/div>","protected":false},"featured_media":1473,"comment_status":"open","ping_status":"closed","template":"","meta":{"_acf_changed":false},"product_brand":[],"product_cat":[56,101],"product_tag":[],"class_list":{"0":"post-1065","1":"product","2":"type-product","3":"status-publish","4":"has-post-thumbnail","6":"product_cat-qua-cau-thach-anh","7":"product_cat-menh-hoa","9":"first","10":"instock","11":"shipping-taxable","12":"product-type-simple"},"acf":[],"_links":{"self":[{"href":"https:\/\/daphongthuysoluna.vn\/en\/wp-json\/wp\/v2\/product\/1065","targetHints":{"allow":["GET"]}}],"collection":[{"href":"https:\/\/daphongthuysoluna.vn\/en\/wp-json\/wp\/v2\/product"}],"about":[{"href":"https:\/\/daphongthuysoluna.vn\/en\/wp-json\/wp\/v2\/types\/product"}],"replies":[{"embeddable":true,"href":"https:\/\/daphongthuysoluna.vn\/en\/wp-json\/wp\/v2\/comments?post=1065"}],"wp:featuredmedia":[{"embeddable":true,"href":"https:\/\/daphongthuysoluna.vn\/en\/wp-json\/wp\/v2\/media\/1473"}],"wp:attachment":[{"href":"https:\/\/daphongthuysoluna.vn\/en\/wp-json\/wp\/v2\/media?parent=1065"}],"wp:term":[{"taxonomy":"product_brand","embeddable":true,"href":"https:\/\/daphongthuysoluna.vn\/en\/wp-json\/wp\/v2\/product_brand?post=1065"},{"taxonomy":"product_cat","embeddable":true,"href":"https:\/\/daphongthuysoluna.vn\/en\/wp-json\/wp\/v2\/product_cat?post=1065"},{"taxonomy":"product_tag","embeddable":true,"href":"https:\/\/daphongthuysoluna.vn\/en\/wp-json\/wp\/v2\/product_tag?post=1065"}],"curies":[{"name":"wp","href":"https:\/\/api.w.org\/{rel}","templated":true}]}}