{"id":1081,"date":"2025-12-04T15:02:06","date_gmt":"2025-12-04T08:02:06","guid":{"rendered":"https:\/\/daphongthuysoluna.vn\/?post_type=product&#038;p=1081"},"modified":"2026-01-09T15:43:46","modified_gmt":"2026-01-09T08:43:46","slug":"kim-tu-thap-da-thach-anh-hong","status":"publish","type":"product","link":"https:\/\/daphongthuysoluna.vn\/en\/product\/kim-tu-thap-da-thach-anh-hong\/","title":{"rendered":"Kim T\u1ef1 Th\u00e1p \u0110\u00e1 Th\u1ea1ch Anh H\u1ed3ng"},"content":{"rendered":"<div class=\"mt-[1em] mb-[1px]\" data-level=\"3\">\n<h3 class=\"font-[600] py-[3px] text-[1.25em]\"><strong>Kim T\u1ef1 Th\u00e1p \u0110\u00e1 Th\u1ea1ch Anh H\u1ed3ng: H\u1ed9i T\u1ee5 N\u0103ng L\u01b0\u1ee3ng T\u00ecnh Y\u00eau, Ch\u1eefa L\u00e0nh &amp; Khai M\u1edf T\u00e2m Th\u1ee9c<\/strong><\/h3>\n<\/div>\n<div class=\"my-[1px]\">\n<div class=\"py-[3px] whitespace-pre-wrap u-break-words\">Kh\u00e1m ph\u00e1 s\u1ee9c m\u1ea1nh c\u1ee7a <strong>kim t\u1ef1 \u0111\u00e1 th\u00e1p th\u1ea1ch anh h\u1ed3ng<\/strong> \u2013 s\u1ef1 k\u1ebft h\u1ee3p gi\u1eefa n\u0103ng l\u01b0\u1ee3ng t\u00ecnh y\u00eau v\u00e0 h\u00ecnh kh\u1ed1i huy\u1ec1n b\u00ed. T\u00ecm hi\u1ec3u c\u00f4ng d\u1ee5ng ch\u1eefa l\u00e0nh, thi\u1ec1n \u0111\u1ecbnh v\u00e0 c\u00e1ch \u0111\u1eb7t v\u1eadt ph\u1ea9m phong th\u1ee7y n\u00e0y \u0111\u1ec3 khai m\u1edf t\u00e2m th\u1ee9c.<\/div>\n<\/div>\n<div class=\"h-[13px] my-[1px] flex items-center\">\n<div class=\"w-full h-[1px] bg-[var(--border-main)]\">\u00a0<\/div>\n<\/div>\n<div class=\"my-[1px]\">\n<div class=\"py-[3px] whitespace-pre-wrap u-break-words\">T\u1eeb ng\u00e0n x\u01b0a, Kim T\u1ef1 Th\u00e1p \u0111\u00e3 l\u00e0 m\u1ed9t bi\u1ec3u t\u01b0\u1ee3ng huy\u1ec1n b\u00ed c\u1ee7a tr\u00ed tu\u1ec7 c\u1ed5 \u0111\u1ea1i, m\u1ed9t h\u00ecnh kh\u1ed1i thi\u00eang li\u00eang c\u00f3 kh\u1ea3 n\u0103ng h\u1ed9i t\u1ee5 v\u00e0 khu\u1ebfch \u0111\u1ea1i n\u0103ng l\u01b0\u1ee3ng v\u0169 tr\u1ee5. Khi h\u00ecnh kh\u1ed1i quy\u1ec1n n\u0103ng n\u00e0y \u0111\u01b0\u1ee3c ch\u1ebf t\u00e1c t\u1eeb <strong>Th\u1ea1ch Anh H\u1ed3ng<\/strong> \u2013 vi\u00ean \u0111\u00e1 c\u1ee7a t\u00ecnh y\u00eau v\u00f4 \u0111i\u1ec1u ki\u1ec7n \u2013 ch\u00fang ta c\u00f3 \u0111\u01b0\u1ee3c m\u1ed9t v\u1eadt ph\u1ea9m phong th\u1ee7y v\u1edbi s\u1ee9c m\u1ea1nh v\u01b0\u1ee3t tr\u1ed9i: <strong>Kim T\u1ef1 Th\u00e1p \u0110\u00e1 Th\u1ea1ch Anh H\u1ed3ng<\/strong>.<\/div>\n<\/div>\n<div class=\"my-[1px]\">\n<div class=\"py-[3px] whitespace-pre-wrap u-break-words\">\u0110\u00e2y kh\u00f4ng ch\u1ec9 l\u00e0 m\u1ed9t v\u1eadt ph\u1ea9m trang tr\u00ed tinh x\u1ea3o, m\u00e0 c\u00f2n l\u00e0 m\u1ed9t c\u00f4ng c\u1ee5 n\u0103ng l\u01b0\u1ee3ng m\u1ea1nh m\u1ebd, gi\u00fap t\u1eadp trung v\u00e0 lan t\u1ecfa t\u00ecnh y\u00eau th\u01b0\u01a1ng, ch\u1eefa l\u00e0nh nh\u1eefng t\u1ed5n th\u01b0\u01a1ng s\u00e2u s\u1eafc v\u00e0 h\u1ed7 tr\u1ee3 con ng\u01b0\u1eddi tr\u00ean h\u00e0nh tr\u00ecnh k\u1ebft n\u1ed1i v\u1edbi t\u00e2m th\u1ee9c cao h\u01a1n. B\u00e0i vi\u1ebft n\u00e0y s\u1ebd gi\u1ea3i m\u00e3 to\u00e0n b\u1ed9 s\u1ee9c m\u1ea1nh v\u00e0 \u00fd ngh\u0129a c\u1ee7a <strong>kim t\u1ef1 th\u00e1p \u0111\u00e1 th\u1ea1ch anh h\u1ed3ng<\/strong>.<\/div>\n<\/div>\n<div class=\"mt-[1em] mb-[1px]\" data-level=\"3\">\n<h3 class=\"font-[600] py-[3px] text-[1.25em]\"><strong>1. Kim T\u1ef1 Th\u00e1p \u0110\u00e1 Th\u1ea1ch Anh H\u1ed3ng: S\u1ef1 Giao Thoa Gi\u1eefa H\u00ecnh Kh\u1ed1i Thi\u00eang v\u00e0 N\u0103ng L\u01b0\u1ee3ng T\u00ecnh Y\u00eau<\/strong><\/h3>\n<\/div>\n<div class=\"my-[1px]\">\n<div class=\"py-[3px] whitespace-pre-wrap u-break-words\"><strong>Kim t\u1ef1 th\u00e1p \u0111\u00e1 th\u1ea1ch anh h\u1ed3ng<\/strong> l\u00e0 s\u1ef1 k\u1ebft h\u1ee3p ho\u00e0n h\u1ea3o c\u1ee7a hai y\u1ebfu t\u1ed1:<\/div>\n<\/div>\n<ul>\n<li class=\"u-break-words ps-[2px]\"><strong>H\u00ecnh kh\u1ed1i Kim T\u1ef1 Th\u00e1p:<\/strong>\u00a0V\u1edbi c\u1ea5u tr\u00fac \u0111\u00e1y vu\u00f4ng v\u1eefng ch\u00e3i v\u00e0 b\u1ed1n m\u1eb7t tam gi\u00e1c h\u1ed9i t\u1ee5 t\u1ea1i m\u1ed9t \u0111\u1ec9nh nh\u1ecdn, kim t\u1ef1 th\u00e1p \u0111\u01b0\u1ee3c cho l\u00e0 c\u00f3 kh\u1ea3 n\u0103ng thu n\u0103ng l\u01b0\u1ee3ng t\u1eeb v\u0169 tr\u1ee5 qua ph\u1ea7n \u0111\u00e1y v\u00e0 t\u1eadp trung n\u00f3 l\u1ea1i, sau \u0111\u00f3 ph\u00f3ng chi\u1ebfu qua \u0111\u1ec9nh. N\u00f3 l\u00e0 bi\u1ec3u t\u01b0\u1ee3ng c\u1ee7a s\u1ef1 \u1ed5n \u0111\u1ecbnh, s\u1ef1 v\u01b0\u01a1n l\u00ean v\u00e0 s\u1ef1 k\u1ebft n\u1ed1i gi\u1eefa \u0110\u1ea5t v\u00e0 Tr\u1eddi.<\/li>\n<li class=\"u-break-words ps-[2px]\"><strong>\u0110\u00e1 Th\u1ea1ch Anh H\u1ed3ng:<\/strong>\u00a0Mang n\u0103ng l\u01b0\u1ee3ng c\u1ee7a t\u00ecnh y\u00eau, l\u00f2ng tr\u1eafc \u1ea9n, s\u1ef1 tha th\u1ee9 v\u00e0 ch\u1eefa l\u00e0nh. N\u00f3 t\u00e1c \u0111\u1ed9ng tr\u1ef1c ti\u1ebfp \u0111\u1ebfn Lu\u00e2n xa Tim (Heart Chakra).<\/li>\n<\/ul>\n<div class=\"my-[1px]\">\n<div class=\"py-[3px] whitespace-pre-wrap u-break-words\">Khi k\u1ebft h\u1ee3p l\u1ea1i, <strong>kim t\u1ef1 th\u00e1p \u0111\u00e1 th\u1ea1ch anh h\u1ed3ng<\/strong> tr\u1edf th\u00e0nh m\u1ed9t &#8220;tr\u1ea1m ph\u00e1t&#8221; n\u0103ng l\u01b0\u1ee3ng t\u00ecnh y\u00eau c\u00f3 \u0111\u1ecbnh h\u01b0\u1edbng, gi\u00fap t\u1eadp trung \u00fd ni\u1ec7m v\u1ec1 s\u1ef1 h\u00f2a h\u1ee3p, ch\u1eefa l\u00e0nh v\u00e0 lan t\u1ecfa ch\u00fang m\u1ed9t c\u00e1ch m\u1ea1nh m\u1ebd v\u00e0o kh\u00f4ng gian ho\u1eb7c v\u00e0o m\u1ed9t <a href=\"https:\/\/vi.wikipedia.org\/wiki\/M%E1%BB%A5c_ti%C3%AAu\" target=\"_blank\" rel=\"noopener\">m\u1ee5c ti\u00eau<\/a> c\u1ee5 th\u1ec3.<\/div>\n<\/div>\n<div class=\"mt-[1em] mb-[1px]\" data-level=\"3\">\n<h3 class=\"font-[600] py-[3px] text-[1.25em]\"><strong>2. C\u00f4ng D\u1ee5ng N\u0103ng L\u01b0\u1ee3ng V\u01b0\u1ee3t Tr\u1ed9i C\u1ee7a Kim T\u1ef1 Th\u00e1p \u0110\u00e1 Th\u1ea1ch Anh H\u1ed3ng<\/strong><\/h3>\n<\/div>\n<div class=\"my-[1px]\">\n<div class=\"py-[3px] whitespace-pre-wrap u-break-words\">S\u1ee9c m\u1ea1nh c\u1ee7a v\u1eadt ph\u1ea9m n\u00e0y v\u01b0\u1ee3t xa m\u1ed9t vi\u00ean \u0111\u00e1 th\u1ea1ch anh h\u1ed3ng th\u00f4ng th\u01b0\u1eddng.<\/div>\n<\/div>\n<ul>\n<li class=\"u-break-words ps-[2px]\"><strong>C\u00f4ng C\u1ee5 Thi\u1ec1n \u0110\u1ecbnh v\u00e0 Khai M\u1edf T\u00e2m Th\u1ee9c:<\/strong>\u00a0\u0110\u00e2y l\u00e0 c\u00f4ng d\u1ee5ng m\u1ea1nh m\u1ebd nh\u1ea5t. \u0110\u1eb7t\u00a0<strong>kim t\u1ef1 th\u00e1p \u0111\u00e1 th\u1ea1ch anh h\u1ed3ng<\/strong>\u00a0tr\u01b0\u1edbc m\u1eb7t ho\u1eb7c c\u1ea7m trong l\u00f2ng b\u00e0n tay khi thi\u1ec1n \u0111\u1ecbnh gi\u00fap b\u1ea1n d\u1ec5 d\u00e0ng t\u0129nh t\u00e2m, k\u1ebft n\u1ed1i v\u1edbi Lu\u00e2n xa Tim, khai m\u1edf tr\u1ef1c gi\u00e1c v\u00e0 nh\u1eadn \u0111\u01b0\u1ee3c nh\u1eefng th\u00f4ng \u0111i\u1ec7p t\u1eeb t\u00e2m th\u1ee9c cao h\u01a1n.<\/li>\n<li class=\"u-break-words ps-[2px]\"><strong>Ch\u1eefa L\u00e0nh S\u00e2u S\u1eafc:<\/strong>\u00a0N\u0103ng l\u01b0\u1ee3ng t\u1eadp trung t\u1eeb \u0111\u1ec9nh kim t\u1ef1 th\u00e1p c\u00f3 th\u1ec3 \u0111\u01b0\u1ee3c &#8220;h\u01b0\u1edbng&#8221; v\u00e0o nh\u1eefng v\u00f9ng b\u1ecb t\u1ed5n th\u01b0\u01a1ng (c\u1ea3 v\u1ec1 th\u1ec3 ch\u1ea5t l\u1eabn tinh th\u1ea7n) \u0111\u1ec3 h\u1ed7 tr\u1ee3 qu\u00e1 tr\u00ecnh ch\u1eefa l\u00e0nh. N\u00f3 \u0111\u1eb7c bi\u1ec7t hi\u1ec7u qu\u1ea3 trong vi\u1ec7c xoa d\u1ecbu n\u1ed7i \u0111au t\u00ecnh c\u1ea3m, gi\u1ea3i t\u1ecfa nh\u1eefng t\u1eafc ngh\u1ebdn n\u0103ng l\u01b0\u1ee3ng \u1edf tim.<\/li>\n<li class=\"u-break-words ps-[2px]\"><strong>Thanh L\u1ecdc v\u00e0 B\u1ea3o V\u1ec7 Kh\u00f4ng Gian:<\/strong>\u00a0\u0110\u1eb7t\u00a0<strong>kim t\u1ef1 th\u00e1p \u0111\u00e1 th\u1ea1ch anh h\u1ed3ng<\/strong>\u00a0trong ph\u00f2ng gi\u00fap thanh l\u1ecdc n\u0103ng l\u01b0\u1ee3ng ti\u00eau c\u1ef1c, bi\u1ebfn \u0111\u1ed5i s\u1ef1 c\u0103ng th\u1eb3ng, gi\u1eadn d\u1eef th\u00e0nh s\u1ef1 c\u1ea3m th\u00f4ng v\u00e0 b\u00ecnh y\u00ean, t\u1ea1o ra m\u1ed9t &#8220;kh\u00f4ng gian thi\u00eang&#8221; tr\u00e0n ng\u1eadp s\u1ef1 h\u00f2a h\u1ee3p.<\/li>\n<li class=\"u-break-words ps-[2px]\"><strong>Bi\u1ec3u Hi\u1ec7n H\u00f3a T\u00ecnh Y\u00eau (Manifestation):<\/strong>\u00a0S\u1eed d\u1ee5ng kim t\u1ef1 th\u00e1p \u0111\u1ec3 t\u1eadp trung \u00fd \u0111\u1ecbnh c\u1ee7a b\u1ea1n v\u1ec1 vi\u1ec7c thu h\u00fat m\u1ed9t m\u1ed1i quan h\u1ec7 l\u00e0nh m\u1ea1nh ho\u1eb7c c\u1ea3i thi\u1ec7n t\u00ecnh c\u1ea3m hi\u1ec7n t\u1ea1i. N\u0103ng l\u01b0\u1ee3ng h\u1ed9i t\u1ee5 c\u1ee7a n\u00f3 s\u1ebd gi\u00fap khu\u1ebfch \u0111\u1ea1i v\u00e0 g\u1eedi mong mu\u1ed1n c\u1ee7a b\u1ea1n v\u00e0o v\u0169 tr\u1ee5 m\u1ed9t c\u00e1ch m\u1ea1nh m\u1ebd h\u01a1n.<\/li>\n<\/ul>\n<div class=\"mt-[1em] mb-[1px]\" data-level=\"3\">\n<h3 class=\"font-[600] py-[3px] text-[1.25em]\"><strong>3. Kim T\u1ef1 Th\u00e1p \u0110\u00e1 Th\u1ea1ch Anh H\u1ed3ng H\u1ee3p M\u1ec7nh G\u00ec?<\/strong><\/h3>\n<\/div>\n<div class=\"my-[1px]\">\n<div class=\"py-[3px] whitespace-pre-wrap u-break-words\">Theo h\u1ecdc thuy\u1ebft Ng\u0169 h\u00e0nh, m\u00e0u h\u1ed3ng thu\u1ed9c <strong>h\u00e0nh H\u1ecfa<\/strong>. Do \u0111\u00f3, <strong>kim t\u1ef1 th\u00e1p \u0111\u00e1 th\u1ea1ch anh h\u1ed3ng<\/strong> s\u1ebd c\u1ed9ng h\u01b0\u1edfng n\u0103ng l\u01b0\u1ee3ng t\u1ed1t nh\u1ea5t v\u1edbi:<\/div>\n<\/div>\n<ul>\n<li class=\"u-break-words ps-[2px]\"><strong>Ng\u01b0\u1eddi m\u1ec7nh H\u1ecfa (T\u01b0\u01a1ng h\u1ee3p):<\/strong>\u00a0Gi\u00fap ng\u01b0\u1eddi m\u1ec7nh H\u1ecfa c\u00e2n b\u1eb1ng c\u1ea3m x\u00fac, bi\u1ebfn s\u1ef1 n\u00f3ng n\u1ea3y th\u00e0nh nhi\u1ec7t huy\u1ebft, t\u0103ng c\u01b0\u1eddng s\u1ee9c h\u1ea5p d\u1eabn v\u00e0 may m\u1eafn trong t\u00ecnh duy\u00ean.<\/li>\n<li class=\"u-break-words ps-[2px]\"><strong>Ng\u01b0\u1eddi m\u1ec7nh Th\u1ed5 (T\u01b0\u01a1ng sinh):<\/strong>\u00a0V\u00ec H\u1ecfa sinh Th\u1ed5, n\u0103ng l\u01b0\u1ee3ng t\u1eeb kim t\u1ef1 th\u00e1p s\u1ebd l\u00e0 ngu\u1ed3n tr\u1ee3 l\u1ef1c m\u1ea1nh m\u1ebd, gi\u00fap ng\u01b0\u1eddi m\u1ec7nh Th\u1ed5 x\u00e2y d\u1ef1ng c\u00e1c m\u1ed1i quan h\u1ec7 b\u1ec1n v\u1eefng, gia \u0111\u00ecnh h\u00f2a thu\u1eadn v\u00e0 c\u00f3 m\u1ed9t t\u00e2m tr\u00ed b\u00ecnh an.<\/li>\n<\/ul>\n<div class=\"mt-[1em] mb-[1px]\" data-level=\"3\">\n<h3 class=\"font-[600] py-[3px] text-[1.25em]\"><strong>4. V\u1ecb Tr\u00ed \u0110\u1eb7t Kim T\u1ef1 Th\u00e1p \u0110\u00e1 Th\u1ea1ch Anh H\u1ed3ng \u0110\u1ec3 T\u1ed1i \u01afu H\u00f3a N\u0103ng L\u01b0\u1ee3ng<\/strong><\/h3>\n<\/div>\n<div class=\"my-[1px]\">\n<div class=\"py-[3px] whitespace-pre-wrap u-break-words\">V\u1ecb tr\u00ed \u0111\u1eb7t s\u1ebd quy\u1ebft \u0111\u1ecbnh m\u1ee5c \u0111\u00edch s\u1eed d\u1ee5ng c\u1ee7a kim t\u1ef1 th\u00e1p:<\/div>\n<\/div>\n<ul>\n<li class=\"u-break-words ps-[2px]\"><strong>B\u00e0n Th\u1edd ho\u1eb7c G\u00f3c Thi\u1ec1n \u0110\u1ecbnh:<\/strong>\u00a0\u0110\u00e2y l\u00e0 v\u1ecb tr\u00ed l\u00fd t\u01b0\u1edfng \u0111\u1ec3 ph\u00e1t huy kh\u1ea3 n\u0103ng k\u1ebft n\u1ed1i t\u00e2m linh v\u00e0 h\u1ed7 tr\u1ee3 thi\u1ec1n \u0111\u1ecbnh.<\/li>\n<li class=\"u-break-words ps-[2px]\"><strong>Trong Ph\u00f2ng Ng\u1ee7:<\/strong>\u00a0\u0110\u1eb7t \u1edf \u0111\u1ea7u gi\u01b0\u1eddng gi\u00fap mang l\u1ea1i gi\u1ea5c ng\u1ee7 s\u00e2u, ch\u1eefa l\u00e0nh ti\u1ec1m th\u1ee9c v\u00e0 t\u0103ng c\u01b0\u1eddng s\u1ef1 k\u1ebft n\u1ed1i l\u00e3ng m\u1ea1n gi\u1eefa c\u00e1c c\u1eb7p \u0111\u00f4i.<\/li>\n<li class=\"u-break-words ps-[2px]\"><strong>B\u00e0n L\u00e0m Vi\u1ec7c:<\/strong>\u00a0Gi\u00fap t\u1ea1o ra m\u1ed9t m\u00f4i tr\u01b0\u1eddng l\u00e0m vi\u1ec7c h\u00f2a \u00e1i, gi\u1ea3m b\u1edbt xung \u0111\u1ed9t, t\u0103ng c\u01b0\u1eddng s\u1ef1 s\u00e1ng t\u1ea1o v\u00e0 t\u1eadp trung.<\/li>\n<li class=\"u-break-words ps-[2px]\"><strong>Trung T\u00e2m Ng\u00f4i Nh\u00e0:<\/strong>\u00a0\u0110\u1eb7t m\u1ed9t\u00a0<strong>kim t\u1ef1 th\u00e1p \u0111\u00e1 th\u1ea1ch anh h\u1ed3ng<\/strong>\u00a0\u1edf trung t\u00e2m ph\u00f2ng kh\u00e1ch gi\u00fap lan t\u1ecfa n\u0103ng l\u01b0\u1ee3ng y\u00eau th\u01b0\u01a1ng v\u00e0 h\u00f2a h\u1ee3p \u0111\u1ebfn m\u1ecdi th\u00e0nh vi\u00ean trong gia \u0111\u00ecnh.<\/li>\n<\/ul>\n<div class=\"my-[1px]\">\n<div class=\"py-[3px] whitespace-pre-wrap u-break-words\"><strong>Kim t\u1ef1 th\u00e1p \u0111\u00e1 th\u1ea1ch anh h\u1ed3ng<\/strong> kh\u00f4ng ch\u1ec9 l\u00e0 m\u1ed9t v\u1eadt ph\u1ea9m phong th\u1ee7y, n\u00f3 l\u00e0 m\u1ed9t c\u00f4ng c\u1ee5 m\u1ea1nh m\u1ebd cho s\u1ef1 ph\u00e1t tri\u1ec3n c\u00e1 nh\u00e2n v\u00e0 ch\u1eefa l\u00e0nh t\u00e2m h\u1ed3n. B\u1eb1ng c\u00e1ch k\u1ebft h\u1ee3p h\u00ecnh kh\u1ed1i thi\u00eang li\u00eang v\u1edbi n\u0103ng l\u01b0\u1ee3ng c\u1ee7a t\u00ecnh y\u00eau v\u00f4 \u0111i\u1ec1u ki\u1ec7n, n\u00f3 m\u1edf ra m\u1ed9t c\u00e1nh c\u1eeda \u0111\u1ec3 ch\u00fang ta k\u1ebft n\u1ed1i s\u00e2u s\u1eafc h\u01a1n v\u1edbi tr\u00e1i tim m\u00ecnh v\u00e0 v\u1edbi v\u0169 tr\u1ee5.<\/div>\n<\/div>\n<div class=\"my-[1px]\">\n<div class=\"py-[3px] whitespace-pre-wrap u-break-words\">H\u00e3y s\u1edf h\u1eefu m\u1ed9t <strong>kim t\u1ef1 th\u00e1p \u0111\u00e1 th\u1ea1ch anh h\u1ed3ng<\/strong> \u0111\u1ec3 b\u1eaft \u0111\u1ea7u h\u00e0nh tr\u00ecnh kh\u00e1m ph\u00e1 v\u00e0 ch\u1eefa l\u00e0nh b\u1eb1ng n\u0103ng l\u01b0\u1ee3ng c\u1ee7a t\u00ecnh y\u00eau, v\u00e0 bi\u1ebfn kh\u00f4ng gian s\u1ed1ng c\u1ee7a b\u1ea1n th\u00e0nh m\u1ed9t n\u01a1i t\u00f4n nghi\u00eam c\u1ee7a s\u1ef1 b\u00ecnh an v\u00e0 h\u00f2a h\u1ee3p.<br \/><a href=\"https:\/\/daphongthuysoluna.vn\/en\/cua-hang\/\">Tham kh\u1ea3o t\u1ea1i \u0110\u00e1 Phong Th\u1ee7y SOLUNA<\/a><\/div>\n<\/div>\n<p>\u00a0<\/p>","protected":false},"excerpt":{"rendered":"<ul>\n<li class=\"u-break-words ps-[2px]\">\n<div class=\"my-[1px]\">\n<div class=\"py-[3px] whitespace-pre-wrap u-break-words\">Kim t\u1ef1 th\u00e1p Th\u1ea1ch Anh H\u1ed3ng<br \/>\n&#8211; Ch\u1ea5t li\u1ec7u: \u0110\u00e1 Th\u1ea1ch anh h\u1ed3ng<br \/>\n&#8211; M\u00e0u s\u1eafc: H\u1ed3ng t\u1ef1 nhi\u00ean<br \/>\n&#8211; K\u00edch th\u01b0\u1edbc:<br \/>\n&#8211; Ti\u00eau chu\u1ea9n ch\u1ea5t l\u01b0\u1ee3ng: H\u00e0ng cao c\u1ea5p \u0111\u01b0\u1ee3c gi\u1ea5y ki\u1ec3m \u0111\u1ecbnh minh b\u1ea1ch<br \/>\n&#8211; H\u1ee3p m\u1ec7nh: M\u1ec7nh H\u1ecfa &#8211; Th\u1ed5<br \/>\n&#8211; S\u1eed d\u1ee5ng: Trang tr\u00ed &#8211; tr\u01b0ng b\u00e0y, qu\u00e0 t\u1eb7ng, phong th\u1ee7y,..<br \/>\n&#8211; B\u1ea3o h\u00e0nh: V\u0129nh vi\u1ec5n v\u1ec1 m\u00e0u s\u1eafc<br \/>\n&#8211; \u00dd ngh\u0129a: Chi\u00eau t\u00e0i &#8211; hanh th\u00f4ng &#8211; thu h\u00fat t\u00e0i kh\u00ed &#8211; xua \u0111u\u1ed5i t\u00e0 kh\u00ed<\/div>\n<\/div>\n<\/li>\n<\/ul>","protected":false},"featured_media":1488,"comment_status":"open","ping_status":"closed","template":"","meta":{"_acf_changed":false},"product_brand":[],"product_cat":[77,101],"product_tag":[],"class_list":{"0":"post-1081","1":"product","2":"type-product","3":"status-publish","4":"has-post-thumbnail","6":"product_cat-kim-tu-thap-thach-anh","7":"product_cat-menh-hoa","9":"first","10":"instock","11":"shipping-taxable","12":"product-type-simple"},"acf":[],"_links":{"self":[{"href":"https:\/\/daphongthuysoluna.vn\/en\/wp-json\/wp\/v2\/product\/1081","targetHints":{"allow":["GET"]}}],"collection":[{"href":"https:\/\/daphongthuysoluna.vn\/en\/wp-json\/wp\/v2\/product"}],"about":[{"href":"https:\/\/daphongthuysoluna.vn\/en\/wp-json\/wp\/v2\/types\/product"}],"replies":[{"embeddable":true,"href":"https:\/\/daphongthuysoluna.vn\/en\/wp-json\/wp\/v2\/comments?post=1081"}],"wp:featuredmedia":[{"embeddable":true,"href":"https:\/\/daphongthuysoluna.vn\/en\/wp-json\/wp\/v2\/media\/1488"}],"wp:attachment":[{"href":"https:\/\/daphongthuysoluna.vn\/en\/wp-json\/wp\/v2\/media?parent=1081"}],"wp:term":[{"taxonomy":"product_brand","embeddable":true,"href":"https:\/\/daphongthuysoluna.vn\/en\/wp-json\/wp\/v2\/product_brand?post=1081"},{"taxonomy":"product_cat","embeddable":true,"href":"https:\/\/daphongthuysoluna.vn\/en\/wp-json\/wp\/v2\/product_cat?post=1081"},{"taxonomy":"product_tag","embeddable":true,"href":"https:\/\/daphongthuysoluna.vn\/en\/wp-json\/wp\/v2\/product_tag?post=1081"}],"curies":[{"name":"wp","href":"https:\/\/api.w.org\/{rel}","templated":true}]}}