{"id":1086,"date":"2025-12-04T15:35:23","date_gmt":"2025-12-04T08:35:23","guid":{"rendered":"https:\/\/daphongthuysoluna.vn\/?post_type=product&#038;p=1086"},"modified":"2025-12-20T12:54:10","modified_gmt":"2025-12-20T05:54:10","slug":"cay-tai-loc","status":"publish","type":"product","link":"https:\/\/daphongthuysoluna.vn\/en\/product\/cay-tai-loc\/","title":{"rendered":"C\u00e2y T\u00e0i L\u1ed9c"},"content":{"rendered":"<div class=\"mt-[1em] mb-[1px]\" data-level=\"3\">\n<h3 class=\"font-[600] py-[3px] text-[1.25em]\"><strong>C\u00e2y T\u00e0i L\u1ed9c : B\u00ed Quy\u1ebft Chi\u00eau T\u00e0i H\u00fat L\u1ed9c, Mang L\u1ea1i Th\u1ecbnh V\u01b0\u1ee3ng B\u1ec1n V\u1eefng<\/strong><\/h3>\n<\/div>\n<div class=\"my-[1px]\">\n<div class=\"py-[3px] whitespace-pre-wrap u-break-words\">Trong th\u1ebf gi\u1edbi v\u1eadt ph\u1ea9m phong th\u1ee7y, C\u00e2y T\u00e0i L\u1ed9c lu\u00f4n chi\u1ebfm m\u1ed9t v\u1ecb tr\u00ed \u0111\u1eb7c bi\u1ec7t quan tr\u1ecdng. V\u1edbi h\u00ecnh d\u00e1ng sung t\u00fac, c\u00e0nh l\u00e1 sum su\u00ea \u0111\u01b0\u1ee3c k\u1ebft t\u1eeb h\u00e0ng tr\u0103m vi\u00ean \u0111\u00e1 qu\u00fd t\u1ef1 nhi\u00ean, c\u00e2y t\u00e0i l\u1ed9c kh\u00f4ng ch\u1ec9 l\u00e0 m\u1ed9t v\u1eadt ph\u1ea9m trang tr\u00ed sang tr\u1ecdng m\u00e0 c\u00f2n l\u00e0 bi\u1ec3u t\u01b0\u1ee3ng m\u1ea1nh m\u1ebd c\u1ee7a s\u1ef1 gi\u00e0u c\u00f3, th\u1ecbnh v\u01b0\u1ee3ng v\u00e0 s\u1ee9c s\u1ed1ng m\u00e3nh li\u1ec7t.<\/div>\n<\/div>\n<div class=\"my-[1px]\">\n<div class=\"py-[3px] whitespace-pre-wrap u-break-words\">\u0110\u1eb7t m\u1ed9t c\u00e2y t\u00e0i l\u1ed9c trong nh\u00e0 hay n\u01a1i l\u00e0m vi\u1ec7c \u0111\u01b0\u1ee3c tin l\u00e0 s\u1ebd mang l\u1ea1i ngu\u1ed3n n\u0103ng l\u01b0\u1ee3ng t\u00edch c\u1ef1c, gi\u00fap chi\u00eau t\u00e0i, h\u00fat l\u1ed9c v\u00e0 t\u1ea1o ra s\u1ef1 ph\u00e1t tri\u1ec3n b\u1ec1n v\u1eefng. B\u00e0i vi\u1ebft n\u00e0y s\u1ebd l\u00e0 c\u1ea9m nang to\u00e0n di\u1ec7n, gi\u00fap b\u1ea1n hi\u1ec3u r\u00f5 gi\u00e1 tr\u1ecb c\u1ee7a c\u00e2y t\u00e0i l\u1ed9c phong th\u1ee7y v\u00e0 c\u00e1ch l\u1ef1a ch\u1ecdn, b\u00e0i tr\u00ed \u0111\u1ec3 v\u1eadt ph\u1ea9m n\u00e0y ph\u00e1t huy t\u1ed1i \u0111a c\u00f4ng n\u0103ng.<\/div>\n<\/div>\n<div class=\"mt-[1em] mb-[1px]\" data-level=\"3\">\n<h3 class=\"font-[600] py-[3px] text-[1.25em]\"><strong>1. C\u00e2y T\u00e0i L\u1ed9c L\u00e0 G\u00ec?<\/strong><\/h3>\n<\/div>\n<div class=\"my-[1px]\">\n<div class=\"py-[3px] whitespace-pre-wrap u-break-words\">C\u00e2y t\u00e0i l\u1ed9c, hay c\u00f2n g\u1ecdi l\u00e0 c\u00e2y \u0111\u00e1 qu\u00fd, c\u00e2y phong th\u1ee7y, l\u00e0 v\u1eadt ph\u1ea9m \u0111\u01b0\u1ee3c ch\u1ebf t\u00e1c th\u1ee7 c\u00f4ng tinh x\u1ea3o. Th\u00e2n c\u00e2y v\u00e0 c\u00e0nh c\u00e2y th\u01b0\u1eddng \u0111\u01b0\u1ee3c l\u00e0m t\u1eeb kim lo\u1ea1i u\u1ed1n d\u1ebbo, trong khi &#8220;l\u00e1 c\u00e2y&#8221; \u0111\u01b0\u1ee3c k\u1ebft t\u1eeb nh\u1eefng vi\u00ean \u0111\u00e1 qu\u00fd t\u1ef1 nhi\u00ean nh\u01b0 th\u1ea1ch anh, m\u00e3 n\u00e3o, ng\u1ecdc b\u00edch&#8230; v\u1edbi nhi\u1ec1u m\u00e0u s\u1eafc kh\u00e1c nhau.<\/div>\n<\/div>\n<div class=\"my-[1px]\">\n<div class=\"py-[3px] whitespace-pre-wrap u-break-words\">To\u00e0n b\u1ed9 c\u00e2y \u0111\u01b0\u1ee3c \u0111\u1eb7t v\u1eefng ch\u00e3i tr\u00ean m\u1ed9t \u0111\u1ebf \u0111\u00e1 ho\u1eb7c ch\u1eadu, t\u01b0\u1ee3ng tr\u01b0ng cho g\u1ed1c r\u1ec5 b\u1ec1n v\u1eefng. H\u00ecnh \u1ea3nh c\u00e0nh l\u00e1 sum su\u00ea, tr\u0129u n\u1eb7ng \u0111\u00e1 qu\u00fd mang \u00fd ngh\u0129a v\u1ec1 s\u1ef1 sung t\u00fac, t\u00e0i l\u1ed9c d\u1ed3i d\u00e0o, &#8220;ti\u1ec1n v\u00e0o nh\u01b0 n\u01b0\u1edbc&#8221;.<\/div>\n<\/div>\n<div class=\"mt-[1em] mb-[1px]\" data-level=\"3\">\n<h3 class=\"font-[600] py-[3px] text-[1.25em]\"><strong>2. \u00dd Ngh\u0129a v\u00e0 C\u00f4ng D\u1ee5ng V\u01b0\u1ee3t Tr\u1ed9i C\u1ee7a C\u00e2y T\u00e0i L\u1ed9c<\/strong><\/h3>\n<\/div>\n<div class=\"my-[1px]\">\n<div class=\"py-[3px] whitespace-pre-wrap u-break-words\">S\u1edf h\u1eefu m\u1ed9t c\u00e2y t\u00e0i l\u1ed9c kh\u00f4ng ch\u1ec9 l\u00e0m \u0111\u1eb9p kh\u00f4ng gian m\u00e0 c\u00f2n mang l\u1ea1i nhi\u1ec1u l\u1ee3i \u00edch phong th\u1ee7y to l\u1edbn.<\/div>\n<\/div>\n<ul>\n<li class=\"u-break-words ps-[2px]\"><strong>Chi\u00eau T\u00e0i, H\u00fat L\u1ed9c (C\u00f4ng D\u1ee5ng Ch\u00ednh):<\/strong>\u00a0\u0110\u00e2y l\u00e0 \u00fd ngh\u0129a quan tr\u1ecdng nh\u1ea5t.\u00a0C\u00e2y t\u00e0i l\u1ed9c\u00a0\u0111\u01b0\u1ee3c cho l\u00e0 c\u00f3 kh\u1ea3 n\u0103ng t\u1ea1o ra v\u00e0 thu h\u00fat n\u0103ng l\u01b0\u1ee3ng c\u1ee7a s\u1ef1 gi\u00e0u c\u00f3, gi\u00fap vi\u1ec7c kinh doanh, bu\u00f4n b\u00e1n thu\u1eadn l\u1ee3i, hanh th\u00f4ng v\u00e0 mang l\u1ea1i nhi\u1ec1u c\u01a1 h\u1ed9i t\u00e0i ch\u00ednh.<\/li>\n<li class=\"u-break-words ps-[2px]\"><strong>Mang L\u1ea1i V\u01b0\u1ee3ng Kh\u00ed v\u00e0 N\u0103ng L\u01b0\u1ee3ng T\u00edch C\u1ef1c:<\/strong>\u00a0Nh\u1eefng vi\u00ean \u0111\u00e1 qu\u00fd t\u1ef1 nhi\u00ean tr\u00ean c\u00e2y mang n\u0103ng l\u01b0\u1ee3ng d\u01b0\u01a1ng m\u1ea1nh m\u1ebd, gi\u00fap thanh l\u1ecdc kh\u00f4ng gian, xua \u0111u\u1ed5i t\u00e0 kh\u00ed v\u00e0 nh\u1eefng \u0111i\u1ec1u kh\u00f4ng may, t\u1ea1o ra m\u1ed9t m\u00f4i tr\u01b0\u1eddng s\u1ed1ng v\u00e0 l\u00e0m vi\u1ec7c tr\u00e0n \u0111\u1ea7y sinh kh\u00ed.<\/li>\n<li class=\"u-break-words ps-[2px]\"><strong>Bi\u1ec3u T\u01b0\u1ee3ng C\u1ee7a S\u1ee9c S\u1ed1ng v\u00e0 S\u1ef1 Ph\u00e1t Tri\u1ec3n:<\/strong>\u00a0H\u00ecnh \u1ea3nh c\u00e2y v\u01b0\u01a1n l\u00ean m\u1ea1nh m\u1ebd t\u01b0\u1ee3ng tr\u01b0ng cho s\u1ef1 ph\u00e1t tri\u1ec3n kh\u00f4ng ng\u1eebng, \u00fd ch\u00ed ki\u00ean \u0111\u1ecbnh v\u00e0 kh\u1ea3 n\u0103ng v\u01b0\u1ee3t qua kh\u00f3 kh\u0103n \u0111\u1ec3 \u0111\u1ea1t \u0111\u01b0\u1ee3c th\u00e0nh c\u00f4ng.<\/li>\n<li class=\"u-break-words ps-[2px]\"><strong>C\u1ea3i Thi\u1ec7n Tr\u00ed Tu\u1ec7 v\u00e0 S\u1ef1 T\u1eadp Trung:<\/strong>\u00a0N\u0103ng l\u01b0\u1ee3ng t\u1eeb \u0111\u00e1 t\u1ef1 nhi\u00ean, \u0111\u1eb7c bi\u1ec7t l\u00e0 th\u1ea1ch anh, gi\u00fap \u0111\u1ea7u \u00f3c minh m\u1eabn, gi\u1ea3m stress, t\u0103ng c\u01b0\u1eddng s\u1ef1 t\u1eadp trung v\u00e0 s\u00e1ng t\u1ea1o, r\u1ea5t t\u1ed1t cho nh\u1eefng ng\u01b0\u1eddi l\u00e0m c\u00f4ng vi\u1ec7c tr\u00ed \u00f3c.<\/li>\n<\/ul>\n<div class=\"mt-[1em] mb-[1px]\" data-level=\"3\">\n<h3 class=\"font-[600] py-[3px] text-[1.25em]\"><strong>3. C\u00e1ch Ch\u1ecdn C\u00e2y T\u00e0i L\u1ed9c H\u1ee3p M\u1ec7nh \u0110\u1ec3 T\u1ed1i \u01afu H\u00f3a N\u0103ng L\u01b0\u1ee3ng<\/strong><\/h3>\n<\/div>\n<div class=\"my-[1px]\">\n<div class=\"py-[3px] whitespace-pre-wrap u-break-words\">Vi\u1ec7c ch\u1ecdn c\u00e2y t\u00e0i l\u1ed9c c\u00f3 m\u00e0u s\u1eafc v\u00e0 ch\u1ea5t li\u1ec7u \u0111\u00e1 h\u1ee3p m\u1ec7nh l\u00e0 y\u1ebfu t\u1ed1 then ch\u1ed1t \u0111\u1ec3 v\u1eadt ph\u1ea9m ph\u00e1t huy t\u1ed1i \u0111a c\u00f4ng n\u0103ng.<\/div>\n<\/div>\n<ul>\n<li class=\"u-break-words ps-[2px]\"><strong>M\u1ec7nh Kim:<\/strong>\u00a0N\u00ean ch\u1ecdn\u00a0c\u00e2y t\u00e0i l\u1ed9c\u00a0l\u00e0m t\u1eeb \u0111\u00e1\u00a0<strong>Th\u1ea1ch Anh Tr\u1eafng<\/strong>,\u00a0<strong>Th\u1ea1ch Anh V\u00e0ng<\/strong>\u00a0ho\u1eb7c\u00a0<strong>M\u00e3 N\u00e3o V\u00e0ng<\/strong>\u00a0(Th\u1ed5 sinh Kim).<\/li>\n<li class=\"u-break-words ps-[2px]\"><strong>M\u1ec7nh M\u1ed9c:<\/strong>\u00a0N\u00ean ch\u1ecdn\u00a0c\u00e2y t\u00e0i l\u1ed9c\u00a0l\u00e0m t\u1eeb \u0111\u00e1\u00a0<strong>Th\u1ea1ch Anh Xanh (Aventurine)<\/strong>,\u00a0<strong>Ng\u1ecdc B\u00edch<\/strong>\u00a0ho\u1eb7c\u00a0<strong>Th\u1ea1ch Anh \u0110en<\/strong>,\u00a0<strong>\u0110\u00e1 Aquamarine<\/strong>\u00a0(Th\u1ee7y sinh M\u1ed9c).<\/li>\n<li class=\"u-break-words ps-[2px]\"><strong>M\u1ec7nh Th\u1ee7y:<\/strong>\u00a0N\u00ean ch\u1ecdn\u00a0c\u00e2y t\u00e0i l\u1ed9c\u00a0l\u00e0m t\u1eeb \u0111\u00e1\u00a0<strong>Th\u1ea1ch Anh \u0110en<\/strong>,\u00a0<strong>\u0110\u00e1 Aquamarine<\/strong>\u00a0ho\u1eb7c\u00a0<strong>Th\u1ea1ch Anh Tr\u1eafng<\/strong>\u00a0(Kim sinh Th\u1ee7y).<\/li>\n<li class=\"u-break-words ps-[2px]\"><strong>M\u1ec7nh H\u1ecfa:<\/strong>\u00a0N\u00ean ch\u1ecdn\u00a0c\u00e2y t\u00e0i l\u1ed9c\u00a0l\u00e0m t\u1eeb \u0111\u00e1\u00a0<strong>Th\u1ea1ch Anh H\u1ed3ng<\/strong>,\u00a0<strong>Th\u1ea1ch Anh T\u00edm<\/strong>,\u00a0<strong>M\u00e3 N\u00e3o \u0110\u1ecf<\/strong>\u00a0ho\u1eb7c\u00a0<strong>Th\u1ea1ch Anh Xanh<\/strong>\u00a0(M\u1ed9c sinh H\u1ecfa).<\/li>\n<li class=\"u-break-words ps-[2px]\"><strong>M\u1ec7nh Th\u1ed5:<\/strong>\u00a0N\u00ean ch\u1ecdn\u00a0c\u00e2y t\u00e0i l\u1ed9c\u00a0l\u00e0m t\u1eeb \u0111\u00e1\u00a0<strong>Th\u1ea1ch Anh V\u00e0ng<\/strong>,\u00a0<strong>M\u00e3 N\u00e3o V\u00e0ng<\/strong>\u00a0ho\u1eb7c\u00a0<strong>Th\u1ea1ch Anh H\u1ed3ng<\/strong>,\u00a0<strong>Th\u1ea1ch Anh T\u00edm<\/strong>\u00a0(H\u1ecfa sinh Th\u1ed5).<\/li>\n<\/ul>\n<div class=\"mt-[1em] mb-[1px]\" data-level=\"3\">\n<h3 class=\"font-[600] py-[3px] text-[1.25em]\"><strong>4. V\u1ecb Tr\u00ed V\u00e0ng \u0110\u1ec3 \u0110\u1eb7t C\u00e2y T\u00e0i L\u1ed9c K\u00edch Ho\u1ea1t V\u1eadn May<\/strong><\/h3>\n<\/div>\n<div class=\"my-[1px]\">\n<div class=\"py-[3px] whitespace-pre-wrap u-break-words\">\u0110\u1ec3 c\u00e2y t\u00e0i l\u1ed9c ph\u00e1t huy hi\u1ec7u qu\u1ea3 nh\u1ea5t, b\u1ea1n n\u00ean \u0111\u1eb7t \u1edf nh\u1eefng v\u1ecb tr\u00ed sau:<\/div>\n<\/div>\n<ul>\n<li class=\"u-break-words ps-[2px]\"><strong>Qu\u1ea7y Thu Ng\u00e2n, B\u00e0n Th\u1edd Th\u1ea7n T\u00e0i:<\/strong>\u00a0\u0110\u00e2y l\u00e0 v\u1ecb tr\u00ed t\u1ed1t nh\u1ea5t \u0111\u1ec3 chi\u00eau t\u00e0i, gi\u00fap vi\u1ec7c kinh doanh bu\u00f4n may b\u00e1n \u0111\u1eaft.<\/li>\n<li class=\"u-break-words ps-[2px]\"><strong>L\u1ed1i V\u00e0o Nh\u00e0, Tr\u00ean B\u00e0n Ti\u1ebfp Kh\u00e1ch:<\/strong>\u00a0\u0110\u1eb7t c\u00e2y \u1edf v\u1ecb tr\u00ed n\u00e0y gi\u00fap thu h\u00fat n\u0103ng l\u01b0\u1ee3ng t\u00e0i l\u1ed9c t\u1eeb b\u00ean ngo\u00e0i v\u00e0o nh\u00e0.<\/li>\n<li class=\"u-break-words ps-[2px]\"><strong>G\u00f3c T\u00e0i L\u1ed9c c\u1ee7a Ng\u00f4i Nh\u00e0 (G\u00f3c \u0110\u00f4ng Nam):<\/strong>\u00a0\u0110\u1eb7t m\u1ed9t\u00a0c\u00e2y t\u00e0i l\u1ed9c\u00a0\u1edf cung t\u00e0i l\u1ed9c s\u1ebd gi\u00fap k\u00edch ho\u1ea1t v\u01b0\u1ee3ng kh\u00ed cho c\u1ea3 gia \u0111\u00ecnh.<\/li>\n<li class=\"u-break-words ps-[2px]\"><strong>Tr\u00ean B\u00e0n L\u00e0m Vi\u1ec7c:<\/strong>\u00a0Gi\u00fap ch\u1ee7 nh\u00e2n c\u00f3 tinh th\u1ea7n minh m\u1eabn, \u0111\u01b0a ra c\u00e1c quy\u1ebft \u0111\u1ecbnh s\u00e1ng su\u1ed1t v\u00e0 g\u1eb7p nhi\u1ec1u may m\u1eafn trong c\u00f4ng vi\u1ec7c.<\/li>\n<\/ul>\n<div class=\"my-[1px]\">\n<div class=\"py-[3px] whitespace-pre-wrap u-break-words\"><em><em>L\u01b0u \u00fd: Tr\u00e1nh \u0111\u1eb7t c\u00e2y t\u00e0i l\u1ed9c \u1edf g\u00f3c t\u1ed1i, \u1ea9m th\u1ea5p, trong nh\u00e0 v\u1ec7 sinh ho\u1eb7c \u0111\u1ed1i di\u1ec7n c\u1eeda ch\u00ednh (khi\u1ebfn t\u00e0i l\u1ed9c \u0111i ra ngo\u00e0i).<br \/>\n<\/em><\/em><\/p>\n<figure id=\"attachment_1570\" aria-describedby=\"caption-attachment-1570\" style=\"width: 300px\" class=\"wp-caption aligncenter\"><img loading=\"lazy\" decoding=\"async\" class=\"wp-image-1570 size-medium\" src=\"https:\/\/daphongthuysoluna.vn\/wp-content\/uploads\/2025\/12\/cay-tai-loc-1-300x300.jpg\" alt=\"c\u00e2y t\u00e0i l\u1ed9c\" width=\"300\" height=\"300\" srcset=\"https:\/\/daphongthuysoluna.vn\/wp-content\/uploads\/2025\/12\/cay-tai-loc-1-300x300.jpg 300w, https:\/\/daphongthuysoluna.vn\/wp-content\/uploads\/2025\/12\/cay-tai-loc-1-247x247.jpg 247w, https:\/\/daphongthuysoluna.vn\/wp-content\/uploads\/2025\/12\/cay-tai-loc-1-100x100.jpg 100w, https:\/\/daphongthuysoluna.vn\/wp-content\/uploads\/2025\/12\/cay-tai-loc-1-510x510.jpg 510w, https:\/\/daphongthuysoluna.vn\/wp-content\/uploads\/2025\/12\/cay-tai-loc-1-150x150.jpg 150w, https:\/\/daphongthuysoluna.vn\/wp-content\/uploads\/2025\/12\/cay-tai-loc-1.jpg 600w\" sizes=\"auto, (max-width: 300px) 100vw, 300px\" \/><figcaption id=\"caption-attachment-1570\" class=\"wp-caption-text\">cay-tai-loc<\/figcaption><\/figure>\n<\/div>\n<\/div>\n<div class=\"my-[1px]\">\n<div class=\"py-[3px] whitespace-pre-wrap u-break-words\" style=\"text-align: center;\">C\u00e2y t\u00e0i l\u1ed9c &#8211; \u0110\u00e1 Phong Thu\u1ef7 Soluna<\/div>\n<div><\/div>\n<\/div>\n<div class=\"my-[1px]\">\n<div class=\"py-[3px] whitespace-pre-wrap u-break-words\">C\u00e2y t\u00e0i l\u1ed9c phong th\u1ee7y l\u00e0 m\u1ed9t v\u1eadt ph\u1ea9m h\u1ed9i t\u1ee5 c\u1ea3 gi\u00e1 tr\u1ecb th\u1ea9m m\u1ef9 v\u00e0 n\u0103ng l\u01b0\u1ee3ng m\u1ea1nh m\u1ebd. N\u00f3 kh\u00f4ng ch\u1ec9 l\u00e0 bi\u1ec3u t\u01b0\u1ee3ng c\u1ee7a s\u1ef1 gi\u00e0u sang, sung t\u00fac m\u00e0 c\u00f2n l\u00e0 ngu\u1ed3n n\u0103ng l\u01b0\u1ee3ng t\u00edch c\u1ef1c, mang l\u1ea1i may m\u1eafn, s\u1ee9c kh\u1ecfe v\u00e0 s\u1ef1 b\u00ecnh an.<\/div>\n<\/div>\n<div class=\"my-[1px]\">\n<div class=\"py-[3px] whitespace-pre-wrap u-break-words\">\u0110\u1ea7u t\u01b0 v\u00e0o m\u1ed9t c\u00e2y t\u00e0i l\u1ed9c h\u1ee3p m\u1ec7nh v\u00e0 \u0111\u1eb7t \u1edf v\u1ecb tr\u00ed ph\u00f9 h\u1ee3p l\u00e0 m\u1ed9t quy\u1ebft \u0111\u1ecbnh th\u00f4ng th\u00e1i \u0111\u1ec3 c\u1ea3i thi\u1ec7n v\u1eadn tr\u00ecnh, thu h\u00fat th\u1ecbnh v\u01b0\u1ee3ng v\u00e0 t\u1ea1o d\u1ef1ng m\u1ed9t cu\u1ed9c s\u1ed1ng \u0111\u1ee7 \u0111\u1ea7y, vi\u00ean m\u00e3n.<\/div>\n<div><\/div>\n<div class=\"py-[3px] whitespace-pre-wrap u-break-words\"><a href=\"https:\/\/daphongthuysoluna.vn\/en\/cua-hang\/\">Tham kh\u1ea3o t\u1ea1i \u0110\u00e1 Phong Th\u1ee7y SOLUNA<\/a><\/div>\n<\/div>","protected":false},"excerpt":{"rendered":"<ul>\n<li class=\"u-break-words ps-[2px]\">\n<div class=\"my-[1px]\">\n<div class=\"py-[3px] whitespace-pre-wrap u-break-words\"><strong>Ch\u1ea5t li\u1ec7u:<\/strong> Th\u00e2n v\u00e0 c\u00e0nh c\u00e2y \u0111\u01b0\u1ee3c l\u00e0m t\u1eeb kim lo\u1ea1i u\u1ed1n d\u1ebbo, t\u1ea1o h\u00ecnh d\u00e1ng sung t\u00fac. T\u00e1n l\u00e1 \u0111\u01b0\u1ee3c k\u1ebft th\u1ee7 c\u00f4ng t\u1eeb h\u00e0ng tr\u0103m vi\u00ean \u0111\u00e1 qu\u00fd t\u1ef1 nhi\u00ean nh\u01b0 <strong>Th\u1ea1ch Anh, M\u00e3 N\u00e3o, Ng\u1ecdc B\u00edch&#8230;<\/strong> mang n\u0103ng l\u01b0\u1ee3ng d\u01b0\u01a1ng m\u1ea1nh m\u1ebd. \u0110\u1ebf c\u00e2y l\u00e0m t\u1eeb kh\u1ed1i \u0111\u00e1 t\u1ef1 nhi\u00ean, t\u1ea1o s\u1ef1 v\u1eefng ch\u00e3i.<\/div>\n<\/div>\n<\/li>\n<li class=\"u-break-words ps-[2px]\">\n<div class=\"my-[1px]\">\n<div class=\"py-[3px] whitespace-pre-wrap u-break-words\"><strong>\u00dd ngh\u0129a:<\/strong> L\u00e0 bi\u1ec3u t\u01b0\u1ee3ng c\u1ee7a <strong>S\u1ef1 Sung T\u00fac v\u00e0 Th\u1ecbnh V\u01b0\u1ee3ng<\/strong>, c\u00e2y t\u00e0i l\u1ed9c \u0111\u01b0\u1ee3c tin l\u00e0 c\u00f3 kh\u1ea3 n\u0103ng chi\u00eau t\u00e0i, h\u00fat l\u1ed9c, mang l\u1ea1i may m\u1eafn trong kinh doanh v\u00e0 s\u1ef1 nghi\u1ec7p. V\u1eadt ph\u1ea9m n\u00e0y c\u00f2n gi\u00fap t\u1ea1o ra n\u0103ng l\u01b0\u1ee3ng t\u00edch c\u1ef1c, xua \u0111u\u1ed5i t\u00e0 kh\u00ed, mang l\u1ea1i v\u01b0\u1ee3ng kh\u00ed v\u00e0 s\u1ef1 ph\u00e1t tri\u1ec3n b\u1ec1n v\u1eefng cho gia ch\u1ee7.<\/div>\n<\/div>\n<\/li>\n<li class=\"u-break-words ps-[2px] hide-loading-dot\">\n<div class=\"my-[1px]\">\n<div class=\"py-[3px] whitespace-pre-wrap u-break-words\"><strong>C\u00e1ch s\u1eed d\u1ee5ng:<\/strong> \u0110\u1ec3 k\u00edch ho\u1ea1t n\u0103ng l\u01b0\u1ee3ng t\u00e0i l\u1ed9c, h\u00e3y \u0111\u1eb7t c\u00e2y t\u1ea1i:<\/div>\n<\/div>\n<ul>\n<li class=\"u-break-words ps-[2px]\"><strong>Qu\u1ea7y thu ng\u00e2n, b\u00e0n th\u1edd Th\u1ea7n T\u00e0i:<\/strong>\u00a0\u0110\u1ec3 thu h\u00fat t\u00e0i v\u1eadn, bu\u00f4n may b\u00e1n \u0111\u1eaft.<\/li>\n<li class=\"u-break-words ps-[2px]\"><strong>B\u00e0n l\u00e0m vi\u1ec7c:<\/strong>\u00a0\u0110\u1ec3 c\u00f4ng vi\u1ec7c hanh th\u00f4ng, tr\u00ed tu\u1ec7 minh m\u1eabn.<\/li>\n<li class=\"u-break-words ps-[2px]\"><strong>Ph\u00f2ng kh\u00e1ch (h\u01b0\u1edbng \u0110\u00f4ng Nam):<\/strong>\u00a0\u0110\u1ec3 k\u00edch ho\u1ea1t cung t\u00e0i l\u1ed9c cho c\u1ea3 gia \u0111\u00ecnh.<\/li>\n<\/ul>\n<\/li>\n<\/ul>","protected":false},"featured_media":1570,"comment_status":"open","ping_status":"closed","template":"","meta":{"_acf_changed":false},"product_brand":[],"product_cat":[32],"product_tag":[],"class_list":{"0":"post-1086","1":"product","2":"type-product","3":"status-publish","4":"has-post-thumbnail","6":"product_cat-cay-tai-loc","8":"first","9":"instock","10":"shipping-taxable","11":"purchasable","12":"product-type-variable"},"acf":[],"_links":{"self":[{"href":"https:\/\/daphongthuysoluna.vn\/en\/wp-json\/wp\/v2\/product\/1086","targetHints":{"allow":["GET"]}}],"collection":[{"href":"https:\/\/daphongthuysoluna.vn\/en\/wp-json\/wp\/v2\/product"}],"about":[{"href":"https:\/\/daphongthuysoluna.vn\/en\/wp-json\/wp\/v2\/types\/product"}],"replies":[{"embeddable":true,"href":"https:\/\/daphongthuysoluna.vn\/en\/wp-json\/wp\/v2\/comments?post=1086"}],"wp:featuredmedia":[{"embeddable":true,"href":"https:\/\/daphongthuysoluna.vn\/en\/wp-json\/wp\/v2\/media\/1570"}],"wp:attachment":[{"href":"https:\/\/daphongthuysoluna.vn\/en\/wp-json\/wp\/v2\/media?parent=1086"}],"wp:term":[{"taxonomy":"product_brand","embeddable":true,"href":"https:\/\/daphongthuysoluna.vn\/en\/wp-json\/wp\/v2\/product_brand?post=1086"},{"taxonomy":"product_cat","embeddable":true,"href":"https:\/\/daphongthuysoluna.vn\/en\/wp-json\/wp\/v2\/product_cat?post=1086"},{"taxonomy":"product_tag","embeddable":true,"href":"https:\/\/daphongthuysoluna.vn\/en\/wp-json\/wp\/v2\/product_tag?post=1086"}],"curies":[{"name":"wp","href":"https:\/\/api.w.org\/{rel}","templated":true}]}}