{"id":302,"date":"2018-08-18T09:23:45","date_gmt":"2018-08-18T02:23:45","guid":{"rendered":"https:\/\/bizhostvn.com\/w\/shopphongthuy\/?post_type=product&#038;p=302"},"modified":"2026-01-09T21:23:53","modified_gmt":"2026-01-09T14:23:53","slug":"vong-da-thach-anh-tim","status":"publish","type":"product","link":"https:\/\/daphongthuysoluna.vn\/en\/product\/vong-da-thach-anh-tim\/","title":{"rendered":"V\u00f2ng \u0110\u00e1 Th\u1ea1ch Anh T\u00edm &#8211; H\u1ee3p M\u1ec7nh H\u1ecfa, Th\u1ed5 &#8211; 6-12li &#8211; T\u1eb7ng T\u00fai \u0110\u00e1 Th\u1ea1ch Anh"},"content":{"rendered":"<h1><span style=\"color: #800080;\"><strong><span style=\"color: #d3af34;\">V\u00f2ng \u0110\u00e1 Th\u1ea1ch Anh T\u00edm &#8211; Thu H\u00fat N\u0103ng L\u01b0\u1ee3ng T\u00edch C\u1ef1c | T\u1eb7ng K\u00e8m T\u00fai \u0110\u00e1 Th\u1ea1ch Anh<\/span>\u00a0<\/strong><\/span><\/h1>\n<figure id=\"attachment_1713\" aria-describedby=\"caption-attachment-1713\" style=\"width: 300px\" class=\"wp-caption aligncenter\"><img loading=\"lazy\" decoding=\"async\" class=\"wp-image-1713 size-medium\" src=\"https:\/\/daphongthuysoluna.vn\/wp-content\/uploads\/2018\/08\/da-thach-anh-tim4-300x300.jpg\" alt=\"v\u00f2ng \u0111\u00e1 th\u1ea1ch anh t\u00edm - thu h\u00fat n\u1eb7ng l\u01b0\u1ee3ng t\u00edch c\u1ef1c\" width=\"300\" height=\"300\" srcset=\"https:\/\/daphongthuysoluna.vn\/wp-content\/uploads\/2018\/08\/da-thach-anh-tim4-300x300.jpg 300w, https:\/\/daphongthuysoluna.vn\/wp-content\/uploads\/2018\/08\/da-thach-anh-tim4-150x150.jpg 150w, https:\/\/daphongthuysoluna.vn\/wp-content\/uploads\/2018\/08\/da-thach-anh-tim4-12x12.jpg 12w, https:\/\/daphongthuysoluna.vn\/wp-content\/uploads\/2018\/08\/da-thach-anh-tim4-247x247.jpg 247w, https:\/\/daphongthuysoluna.vn\/wp-content\/uploads\/2018\/08\/da-thach-anh-tim4-510x510.jpg 510w, https:\/\/daphongthuysoluna.vn\/wp-content\/uploads\/2018\/08\/da-thach-anh-tim4-100x100.jpg 100w, https:\/\/daphongthuysoluna.vn\/wp-content\/uploads\/2018\/08\/da-thach-anh-tim4-50x50.jpg 50w, https:\/\/daphongthuysoluna.vn\/wp-content\/uploads\/2018\/08\/da-thach-anh-tim4.jpg 600w\" sizes=\"auto, (max-width: 300px) 100vw, 300px\" \/><figcaption id=\"caption-attachment-1713\" class=\"wp-caption-text\">v\u00f2ng \u0111\u00e1 th\u1ea1ch anh t\u00edm &#8211; thu h\u00fat n\u1eb7ng l\u01b0\u1ee3ng<\/figcaption><\/figure>\n<h2><span style=\"color: #d3af34;\"><strong><a style=\"color: #d3af34;\" href=\"https:\/\/vi.wikipedia.org\/wiki\/Th%E1%BA%A1ch_anh\" target=\"_blank\" rel=\"noopener\">Th\u1ea1ch anh<\/a> t\u00edm (Amethyst)<\/strong><\/span><\/h2>\n<p>C\u00e1i t\u00ean &#8220;Amethyst&#8221; b\u1eaft ngu\u1ed3n t\u1eeb ti\u1ebfng Hy L\u1ea1p <i data-path-to-node=\"8\" data-index-in-node=\"45\">amethystos<\/i>, c\u00f3 ngh\u0129a l\u00e0 <b data-path-to-node=\"8\" data-index-in-node=\"69\">&#8220;kh\u00f4ng say&#8221;<\/b>. Ng\u01b0\u1eddi x\u01b0a tin r\u1eb1ng lo\u1ea1i \u0111\u00e1 n\u00e0y c\u00f3 kh\u1ea3 n\u0103ng gi\u00fap ng\u01b0\u1eddi \u0111eo gi\u1eef \u0111\u01b0\u1ee3c s\u1ef1 t\u1ec9nh t\u00e1o.<\/p>\n<p><a href=\"https:\/\/vi.wikipedia.org\/wiki\/Th%E1%BA%A1ch_anh\" target=\"_blank\" rel=\"noopener\">Th\u1ea1ch anh<\/a> t\u00edm (Amethyst) kh\u00f4ng ch\u1ec9 l\u00e0 m\u00f3n trang s\u1ee9c sang tr\u1ecdng m\u00e0 c\u00f2n l\u00e0 &#8220;vi\u00ean \u0111\u00e1 c\u1ee7a t\u00e2m linh&#8221;. T\u1ea1i <a href=\"https:\/\/daphongthuysoluna.vn\/en\/vong-tay-thach-anh-tim-soluna\/\"><b>SOLUNA<\/b><\/a>, m\u1ed7i chi\u1ebfc v\u00f2ng th\u1ea1ch anh t\u00edm \u0111\u01b0\u1ee3c tuy\u1ec3n ch\u1ecdn t\u1eeb nh\u1eefng kh\u1ed1i \u0111\u00e1 t\u1ef1 nhi\u00ean \u0111\u1ea1t \u0111\u1ed9 trong cao, mang s\u1eafc t\u00edm ho\u00e0ng gia \u0111\u1eb7c tr\u01b0ng, gi\u00fap ch\u1ee7 nh\u00e2n gi\u1ea3m c\u0103ng th\u1eb3ng v\u00e0 thu h\u00fat n\u0103ng l\u01b0\u1ee3ng t\u00edch c\u1ef1c.<\/p>\n<p>&nbsp;<\/p>\n<p>M\u00e0u t\u00edm th\u1ee7y chung c\u1ee7a th\u1ea1ch anh t\u00edm l\u00e0 m\u00f3n qu\u00e0 tuy\u1ec7t v\u1eddi cho ng\u01b0\u1eddi ph\u1ee5 n\u1eef, ch\u00fang c\u0169ng \u0111\u01b0\u1ee3c cho l\u00e0 l\u00e0m cho ph\u1ee5 n\u1eef h\u01b0\u1edbng thi\u1ec7n v\u00e0 s\u1ed1ng th\u1ee7y chung.<\/p>\n<p>&nbsp;<\/p>\n<figure id=\"attachment_1712\" aria-describedby=\"caption-attachment-1712\" style=\"width: 300px\" class=\"wp-caption aligncenter\"><img loading=\"lazy\" decoding=\"async\" class=\"wp-image-1712 size-medium\" src=\"https:\/\/daphongthuysoluna.vn\/wp-content\/uploads\/2018\/08\/da-thach-anh-tim3-300x300.jpg\" alt=\"v\u00f2ng \u0111\u00e1 th\u1ea1ch anh t\u00edm \" width=\"300\" height=\"300\" srcset=\"https:\/\/daphongthuysoluna.vn\/wp-content\/uploads\/2018\/08\/da-thach-anh-tim3-300x300.jpg 300w, https:\/\/daphongthuysoluna.vn\/wp-content\/uploads\/2018\/08\/da-thach-anh-tim3-150x150.jpg 150w, https:\/\/daphongthuysoluna.vn\/wp-content\/uploads\/2018\/08\/da-thach-anh-tim3-12x12.jpg 12w, https:\/\/daphongthuysoluna.vn\/wp-content\/uploads\/2018\/08\/da-thach-anh-tim3-247x247.jpg 247w, https:\/\/daphongthuysoluna.vn\/wp-content\/uploads\/2018\/08\/da-thach-anh-tim3-510x510.jpg 510w, https:\/\/daphongthuysoluna.vn\/wp-content\/uploads\/2018\/08\/da-thach-anh-tim3-100x100.jpg 100w, https:\/\/daphongthuysoluna.vn\/wp-content\/uploads\/2018\/08\/da-thach-anh-tim3-50x50.jpg 50w, https:\/\/daphongthuysoluna.vn\/wp-content\/uploads\/2018\/08\/da-thach-anh-tim3.jpg 600w\" sizes=\"auto, (max-width: 300px) 100vw, 300px\" \/><figcaption id=\"caption-attachment-1712\" class=\"wp-caption-text\">v\u00f2ng \u0111\u00e1 th\u1ea1ch anh t\u00edm<\/figcaption><\/figure>\n<h2><span style=\"color: #d3af34;\"><strong>T\u00e1c d\u1ee5ng s\u1ee9c kho\u1ebb:<\/strong><\/span><\/h2>\n<ul>\n<li>Lo\u1ea1i b\u1ecf ch\u1ee9ng m\u1ea5t ng\u1ee7 v\u00e0 c\u1ea3i thi\u1ec7n ch\u1ea5t l\u01b0\u1ee3ng gi\u1ea5c ng\u1ee7<\/li>\n<li>T\u0103ng c\u01b0\u1eddng s\u1ef1 t\u1eadp trung v\u00e0 tr\u00ed nh\u1edb<\/li>\n<li>H\u1ed7 tr\u1ee3 ph\u1ee5c h\u1ed3i tu\u1ea7n ho\u00e0n m\u00e1u, t\u1ed1t cho nh\u1eefng ng\u01b0\u1eddi c\u00f3 b\u1ec7nh cao huy\u1ebft \u00e1p, tai bi\u1ebfn m\u1ea1ch m\u00e1u n\u00e3o<\/li>\n<li>Gi\u1ea3i \u0111\u1ed9c r\u01b0\u1ee3u v\u00e0 c\u00e1c lo\u1ea1i ch\u1ea5t \u0111\u1ed9c kh\u00e1c.<\/li>\n<\/ul>\n<h2><\/h2>\n<h2><span style=\"color: #d3af34;\"><strong>T\u00e1c d\u1ee5ng tinh th\u1ea7n:<\/strong><\/span><\/h2>\n<ul>\n<li>Th\u1ea1ch anh t\u00edm ch\u1ee9a n\u0103ng l\u01b0\u1ee3ng cao v\u00e0 t\u01b0\u01a1ng \u1ee9ng lu\u00e2n xa s\u1ed1 6 ph\u00e1t tri\u1ec3n tr\u00ed th\u00f4ng minh, gi\u00fap suy ngh\u0129, t\u1eadp trung v\u00e0 t\u0103ng c\u01b0\u1eddng tr\u00ed nh\u1edb<\/li>\n<li>Tr\u1eeb t\u00e0, b\u1ea3o h\u1ed9: \u0110\u01b0\u1ee3c xem l\u00e0 &#8220;l\u00e1 b\u00f9a&#8221; ch\u1ed1ng l\u1ea1i c\u00e1c n\u0103ng l\u01b0\u1ee3ng ti\u00eau c\u1ef1c, mang l\u1ea1i b\u00ecnh an cho gia ch\u1ee7.<\/li>\n<li>Thu h\u00fat qu\u00fd nh\u00e2n<b data-path-to-node=\"12,2,0\" data-index-in-node=\"0\">:<\/b> \u0110\u1eb7t \u0111\u1ed9ng th\u1ea1ch anh t\u00edm t\u1ea1i b\u00e0n l\u00e0m vi\u1ec7c gi\u00fap m\u1edf r\u1ed9ng c\u00e1c m\u1ed1i quan h\u1ec7 x\u00e3 giao, nh\u1eadn \u0111\u01b0\u1ee3c s\u1ef1 gi\u00fap \u0111\u1ee1 t\u1eeb \u0111\u1ed3ng nghi\u1ec7p v\u00e0 c\u1ea5p tr\u00ean.<\/li>\n<\/ul>\n<h2><\/h2>\n<h2><span style=\"color: #d3af34;\"><strong>H\u1ee3p V\u1edbi M\u1ec7nh N\u00e0o ?<\/strong><\/span><\/h2>\n<p data-path-to-node=\"11\">Theo quy lu\u1eadt Ng\u0169 h\u00e0nh, m\u00e0u t\u00edm thu\u1ed9c h\u00e0nh <b>H\u1ecfa<\/b>. Do \u0111\u00f3, v\u00f2ng th\u1ea1ch anh t\u00edm l\u00e0 &#8220;l\u00e1 b\u00f9a h\u1ed9 m\u1ec7nh&#8221; tuy\u1ec7t v\u1eddi nh\u1ea5t cho:<\/p>\n<ul data-path-to-node=\"12\">\n<li>\n<p data-path-to-node=\"12,0,0\"><b>M\u1ec7nh H\u1ecfa:<\/b> T\u01b0\u01a1ng h\u1ee3p, gi\u00fap k\u00ecm ch\u1ebf n\u00f3ng n\u1ea3y, t\u0103ng c\u01b0\u1eddng s\u1ef1 s\u00e1ng t\u1ea1o.<\/p>\n<\/li>\n<li>\n<p data-path-to-node=\"12,1,0\"><b>M\u1ec7nh Th\u1ed5:<\/b> T\u01b0\u01a1ng sinh (H\u1ecfa sinh Th\u1ed5), mang l\u1ea1i may m\u1eafn, t\u00e0i l\u1ed9c v\u00e0 s\u1ef1 b\u1ea3o tr\u1ee3.<\/p>\n<\/li>\n<\/ul>\n<h2><\/h2>\n<h2><span style=\"color: #d3af34;\"><strong>L\u01b0u \u00fd khi s\u1eed d\u1ee5ng v\u00e0 b\u1ea3o qu\u1ea3n<\/strong><\/span><\/h2>\n<ul>\n<li>\n<p data-path-to-node=\"24,0,0\"><b data-path-to-node=\"24,0,0\" data-index-in-node=\"0\">Tr\u00e1nh \u00e1nh n\u1eafng g\u1eaft:<\/b> N\u1ebfu \u0111\u1ec3 th\u1ea1ch anh t\u00edm d\u01b0\u1edbi n\u1eafng m\u1eb7t tr\u1eddi qu\u00e1 l\u00e2u, m\u00e0u t\u00edm c\u00f3 th\u1ec3 b\u1ecb phai d\u1ea7n.<\/p>\n<\/li>\n<li>\n<p data-path-to-node=\"24,1,0\"><b data-path-to-node=\"24,1,0\" data-index-in-node=\"0\">V\u1ec7 sinh:<\/b> Ch\u1ec9 c\u1ea7n d\u00f9ng n\u01b0\u1edbc \u1ea5m v\u00e0 kh\u0103n m\u1ec1m. Tr\u00e1nh ti\u1ebfp x\u00fac v\u1edbi c\u00e1c h\u00f3a ch\u1ea5t t\u1ea9y r\u1eeda m\u1ea1nh.<\/p>\n<\/li>\n<li>\n<p data-path-to-node=\"24,2,0\"><b data-path-to-node=\"24,2,0\" data-index-in-node=\"0\">N\u1ea1p n\u0103ng l\u01b0\u1ee3ng:<\/b> Kho\u1ea3ng 1-2 th\u00e1ng, b\u1ea1n n\u00ean &#8220;thanh t\u1ea9y&#8221; \u0111\u00e1 b\u1eb1ng c\u00e1ch ng\u00e2m trong n\u01b0\u1edbc mu\u1ed1i lo\u00e3ng ho\u1eb7c \u0111\u1eb7t d\u01b0\u1edbi \u00e1nh tr\u0103ng r\u1eb1m \u0111\u1ec3 \u0111\u00e1 ph\u1ee5c h\u1ed3i n\u0103ng l\u01b0\u1ee3ng.<\/p>\n<\/li>\n<\/ul>\n<figure id=\"attachment_1714\" aria-describedby=\"caption-attachment-1714\" style=\"width: 300px\" class=\"wp-caption aligncenter\"><img loading=\"lazy\" decoding=\"async\" class=\"wp-image-1714 size-medium\" src=\"https:\/\/daphongthuysoluna.vn\/wp-content\/uploads\/2018\/08\/da-thach-anh-tim5-300x300.jpg\" alt=\"v\u00f2ng \u0111\u00e1 th\u1ea1ch anh t\u00edm \" width=\"300\" height=\"300\" srcset=\"https:\/\/daphongthuysoluna.vn\/wp-content\/uploads\/2018\/08\/da-thach-anh-tim5-300x300.jpg 300w, https:\/\/daphongthuysoluna.vn\/wp-content\/uploads\/2018\/08\/da-thach-anh-tim5-150x150.jpg 150w, https:\/\/daphongthuysoluna.vn\/wp-content\/uploads\/2018\/08\/da-thach-anh-tim5-12x12.jpg 12w, https:\/\/daphongthuysoluna.vn\/wp-content\/uploads\/2018\/08\/da-thach-anh-tim5-247x247.jpg 247w, https:\/\/daphongthuysoluna.vn\/wp-content\/uploads\/2018\/08\/da-thach-anh-tim5-510x510.jpg 510w, https:\/\/daphongthuysoluna.vn\/wp-content\/uploads\/2018\/08\/da-thach-anh-tim5-100x100.jpg 100w, https:\/\/daphongthuysoluna.vn\/wp-content\/uploads\/2018\/08\/da-thach-anh-tim5-50x50.jpg 50w, https:\/\/daphongthuysoluna.vn\/wp-content\/uploads\/2018\/08\/da-thach-anh-tim5.jpg 600w\" sizes=\"auto, (max-width: 300px) 100vw, 300px\" \/><figcaption id=\"caption-attachment-1714\" class=\"wp-caption-text\">v\u00f2ng \u0111\u00e1 th\u1ea1ch anh t\u00edm<\/figcaption><\/figure>\n<p>+ Ch\u1ea5t li\u1ec7u v\u00e0 ho\u00e0n thi\u1ec7n: V\u00f2ng \u0111\u00e1 th\u1ea1ch anh t\u00edm<\/p>\n<p>+ K\u00edch th\u01b0\u1edbc 6 &#8211; 12 li<\/p>\n<p>+ Kh\u1ed1i l\u01b0\u1ee3ng: 12g<\/p>\n<p>+ \u00dd ngh\u0129a: Bi\u1ec3u t\u01b0\u1ee3ng chi\u00eau t\u00e0i t\u0103ng l\u1ed9c, tr\u1eeb t\u00e0 h\u00f3a s\u00e1t, h\u00f3a gi\u1ea3i ti\u1ec3u nh\u00e2n th\u1ecb phi\u2026<\/p>\n<p>+ T\u00ecnh tr\u1ea1ng: c\u00f2n h\u00e0ng<\/p>\n<p><b data-path-to-node=\"25,0\" data-index-in-node=\"0\">\u01afu \u0111\u00e3i \u0111\u1eb7c bi\u1ec7t:<\/b>\u00a0T\u1eb7ng k\u00e8m t\u00fai\u00a0<strong>\u0111\u00e1 th\u1ea1ch anh v\u1ee5n<\/strong>\u00a0khi \u0111\u1eb7t h\u00e0ng ngay h\u00f4m nay!<\/p>\n<p>N\u1ebfu b\u1ea1n c\u1ea7n t\u01b0 v\u1ea5n chuy\u00ean s\u00e2u v\u1ec1 vi\u1ec7c ch\u1ecdn \u0111\u00e1 h\u1ee3p m\u1ec7nh, \u0111\u1eebng ng\u1ea7n ng\u1ea1i <b>Li\u00ean H\u1ec7 Ngay<\/b> \u00a0<a href=\"https:\/\/daphongthuysoluna.vn\/en\/lien-he\/\">SOLUNA<\/a><\/p>","protected":false},"excerpt":{"rendered":"<p data-path-to-node=\"12,1,0\">Th\u1ea1ch anh t\u00edm (Amethyst) kh\u00f4ng ch\u1ec9 l\u00e0 m\u00f3n trang s\u1ee9c sang tr\u1ecdng m\u00e0 c\u00f2n l\u00e0 &#8220;vi\u00ean \u0111\u00e1 c\u1ee7a t\u00e2m linh&#8221;.<\/p>\n<p>+ Ch\u1ea5t li\u1ec7u v\u00e0 ho\u00e0n thi\u1ec7n: v\u00f2ng \u0111\u00e1 th\u1ea1ch anh t\u00edm 100% thi\u00ean nhi\u00ean<\/p>\n<p>+ M\u00e0u s\u1eafc: T\u00edm t\u1ef1 nhi\u00ean<\/p>\n<p>+ K\u00edch th\u01b0\u1edbc 6-12 li<\/p>\n<p>+ Kh\u1ed1i l\u01b0\u1ee3ng: 12g<\/p>\n<p>+ H\u1ee3p m\u1ec7nh: M\u1ec7nh H\u1ecfa, m\u1ec7nh Th\u1ed5<\/p>\n<p>+ S\u1eed d\u1ee5ng: Trang s\u1ee9c, qu\u00e0 t\u1eb7ng, phong th\u1ee7y,..<\/p>\n<p>+ \u00dd ngh\u0129a: Bi\u1ec3u t\u01b0\u1ee3ng chi\u00eau t\u00e0i t\u0103ng l\u1ed9c, tr\u1eeb t\u00e0 h\u00f3a s\u00e1t, h\u00f3a gi\u1ea3i ti\u1ec3u nh\u00e2n th\u1ecb phi\u2026<\/p>\n<p>+ T\u00ecnh tr\u1ea1ng: c\u00f2n h\u00e0ng<\/p>\n<p>+ T\u1eb7ng k\u00e8m 1 t\u00fai \u0111\u00e1 th\u1ea1ch anh v\u1ee5n<\/p>","protected":false},"featured_media":1443,"comment_status":"open","ping_status":"closed","template":"","meta":{"_acf_changed":false},"product_brand":[],"product_cat":[20,101,102],"product_tag":[],"class_list":{"0":"post-302","1":"product","2":"type-product","3":"status-publish","4":"has-post-thumbnail","6":"product_cat-vong-da-thach-anh","7":"product_cat-menh-hoa","8":"product_cat-menh-tho","10":"first","11":"instock","12":"shipping-taxable","13":"purchasable","14":"product-type-variable"},"acf":[],"_links":{"self":[{"href":"https:\/\/daphongthuysoluna.vn\/en\/wp-json\/wp\/v2\/product\/302","targetHints":{"allow":["GET"]}}],"collection":[{"href":"https:\/\/daphongthuysoluna.vn\/en\/wp-json\/wp\/v2\/product"}],"about":[{"href":"https:\/\/daphongthuysoluna.vn\/en\/wp-json\/wp\/v2\/types\/product"}],"replies":[{"embeddable":true,"href":"https:\/\/daphongthuysoluna.vn\/en\/wp-json\/wp\/v2\/comments?post=302"}],"wp:featuredmedia":[{"embeddable":true,"href":"https:\/\/daphongthuysoluna.vn\/en\/wp-json\/wp\/v2\/media\/1443"}],"wp:attachment":[{"href":"https:\/\/daphongthuysoluna.vn\/en\/wp-json\/wp\/v2\/media?parent=302"}],"wp:term":[{"taxonomy":"product_brand","embeddable":true,"href":"https:\/\/daphongthuysoluna.vn\/en\/wp-json\/wp\/v2\/product_brand?post=302"},{"taxonomy":"product_cat","embeddable":true,"href":"https:\/\/daphongthuysoluna.vn\/en\/wp-json\/wp\/v2\/product_cat?post=302"},{"taxonomy":"product_tag","embeddable":true,"href":"https:\/\/daphongthuysoluna.vn\/en\/wp-json\/wp\/v2\/product_tag?post=302"}],"curies":[{"name":"wp","href":"https:\/\/api.w.org\/{rel}","templated":true}]}}