{"id":309,"date":"2018-08-18T09:29:03","date_gmt":"2018-08-18T02:29:03","guid":{"rendered":"https:\/\/bizhostvn.com\/w\/shopphongthuy\/?post_type=product&#038;p=309"},"modified":"2025-12-20T19:12:39","modified_gmt":"2025-12-20T12:12:39","slug":"phat-ngoc-phi-thuy-lon-a-tuoi-ty-fs6508-1","status":"publish","type":"product","link":"https:\/\/daphongthuysoluna.vn\/en\/product\/phat-ngoc-phi-thuy-lon-a-tuoi-ty-fs6508-1\/","title":{"rendered":"Qu\u1ea3 C\u1ea7u Th\u1ea1ch Anh V\u00e0ng"},"content":{"rendered":"<p>+ Ch\u1ea5t li\u1ec7u v\u00e0 ho\u00e0n thi\u1ec7n: \u0110\u00e1 Th\u1ea1ch Anh V\u00e0ng (Citrine Quartz) T\u1ef1 Nhi\u00ean 100% nguy\u00ean kh\u1ed1i. Vi\u00ean \u0111\u00e1 \u0111\u01b0\u1ee3c ch\u1ebf t\u00e1c th\u1ee7 c\u00f4ng th\u00e0nh h\u00ecnh c\u1ea7u tr\u00f2n tr\u01a1n nh\u1eb5n, \u0111\u00e1nh b\u00f3ng b\u1ec1 m\u1eb7t \u0111\u1ea1t \u0111\u1ed9 trong v\u00e0 \u0111\u1ed9 ph\u1ea3n quang cao nh\u1ea5t. \u0110\u1eb7c bi\u1ec7t: \u0110\u00e3 qua quy tr\u00ecnh Thanh t\u1ea9y v\u00e0 K\u00edch ho\u1ea1t b\u1eb1ng Rung \u0110\u1ed9ng \u00c2m Thanh \u0111\u1ed9c quy\u1ec1n.<\/p>\n<p>&nbsp;<\/p>\n<p>+ K\u00edch th\u01b0\u1edbc: C\u1ee1 trung (9 \u2013 12 cm): L\u00fd t\u01b0\u1edfng cho b\u00e0n l\u00e0m vi\u1ec7c, qu\u1ea7y thu ng\u00e2n c\u1ee1 nh\u1ecf.<\/p>\n<p>&nbsp;<\/p>\n<p>+ Kh\u1ed1i l\u01b0\u1ee3ng: T\u00f9y thu\u1ed9c v\u00e0o k\u00edch th\u01b0\u1edbc \u0111\u01b0\u1eddng k\u00ednh, kh\u1ed1i l\u01b0\u1ee3ng dao \u0111\u1ed9ng t\u1eeb 0.5 kg \u0111\u1ebfn 5 kg (ho\u1eb7c l\u1edbn h\u01a1n theo y\u00eau c\u1ea7u \u0111\u1eb7t h\u00e0ng).<\/p>\n<p>&nbsp;<\/p>\n<p>+ \u00dd ngh\u0129a: Qu\u1ea3 C\u1ea7u Th\u1ea1ch Anh V\u00e0ng l\u00e0 &#8221; Nam Ch\u00e2m T\u00e0i L\u1ed9c &#8221; gi\u00fap chi\u00eau ti\u1ec1n, k\u00edch ho\u1ea1t d\u00f2ng ch\u1ea3y th\u1ecbnh v\u01b0\u1ee3ng kh\u00f4ng ng\u1eebng. V\u1eadt ph\u1ea9m c\u00f2n &#8221; Khai S\u00e1ng Tr\u00ed Tu\u1ec7 &#8221; v\u00e0 t\u0103ng c\u01b0\u1eddng s\u1ef1 t\u1ef1 tin tuy\u1ec7t \u0111\u1ed1i, h\u1ed7 tr\u1ee3 \u0111\u1eafc l\u1ef1c cho ng\u01b0\u1eddi kinh doanh. \u0110\u00e2y l\u00e0 l\u1ef1a ch\u1ecdn ho\u00e0n h\u1ea3o cho ng\u01b0\u1eddi M\u1ec7nh Th\u1ed5 v\u00e0 M\u1ec7nh Kim \u0111\u1ec3 c\u1ee7ng c\u1ed1 quy\u1ec1n l\u1ef1c v\u00e0 v\u1eadn may.<\/p>\n<p>&nbsp;<\/p>\n<p>+ C\u00e1ch s\u1eed d\u1ee5ng: V\u1ecb tr\u00ed &#8220;V\u00e0ng&#8221; \u0111\u1ec3 t\u1ed1i \u0111a h\u00f3a t\u00e0i l\u1ed9c<\/p>\n<p>B\u00e0n L\u00e0m Vi\u1ec7c\/Qu\u1ea7y Thu Ng\u00e2n: \u0110\u1eb7t \u1edf v\u1ecb tr\u00ed d\u1ec5 nh\u00ecn th\u1ea5y \u0111\u1ec3 h\u00fat kh\u00e1ch, chi\u00eau l\u1ed9c v\u00e0 t\u0103ng hi\u1ec7u su\u1ea5t l\u00e0m vi\u1ec7c.<\/p>\n<p>Ph\u00f2ng Kh\u00e1ch\/V\u0103n Ph\u00f2ng: \u0110\u1eb7t t\u1ea1i g\u00f3c \u0110\u00f4ng Nam (Cung T\u00e0i L\u1ed9c) \u0111\u1ec3 ki\u1ebfn t\u1ea1o tr\u01b0\u1eddng kh\u00ed gi\u00e0u c\u00f3, sung t\u00fac.<\/p>\n<p>B\u1ea3o qu\u1ea3n: Ch\u1ec9 c\u1ea7n lau ch\u00f9i b\u1eb1ng kh\u0103n m\u1ec1m, tr\u00e1nh \u0111\u1eb7t d\u01b0\u1edbi \u00e1nh n\u1eafng tr\u1ef1c ti\u1ebfp qu\u00e1 l\u00e2u (\u0111\u1ed1i v\u1edbi m\u1ed9t s\u1ed1 lo\u1ea1i \u0111\u00e1 m\u00e0u).<\/p>","protected":false},"excerpt":{"rendered":"<p>\u00dd ngh\u0129a: Qu\u1ea3 C\u1ea7u Th\u1ea1ch Anh V\u00e0ng l\u00e0 &#8221; Nam Ch\u00e2m T\u00e0i L\u1ed9c &#8221; gi\u00fap chi\u00eau ti\u1ec1n, k\u00edch ho\u1ea1t d\u00f2ng ch\u1ea3y th\u1ecbnh v\u01b0\u1ee3ng kh\u00f4ng ng\u1eebng. V\u1eadt ph\u1ea9m c\u00f2n &#8221; Khai S\u00e1ng Tr\u00ed Tu\u1ec7 &#8221; v\u00e0 t\u0103ng c\u01b0\u1eddng s\u1ef1 t\u1ef1 tin tuy\u1ec7t \u0111\u1ed1i, h\u1ed7 tr\u1ee3 \u0111\u1eafc l\u1ef1c cho ng\u01b0\u1eddi kinh doanh. \u0110\u00e2y l\u00e0 l\u1ef1a ch\u1ecdn ho\u00e0n h\u1ea3o cho ng\u01b0\u1eddi M\u1ec7nh Th\u1ed5 v\u00e0 M\u1ec7nh Kim \u0111\u1ec3 c\u1ee7ng c\u1ed1 quy\u1ec1n l\u1ef1c v\u00e0 v\u1eadn may.<\/p>","protected":false},"featured_media":1482,"comment_status":"open","ping_status":"closed","template":"","meta":{"_acf_changed":false},"product_brand":[],"product_cat":[56],"product_tag":[],"class_list":{"0":"post-309","1":"product","2":"type-product","3":"status-publish","4":"has-post-thumbnail","6":"product_cat-qua-cau-thach-anh","8":"first","9":"instock","10":"shipping-taxable","11":"product-type-simple"},"acf":[],"_links":{"self":[{"href":"https:\/\/daphongthuysoluna.vn\/en\/wp-json\/wp\/v2\/product\/309","targetHints":{"allow":["GET"]}}],"collection":[{"href":"https:\/\/daphongthuysoluna.vn\/en\/wp-json\/wp\/v2\/product"}],"about":[{"href":"https:\/\/daphongthuysoluna.vn\/en\/wp-json\/wp\/v2\/types\/product"}],"replies":[{"embeddable":true,"href":"https:\/\/daphongthuysoluna.vn\/en\/wp-json\/wp\/v2\/comments?post=309"}],"wp:featuredmedia":[{"embeddable":true,"href":"https:\/\/daphongthuysoluna.vn\/en\/wp-json\/wp\/v2\/media\/1482"}],"wp:attachment":[{"href":"https:\/\/daphongthuysoluna.vn\/en\/wp-json\/wp\/v2\/media?parent=309"}],"wp:term":[{"taxonomy":"product_brand","embeddable":true,"href":"https:\/\/daphongthuysoluna.vn\/en\/wp-json\/wp\/v2\/product_brand?post=309"},{"taxonomy":"product_cat","embeddable":true,"href":"https:\/\/daphongthuysoluna.vn\/en\/wp-json\/wp\/v2\/product_cat?post=309"},{"taxonomy":"product_tag","embeddable":true,"href":"https:\/\/daphongthuysoluna.vn\/en\/wp-json\/wp\/v2\/product_tag?post=309"}],"curies":[{"name":"wp","href":"https:\/\/api.w.org\/{rel}","templated":true}]}}