{"id":753,"date":"2025-11-09T22:35:42","date_gmt":"2025-11-09T15:35:42","guid":{"rendered":"https:\/\/daphongthuysoluna.vn\/?post_type=product&#038;p=753"},"modified":"2026-01-10T20:15:15","modified_gmt":"2026-01-10T13:15:15","slug":"vong-da-thach-anh-toc-vang","status":"publish","type":"product","link":"https:\/\/daphongthuysoluna.vn\/en\/product\/vong-da-thach-anh-toc-vang\/","title":{"rendered":"V\u00f2ng \u0110\u00e1 Th\u1ea1ch Anh  V\u00e0ng &#8211; 6-12li &#8211; T\u1eb7ng T\u00fai \u0110\u00e1 Th\u1ea1ch Anh"},"content":{"rendered":"<h1 style=\"text-align: left;\" data-path-to-node=\"3\"><span style=\"font-size: 95%; color: #d3af34;\"><span style=\"font-size: 100%;\">V\u00f2ng \u0110\u00e1 Th\u1ea1ch Anh T\u00f3c V\u00e0ng: Tuy\u1ec7t T\u00e1c Chi\u00eau T\u00e0i \u2013 T\u1eb7ng 1 T\u00fai \u0110\u00e1 Th\u1ea1ch Anh<\/span>\u00a0<\/span><\/h1>\n<p data-path-to-node=\"4\">Trong th\u1ebf gi\u1edbi \u0111\u00e1 qu\u00fd, th\u1ea1ch anh t\u00f3c v\u00e0ng \u0111\u01b0\u1ee3c m\u1ec7nh danh l\u00e0 &#8220;Vi\u00ean \u0111\u00e1 \u0110\u1ebf v\u01b0\u01a1ng&#8221;. S\u1edf h\u1eefu m\u1ed9t chi\u1ebfc <b data-path-to-node=\"4\" data-index-in-node=\"97\">v\u00f2ng tay th\u1ea1ch anh v\u00e0ng<\/b> kh\u00f4ng ch\u1ec9 l\u00e0 s\u1edf h\u1eefu m\u1ed9t m\u00f3n trang s\u1ee9c \u0111\u1eb3ng c\u1ea5p, m\u00e0 c\u00f2n l\u00e0 n\u1eafm gi\u1eef ngu\u1ed3n n\u0103ng l\u01b0\u1ee3ng m\u1ea1nh m\u1ebd \u0111\u1ec3 xoay chuy\u1ec3n v\u1eadn m\u1ec7nh, thu h\u00fat t\u00e0i l\u1ed9c v\u00e0 s\u1ef1 th\u1ecbnh v\u01b0\u1ee3ng.<\/p>\n<h2 data-path-to-node=\"5\"><span style=\"color: #d3af34;\">T\u1ea1i Sao N\u00ean S\u1edf H\u1eefu V\u00f2ng \u0110\u00e1 Th\u1ea1ch Anh T\u00f3c V\u00e0ng T\u1ef1 Nhi\u00ean?<\/span><\/h2>\n<ul data-path-to-node=\"6\">\n<li>\n<p data-path-to-node=\"6,0,0\"><b data-path-to-node=\"6,0,0\" data-index-in-node=\"0\">N\u0103ng L\u01b0\u1ee3ng &#8220;Kim&#8221; Thu H\u00fat Ti\u1ec1n T\u00e0i:<\/b> Nh\u1eefng s\u1ee3i bao th\u1ec3 Rutile l\u1ea5p l\u00e1nh nh\u01b0 v\u00e0ng r\u00f2ng b\u00ean trong tinh th\u1ec3 th\u1ea1ch anh kh\u00f4ng ch\u1ec9 t\u1ea1o n\u00ean v\u1ebb \u0111\u1eb9p huy\u1ec1n b\u00ed m\u00e0 c\u00f2n c\u00f3 kh\u1ea3 n\u0103ng khu\u1ebfch t\u00e1n n\u0103ng l\u01b0\u1ee3ng c\u1ef1c m\u1ea1nh, gi\u00fap ch\u1ee7 nh\u00e2n khai th\u00f4ng tr\u00ed tu\u1ec7 v\u00e0 g\u1eb7p nhi\u1ec1u may m\u1eafn trong kinh doanh.<\/p>\n<\/li>\n<li>\n<p data-path-to-node=\"6,1,0\"><b data-path-to-node=\"6,1,0\" data-index-in-node=\"0\">C\u1ea3i Thi\u1ec7n S\u1ee9c Kh\u1ecfe &amp; T\u00e2m Tr\u00ed:<\/b> D\u01b0\u1edbi g\u00f3c \u0111\u1ed9 th\u1ea1ch tr\u1ecb li\u1ec7u, <b data-path-to-node=\"6,1,0\" data-index-in-node=\"58\">v\u00f2ng tay th\u1ea1ch anh v\u00e0ng<\/b> gi\u00fap gi\u1ea3m c\u0103ng th\u1eb3ng, t\u0103ng c\u01b0\u1eddng s\u1ef1 quy\u1ebft \u0111o\u00e1n v\u00e0 h\u1ed7 tr\u1ee3 r\u1ea5t t\u1ed1t cho h\u1ec7 ti\u00eau h\u00f3a c\u0169ng nh\u01b0 tr\u00ed nh\u1edb.<\/p>\n<\/li>\n<li style=\"text-align: center;\">\n<p style=\"text-align: left;\" data-path-to-node=\"6,2,0\"><b data-path-to-node=\"6,2,0\" data-index-in-node=\"0\">V\u1ebb \u0110\u1eb9p \u0110\u1ed9c B\u1ea3n:<\/b> Kh\u00f4ng c\u00f3 hai chi\u1ebfc v\u00f2ng n\u00e0o ho\u00e0n to\u00e0n gi\u1ed1ng nhau. T\u1eebng s\u1ee3i &#8220;t\u00f3c&#8221; \u1ea9n hi\u1ec7n trong \u0111\u00e1 trong su\u1ed1t t\u1ea1o n\u00ean m\u1ed9t h\u1ec7 sinh th\u00e1i n\u0103ng l\u01b0\u1ee3ng ri\u00eang bi\u1ec7t, t\u00f4n vinh c\u00e1 t\u00ednh v\u00e0 s\u1ef1 tinh t\u1ebf c\u1ee7a ng\u01b0\u1eddi \u0111eo.<\/p>\n<figure id=\"attachment_1535\" aria-describedby=\"caption-attachment-1535\" style=\"width: 300px\" class=\"wp-caption aligncenter\"><img loading=\"lazy\" decoding=\"async\" class=\"size-medium wp-image-1535\" src=\"https:\/\/daphongthuysoluna.vn\/wp-content\/uploads\/2025\/12\/vong-thach-anh-toc-vang1-300x300.jpg\" alt=\"\u1ea2nh c\u1eadn c\u1ea3nh c\u00e1c vi\u00ean \u0111\u00e1 V\u00f2ng Th\u1ea1ch Anh T\u00f3c V\u00e0ng SOLUNA (Rutilated Quartz) cao c\u1ea5p. Vi\u00ean \u0111\u00e1 c\u00f3 tinh th\u1ec3 trong su\u1ed1t v\u00e0 c\u00e1c s\u1ee3i Rutile v\u00e0ng kim d\u00e0y \u0111\u1eb7c, l\u00e0m n\u1ed5i b\u1eadt ch\u1ea5t l\u01b0\u1ee3ng SOLUNA \u0111\u1ec3 chi\u00eau t\u00e0i l\u1ed9c v\u00e0 n\u0103ng l\u01b0\u1ee3ng th\u1ecbnh v\u01b0\u1ee3ng.\" width=\"300\" height=\"300\" srcset=\"https:\/\/daphongthuysoluna.vn\/wp-content\/uploads\/2025\/12\/vong-thach-anh-toc-vang1-300x300.jpg 300w, https:\/\/daphongthuysoluna.vn\/wp-content\/uploads\/2025\/12\/vong-thach-anh-toc-vang1-247x247.jpg 247w, https:\/\/daphongthuysoluna.vn\/wp-content\/uploads\/2025\/12\/vong-thach-anh-toc-vang1-100x100.jpg 100w, https:\/\/daphongthuysoluna.vn\/wp-content\/uploads\/2025\/12\/vong-thach-anh-toc-vang1-510x510.jpg 510w, https:\/\/daphongthuysoluna.vn\/wp-content\/uploads\/2025\/12\/vong-thach-anh-toc-vang1-150x150.jpg 150w, https:\/\/daphongthuysoluna.vn\/wp-content\/uploads\/2025\/12\/vong-thach-anh-toc-vang1.jpg 600w\" sizes=\"auto, (max-width: 300px) 100vw, 300px\" \/><figcaption id=\"caption-attachment-1535\" class=\"wp-caption-text\">Th\u1ea1ch Anh T\u00f3c V\u00e0ng<\/figcaption><\/figure><\/li>\n<\/ul>\n<h3 data-path-to-node=\"7\"><span style=\"color: #d3af34;\">\u01afu \u0110\u00e3i \u0110\u1eb7c Bi\u1ec7t: T\u1eb7ng T\u00fai \u0110\u00e1 Th\u1ea1ch Anh Thanh T\u1ea9y<\/span><\/h3>\n<p data-path-to-node=\"8\">Khi th\u1ec9nh <b data-path-to-node=\"8\" data-index-in-node=\"10\">v\u00f2ng tay th\u1ea1ch anh v\u00e0ng<\/b> t\u1ea1i c\u1eeda h\u00e0ng, qu\u00fd kh\u00e1ch s\u1ebd \u0111\u01b0\u1ee3c <b data-path-to-node=\"8\" data-index-in-node=\"66\">T\u1eb7ng T\u00fai \u0110\u00e1 Th\u1ea1ch Anh<\/b> v\u1ee5n t\u1ef1 nhi\u00ean. \u0110\u00e2y l\u00e0 m\u00f3n qu\u00e0 v\u00f4 c\u00f9ng quan tr\u1ecdng gi\u00fap:<\/p>\n<ol start=\"1\" data-path-to-node=\"9\">\n<li>\n<p data-path-to-node=\"9,0,0\"><b data-path-to-node=\"9,0,0\" data-index-in-node=\"0\">Thanh t\u1ea9y n\u0103ng l\u01b0\u1ee3ng:<\/b> D\u00f9ng \u0111\u1ec3 \u0111\u1eb7t v\u00f2ng tay l\u00ean sau m\u1ed9t ng\u00e0y d\u00e0i, gi\u00fap lo\u1ea1i b\u1ecf n\u0103ng l\u01b0\u1ee3ng ti\u00eau c\u1ef1c t\u00edch t\u1ee5.<\/p>\n<\/li>\n<li>\n<p data-path-to-node=\"9,1,0\"><b data-path-to-node=\"9,1,0\" data-index-in-node=\"0\">Gia t\u0103ng c\u00e1t kh\u00ed:<\/b> T\u00fai \u0111\u00e1 t\u1eb7ng k\u00e8m c\u00f3 th\u1ec3 \u0111\u1eb7t \u1edf b\u00e0n l\u00e0m vi\u1ec7c ho\u1eb7c v\u00ed ti\u1ec1n \u0111\u1ec3 b\u1ed5 tr\u1ee3 th\u00eam v\u1eadn may cho ch\u1ee7 nh\u00e2n.<\/p>\n<\/li>\n<\/ol>\n<hr data-path-to-node=\"10\" \/>\n<h3 data-path-to-node=\"11\"><span style=\"color: #d3af34;\">Th\u00f4ng S\u1ed1 S\u1ea3n Ph\u1ea9m Chu\u1ea9n Chuy\u00ean Gia:<\/span><\/h3>\n<ul data-path-to-node=\"12\">\n<li>\n<p data-path-to-node=\"12,0,0\"><b data-path-to-node=\"12,0,0\" data-index-in-node=\"0\">Ch\u1ea5t li\u1ec7u:<\/b> \u0110\u00e1 Th\u1ea1ch anh t\u00f3c v\u00e0ng t\u1ef1 nhi\u00ean 100% (High Quality).<\/p>\n<\/li>\n<li>\n<p data-path-to-node=\"12,1,0\"><b data-path-to-node=\"12,1,0\" data-index-in-node=\"0\">Ki\u1ec3u d\u00e1ng:<\/b> H\u1ea1t tr\u00f2n chu\u1ea9n phong th\u1ee7y, \u0111\u1ed9 trong t\u1eeb 80-95%.<\/p>\n<\/li>\n<li>\n<p data-path-to-node=\"12,2,0\"><b data-path-to-node=\"12,2,0\" data-index-in-node=\"0\">Hi\u1ec7u \u1ee9ng:<\/b> \u00c1nh kim m\u1ea1nh khi g\u1eb7p \u00e1nh s\u00e1ng m\u1ea1nh ho\u1eb7c \u00e1nh n\u1eafng m\u1eb7t tr\u1eddi.<\/p>\n<\/li>\n<li>\n<p data-path-to-node=\"12,3,0\"><b data-path-to-node=\"12,3,0\" data-index-in-node=\"0\">Qu\u00e0 t\u1eb7ng k\u00e8m:<\/b> <b data-path-to-node=\"12,3,0\" data-index-in-node=\"14\">T\u1eb7ng T\u00fai \u0110\u00e1 Th\u1ea1ch Anh<\/b> cao c\u1ea5p<\/p>\n<\/li>\n<\/ul>\n<blockquote data-path-to-node=\"13\">\n<p data-path-to-node=\"13,0\"><b data-path-to-node=\"13,0\" data-index-in-node=\"0\">Chuy\u00ean gia khuy\u00ean d\u00f9ng:<\/b> <b data-path-to-node=\"13,0\" data-index-in-node=\"24\">V\u00f2ng tay th\u1ea1ch anh v\u00e0ng<\/b> \u0111\u1eb7c bi\u1ec7t ph\u00f9 h\u1ee3p v\u1edbi ng\u01b0\u1eddi m\u1ec7nh <b data-path-to-node=\"13,0\" data-index-in-node=\"80\">Kim<\/b> (t\u01b0\u01a1ng h\u1ee3p) v\u00e0 m\u1ec7nh <b data-path-to-node=\"13,0\" data-index-in-node=\"104\">Th\u1ee7y<\/b> (t\u01b0\u01a1ng sinh). \u0110\u00e2y l\u00e0 m\u00f3n qu\u00e0 \u00fd ngh\u0129a nh\u1ea5t \u0111\u1ec3 d\u00e0nh t\u1eb7ng b\u1ea3n th\u00e2n ho\u1eb7c ng\u01b0\u1eddi th\u00e2n trong nh\u1eefng d\u1ecbp kh\u1edfi \u0111\u1ea7u m\u1edbi.<\/p>\n<\/blockquote>\n<p>&nbsp;<\/p>\n<figure id=\"attachment_1534\" aria-describedby=\"caption-attachment-1534\" style=\"width: 300px\" class=\"wp-caption aligncenter\"><img loading=\"lazy\" decoding=\"async\" class=\"wp-image-1534 size-medium\" src=\"https:\/\/daphongthuysoluna.vn\/wp-content\/uploads\/2025\/12\/vong-thach-anh-toc-vang-300x300.jpg\" alt=\"H\u00ecnh \u1ea3nh minh h\u1ecda c\u00e1ch b\u1ea3o qu\u1ea3n V\u00f2ng Th\u1ea1ch Anh T\u00f3c V\u00e0ng SOLUNA, cho th\u1ea5y v\u00f2ng \u0111\u00e1 \u0111\u01b0\u1ee3c \u0111\u1eb7t g\u1ea7n n\u01b0\u1edbc hoa v\u00e0 x\u00e0 ph\u00f2ng, nh\u1eafc nh\u1edf tr\u00e1nh ti\u1ebfp x\u00fac v\u1edbi h\u00f3a ch\u1ea5t \u0111\u1ec3 gi\u1eef \u0111\u1ed9 b\u00f3ng v\u0129nh c\u1eedu.\" width=\"300\" height=\"300\" \/><figcaption id=\"caption-attachment-1534\" class=\"wp-caption-text\">V\u00f2ng \u0110\u00e1 Th\u1ea1ch Anh T\u00f3c V\u00e0ng<\/figcaption><\/figure>\n<p data-rm-block-id=\"block-45\"><span style=\"color: #008000;\"><a style=\"color: #008000;\" href=\"https:\/\/daphongthuysoluna.vn\/en\/vong-tay-thach-anh-do-soluna\/\"><span style=\"font-weight: 400;\">\u00bb Xem th\u00eam s\u1ea3n ph\u1ea9m: V\u00f2ng tay Th\u1ea1ch Anh \u0110\u1ecf SOLUNA<\/span><\/a><\/span><\/p>\n<p><img loading=\"lazy\" decoding=\"async\" class=\"aligncenter wp-image-1428 size-medium\" src=\"https:\/\/daphongthuysoluna.vn\/wp-content\/uploads\/2025\/11\/da-thach-anh-vang2-300x300.jpg\" alt=\"V\u00f2ng \u0110\u00e1 Th\u1ea1ch Anh T\u00f3c V\u00e0ng SOLUNA t\u1ef1 nhi\u00ean, s\u1ee3i Rutile d\u00e0y d\u1eb7n, thu h\u00fat t\u00e0i l\u1ed9c\" width=\"300\" height=\"300\" srcset=\"https:\/\/daphongthuysoluna.vn\/wp-content\/uploads\/2025\/11\/da-thach-anh-vang2-300x300.jpg 300w, https:\/\/daphongthuysoluna.vn\/wp-content\/uploads\/2025\/11\/da-thach-anh-vang2-247x247.jpg 247w, https:\/\/daphongthuysoluna.vn\/wp-content\/uploads\/2025\/11\/da-thach-anh-vang2-100x100.jpg 100w, https:\/\/daphongthuysoluna.vn\/wp-content\/uploads\/2025\/11\/da-thach-anh-vang2-510x510.jpg 510w, https:\/\/daphongthuysoluna.vn\/wp-content\/uploads\/2025\/11\/da-thach-anh-vang2-150x150.jpg 150w, https:\/\/daphongthuysoluna.vn\/wp-content\/uploads\/2025\/11\/da-thach-anh-vang2.jpg 600w\" sizes=\"auto, (max-width: 300px) 100vw, 300px\" \/><\/p>\n<p style=\"text-align: center;\" data-rm-block-id=\"block-48\"><em><b>\u201cHarmony is not about perfection &#8211; it\u2019s about finding peace within.\u201d<\/b><span style=\"font-weight: 400;\"> &#8211; SOLUNA.<\/span><\/em><\/p>\n<p style=\"text-align: center;\" data-rm-block-id=\"block-49\"><em><span style=\"font-weight: 400;\">H\u00e3y \u0111\u1ec3 vi\u00ean \u0111\u00e1 T\u00f3c V\u00e0ng mang \u00e1nh s\u00e1ng Soi d\u1eabn l\u1ed1i cho s\u1ef1 th\u1ecbnh v\u01b0\u1ee3ng v\u00e0 s\u1ef1 t\u1ef1 tin c\u1ee7a b\u1ea1n m\u1ed7i ng\u00e0y.<\/span><\/em><\/p>\n<p data-path-to-node=\"9\">N\u1ebfu b\u1ea1n c\u1ea7n t\u01b0 v\u1ea5n chuy\u00ean s\u00e2u v\u1ec1 vi\u1ec7c ch\u1ecdn \u0111\u00e1 h\u1ee3p m\u1ec7nh, \u0111\u1eebng ng\u1ea7n ng\u1ea1i <b>Li\u00ean H\u1ec7 Ngay <\/b><a class=\"ng-star-inserted\" href=\"https:\/\/daphongthuysoluna.vn\/en\/lien-he\/\" target=\"_blank\" rel=\"noopener\" data-hveid=\"0\" data-ved=\"0CAAQ_4QMahcKEwjqiJm2wbqRAxUAAAAAHQAAAAAQcA\">https:\/\/daphongthuysoluna.vn\/lien-he\/\u00a0<\/a> \u0111\u1ec3 nh\u1eadn \u0111\u01b0\u1ee3c s\u1ef1 h\u1ed7 tr\u1ee3 t\u1ed1t nh\u1ea5t!<\/p>","protected":false},"excerpt":{"rendered":"<p data-path-to-node=\"4\"><span style=\"color: #ffcc00; font-size: 120%;\"><strong>V\u00f2ng Tay Th\u1ea1ch Anh V\u00e0ng \u2013 B\u1ea3o V\u1eadt May M\u1eafn &amp; Kh\u1edfi S\u1eafc T\u00e0i L\u1ed9c<\/strong><\/span><\/p>\n<p data-path-to-node=\"4\">\u0110\u01b0\u1ee3c k\u1ebft tinh t\u1eeb tinh hoa c\u1ee7a l\u00f2ng \u0111\u1ea5t, <b data-path-to-node=\"4\" data-index-in-node=\"40\">v\u00f2ng tay th\u1ea1ch anh v\u00e0ng<\/b> kh\u00f4ng ch\u1ec9 \u0111\u01a1n thu\u1ea7n l\u00e0 m\u00f3n trang s\u1ee9c cao c\u1ea5p m\u00e0 c\u00f2n l\u00e0 ngu\u1ed3n n\u0103ng l\u01b0\u1ee3ng t\u00edch c\u1ef1c m\u1ea1nh m\u1ebd cho ch\u1ee7 nh\u00e2n. Ch\u1ebf t\u00e1c ho\u00e0n to\u00e0n t\u1eeb \u0111\u00e1 th\u1ea1ch anh t\u1ef1 nhi\u00ean, s\u1ea3n ph\u1ea9m gi\u00fap c\u00e2n b\u1eb1ng s\u1ee9c kh\u1ecfe, v\u1ed7 v\u1ec1 t\u00e2m tr\u00ed v\u00e0 m\u1edf ra c\u00e1nh c\u1eeda c\u1ee7a s\u1ef1 th\u1ecbnh v\u01b0\u1ee3ng, hanh th\u00f4ng trong c\u00f4ng vi\u1ec7c.<\/p>\n<p data-path-to-node=\"6\">M\u1ea1ng Ph\u00f9 H\u1ee3p: <strong><span style=\"color: #ffcc00;\">KIM &#8211; TH\u1ed4 &#8211; H\u1eceA\u00a0<\/span><\/strong><\/p>\n<p data-path-to-node=\"6\">K\u00edch Th\u01b0\u1edbc: 6-12li<\/p>\n<h3 data-path-to-node=\"7\"><span style=\"font-size: 90%; color: #ffcc00;\"><b data-path-to-node=\"7\" data-index-in-node=\"0\">\u01afu \u0110\u00e3i \u0110\u1eb7c Bi\u1ec7t: Mua V\u00f2ng Tay Th\u1ea1ch Anh V\u00e0ng &#8211; T\u1eb7ng T\u00fai \u0110\u00e1 Th\u1ea1ch Anh<\/b><\/span><\/h3>\n<p data-path-to-node=\"8\">Nh\u1eb1m gi\u00fap kh\u00e1ch h\u00e0ng duy tr\u00ec n\u0103ng l\u01b0\u1ee3ng thu\u1ea7n khi\u1ebft cho \u0111\u00e1, khi th\u1ec9nh v\u00f2ng, ch\u00fang t\u00f4i d\u00e0nh <b data-path-to-node=\"8\" data-index-in-node=\"91\">t\u1eb7ng t\u00fai \u0111\u00e1 th\u1ea1ch anh<\/b> thanh t\u1ea9y cao c\u1ea5p. \u0110\u00e2y l\u00e0 s\u1ef1 k\u1ebft h\u1ee3p ho\u00e0n h\u1ea3o \u0111\u1ec3 b\u1ea3o v\u1ec7 v\u00e0 gia t\u0103ng linh kh\u00ed cho v\u1eadt ph\u1ea9m phong th\u1ee7y c\u1ee7a b\u1ea1n.<\/p>","protected":false},"featured_media":1427,"comment_status":"open","ping_status":"closed","template":"","meta":{"_acf_changed":false},"product_brand":[],"product_cat":[20,101,99,102],"product_tag":[],"class_list":{"0":"post-753","1":"product","2":"type-product","3":"status-publish","4":"has-post-thumbnail","6":"product_cat-vong-da-thach-anh","7":"product_cat-menh-hoa","8":"product_cat-menh-kim","9":"product_cat-menh-tho","11":"first","12":"instock","13":"shipping-taxable","14":"purchasable","15":"product-type-variable"},"acf":[],"_links":{"self":[{"href":"https:\/\/daphongthuysoluna.vn\/en\/wp-json\/wp\/v2\/product\/753","targetHints":{"allow":["GET"]}}],"collection":[{"href":"https:\/\/daphongthuysoluna.vn\/en\/wp-json\/wp\/v2\/product"}],"about":[{"href":"https:\/\/daphongthuysoluna.vn\/en\/wp-json\/wp\/v2\/types\/product"}],"replies":[{"embeddable":true,"href":"https:\/\/daphongthuysoluna.vn\/en\/wp-json\/wp\/v2\/comments?post=753"}],"wp:featuredmedia":[{"embeddable":true,"href":"https:\/\/daphongthuysoluna.vn\/en\/wp-json\/wp\/v2\/media\/1427"}],"wp:attachment":[{"href":"https:\/\/daphongthuysoluna.vn\/en\/wp-json\/wp\/v2\/media?parent=753"}],"wp:term":[{"taxonomy":"product_brand","embeddable":true,"href":"https:\/\/daphongthuysoluna.vn\/en\/wp-json\/wp\/v2\/product_brand?post=753"},{"taxonomy":"product_cat","embeddable":true,"href":"https:\/\/daphongthuysoluna.vn\/en\/wp-json\/wp\/v2\/product_cat?post=753"},{"taxonomy":"product_tag","embeddable":true,"href":"https:\/\/daphongthuysoluna.vn\/en\/wp-json\/wp\/v2\/product_tag?post=753"}],"curies":[{"name":"wp","href":"https:\/\/api.w.org\/{rel}","templated":true}]}}