{"id":762,"date":"2025-11-09T22:45:23","date_gmt":"2025-11-09T15:45:23","guid":{"rendered":"https:\/\/daphongthuysoluna.vn\/?post_type=product&#038;p=762"},"modified":"2026-01-10T20:09:27","modified_gmt":"2026-01-10T13:09:27","slug":"vong-da-thach-anh-toc-do","status":"publish","type":"product","link":"https:\/\/daphongthuysoluna.vn\/en\/product\/vong-da-thach-anh-toc-do\/","title":{"rendered":"V\u00f2ng \u0110\u00e1 Th\u1ea1ch Anh T\u00f3c \u0110\u1ecf &#8211; H\u1ee3p M\u1ec7nh H\u1ecfa, Th\u1ed5 &#8211; T\u1eb7ng T\u00fai \u0110\u00e1 Th\u1ea1ch Anh"},"content":{"rendered":"<h1 data-path-to-node=\"16\"><span style=\"color: #d3af34;\"><b data-path-to-node=\"16\" data-index-in-node=\"0\"> V\u00f2ng Th\u1ea1ch Anh T\u00f3c \u0110\u1ecf T\u1ef1 Nhi\u00ean \u2013 Bi\u1ec3u T\u01b0\u1ee3ng C\u1ee7a May M\u1eafn, S\u1ee9c Kh\u1ecfe &amp; S\u1ef1 Quy\u1ebfn R\u0169<\/b><\/span><\/h1>\n<p data-path-to-node=\"17\">B\u1ea1n \u0111ang t\u00ecm ki\u1ebfm m\u1ed9t m\u00f3n trang s\u1ee9c v\u1eeba mang n\u00e9t \u0111\u1eb9p sang tr\u1ecdng, v\u1eeba ch\u1ee9a \u0111\u1ef1ng ngu\u1ed3n n\u0103ng l\u01b0\u1ee3ng m\u1ea1nh m\u1ebd \u0111\u1ec3 c\u1ea3i thi\u1ec7n v\u1eadn may? <b data-path-to-node=\"17\" data-index-in-node=\"126\">V\u00f2ng Th\u1ea1ch Anh T\u00f3c \u0110\u1ecf<\/b> ch\u00ednh l\u00e0 &#8220;l\u00e1 b\u00f9a h\u1ed9 m\u1ec7nh&#8221; ho\u00e0n h\u1ea3o d\u00e0nh ri\u00eang cho b\u1ea1n.<\/p>\n<h2 data-path-to-node=\"18\"><span style=\"color: #d3af34;\"><b data-path-to-node=\"18\" data-index-in-node=\"0\">Th\u1ea1ch Anh T\u00f3c \u0110\u1ecf l\u00e0 g\u00ec? <\/b><\/span><\/h2>\n<p data-path-to-node=\"18\"><strong>Th\u1ea1ch Anh T\u00f3c \u0110\u1ecf<\/strong> (Rutilated Quartz) l\u00e0 lo\u1ea1i \u0111\u00e1 qu\u00fd hi\u1ebfm nh\u1ea5t trong d\u00f2ng h\u1ecd th\u1ea1ch anh. B\u00ean trong nh\u1eefng vi\u00ean \u0111\u00e1 trong veo l\u00e0 c\u00e1c s\u1ee3i tinh th\u1ec3 Rutile m\u00e0u \u0111\u1ecf r\u1ef1c r\u1ee1 nh\u01b0 nh\u1eefng s\u1ee3i t\u00f3c c\u1ee7a n\u1eef th\u1ea7n Venus. Tr\u1ea3i qua h\u00e0ng tri\u1ec7u n\u0103m h\u00ecnh th\u00e0nh d\u01b0\u1edbi l\u00f2ng \u0111\u1ea5t, m\u1ed7i vi\u00ean \u0111\u00e1 \u0111\u1ec1u t\u00edch t\u1ee5 linh kh\u00ed c\u1ee7a tr\u1eddi \u0111\u1ea5t, mang ngu\u1ed3n n\u0103ng l\u01b0\u1ee3ng t\u1eeb tr\u01b0\u1eddng c\u1ef1c cao<\/p>\n<p data-path-to-node=\"18\"><img loading=\"lazy\" decoding=\"async\" class=\"alignnone wp-image-1450 size-medium\" src=\"https:\/\/daphongthuysoluna.vn\/wp-content\/uploads\/2025\/11\/da-thach-anh-toc-do2-300x300.jpg\" alt=\"v\u00f2ng \u0111\u00e1 th\u1ea1ch anh t\u00f3c \u0111\u1ecf\" width=\"300\" height=\"300\" srcset=\"https:\/\/daphongthuysoluna.vn\/wp-content\/uploads\/2025\/11\/da-thach-anh-toc-do2-300x300.jpg 300w, https:\/\/daphongthuysoluna.vn\/wp-content\/uploads\/2025\/11\/da-thach-anh-toc-do2-247x247.jpg 247w, https:\/\/daphongthuysoluna.vn\/wp-content\/uploads\/2025\/11\/da-thach-anh-toc-do2-100x100.jpg 100w, https:\/\/daphongthuysoluna.vn\/wp-content\/uploads\/2025\/11\/da-thach-anh-toc-do2-510x510.jpg 510w, https:\/\/daphongthuysoluna.vn\/wp-content\/uploads\/2025\/11\/da-thach-anh-toc-do2-150x150.jpg 150w, https:\/\/daphongthuysoluna.vn\/wp-content\/uploads\/2025\/11\/da-thach-anh-toc-do2.jpg 600w\" sizes=\"auto, (max-width: 300px) 100vw, 300px\" \/><\/p>\n<h2 data-path-to-node=\"19\"><span style=\"color: #d3af34;\"><b data-path-to-node=\"19\" data-index-in-node=\"0\">C\u00f4ng d\u1ee5ng v\u01b0\u1ee3t tr\u1ed9i cho ng\u01b0\u1eddi s\u1edf h\u1eefu <\/b><\/span><\/h2>\n<p data-path-to-node=\"19\">\u00a0Kh\u00f4ng ch\u1ec9 l\u00e0 trang s\u1ee9c, V\u00f2ng Th\u1ea1ch Anh T\u00f3c \u0110\u1ecf c\u00f2n l\u00e0 ng\u01b0\u1eddi b\u1ea1n \u0111\u1ed3ng h\u00e0nh cho s\u1ee9c kh\u1ecfe v\u00e0 t\u00e2m tr\u00ed:<\/p>\n<ul data-path-to-node=\"20\">\n<li>\n<p data-path-to-node=\"20,0,0\"><b data-path-to-node=\"20,0,0\" data-index-in-node=\"0\">H\u1ed7 tr\u1ee3 s\u1ee9c kh\u1ecfe ph\u00e1i \u0111\u1eb9p:<\/b> N\u0103ng l\u01b0\u1ee3ng t\u1eeb \u0111\u00e1 gi\u00fap \u0111i\u1ec1u h\u00f2a kh\u00ed huy\u1ebft, h\u1ed7 tr\u1ee3 c\u00e1c v\u1ea5n \u0111\u1ec1 v\u1ec1 ph\u1ee5 khoa v\u00e0 mang l\u1ea1i gi\u1ea5c ng\u1ee7 s\u00e2u, an y\u00ean.<\/p>\n<\/li>\n<li>\n<p data-path-to-node=\"20,1,0\"><b data-path-to-node=\"20,1,0\" data-index-in-node=\"0\">Kh\u01a1i d\u1eady \u0111am m\u00ea &amp; t\u1ef1 tin:<\/b> M\u00e0u \u0111\u1ecf \u0111\u1ea1i di\u1ec7n cho l\u1eeda. \u0110eo v\u00f2ng gi\u00fap b\u1ea1n lu\u00f4n tr\u00e0n \u0111\u1ea7y nhi\u1ec7t huy\u1ebft, t\u0103ng kh\u1ea3 n\u0103ng s\u00e1ng t\u1ea1o v\u00e0 s\u1ef1 quy\u1ebft \u0111o\u00e1n trong c\u00f4ng vi\u1ec7c.<\/p>\n<\/li>\n<li>\n<p data-path-to-node=\"20,2,0\"><b data-path-to-node=\"20,2,0\" data-index-in-node=\"0\">Chi\u00eau t\u00e0i l\u1ed9c, gi\u1eef b\u00ecnh an:<\/b> Trong phong th\u1ee7y, c\u00e1c s\u1ee3i t\u00f3c \u0111\u1ecf c\u00f3 kh\u1ea3 n\u0103ng h\u1ea5p th\u1ee5 n\u0103ng l\u01b0\u1ee3ng ti\u00eau c\u1ef1c, xua \u0111u\u1ed5i t\u00e0 kh\u00ed v\u00e0 thu h\u00fat nh\u1eefng c\u01a1 h\u1ed9i kinh doanh thu\u1eadn l\u1ee3i.<\/p>\n<\/li>\n<\/ul>\n<h2 data-path-to-node=\"21\"><b data-path-to-node=\"21\" data-index-in-node=\"0\"><span style=\"color: #d3af34;\">V\u00f2ng Th\u1ea1ch Anh T\u00f3c \u0110\u1ecf h\u1ee3p m\u1ec7nh n\u00e0o?<\/span>\u00a0<\/b><\/h2>\n<p data-path-to-node=\"21\">D\u1ef1a tr\u00ean quy lu\u1eadt Ng\u0169 h\u00e0nh, s\u1eafc \u0111\u1ecf r\u1ef1c r\u1ee1 c\u1ee7a v\u00f2ng l\u00e0 m\u00e0u b\u1ea3n m\u1ec7nh v\u00e0 t\u01b0\u01a1ng sinh tuy\u1ec7t v\u1eddi cho:<\/p>\n<ul data-path-to-node=\"22\">\n<li>\n<p data-path-to-node=\"22,0,0\"><b data-path-to-node=\"22,0,0\" data-index-in-node=\"0\">Ng\u01b0\u1eddi m\u1ec7nh H\u1ecfa:<\/b> Gi\u00fap c\u00e2n b\u1eb1ng c\u1ea3m x\u00fac, gia t\u0103ng s\u1ef1 may m\u1eafn v\u00e0 quy\u1ec1n l\u1ef1c.<\/p>\n<\/li>\n<li>\n<p data-path-to-node=\"22,1,0\"><b data-path-to-node=\"22,1,0\" data-index-in-node=\"0\">Ng\u01b0\u1eddi m\u1ec7nh Th\u1ed5:<\/b> H\u1ecfa sinh Th\u1ed5 mang l\u1ea1i s\u1ef1 che ch\u1edf, gi\u00fap s\u1ef1 nghi\u1ec7p v\u1eefng ch\u00e3i nh\u01b0 n\u00fai, ti\u1ec1n t\u00e0i th\u0103ng ti\u1ebfn.<img loading=\"lazy\" decoding=\"async\" class=\"wp-image-1451 size-medium alignnone\" src=\"https:\/\/daphongthuysoluna.vn\/wp-content\/uploads\/2025\/11\/da-thach-anh-toc-do1-300x300.jpg\" alt=\"v\u00f2ng \u0111\u00e1 th\u1ea1ch anh t\u00f3c \u0111\u1ecf\" width=\"300\" height=\"300\" srcset=\"https:\/\/daphongthuysoluna.vn\/wp-content\/uploads\/2025\/11\/da-thach-anh-toc-do1-300x300.jpg 300w, https:\/\/daphongthuysoluna.vn\/wp-content\/uploads\/2025\/11\/da-thach-anh-toc-do1-247x247.jpg 247w, https:\/\/daphongthuysoluna.vn\/wp-content\/uploads\/2025\/11\/da-thach-anh-toc-do1-100x100.jpg 100w, https:\/\/daphongthuysoluna.vn\/wp-content\/uploads\/2025\/11\/da-thach-anh-toc-do1-510x510.jpg 510w, https:\/\/daphongthuysoluna.vn\/wp-content\/uploads\/2025\/11\/da-thach-anh-toc-do1-150x150.jpg 150w, https:\/\/daphongthuysoluna.vn\/wp-content\/uploads\/2025\/11\/da-thach-anh-toc-do1.jpg 600w\" sizes=\"auto, (max-width: 300px) 100vw, 300px\" \/><\/p>\n<\/li>\n<\/ul>\n<h2 data-path-to-node=\"23\"><span style=\"color: #d3af34;\"><b data-path-to-node=\"23\" data-index-in-node=\"0\">T\u1ea1i sao b\u1ea1n n\u00ean ch\u1ecdn s\u1ea3n ph\u1ea9m c\u1ee7a ch\u00fang t\u00f4i?\u00a0<\/b><\/span><\/h2>\n<p data-path-to-node=\"23\">Gi\u1eefa th\u1ecb tr\u01b0\u1eddng th\u1eadt gi\u1ea3 l\u1eabn l\u1ed9n, <b data-path-to-node=\"23\" data-index-in-node=\"84\">\u0110\u00e1 Phong Th\u1ee7y SOLUNA<\/b>\u00a0cam k\u1ebft mang \u0111\u1ebfn gi\u00e1 tr\u1ecb th\u1ef1c:<\/p>\n<ol start=\"1\" data-path-to-node=\"24\">\n<li>\n<p data-path-to-node=\"24,0,0\"><b data-path-to-node=\"24,0,0\" data-index-in-node=\"0\">\u0110\u00e1 t\u1ef1 nhi\u00ean 100%:<\/b> Cam k\u1ebft \u0111\u00e1 th\u1eadt, ho\u00e0n ti\u1ec1n 100% n\u1ebfu kh\u00f4ng ph\u1ea3i \u0111\u00e1 t\u1ef1 nhi\u00ean<\/p>\n<\/li>\n<li>\n<p data-path-to-node=\"24,1,0\"><b data-path-to-node=\"24,1,0\" data-index-in-node=\"0\">Ch\u1ea5t l\u01b0\u1ee3ng tuy\u1ec3n ch\u1ecdn:<\/b> T\u00f3c \u0111\u1ecf d\u00e0y, n\u01b0\u1edbc \u0111\u00e1 trong veo, hi\u1ec7u \u1ee9ng \u00e1nh kim l\u1ea5p l\u00e1nh khi ra n\u1eafng.<\/p>\n<\/li>\n<li>\n<p data-path-to-node=\"24,2,0\"><b data-path-to-node=\"24,2,0\" data-index-in-node=\"0\">B\u1ea3o h\u00e0nh tr\u1ecdn \u0111\u1eddi:<\/b> Thay d\u00e2y mi\u1ec5n ph\u00ed, \u0111\u00e1nh b\u00f3ng l\u00e0m m\u1edbi tr\u1ecdn \u0111\u1eddi.<\/p>\n<\/li>\n<li>\n<p data-path-to-node=\"24,3,0\"><b data-path-to-node=\"24,3,0\" data-index-in-node=\"0\">Thanh to\u00e1n an t\u00e2m:<\/b> \u0110\u01b0\u1ee3c ki\u1ec3m tra h\u00e0ng tr\u01b0\u1edbc khi nh\u1eadn, \u0111\u1ed5i tr\u1ea3 trong 7 ng\u00e0y n\u1ebfu kh\u00f4ng \u01b0ng \u00fd.<\/p>\n<\/li>\n<\/ol>\n<blockquote data-path-to-node=\"25\">\n<p data-path-to-node=\"25,0\"><b data-path-to-node=\"25,0\" data-index-in-node=\"0\">\u01afu \u0111\u00e3i \u0111\u1eb7c bi\u1ec7t:<\/b> T\u1eb7ng k\u00e8m t\u00fai <strong>\u0111\u00e1 th\u1ea1ch anh v\u1ee5n<\/strong> khi \u0111\u1eb7t h\u00e0ng ngay h\u00f4m nay!<\/p>\n<\/blockquote>","protected":false},"excerpt":{"rendered":"<ul>\n<li><strong>K\u00edch th\u01b0\u1edbc:\u00a0<\/strong>t\u1eeb 6-12 mm<\/li>\n<li><strong>Ch\u1ea5t li\u1ec7u: <\/strong>\u0110\u00e1 Th\u1ea1ch Anh T\u00f3c \u0110\u1ecf t\u1ef1 nhi\u00ean<\/li>\n<li><strong>H\u1ee3p m\u1ec7nh: <\/strong><span style=\"color: #ed1c24;\">M\u1ec7nh H\u1ecfa<\/span>,\u00a0<span style=\"color: #993300;\">M\u1ec7nh Th\u1ed5.<\/span><\/li>\n<li><strong>Cam k\u1ebft Ho\u00e0n Ti\u1ec1n<\/strong>\u00a0n\u1ebfu s\u1ea3n ph\u1ea9m kh\u00f4ng ph\u1ea3i \u0111\u00e1 thi\u00ean nhi\u00ean th\u1eadt.<\/li>\n<li><strong>T\u1eb7ng k\u00e8m 01 t\u00fai \u0111\u00e1 th\u1ea1ch anh v\u1ee5n<br \/>\n<\/strong><\/li>\n<li><strong>Li\u00ean h\u1ec7 t\u01b0 v\u1ea5n:<\/strong> 0345 838 101<\/li>\n<\/ul>\n<p>&nbsp;<\/p>","protected":false},"featured_media":1449,"comment_status":"open","ping_status":"closed","template":"","meta":{"_acf_changed":false},"product_brand":[],"product_cat":[20,101,102],"product_tag":[],"class_list":{"0":"post-762","1":"product","2":"type-product","3":"status-publish","4":"has-post-thumbnail","6":"product_cat-vong-da-thach-anh","7":"product_cat-menh-hoa","8":"product_cat-menh-tho","10":"first","11":"instock","12":"shipping-taxable","13":"purchasable","14":"product-type-variable"},"acf":[],"_links":{"self":[{"href":"https:\/\/daphongthuysoluna.vn\/en\/wp-json\/wp\/v2\/product\/762","targetHints":{"allow":["GET"]}}],"collection":[{"href":"https:\/\/daphongthuysoluna.vn\/en\/wp-json\/wp\/v2\/product"}],"about":[{"href":"https:\/\/daphongthuysoluna.vn\/en\/wp-json\/wp\/v2\/types\/product"}],"replies":[{"embeddable":true,"href":"https:\/\/daphongthuysoluna.vn\/en\/wp-json\/wp\/v2\/comments?post=762"}],"wp:featuredmedia":[{"embeddable":true,"href":"https:\/\/daphongthuysoluna.vn\/en\/wp-json\/wp\/v2\/media\/1449"}],"wp:attachment":[{"href":"https:\/\/daphongthuysoluna.vn\/en\/wp-json\/wp\/v2\/media?parent=762"}],"wp:term":[{"taxonomy":"product_brand","embeddable":true,"href":"https:\/\/daphongthuysoluna.vn\/en\/wp-json\/wp\/v2\/product_brand?post=762"},{"taxonomy":"product_cat","embeddable":true,"href":"https:\/\/daphongthuysoluna.vn\/en\/wp-json\/wp\/v2\/product_cat?post=762"},{"taxonomy":"product_tag","embeddable":true,"href":"https:\/\/daphongthuysoluna.vn\/en\/wp-json\/wp\/v2\/product_tag?post=762"}],"curies":[{"name":"wp","href":"https:\/\/api.w.org\/{rel}","templated":true}]}}