{"id":799,"date":"2025-12-01T04:37:29","date_gmt":"2025-11-30T21:37:29","guid":{"rendered":"https:\/\/daphongthuysoluna.vn\/?post_type=product&#038;p=799"},"modified":"2025-12-19T00:11:36","modified_gmt":"2025-12-18T17:11:36","slug":"qua-cau-thach-anh-tim","status":"publish","type":"product","link":"https:\/\/daphongthuysoluna.vn\/en\/product\/qua-cau-thach-anh-tim\/","title":{"rendered":"Qu\u1ea3 c\u1ea7u Th\u1ea1ch Anh T\u00edm"},"content":{"rendered":"<h2><b>Qu\u1ea3 C\u1ea7u Th\u1ea1ch Anh T\u00edm: &#8220;B\u1ea3o B\u1ed1i&#8221; Khai M\u1edf Tr\u1ef1c Gi\u00e1c &amp; Thanh L\u1ecdc Phi\u1ec1n Mu\u1ed9n<\/b><\/h2>\n<p><span style=\"font-weight: 400;\">B\u1ea1n c\u00f3 \u0111ang t\u00ecm ki\u1ebfm m\u1ed9t ngu\u1ed3n n\u0103ng l\u01b0\u1ee3ng gi\u00fap t\u00e2m tr\u00ed t\u0129nh l\u1eb7ng, khai m\u1edf tr\u1ef1c gi\u00e1c s\u00e1ng t\u1ea1o, v\u00e0 c\u00f3 \u0111\u01b0\u1ee3c gi\u1ea5c ng\u1ee7 s\u00e2u, an l\u00e0nh?<\/span><\/p>\n<p><b>Qu\u1ea3 C\u1ea7u Th\u1ea1ch Anh T\u00edm (Amethyst)<\/b><span style=\"font-weight: 400;\"> kh\u00f4ng ch\u1ec9 s\u1edf h\u1eefu v\u1ebb \u0111\u1eb9p huy\u1ec1n b\u00ed, m\u00e0 c\u00f2n l\u00e0 <\/span><b>&#8220;Vi\u00ean \u0110\u00e1 B\u00ecnh An&#8221;<\/b><span style=\"font-weight: 400;\"> \u2013 bi\u1ec3u t\u01b0\u1ee3ng t\u1ed1i th\u01b0\u1ee3ng c\u1ee7a s\u1ef1 kh\u00f4n ngoan, tr\u00ed tu\u1ec7 v\u00e0 n\u0103ng l\u01b0\u1ee3ng ch\u1eefa l\u00e0nh tinh th\u1ea7n. N\u1ebfu b\u1ea1n \u0111ang c\u1ea7n m\u1ed9t v\u1eadt ph\u1ea9m gi\u00fap xua tan c\u0103ng th\u1eb3ng, k\u1ebft n\u1ed1i s\u00e2u s\u1eafc v\u1edbi b\u1ea3n th\u00e2n v\u00e0 t\u0103ng c\u01b0\u1eddng kh\u1ea3 n\u0103ng s\u00e1ng t\u1ea1o, \u0111\u00e2y ch\u00ednh l\u00e0 l\u1ef1a ch\u1ecdn ho\u00e0n h\u1ea3o. H\u00ecnh d\u1ea1ng c\u1ea7u tr\u00f2n c\u1ee7a v\u1eadt ph\u1ea9m gi\u00fap lan t\u1ecfa n\u0103ng l\u01b0\u1ee3ng thanh t\u1ea9y, \u00eam d\u1ecbu ra to\u00e0n b\u1ed9 kh\u00f4ng gian.<\/span><\/p>\n<p>&nbsp;<\/p>\n<h3><b>1. \u0110\u1eb7c T\u00ednh N\u0103ng L\u01b0\u1ee3ng \u0110\u1ed9c \u0110\u00e1o<\/b><\/h3>\n<ul>\n<li style=\"font-weight: 400;\" aria-level=\"1\"><b>N\u0103ng L\u01b0\u1ee3ng Thanh L\u1ecdc Tinh Th\u1ea7n:<\/b><span style=\"font-weight: 400;\"> S\u1eafc t\u00edm qu\u00fd ph\u00e1i, huy\u1ec1n b\u00ed t\u01b0\u1ee3ng tr\u01b0ng cho t\u00e2m linh, tr\u00ed tu\u1ec7 v\u00e0 s\u1ef1 t\u0129nh l\u1eb7ng. Th\u1ea1ch Anh T\u00edm ph\u00e1t ra t\u1ea7n s\u1ed1 cao, c\u00f3 kh\u1ea3 n\u0103ng h\u00f3a gi\u1ea3i n\u0103ng l\u01b0\u1ee3ng ti\u00eau c\u1ef1c (t\u1ea1p kh\u00ed) m\u1ea1nh m\u1ebd nh\u1ea5t trong c\u00e1c lo\u1ea1i th\u1ea1ch anh.<\/span><\/li>\n<li style=\"font-weight: 400;\" aria-level=\"1\"><b>Khai M\u1edf Lu\u00e2n Xa V\u01b0\u01a1ng Mi\u1ec7n:<\/b><span style=\"font-weight: 400;\"> \u0110\u00e2y l\u00e0 v\u1eadt ph\u1ea9m tr\u1ef1c ti\u1ebfp t\u00e1c \u0111\u1ed9ng l\u00ean Lu\u00e2n Xa V\u01b0\u01a1ng Mi\u1ec7n (Crown Chakra) v\u00e0 Lu\u00e2n Xa Con M\u1eaft Th\u1ee9 Ba, gi\u00fap t\u0103ng c\u01b0\u1eddng tr\u1ef1c gi\u00e1c, s\u1ef1 minh tri\u1ebft v\u00e0 kh\u1ea3 n\u0103ng t\u1eadp trung.<\/span><\/li>\n<li style=\"font-weight: 400;\" aria-level=\"1\"><b>Cam K\u1ebft T\u1ef1 Nhi\u00ean Tuy\u1ec7t \u0110\u1ed1i:<\/b><span style=\"font-weight: 400;\"> \u0110\u00e1 \u0111\u01b0\u1ee3c t\u1ea1c t\u1eeb tinh th\u1ec3 SiO2 t\u1ef1 nhi\u00ean 100%. S\u1ef1 qu\u00fd gi\u00e1 n\u1eb1m \u1edf \u0111\u1ed9 s\u00e2u v\u00e0 s\u1eafc t\u00edm t\u1ef1 nhi\u00ean, c\u00e0ng \u0111\u1eadm c\u00e0ng mang n\u0103ng l\u01b0\u1ee3ng ch\u1eefa l\u00e0nh m\u1ea1nh m\u1ebd.<\/span><\/li>\n<\/ul>\n<h3><b>2. C\u00f4ng D\u1ee5ng &#8220;An \u0110\u1ecbnh T\u00e2m Tr\u00ed&#8221; &amp; Ph\u00e1t Tri\u1ec3n Tr\u00ed Tu\u1ec7<\/b><\/h3>\n<ul>\n<li style=\"font-weight: 400;\" aria-level=\"1\"><b>Ch\u1eefa L\u00e0nh C\u1ea3m X\u00fac &amp; Gi\u1ea3m C\u0103ng Th\u1eb3ng:<\/b><span style=\"font-weight: 400;\"> Th\u1ea1ch Anh T\u00edm ho\u1ea1t \u0111\u1ed9ng nh\u01b0 m\u1ed9t &#8220;li\u1ec1u thu\u1ed1c an th\u1ea7n&#8221; t\u1ef1 nhi\u00ean. Gi\u00fap xoa d\u1ecbu n\u1ed7i lo \u00e2u, c\u01a1n gi\u1eadn d\u1eef, c\u0103ng th\u1eb3ng, mang l\u1ea1i c\u1ea3m gi\u00e1c b\u00ecnh y\u00ean, c\u00e2n b\u1eb1ng c\u1ea3m x\u00fac.<\/span><\/li>\n<li style=\"font-weight: 400;\" aria-level=\"1\"><b>H\u1ed7 Tr\u1ee3 Gi\u1ea5c Ng\u1ee7 S\u00e2u &amp; Ng\u0103n Ng\u1eeba \u00c1c M\u1ed9ng:<\/b><span style=\"font-weight: 400;\"> N\u0103ng l\u01b0\u1ee3ng \u00eam d\u1ecbu \u0111\u1eb7t g\u1ea7n gi\u01b0\u1eddng ng\u1ee7 gi\u00fap th\u01b0 gi\u00e3n th\u1ea7n kinh, c\u1ea3i thi\u1ec7n ch\u1ea5t l\u01b0\u1ee3ng gi\u1ea5c ng\u1ee7, v\u00e0 b\u1ea3o v\u1ec7 b\u1ea1n kh\u1ecfi n\u0103ng l\u01b0\u1ee3ng ti\u00eau c\u1ef1c trong khi ng\u1ee7.<\/span><\/li>\n<li style=\"font-weight: 400;\" aria-level=\"1\"><b>T\u0103ng C\u01b0\u1eddng Tr\u00ed Tu\u1ec7 &amp; S\u00e1ng T\u1ea1o:<\/b><span style=\"font-weight: 400;\"> Th\u00edch h\u1ee3p cho h\u1ecdc sinh, sinh vi\u00ean, ng\u01b0\u1eddi l\u00e0m s\u00e1ng t\u1ea1o ho\u1eb7c nghi\u00ean c\u1ee9u. Gi\u00fap t\u0103ng kh\u1ea3 n\u0103ng t\u1eadp trung, ghi nh\u1edb v\u00e0 kh\u01a1i ngu\u1ed3n c\u1ea3m h\u1ee9ng m\u1edbi m\u1ebb.<\/span><\/li>\n<\/ul>\n<h3><b>3. V\u1ecb Tr\u00ed \u0110\u1eb7t T\u1ed1i \u01afu<\/b><\/h3>\n<ul>\n<li style=\"font-weight: 400;\" aria-level=\"1\"><b>\u0110\u1ea7u Gi\u01b0\u1eddng\/B\u00e0n Trang \u0110i\u1ec3m:<\/b><span style=\"font-weight: 400;\"> V\u1ecb tr\u00ed t\u1ed1t nh\u1ea5t \u0111\u1ec3 h\u1ed7 tr\u1ee3 gi\u1ea5c ng\u1ee7 s\u00e2u, b\u00ecnh y\u00ean v\u00e0 gi\u1eef cho tinh th\u1ea7n lu\u00f4n th\u01b0 th\u00e1i.<\/span><\/li>\n<li style=\"font-weight: 400;\" aria-level=\"1\"><b>B\u00e0n L\u00e0m Vi\u1ec7c\/Ph\u00f2ng H\u1ecdc:<\/b><span style=\"font-weight: 400;\"> \u0110\u1eb7t \u1edf v\u1ecb tr\u00ed trung t\u00e2m \u0111\u1ec3 t\u0103ng c\u01b0\u1eddng s\u1ef1 t\u1eadp trung, minh m\u1eabn v\u00e0 kh\u1ea3 n\u0103ng s\u00e1ng t\u1ea1o.<\/span><\/li>\n<li style=\"font-weight: 400;\" aria-level=\"1\"><b>Ph\u00f2ng Thi\u1ec1n\/Ph\u00f2ng Kh\u00e1ch:<\/b><span style=\"font-weight: 400;\"> Gi\u00fap thanh l\u1ecdc kh\u00f4ng kh\u00ed, t\u1ea1o ra m\u1ed9t tr\u01b0\u1eddng n\u0103ng l\u01b0\u1ee3ng t\u0129nh l\u1eb7ng, h\u1ed7 tr\u1ee3 thi\u1ec1n \u0111\u1ecbnh v\u00e0 k\u1ebft n\u1ed1i t\u00e2m linh.<\/span><\/li>\n<li style=\"font-weight: 400;\" aria-level=\"1\"><b>H\u1ee3p M\u1ec7nh:<\/b><span style=\"font-weight: 400;\"> \u0110\u1eb7c bi\u1ec7t ph\u00f9 h\u1ee3p cho ng\u01b0\u1eddi M\u1ec7nh H\u1ecfa (T\u01b0\u01a1ng Sinh) v\u00e0 M\u1ec7nh Th\u1ed5 (T\u01b0\u01a1ng H\u1ee3p).<\/span><\/li>\n<\/ul>\n<p>&nbsp;<\/p>","protected":false},"excerpt":{"rendered":"<div><strong>Ch\u1ea5t li\u1ec7u v\u00e0 ho\u00e0n thi\u1ec7n: <\/strong>t\u1ef1 nhi\u00ean 100%, c\u00f3 c\u00f4ng th\u1ee9c SiO2. S\u1eafc t\u00edm qu\u00fd ph\u00e1i, huy\u1ec1n b\u00ed (s\u1eafc t\u00edm c\u00e0ng \u0111\u1eadm n\u0103ng l\u01b0\u1ee3ng c\u00e0ng m\u1ea1nh). Ho\u00e0n thi\u1ec7n d\u1ea1ng Qu\u1ea3 C\u1ea7u (tr\u00f2n \u0111\u1ea7y) gi\u00fap n\u0103ng l\u01b0\u1ee3ng thanh t\u1ea9y v\u00e0 \u00eam d\u1ecbu \u0111\u01b0\u1ee3c lan t\u1ecfa h\u00e0i h\u00f2a ra to\u00e0n b\u1ed9 kh\u00f4ng gian<\/div>\n<div><\/div>\n<div><strong>K\u00edch th\u01b0\u1edbc: <\/strong>\u0110a d\u1ea1ng k\u00edch th\u01b0\u1edbc<\/div>\n<div><\/div>\n<div><strong>\u00dd ngh\u0129a: <\/strong>Ho\u1ea1t \u0111\u1ed9ng nh\u01b0 &#8220;li\u1ec1u thu\u1ed1c an th\u1ea7n&#8221; t\u1ef1 nhi\u00ean, gi\u00fap xoa d\u1ecbu lo \u00e2u, c\u0103ng th\u1eb3ng, mang l\u1ea1i c\u1ea3m gi\u00e1c b\u00ecnh y\u00ean. Khai M\u1edf Tr\u00ed Tu\u1ec7: T\u00e1c \u0111\u1ed9ng l\u00ean Lu\u00e2n Xa V\u01b0\u01a1ng Mi\u1ec7n v\u00e0 Lu\u00e2n Xa Con M\u1eaft Th\u1ee9 Ba, t\u0103ng c\u01b0\u1eddng tr\u1ef1c gi\u00e1c, s\u1ef1 minh tri\u1ebft, kh\u1ea3 n\u0103ng t\u1eadp trung, s\u00e1ng t\u1ea1o. B\u1ea3o V\u1ec7 Gi\u1ea5c Ng\u1ee7: H\u1ed7 tr\u1ee3 gi\u1ea5c ng\u1ee7 s\u00e2u, an l\u00e0nh v\u00e0 ng\u0103n ng\u1eeba \u00e1c m\u1ed9ng. Phong th\u1ee7y: H\u1ee3p M\u1ec7nh H\u1ecfa (T\u01b0\u01a1ng Sinh) v\u00e0 M\u1ec7nh Th\u1ed5 (T\u01b0\u01a1ng H\u1ee3p).<\/div>\n<div><\/div>\n<div><strong>C\u00e1ch s\u1eed d\u1ee5ng: <\/strong>\u0110\u1eb7t t\u1ea1i \u0110\u1ea7u Gi\u01b0\u1eddng ho\u1eb7c B\u00e0n Trang \u0110i\u1ec3m. T\u0103ng Tr\u00ed Tu\u1ec7: \u0110\u1eb7t \u1edf v\u1ecb tr\u00ed trung t\u00e2m B\u00e0n L\u00e0m Vi\u1ec7c\/Ph\u00f2ng H\u1ecdc \u0111\u1ec3 t\u0103ng kh\u1ea3 n\u0103ng t\u1eadp trung, ghi nh\u1edb.\u00a0\u0110\u1eb7t t\u1ea1i Ph\u00f2ng Thi\u1ec1n\/Ph\u00f2ng Kh\u00e1ch \u0111\u1ec3 t\u1ea1o tr\u01b0\u1eddng n\u0103ng l\u01b0\u1ee3ng t\u0129nh l\u1eb7ng.<\/div>","protected":false},"featured_media":1476,"comment_status":"open","ping_status":"closed","template":"","meta":{"_acf_changed":false},"product_brand":[],"product_cat":[56],"product_tag":[],"class_list":{"0":"post-799","1":"product","2":"type-product","3":"status-publish","4":"has-post-thumbnail","6":"product_cat-qua-cau-thach-anh","8":"first","9":"instock","10":"shipping-taxable","11":"product-type-simple"},"acf":[],"_links":{"self":[{"href":"https:\/\/daphongthuysoluna.vn\/en\/wp-json\/wp\/v2\/product\/799","targetHints":{"allow":["GET"]}}],"collection":[{"href":"https:\/\/daphongthuysoluna.vn\/en\/wp-json\/wp\/v2\/product"}],"about":[{"href":"https:\/\/daphongthuysoluna.vn\/en\/wp-json\/wp\/v2\/types\/product"}],"replies":[{"embeddable":true,"href":"https:\/\/daphongthuysoluna.vn\/en\/wp-json\/wp\/v2\/comments?post=799"}],"wp:featuredmedia":[{"embeddable":true,"href":"https:\/\/daphongthuysoluna.vn\/en\/wp-json\/wp\/v2\/media\/1476"}],"wp:attachment":[{"href":"https:\/\/daphongthuysoluna.vn\/en\/wp-json\/wp\/v2\/media?parent=799"}],"wp:term":[{"taxonomy":"product_brand","embeddable":true,"href":"https:\/\/daphongthuysoluna.vn\/en\/wp-json\/wp\/v2\/product_brand?post=799"},{"taxonomy":"product_cat","embeddable":true,"href":"https:\/\/daphongthuysoluna.vn\/en\/wp-json\/wp\/v2\/product_cat?post=799"},{"taxonomy":"product_tag","embeddable":true,"href":"https:\/\/daphongthuysoluna.vn\/en\/wp-json\/wp\/v2\/product_tag?post=799"}],"curies":[{"name":"wp","href":"https:\/\/api.w.org\/{rel}","templated":true}]}}